{"id":97841,"date":"2020-06-29T22:39:18","date_gmt":"2020-06-29T20:39:18","guid":{"rendered":"https:\/\/www.vetorino.com\/boutique\/product\/humiderm-2\/"},"modified":"2025-06-23T09:41:28","modified_gmt":"2025-06-23T07:41:28","slug":"humiderm-2","status":"publish","type":"product","link":"https:\/\/www.vetorino.com\/veterinaire\/mandreslesroses-94520\/boutique\/product\/humiderm-2\/","title":{"rendered":"Lotion hydratante Humiderm"},"content":{"rendered":"<p>Le spray<strong> Virbac Humiderm<\/strong> est un soin hydratant pour chien et chats, \u00e0 base de principes actifs hydrosolubles et sp\u00e9cialement formul\u00e9 pour les probl\u00e8mes de peaux s\u00e8ches et pour r\u00e9tablir la barri\u00e8re cutan\u00e9e.<\/p>\n<p><strong>Utilisation :<\/strong><\/p>\n<ul>\n<li>Indiqu\u00e9 en cas de s\u00e9borrh\u00e9e s\u00e8che, apr\u00e8s chaque shampooing traitant ou d\u00e9sinfectant.<\/li>\n<li>Peut \u00eatre m\u00e9lang\u00e9 \u00e0 l&#8217;eau de rin\u00e7age.<\/li>\n<\/ul>\n<p>&nbsp;<\/p>\n<p>&nbsp;<\/p>\n","protected":false},"excerpt":{"rendered":"<p>Le spray<strong> Virbac Humiderm<\/strong> est un soin hydratant pour chien et chats, \u00e0 base de principes actifs hydrosolubles et sp\u00e9cialement formul\u00e9 pour les probl\u00e8mes de peaux s\u00e8ches et pour r\u00e9tablir la barri\u00e8re cutan\u00e9e.<\/p>\n<p><strong>Utilisation :<\/strong><\/p>\n<ul>\n<li>Indiqu\u00e9 en cas de s\u00e9borrh\u00e9e s\u00e8che, apr\u00e8s chaque shampooing traitant ou d\u00e9sinfectant.<\/li>\n<li>Peut \u00eatre m\u00e9lang\u00e9 \u00e0 l&#8217;eau de rin\u00e7age.<\/li>\n<\/ul>\n","protected":false},"featured_media":428250,"template":"","meta":[],"product_cat":[2697,2698,12611,12612,12560,12561],"product_tag":[],"class_list":{"0":"post-97841","1":"product","2":"type-product","3":"status-publish","4":"has-post-thumbnail","6":"product_cat-chat","7":"product_cat-chien","8":"product_cat-hygiene-de-la-peau-et-du-pelage-du-chat","9":"product_cat-hygiene-de-la-peau-et-du-pelage-du-chien","10":"product_cat-hygiene-du-chat","11":"product_cat-hygiene-du-chien","12":"pa_marque-virbac","14":"first","15":"outofstock","16":"taxable","17":"shipping-taxable","18":"purchasable","19":"product-type-simple"},"yoast_head":"<!-- This site is optimized with the Yoast SEO plugin v27.3 - https:\/\/yoast.com\/product\/yoast-seo-wordpress\/ -->\n<title>Lotion hydratante Humiderm Virbac - V\u00e9torino<\/title>\n<meta name=\"description\" content=\"Le spray Virbac Humiderm est un soin hydratant pour chien et chats, \u00e0 base de principes actifs hydrosolubles et sp\u00e9cialement formul\u00e9 pour les probl\u00e8mes de peaux s\u00e8ches et pour r\u00e9tablir la barri\u00e8re cutan\u00e9e.  Utilisation :   Indiqu\u00e9 en cas de s\u00e9borrh\u00e9e s\u00e8che, apr\u00e8s chaque shampooing traitant ou d\u00e9sinfectant.  Peut \u00eatre m\u00e9lang\u00e9 \u00e0 l&#039;eau de rin\u00e7age.\" \/>\n<meta name=\"robots\" content=\"noindex, nofollow\" \/>\n<meta property=\"og:locale\" content=\"fr_FR\" \/>\n<meta property=\"og:type\" content=\"article\" \/>\n<meta property=\"og:title\" content=\"Lotion hydratante Humiderm Virbac - V\u00e9torino\" \/>\n<meta property=\"og:description\" content=\"Le spray Virbac Humiderm est un soin hydratant pour chien et chats, \u00e0 base de principes actifs hydrosolubles et sp\u00e9cialement formul\u00e9 pour les probl\u00e8mes de peaux s\u00e8ches et pour r\u00e9tablir la barri\u00e8re cutan\u00e9e.  Utilisation :   Indiqu\u00e9 en cas de s\u00e9borrh\u00e9e s\u00e8che, apr\u00e8s chaque shampooing traitant ou d\u00e9sinfectant.  Peut \u00eatre m\u00e9lang\u00e9 \u00e0 l&#039;eau de rin\u00e7age.\" \/>\n<meta property=\"og:url\" content=\"https:\/\/www.vetorino.com\/veterinaire\/mandreslesroses-94520\/boutique\/product\/humiderm-2\/\" \/>\n<meta property=\"og:site_name\" content=\"V\u00e9torino\" \/>\n<meta property=\"article:publisher\" content=\"https:\/\/www.facebook.com\/Vetorino\/\" \/>\n<meta property=\"article:modified_time\" content=\"2025-06-23T07:41:28+00:00\" \/>\n<meta property=\"og:image\" content=\"https:\/\/www.vetorino.com\/boutique\/wp-content\/uploads\/2020\/03\/lotion-hydratante-humiderm.jpg\" \/>\n\t<meta property=\"og:image:width\" content=\"540\" \/>\n\t<meta property=\"og:image:height\" content=\"540\" \/>\n\t<meta property=\"og:image:type\" content=\"image\/jpeg\" \/>\n<meta name=\"twitter:card\" content=\"summary_large_image\" \/>\n<meta name=\"twitter:label1\" content=\"Prix\" \/>\n\t<meta name=\"twitter:data1\" content=\"18,68&euro;\" \/>\n\t<meta name=\"twitter:label2\" content=\"Disponibilit\u00e9\" \/>\n\t<meta name=\"twitter:data2\" content=\"Rupture de stock\" \/>\n<script type=\"application\/ld+json\" class=\"yoast-schema-graph\">{\"@context\":\"https:\\\/\\\/schema.org\",\"@graph\":[{\"@type\":\"WebPage\",\"@id\":\"https:\\\/\\\/www.vetorino.com\\\/veterinaire\\\/pontarlier-25300\\\/boutique\\\/product\\\/humiderm-2\\\/\",\"url\":\"https:\\\/\\\/www.vetorino.com\\\/veterinaire\\\/pontarlier-25300\\\/boutique\\\/product\\\/humiderm-2\\\/\",\"name\":\"Lotion hydratante Humiderm Virbac - V\u00e9torino\",\"isPartOf\":{\"@id\":\"https:\\\/\\\/www.vetorino.com\\\/boutique\\\/#website\"},\"primaryImageOfPage\":{\"@id\":\"https:\\\/\\\/www.vetorino.com\\\/veterinaire\\\/pontarlier-25300\\\/boutique\\\/product\\\/humiderm-2\\\/#primaryimage\"},\"image\":{\"@id\":\"https:\\\/\\\/www.vetorino.com\\\/veterinaire\\\/pontarlier-25300\\\/boutique\\\/product\\\/humiderm-2\\\/#primaryimage\"},\"thumbnailUrl\":\"https:\\\/\\\/www.vetorino.com\\\/boutique\\\/wp-content\\\/uploads\\\/2020\\\/03\\\/lotion-hydratante-humiderm.jpg\",\"datePublished\":\"2020-06-29T20:39:18+00:00\",\"dateModified\":\"2025-06-23T07:41:28+00:00\",\"description\":\"Le spray Virbac Humiderm est un soin hydratant pour chien et chats, \u00e0 base de principes actifs hydrosolubles et sp\u00e9cialement formul\u00e9 pour les probl\u00e8mes de peaux s\u00e8ches et pour r\u00e9tablir la barri\u00e8re cutan\u00e9e. Utilisation : Indiqu\u00e9 en cas de s\u00e9borrh\u00e9e s\u00e8che, apr\u00e8s chaque shampooing traitant ou d\u00e9sinfectant. Peut \u00eatre m\u00e9lang\u00e9 \u00e0 l'eau de rin\u00e7age.\",\"breadcrumb\":{\"@id\":\"https:\\\/\\\/www.vetorino.com\\\/veterinaire\\\/pontarlier-25300\\\/boutique\\\/product\\\/humiderm-2\\\/#breadcrumb\"},\"inLanguage\":\"fr-FR\",\"potentialAction\":[{\"@type\":\"ReadAction\",\"target\":[\"https:\\\/\\\/www.vetorino.com\\\/veterinaire\\\/pontarlier-25300\\\/boutique\\\/product\\\/humiderm-2\\\/\"]}]},{\"@type\":\"ImageObject\",\"inLanguage\":\"fr-FR\",\"@id\":\"https:\\\/\\\/www.vetorino.com\\\/veterinaire\\\/pontarlier-25300\\\/boutique\\\/product\\\/humiderm-2\\\/#primaryimage\",\"url\":\"https:\\\/\\\/www.vetorino.com\\\/boutique\\\/wp-content\\\/uploads\\\/2020\\\/03\\\/lotion-hydratante-humiderm.jpg\",\"contentUrl\":\"https:\\\/\\\/www.vetorino.com\\\/boutique\\\/wp-content\\\/uploads\\\/2020\\\/03\\\/lotion-hydratante-humiderm.jpg\",\"width\":540,\"height\":540,\"caption\":\"lotion humiderm\"},{\"@type\":\"BreadcrumbList\",\"@id\":\"https:\\\/\\\/www.vetorino.com\\\/veterinaire\\\/pontarlier-25300\\\/boutique\\\/product\\\/humiderm-2\\\/#breadcrumb\",\"itemListElement\":[{\"@type\":\"ListItem\",\"position\":1,\"name\":\"Accueil\",\"item\":\"https:\\\/\\\/www.vetorino.com\\\/boutique\\\/\"},{\"@type\":\"ListItem\",\"position\":2,\"name\":\"Produits\",\"item\":\"https:\\\/\\\/www.vetorino.com\\\/boutique\\\/\"},{\"@type\":\"ListItem\",\"position\":3,\"name\":\"Lotion hydratante Humiderm\"}]},{\"@type\":\"WebSite\",\"@id\":\"https:\\\/\\\/www.vetorino.com\\\/boutique\\\/#website\",\"url\":\"https:\\\/\\\/www.vetorino.com\\\/boutique\\\/\",\"name\":\"V\u00e9torino\",\"description\":\"\",\"publisher\":{\"@id\":\"https:\\\/\\\/www.vetorino.com\\\/boutique\\\/#organization\"},\"potentialAction\":[{\"@type\":\"SearchAction\",\"target\":{\"@type\":\"EntryPoint\",\"urlTemplate\":\"https:\\\/\\\/www.vetorino.com\\\/boutique\\\/?s={search_term_string}\"},\"query-input\":{\"@type\":\"PropertyValueSpecification\",\"valueRequired\":true,\"valueName\":\"search_term_string\"}}],\"inLanguage\":\"fr-FR\"},{\"@type\":\"Organization\",\"@id\":\"https:\\\/\\\/www.vetorino.com\\\/boutique\\\/#organization\",\"name\":\"V\u00e9torino\",\"url\":\"https:\\\/\\\/www.vetorino.com\\\/boutique\\\/\",\"logo\":{\"@type\":\"ImageObject\",\"inLanguage\":\"fr-FR\",\"@id\":\"https:\\\/\\\/www.vetorino.com\\\/boutique\\\/#\\\/schema\\\/logo\\\/image\\\/\",\"url\":\"https:\\\/\\\/www.vetorino.com\\\/boutique\\\/wp-content\\\/uploads\\\/2024\\\/10\\\/logo.jpg\",\"contentUrl\":\"https:\\\/\\\/www.vetorino.com\\\/boutique\\\/wp-content\\\/uploads\\\/2024\\\/10\\\/logo.jpg\",\"width\":1200,\"height\":610,\"caption\":\"V\u00e9torino\"},\"image\":{\"@id\":\"https:\\\/\\\/www.vetorino.com\\\/boutique\\\/#\\\/schema\\\/logo\\\/image\\\/\"},\"sameAs\":[\"https:\\\/\\\/www.facebook.com\\\/Vetorino\\\/\",\"https:\\\/\\\/www.instagram.com\\\/vetorino_off\\\/\",\"https:\\\/\\\/www.linkedin.com\\\/company\\\/vtorino\\\/\"]}]}<\/script>\n<meta property=\"product:brand\" content=\"Virbac\" \/>\n<meta property=\"product:price:amount\" content=\"18.68\" \/>\n<meta property=\"product:price:currency\" content=\"EUR\" \/>\n<meta property=\"og:availability\" content=\"out of stock\" \/>\n<meta property=\"product:availability\" content=\"out of stock\" \/>\n<meta property=\"product:retailer_item_id\" content=\"C-HUM001\" \/>\n<meta property=\"product:condition\" content=\"new\" \/>\n<!-- \/ Yoast SEO plugin. -->","yoast_head_json":{"title":"Lotion hydratante Humiderm Virbac - V\u00e9torino","description":"Le spray Virbac Humiderm est un soin hydratant pour chien et chats, \u00e0 base de principes actifs hydrosolubles et sp\u00e9cialement formul\u00e9 pour les probl\u00e8mes de peaux s\u00e8ches et pour r\u00e9tablir la barri\u00e8re cutan\u00e9e.  Utilisation :   Indiqu\u00e9 en cas de s\u00e9borrh\u00e9e s\u00e8che, apr\u00e8s chaque shampooing traitant ou d\u00e9sinfectant.  Peut \u00eatre m\u00e9lang\u00e9 \u00e0 l'eau de rin\u00e7age.","robots":{"index":"noindex","follow":"nofollow"},"og_locale":"fr_FR","og_type":"article","og_title":"Lotion hydratante Humiderm Virbac - V\u00e9torino","og_description":"Le spray Virbac Humiderm est un soin hydratant pour chien et chats, \u00e0 base de principes actifs hydrosolubles et sp\u00e9cialement formul\u00e9 pour les probl\u00e8mes de peaux s\u00e8ches et pour r\u00e9tablir la barri\u00e8re cutan\u00e9e.  Utilisation :   Indiqu\u00e9 en cas de s\u00e9borrh\u00e9e s\u00e8che, apr\u00e8s chaque shampooing traitant ou d\u00e9sinfectant.  Peut \u00eatre m\u00e9lang\u00e9 \u00e0 l'eau de rin\u00e7age.","og_url":"https:\/\/www.vetorino.com\/veterinaire\/mandreslesroses-94520\/boutique\/product\/humiderm-2\/","og_site_name":"V\u00e9torino","article_publisher":"https:\/\/www.facebook.com\/Vetorino\/","article_modified_time":"2025-06-23T07:41:28+00:00","og_image":[{"width":540,"height":540,"url":"https:\/\/www.vetorino.com\/boutique\/wp-content\/uploads\/2020\/03\/lotion-hydratante-humiderm.jpg","type":"image\/jpeg"}],"twitter_card":"summary_large_image","twitter_misc":{"Prix":"18,68&euro;","Disponibilit\u00e9":"Rupture de stock"},"schema":{"@context":"https:\/\/schema.org","@graph":[{"@type":"WebPage","@id":"https:\/\/www.vetorino.com\/veterinaire\/pontarlier-25300\/boutique\/product\/humiderm-2\/","url":"https:\/\/www.vetorino.com\/veterinaire\/pontarlier-25300\/boutique\/product\/humiderm-2\/","name":"Lotion hydratante Humiderm Virbac - V\u00e9torino","isPartOf":{"@id":"https:\/\/www.vetorino.com\/boutique\/#website"},"primaryImageOfPage":{"@id":"https:\/\/www.vetorino.com\/veterinaire\/pontarlier-25300\/boutique\/product\/humiderm-2\/#primaryimage"},"image":{"@id":"https:\/\/www.vetorino.com\/veterinaire\/pontarlier-25300\/boutique\/product\/humiderm-2\/#primaryimage"},"thumbnailUrl":"https:\/\/www.vetorino.com\/boutique\/wp-content\/uploads\/2020\/03\/lotion-hydratante-humiderm.jpg","datePublished":"2020-06-29T20:39:18+00:00","dateModified":"2025-06-23T07:41:28+00:00","description":"Le spray Virbac Humiderm est un soin hydratant pour chien et chats, \u00e0 base de principes actifs hydrosolubles et sp\u00e9cialement formul\u00e9 pour les probl\u00e8mes de peaux s\u00e8ches et pour r\u00e9tablir la barri\u00e8re cutan\u00e9e. Utilisation : Indiqu\u00e9 en cas de s\u00e9borrh\u00e9e s\u00e8che, apr\u00e8s chaque shampooing traitant ou d\u00e9sinfectant. Peut \u00eatre m\u00e9lang\u00e9 \u00e0 l'eau de rin\u00e7age.","breadcrumb":{"@id":"https:\/\/www.vetorino.com\/veterinaire\/pontarlier-25300\/boutique\/product\/humiderm-2\/#breadcrumb"},"inLanguage":"fr-FR","potentialAction":[{"@type":"ReadAction","target":["https:\/\/www.vetorino.com\/veterinaire\/pontarlier-25300\/boutique\/product\/humiderm-2\/"]}]},{"@type":"ImageObject","inLanguage":"fr-FR","@id":"https:\/\/www.vetorino.com\/veterinaire\/pontarlier-25300\/boutique\/product\/humiderm-2\/#primaryimage","url":"https:\/\/www.vetorino.com\/boutique\/wp-content\/uploads\/2020\/03\/lotion-hydratante-humiderm.jpg","contentUrl":"https:\/\/www.vetorino.com\/boutique\/wp-content\/uploads\/2020\/03\/lotion-hydratante-humiderm.jpg","width":540,"height":540,"caption":"lotion humiderm"},{"@type":"BreadcrumbList","@id":"https:\/\/www.vetorino.com\/veterinaire\/pontarlier-25300\/boutique\/product\/humiderm-2\/#breadcrumb","itemListElement":[{"@type":"ListItem","position":1,"name":"Accueil","item":"https:\/\/www.vetorino.com\/boutique\/"},{"@type":"ListItem","position":2,"name":"Produits","item":"https:\/\/www.vetorino.com\/boutique\/"},{"@type":"ListItem","position":3,"name":"Lotion hydratante Humiderm"}]},{"@type":"WebSite","@id":"https:\/\/www.vetorino.com\/boutique\/#website","url":"https:\/\/www.vetorino.com\/boutique\/","name":"V\u00e9torino","description":"","publisher":{"@id":"https:\/\/www.vetorino.com\/boutique\/#organization"},"potentialAction":[{"@type":"SearchAction","target":{"@type":"EntryPoint","urlTemplate":"https:\/\/www.vetorino.com\/boutique\/?s={search_term_string}"},"query-input":{"@type":"PropertyValueSpecification","valueRequired":true,"valueName":"search_term_string"}}],"inLanguage":"fr-FR"},{"@type":"Organization","@id":"https:\/\/www.vetorino.com\/boutique\/#organization","name":"V\u00e9torino","url":"https:\/\/www.vetorino.com\/boutique\/","logo":{"@type":"ImageObject","inLanguage":"fr-FR","@id":"https:\/\/www.vetorino.com\/boutique\/#\/schema\/logo\/image\/","url":"https:\/\/www.vetorino.com\/boutique\/wp-content\/uploads\/2024\/10\/logo.jpg","contentUrl":"https:\/\/www.vetorino.com\/boutique\/wp-content\/uploads\/2024\/10\/logo.jpg","width":1200,"height":610,"caption":"V\u00e9torino"},"image":{"@id":"https:\/\/www.vetorino.com\/boutique\/#\/schema\/logo\/image\/"},"sameAs":["https:\/\/www.facebook.com\/Vetorino\/","https:\/\/www.instagram.com\/vetorino_off\/","https:\/\/www.linkedin.com\/company\/vtorino\/"]}]},"product_brand":"Virbac","product_price_amount":"18.68","product_price_currency":"EUR","og_availability":"out of stock","product_availability":"out of stock","product_retailer_item_id":"C-HUM001","product_condition":"new"},"_links":{"self":[{"href":"https:\/\/www.vetorino.com\/veterinaire\/mandreslesroses-94520\/boutique\/wp-json\/wp\/v2\/product\/97841","targetHints":{"allow":["GET"]}}],"collection":[{"href":"https:\/\/www.vetorino.com\/veterinaire\/mandreslesroses-94520\/boutique\/wp-json\/wp\/v2\/product"}],"about":[{"href":"https:\/\/www.vetorino.com\/veterinaire\/mandreslesroses-94520\/boutique\/wp-json\/wp\/v2\/types\/product"}],"wp:featuredmedia":[{"embeddable":true,"href":"https:\/\/www.vetorino.com\/veterinaire\/mandreslesroses-94520\/boutique\/wp-json\/wp\/v2\/media\/428250"}],"wp:attachment":[{"href":"https:\/\/www.vetorino.com\/veterinaire\/mandreslesroses-94520\/boutique\/wp-json\/wp\/v2\/media?parent=97841"}],"wp:term":[{"taxonomy":"product_cat","embeddable":true,"href":"https:\/\/www.vetorino.com\/veterinaire\/mandreslesroses-94520\/boutique\/wp-json\/wp\/v2\/product_cat?post=97841"},{"taxonomy":"product_tag","embeddable":true,"href":"https:\/\/www.vetorino.com\/veterinaire\/mandreslesroses-94520\/boutique\/wp-json\/wp\/v2\/product_tag?post=97841"}],"curies":[{"name":"wp","href":"https:\/\/api.w.org\/{rel}","templated":true}]}}