{"id":99687,"date":"2020-06-30T01:34:33","date_gmt":"2020-06-29T23:34:33","guid":{"rendered":"https:\/\/www.vetorino.com\/boutique\/product\/milca-4\/"},"modified":"2025-09-18T09:41:19","modified_gmt":"2025-09-18T07:41:19","slug":"milca-4","status":"publish","type":"product","link":"https:\/\/www.vetorino.com\/veterinaire\/mandreslesroses-94520\/boutique\/product\/milca-4\/","title":{"rendered":"Milca 4"},"content":{"rendered":"<p><strong>Milca 4 \u2013 Compl\u00e9ment pour Vaches Laiti\u00e8res en P\u00e9riode de V\u00ealage.<\/strong><\/p>\n<p><strong>Milca 4<\/strong>\u00a0est sp\u00e9cialement formul\u00e9 pour les vaches laiti\u00e8res afin de<strong> r\u00e9duire le risque d\u2019hypocalc\u00e9mie et de pr\u00e9venir les d\u00e9ficits \u00e9nerg\u00e9tiques<\/strong> lors de la p\u00e9riode critique du v\u00ealage.<\/p>\n<p><strong>Ce compl\u00e9ment soutient la sant\u00e9 et les performances des vaches<\/strong>, garantissant une transition en toute s\u00e9r\u00e9nit\u00e9.<\/p>\n","protected":false},"excerpt":{"rendered":"<p><strong>Milca 4 \u2013 Compl\u00e9ment pour Vaches Laiti\u00e8res en P\u00e9riode de V\u00ealage.<\/strong><\/p>\n<p><strong>Milca 4<\/strong>\u00a0est sp\u00e9cialement formul\u00e9 pour les vaches laiti\u00e8res afin de<strong> r\u00e9duire le risque d\u2019hypocalc\u00e9mie et de pr\u00e9venir les d\u00e9ficits \u00e9nerg\u00e9tiques<\/strong> lors de la p\u00e9riode critique du v\u00ealage.<\/p>\n<p><strong>Ce compl\u00e9ment soutient la sant\u00e9 et les performances des vaches<\/strong>, garantissant une transition en toute s\u00e9r\u00e9nit\u00e9.<\/p>\n","protected":false},"featured_media":1430825,"template":"","meta":[],"product_cat":[6864,6870],"product_tag":[],"class_list":{"0":"post-99687","1":"product","2":"type-product","3":"status-publish","4":"has-post-thumbnail","6":"product_cat-animaux-delevage","7":"product_cat-bovins","8":"pa_marque-biove","10":"first","11":"instock","12":"taxable","13":"shipping-taxable","14":"purchasable","15":"product-type-simple"},"yoast_head":"<!-- This site is optimized with the Yoast SEO plugin v27.3 - https:\/\/yoast.com\/product\/yoast-seo-wordpress\/ -->\n<title>Milca 4 Biove - V\u00e9torino<\/title>\n<meta name=\"description\" content=\"Milca 4 \u2013 Compl\u00e9ment pour Vaches Laiti\u00e8res en P\u00e9riode de V\u00ealage.  Milca 4\u00a0est sp\u00e9cialement formul\u00e9 pour les vaches laiti\u00e8res afin de r\u00e9duire le risque d\u2019hypocalc\u00e9mie et de pr\u00e9venir les d\u00e9ficits \u00e9nerg\u00e9tiques lors de la p\u00e9riode critique du v\u00ealage.  Ce compl\u00e9ment soutient la sant\u00e9 et les performances des vaches, garantissant une transition en toute s\u00e9r\u00e9nit\u00e9.\" \/>\n<meta name=\"robots\" content=\"noindex, nofollow\" \/>\n<meta property=\"og:locale\" content=\"fr_FR\" \/>\n<meta property=\"og:type\" content=\"article\" \/>\n<meta property=\"og:title\" content=\"Milca 4 Biove - V\u00e9torino\" \/>\n<meta property=\"og:description\" content=\"Milca 4 \u2013 Compl\u00e9ment pour Vaches Laiti\u00e8res en P\u00e9riode de V\u00ealage.  Milca 4\u00a0est sp\u00e9cialement formul\u00e9 pour les vaches laiti\u00e8res afin de r\u00e9duire le risque d\u2019hypocalc\u00e9mie et de pr\u00e9venir les d\u00e9ficits \u00e9nerg\u00e9tiques lors de la p\u00e9riode critique du v\u00ealage.  Ce compl\u00e9ment soutient la sant\u00e9 et les performances des vaches, garantissant une transition en toute s\u00e9r\u00e9nit\u00e9.\" \/>\n<meta property=\"og:url\" content=\"https:\/\/www.vetorino.com\/veterinaire\/mandreslesroses-94520\/boutique\/product\/milca-4\/\" \/>\n<meta property=\"og:site_name\" content=\"V\u00e9torino\" \/>\n<meta property=\"article:publisher\" content=\"https:\/\/www.facebook.com\/Vetorino\/\" \/>\n<meta property=\"article:modified_time\" content=\"2025-09-18T07:41:19+00:00\" \/>\n<meta property=\"og:image\" content=\"https:\/\/www.vetorino.com\/boutique\/wp-content\/uploads\/2021\/05\/milca-4-1.jpg\" \/>\n\t<meta property=\"og:image:width\" content=\"555\" \/>\n\t<meta property=\"og:image:height\" content=\"555\" \/>\n\t<meta property=\"og:image:type\" content=\"image\/jpeg\" \/>\n<meta name=\"twitter:card\" content=\"summary_large_image\" \/>\n<meta name=\"twitter:label1\" content=\"Prix\" \/>\n\t<meta name=\"twitter:data1\" content=\"17,68&euro;\" \/>\n\t<meta name=\"twitter:label2\" content=\"Disponibilit\u00e9\" \/>\n\t<meta name=\"twitter:data2\" content=\"En stock\" \/>\n<script type=\"application\/ld+json\" class=\"yoast-schema-graph\">{\"@context\":\"https:\\\/\\\/schema.org\",\"@graph\":[{\"@type\":\"WebPage\",\"@id\":\"https:\\\/\\\/www.vetorino.com\\\/boutique\\\/product\\\/milca-4\\\/\",\"url\":\"https:\\\/\\\/www.vetorino.com\\\/boutique\\\/product\\\/milca-4\\\/\",\"name\":\"Milca 4 Biove - V\u00e9torino\",\"isPartOf\":{\"@id\":\"https:\\\/\\\/www.vetorino.com\\\/boutique\\\/#website\"},\"primaryImageOfPage\":{\"@id\":\"https:\\\/\\\/www.vetorino.com\\\/boutique\\\/product\\\/milca-4\\\/#primaryimage\"},\"image\":{\"@id\":\"https:\\\/\\\/www.vetorino.com\\\/boutique\\\/product\\\/milca-4\\\/#primaryimage\"},\"thumbnailUrl\":\"https:\\\/\\\/www.vetorino.com\\\/boutique\\\/wp-content\\\/uploads\\\/2021\\\/05\\\/milca-4-1.jpg\",\"datePublished\":\"2020-06-29T23:34:33+00:00\",\"dateModified\":\"2025-09-18T07:41:19+00:00\",\"description\":\"Milca 4 \u2013 Compl\u00e9ment pour Vaches Laiti\u00e8res en P\u00e9riode de V\u00ealage. Milca 4\u00a0est sp\u00e9cialement formul\u00e9 pour les vaches laiti\u00e8res afin de r\u00e9duire le risque d\u2019hypocalc\u00e9mie et de pr\u00e9venir les d\u00e9ficits \u00e9nerg\u00e9tiques lors de la p\u00e9riode critique du v\u00ealage. Ce compl\u00e9ment soutient la sant\u00e9 et les performances des vaches, garantissant une transition en toute s\u00e9r\u00e9nit\u00e9.\",\"breadcrumb\":{\"@id\":\"https:\\\/\\\/www.vetorino.com\\\/boutique\\\/product\\\/milca-4\\\/#breadcrumb\"},\"inLanguage\":\"fr-FR\",\"potentialAction\":[{\"@type\":\"ReadAction\",\"target\":[\"https:\\\/\\\/www.vetorino.com\\\/boutique\\\/product\\\/milca-4\\\/\"]}]},{\"@type\":\"ImageObject\",\"inLanguage\":\"fr-FR\",\"@id\":\"https:\\\/\\\/www.vetorino.com\\\/boutique\\\/product\\\/milca-4\\\/#primaryimage\",\"url\":\"https:\\\/\\\/www.vetorino.com\\\/boutique\\\/wp-content\\\/uploads\\\/2021\\\/05\\\/milca-4-1.jpg\",\"contentUrl\":\"https:\\\/\\\/www.vetorino.com\\\/boutique\\\/wp-content\\\/uploads\\\/2021\\\/05\\\/milca-4-1.jpg\",\"width\":555,\"height\":555},{\"@type\":\"BreadcrumbList\",\"@id\":\"https:\\\/\\\/www.vetorino.com\\\/boutique\\\/product\\\/milca-4\\\/#breadcrumb\",\"itemListElement\":[{\"@type\":\"ListItem\",\"position\":1,\"name\":\"Accueil\",\"item\":\"https:\\\/\\\/www.vetorino.com\\\/boutique\\\/\"},{\"@type\":\"ListItem\",\"position\":2,\"name\":\"Produits\",\"item\":\"https:\\\/\\\/www.vetorino.com\\\/boutique\\\/\"},{\"@type\":\"ListItem\",\"position\":3,\"name\":\"Milca 4\"}]},{\"@type\":\"WebSite\",\"@id\":\"https:\\\/\\\/www.vetorino.com\\\/boutique\\\/#website\",\"url\":\"https:\\\/\\\/www.vetorino.com\\\/boutique\\\/\",\"name\":\"V\u00e9torino\",\"description\":\"\",\"publisher\":{\"@id\":\"https:\\\/\\\/www.vetorino.com\\\/boutique\\\/#organization\"},\"potentialAction\":[{\"@type\":\"SearchAction\",\"target\":{\"@type\":\"EntryPoint\",\"urlTemplate\":\"https:\\\/\\\/www.vetorino.com\\\/boutique\\\/?s={search_term_string}\"},\"query-input\":{\"@type\":\"PropertyValueSpecification\",\"valueRequired\":true,\"valueName\":\"search_term_string\"}}],\"inLanguage\":\"fr-FR\"},{\"@type\":\"Organization\",\"@id\":\"https:\\\/\\\/www.vetorino.com\\\/boutique\\\/#organization\",\"name\":\"V\u00e9torino\",\"url\":\"https:\\\/\\\/www.vetorino.com\\\/boutique\\\/\",\"logo\":{\"@type\":\"ImageObject\",\"inLanguage\":\"fr-FR\",\"@id\":\"https:\\\/\\\/www.vetorino.com\\\/boutique\\\/#\\\/schema\\\/logo\\\/image\\\/\",\"url\":\"https:\\\/\\\/www.vetorino.com\\\/boutique\\\/wp-content\\\/uploads\\\/2024\\\/10\\\/logo.jpg\",\"contentUrl\":\"https:\\\/\\\/www.vetorino.com\\\/boutique\\\/wp-content\\\/uploads\\\/2024\\\/10\\\/logo.jpg\",\"width\":1200,\"height\":610,\"caption\":\"V\u00e9torino\"},\"image\":{\"@id\":\"https:\\\/\\\/www.vetorino.com\\\/boutique\\\/#\\\/schema\\\/logo\\\/image\\\/\"},\"sameAs\":[\"https:\\\/\\\/www.facebook.com\\\/Vetorino\\\/\",\"https:\\\/\\\/www.instagram.com\\\/vetorino_off\\\/\",\"https:\\\/\\\/www.linkedin.com\\\/company\\\/vtorino\\\/\"]}]}<\/script>\n<meta property=\"product:brand\" content=\"Biove\" \/>\n<meta property=\"product:price:amount\" content=\"17.68\" \/>\n<meta property=\"product:price:currency\" content=\"EUR\" \/>\n<meta property=\"og:availability\" content=\"instock\" \/>\n<meta property=\"product:availability\" content=\"instock\" \/>\n<meta property=\"product:retailer_item_id\" content=\"C-MIL016\" \/>\n<meta property=\"product:condition\" content=\"new\" \/>\n<!-- \/ Yoast SEO plugin. -->","yoast_head_json":{"title":"Milca 4 Biove - V\u00e9torino","description":"Milca 4 \u2013 Compl\u00e9ment pour Vaches Laiti\u00e8res en P\u00e9riode de V\u00ealage.  Milca 4\u00a0est sp\u00e9cialement formul\u00e9 pour les vaches laiti\u00e8res afin de r\u00e9duire le risque d\u2019hypocalc\u00e9mie et de pr\u00e9venir les d\u00e9ficits \u00e9nerg\u00e9tiques lors de la p\u00e9riode critique du v\u00ealage.  Ce compl\u00e9ment soutient la sant\u00e9 et les performances des vaches, garantissant une transition en toute s\u00e9r\u00e9nit\u00e9.","robots":{"index":"noindex","follow":"nofollow"},"og_locale":"fr_FR","og_type":"article","og_title":"Milca 4 Biove - V\u00e9torino","og_description":"Milca 4 \u2013 Compl\u00e9ment pour Vaches Laiti\u00e8res en P\u00e9riode de V\u00ealage.  Milca 4\u00a0est sp\u00e9cialement formul\u00e9 pour les vaches laiti\u00e8res afin de r\u00e9duire le risque d\u2019hypocalc\u00e9mie et de pr\u00e9venir les d\u00e9ficits \u00e9nerg\u00e9tiques lors de la p\u00e9riode critique du v\u00ealage.  Ce compl\u00e9ment soutient la sant\u00e9 et les performances des vaches, garantissant une transition en toute s\u00e9r\u00e9nit\u00e9.","og_url":"https:\/\/www.vetorino.com\/veterinaire\/mandreslesroses-94520\/boutique\/product\/milca-4\/","og_site_name":"V\u00e9torino","article_publisher":"https:\/\/www.facebook.com\/Vetorino\/","article_modified_time":"2025-09-18T07:41:19+00:00","og_image":[{"width":555,"height":555,"url":"https:\/\/www.vetorino.com\/boutique\/wp-content\/uploads\/2021\/05\/milca-4-1.jpg","type":"image\/jpeg"}],"twitter_card":"summary_large_image","twitter_misc":{"Prix":"17,68&euro;","Disponibilit\u00e9":"En stock"},"schema":{"@context":"https:\/\/schema.org","@graph":[{"@type":"WebPage","@id":"https:\/\/www.vetorino.com\/boutique\/product\/milca-4\/","url":"https:\/\/www.vetorino.com\/boutique\/product\/milca-4\/","name":"Milca 4 Biove - V\u00e9torino","isPartOf":{"@id":"https:\/\/www.vetorino.com\/boutique\/#website"},"primaryImageOfPage":{"@id":"https:\/\/www.vetorino.com\/boutique\/product\/milca-4\/#primaryimage"},"image":{"@id":"https:\/\/www.vetorino.com\/boutique\/product\/milca-4\/#primaryimage"},"thumbnailUrl":"https:\/\/www.vetorino.com\/boutique\/wp-content\/uploads\/2021\/05\/milca-4-1.jpg","datePublished":"2020-06-29T23:34:33+00:00","dateModified":"2025-09-18T07:41:19+00:00","description":"Milca 4 \u2013 Compl\u00e9ment pour Vaches Laiti\u00e8res en P\u00e9riode de V\u00ealage. Milca 4\u00a0est sp\u00e9cialement formul\u00e9 pour les vaches laiti\u00e8res afin de r\u00e9duire le risque d\u2019hypocalc\u00e9mie et de pr\u00e9venir les d\u00e9ficits \u00e9nerg\u00e9tiques lors de la p\u00e9riode critique du v\u00ealage. Ce compl\u00e9ment soutient la sant\u00e9 et les performances des vaches, garantissant une transition en toute s\u00e9r\u00e9nit\u00e9.","breadcrumb":{"@id":"https:\/\/www.vetorino.com\/boutique\/product\/milca-4\/#breadcrumb"},"inLanguage":"fr-FR","potentialAction":[{"@type":"ReadAction","target":["https:\/\/www.vetorino.com\/boutique\/product\/milca-4\/"]}]},{"@type":"ImageObject","inLanguage":"fr-FR","@id":"https:\/\/www.vetorino.com\/boutique\/product\/milca-4\/#primaryimage","url":"https:\/\/www.vetorino.com\/boutique\/wp-content\/uploads\/2021\/05\/milca-4-1.jpg","contentUrl":"https:\/\/www.vetorino.com\/boutique\/wp-content\/uploads\/2021\/05\/milca-4-1.jpg","width":555,"height":555},{"@type":"BreadcrumbList","@id":"https:\/\/www.vetorino.com\/boutique\/product\/milca-4\/#breadcrumb","itemListElement":[{"@type":"ListItem","position":1,"name":"Accueil","item":"https:\/\/www.vetorino.com\/boutique\/"},{"@type":"ListItem","position":2,"name":"Produits","item":"https:\/\/www.vetorino.com\/boutique\/"},{"@type":"ListItem","position":3,"name":"Milca 4"}]},{"@type":"WebSite","@id":"https:\/\/www.vetorino.com\/boutique\/#website","url":"https:\/\/www.vetorino.com\/boutique\/","name":"V\u00e9torino","description":"","publisher":{"@id":"https:\/\/www.vetorino.com\/boutique\/#organization"},"potentialAction":[{"@type":"SearchAction","target":{"@type":"EntryPoint","urlTemplate":"https:\/\/www.vetorino.com\/boutique\/?s={search_term_string}"},"query-input":{"@type":"PropertyValueSpecification","valueRequired":true,"valueName":"search_term_string"}}],"inLanguage":"fr-FR"},{"@type":"Organization","@id":"https:\/\/www.vetorino.com\/boutique\/#organization","name":"V\u00e9torino","url":"https:\/\/www.vetorino.com\/boutique\/","logo":{"@type":"ImageObject","inLanguage":"fr-FR","@id":"https:\/\/www.vetorino.com\/boutique\/#\/schema\/logo\/image\/","url":"https:\/\/www.vetorino.com\/boutique\/wp-content\/uploads\/2024\/10\/logo.jpg","contentUrl":"https:\/\/www.vetorino.com\/boutique\/wp-content\/uploads\/2024\/10\/logo.jpg","width":1200,"height":610,"caption":"V\u00e9torino"},"image":{"@id":"https:\/\/www.vetorino.com\/boutique\/#\/schema\/logo\/image\/"},"sameAs":["https:\/\/www.facebook.com\/Vetorino\/","https:\/\/www.instagram.com\/vetorino_off\/","https:\/\/www.linkedin.com\/company\/vtorino\/"]}]},"product_brand":"Biove","product_price_amount":"17.68","product_price_currency":"EUR","og_availability":"instock","product_availability":"instock","product_retailer_item_id":"C-MIL016","product_condition":"new"},"_links":{"self":[{"href":"https:\/\/www.vetorino.com\/veterinaire\/mandreslesroses-94520\/boutique\/wp-json\/wp\/v2\/product\/99687","targetHints":{"allow":["GET"]}}],"collection":[{"href":"https:\/\/www.vetorino.com\/veterinaire\/mandreslesroses-94520\/boutique\/wp-json\/wp\/v2\/product"}],"about":[{"href":"https:\/\/www.vetorino.com\/veterinaire\/mandreslesroses-94520\/boutique\/wp-json\/wp\/v2\/types\/product"}],"wp:featuredmedia":[{"embeddable":true,"href":"https:\/\/www.vetorino.com\/veterinaire\/mandreslesroses-94520\/boutique\/wp-json\/wp\/v2\/media\/1430825"}],"wp:attachment":[{"href":"https:\/\/www.vetorino.com\/veterinaire\/mandreslesroses-94520\/boutique\/wp-json\/wp\/v2\/media?parent=99687"}],"wp:term":[{"taxonomy":"product_cat","embeddable":true,"href":"https:\/\/www.vetorino.com\/veterinaire\/mandreslesroses-94520\/boutique\/wp-json\/wp\/v2\/product_cat?post=99687"},{"taxonomy":"product_tag","embeddable":true,"href":"https:\/\/www.vetorino.com\/veterinaire\/mandreslesroses-94520\/boutique\/wp-json\/wp\/v2\/product_tag?post=99687"}],"curies":[{"name":"wp","href":"https:\/\/api.w.org\/{rel}","templated":true}]}}