{"id":1652833,"date":"2026-01-12T15:42:04","date_gmt":"2026-01-12T14:42:04","guid":{"rendered":"https:\/\/www.vetorino.com\/boutique\/product\/carbo-digest-2\/"},"modified":"2026-01-13T14:04:04","modified_gmt":"2026-01-13T13:04:04","slug":"carbo-digest-2","status":"publish","type":"product","link":"https:\/\/www.vetorino.com\/veterinaire\/marboz-01851\/boutique\/product\/carbo-digest-2\/","title":{"rendered":"Carbo Digest &#8211; chien, chat"},"content":{"rendered":"<div class=\"tabs product-tabs visible--desktop\">\n<div id=\"tab-content\" class=\"tab-content mb-4\">\n<div id=\"description\" class=\"tab-pane fade show active\" role=\"tabpanel\">\n<div class=\"product-description\">\n<p>La pr\u00e9sentation poudre permet une<strong> formulation 100% efficace<\/strong> : ne n\u00e9cessitant pas d\u2019adjuvants technologiques, Carbo Digest <strong>ne contient que des ingr\u00e9dients actifs.<\/strong><\/p>\n<p><strong>Le charbon v\u00e9g\u00e9tal, l\u2019argile bentonite et les parois de levures<\/strong> \u00e0 haute concentration sont associ\u00e9es ;<\/p>\n<ul>\n<li>Pour am\u00e9liorer l\u2019absorption des gaz, des toxines et de l\u2019eau<\/li>\n<li>Pour assurer la protection de la muqueuse intestinale<\/li>\n<li>Pour renforcer l\u2019immunit\u00e9 locale<\/li>\n<li>Et pour renforcer le microbiote en limitant le d\u00e9veloppement des bact\u00e9ries pathog\u00e8nes.<\/li>\n<\/ul>\n<p>Les parois de levures sont appr\u00e9ci\u00e9es par les chiens ce qui rend le produit app\u00e9tant m\u00eame sur des croquettes. Il faudra en revanche m\u00e9langer Carbo Digest \u00e0 une alimentation humide chez le chat.<\/p>\n<p><strong>Utilisation<\/strong><\/p>\n<p>Pour chien et chat ; 1 dosette rase contient 5g de Carbo Digest<\/p>\n<p><em><strong>Carbo Digest se distribue m\u00e9lang\u00e9 \u00e0 la ration pendant 5 \u00e0 10j.<\/strong><\/em><\/p>\n<\/div>\n<\/div>\n<\/div>\n<\/div>\n","protected":false},"excerpt":{"rendered":"<p>Aliment compl\u00e9mentaire formul\u00e9 pour<strong> lutter efficacement contre les troubles digestifs aigus ou chroniques<\/strong> (diarrh\u00e9e, flatulence, syndrome malabsorption\/maldigestion\u2026) <strong>et les intoxications l\u00e9g\u00e8res. <\/strong><\/p>\n<p>Le produit se pr\u00e9sente sous la forme d\u2019une <strong>poudre \u00e0 m\u00e9langer avec la ration.<\/strong><\/p>\n<p>Des essais sur des chiots autour du sevrage atteints de giardiose et pr\u00e9sentant des selles tr\u00e8s liquides ont montr\u00e9 un<strong> retour rapide (5 \u00e0 6\u00a0 jours) \u00e0 un score f\u00e9cal satisfaisant.<\/strong><\/p>\n","protected":false},"featured_media":1652835,"template":"","meta":[],"product_cat":[2730,2738,2697,2698],"product_tag":[],"class_list":{"0":"post-1652833","1":"product","2":"type-product","3":"status-publish","4":"has-post-thumbnail","6":"product_cat-aliments-complementaires-pour-chat","7":"product_cat-aliments-complementaires-pour-chien","8":"product_cat-chat","9":"product_cat-chien","10":"pa_marque-nutri-science","12":"first","13":"instock","14":"taxable","15":"shipping-taxable","16":"purchasable","17":"product-type-simple"},"yoast_head":"<!-- This site is optimized with the Yoast SEO plugin v27.3 - https:\/\/yoast.com\/product\/yoast-seo-wordpress\/ -->\n<title>Carbo Digest - chien, chat Obione - V\u00e9torino<\/title>\n<meta name=\"description\" content=\"Aliment compl\u00e9mentaire formul\u00e9 pour lutter efficacement contre les troubles digestifs aigus ou chroniques (diarrh\u00e9e, flatulence, syndrome malabsorption\/maldigestion\u2026) et les intoxications l\u00e9g\u00e8res.   Le produit se pr\u00e9sente sous la forme d\u2019une poudre \u00e0 m\u00e9langer avec la ration.  Des essais sur des chiots autour du sevrage atteints de giardiose et pr\u00e9sentant des selles tr\u00e8s liquides ont montr\u00e9 un retour rapide (5 \u00e0 6\u00a0 jours) \u00e0 un score f\u00e9cal satisfaisant.\" \/>\n<meta name=\"robots\" content=\"noindex, nofollow\" \/>\n<meta property=\"og:locale\" content=\"fr_FR\" \/>\n<meta property=\"og:type\" content=\"article\" \/>\n<meta property=\"og:title\" content=\"Carbo Digest - chien, chat Obione - V\u00e9torino\" \/>\n<meta property=\"og:description\" content=\"Aliment compl\u00e9mentaire formul\u00e9 pour lutter efficacement contre les troubles digestifs aigus ou chroniques (diarrh\u00e9e, flatulence, syndrome malabsorption\/maldigestion\u2026) et les intoxications l\u00e9g\u00e8res.   Le produit se pr\u00e9sente sous la forme d\u2019une poudre \u00e0 m\u00e9langer avec la ration.  Des essais sur des chiots autour du sevrage atteints de giardiose et pr\u00e9sentant des selles tr\u00e8s liquides ont montr\u00e9 un retour rapide (5 \u00e0 6\u00a0 jours) \u00e0 un score f\u00e9cal satisfaisant.\" \/>\n<meta property=\"og:url\" content=\"https:\/\/www.vetorino.com\/veterinaire\/marboz-01851\/boutique\/product\/carbo-digest-2\/\" \/>\n<meta property=\"og:site_name\" content=\"V\u00e9torino\" \/>\n<meta property=\"article:publisher\" content=\"https:\/\/www.facebook.com\/Vetorino\/\" \/>\n<meta property=\"article:modified_time\" content=\"2026-01-13T13:04:04+00:00\" \/>\n<meta property=\"og:image\" content=\"https:\/\/www.vetorino.com\/boutique\/wp-content\/uploads\/2026\/01\/obione-pets-carbo-digest-complement-digestif-chien-chat.webp\" \/>\n\t<meta property=\"og:image:width\" content=\"800\" \/>\n\t<meta property=\"og:image:height\" content=\"800\" \/>\n\t<meta property=\"og:image:type\" content=\"image\/webp\" \/>\n<meta name=\"twitter:card\" content=\"summary_large_image\" \/>\n<meta name=\"twitter:label1\" content=\"Prix\" \/>\n\t<meta name=\"twitter:data1\" content=\"13,78&euro;\" \/>\n\t<meta name=\"twitter:label2\" content=\"Disponibilit\u00e9\" \/>\n\t<meta name=\"twitter:data2\" content=\"En stock\" \/>\n<script type=\"application\/ld+json\" class=\"yoast-schema-graph\">{\"@context\":\"https:\\\/\\\/schema.org\",\"@graph\":[{\"@type\":\"WebPage\",\"@id\":\"https:\\\/\\\/www.vetorino.com\\\/boutique\\\/product\\\/carbo-digest-2\\\/\",\"url\":\"https:\\\/\\\/www.vetorino.com\\\/boutique\\\/product\\\/carbo-digest-2\\\/\",\"name\":\"Carbo Digest - chien, chat Obione - V\u00e9torino\",\"isPartOf\":{\"@id\":\"https:\\\/\\\/www.vetorino.com\\\/boutique\\\/#website\"},\"primaryImageOfPage\":{\"@id\":\"https:\\\/\\\/www.vetorino.com\\\/boutique\\\/product\\\/carbo-digest-2\\\/#primaryimage\"},\"image\":{\"@id\":\"https:\\\/\\\/www.vetorino.com\\\/boutique\\\/product\\\/carbo-digest-2\\\/#primaryimage\"},\"thumbnailUrl\":\"https:\\\/\\\/www.vetorino.com\\\/boutique\\\/wp-content\\\/uploads\\\/2026\\\/01\\\/obione-pets-carbo-digest-complement-digestif-chien-chat.webp\",\"datePublished\":\"2026-01-12T14:42:04+00:00\",\"dateModified\":\"2026-01-13T13:04:04+00:00\",\"description\":\"Aliment compl\u00e9mentaire formul\u00e9 pour lutter efficacement contre les troubles digestifs aigus ou chroniques (diarrh\u00e9e, flatulence, syndrome malabsorption\\\/maldigestion\u2026) et les intoxications l\u00e9g\u00e8res. Le produit se pr\u00e9sente sous la forme d\u2019une poudre \u00e0 m\u00e9langer avec la ration. Des essais sur des chiots autour du sevrage atteints de giardiose et pr\u00e9sentant des selles tr\u00e8s liquides ont montr\u00e9 un retour rapide (5 \u00e0 6\u00a0 jours) \u00e0 un score f\u00e9cal satisfaisant.\",\"breadcrumb\":{\"@id\":\"https:\\\/\\\/www.vetorino.com\\\/boutique\\\/product\\\/carbo-digest-2\\\/#breadcrumb\"},\"inLanguage\":\"fr-FR\",\"potentialAction\":[{\"@type\":\"ReadAction\",\"target\":[\"https:\\\/\\\/www.vetorino.com\\\/boutique\\\/product\\\/carbo-digest-2\\\/\"]}]},{\"@type\":\"ImageObject\",\"inLanguage\":\"fr-FR\",\"@id\":\"https:\\\/\\\/www.vetorino.com\\\/boutique\\\/product\\\/carbo-digest-2\\\/#primaryimage\",\"url\":\"https:\\\/\\\/www.vetorino.com\\\/boutique\\\/wp-content\\\/uploads\\\/2026\\\/01\\\/obione-pets-carbo-digest-complement-digestif-chien-chat.webp\",\"contentUrl\":\"https:\\\/\\\/www.vetorino.com\\\/boutique\\\/wp-content\\\/uploads\\\/2026\\\/01\\\/obione-pets-carbo-digest-complement-digestif-chien-chat.webp\",\"width\":800,\"height\":800},{\"@type\":\"BreadcrumbList\",\"@id\":\"https:\\\/\\\/www.vetorino.com\\\/boutique\\\/product\\\/carbo-digest-2\\\/#breadcrumb\",\"itemListElement\":[{\"@type\":\"ListItem\",\"position\":1,\"name\":\"Accueil\",\"item\":\"https:\\\/\\\/www.vetorino.com\\\/boutique\\\/\"},{\"@type\":\"ListItem\",\"position\":2,\"name\":\"Produits\",\"item\":\"https:\\\/\\\/www.vetorino.com\\\/boutique\\\/\"},{\"@type\":\"ListItem\",\"position\":3,\"name\":\"Carbo Digest &#8211; chien, chat\"}]},{\"@type\":\"WebSite\",\"@id\":\"https:\\\/\\\/www.vetorino.com\\\/boutique\\\/#website\",\"url\":\"https:\\\/\\\/www.vetorino.com\\\/boutique\\\/\",\"name\":\"V\u00e9torino\",\"description\":\"\",\"publisher\":{\"@id\":\"https:\\\/\\\/www.vetorino.com\\\/boutique\\\/#organization\"},\"potentialAction\":[{\"@type\":\"SearchAction\",\"target\":{\"@type\":\"EntryPoint\",\"urlTemplate\":\"https:\\\/\\\/www.vetorino.com\\\/boutique\\\/?s={search_term_string}\"},\"query-input\":{\"@type\":\"PropertyValueSpecification\",\"valueRequired\":true,\"valueName\":\"search_term_string\"}}],\"inLanguage\":\"fr-FR\"},{\"@type\":\"Organization\",\"@id\":\"https:\\\/\\\/www.vetorino.com\\\/boutique\\\/#organization\",\"name\":\"V\u00e9torino\",\"url\":\"https:\\\/\\\/www.vetorino.com\\\/boutique\\\/\",\"logo\":{\"@type\":\"ImageObject\",\"inLanguage\":\"fr-FR\",\"@id\":\"https:\\\/\\\/www.vetorino.com\\\/boutique\\\/#\\\/schema\\\/logo\\\/image\\\/\",\"url\":\"https:\\\/\\\/www.vetorino.com\\\/boutique\\\/wp-content\\\/uploads\\\/2024\\\/10\\\/logo.jpg\",\"contentUrl\":\"https:\\\/\\\/www.vetorino.com\\\/boutique\\\/wp-content\\\/uploads\\\/2024\\\/10\\\/logo.jpg\",\"width\":1200,\"height\":610,\"caption\":\"V\u00e9torino\"},\"image\":{\"@id\":\"https:\\\/\\\/www.vetorino.com\\\/boutique\\\/#\\\/schema\\\/logo\\\/image\\\/\"},\"sameAs\":[\"https:\\\/\\\/www.facebook.com\\\/Vetorino\\\/\",\"https:\\\/\\\/www.instagram.com\\\/vetorino_off\\\/\",\"https:\\\/\\\/www.linkedin.com\\\/company\\\/vtorino\\\/\"]}]}<\/script>\n<meta property=\"product:brand\" content=\"Obione\" \/>\n<meta property=\"product:price:amount\" content=\"13.78\" \/>\n<meta property=\"product:price:currency\" content=\"EUR\" \/>\n<meta property=\"og:availability\" content=\"instock\" \/>\n<meta property=\"product:availability\" content=\"instock\" \/>\n<meta property=\"product:retailer_item_id\" content=\"A-1874290\" \/>\n<meta property=\"product:condition\" content=\"new\" \/>\n<!-- \/ Yoast SEO plugin. -->","yoast_head_json":{"title":"Carbo Digest - chien, chat Obione - V\u00e9torino","description":"Aliment compl\u00e9mentaire formul\u00e9 pour lutter efficacement contre les troubles digestifs aigus ou chroniques (diarrh\u00e9e, flatulence, syndrome malabsorption\/maldigestion\u2026) et les intoxications l\u00e9g\u00e8res.   Le produit se pr\u00e9sente sous la forme d\u2019une poudre \u00e0 m\u00e9langer avec la ration.  Des essais sur des chiots autour du sevrage atteints de giardiose et pr\u00e9sentant des selles tr\u00e8s liquides ont montr\u00e9 un retour rapide (5 \u00e0 6\u00a0 jours) \u00e0 un score f\u00e9cal satisfaisant.","robots":{"index":"noindex","follow":"nofollow"},"og_locale":"fr_FR","og_type":"article","og_title":"Carbo Digest - chien, chat Obione - V\u00e9torino","og_description":"Aliment compl\u00e9mentaire formul\u00e9 pour lutter efficacement contre les troubles digestifs aigus ou chroniques (diarrh\u00e9e, flatulence, syndrome malabsorption\/maldigestion\u2026) et les intoxications l\u00e9g\u00e8res.   Le produit se pr\u00e9sente sous la forme d\u2019une poudre \u00e0 m\u00e9langer avec la ration.  Des essais sur des chiots autour du sevrage atteints de giardiose et pr\u00e9sentant des selles tr\u00e8s liquides ont montr\u00e9 un retour rapide (5 \u00e0 6\u00a0 jours) \u00e0 un score f\u00e9cal satisfaisant.","og_url":"https:\/\/www.vetorino.com\/veterinaire\/marboz-01851\/boutique\/product\/carbo-digest-2\/","og_site_name":"V\u00e9torino","article_publisher":"https:\/\/www.facebook.com\/Vetorino\/","article_modified_time":"2026-01-13T13:04:04+00:00","og_image":[{"width":800,"height":800,"url":"https:\/\/www.vetorino.com\/boutique\/wp-content\/uploads\/2026\/01\/obione-pets-carbo-digest-complement-digestif-chien-chat.webp","type":"image\/webp"}],"twitter_card":"summary_large_image","twitter_misc":{"Prix":"13,78&euro;","Disponibilit\u00e9":"En stock"},"schema":{"@context":"https:\/\/schema.org","@graph":[{"@type":"WebPage","@id":"https:\/\/www.vetorino.com\/boutique\/product\/carbo-digest-2\/","url":"https:\/\/www.vetorino.com\/boutique\/product\/carbo-digest-2\/","name":"Carbo Digest - chien, chat Obione - V\u00e9torino","isPartOf":{"@id":"https:\/\/www.vetorino.com\/boutique\/#website"},"primaryImageOfPage":{"@id":"https:\/\/www.vetorino.com\/boutique\/product\/carbo-digest-2\/#primaryimage"},"image":{"@id":"https:\/\/www.vetorino.com\/boutique\/product\/carbo-digest-2\/#primaryimage"},"thumbnailUrl":"https:\/\/www.vetorino.com\/boutique\/wp-content\/uploads\/2026\/01\/obione-pets-carbo-digest-complement-digestif-chien-chat.webp","datePublished":"2026-01-12T14:42:04+00:00","dateModified":"2026-01-13T13:04:04+00:00","description":"Aliment compl\u00e9mentaire formul\u00e9 pour lutter efficacement contre les troubles digestifs aigus ou chroniques (diarrh\u00e9e, flatulence, syndrome malabsorption\/maldigestion\u2026) et les intoxications l\u00e9g\u00e8res. Le produit se pr\u00e9sente sous la forme d\u2019une poudre \u00e0 m\u00e9langer avec la ration. Des essais sur des chiots autour du sevrage atteints de giardiose et pr\u00e9sentant des selles tr\u00e8s liquides ont montr\u00e9 un retour rapide (5 \u00e0 6\u00a0 jours) \u00e0 un score f\u00e9cal satisfaisant.","breadcrumb":{"@id":"https:\/\/www.vetorino.com\/boutique\/product\/carbo-digest-2\/#breadcrumb"},"inLanguage":"fr-FR","potentialAction":[{"@type":"ReadAction","target":["https:\/\/www.vetorino.com\/boutique\/product\/carbo-digest-2\/"]}]},{"@type":"ImageObject","inLanguage":"fr-FR","@id":"https:\/\/www.vetorino.com\/boutique\/product\/carbo-digest-2\/#primaryimage","url":"https:\/\/www.vetorino.com\/boutique\/wp-content\/uploads\/2026\/01\/obione-pets-carbo-digest-complement-digestif-chien-chat.webp","contentUrl":"https:\/\/www.vetorino.com\/boutique\/wp-content\/uploads\/2026\/01\/obione-pets-carbo-digest-complement-digestif-chien-chat.webp","width":800,"height":800},{"@type":"BreadcrumbList","@id":"https:\/\/www.vetorino.com\/boutique\/product\/carbo-digest-2\/#breadcrumb","itemListElement":[{"@type":"ListItem","position":1,"name":"Accueil","item":"https:\/\/www.vetorino.com\/boutique\/"},{"@type":"ListItem","position":2,"name":"Produits","item":"https:\/\/www.vetorino.com\/boutique\/"},{"@type":"ListItem","position":3,"name":"Carbo Digest &#8211; chien, chat"}]},{"@type":"WebSite","@id":"https:\/\/www.vetorino.com\/boutique\/#website","url":"https:\/\/www.vetorino.com\/boutique\/","name":"V\u00e9torino","description":"","publisher":{"@id":"https:\/\/www.vetorino.com\/boutique\/#organization"},"potentialAction":[{"@type":"SearchAction","target":{"@type":"EntryPoint","urlTemplate":"https:\/\/www.vetorino.com\/boutique\/?s={search_term_string}"},"query-input":{"@type":"PropertyValueSpecification","valueRequired":true,"valueName":"search_term_string"}}],"inLanguage":"fr-FR"},{"@type":"Organization","@id":"https:\/\/www.vetorino.com\/boutique\/#organization","name":"V\u00e9torino","url":"https:\/\/www.vetorino.com\/boutique\/","logo":{"@type":"ImageObject","inLanguage":"fr-FR","@id":"https:\/\/www.vetorino.com\/boutique\/#\/schema\/logo\/image\/","url":"https:\/\/www.vetorino.com\/boutique\/wp-content\/uploads\/2024\/10\/logo.jpg","contentUrl":"https:\/\/www.vetorino.com\/boutique\/wp-content\/uploads\/2024\/10\/logo.jpg","width":1200,"height":610,"caption":"V\u00e9torino"},"image":{"@id":"https:\/\/www.vetorino.com\/boutique\/#\/schema\/logo\/image\/"},"sameAs":["https:\/\/www.facebook.com\/Vetorino\/","https:\/\/www.instagram.com\/vetorino_off\/","https:\/\/www.linkedin.com\/company\/vtorino\/"]}]},"product_brand":"Obione","product_price_amount":"13.78","product_price_currency":"EUR","og_availability":"instock","product_availability":"instock","product_retailer_item_id":"A-1874290","product_condition":"new"},"_links":{"self":[{"href":"https:\/\/www.vetorino.com\/veterinaire\/marboz-01851\/boutique\/wp-json\/wp\/v2\/product\/1652833","targetHints":{"allow":["GET"]}}],"collection":[{"href":"https:\/\/www.vetorino.com\/veterinaire\/marboz-01851\/boutique\/wp-json\/wp\/v2\/product"}],"about":[{"href":"https:\/\/www.vetorino.com\/veterinaire\/marboz-01851\/boutique\/wp-json\/wp\/v2\/types\/product"}],"wp:featuredmedia":[{"embeddable":true,"href":"https:\/\/www.vetorino.com\/veterinaire\/marboz-01851\/boutique\/wp-json\/wp\/v2\/media\/1652835"}],"wp:attachment":[{"href":"https:\/\/www.vetorino.com\/veterinaire\/marboz-01851\/boutique\/wp-json\/wp\/v2\/media?parent=1652833"}],"wp:term":[{"taxonomy":"product_cat","embeddable":true,"href":"https:\/\/www.vetorino.com\/veterinaire\/marboz-01851\/boutique\/wp-json\/wp\/v2\/product_cat?post=1652833"},{"taxonomy":"product_tag","embeddable":true,"href":"https:\/\/www.vetorino.com\/veterinaire\/marboz-01851\/boutique\/wp-json\/wp\/v2\/product_tag?post=1652833"}],"curies":[{"name":"wp","href":"https:\/\/api.w.org\/{rel}","templated":true}]}}