{"id":186893,"date":"2021-05-31T20:25:51","date_gmt":"2021-05-31T18:25:51","guid":{"rendered":"https:\/\/www.vetorino.com\/boutique\/product\/vetexpert-art-asu-s\/"},"modified":"2025-11-24T14:51:25","modified_gmt":"2025-11-24T13:51:25","slug":"vetexpert-art-asu-s","status":"publish","type":"product","link":"https:\/\/www.vetorino.com\/veterinaire\/marboz-01851\/boutique\/product\/vetexpert-art-asu-s\/","title":{"rendered":"Vetexpert Art-Asuh S &#8211; chien &amp; chat"},"content":{"rendered":"<p>La\u00a0<strong>glucosamine<\/strong>\u00a0acc\u00e9l\u00e8re la synth\u00e8se des glycosaminoglycanes qui sont des composants de la matrice intercellulaire des tissus cartilagineux et diminue leur d\u00e9gradation par la collag\u00e9nase.<\/p>\n<p>La\u00a0<strong>chondro\u00eftine<\/strong>\u00a0et l\u2019<strong>acide hyaluronique<\/strong>\u00a0augmentent le niveau d\u2019hydratation du cartilage articulaire et renforcent ainsi sa exibilit\u00e9, sa r\u00e9sistance aux traumatismes et sa capacit\u00e9 \u00e0 supporter le poids en mouvement. Le m\u00e9lange d\u2019extraits d\u2019harpagophytum procumbens et d\u2019insaponiables d\u2019avocat et de soja (ASU) poss\u00e8de des propri\u00e9t\u00e9s anti-inammatoires. Ses composants limitent la production de substances pro inammatoires et sont dot\u00e9s de propri\u00e9t\u00e9s analg\u00e9siques et anti-\u0153d\u00e9mateuses.<\/p>\n<p>La<strong>\u00a0vitamine C<\/strong>, le\u00a0<strong>mangan\u00e8se<\/strong>, participent en tant que coenzymes aux processus de synth\u00e8se des prot\u00e9ines de la matrice intercellulaire du cartilage et notamment du collag\u00e8ne. La vitamine C permet aussi de neutraliser les radicaux libres nocifs au sein des articulations.<\/p>\n<p>Le<strong>\u00a0cuivre<\/strong>\u00a0et le\u00a0<strong>zinc<\/strong>\u00a0ont des propri\u00e9t\u00e9s anti-oxydantes. Le cuivre comme composant de la lysyl oxydase, est un \u00e9l\u00e9ment essentiel \u00e0 la synth\u00e8se du tissu cartilagineux.<\/p>\n<p>La<strong>\u00a0L-carnitine<\/strong>\u00a0aide \u00e0 r\u00e9duire le poids corporel. Elle facilite la production d\u2019\u00e9nergie \u00e0 partir des acides gras dans les mitochondries, ce qui limite leur d\u00e9p\u00f4t sous forme de tissus adipeux et r\u00e9duit ainsi la charge exerc\u00e9e sur les articulations<\/p>\n","protected":false},"excerpt":{"rendered":"<p>Le produit est destin\u00e9 aux <strong>chats et aux chiens de petite race<\/strong> pour maintenir <strong>le bon fonctionnement des cartilages articulaires et des articulations.<\/strong><\/p>\n<p>Il est recommand\u00e9 pour les jeunes animaux pendant la <strong>p\u00e9riode de croissance intensive<\/strong> ainsi que pour les animaux plus <strong>\u00e2g\u00e9s.<\/strong><\/p>\n","protected":false},"featured_media":1582077,"template":"","meta":[],"product_cat":[2730,2738,2697,2698,12632,12633],"product_tag":[],"class_list":{"0":"post-186893","1":"product","2":"type-product","3":"status-publish","4":"has-post-thumbnail","6":"product_cat-aliments-complementaires-pour-chat","7":"product_cat-aliments-complementaires-pour-chien","8":"product_cat-chat","9":"product_cat-chien","10":"product_cat-soutien-articulaire-du-chat","11":"product_cat-soutien-articulaire-du-chien","12":"pa_marque-vetexpert","14":"first","15":"instock","16":"taxable","17":"shipping-taxable","18":"purchasable","19":"product-type-simple"},"yoast_head":"<!-- This site is optimized with the Yoast SEO plugin v27.3 - https:\/\/yoast.com\/product\/yoast-seo-wordpress\/ -->\n<title>Vetexpert Art-Asuh S - chien &amp; chat Vetexpert - V\u00e9torino<\/title>\n<meta name=\"description\" content=\"Le produit est destin\u00e9 aux chats et aux chiens de petite race pour maintenir le bon fonctionnement des cartilages articulaires et des articulations.  Il est recommand\u00e9 pour les jeunes animaux pendant la p\u00e9riode de croissance intensive ainsi que pour les animaux plus \u00e2g\u00e9s.\" \/>\n<meta name=\"robots\" content=\"noindex, nofollow\" \/>\n<meta property=\"og:locale\" content=\"fr_FR\" \/>\n<meta property=\"og:type\" content=\"article\" \/>\n<meta property=\"og:title\" content=\"Vetexpert Art-Asuh S - chien &amp; chat Vetexpert - V\u00e9torino\" \/>\n<meta property=\"og:description\" content=\"Le produit est destin\u00e9 aux chats et aux chiens de petite race pour maintenir le bon fonctionnement des cartilages articulaires et des articulations.  Il est recommand\u00e9 pour les jeunes animaux pendant la p\u00e9riode de croissance intensive ainsi que pour les animaux plus \u00e2g\u00e9s.\" \/>\n<meta property=\"og:url\" content=\"https:\/\/www.vetorino.com\/veterinaire\/marboz-01851\/boutique\/product\/vetexpert-art-asu-s\/\" \/>\n<meta property=\"og:site_name\" content=\"V\u00e9torino\" \/>\n<meta property=\"article:publisher\" content=\"https:\/\/www.facebook.com\/Vetorino\/\" \/>\n<meta property=\"article:modified_time\" content=\"2025-11-24T13:51:25+00:00\" \/>\n<meta property=\"og:image\" content=\"https:\/\/www.vetorino.com\/boutique\/wp-content\/uploads\/2021\/05\/art-asu-s.webp\" \/>\n\t<meta property=\"og:image:width\" content=\"800\" \/>\n\t<meta property=\"og:image:height\" content=\"800\" \/>\n\t<meta property=\"og:image:type\" content=\"image\/webp\" \/>\n<meta name=\"twitter:card\" content=\"summary_large_image\" \/>\n<meta name=\"twitter:label1\" content=\"Prix\" \/>\n\t<meta name=\"twitter:data1\" content=\"37,78&euro;\" \/>\n\t<meta name=\"twitter:label2\" content=\"Disponibilit\u00e9\" \/>\n\t<meta name=\"twitter:data2\" content=\"En stock\" \/>\n<script type=\"application\/ld+json\" class=\"yoast-schema-graph\">{\"@context\":\"https:\\\/\\\/schema.org\",\"@graph\":[{\"@type\":\"WebPage\",\"@id\":\"https:\\\/\\\/www.vetorino.com\\\/boutique\\\/product\\\/vetexpert-art-asu-s\\\/\",\"url\":\"https:\\\/\\\/www.vetorino.com\\\/boutique\\\/product\\\/vetexpert-art-asu-s\\\/\",\"name\":\"Vetexpert Art-Asuh S - chien &amp; chat Vetexpert - V\u00e9torino\",\"isPartOf\":{\"@id\":\"https:\\\/\\\/www.vetorino.com\\\/boutique\\\/#website\"},\"primaryImageOfPage\":{\"@id\":\"https:\\\/\\\/www.vetorino.com\\\/boutique\\\/product\\\/vetexpert-art-asu-s\\\/#primaryimage\"},\"image\":{\"@id\":\"https:\\\/\\\/www.vetorino.com\\\/boutique\\\/product\\\/vetexpert-art-asu-s\\\/#primaryimage\"},\"thumbnailUrl\":\"https:\\\/\\\/www.vetorino.com\\\/boutique\\\/wp-content\\\/uploads\\\/2021\\\/05\\\/art-asu-s.webp\",\"datePublished\":\"2021-05-31T18:25:51+00:00\",\"dateModified\":\"2025-11-24T13:51:25+00:00\",\"description\":\"Le produit est destin\u00e9 aux chats et aux chiens de petite race pour maintenir le bon fonctionnement des cartilages articulaires et des articulations. Il est recommand\u00e9 pour les jeunes animaux pendant la p\u00e9riode de croissance intensive ainsi que pour les animaux plus \u00e2g\u00e9s.\",\"breadcrumb\":{\"@id\":\"https:\\\/\\\/www.vetorino.com\\\/boutique\\\/product\\\/vetexpert-art-asu-s\\\/#breadcrumb\"},\"inLanguage\":\"fr-FR\",\"potentialAction\":[{\"@type\":\"ReadAction\",\"target\":[\"https:\\\/\\\/www.vetorino.com\\\/boutique\\\/product\\\/vetexpert-art-asu-s\\\/\"]}]},{\"@type\":\"ImageObject\",\"inLanguage\":\"fr-FR\",\"@id\":\"https:\\\/\\\/www.vetorino.com\\\/boutique\\\/product\\\/vetexpert-art-asu-s\\\/#primaryimage\",\"url\":\"https:\\\/\\\/www.vetorino.com\\\/boutique\\\/wp-content\\\/uploads\\\/2021\\\/05\\\/art-asu-s.webp\",\"contentUrl\":\"https:\\\/\\\/www.vetorino.com\\\/boutique\\\/wp-content\\\/uploads\\\/2021\\\/05\\\/art-asu-s.webp\",\"width\":800,\"height\":800},{\"@type\":\"BreadcrumbList\",\"@id\":\"https:\\\/\\\/www.vetorino.com\\\/boutique\\\/product\\\/vetexpert-art-asu-s\\\/#breadcrumb\",\"itemListElement\":[{\"@type\":\"ListItem\",\"position\":1,\"name\":\"Accueil\",\"item\":\"https:\\\/\\\/www.vetorino.com\\\/boutique\\\/\"},{\"@type\":\"ListItem\",\"position\":2,\"name\":\"Produits\",\"item\":\"https:\\\/\\\/www.vetorino.com\\\/boutique\\\/\"},{\"@type\":\"ListItem\",\"position\":3,\"name\":\"Vetexpert Art-Asuh S &#8211; chien &amp; chat\"}]},{\"@type\":\"WebSite\",\"@id\":\"https:\\\/\\\/www.vetorino.com\\\/boutique\\\/#website\",\"url\":\"https:\\\/\\\/www.vetorino.com\\\/boutique\\\/\",\"name\":\"V\u00e9torino\",\"description\":\"\",\"publisher\":{\"@id\":\"https:\\\/\\\/www.vetorino.com\\\/boutique\\\/#organization\"},\"potentialAction\":[{\"@type\":\"SearchAction\",\"target\":{\"@type\":\"EntryPoint\",\"urlTemplate\":\"https:\\\/\\\/www.vetorino.com\\\/boutique\\\/?s={search_term_string}\"},\"query-input\":{\"@type\":\"PropertyValueSpecification\",\"valueRequired\":true,\"valueName\":\"search_term_string\"}}],\"inLanguage\":\"fr-FR\"},{\"@type\":\"Organization\",\"@id\":\"https:\\\/\\\/www.vetorino.com\\\/boutique\\\/#organization\",\"name\":\"V\u00e9torino\",\"url\":\"https:\\\/\\\/www.vetorino.com\\\/boutique\\\/\",\"logo\":{\"@type\":\"ImageObject\",\"inLanguage\":\"fr-FR\",\"@id\":\"https:\\\/\\\/www.vetorino.com\\\/boutique\\\/#\\\/schema\\\/logo\\\/image\\\/\",\"url\":\"https:\\\/\\\/www.vetorino.com\\\/boutique\\\/wp-content\\\/uploads\\\/2024\\\/10\\\/logo.jpg\",\"contentUrl\":\"https:\\\/\\\/www.vetorino.com\\\/boutique\\\/wp-content\\\/uploads\\\/2024\\\/10\\\/logo.jpg\",\"width\":1200,\"height\":610,\"caption\":\"V\u00e9torino\"},\"image\":{\"@id\":\"https:\\\/\\\/www.vetorino.com\\\/boutique\\\/#\\\/schema\\\/logo\\\/image\\\/\"},\"sameAs\":[\"https:\\\/\\\/www.facebook.com\\\/Vetorino\\\/\",\"https:\\\/\\\/www.instagram.com\\\/vetorino_off\\\/\",\"https:\\\/\\\/www.linkedin.com\\\/company\\\/vtorino\\\/\"]}]}<\/script>\n<meta property=\"product:brand\" content=\"Vetexpert\" \/>\n<meta property=\"product:price:amount\" content=\"37.78\" \/>\n<meta property=\"product:price:currency\" content=\"EUR\" \/>\n<meta property=\"og:availability\" content=\"instock\" \/>\n<meta property=\"product:availability\" content=\"instock\" \/>\n<meta property=\"product:retailer_item_id\" content=\"A-8134651\" \/>\n<meta property=\"product:condition\" content=\"new\" \/>\n<!-- \/ Yoast SEO plugin. -->","yoast_head_json":{"title":"Vetexpert Art-Asuh S - chien &amp; chat Vetexpert - V\u00e9torino","description":"Le produit est destin\u00e9 aux chats et aux chiens de petite race pour maintenir le bon fonctionnement des cartilages articulaires et des articulations.  Il est recommand\u00e9 pour les jeunes animaux pendant la p\u00e9riode de croissance intensive ainsi que pour les animaux plus \u00e2g\u00e9s.","robots":{"index":"noindex","follow":"nofollow"},"og_locale":"fr_FR","og_type":"article","og_title":"Vetexpert Art-Asuh S - chien &amp; chat Vetexpert - V\u00e9torino","og_description":"Le produit est destin\u00e9 aux chats et aux chiens de petite race pour maintenir le bon fonctionnement des cartilages articulaires et des articulations.  Il est recommand\u00e9 pour les jeunes animaux pendant la p\u00e9riode de croissance intensive ainsi que pour les animaux plus \u00e2g\u00e9s.","og_url":"https:\/\/www.vetorino.com\/veterinaire\/marboz-01851\/boutique\/product\/vetexpert-art-asu-s\/","og_site_name":"V\u00e9torino","article_publisher":"https:\/\/www.facebook.com\/Vetorino\/","article_modified_time":"2025-11-24T13:51:25+00:00","og_image":[{"width":800,"height":800,"url":"https:\/\/www.vetorino.com\/boutique\/wp-content\/uploads\/2021\/05\/art-asu-s.webp","type":"image\/webp"}],"twitter_card":"summary_large_image","twitter_misc":{"Prix":"37,78&euro;","Disponibilit\u00e9":"En stock"},"schema":{"@context":"https:\/\/schema.org","@graph":[{"@type":"WebPage","@id":"https:\/\/www.vetorino.com\/boutique\/product\/vetexpert-art-asu-s\/","url":"https:\/\/www.vetorino.com\/boutique\/product\/vetexpert-art-asu-s\/","name":"Vetexpert Art-Asuh S - chien &amp; chat Vetexpert - V\u00e9torino","isPartOf":{"@id":"https:\/\/www.vetorino.com\/boutique\/#website"},"primaryImageOfPage":{"@id":"https:\/\/www.vetorino.com\/boutique\/product\/vetexpert-art-asu-s\/#primaryimage"},"image":{"@id":"https:\/\/www.vetorino.com\/boutique\/product\/vetexpert-art-asu-s\/#primaryimage"},"thumbnailUrl":"https:\/\/www.vetorino.com\/boutique\/wp-content\/uploads\/2021\/05\/art-asu-s.webp","datePublished":"2021-05-31T18:25:51+00:00","dateModified":"2025-11-24T13:51:25+00:00","description":"Le produit est destin\u00e9 aux chats et aux chiens de petite race pour maintenir le bon fonctionnement des cartilages articulaires et des articulations. Il est recommand\u00e9 pour les jeunes animaux pendant la p\u00e9riode de croissance intensive ainsi que pour les animaux plus \u00e2g\u00e9s.","breadcrumb":{"@id":"https:\/\/www.vetorino.com\/boutique\/product\/vetexpert-art-asu-s\/#breadcrumb"},"inLanguage":"fr-FR","potentialAction":[{"@type":"ReadAction","target":["https:\/\/www.vetorino.com\/boutique\/product\/vetexpert-art-asu-s\/"]}]},{"@type":"ImageObject","inLanguage":"fr-FR","@id":"https:\/\/www.vetorino.com\/boutique\/product\/vetexpert-art-asu-s\/#primaryimage","url":"https:\/\/www.vetorino.com\/boutique\/wp-content\/uploads\/2021\/05\/art-asu-s.webp","contentUrl":"https:\/\/www.vetorino.com\/boutique\/wp-content\/uploads\/2021\/05\/art-asu-s.webp","width":800,"height":800},{"@type":"BreadcrumbList","@id":"https:\/\/www.vetorino.com\/boutique\/product\/vetexpert-art-asu-s\/#breadcrumb","itemListElement":[{"@type":"ListItem","position":1,"name":"Accueil","item":"https:\/\/www.vetorino.com\/boutique\/"},{"@type":"ListItem","position":2,"name":"Produits","item":"https:\/\/www.vetorino.com\/boutique\/"},{"@type":"ListItem","position":3,"name":"Vetexpert Art-Asuh S &#8211; chien &amp; chat"}]},{"@type":"WebSite","@id":"https:\/\/www.vetorino.com\/boutique\/#website","url":"https:\/\/www.vetorino.com\/boutique\/","name":"V\u00e9torino","description":"","publisher":{"@id":"https:\/\/www.vetorino.com\/boutique\/#organization"},"potentialAction":[{"@type":"SearchAction","target":{"@type":"EntryPoint","urlTemplate":"https:\/\/www.vetorino.com\/boutique\/?s={search_term_string}"},"query-input":{"@type":"PropertyValueSpecification","valueRequired":true,"valueName":"search_term_string"}}],"inLanguage":"fr-FR"},{"@type":"Organization","@id":"https:\/\/www.vetorino.com\/boutique\/#organization","name":"V\u00e9torino","url":"https:\/\/www.vetorino.com\/boutique\/","logo":{"@type":"ImageObject","inLanguage":"fr-FR","@id":"https:\/\/www.vetorino.com\/boutique\/#\/schema\/logo\/image\/","url":"https:\/\/www.vetorino.com\/boutique\/wp-content\/uploads\/2024\/10\/logo.jpg","contentUrl":"https:\/\/www.vetorino.com\/boutique\/wp-content\/uploads\/2024\/10\/logo.jpg","width":1200,"height":610,"caption":"V\u00e9torino"},"image":{"@id":"https:\/\/www.vetorino.com\/boutique\/#\/schema\/logo\/image\/"},"sameAs":["https:\/\/www.facebook.com\/Vetorino\/","https:\/\/www.instagram.com\/vetorino_off\/","https:\/\/www.linkedin.com\/company\/vtorino\/"]}]},"product_brand":"Vetexpert","product_price_amount":"37.78","product_price_currency":"EUR","og_availability":"instock","product_availability":"instock","product_retailer_item_id":"A-8134651","product_condition":"new"},"_links":{"self":[{"href":"https:\/\/www.vetorino.com\/veterinaire\/marboz-01851\/boutique\/wp-json\/wp\/v2\/product\/186893","targetHints":{"allow":["GET"]}}],"collection":[{"href":"https:\/\/www.vetorino.com\/veterinaire\/marboz-01851\/boutique\/wp-json\/wp\/v2\/product"}],"about":[{"href":"https:\/\/www.vetorino.com\/veterinaire\/marboz-01851\/boutique\/wp-json\/wp\/v2\/types\/product"}],"wp:featuredmedia":[{"embeddable":true,"href":"https:\/\/www.vetorino.com\/veterinaire\/marboz-01851\/boutique\/wp-json\/wp\/v2\/media\/1582077"}],"wp:attachment":[{"href":"https:\/\/www.vetorino.com\/veterinaire\/marboz-01851\/boutique\/wp-json\/wp\/v2\/media?parent=186893"}],"wp:term":[{"taxonomy":"product_cat","embeddable":true,"href":"https:\/\/www.vetorino.com\/veterinaire\/marboz-01851\/boutique\/wp-json\/wp\/v2\/product_cat?post=186893"},{"taxonomy":"product_tag","embeddable":true,"href":"https:\/\/www.vetorino.com\/veterinaire\/marboz-01851\/boutique\/wp-json\/wp\/v2\/product_tag?post=186893"}],"curies":[{"name":"wp","href":"https:\/\/api.w.org\/{rel}","templated":true}]}}