{"id":35819,"date":"2020-03-04T22:57:50","date_gmt":"2020-03-04T21:57:50","guid":{"rendered":"https:\/\/www.vetorino.com\/boutique\/product\/harnais-easy-walk\/"},"modified":"2024-03-21T14:44:05","modified_gmt":"2024-03-21T13:44:05","slug":"harnais-easy-walk","status":"publish","type":"product","link":"https:\/\/www.vetorino.com\/veterinaire\/marboz-01851\/boutique\/product\/harnais-easy-walk\/","title":{"rendered":"Harnais Easy Walk"},"content":{"rendered":"<p>Con\u00e7u pour d\u00e9courager les chiens de tirer sur la laisse. Ne provoque pas de pression ou de choc au niveau du cou car la sangle \u00e9pauli\u00e8re reste \u00e0 un niveau bas, autour du sternum.<br \/>\nL&#8217;anneau de fixation pour laisse nylon 1,8 m (incluse), positionn\u00e9 sur l&#8217;avant, stoppe la traction en guidant le chien vers le c\u00f4t\u00e9 et en redirigeant son attention vers son ma\u00eetre.<br \/>\nEquip\u00e9 de boucles \u00e0 fermeture rapide, permettant de le mettre et retirer facilement.<br \/>\nAgr\u00e9ment\u00e9 de 4 points de r\u00e9glage pour un ajustement optimal et un meilleur confort.<\/p>\n","protected":false},"excerpt":{"rendered":"<p>Le harnais Easy Walk est con\u00e7u pour d\u00e9courager les chiens de tirer sur la laisse lors des promenades avec leur ma\u00eetre. Ce harnais est \u00e9quip\u00e9 de boucles \u00e0 fermeture rapide, permettant de le mettre et de le retirer facilement. Il est agr\u00e9ment\u00e9 de 4 points de r\u00e9glage pour un ajustement optimal et un meilleur confort.<\/p>\n","protected":false},"featured_media":873914,"template":"","meta":[],"product_cat":[2786,2698,2777,12621],"product_tag":[],"class_list":{"0":"post-35819","1":"product","2":"type-product","3":"status-publish","4":"has-post-thumbnail","6":"product_cat-anti-stress-et-anxiete-du-chien","7":"product_cat-chien","8":"product_cat-colliers-laisses-et-harnais-pour-chien","9":"product_cat-jeux-educatifs-pour-chien","10":"pa_marque-petsafe","12":"first","13":"instock","14":"taxable","15":"shipping-taxable","16":"purchasable","17":"product-type-variable"},"yoast_head":"<!-- This site is optimized with the Yoast SEO plugin v27.3 - https:\/\/yoast.com\/product\/yoast-seo-wordpress\/ -->\n<title>Harnais Easy Walk PetSafe - V\u00e9torino<\/title>\n<meta name=\"description\" content=\"Le harnais Easy Walk est con\u00e7u pour d\u00e9courager les chiens de tirer sur la laisse lors des promenades avec leur ma\u00eetre. Ce harnais est \u00e9quip\u00e9 de boucles \u00e0 fermeture rapide, permettant de le mettre et de le retirer facilement. Il est agr\u00e9ment\u00e9 de 4 points de r\u00e9glage pour un ajustement optimal et un meilleur confort.\" \/>\n<meta name=\"robots\" content=\"noindex, nofollow\" \/>\n<meta property=\"og:locale\" content=\"fr_FR\" \/>\n<meta property=\"og:type\" content=\"article\" \/>\n<meta property=\"og:title\" content=\"Harnais Easy Walk PetSafe - V\u00e9torino\" \/>\n<meta property=\"og:description\" content=\"Le harnais Easy Walk est con\u00e7u pour d\u00e9courager les chiens de tirer sur la laisse lors des promenades avec leur ma\u00eetre. Ce harnais est \u00e9quip\u00e9 de boucles \u00e0 fermeture rapide, permettant de le mettre et de le retirer facilement. Il est agr\u00e9ment\u00e9 de 4 points de r\u00e9glage pour un ajustement optimal et un meilleur confort.\" \/>\n<meta property=\"og:url\" content=\"https:\/\/www.vetorino.com\/veterinaire\/marboz-01851\/boutique\/product\/harnais-easy-walk\/\" \/>\n<meta property=\"og:site_name\" content=\"V\u00e9torino\" \/>\n<meta property=\"article:publisher\" content=\"https:\/\/www.facebook.com\/Vetorino\/\" \/>\n<meta property=\"article:modified_time\" content=\"2024-03-21T13:44:05+00:00\" \/>\n<meta property=\"og:image\" content=\"https:\/\/www.vetorino.com\/boutique\/wp-content\/uploads\/2020\/03\/8268512.jpg\" \/>\n\t<meta property=\"og:image:width\" content=\"663\" \/>\n\t<meta property=\"og:image:height\" content=\"711\" \/>\n\t<meta property=\"og:image:type\" content=\"image\/jpeg\" \/>\n<meta name=\"twitter:card\" content=\"summary_large_image\" \/>\n<meta name=\"twitter:label1\" content=\"Disponibilit\u00e9\" \/>\n\t<meta name=\"twitter:data1\" content=\"En stock\" \/>\n<script type=\"application\/ld+json\" class=\"yoast-schema-graph\">{\"@context\":\"https:\\\/\\\/schema.org\",\"@graph\":[{\"@type\":\"WebPage\",\"@id\":\"https:\\\/\\\/www.vetorino.com\\\/boutique\\\/product\\\/harnais-easy-walk\\\/\",\"url\":\"https:\\\/\\\/www.vetorino.com\\\/boutique\\\/product\\\/harnais-easy-walk\\\/\",\"name\":\"Harnais Easy Walk PetSafe - V\u00e9torino\",\"isPartOf\":{\"@id\":\"https:\\\/\\\/www.vetorino.com\\\/boutique\\\/#website\"},\"primaryImageOfPage\":{\"@id\":\"https:\\\/\\\/www.vetorino.com\\\/boutique\\\/product\\\/harnais-easy-walk\\\/#primaryimage\"},\"image\":{\"@id\":\"https:\\\/\\\/www.vetorino.com\\\/boutique\\\/product\\\/harnais-easy-walk\\\/#primaryimage\"},\"thumbnailUrl\":\"https:\\\/\\\/www.vetorino.com\\\/boutique\\\/wp-content\\\/uploads\\\/2020\\\/03\\\/8268512.jpg\",\"datePublished\":\"2020-03-04T21:57:50+00:00\",\"dateModified\":\"2024-03-21T13:44:05+00:00\",\"description\":\"Le harnais Easy Walk est con\u00e7u pour d\u00e9courager les chiens de tirer sur la laisse lors des promenades avec leur ma\u00eetre. Ce harnais est \u00e9quip\u00e9 de boucles \u00e0 fermeture rapide, permettant de le mettre et de le retirer facilement. Il est agr\u00e9ment\u00e9 de 4 points de r\u00e9glage pour un ajustement optimal et un meilleur confort.\",\"breadcrumb\":{\"@id\":\"https:\\\/\\\/www.vetorino.com\\\/boutique\\\/product\\\/harnais-easy-walk\\\/#breadcrumb\"},\"inLanguage\":\"fr-FR\",\"potentialAction\":[{\"@type\":\"ReadAction\",\"target\":[\"https:\\\/\\\/www.vetorino.com\\\/boutique\\\/product\\\/harnais-easy-walk\\\/\"]}]},{\"@type\":\"ImageObject\",\"inLanguage\":\"fr-FR\",\"@id\":\"https:\\\/\\\/www.vetorino.com\\\/boutique\\\/product\\\/harnais-easy-walk\\\/#primaryimage\",\"url\":\"https:\\\/\\\/www.vetorino.com\\\/boutique\\\/wp-content\\\/uploads\\\/2020\\\/03\\\/8268512.jpg\",\"contentUrl\":\"https:\\\/\\\/www.vetorino.com\\\/boutique\\\/wp-content\\\/uploads\\\/2020\\\/03\\\/8268512.jpg\",\"width\":663,\"height\":711},{\"@type\":\"BreadcrumbList\",\"@id\":\"https:\\\/\\\/www.vetorino.com\\\/boutique\\\/product\\\/harnais-easy-walk\\\/#breadcrumb\",\"itemListElement\":[{\"@type\":\"ListItem\",\"position\":1,\"name\":\"Accueil\",\"item\":\"https:\\\/\\\/www.vetorino.com\\\/boutique\\\/\"},{\"@type\":\"ListItem\",\"position\":2,\"name\":\"Produits\",\"item\":\"https:\\\/\\\/www.vetorino.com\\\/boutique\\\/\"},{\"@type\":\"ListItem\",\"position\":3,\"name\":\"Harnais Easy Walk\"}]},{\"@type\":\"WebSite\",\"@id\":\"https:\\\/\\\/www.vetorino.com\\\/boutique\\\/#website\",\"url\":\"https:\\\/\\\/www.vetorino.com\\\/boutique\\\/\",\"name\":\"V\u00e9torino\",\"description\":\"\",\"publisher\":{\"@id\":\"https:\\\/\\\/www.vetorino.com\\\/boutique\\\/#organization\"},\"potentialAction\":[{\"@type\":\"SearchAction\",\"target\":{\"@type\":\"EntryPoint\",\"urlTemplate\":\"https:\\\/\\\/www.vetorino.com\\\/boutique\\\/?s={search_term_string}\"},\"query-input\":{\"@type\":\"PropertyValueSpecification\",\"valueRequired\":true,\"valueName\":\"search_term_string\"}}],\"inLanguage\":\"fr-FR\"},{\"@type\":\"Organization\",\"@id\":\"https:\\\/\\\/www.vetorino.com\\\/boutique\\\/#organization\",\"name\":\"V\u00e9torino\",\"url\":\"https:\\\/\\\/www.vetorino.com\\\/boutique\\\/\",\"logo\":{\"@type\":\"ImageObject\",\"inLanguage\":\"fr-FR\",\"@id\":\"https:\\\/\\\/www.vetorino.com\\\/boutique\\\/#\\\/schema\\\/logo\\\/image\\\/\",\"url\":\"https:\\\/\\\/www.vetorino.com\\\/boutique\\\/wp-content\\\/uploads\\\/2024\\\/10\\\/logo.jpg\",\"contentUrl\":\"https:\\\/\\\/www.vetorino.com\\\/boutique\\\/wp-content\\\/uploads\\\/2024\\\/10\\\/logo.jpg\",\"width\":1200,\"height\":610,\"caption\":\"V\u00e9torino\"},\"image\":{\"@id\":\"https:\\\/\\\/www.vetorino.com\\\/boutique\\\/#\\\/schema\\\/logo\\\/image\\\/\"},\"sameAs\":[\"https:\\\/\\\/www.facebook.com\\\/Vetorino\\\/\",\"https:\\\/\\\/www.instagram.com\\\/vetorino_off\\\/\",\"https:\\\/\\\/www.linkedin.com\\\/company\\\/vtorino\\\/\"]}]}<\/script>\n<meta property=\"product:brand\" content=\"PetSafe\" \/>\n<meta property=\"og:availability\" content=\"instock\" \/>\n<meta property=\"product:availability\" content=\"instock\" \/>\n<meta property=\"product:condition\" content=\"new\" \/>\n<!-- \/ Yoast SEO plugin. -->","yoast_head_json":{"title":"Harnais Easy Walk PetSafe - V\u00e9torino","description":"Le harnais Easy Walk est con\u00e7u pour d\u00e9courager les chiens de tirer sur la laisse lors des promenades avec leur ma\u00eetre. Ce harnais est \u00e9quip\u00e9 de boucles \u00e0 fermeture rapide, permettant de le mettre et de le retirer facilement. Il est agr\u00e9ment\u00e9 de 4 points de r\u00e9glage pour un ajustement optimal et un meilleur confort.","robots":{"index":"noindex","follow":"nofollow"},"og_locale":"fr_FR","og_type":"article","og_title":"Harnais Easy Walk PetSafe - V\u00e9torino","og_description":"Le harnais Easy Walk est con\u00e7u pour d\u00e9courager les chiens de tirer sur la laisse lors des promenades avec leur ma\u00eetre. Ce harnais est \u00e9quip\u00e9 de boucles \u00e0 fermeture rapide, permettant de le mettre et de le retirer facilement. Il est agr\u00e9ment\u00e9 de 4 points de r\u00e9glage pour un ajustement optimal et un meilleur confort.","og_url":"https:\/\/www.vetorino.com\/veterinaire\/marboz-01851\/boutique\/product\/harnais-easy-walk\/","og_site_name":"V\u00e9torino","article_publisher":"https:\/\/www.facebook.com\/Vetorino\/","article_modified_time":"2024-03-21T13:44:05+00:00","og_image":[{"width":663,"height":711,"url":"https:\/\/www.vetorino.com\/boutique\/wp-content\/uploads\/2020\/03\/8268512.jpg","type":"image\/jpeg"}],"twitter_card":"summary_large_image","twitter_misc":{"Disponibilit\u00e9":"En stock"},"schema":{"@context":"https:\/\/schema.org","@graph":[{"@type":"WebPage","@id":"https:\/\/www.vetorino.com\/boutique\/product\/harnais-easy-walk\/","url":"https:\/\/www.vetorino.com\/boutique\/product\/harnais-easy-walk\/","name":"Harnais Easy Walk PetSafe - V\u00e9torino","isPartOf":{"@id":"https:\/\/www.vetorino.com\/boutique\/#website"},"primaryImageOfPage":{"@id":"https:\/\/www.vetorino.com\/boutique\/product\/harnais-easy-walk\/#primaryimage"},"image":{"@id":"https:\/\/www.vetorino.com\/boutique\/product\/harnais-easy-walk\/#primaryimage"},"thumbnailUrl":"https:\/\/www.vetorino.com\/boutique\/wp-content\/uploads\/2020\/03\/8268512.jpg","datePublished":"2020-03-04T21:57:50+00:00","dateModified":"2024-03-21T13:44:05+00:00","description":"Le harnais Easy Walk est con\u00e7u pour d\u00e9courager les chiens de tirer sur la laisse lors des promenades avec leur ma\u00eetre. Ce harnais est \u00e9quip\u00e9 de boucles \u00e0 fermeture rapide, permettant de le mettre et de le retirer facilement. Il est agr\u00e9ment\u00e9 de 4 points de r\u00e9glage pour un ajustement optimal et un meilleur confort.","breadcrumb":{"@id":"https:\/\/www.vetorino.com\/boutique\/product\/harnais-easy-walk\/#breadcrumb"},"inLanguage":"fr-FR","potentialAction":[{"@type":"ReadAction","target":["https:\/\/www.vetorino.com\/boutique\/product\/harnais-easy-walk\/"]}]},{"@type":"ImageObject","inLanguage":"fr-FR","@id":"https:\/\/www.vetorino.com\/boutique\/product\/harnais-easy-walk\/#primaryimage","url":"https:\/\/www.vetorino.com\/boutique\/wp-content\/uploads\/2020\/03\/8268512.jpg","contentUrl":"https:\/\/www.vetorino.com\/boutique\/wp-content\/uploads\/2020\/03\/8268512.jpg","width":663,"height":711},{"@type":"BreadcrumbList","@id":"https:\/\/www.vetorino.com\/boutique\/product\/harnais-easy-walk\/#breadcrumb","itemListElement":[{"@type":"ListItem","position":1,"name":"Accueil","item":"https:\/\/www.vetorino.com\/boutique\/"},{"@type":"ListItem","position":2,"name":"Produits","item":"https:\/\/www.vetorino.com\/boutique\/"},{"@type":"ListItem","position":3,"name":"Harnais Easy Walk"}]},{"@type":"WebSite","@id":"https:\/\/www.vetorino.com\/boutique\/#website","url":"https:\/\/www.vetorino.com\/boutique\/","name":"V\u00e9torino","description":"","publisher":{"@id":"https:\/\/www.vetorino.com\/boutique\/#organization"},"potentialAction":[{"@type":"SearchAction","target":{"@type":"EntryPoint","urlTemplate":"https:\/\/www.vetorino.com\/boutique\/?s={search_term_string}"},"query-input":{"@type":"PropertyValueSpecification","valueRequired":true,"valueName":"search_term_string"}}],"inLanguage":"fr-FR"},{"@type":"Organization","@id":"https:\/\/www.vetorino.com\/boutique\/#organization","name":"V\u00e9torino","url":"https:\/\/www.vetorino.com\/boutique\/","logo":{"@type":"ImageObject","inLanguage":"fr-FR","@id":"https:\/\/www.vetorino.com\/boutique\/#\/schema\/logo\/image\/","url":"https:\/\/www.vetorino.com\/boutique\/wp-content\/uploads\/2024\/10\/logo.jpg","contentUrl":"https:\/\/www.vetorino.com\/boutique\/wp-content\/uploads\/2024\/10\/logo.jpg","width":1200,"height":610,"caption":"V\u00e9torino"},"image":{"@id":"https:\/\/www.vetorino.com\/boutique\/#\/schema\/logo\/image\/"},"sameAs":["https:\/\/www.facebook.com\/Vetorino\/","https:\/\/www.instagram.com\/vetorino_off\/","https:\/\/www.linkedin.com\/company\/vtorino\/"]}]},"product_brand":"PetSafe","og_availability":"instock","product_availability":"instock","product_condition":"new"},"_links":{"self":[{"href":"https:\/\/www.vetorino.com\/veterinaire\/marboz-01851\/boutique\/wp-json\/wp\/v2\/product\/35819","targetHints":{"allow":["GET"]}}],"collection":[{"href":"https:\/\/www.vetorino.com\/veterinaire\/marboz-01851\/boutique\/wp-json\/wp\/v2\/product"}],"about":[{"href":"https:\/\/www.vetorino.com\/veterinaire\/marboz-01851\/boutique\/wp-json\/wp\/v2\/types\/product"}],"wp:featuredmedia":[{"embeddable":true,"href":"https:\/\/www.vetorino.com\/veterinaire\/marboz-01851\/boutique\/wp-json\/wp\/v2\/media\/873914"}],"wp:attachment":[{"href":"https:\/\/www.vetorino.com\/veterinaire\/marboz-01851\/boutique\/wp-json\/wp\/v2\/media?parent=35819"}],"wp:term":[{"taxonomy":"product_cat","embeddable":true,"href":"https:\/\/www.vetorino.com\/veterinaire\/marboz-01851\/boutique\/wp-json\/wp\/v2\/product_cat?post=35819"},{"taxonomy":"product_tag","embeddable":true,"href":"https:\/\/www.vetorino.com\/veterinaire\/marboz-01851\/boutique\/wp-json\/wp\/v2\/product_tag?post=35819"}],"curies":[{"name":"wp","href":"https:\/\/api.w.org\/{rel}","templated":true}]}}