{"id":35881,"date":"2020-03-04T22:58:10","date_gmt":"2020-03-04T21:58:10","guid":{"rendered":"https:\/\/www.vetorino.com\/boutique\/product\/os-8in1-delights-strong\/"},"modified":"2024-05-07T17:37:56","modified_gmt":"2024-05-07T15:37:56","slug":"os-8in1-delights-strong","status":"publish","type":"product","link":"https:\/\/www.vetorino.com\/veterinaire\/marboz-01851\/boutique\/product\/os-8in1-delights-strong\/","title":{"rendered":"Os 8IN1 Delights Strong"},"content":{"rendered":"<p class=\"intro\"><strong>Une d\u00e9licieuse viande de poulet compress\u00e9e dans une peau de b\u0153uf tr\u00e8s ferme de qualit\u00e9 sup\u00e9rieure<\/strong> : gr\u00e2ce \u00e0 leur composition unique, les os \u00e0 m\u00e2cher Delights constituent une r\u00e9compense id\u00e9ale tout en offrant les avantages recherch\u00e9s avec un os \u00e0 m\u00e2cher.<\/p>\n<p>&#8211; Pour un plaisir de mastication encore plus intense<br \/>\n&#8211; Produit unique et brevet\u00e9<br \/>\n&#8211; B\u00e9n\u00e9fique pour les dents<br \/>\n&#8211; R\u00e9duit la plaque dentaire et pr\u00e9vient la formation de tartre<br \/>\n&#8211; Satisfait l\u2019instinct naturel de mastication de votre chien<br \/>\n&#8211; Une friandise savoureuse, d\u00e9vor\u00e9e jusqu\u2019\u00e0 la derni\u00e8re bouch\u00e9e. Pas de restes mis de c\u00f4t\u00e9 par l\u2019animal<br \/>\n&#8211; Seulement 2 % de mati\u00e8res grasses<br \/>\n&#8211; Sans colorant ni ar\u00f4me artificiel<\/p>\n","protected":false},"excerpt":{"rendered":"<p><strong>Une d\u00e9licieuse viande de poulet compress\u00e9e dans une peau de b\u0153uf tr\u00e8s ferme de qualit\u00e9 sup\u00e9rieure<\/strong> : gr\u00e2ce \u00e0 leur composition unique, les os \u00e0 m\u00e2cher Delights constituent une r\u00e9compense id\u00e9ale tout en offrant les avantages recherch\u00e9s avec un os \u00e0 m\u00e2cher.<\/p>\n","protected":false},"featured_media":916199,"template":"","meta":[],"product_cat":[2698,12603],"product_tag":[],"class_list":{"0":"post-35881","1":"product","2":"type-product","3":"status-publish","4":"has-post-thumbnail","6":"product_cat-chien","7":"product_cat-friandises-pour-chien","8":"pa_marque-8in1","10":"first","11":"instock","12":"taxable","13":"shipping-taxable","14":"purchasable","15":"product-type-variable"},"yoast_head":"<!-- This site is optimized with the Yoast SEO plugin v27.3 - https:\/\/yoast.com\/product\/yoast-seo-wordpress\/ -->\n<title>Os 8IN1 Delights Strong 8in1 - V\u00e9torino<\/title>\n<meta name=\"description\" content=\"Une d\u00e9licieuse viande de poulet compress\u00e9e dans une peau de b\u0153uf tr\u00e8s ferme de qualit\u00e9 sup\u00e9rieure : gr\u00e2ce \u00e0 leur composition unique, les os \u00e0 m\u00e2cher Delights constituent une r\u00e9compense id\u00e9ale tout en offrant les avantages recherch\u00e9s avec un os \u00e0 m\u00e2cher.\" \/>\n<meta name=\"robots\" content=\"noindex, nofollow\" \/>\n<meta property=\"og:locale\" content=\"fr_FR\" \/>\n<meta property=\"og:type\" content=\"article\" \/>\n<meta property=\"og:title\" content=\"Os 8IN1 Delights Strong 8in1 - V\u00e9torino\" \/>\n<meta property=\"og:description\" content=\"Une d\u00e9licieuse viande de poulet compress\u00e9e dans une peau de b\u0153uf tr\u00e8s ferme de qualit\u00e9 sup\u00e9rieure : gr\u00e2ce \u00e0 leur composition unique, les os \u00e0 m\u00e2cher Delights constituent une r\u00e9compense id\u00e9ale tout en offrant les avantages recherch\u00e9s avec un os \u00e0 m\u00e2cher.\" \/>\n<meta property=\"og:url\" content=\"https:\/\/www.vetorino.com\/veterinaire\/marboz-01851\/boutique\/product\/os-8in1-delights-strong\/\" \/>\n<meta property=\"og:site_name\" content=\"V\u00e9torino\" \/>\n<meta property=\"article:publisher\" content=\"https:\/\/www.facebook.com\/Vetorino\/\" \/>\n<meta property=\"article:modified_time\" content=\"2024-05-07T15:37:56+00:00\" \/>\n<meta property=\"og:image\" content=\"https:\/\/www.vetorino.com\/boutique\/wp-content\/uploads\/2020\/09\/logo-vetorino-1.png\" \/>\n\t<meta property=\"og:image:width\" content=\"539\" \/>\n\t<meta property=\"og:image:height\" content=\"224\" \/>\n\t<meta property=\"og:image:type\" content=\"image\/png\" \/>\n<meta name=\"twitter:card\" content=\"summary_large_image\" \/>\n<meta name=\"twitter:label1\" content=\"Disponibilit\u00e9\" \/>\n\t<meta name=\"twitter:data1\" content=\"En stock\" \/>\n<script type=\"application\/ld+json\" class=\"yoast-schema-graph\">{\"@context\":\"https:\\\/\\\/schema.org\",\"@graph\":[{\"@type\":\"WebPage\",\"@id\":\"https:\\\/\\\/www.vetorino.com\\\/boutique\\\/product\\\/os-8in1-delights-strong\\\/\",\"url\":\"https:\\\/\\\/www.vetorino.com\\\/boutique\\\/product\\\/os-8in1-delights-strong\\\/\",\"name\":\"Os 8IN1 Delights Strong 8in1 - V\u00e9torino\",\"isPartOf\":{\"@id\":\"https:\\\/\\\/www.vetorino.com\\\/boutique\\\/#website\"},\"primaryImageOfPage\":{\"@id\":\"https:\\\/\\\/www.vetorino.com\\\/boutique\\\/product\\\/os-8in1-delights-strong\\\/#primaryimage\"},\"image\":{\"@id\":\"https:\\\/\\\/www.vetorino.com\\\/boutique\\\/product\\\/os-8in1-delights-strong\\\/#primaryimage\"},\"thumbnailUrl\":\"https:\\\/\\\/www.vetorino.com\\\/boutique\\\/wp-content\\\/uploads\\\/2022\\\/07\\\/b1519ae3ae57b29c9fbf4526809e8cf7e9e7d73d5b78ba734fdd5b0a0f8389f5.avif\",\"datePublished\":\"2020-03-04T21:58:10+00:00\",\"dateModified\":\"2024-05-07T15:37:56+00:00\",\"description\":\"Une d\u00e9licieuse viande de poulet compress\u00e9e dans une peau de b\u0153uf tr\u00e8s ferme de qualit\u00e9 sup\u00e9rieure : gr\u00e2ce \u00e0 leur composition unique, les os \u00e0 m\u00e2cher Delights constituent une r\u00e9compense id\u00e9ale tout en offrant les avantages recherch\u00e9s avec un os \u00e0 m\u00e2cher.\",\"breadcrumb\":{\"@id\":\"https:\\\/\\\/www.vetorino.com\\\/boutique\\\/product\\\/os-8in1-delights-strong\\\/#breadcrumb\"},\"inLanguage\":\"fr-FR\",\"potentialAction\":[{\"@type\":\"ReadAction\",\"target\":[\"https:\\\/\\\/www.vetorino.com\\\/boutique\\\/product\\\/os-8in1-delights-strong\\\/\"]}]},{\"@type\":\"ImageObject\",\"inLanguage\":\"fr-FR\",\"@id\":\"https:\\\/\\\/www.vetorino.com\\\/boutique\\\/product\\\/os-8in1-delights-strong\\\/#primaryimage\",\"url\":\"https:\\\/\\\/www.vetorino.com\\\/boutique\\\/wp-content\\\/uploads\\\/2022\\\/07\\\/b1519ae3ae57b29c9fbf4526809e8cf7e9e7d73d5b78ba734fdd5b0a0f8389f5.avif\",\"contentUrl\":\"https:\\\/\\\/www.vetorino.com\\\/boutique\\\/wp-content\\\/uploads\\\/2022\\\/07\\\/b1519ae3ae57b29c9fbf4526809e8cf7e9e7d73d5b78ba734fdd5b0a0f8389f5.avif\",\"width\":700,\"height\":700},{\"@type\":\"BreadcrumbList\",\"@id\":\"https:\\\/\\\/www.vetorino.com\\\/boutique\\\/product\\\/os-8in1-delights-strong\\\/#breadcrumb\",\"itemListElement\":[{\"@type\":\"ListItem\",\"position\":1,\"name\":\"Accueil\",\"item\":\"https:\\\/\\\/www.vetorino.com\\\/boutique\\\/\"},{\"@type\":\"ListItem\",\"position\":2,\"name\":\"Produits\",\"item\":\"https:\\\/\\\/www.vetorino.com\\\/boutique\\\/\"},{\"@type\":\"ListItem\",\"position\":3,\"name\":\"Os 8IN1 Delights Strong\"}]},{\"@type\":\"WebSite\",\"@id\":\"https:\\\/\\\/www.vetorino.com\\\/boutique\\\/#website\",\"url\":\"https:\\\/\\\/www.vetorino.com\\\/boutique\\\/\",\"name\":\"V\u00e9torino\",\"description\":\"\",\"publisher\":{\"@id\":\"https:\\\/\\\/www.vetorino.com\\\/boutique\\\/#organization\"},\"potentialAction\":[{\"@type\":\"SearchAction\",\"target\":{\"@type\":\"EntryPoint\",\"urlTemplate\":\"https:\\\/\\\/www.vetorino.com\\\/boutique\\\/?s={search_term_string}\"},\"query-input\":{\"@type\":\"PropertyValueSpecification\",\"valueRequired\":true,\"valueName\":\"search_term_string\"}}],\"inLanguage\":\"fr-FR\"},{\"@type\":\"Organization\",\"@id\":\"https:\\\/\\\/www.vetorino.com\\\/boutique\\\/#organization\",\"name\":\"V\u00e9torino\",\"url\":\"https:\\\/\\\/www.vetorino.com\\\/boutique\\\/\",\"logo\":{\"@type\":\"ImageObject\",\"inLanguage\":\"fr-FR\",\"@id\":\"https:\\\/\\\/www.vetorino.com\\\/boutique\\\/#\\\/schema\\\/logo\\\/image\\\/\",\"url\":\"https:\\\/\\\/www.vetorino.com\\\/boutique\\\/wp-content\\\/uploads\\\/2024\\\/10\\\/logo.jpg\",\"contentUrl\":\"https:\\\/\\\/www.vetorino.com\\\/boutique\\\/wp-content\\\/uploads\\\/2024\\\/10\\\/logo.jpg\",\"width\":1200,\"height\":610,\"caption\":\"V\u00e9torino\"},\"image\":{\"@id\":\"https:\\\/\\\/www.vetorino.com\\\/boutique\\\/#\\\/schema\\\/logo\\\/image\\\/\"},\"sameAs\":[\"https:\\\/\\\/www.facebook.com\\\/Vetorino\\\/\",\"https:\\\/\\\/www.instagram.com\\\/vetorino_off\\\/\",\"https:\\\/\\\/www.linkedin.com\\\/company\\\/vtorino\\\/\"]}]}<\/script>\n<meta property=\"product:brand\" content=\"8in1\" \/>\n<meta property=\"og:availability\" content=\"instock\" \/>\n<meta property=\"product:availability\" content=\"instock\" \/>\n<meta property=\"product:condition\" content=\"new\" \/>\n<!-- \/ Yoast SEO plugin. -->","yoast_head_json":{"title":"Os 8IN1 Delights Strong 8in1 - V\u00e9torino","description":"Une d\u00e9licieuse viande de poulet compress\u00e9e dans une peau de b\u0153uf tr\u00e8s ferme de qualit\u00e9 sup\u00e9rieure : gr\u00e2ce \u00e0 leur composition unique, les os \u00e0 m\u00e2cher Delights constituent une r\u00e9compense id\u00e9ale tout en offrant les avantages recherch\u00e9s avec un os \u00e0 m\u00e2cher.","robots":{"index":"noindex","follow":"nofollow"},"og_locale":"fr_FR","og_type":"article","og_title":"Os 8IN1 Delights Strong 8in1 - V\u00e9torino","og_description":"Une d\u00e9licieuse viande de poulet compress\u00e9e dans une peau de b\u0153uf tr\u00e8s ferme de qualit\u00e9 sup\u00e9rieure : gr\u00e2ce \u00e0 leur composition unique, les os \u00e0 m\u00e2cher Delights constituent une r\u00e9compense id\u00e9ale tout en offrant les avantages recherch\u00e9s avec un os \u00e0 m\u00e2cher.","og_url":"https:\/\/www.vetorino.com\/veterinaire\/marboz-01851\/boutique\/product\/os-8in1-delights-strong\/","og_site_name":"V\u00e9torino","article_publisher":"https:\/\/www.facebook.com\/Vetorino\/","article_modified_time":"2024-05-07T15:37:56+00:00","og_image":[{"width":539,"height":224,"url":"https:\/\/www.vetorino.com\/boutique\/wp-content\/uploads\/2020\/09\/logo-vetorino-1.png","type":"image\/png"}],"twitter_card":"summary_large_image","twitter_misc":{"Disponibilit\u00e9":"En stock"},"schema":{"@context":"https:\/\/schema.org","@graph":[{"@type":"WebPage","@id":"https:\/\/www.vetorino.com\/boutique\/product\/os-8in1-delights-strong\/","url":"https:\/\/www.vetorino.com\/boutique\/product\/os-8in1-delights-strong\/","name":"Os 8IN1 Delights Strong 8in1 - V\u00e9torino","isPartOf":{"@id":"https:\/\/www.vetorino.com\/boutique\/#website"},"primaryImageOfPage":{"@id":"https:\/\/www.vetorino.com\/boutique\/product\/os-8in1-delights-strong\/#primaryimage"},"image":{"@id":"https:\/\/www.vetorino.com\/boutique\/product\/os-8in1-delights-strong\/#primaryimage"},"thumbnailUrl":"https:\/\/www.vetorino.com\/boutique\/wp-content\/uploads\/2022\/07\/b1519ae3ae57b29c9fbf4526809e8cf7e9e7d73d5b78ba734fdd5b0a0f8389f5.avif","datePublished":"2020-03-04T21:58:10+00:00","dateModified":"2024-05-07T15:37:56+00:00","description":"Une d\u00e9licieuse viande de poulet compress\u00e9e dans une peau de b\u0153uf tr\u00e8s ferme de qualit\u00e9 sup\u00e9rieure : gr\u00e2ce \u00e0 leur composition unique, les os \u00e0 m\u00e2cher Delights constituent une r\u00e9compense id\u00e9ale tout en offrant les avantages recherch\u00e9s avec un os \u00e0 m\u00e2cher.","breadcrumb":{"@id":"https:\/\/www.vetorino.com\/boutique\/product\/os-8in1-delights-strong\/#breadcrumb"},"inLanguage":"fr-FR","potentialAction":[{"@type":"ReadAction","target":["https:\/\/www.vetorino.com\/boutique\/product\/os-8in1-delights-strong\/"]}]},{"@type":"ImageObject","inLanguage":"fr-FR","@id":"https:\/\/www.vetorino.com\/boutique\/product\/os-8in1-delights-strong\/#primaryimage","url":"https:\/\/www.vetorino.com\/boutique\/wp-content\/uploads\/2022\/07\/b1519ae3ae57b29c9fbf4526809e8cf7e9e7d73d5b78ba734fdd5b0a0f8389f5.avif","contentUrl":"https:\/\/www.vetorino.com\/boutique\/wp-content\/uploads\/2022\/07\/b1519ae3ae57b29c9fbf4526809e8cf7e9e7d73d5b78ba734fdd5b0a0f8389f5.avif","width":700,"height":700},{"@type":"BreadcrumbList","@id":"https:\/\/www.vetorino.com\/boutique\/product\/os-8in1-delights-strong\/#breadcrumb","itemListElement":[{"@type":"ListItem","position":1,"name":"Accueil","item":"https:\/\/www.vetorino.com\/boutique\/"},{"@type":"ListItem","position":2,"name":"Produits","item":"https:\/\/www.vetorino.com\/boutique\/"},{"@type":"ListItem","position":3,"name":"Os 8IN1 Delights Strong"}]},{"@type":"WebSite","@id":"https:\/\/www.vetorino.com\/boutique\/#website","url":"https:\/\/www.vetorino.com\/boutique\/","name":"V\u00e9torino","description":"","publisher":{"@id":"https:\/\/www.vetorino.com\/boutique\/#organization"},"potentialAction":[{"@type":"SearchAction","target":{"@type":"EntryPoint","urlTemplate":"https:\/\/www.vetorino.com\/boutique\/?s={search_term_string}"},"query-input":{"@type":"PropertyValueSpecification","valueRequired":true,"valueName":"search_term_string"}}],"inLanguage":"fr-FR"},{"@type":"Organization","@id":"https:\/\/www.vetorino.com\/boutique\/#organization","name":"V\u00e9torino","url":"https:\/\/www.vetorino.com\/boutique\/","logo":{"@type":"ImageObject","inLanguage":"fr-FR","@id":"https:\/\/www.vetorino.com\/boutique\/#\/schema\/logo\/image\/","url":"https:\/\/www.vetorino.com\/boutique\/wp-content\/uploads\/2024\/10\/logo.jpg","contentUrl":"https:\/\/www.vetorino.com\/boutique\/wp-content\/uploads\/2024\/10\/logo.jpg","width":1200,"height":610,"caption":"V\u00e9torino"},"image":{"@id":"https:\/\/www.vetorino.com\/boutique\/#\/schema\/logo\/image\/"},"sameAs":["https:\/\/www.facebook.com\/Vetorino\/","https:\/\/www.instagram.com\/vetorino_off\/","https:\/\/www.linkedin.com\/company\/vtorino\/"]}]},"product_brand":"8in1","og_availability":"instock","product_availability":"instock","product_condition":"new"},"_links":{"self":[{"href":"https:\/\/www.vetorino.com\/veterinaire\/marboz-01851\/boutique\/wp-json\/wp\/v2\/product\/35881","targetHints":{"allow":["GET"]}}],"collection":[{"href":"https:\/\/www.vetorino.com\/veterinaire\/marboz-01851\/boutique\/wp-json\/wp\/v2\/product"}],"about":[{"href":"https:\/\/www.vetorino.com\/veterinaire\/marboz-01851\/boutique\/wp-json\/wp\/v2\/types\/product"}],"wp:featuredmedia":[{"embeddable":true,"href":"https:\/\/www.vetorino.com\/veterinaire\/marboz-01851\/boutique\/wp-json\/wp\/v2\/media\/916199"}],"wp:attachment":[{"href":"https:\/\/www.vetorino.com\/veterinaire\/marboz-01851\/boutique\/wp-json\/wp\/v2\/media?parent=35881"}],"wp:term":[{"taxonomy":"product_cat","embeddable":true,"href":"https:\/\/www.vetorino.com\/veterinaire\/marboz-01851\/boutique\/wp-json\/wp\/v2\/product_cat?post=35881"},{"taxonomy":"product_tag","embeddable":true,"href":"https:\/\/www.vetorino.com\/veterinaire\/marboz-01851\/boutique\/wp-json\/wp\/v2\/product_tag?post=35881"}],"curies":[{"name":"wp","href":"https:\/\/api.w.org\/{rel}","templated":true}]}}