{"id":508866,"date":"2022-11-18T20:35:36","date_gmt":"2022-11-18T19:35:36","guid":{"rendered":"https:\/\/www.vetorino.com\/boutique\/product\/frontline-tri-act-chiens-40-60-kg\/"},"modified":"2024-08-27T16:32:03","modified_gmt":"2024-08-27T14:32:03","slug":"frontline-tri-act-chiens-40-60-kg","status":"publish","type":"product","link":"https:\/\/www.vetorino.com\/veterinaire\/marboz-01851\/boutique\/product\/frontline-tri-act-chiens-40-60-kg\/","title":{"rendered":"Frontline Tri-Act Chiens 40-60 kg"},"content":{"rendered":"<p>Frontline Tri-Act Chiens 40-60kg des laboratoires Merial est une solution antiparasitaire externe \u00e0 usage v\u00e9t\u00e9rinaire 3 en 1 destin\u00e9 \u00e0 repousser, traiter et pr\u00e9venir en un seul geste les infestations par les tiques, les puces, les moustiques ou les phl\u00e9botomes (responsables de la leishmaniose) chez le Chien de 40 \u00e0 60 kg. Cet antiparasitaire nouvelle g\u00e9n\u00e9ration ne se contente pas de tuer les parasites, mais les repousse \u00e9galement, \u00e9vitant ainsi le risque de contact entre le parasite et votre chien. Cette action r\u00e9pulsive permet de limiter le risque de transmission de maladies \u00e0 votre animal. Votre chien est ainsi vraiment prot\u00e9g\u00e9.<\/p>\n<p>La grande efficacit\u00e9 et le large spectre de Frontline Tri-Act Chiens 40-60kg est due \u00e0 l&#8217;association unique de 2 mol\u00e9cules : le Fipronyl \u00e9limine les puces, les tiques et les poux broyeurs sur votre animal et le prot\u00e8ge des r\u00e9infestations (2 mois pour les puces, 1 mois pour les tiques). La perm\u00e9thrine est l\u2019un des pyr\u00e9thro\u00efdes les plus efficaces contre les tiques, les moustiques et les phl\u00e9botomes responsables de la leishmaniose. Cet antiparasitaire est aussi tr\u00e8s s\u00fbr d\u2019emploi et sans danger. Et votre chien reste prot\u00e9g\u00e9 m\u00eame quand son poil est mouill\u00e9 (apr\u00e8s un bain ou un shampoing).<\/p>\n","protected":false},"excerpt":{"rendered":"<div id=\"product-description-short-3494\" class=\"product-description short\">\n<p>Solution antiparasitaire 3 en 1 qui repousse, traite et pr\u00e9vient en un seul geste des tiques, puces, moustiques et phl\u00e9botomes (leishmaniose)<\/p>\n<\/div>\n","protected":false},"featured_media":1005712,"template":"","meta":[],"product_cat":[2698],"product_tag":[],"class_list":{"0":"post-508866","1":"product","2":"type-product","3":"status-publish","4":"has-post-thumbnail","6":"product_cat-chien","8":"first","9":"instock","10":"taxable","11":"shipping-taxable","12":"product-type-variable"},"yoast_head":"<!-- This site is optimized with the Yoast SEO plugin v27.3 - https:\/\/yoast.com\/product\/yoast-seo-wordpress\/ -->\n<title>Frontline Tri-Act Chiens 40-60 kg - V\u00e9torino<\/title>\n<meta name=\"description\" content=\"Solution antiparasitaire 3 en 1 qui repousse, traite et pr\u00e9vient en un seul geste des tiques, puces, moustiques et phl\u00e9botomes (leishmaniose)\" \/>\n<meta name=\"robots\" content=\"noindex, nofollow\" \/>\n<meta property=\"og:locale\" content=\"fr_FR\" \/>\n<meta property=\"og:type\" content=\"article\" \/>\n<meta property=\"og:title\" content=\"Frontline Tri-Act Chiens 40-60 kg - V\u00e9torino\" \/>\n<meta property=\"og:description\" content=\"Solution antiparasitaire 3 en 1 qui repousse, traite et pr\u00e9vient en un seul geste des tiques, puces, moustiques et phl\u00e9botomes (leishmaniose)\" \/>\n<meta property=\"og:url\" content=\"https:\/\/www.vetorino.com\/veterinaire\/marboz-01851\/boutique\/product\/frontline-tri-act-chiens-40-60-kg\/\" \/>\n<meta property=\"og:site_name\" content=\"V\u00e9torino\" \/>\n<meta property=\"article:publisher\" content=\"https:\/\/www.facebook.com\/Vetorino\/\" \/>\n<meta property=\"article:modified_time\" content=\"2024-08-27T14:32:03+00:00\" \/>\n<meta property=\"og:image\" content=\"https:\/\/www.vetorino.com\/boutique\/wp-content\/uploads\/2022\/11\/BOEHRINGER-1864120.jpg\" \/>\n\t<meta property=\"og:image:width\" content=\"1500\" \/>\n\t<meta property=\"og:image:height\" content=\"1500\" \/>\n\t<meta property=\"og:image:type\" content=\"image\/jpeg\" \/>\n<meta name=\"twitter:card\" content=\"summary_large_image\" \/>\n<meta name=\"twitter:label1\" content=\"Disponibilit\u00e9\" \/>\n\t<meta name=\"twitter:data1\" content=\"En stock\" \/>\n<script type=\"application\/ld+json\" class=\"yoast-schema-graph\">{\"@context\":\"https:\\\/\\\/schema.org\",\"@graph\":[{\"@type\":\"WebPage\",\"@id\":\"https:\\\/\\\/www.vetorino.com\\\/boutique\\\/product\\\/frontline-tri-act-chiens-40-60-kg\\\/\",\"url\":\"https:\\\/\\\/www.vetorino.com\\\/boutique\\\/product\\\/frontline-tri-act-chiens-40-60-kg\\\/\",\"name\":\"Frontline Tri-Act Chiens 40-60 kg - V\u00e9torino\",\"isPartOf\":{\"@id\":\"https:\\\/\\\/www.vetorino.com\\\/boutique\\\/#website\"},\"primaryImageOfPage\":{\"@id\":\"https:\\\/\\\/www.vetorino.com\\\/boutique\\\/product\\\/frontline-tri-act-chiens-40-60-kg\\\/#primaryimage\"},\"image\":{\"@id\":\"https:\\\/\\\/www.vetorino.com\\\/boutique\\\/product\\\/frontline-tri-act-chiens-40-60-kg\\\/#primaryimage\"},\"thumbnailUrl\":\"https:\\\/\\\/www.vetorino.com\\\/boutique\\\/wp-content\\\/uploads\\\/2022\\\/11\\\/BOEHRINGER-1864120.jpg\",\"datePublished\":\"2022-11-18T19:35:36+00:00\",\"dateModified\":\"2024-08-27T14:32:03+00:00\",\"description\":\"Solution antiparasitaire 3 en 1 qui repousse, traite et pr\u00e9vient en un seul geste des tiques, puces, moustiques et phl\u00e9botomes (leishmaniose)\",\"breadcrumb\":{\"@id\":\"https:\\\/\\\/www.vetorino.com\\\/boutique\\\/product\\\/frontline-tri-act-chiens-40-60-kg\\\/#breadcrumb\"},\"inLanguage\":\"fr-FR\",\"potentialAction\":[{\"@type\":\"ReadAction\",\"target\":[\"https:\\\/\\\/www.vetorino.com\\\/boutique\\\/product\\\/frontline-tri-act-chiens-40-60-kg\\\/\"]}]},{\"@type\":\"ImageObject\",\"inLanguage\":\"fr-FR\",\"@id\":\"https:\\\/\\\/www.vetorino.com\\\/boutique\\\/product\\\/frontline-tri-act-chiens-40-60-kg\\\/#primaryimage\",\"url\":\"https:\\\/\\\/www.vetorino.com\\\/boutique\\\/wp-content\\\/uploads\\\/2022\\\/11\\\/BOEHRINGER-1864120.jpg\",\"contentUrl\":\"https:\\\/\\\/www.vetorino.com\\\/boutique\\\/wp-content\\\/uploads\\\/2022\\\/11\\\/BOEHRINGER-1864120.jpg\",\"width\":1500,\"height\":1500},{\"@type\":\"BreadcrumbList\",\"@id\":\"https:\\\/\\\/www.vetorino.com\\\/boutique\\\/product\\\/frontline-tri-act-chiens-40-60-kg\\\/#breadcrumb\",\"itemListElement\":[{\"@type\":\"ListItem\",\"position\":1,\"name\":\"Accueil\",\"item\":\"https:\\\/\\\/www.vetorino.com\\\/boutique\\\/\"},{\"@type\":\"ListItem\",\"position\":2,\"name\":\"Produits\",\"item\":\"https:\\\/\\\/www.vetorino.com\\\/boutique\\\/\"},{\"@type\":\"ListItem\",\"position\":3,\"name\":\"Frontline Tri-Act Chiens 40-60 kg\"}]},{\"@type\":\"WebSite\",\"@id\":\"https:\\\/\\\/www.vetorino.com\\\/boutique\\\/#website\",\"url\":\"https:\\\/\\\/www.vetorino.com\\\/boutique\\\/\",\"name\":\"V\u00e9torino\",\"description\":\"\",\"publisher\":{\"@id\":\"https:\\\/\\\/www.vetorino.com\\\/boutique\\\/#organization\"},\"potentialAction\":[{\"@type\":\"SearchAction\",\"target\":{\"@type\":\"EntryPoint\",\"urlTemplate\":\"https:\\\/\\\/www.vetorino.com\\\/boutique\\\/?s={search_term_string}\"},\"query-input\":{\"@type\":\"PropertyValueSpecification\",\"valueRequired\":true,\"valueName\":\"search_term_string\"}}],\"inLanguage\":\"fr-FR\"},{\"@type\":\"Organization\",\"@id\":\"https:\\\/\\\/www.vetorino.com\\\/boutique\\\/#organization\",\"name\":\"V\u00e9torino\",\"url\":\"https:\\\/\\\/www.vetorino.com\\\/boutique\\\/\",\"logo\":{\"@type\":\"ImageObject\",\"inLanguage\":\"fr-FR\",\"@id\":\"https:\\\/\\\/www.vetorino.com\\\/boutique\\\/#\\\/schema\\\/logo\\\/image\\\/\",\"url\":\"https:\\\/\\\/www.vetorino.com\\\/boutique\\\/wp-content\\\/uploads\\\/2024\\\/10\\\/logo.jpg\",\"contentUrl\":\"https:\\\/\\\/www.vetorino.com\\\/boutique\\\/wp-content\\\/uploads\\\/2024\\\/10\\\/logo.jpg\",\"width\":1200,\"height\":610,\"caption\":\"V\u00e9torino\"},\"image\":{\"@id\":\"https:\\\/\\\/www.vetorino.com\\\/boutique\\\/#\\\/schema\\\/logo\\\/image\\\/\"},\"sameAs\":[\"https:\\\/\\\/www.facebook.com\\\/Vetorino\\\/\",\"https:\\\/\\\/www.instagram.com\\\/vetorino_off\\\/\",\"https:\\\/\\\/www.linkedin.com\\\/company\\\/vtorino\\\/\"]}]}<\/script>\n<meta property=\"og:availability\" content=\"instock\" \/>\n<meta property=\"product:availability\" content=\"instock\" \/>\n<meta property=\"product:condition\" content=\"new\" \/>\n<!-- \/ Yoast SEO plugin. -->","yoast_head_json":{"title":"Frontline Tri-Act Chiens 40-60 kg - V\u00e9torino","description":"Solution antiparasitaire 3 en 1 qui repousse, traite et pr\u00e9vient en un seul geste des tiques, puces, moustiques et phl\u00e9botomes (leishmaniose)","robots":{"index":"noindex","follow":"nofollow"},"og_locale":"fr_FR","og_type":"article","og_title":"Frontline Tri-Act Chiens 40-60 kg - V\u00e9torino","og_description":"Solution antiparasitaire 3 en 1 qui repousse, traite et pr\u00e9vient en un seul geste des tiques, puces, moustiques et phl\u00e9botomes (leishmaniose)","og_url":"https:\/\/www.vetorino.com\/veterinaire\/marboz-01851\/boutique\/product\/frontline-tri-act-chiens-40-60-kg\/","og_site_name":"V\u00e9torino","article_publisher":"https:\/\/www.facebook.com\/Vetorino\/","article_modified_time":"2024-08-27T14:32:03+00:00","og_image":[{"width":1500,"height":1500,"url":"https:\/\/www.vetorino.com\/boutique\/wp-content\/uploads\/2022\/11\/BOEHRINGER-1864120.jpg","type":"image\/jpeg"}],"twitter_card":"summary_large_image","twitter_misc":{"Disponibilit\u00e9":"En stock"},"schema":{"@context":"https:\/\/schema.org","@graph":[{"@type":"WebPage","@id":"https:\/\/www.vetorino.com\/boutique\/product\/frontline-tri-act-chiens-40-60-kg\/","url":"https:\/\/www.vetorino.com\/boutique\/product\/frontline-tri-act-chiens-40-60-kg\/","name":"Frontline Tri-Act Chiens 40-60 kg - V\u00e9torino","isPartOf":{"@id":"https:\/\/www.vetorino.com\/boutique\/#website"},"primaryImageOfPage":{"@id":"https:\/\/www.vetorino.com\/boutique\/product\/frontline-tri-act-chiens-40-60-kg\/#primaryimage"},"image":{"@id":"https:\/\/www.vetorino.com\/boutique\/product\/frontline-tri-act-chiens-40-60-kg\/#primaryimage"},"thumbnailUrl":"https:\/\/www.vetorino.com\/boutique\/wp-content\/uploads\/2022\/11\/BOEHRINGER-1864120.jpg","datePublished":"2022-11-18T19:35:36+00:00","dateModified":"2024-08-27T14:32:03+00:00","description":"Solution antiparasitaire 3 en 1 qui repousse, traite et pr\u00e9vient en un seul geste des tiques, puces, moustiques et phl\u00e9botomes (leishmaniose)","breadcrumb":{"@id":"https:\/\/www.vetorino.com\/boutique\/product\/frontline-tri-act-chiens-40-60-kg\/#breadcrumb"},"inLanguage":"fr-FR","potentialAction":[{"@type":"ReadAction","target":["https:\/\/www.vetorino.com\/boutique\/product\/frontline-tri-act-chiens-40-60-kg\/"]}]},{"@type":"ImageObject","inLanguage":"fr-FR","@id":"https:\/\/www.vetorino.com\/boutique\/product\/frontline-tri-act-chiens-40-60-kg\/#primaryimage","url":"https:\/\/www.vetorino.com\/boutique\/wp-content\/uploads\/2022\/11\/BOEHRINGER-1864120.jpg","contentUrl":"https:\/\/www.vetorino.com\/boutique\/wp-content\/uploads\/2022\/11\/BOEHRINGER-1864120.jpg","width":1500,"height":1500},{"@type":"BreadcrumbList","@id":"https:\/\/www.vetorino.com\/boutique\/product\/frontline-tri-act-chiens-40-60-kg\/#breadcrumb","itemListElement":[{"@type":"ListItem","position":1,"name":"Accueil","item":"https:\/\/www.vetorino.com\/boutique\/"},{"@type":"ListItem","position":2,"name":"Produits","item":"https:\/\/www.vetorino.com\/boutique\/"},{"@type":"ListItem","position":3,"name":"Frontline Tri-Act Chiens 40-60 kg"}]},{"@type":"WebSite","@id":"https:\/\/www.vetorino.com\/boutique\/#website","url":"https:\/\/www.vetorino.com\/boutique\/","name":"V\u00e9torino","description":"","publisher":{"@id":"https:\/\/www.vetorino.com\/boutique\/#organization"},"potentialAction":[{"@type":"SearchAction","target":{"@type":"EntryPoint","urlTemplate":"https:\/\/www.vetorino.com\/boutique\/?s={search_term_string}"},"query-input":{"@type":"PropertyValueSpecification","valueRequired":true,"valueName":"search_term_string"}}],"inLanguage":"fr-FR"},{"@type":"Organization","@id":"https:\/\/www.vetorino.com\/boutique\/#organization","name":"V\u00e9torino","url":"https:\/\/www.vetorino.com\/boutique\/","logo":{"@type":"ImageObject","inLanguage":"fr-FR","@id":"https:\/\/www.vetorino.com\/boutique\/#\/schema\/logo\/image\/","url":"https:\/\/www.vetorino.com\/boutique\/wp-content\/uploads\/2024\/10\/logo.jpg","contentUrl":"https:\/\/www.vetorino.com\/boutique\/wp-content\/uploads\/2024\/10\/logo.jpg","width":1200,"height":610,"caption":"V\u00e9torino"},"image":{"@id":"https:\/\/www.vetorino.com\/boutique\/#\/schema\/logo\/image\/"},"sameAs":["https:\/\/www.facebook.com\/Vetorino\/","https:\/\/www.instagram.com\/vetorino_off\/","https:\/\/www.linkedin.com\/company\/vtorino\/"]}]},"og_availability":"instock","product_availability":"instock","product_condition":"new"},"_links":{"self":[{"href":"https:\/\/www.vetorino.com\/veterinaire\/marboz-01851\/boutique\/wp-json\/wp\/v2\/product\/508866","targetHints":{"allow":["GET"]}}],"collection":[{"href":"https:\/\/www.vetorino.com\/veterinaire\/marboz-01851\/boutique\/wp-json\/wp\/v2\/product"}],"about":[{"href":"https:\/\/www.vetorino.com\/veterinaire\/marboz-01851\/boutique\/wp-json\/wp\/v2\/types\/product"}],"wp:featuredmedia":[{"embeddable":true,"href":"https:\/\/www.vetorino.com\/veterinaire\/marboz-01851\/boutique\/wp-json\/wp\/v2\/media\/1005712"}],"wp:attachment":[{"href":"https:\/\/www.vetorino.com\/veterinaire\/marboz-01851\/boutique\/wp-json\/wp\/v2\/media?parent=508866"}],"wp:term":[{"taxonomy":"product_cat","embeddable":true,"href":"https:\/\/www.vetorino.com\/veterinaire\/marboz-01851\/boutique\/wp-json\/wp\/v2\/product_cat?post=508866"},{"taxonomy":"product_tag","embeddable":true,"href":"https:\/\/www.vetorino.com\/veterinaire\/marboz-01851\/boutique\/wp-json\/wp\/v2\/product_tag?post=508866"}],"curies":[{"name":"wp","href":"https:\/\/api.w.org\/{rel}","templated":true}]}}