{"id":556872,"date":"2023-02-13T17:15:53","date_gmt":"2023-02-13T16:15:53","guid":{"rendered":"https:\/\/www.vetorino.com\/boutique\/product\/jouet-boomer-ball\/"},"modified":"2024-07-08T16:47:14","modified_gmt":"2024-07-08T14:47:14","slug":"jouet-boomer-ball","status":"publish","type":"product","link":"https:\/\/www.vetorino.com\/veterinaire\/marboz-01851\/boutique\/product\/jouet-boomer-ball\/","title":{"rendered":"Boomer Ball pour chien"},"content":{"rendered":"<p>La <strong>Boomer Ball<\/strong> est une balle quasiment indestructible en plastique dur, particuli\u00e8rement adapt\u00e9e aux chiens fous de ballon et qui aiment d\u00e9truire ou crever leurs jouets. Tr\u00e8s r\u00e9sistante, cette balle est \u00e9galement utilis\u00e9e dans les zoos pour enrichir l\u2019environnement des \u00e9l\u00e9phants, des ours polaires, des tigres ou tout autre animal ennuy\u00e9. En plastique tr\u00e8s rigide, elle n\u2019est pas faite pour \u00eatre mordue ou transport\u00e9e par votre chien. Il faut donc que le diam\u00e8tre de la <strong>Boomer Ball<\/strong> soit plus grand que l\u2019ouverture maximale de ses m\u00e2choires. Votre compagnon ne se lassera pas de jouer \u00e0 pousser sa balle, comme s\u2019il jouait au football, ni d\u2019essayer de l\u2019attraper ou de la mordiller. Flottante, il pourra \u00e9galement jouer avec dans l\u2019eau !<\/p>\n<p><strong>Disponible en 4 tailles :<\/strong><\/p>\n<p>11cm : Jack Russel, Westie, Yorkshire Terrier, Teckel, Bichon fris\u00e9<br \/>\n15cm : Border Collie, Bulldog, Epagneul Breton, Cocker Spaniel<br \/>\n20cm : Boxer, Braque, Bull Terriers, Dobermann, L\u00e9vrier Afghan, Golden retriever, Labrador, Shar Pei, Husky<br \/>\n25 cm : Bull Mastiff, Bull Terrier, Berger Allemand, Danois, Rottweiler, Saint Bernard<\/p>\n<p><strong>Caract\u00e9ristiques :<\/strong><br \/>\n\u2013 Balle en plastique tr\u00e8s rigide<br \/>\n\u2013 Indestructible, id\u00e9ale pour chien destructeur<br \/>\n\u2013 Ne doit pas \u00eatre saisissable par le chien, pr\u00e9voir la taille en cons\u00e9quence<\/p>\n","protected":false},"excerpt":{"rendered":"<p><strong>Fabriqu\u00e9es \u00e0 partir de poly\u00e9thyl\u00e8ne dur, la plupart des chiens ne pourront pas percer les balles<\/strong>, ni les d\u00e9chirer en lambeaux. Les Boomer Ball ne sont pas con\u00e7ues pour \u00eatre saisies par le chien, la taille de la balle doit donc \u00eatre choisie de mani\u00e8re \u00e0 ce que le chien ne puisse pas la transporter.<\/p>\n","protected":false},"featured_media":592808,"template":"","meta":[],"product_cat":[12550,2698,2802,12621],"product_tag":[],"class_list":{"0":"post-556872","1":"product","2":"type-product","3":"status-publish","4":"has-post-thumbnail","6":"product_cat-accessoires-du-chien","7":"product_cat-chien","8":"product_cat-jouets-a-macher-pour-chien","9":"product_cat-jeux-educatifs-pour-chien","10":"pa_marque-boomer-ball","12":"first","13":"instock","14":"taxable","15":"shipping-taxable","16":"purchasable","17":"product-type-variable"},"yoast_head":"<!-- This site is optimized with the Yoast SEO plugin v27.3 - https:\/\/yoast.com\/product\/yoast-seo-wordpress\/ -->\n<title>Boomer Ball pour chien Boomer Ball - V\u00e9torino<\/title>\n<meta name=\"description\" content=\"Fabriqu\u00e9es \u00e0 partir de poly\u00e9thyl\u00e8ne dur, la plupart des chiens ne pourront pas percer les balles, ni les d\u00e9chirer en lambeaux. Les Boomer Ball ne sont pas con\u00e7ues pour \u00eatre saisies par le chien, la taille de la balle doit donc \u00eatre choisie de mani\u00e8re \u00e0 ce que le chien ne puisse pas la transporter.\" \/>\n<meta name=\"robots\" content=\"noindex, nofollow\" \/>\n<meta property=\"og:locale\" content=\"fr_FR\" \/>\n<meta property=\"og:type\" content=\"article\" \/>\n<meta property=\"og:title\" content=\"Boomer Ball pour chien Boomer Ball - V\u00e9torino\" \/>\n<meta property=\"og:description\" content=\"Fabriqu\u00e9es \u00e0 partir de poly\u00e9thyl\u00e8ne dur, la plupart des chiens ne pourront pas percer les balles, ni les d\u00e9chirer en lambeaux. Les Boomer Ball ne sont pas con\u00e7ues pour \u00eatre saisies par le chien, la taille de la balle doit donc \u00eatre choisie de mani\u00e8re \u00e0 ce que le chien ne puisse pas la transporter.\" \/>\n<meta property=\"og:url\" content=\"https:\/\/www.vetorino.com\/veterinaire\/marboz-01851\/boutique\/product\/jouet-boomer-ball\/\" \/>\n<meta property=\"og:site_name\" content=\"V\u00e9torino\" \/>\n<meta property=\"article:publisher\" content=\"https:\/\/www.facebook.com\/Vetorino\/\" \/>\n<meta property=\"article:modified_time\" content=\"2024-07-08T14:47:14+00:00\" \/>\n<meta property=\"og:image\" content=\"https:\/\/www.vetorino.com\/boutique\/wp-content\/uploads\/2023\/02\/jouet-boomer-ball-o-100-mm.jpg\" \/>\n\t<meta property=\"og:image:width\" content=\"800\" \/>\n\t<meta property=\"og:image:height\" content=\"800\" \/>\n\t<meta property=\"og:image:type\" content=\"image\/jpeg\" \/>\n<meta name=\"twitter:card\" content=\"summary_large_image\" \/>\n<meta name=\"twitter:label1\" content=\"Disponibilit\u00e9\" \/>\n\t<meta name=\"twitter:data1\" content=\"En stock\" \/>\n<script type=\"application\/ld+json\" class=\"yoast-schema-graph\">{\"@context\":\"https:\\\/\\\/schema.org\",\"@graph\":[{\"@type\":\"WebPage\",\"@id\":\"https:\\\/\\\/www.vetorino.com\\\/boutique\\\/product\\\/jouet-boomer-ball\\\/\",\"url\":\"https:\\\/\\\/www.vetorino.com\\\/boutique\\\/product\\\/jouet-boomer-ball\\\/\",\"name\":\"Boomer Ball pour chien Boomer Ball - V\u00e9torino\",\"isPartOf\":{\"@id\":\"https:\\\/\\\/www.vetorino.com\\\/boutique\\\/#website\"},\"primaryImageOfPage\":{\"@id\":\"https:\\\/\\\/www.vetorino.com\\\/boutique\\\/product\\\/jouet-boomer-ball\\\/#primaryimage\"},\"image\":{\"@id\":\"https:\\\/\\\/www.vetorino.com\\\/boutique\\\/product\\\/jouet-boomer-ball\\\/#primaryimage\"},\"thumbnailUrl\":\"https:\\\/\\\/www.vetorino.com\\\/boutique\\\/wp-content\\\/uploads\\\/2023\\\/02\\\/jouet-boomer-ball-o-100-mm.jpg\",\"datePublished\":\"2023-02-13T16:15:53+00:00\",\"dateModified\":\"2024-07-08T14:47:14+00:00\",\"description\":\"Fabriqu\u00e9es \u00e0 partir de poly\u00e9thyl\u00e8ne dur, la plupart des chiens ne pourront pas percer les balles, ni les d\u00e9chirer en lambeaux. Les Boomer Ball ne sont pas con\u00e7ues pour \u00eatre saisies par le chien, la taille de la balle doit donc \u00eatre choisie de mani\u00e8re \u00e0 ce que le chien ne puisse pas la transporter.\",\"breadcrumb\":{\"@id\":\"https:\\\/\\\/www.vetorino.com\\\/boutique\\\/product\\\/jouet-boomer-ball\\\/#breadcrumb\"},\"inLanguage\":\"fr-FR\",\"potentialAction\":[{\"@type\":\"ReadAction\",\"target\":[\"https:\\\/\\\/www.vetorino.com\\\/boutique\\\/product\\\/jouet-boomer-ball\\\/\"]}]},{\"@type\":\"ImageObject\",\"inLanguage\":\"fr-FR\",\"@id\":\"https:\\\/\\\/www.vetorino.com\\\/boutique\\\/product\\\/jouet-boomer-ball\\\/#primaryimage\",\"url\":\"https:\\\/\\\/www.vetorino.com\\\/boutique\\\/wp-content\\\/uploads\\\/2023\\\/02\\\/jouet-boomer-ball-o-100-mm.jpg\",\"contentUrl\":\"https:\\\/\\\/www.vetorino.com\\\/boutique\\\/wp-content\\\/uploads\\\/2023\\\/02\\\/jouet-boomer-ball-o-100-mm.jpg\",\"width\":800,\"height\":800},{\"@type\":\"BreadcrumbList\",\"@id\":\"https:\\\/\\\/www.vetorino.com\\\/boutique\\\/product\\\/jouet-boomer-ball\\\/#breadcrumb\",\"itemListElement\":[{\"@type\":\"ListItem\",\"position\":1,\"name\":\"Accueil\",\"item\":\"https:\\\/\\\/www.vetorino.com\\\/boutique\\\/\"},{\"@type\":\"ListItem\",\"position\":2,\"name\":\"Produits\",\"item\":\"https:\\\/\\\/www.vetorino.com\\\/boutique\\\/\"},{\"@type\":\"ListItem\",\"position\":3,\"name\":\"Boomer Ball pour chien\"}]},{\"@type\":\"WebSite\",\"@id\":\"https:\\\/\\\/www.vetorino.com\\\/boutique\\\/#website\",\"url\":\"https:\\\/\\\/www.vetorino.com\\\/boutique\\\/\",\"name\":\"V\u00e9torino\",\"description\":\"\",\"publisher\":{\"@id\":\"https:\\\/\\\/www.vetorino.com\\\/boutique\\\/#organization\"},\"potentialAction\":[{\"@type\":\"SearchAction\",\"target\":{\"@type\":\"EntryPoint\",\"urlTemplate\":\"https:\\\/\\\/www.vetorino.com\\\/boutique\\\/?s={search_term_string}\"},\"query-input\":{\"@type\":\"PropertyValueSpecification\",\"valueRequired\":true,\"valueName\":\"search_term_string\"}}],\"inLanguage\":\"fr-FR\"},{\"@type\":\"Organization\",\"@id\":\"https:\\\/\\\/www.vetorino.com\\\/boutique\\\/#organization\",\"name\":\"V\u00e9torino\",\"url\":\"https:\\\/\\\/www.vetorino.com\\\/boutique\\\/\",\"logo\":{\"@type\":\"ImageObject\",\"inLanguage\":\"fr-FR\",\"@id\":\"https:\\\/\\\/www.vetorino.com\\\/boutique\\\/#\\\/schema\\\/logo\\\/image\\\/\",\"url\":\"https:\\\/\\\/www.vetorino.com\\\/boutique\\\/wp-content\\\/uploads\\\/2024\\\/10\\\/logo.jpg\",\"contentUrl\":\"https:\\\/\\\/www.vetorino.com\\\/boutique\\\/wp-content\\\/uploads\\\/2024\\\/10\\\/logo.jpg\",\"width\":1200,\"height\":610,\"caption\":\"V\u00e9torino\"},\"image\":{\"@id\":\"https:\\\/\\\/www.vetorino.com\\\/boutique\\\/#\\\/schema\\\/logo\\\/image\\\/\"},\"sameAs\":[\"https:\\\/\\\/www.facebook.com\\\/Vetorino\\\/\",\"https:\\\/\\\/www.instagram.com\\\/vetorino_off\\\/\",\"https:\\\/\\\/www.linkedin.com\\\/company\\\/vtorino\\\/\"]}]}<\/script>\n<meta property=\"product:brand\" content=\"Boomer Ball\" \/>\n<meta property=\"og:availability\" content=\"instock\" \/>\n<meta property=\"product:availability\" content=\"instock\" \/>\n<meta property=\"product:condition\" content=\"new\" \/>\n<!-- \/ Yoast SEO plugin. -->","yoast_head_json":{"title":"Boomer Ball pour chien Boomer Ball - V\u00e9torino","description":"Fabriqu\u00e9es \u00e0 partir de poly\u00e9thyl\u00e8ne dur, la plupart des chiens ne pourront pas percer les balles, ni les d\u00e9chirer en lambeaux. Les Boomer Ball ne sont pas con\u00e7ues pour \u00eatre saisies par le chien, la taille de la balle doit donc \u00eatre choisie de mani\u00e8re \u00e0 ce que le chien ne puisse pas la transporter.","robots":{"index":"noindex","follow":"nofollow"},"og_locale":"fr_FR","og_type":"article","og_title":"Boomer Ball pour chien Boomer Ball - V\u00e9torino","og_description":"Fabriqu\u00e9es \u00e0 partir de poly\u00e9thyl\u00e8ne dur, la plupart des chiens ne pourront pas percer les balles, ni les d\u00e9chirer en lambeaux. Les Boomer Ball ne sont pas con\u00e7ues pour \u00eatre saisies par le chien, la taille de la balle doit donc \u00eatre choisie de mani\u00e8re \u00e0 ce que le chien ne puisse pas la transporter.","og_url":"https:\/\/www.vetorino.com\/veterinaire\/marboz-01851\/boutique\/product\/jouet-boomer-ball\/","og_site_name":"V\u00e9torino","article_publisher":"https:\/\/www.facebook.com\/Vetorino\/","article_modified_time":"2024-07-08T14:47:14+00:00","og_image":[{"width":800,"height":800,"url":"https:\/\/www.vetorino.com\/boutique\/wp-content\/uploads\/2023\/02\/jouet-boomer-ball-o-100-mm.jpg","type":"image\/jpeg"}],"twitter_card":"summary_large_image","twitter_misc":{"Disponibilit\u00e9":"En stock"},"schema":{"@context":"https:\/\/schema.org","@graph":[{"@type":"WebPage","@id":"https:\/\/www.vetorino.com\/boutique\/product\/jouet-boomer-ball\/","url":"https:\/\/www.vetorino.com\/boutique\/product\/jouet-boomer-ball\/","name":"Boomer Ball pour chien Boomer Ball - V\u00e9torino","isPartOf":{"@id":"https:\/\/www.vetorino.com\/boutique\/#website"},"primaryImageOfPage":{"@id":"https:\/\/www.vetorino.com\/boutique\/product\/jouet-boomer-ball\/#primaryimage"},"image":{"@id":"https:\/\/www.vetorino.com\/boutique\/product\/jouet-boomer-ball\/#primaryimage"},"thumbnailUrl":"https:\/\/www.vetorino.com\/boutique\/wp-content\/uploads\/2023\/02\/jouet-boomer-ball-o-100-mm.jpg","datePublished":"2023-02-13T16:15:53+00:00","dateModified":"2024-07-08T14:47:14+00:00","description":"Fabriqu\u00e9es \u00e0 partir de poly\u00e9thyl\u00e8ne dur, la plupart des chiens ne pourront pas percer les balles, ni les d\u00e9chirer en lambeaux. Les Boomer Ball ne sont pas con\u00e7ues pour \u00eatre saisies par le chien, la taille de la balle doit donc \u00eatre choisie de mani\u00e8re \u00e0 ce que le chien ne puisse pas la transporter.","breadcrumb":{"@id":"https:\/\/www.vetorino.com\/boutique\/product\/jouet-boomer-ball\/#breadcrumb"},"inLanguage":"fr-FR","potentialAction":[{"@type":"ReadAction","target":["https:\/\/www.vetorino.com\/boutique\/product\/jouet-boomer-ball\/"]}]},{"@type":"ImageObject","inLanguage":"fr-FR","@id":"https:\/\/www.vetorino.com\/boutique\/product\/jouet-boomer-ball\/#primaryimage","url":"https:\/\/www.vetorino.com\/boutique\/wp-content\/uploads\/2023\/02\/jouet-boomer-ball-o-100-mm.jpg","contentUrl":"https:\/\/www.vetorino.com\/boutique\/wp-content\/uploads\/2023\/02\/jouet-boomer-ball-o-100-mm.jpg","width":800,"height":800},{"@type":"BreadcrumbList","@id":"https:\/\/www.vetorino.com\/boutique\/product\/jouet-boomer-ball\/#breadcrumb","itemListElement":[{"@type":"ListItem","position":1,"name":"Accueil","item":"https:\/\/www.vetorino.com\/boutique\/"},{"@type":"ListItem","position":2,"name":"Produits","item":"https:\/\/www.vetorino.com\/boutique\/"},{"@type":"ListItem","position":3,"name":"Boomer Ball pour chien"}]},{"@type":"WebSite","@id":"https:\/\/www.vetorino.com\/boutique\/#website","url":"https:\/\/www.vetorino.com\/boutique\/","name":"V\u00e9torino","description":"","publisher":{"@id":"https:\/\/www.vetorino.com\/boutique\/#organization"},"potentialAction":[{"@type":"SearchAction","target":{"@type":"EntryPoint","urlTemplate":"https:\/\/www.vetorino.com\/boutique\/?s={search_term_string}"},"query-input":{"@type":"PropertyValueSpecification","valueRequired":true,"valueName":"search_term_string"}}],"inLanguage":"fr-FR"},{"@type":"Organization","@id":"https:\/\/www.vetorino.com\/boutique\/#organization","name":"V\u00e9torino","url":"https:\/\/www.vetorino.com\/boutique\/","logo":{"@type":"ImageObject","inLanguage":"fr-FR","@id":"https:\/\/www.vetorino.com\/boutique\/#\/schema\/logo\/image\/","url":"https:\/\/www.vetorino.com\/boutique\/wp-content\/uploads\/2024\/10\/logo.jpg","contentUrl":"https:\/\/www.vetorino.com\/boutique\/wp-content\/uploads\/2024\/10\/logo.jpg","width":1200,"height":610,"caption":"V\u00e9torino"},"image":{"@id":"https:\/\/www.vetorino.com\/boutique\/#\/schema\/logo\/image\/"},"sameAs":["https:\/\/www.facebook.com\/Vetorino\/","https:\/\/www.instagram.com\/vetorino_off\/","https:\/\/www.linkedin.com\/company\/vtorino\/"]}]},"product_brand":"Boomer Ball","og_availability":"instock","product_availability":"instock","product_condition":"new"},"_links":{"self":[{"href":"https:\/\/www.vetorino.com\/veterinaire\/marboz-01851\/boutique\/wp-json\/wp\/v2\/product\/556872","targetHints":{"allow":["GET"]}}],"collection":[{"href":"https:\/\/www.vetorino.com\/veterinaire\/marboz-01851\/boutique\/wp-json\/wp\/v2\/product"}],"about":[{"href":"https:\/\/www.vetorino.com\/veterinaire\/marboz-01851\/boutique\/wp-json\/wp\/v2\/types\/product"}],"wp:featuredmedia":[{"embeddable":true,"href":"https:\/\/www.vetorino.com\/veterinaire\/marboz-01851\/boutique\/wp-json\/wp\/v2\/media\/592808"}],"wp:attachment":[{"href":"https:\/\/www.vetorino.com\/veterinaire\/marboz-01851\/boutique\/wp-json\/wp\/v2\/media?parent=556872"}],"wp:term":[{"taxonomy":"product_cat","embeddable":true,"href":"https:\/\/www.vetorino.com\/veterinaire\/marboz-01851\/boutique\/wp-json\/wp\/v2\/product_cat?post=556872"},{"taxonomy":"product_tag","embeddable":true,"href":"https:\/\/www.vetorino.com\/veterinaire\/marboz-01851\/boutique\/wp-json\/wp\/v2\/product_tag?post=556872"}],"curies":[{"name":"wp","href":"https:\/\/api.w.org\/{rel}","templated":true}]}}