{"id":1824593,"date":"2026-05-06T11:00:05","date_gmt":"2026-05-06T09:00:05","guid":{"rendered":"https:\/\/www.vetorino.com\/boutique\/product\/pro-plan-hairball-care-chat\/"},"modified":"2026-05-06T11:15:48","modified_gmt":"2026-05-06T09:15:48","slug":"pro-plan-hairball-care-chat","status":"publish","type":"product","link":"https:\/\/www.vetorino.com\/veterinaire\/marseille-13007\/boutique\/product\/pro-plan-hairball-care-chat\/","title":{"rendered":"Hairball Care &#8211; chat"},"content":{"rendered":"<p><strong>Aliment compl\u00e9mentaire<\/strong> pour chat adulte.<\/p>\n<p><strong>Favorise l&#8217;\u00e9limination des poils<\/strong> ing\u00e9r\u00e9s et <strong>aide \u00e0 limiter la formation de boules de poils<\/strong> gr\u00e2ce \u00e0 la cellulose.<\/p>\n<p>Scientifiquement con\u00e7u pour aider \u00e0 r\u00e9duire la perte de poils saisonni\u00e8re excessive, r\u00e9duire la formation de boules de poils dans l&#8217;estomac, limiter la r\u00e9gurgitation et favoriser le bien-\u00eatre du chat.<\/p>\n<p><strong>Demander conseil \u00e0 un v\u00e9t\u00e9rinaire avant utilisation.<\/strong><\/p>\n<p><strong>Mode d&#8217;emploi :<\/strong><\/p>\n<p>Recommand\u00e9 pour une utilisation quotidienne pendant le programme de 4 semaines.<\/p>\n<p>Au-del\u00e0 des 4 semaines, vous pouvez ajuster la fr\u00e9quence en fonction des besoins de votre chat et reprendre le programme de 4 semaines \u00e0 tout moment si n\u00e9cessaire.<\/p>\n","protected":false},"excerpt":{"rendered":"<p><strong>Aliment compl\u00e9mentaire<\/strong> pour chat adulte.<\/p>\n<p><strong>Favorise l&#8217;\u00e9limination des poils<\/strong> ing\u00e9r\u00e9s et <strong>aide \u00e0 limiter la formation de boules de poils<\/strong> gr\u00e2ce \u00e0 la cellulose.<\/p>\n<p>Scientifiquement con\u00e7u pour aider \u00e0 r\u00e9duire la perte de poils saisonni\u00e8re excessive, r\u00e9duire la formation de boules de poils dans l&#8217;estomac, limiter la r\u00e9gurgitation et favoriser le bien-\u00eatre du chat.<\/p>\n<p><strong>Demander conseil \u00e0 un v\u00e9t\u00e9rinaire avant utilisation.<\/strong><\/p>\n","protected":false},"featured_media":1824603,"template":"","meta":[],"product_cat":[12551,2730,2697],"product_tag":[],"class_list":{"0":"post-1824593","1":"product","2":"type-product","3":"status-publish","4":"has-post-thumbnail","6":"product_cat-alimentation-du-chat","7":"product_cat-aliments-complementaires-pour-chat","8":"product_cat-chat","9":"pa_marque-purina","11":"first","12":"instock","13":"taxable","14":"shipping-taxable","15":"purchasable","16":"product-type-simple"},"yoast_head":"<!-- This site is optimized with the Yoast SEO plugin v27.5 - https:\/\/yoast.com\/product\/yoast-seo-wordpress\/ -->\n<title>Hairball Care - chat Purina Pro Plan - V\u00e9torino<\/title>\n<meta name=\"description\" content=\"Aliment compl\u00e9mentaire pour chat adulte.  Favorise l&#039;\u00e9limination des poils ing\u00e9r\u00e9s et aide \u00e0 limiter la formation de boules de poils gr\u00e2ce \u00e0 la cellulose.  Scientifiquement con\u00e7u pour aider \u00e0 r\u00e9duire la perte de poils saisonni\u00e8re excessive, r\u00e9duire la formation de boules de poils dans l&#039;estomac, limiter la r\u00e9gurgitation et favoriser le bien-\u00eatre du chat.  Demander conseil \u00e0 un v\u00e9t\u00e9rinaire avant utilisation.\" \/>\n<meta name=\"robots\" content=\"noindex, nofollow\" \/>\n<meta property=\"og:locale\" content=\"fr_FR\" \/>\n<meta property=\"og:type\" content=\"article\" \/>\n<meta property=\"og:title\" content=\"Hairball Care - chat Purina Pro Plan - V\u00e9torino\" \/>\n<meta property=\"og:description\" content=\"Aliment compl\u00e9mentaire pour chat adulte.  Favorise l&#039;\u00e9limination des poils ing\u00e9r\u00e9s et aide \u00e0 limiter la formation de boules de poils gr\u00e2ce \u00e0 la cellulose.  Scientifiquement con\u00e7u pour aider \u00e0 r\u00e9duire la perte de poils saisonni\u00e8re excessive, r\u00e9duire la formation de boules de poils dans l&#039;estomac, limiter la r\u00e9gurgitation et favoriser le bien-\u00eatre du chat.  Demander conseil \u00e0 un v\u00e9t\u00e9rinaire avant utilisation.\" \/>\n<meta property=\"og:url\" content=\"https:\/\/www.vetorino.com\/veterinaire\/marseille-13007\/boutique\/product\/pro-plan-hairball-care-chat\/\" \/>\n<meta property=\"og:site_name\" content=\"V\u00e9torino\" \/>\n<meta property=\"article:publisher\" content=\"https:\/\/www.facebook.com\/Vetorino\/\" \/>\n<meta property=\"article:modified_time\" content=\"2026-05-06T09:15:48+00:00\" \/>\n<meta property=\"og:image\" content=\"https:\/\/www.vetorino.com\/boutique\/wp-content\/uploads\/2026\/05\/hairball-care-chat-control-proplan1.jpg\" \/>\n\t<meta property=\"og:image:width\" content=\"1000\" \/>\n\t<meta property=\"og:image:height\" content=\"1000\" \/>\n\t<meta property=\"og:image:type\" content=\"image\/jpeg\" \/>\n<meta name=\"twitter:card\" content=\"summary_large_image\" \/>\n<meta name=\"twitter:label1\" content=\"Prix\" \/>\n\t<meta name=\"twitter:data1\" content=\"5,65&euro;\" \/>\n\t<meta name=\"twitter:label2\" content=\"Disponibilit\u00e9\" \/>\n\t<meta name=\"twitter:data2\" content=\"En stock\" \/>\n<script type=\"application\/ld+json\" class=\"yoast-schema-graph\">{\"@context\":\"https:\\\/\\\/schema.org\",\"@graph\":[{\"@type\":\"WebPage\",\"@id\":\"https:\\\/\\\/www.vetorino.com\\\/boutique\\\/product\\\/pro-plan-hairball-care-chat\\\/\",\"url\":\"https:\\\/\\\/www.vetorino.com\\\/boutique\\\/product\\\/pro-plan-hairball-care-chat\\\/\",\"name\":\"Hairball Care - chat Purina Pro Plan - V\u00e9torino\",\"isPartOf\":{\"@id\":\"https:\\\/\\\/www.vetorino.com\\\/boutique\\\/#website\"},\"primaryImageOfPage\":{\"@id\":\"https:\\\/\\\/www.vetorino.com\\\/boutique\\\/product\\\/pro-plan-hairball-care-chat\\\/#primaryimage\"},\"image\":{\"@id\":\"https:\\\/\\\/www.vetorino.com\\\/boutique\\\/product\\\/pro-plan-hairball-care-chat\\\/#primaryimage\"},\"thumbnailUrl\":\"https:\\\/\\\/www.vetorino.com\\\/boutique\\\/wp-content\\\/uploads\\\/2026\\\/05\\\/hairball-care-chat-control-proplan1.jpg\",\"datePublished\":\"2026-05-06T09:00:05+00:00\",\"dateModified\":\"2026-05-06T09:15:48+00:00\",\"description\":\"Aliment compl\u00e9mentaire pour chat adulte. Favorise l'\u00e9limination des poils ing\u00e9r\u00e9s et aide \u00e0 limiter la formation de boules de poils gr\u00e2ce \u00e0 la cellulose. Scientifiquement con\u00e7u pour aider \u00e0 r\u00e9duire la perte de poils saisonni\u00e8re excessive, r\u00e9duire la formation de boules de poils dans l'estomac, limiter la r\u00e9gurgitation et favoriser le bien-\u00eatre du chat. Demander conseil \u00e0 un v\u00e9t\u00e9rinaire avant utilisation.\",\"breadcrumb\":{\"@id\":\"https:\\\/\\\/www.vetorino.com\\\/boutique\\\/product\\\/pro-plan-hairball-care-chat\\\/#breadcrumb\"},\"inLanguage\":\"fr-FR\",\"potentialAction\":[{\"@type\":\"ReadAction\",\"target\":[\"https:\\\/\\\/www.vetorino.com\\\/boutique\\\/product\\\/pro-plan-hairball-care-chat\\\/\"]}]},{\"@type\":\"ImageObject\",\"inLanguage\":\"fr-FR\",\"@id\":\"https:\\\/\\\/www.vetorino.com\\\/boutique\\\/product\\\/pro-plan-hairball-care-chat\\\/#primaryimage\",\"url\":\"https:\\\/\\\/www.vetorino.com\\\/boutique\\\/wp-content\\\/uploads\\\/2026\\\/05\\\/hairball-care-chat-control-proplan1.jpg\",\"contentUrl\":\"https:\\\/\\\/www.vetorino.com\\\/boutique\\\/wp-content\\\/uploads\\\/2026\\\/05\\\/hairball-care-chat-control-proplan1.jpg\",\"width\":1000,\"height\":1000},{\"@type\":\"BreadcrumbList\",\"@id\":\"https:\\\/\\\/www.vetorino.com\\\/boutique\\\/product\\\/pro-plan-hairball-care-chat\\\/#breadcrumb\",\"itemListElement\":[{\"@type\":\"ListItem\",\"position\":1,\"name\":\"Accueil\",\"item\":\"https:\\\/\\\/www.vetorino.com\\\/boutique\\\/\"},{\"@type\":\"ListItem\",\"position\":2,\"name\":\"Produits\",\"item\":\"https:\\\/\\\/www.vetorino.com\\\/boutique\\\/\"},{\"@type\":\"ListItem\",\"position\":3,\"name\":\"Hairball Care &#8211; chat\"}]},{\"@type\":\"WebSite\",\"@id\":\"https:\\\/\\\/www.vetorino.com\\\/boutique\\\/#website\",\"url\":\"https:\\\/\\\/www.vetorino.com\\\/boutique\\\/\",\"name\":\"V\u00e9torino\",\"description\":\"\",\"publisher\":{\"@id\":\"https:\\\/\\\/www.vetorino.com\\\/boutique\\\/#organization\"},\"potentialAction\":[{\"@type\":\"SearchAction\",\"target\":{\"@type\":\"EntryPoint\",\"urlTemplate\":\"https:\\\/\\\/www.vetorino.com\\\/boutique\\\/?s={search_term_string}\"},\"query-input\":{\"@type\":\"PropertyValueSpecification\",\"valueRequired\":true,\"valueName\":\"search_term_string\"}}],\"inLanguage\":\"fr-FR\"},{\"@type\":\"Organization\",\"@id\":\"https:\\\/\\\/www.vetorino.com\\\/boutique\\\/#organization\",\"name\":\"V\u00e9torino\",\"url\":\"https:\\\/\\\/www.vetorino.com\\\/boutique\\\/\",\"logo\":{\"@type\":\"ImageObject\",\"inLanguage\":\"fr-FR\",\"@id\":\"https:\\\/\\\/www.vetorino.com\\\/boutique\\\/#\\\/schema\\\/logo\\\/image\\\/\",\"url\":\"https:\\\/\\\/www.vetorino.com\\\/boutique\\\/wp-content\\\/uploads\\\/2024\\\/10\\\/logo.jpg\",\"contentUrl\":\"https:\\\/\\\/www.vetorino.com\\\/boutique\\\/wp-content\\\/uploads\\\/2024\\\/10\\\/logo.jpg\",\"width\":1200,\"height\":610,\"caption\":\"V\u00e9torino\"},\"image\":{\"@id\":\"https:\\\/\\\/www.vetorino.com\\\/boutique\\\/#\\\/schema\\\/logo\\\/image\\\/\"},\"sameAs\":[\"https:\\\/\\\/www.facebook.com\\\/Vetorino\\\/\",\"https:\\\/\\\/www.instagram.com\\\/vetorino_off\\\/\",\"https:\\\/\\\/www.linkedin.com\\\/company\\\/vtorino\\\/\"]}]}<\/script>\n<meta property=\"product:brand\" content=\"Purina Pro Plan\" \/>\n<meta property=\"product:price:amount\" content=\"5.65\" \/>\n<meta property=\"product:price:currency\" content=\"EUR\" \/>\n<meta property=\"og:availability\" content=\"instock\" \/>\n<meta property=\"product:availability\" content=\"instock\" \/>\n<meta property=\"product:retailer_item_id\" content=\"C-PRO555\" \/>\n<meta property=\"product:condition\" content=\"new\" \/>\n<!-- \/ Yoast SEO plugin. -->","yoast_head_json":{"title":"Hairball Care - chat Purina Pro Plan - V\u00e9torino","description":"Aliment compl\u00e9mentaire pour chat adulte.  Favorise l'\u00e9limination des poils ing\u00e9r\u00e9s et aide \u00e0 limiter la formation de boules de poils gr\u00e2ce \u00e0 la cellulose.  Scientifiquement con\u00e7u pour aider \u00e0 r\u00e9duire la perte de poils saisonni\u00e8re excessive, r\u00e9duire la formation de boules de poils dans l'estomac, limiter la r\u00e9gurgitation et favoriser le bien-\u00eatre du chat.  Demander conseil \u00e0 un v\u00e9t\u00e9rinaire avant utilisation.","robots":{"index":"noindex","follow":"nofollow"},"og_locale":"fr_FR","og_type":"article","og_title":"Hairball Care - chat Purina Pro Plan - V\u00e9torino","og_description":"Aliment compl\u00e9mentaire pour chat adulte.  Favorise l'\u00e9limination des poils ing\u00e9r\u00e9s et aide \u00e0 limiter la formation de boules de poils gr\u00e2ce \u00e0 la cellulose.  Scientifiquement con\u00e7u pour aider \u00e0 r\u00e9duire la perte de poils saisonni\u00e8re excessive, r\u00e9duire la formation de boules de poils dans l'estomac, limiter la r\u00e9gurgitation et favoriser le bien-\u00eatre du chat.  Demander conseil \u00e0 un v\u00e9t\u00e9rinaire avant utilisation.","og_url":"https:\/\/www.vetorino.com\/veterinaire\/marseille-13007\/boutique\/product\/pro-plan-hairball-care-chat\/","og_site_name":"V\u00e9torino","article_publisher":"https:\/\/www.facebook.com\/Vetorino\/","article_modified_time":"2026-05-06T09:15:48+00:00","og_image":[{"width":1000,"height":1000,"url":"https:\/\/www.vetorino.com\/boutique\/wp-content\/uploads\/2026\/05\/hairball-care-chat-control-proplan1.jpg","type":"image\/jpeg"}],"twitter_card":"summary_large_image","twitter_misc":{"Prix":"5,65&euro;","Disponibilit\u00e9":"En stock"},"schema":{"@context":"https:\/\/schema.org","@graph":[{"@type":"WebPage","@id":"https:\/\/www.vetorino.com\/boutique\/product\/pro-plan-hairball-care-chat\/","url":"https:\/\/www.vetorino.com\/boutique\/product\/pro-plan-hairball-care-chat\/","name":"Hairball Care - chat Purina Pro Plan - V\u00e9torino","isPartOf":{"@id":"https:\/\/www.vetorino.com\/boutique\/#website"},"primaryImageOfPage":{"@id":"https:\/\/www.vetorino.com\/boutique\/product\/pro-plan-hairball-care-chat\/#primaryimage"},"image":{"@id":"https:\/\/www.vetorino.com\/boutique\/product\/pro-plan-hairball-care-chat\/#primaryimage"},"thumbnailUrl":"https:\/\/www.vetorino.com\/boutique\/wp-content\/uploads\/2026\/05\/hairball-care-chat-control-proplan1.jpg","datePublished":"2026-05-06T09:00:05+00:00","dateModified":"2026-05-06T09:15:48+00:00","description":"Aliment compl\u00e9mentaire pour chat adulte. Favorise l'\u00e9limination des poils ing\u00e9r\u00e9s et aide \u00e0 limiter la formation de boules de poils gr\u00e2ce \u00e0 la cellulose. Scientifiquement con\u00e7u pour aider \u00e0 r\u00e9duire la perte de poils saisonni\u00e8re excessive, r\u00e9duire la formation de boules de poils dans l'estomac, limiter la r\u00e9gurgitation et favoriser le bien-\u00eatre du chat. Demander conseil \u00e0 un v\u00e9t\u00e9rinaire avant utilisation.","breadcrumb":{"@id":"https:\/\/www.vetorino.com\/boutique\/product\/pro-plan-hairball-care-chat\/#breadcrumb"},"inLanguage":"fr-FR","potentialAction":[{"@type":"ReadAction","target":["https:\/\/www.vetorino.com\/boutique\/product\/pro-plan-hairball-care-chat\/"]}]},{"@type":"ImageObject","inLanguage":"fr-FR","@id":"https:\/\/www.vetorino.com\/boutique\/product\/pro-plan-hairball-care-chat\/#primaryimage","url":"https:\/\/www.vetorino.com\/boutique\/wp-content\/uploads\/2026\/05\/hairball-care-chat-control-proplan1.jpg","contentUrl":"https:\/\/www.vetorino.com\/boutique\/wp-content\/uploads\/2026\/05\/hairball-care-chat-control-proplan1.jpg","width":1000,"height":1000},{"@type":"BreadcrumbList","@id":"https:\/\/www.vetorino.com\/boutique\/product\/pro-plan-hairball-care-chat\/#breadcrumb","itemListElement":[{"@type":"ListItem","position":1,"name":"Accueil","item":"https:\/\/www.vetorino.com\/boutique\/"},{"@type":"ListItem","position":2,"name":"Produits","item":"https:\/\/www.vetorino.com\/boutique\/"},{"@type":"ListItem","position":3,"name":"Hairball Care &#8211; chat"}]},{"@type":"WebSite","@id":"https:\/\/www.vetorino.com\/boutique\/#website","url":"https:\/\/www.vetorino.com\/boutique\/","name":"V\u00e9torino","description":"","publisher":{"@id":"https:\/\/www.vetorino.com\/boutique\/#organization"},"potentialAction":[{"@type":"SearchAction","target":{"@type":"EntryPoint","urlTemplate":"https:\/\/www.vetorino.com\/boutique\/?s={search_term_string}"},"query-input":{"@type":"PropertyValueSpecification","valueRequired":true,"valueName":"search_term_string"}}],"inLanguage":"fr-FR"},{"@type":"Organization","@id":"https:\/\/www.vetorino.com\/boutique\/#organization","name":"V\u00e9torino","url":"https:\/\/www.vetorino.com\/boutique\/","logo":{"@type":"ImageObject","inLanguage":"fr-FR","@id":"https:\/\/www.vetorino.com\/boutique\/#\/schema\/logo\/image\/","url":"https:\/\/www.vetorino.com\/boutique\/wp-content\/uploads\/2024\/10\/logo.jpg","contentUrl":"https:\/\/www.vetorino.com\/boutique\/wp-content\/uploads\/2024\/10\/logo.jpg","width":1200,"height":610,"caption":"V\u00e9torino"},"image":{"@id":"https:\/\/www.vetorino.com\/boutique\/#\/schema\/logo\/image\/"},"sameAs":["https:\/\/www.facebook.com\/Vetorino\/","https:\/\/www.instagram.com\/vetorino_off\/","https:\/\/www.linkedin.com\/company\/vtorino\/"]}]},"product_brand":"Purina Pro Plan","product_price_amount":"5.65","product_price_currency":"EUR","og_availability":"instock","product_availability":"instock","product_retailer_item_id":"C-PRO555","product_condition":"new"},"_links":{"self":[{"href":"https:\/\/www.vetorino.com\/veterinaire\/marseille-13007\/boutique\/wp-json\/wp\/v2\/product\/1824593","targetHints":{"allow":["GET"]}}],"collection":[{"href":"https:\/\/www.vetorino.com\/veterinaire\/marseille-13007\/boutique\/wp-json\/wp\/v2\/product"}],"about":[{"href":"https:\/\/www.vetorino.com\/veterinaire\/marseille-13007\/boutique\/wp-json\/wp\/v2\/types\/product"}],"wp:featuredmedia":[{"embeddable":true,"href":"https:\/\/www.vetorino.com\/veterinaire\/marseille-13007\/boutique\/wp-json\/wp\/v2\/media\/1824603"}],"wp:attachment":[{"href":"https:\/\/www.vetorino.com\/veterinaire\/marseille-13007\/boutique\/wp-json\/wp\/v2\/media?parent=1824593"}],"wp:term":[{"taxonomy":"product_cat","embeddable":true,"href":"https:\/\/www.vetorino.com\/veterinaire\/marseille-13007\/boutique\/wp-json\/wp\/v2\/product_cat?post=1824593"},{"taxonomy":"product_tag","embeddable":true,"href":"https:\/\/www.vetorino.com\/veterinaire\/marseille-13007\/boutique\/wp-json\/wp\/v2\/product_tag?post=1824593"}],"curies":[{"name":"wp","href":"https:\/\/api.w.org\/{rel}","templated":true}]}}