{"id":646560,"date":"2023-07-02T05:35:11","date_gmt":"2023-07-02T03:35:11","guid":{"rendered":"https:\/\/www.vetorino.com\/boutique\/product\/tonivet-lab-chien-dermatose-barquettes\/"},"modified":"2025-09-02T16:59:06","modified_gmt":"2025-09-02T14:59:06","slug":"tonivet-lab-chien-dermatose-barquettes","status":"publish","type":"product","link":"https:\/\/www.vetorino.com\/veterinaire\/montivilliers-76290\/boutique\/product\/tonivet-lab-chien-dermatose-barquettes\/","title":{"rendered":"Chien Dermatose Saumon"},"content":{"rendered":"<p><strong>TONIVET LAB Humide Chien<\/strong> Dermatose saumon constitue une alimentation pour les chiens souffrant de probl\u00e8mes dermatologiques.<\/p>\n<p><strong>Utilisation :<\/strong><\/p>\n<p><strong>Objectif nutritionnel particulier :<\/strong><br \/>\na) Soutien de la fonction dermique en cas de dermatose et de chute excessive des poils.<br \/>\nb) R\u00e9duction des intol\u00e9rances \u00e0 certains ingr\u00e9dients et substances nutritives.<\/p>\n<p><strong>Caract\u00e9ristiques nutritionnelles essentielles :<\/strong><br \/>\na) Taux \u00e9lev\u00e9 d\u2019acide linol\u00e9ique et somme EPA+DHA.<br \/>\nb) Sources s\u00e9lectionn\u00e9es de prot\u00e9ine et de glucide (poisson et pomme de terre).<\/p>\n<p><strong>Dur\u00e9e d\u2019utilisation recommand\u00e9e :<\/strong><br \/>\na) Jusqu\u2019\u00e0 2 mois<br \/>\nb) De 3 \u00e0 8 semaines. Si les signes d\u2019intol\u00e9rance disparaissent, cet aliment peut \u00eatre utilis\u00e9 initialement jusqu\u2019\u00e0 un an. Il est recommand\u00e9 de demander l\u2019avis d\u2019un v\u00e9t\u00e9rinaire avant utilisation ou avant la prolongation de la dur\u00e9e d\u2019utilisation. Le produit peut \u00eatre administr\u00e9 sans p\u00e9riode d\u2019adaptation, \u00e9tant donn\u00e9 que des effets secondaires possibles comme la diarrh\u00e9e sont objectivement peu fr\u00e9quents.<\/p>\n","protected":false},"excerpt":{"rendered":"<p><strong>Tonivet Chien Dermatose Saumon Bo\u00eete<\/strong> est une alimentation sp\u00e9cialis\u00e9e pour les chiens souffrant de probl\u00e8mes dermatologiques. Sa formule au saumon de qualit\u00e9 offre un soutien nutritionnel cibl\u00e9 pour la sant\u00e9 de la peau et du pelage de votre chien.<\/p>\n","protected":false},"featured_media":657343,"template":"","meta":[],"product_cat":[12552,12582,2698],"product_tag":[],"class_list":{"0":"post-646560","1":"product","2":"type-product","3":"status-publish","4":"has-post-thumbnail","6":"product_cat-alimentation-du-chien","7":"product_cat-alimentation-medicalisee-pour-chien","8":"product_cat-chien","9":"pa_marque-tonivet","11":"first","12":"instock","13":"taxable","14":"shipping-taxable","15":"purchasable","16":"product-type-simple"},"yoast_head":"<!-- This site is optimized with the Yoast SEO plugin v27.4 - https:\/\/yoast.com\/product\/yoast-seo-wordpress\/ -->\n<title>Chien Dermatose Saumon Tonivet - V\u00e9torino<\/title>\n<meta name=\"description\" content=\"Tonivet Chien Dermatose Saumon Bo\u00eete est une alimentation sp\u00e9cialis\u00e9e pour les chiens souffrant de probl\u00e8mes dermatologiques. Sa formule au saumon de qualit\u00e9 offre un soutien nutritionnel cibl\u00e9 pour la sant\u00e9 de la peau et du pelage de votre chien.\" \/>\n<meta name=\"robots\" content=\"noindex, nofollow\" \/>\n<meta property=\"og:locale\" content=\"fr_FR\" \/>\n<meta property=\"og:type\" content=\"article\" \/>\n<meta property=\"og:title\" content=\"Chien Dermatose Saumon Tonivet - V\u00e9torino\" \/>\n<meta property=\"og:description\" content=\"Tonivet Chien Dermatose Saumon Bo\u00eete est une alimentation sp\u00e9cialis\u00e9e pour les chiens souffrant de probl\u00e8mes dermatologiques. Sa formule au saumon de qualit\u00e9 offre un soutien nutritionnel cibl\u00e9 pour la sant\u00e9 de la peau et du pelage de votre chien.\" \/>\n<meta property=\"og:url\" content=\"https:\/\/www.vetorino.com\/veterinaire\/montivilliers-76290\/boutique\/product\/tonivet-lab-chien-dermatose-barquettes\/\" \/>\n<meta property=\"og:site_name\" content=\"V\u00e9torino\" \/>\n<meta property=\"article:publisher\" content=\"https:\/\/www.facebook.com\/Vetorino\/\" \/>\n<meta property=\"article:modified_time\" content=\"2025-09-02T14:59:06+00:00\" \/>\n<meta property=\"og:image\" content=\"https:\/\/www.vetorino.com\/boutique\/wp-content\/uploads\/2023\/07\/TONIVET-CHIEN-HUMIDE-DERMATOSE.png\" \/>\n\t<meta property=\"og:image:width\" content=\"1218\" \/>\n\t<meta property=\"og:image:height\" content=\"1182\" \/>\n\t<meta property=\"og:image:type\" content=\"image\/png\" \/>\n<meta name=\"twitter:card\" content=\"summary_large_image\" \/>\n<meta name=\"twitter:label1\" content=\"Prix\" \/>\n\t<meta name=\"twitter:data1\" content=\"46,64&euro;\" \/>\n\t<meta name=\"twitter:label2\" content=\"Disponibilit\u00e9\" \/>\n\t<meta name=\"twitter:data2\" content=\"En stock\" \/>\n<script type=\"application\/ld+json\" class=\"yoast-schema-graph\">{\"@context\":\"https:\\\/\\\/schema.org\",\"@graph\":[{\"@type\":\"WebPage\",\"@id\":\"https:\\\/\\\/www.vetorino.com\\\/boutique\\\/product\\\/tonivet-lab-chien-dermatose-barquettes\\\/\",\"url\":\"https:\\\/\\\/www.vetorino.com\\\/boutique\\\/product\\\/tonivet-lab-chien-dermatose-barquettes\\\/\",\"name\":\"Chien Dermatose Saumon Tonivet - V\u00e9torino\",\"isPartOf\":{\"@id\":\"https:\\\/\\\/www.vetorino.com\\\/boutique\\\/#website\"},\"primaryImageOfPage\":{\"@id\":\"https:\\\/\\\/www.vetorino.com\\\/boutique\\\/product\\\/tonivet-lab-chien-dermatose-barquettes\\\/#primaryimage\"},\"image\":{\"@id\":\"https:\\\/\\\/www.vetorino.com\\\/boutique\\\/product\\\/tonivet-lab-chien-dermatose-barquettes\\\/#primaryimage\"},\"thumbnailUrl\":\"https:\\\/\\\/www.vetorino.com\\\/boutique\\\/wp-content\\\/uploads\\\/2023\\\/07\\\/TONIVET-CHIEN-HUMIDE-DERMATOSE.png\",\"datePublished\":\"2023-07-02T03:35:11+00:00\",\"dateModified\":\"2025-09-02T14:59:06+00:00\",\"description\":\"Tonivet Chien Dermatose Saumon Bo\u00eete est une alimentation sp\u00e9cialis\u00e9e pour les chiens souffrant de probl\u00e8mes dermatologiques. Sa formule au saumon de qualit\u00e9 offre un soutien nutritionnel cibl\u00e9 pour la sant\u00e9 de la peau et du pelage de votre chien.\",\"breadcrumb\":{\"@id\":\"https:\\\/\\\/www.vetorino.com\\\/boutique\\\/product\\\/tonivet-lab-chien-dermatose-barquettes\\\/#breadcrumb\"},\"inLanguage\":\"fr-FR\",\"potentialAction\":[{\"@type\":\"ReadAction\",\"target\":[\"https:\\\/\\\/www.vetorino.com\\\/boutique\\\/product\\\/tonivet-lab-chien-dermatose-barquettes\\\/\"]}]},{\"@type\":\"ImageObject\",\"inLanguage\":\"fr-FR\",\"@id\":\"https:\\\/\\\/www.vetorino.com\\\/boutique\\\/product\\\/tonivet-lab-chien-dermatose-barquettes\\\/#primaryimage\",\"url\":\"https:\\\/\\\/www.vetorino.com\\\/boutique\\\/wp-content\\\/uploads\\\/2023\\\/07\\\/TONIVET-CHIEN-HUMIDE-DERMATOSE.png\",\"contentUrl\":\"https:\\\/\\\/www.vetorino.com\\\/boutique\\\/wp-content\\\/uploads\\\/2023\\\/07\\\/TONIVET-CHIEN-HUMIDE-DERMATOSE.png\",\"width\":1218,\"height\":1182},{\"@type\":\"BreadcrumbList\",\"@id\":\"https:\\\/\\\/www.vetorino.com\\\/boutique\\\/product\\\/tonivet-lab-chien-dermatose-barquettes\\\/#breadcrumb\",\"itemListElement\":[{\"@type\":\"ListItem\",\"position\":1,\"name\":\"Accueil\",\"item\":\"https:\\\/\\\/www.vetorino.com\\\/boutique\\\/\"},{\"@type\":\"ListItem\",\"position\":2,\"name\":\"Produits\",\"item\":\"https:\\\/\\\/www.vetorino.com\\\/boutique\\\/\"},{\"@type\":\"ListItem\",\"position\":3,\"name\":\"Chien Dermatose Saumon\"}]},{\"@type\":\"WebSite\",\"@id\":\"https:\\\/\\\/www.vetorino.com\\\/boutique\\\/#website\",\"url\":\"https:\\\/\\\/www.vetorino.com\\\/boutique\\\/\",\"name\":\"V\u00e9torino\",\"description\":\"\",\"publisher\":{\"@id\":\"https:\\\/\\\/www.vetorino.com\\\/boutique\\\/#organization\"},\"potentialAction\":[{\"@type\":\"SearchAction\",\"target\":{\"@type\":\"EntryPoint\",\"urlTemplate\":\"https:\\\/\\\/www.vetorino.com\\\/boutique\\\/?s={search_term_string}\"},\"query-input\":{\"@type\":\"PropertyValueSpecification\",\"valueRequired\":true,\"valueName\":\"search_term_string\"}}],\"inLanguage\":\"fr-FR\"},{\"@type\":\"Organization\",\"@id\":\"https:\\\/\\\/www.vetorino.com\\\/boutique\\\/#organization\",\"name\":\"V\u00e9torino\",\"url\":\"https:\\\/\\\/www.vetorino.com\\\/boutique\\\/\",\"logo\":{\"@type\":\"ImageObject\",\"inLanguage\":\"fr-FR\",\"@id\":\"https:\\\/\\\/www.vetorino.com\\\/boutique\\\/#\\\/schema\\\/logo\\\/image\\\/\",\"url\":\"https:\\\/\\\/www.vetorino.com\\\/boutique\\\/wp-content\\\/uploads\\\/2024\\\/10\\\/logo.jpg\",\"contentUrl\":\"https:\\\/\\\/www.vetorino.com\\\/boutique\\\/wp-content\\\/uploads\\\/2024\\\/10\\\/logo.jpg\",\"width\":1200,\"height\":610,\"caption\":\"V\u00e9torino\"},\"image\":{\"@id\":\"https:\\\/\\\/www.vetorino.com\\\/boutique\\\/#\\\/schema\\\/logo\\\/image\\\/\"},\"sameAs\":[\"https:\\\/\\\/www.facebook.com\\\/Vetorino\\\/\",\"https:\\\/\\\/www.instagram.com\\\/vetorino_off\\\/\",\"https:\\\/\\\/www.linkedin.com\\\/company\\\/vtorino\\\/\"]}]}<\/script>\n<meta property=\"product:brand\" content=\"Tonivet\" \/>\n<meta property=\"product:price:amount\" content=\"46.64\" \/>\n<meta property=\"product:price:currency\" content=\"EUR\" \/>\n<meta property=\"og:availability\" content=\"instock\" \/>\n<meta property=\"product:availability\" content=\"instock\" \/>\n<meta property=\"product:retailer_item_id\" content=\"A-1877100\" \/>\n<meta property=\"product:condition\" content=\"new\" \/>\n<!-- \/ Yoast SEO plugin. -->","yoast_head_json":{"title":"Chien Dermatose Saumon Tonivet - V\u00e9torino","description":"Tonivet Chien Dermatose Saumon Bo\u00eete est une alimentation sp\u00e9cialis\u00e9e pour les chiens souffrant de probl\u00e8mes dermatologiques. Sa formule au saumon de qualit\u00e9 offre un soutien nutritionnel cibl\u00e9 pour la sant\u00e9 de la peau et du pelage de votre chien.","robots":{"index":"noindex","follow":"nofollow"},"og_locale":"fr_FR","og_type":"article","og_title":"Chien Dermatose Saumon Tonivet - V\u00e9torino","og_description":"Tonivet Chien Dermatose Saumon Bo\u00eete est une alimentation sp\u00e9cialis\u00e9e pour les chiens souffrant de probl\u00e8mes dermatologiques. Sa formule au saumon de qualit\u00e9 offre un soutien nutritionnel cibl\u00e9 pour la sant\u00e9 de la peau et du pelage de votre chien.","og_url":"https:\/\/www.vetorino.com\/veterinaire\/montivilliers-76290\/boutique\/product\/tonivet-lab-chien-dermatose-barquettes\/","og_site_name":"V\u00e9torino","article_publisher":"https:\/\/www.facebook.com\/Vetorino\/","article_modified_time":"2025-09-02T14:59:06+00:00","og_image":[{"width":1218,"height":1182,"url":"https:\/\/www.vetorino.com\/boutique\/wp-content\/uploads\/2023\/07\/TONIVET-CHIEN-HUMIDE-DERMATOSE.png","type":"image\/png"}],"twitter_card":"summary_large_image","twitter_misc":{"Prix":"46,64&euro;","Disponibilit\u00e9":"En stock"},"schema":{"@context":"https:\/\/schema.org","@graph":[{"@type":"WebPage","@id":"https:\/\/www.vetorino.com\/boutique\/product\/tonivet-lab-chien-dermatose-barquettes\/","url":"https:\/\/www.vetorino.com\/boutique\/product\/tonivet-lab-chien-dermatose-barquettes\/","name":"Chien Dermatose Saumon Tonivet - V\u00e9torino","isPartOf":{"@id":"https:\/\/www.vetorino.com\/boutique\/#website"},"primaryImageOfPage":{"@id":"https:\/\/www.vetorino.com\/boutique\/product\/tonivet-lab-chien-dermatose-barquettes\/#primaryimage"},"image":{"@id":"https:\/\/www.vetorino.com\/boutique\/product\/tonivet-lab-chien-dermatose-barquettes\/#primaryimage"},"thumbnailUrl":"https:\/\/www.vetorino.com\/boutique\/wp-content\/uploads\/2023\/07\/TONIVET-CHIEN-HUMIDE-DERMATOSE.png","datePublished":"2023-07-02T03:35:11+00:00","dateModified":"2025-09-02T14:59:06+00:00","description":"Tonivet Chien Dermatose Saumon Bo\u00eete est une alimentation sp\u00e9cialis\u00e9e pour les chiens souffrant de probl\u00e8mes dermatologiques. Sa formule au saumon de qualit\u00e9 offre un soutien nutritionnel cibl\u00e9 pour la sant\u00e9 de la peau et du pelage de votre chien.","breadcrumb":{"@id":"https:\/\/www.vetorino.com\/boutique\/product\/tonivet-lab-chien-dermatose-barquettes\/#breadcrumb"},"inLanguage":"fr-FR","potentialAction":[{"@type":"ReadAction","target":["https:\/\/www.vetorino.com\/boutique\/product\/tonivet-lab-chien-dermatose-barquettes\/"]}]},{"@type":"ImageObject","inLanguage":"fr-FR","@id":"https:\/\/www.vetorino.com\/boutique\/product\/tonivet-lab-chien-dermatose-barquettes\/#primaryimage","url":"https:\/\/www.vetorino.com\/boutique\/wp-content\/uploads\/2023\/07\/TONIVET-CHIEN-HUMIDE-DERMATOSE.png","contentUrl":"https:\/\/www.vetorino.com\/boutique\/wp-content\/uploads\/2023\/07\/TONIVET-CHIEN-HUMIDE-DERMATOSE.png","width":1218,"height":1182},{"@type":"BreadcrumbList","@id":"https:\/\/www.vetorino.com\/boutique\/product\/tonivet-lab-chien-dermatose-barquettes\/#breadcrumb","itemListElement":[{"@type":"ListItem","position":1,"name":"Accueil","item":"https:\/\/www.vetorino.com\/boutique\/"},{"@type":"ListItem","position":2,"name":"Produits","item":"https:\/\/www.vetorino.com\/boutique\/"},{"@type":"ListItem","position":3,"name":"Chien Dermatose Saumon"}]},{"@type":"WebSite","@id":"https:\/\/www.vetorino.com\/boutique\/#website","url":"https:\/\/www.vetorino.com\/boutique\/","name":"V\u00e9torino","description":"","publisher":{"@id":"https:\/\/www.vetorino.com\/boutique\/#organization"},"potentialAction":[{"@type":"SearchAction","target":{"@type":"EntryPoint","urlTemplate":"https:\/\/www.vetorino.com\/boutique\/?s={search_term_string}"},"query-input":{"@type":"PropertyValueSpecification","valueRequired":true,"valueName":"search_term_string"}}],"inLanguage":"fr-FR"},{"@type":"Organization","@id":"https:\/\/www.vetorino.com\/boutique\/#organization","name":"V\u00e9torino","url":"https:\/\/www.vetorino.com\/boutique\/","logo":{"@type":"ImageObject","inLanguage":"fr-FR","@id":"https:\/\/www.vetorino.com\/boutique\/#\/schema\/logo\/image\/","url":"https:\/\/www.vetorino.com\/boutique\/wp-content\/uploads\/2024\/10\/logo.jpg","contentUrl":"https:\/\/www.vetorino.com\/boutique\/wp-content\/uploads\/2024\/10\/logo.jpg","width":1200,"height":610,"caption":"V\u00e9torino"},"image":{"@id":"https:\/\/www.vetorino.com\/boutique\/#\/schema\/logo\/image\/"},"sameAs":["https:\/\/www.facebook.com\/Vetorino\/","https:\/\/www.instagram.com\/vetorino_off\/","https:\/\/www.linkedin.com\/company\/vtorino\/"]}]},"product_brand":"Tonivet","product_price_amount":"46.64","product_price_currency":"EUR","og_availability":"instock","product_availability":"instock","product_retailer_item_id":"A-1877100","product_condition":"new"},"_links":{"self":[{"href":"https:\/\/www.vetorino.com\/veterinaire\/montivilliers-76290\/boutique\/wp-json\/wp\/v2\/product\/646560","targetHints":{"allow":["GET"]}}],"collection":[{"href":"https:\/\/www.vetorino.com\/veterinaire\/montivilliers-76290\/boutique\/wp-json\/wp\/v2\/product"}],"about":[{"href":"https:\/\/www.vetorino.com\/veterinaire\/montivilliers-76290\/boutique\/wp-json\/wp\/v2\/types\/product"}],"wp:featuredmedia":[{"embeddable":true,"href":"https:\/\/www.vetorino.com\/veterinaire\/montivilliers-76290\/boutique\/wp-json\/wp\/v2\/media\/657343"}],"wp:attachment":[{"href":"https:\/\/www.vetorino.com\/veterinaire\/montivilliers-76290\/boutique\/wp-json\/wp\/v2\/media?parent=646560"}],"wp:term":[{"taxonomy":"product_cat","embeddable":true,"href":"https:\/\/www.vetorino.com\/veterinaire\/montivilliers-76290\/boutique\/wp-json\/wp\/v2\/product_cat?post=646560"},{"taxonomy":"product_tag","embeddable":true,"href":"https:\/\/www.vetorino.com\/veterinaire\/montivilliers-76290\/boutique\/wp-json\/wp\/v2\/product_tag?post=646560"}],"curies":[{"name":"wp","href":"https:\/\/api.w.org\/{rel}","templated":true}]}}