{"id":1698160,"date":"2026-02-11T14:53:03","date_gmt":"2026-02-11T13:53:03","guid":{"rendered":"https:\/\/www.vetorino.com\/boutique\/product\/dialux-ut-15\/"},"modified":"2026-02-16T17:20:12","modified_gmt":"2026-02-16T16:20:12","slug":"dialux-ut-15","status":"publish","type":"product","link":"https:\/\/www.vetorino.com\/veterinaire\/muret-31600\/boutique\/product\/dialux-ut-15\/","title":{"rendered":"Dialux UT-15"},"content":{"rendered":"<p><span style=\"color: #000000; font-family: Helvetica; font-size: medium;\">Action compl\u00e8te : Vaccinium macrocarpon (canneberge). <\/span><\/p>\n<p><span style=\"color: #000000; font-family: Helvetica; font-size: medium;\">Riche en proanthocyanidines &#8211; aide \u00e0 r\u00e9duire le pH urinaire. <\/span><\/p>\n<p><span style=\"color: #000000; font-family: Helvetica; font-size: medium;\">N-ac\u00e9tyl-glucosamine &#8211; aide \u00e0 maintenir la muqueuse v\u00e9sicale dans des conditions physiologiques. <\/span><\/p>\n<p><span style=\"color: #000000; font-family: Helvetica; font-size: medium;\">Zea mays (ma\u00efs) : favorise l&#8217;augmentation du volume urinaire. <\/span><\/p>\n<p><span style=\"color: #000000; font-family: Helvetica; font-size: medium;\">Diminue la concentration de substances en suspension dans l&#8217;urine. <\/span><\/p>\n<p><em><span style=\"color: #000000; font-family: Helvetica; font-size: medium;\">Posologie : phase initial (2-4 semaines) : 2 par jour \/ Phase entretien : 1 par jour en une fois ou divis\u00e9 en deux prises.<\/span><\/em><\/p>\n<p><span style=\"color: #000000; font-family: Helvetica; font-size: medium;\">Bouch\u00e9es tr\u00e8s app\u00e9tentes qui facilitent la prise spontan\u00e9e quotidienne, respectant ainsi la relation avec l&#8217;animal et maximisant le respect de l&#8217;observance du traitement.<\/span><\/p>\n<p><strong>Demander conseil \u00e0 un v\u00e9t\u00e9rinaire avant utilisation.<\/strong><\/p>\n","protected":false},"excerpt":{"rendered":"<p><span style=\"color: #000000; font-family: Helvetica; font-size: medium;\">Aliment compl\u00e9mentaire pour chiens \u00e0 partir de 15kg, qui aide \u00e0 diminuer le pH urinaire, \u00e0 augmenter le volume d&#8217;urine et \u00e0 r\u00e9duire la concentration de substances en suspension.<\/span><\/p>\n<p><span style=\"color: #000000; font-family: Helvetica; font-size: medium;\">Formul\u00e9 en bouch\u00e9es tr\u00e8s app\u00e9tentes.<\/span><\/p>\n<p><strong>Demander conseil \u00e0 un v\u00e9t\u00e9rinaire avant utilisation.<\/strong><\/p>\n","protected":false},"featured_media":1705650,"template":"","meta":[],"product_cat":[2738,2698],"product_tag":[],"class_list":{"0":"post-1698160","1":"product","2":"type-product","3":"status-publish","4":"has-post-thumbnail","6":"product_cat-aliments-complementaires-pour-chien","7":"product_cat-chien","8":"pa_marque-vetnova","10":"first","11":"outofstock","12":"taxable","13":"shipping-taxable","14":"purchasable","15":"product-type-simple"},"yoast_head":"<!-- This site is optimized with the Yoast SEO plugin v27.3 - https:\/\/yoast.com\/product\/yoast-seo-wordpress\/ -->\n<title>Dialux UT-15 Vetnova - V\u00e9torino<\/title>\n<meta name=\"description\" content=\"Aliment compl\u00e9mentaire pour chiens \u00e0 partir de 15kg, qui aide \u00e0 diminuer le pH urinaire, \u00e0 augmenter le volume d&#039;urine et \u00e0 r\u00e9duire la concentration de substances en suspension.  Formul\u00e9 en bouch\u00e9es tr\u00e8s app\u00e9tentes.  Demander conseil \u00e0 un v\u00e9t\u00e9rinaire avant utilisation.\" \/>\n<meta name=\"robots\" content=\"noindex, nofollow\" \/>\n<meta property=\"og:locale\" content=\"fr_FR\" \/>\n<meta property=\"og:type\" content=\"article\" \/>\n<meta property=\"og:title\" content=\"Dialux UT-15 Vetnova - V\u00e9torino\" \/>\n<meta property=\"og:description\" content=\"Aliment compl\u00e9mentaire pour chiens \u00e0 partir de 15kg, qui aide \u00e0 diminuer le pH urinaire, \u00e0 augmenter le volume d&#039;urine et \u00e0 r\u00e9duire la concentration de substances en suspension.  Formul\u00e9 en bouch\u00e9es tr\u00e8s app\u00e9tentes.  Demander conseil \u00e0 un v\u00e9t\u00e9rinaire avant utilisation.\" \/>\n<meta property=\"og:url\" content=\"https:\/\/www.vetorino.com\/veterinaire\/muret-31600\/boutique\/product\/dialux-ut-15\/\" \/>\n<meta property=\"og:site_name\" content=\"V\u00e9torino\" \/>\n<meta property=\"article:publisher\" content=\"https:\/\/www.facebook.com\/Vetorino\/\" \/>\n<meta property=\"article:modified_time\" content=\"2026-02-16T16:20:12+00:00\" \/>\n<meta property=\"og:image\" content=\"https:\/\/www.vetorino.com\/boutique\/wp-content\/uploads\/2026\/02\/vetnova-dialix-ut-chiens.webp\" \/>\n\t<meta property=\"og:image:width\" content=\"794\" \/>\n\t<meta property=\"og:image:height\" content=\"800\" \/>\n\t<meta property=\"og:image:type\" content=\"image\/webp\" \/>\n<meta name=\"twitter:card\" content=\"summary_large_image\" \/>\n<meta name=\"twitter:label1\" content=\"Prix\" \/>\n\t<meta name=\"twitter:data1\" content=\"37,81&euro;\" \/>\n\t<meta name=\"twitter:label2\" content=\"Disponibilit\u00e9\" \/>\n\t<meta name=\"twitter:data2\" content=\"Rupture de stock\" \/>\n<script type=\"application\/ld+json\" class=\"yoast-schema-graph\">{\"@context\":\"https:\\\/\\\/schema.org\",\"@graph\":[{\"@type\":\"WebPage\",\"@id\":\"https:\\\/\\\/www.vetorino.com\\\/boutique\\\/product\\\/dialux-ut-15\\\/\",\"url\":\"https:\\\/\\\/www.vetorino.com\\\/boutique\\\/product\\\/dialux-ut-15\\\/\",\"name\":\"Dialux UT-15 Vetnova - V\u00e9torino\",\"isPartOf\":{\"@id\":\"https:\\\/\\\/www.vetorino.com\\\/boutique\\\/#website\"},\"primaryImageOfPage\":{\"@id\":\"https:\\\/\\\/www.vetorino.com\\\/boutique\\\/product\\\/dialux-ut-15\\\/#primaryimage\"},\"image\":{\"@id\":\"https:\\\/\\\/www.vetorino.com\\\/boutique\\\/product\\\/dialux-ut-15\\\/#primaryimage\"},\"thumbnailUrl\":\"https:\\\/\\\/www.vetorino.com\\\/boutique\\\/wp-content\\\/uploads\\\/2026\\\/02\\\/vetnova-dialix-ut-chiens.webp\",\"datePublished\":\"2026-02-11T13:53:03+00:00\",\"dateModified\":\"2026-02-16T16:20:12+00:00\",\"description\":\"Aliment compl\u00e9mentaire pour chiens \u00e0 partir de 15kg, qui aide \u00e0 diminuer le pH urinaire, \u00e0 augmenter le volume d'urine et \u00e0 r\u00e9duire la concentration de substances en suspension. Formul\u00e9 en bouch\u00e9es tr\u00e8s app\u00e9tentes. Demander conseil \u00e0 un v\u00e9t\u00e9rinaire avant utilisation.\",\"breadcrumb\":{\"@id\":\"https:\\\/\\\/www.vetorino.com\\\/boutique\\\/product\\\/dialux-ut-15\\\/#breadcrumb\"},\"inLanguage\":\"fr-FR\",\"potentialAction\":[{\"@type\":\"ReadAction\",\"target\":[\"https:\\\/\\\/www.vetorino.com\\\/boutique\\\/product\\\/dialux-ut-15\\\/\"]}]},{\"@type\":\"ImageObject\",\"inLanguage\":\"fr-FR\",\"@id\":\"https:\\\/\\\/www.vetorino.com\\\/boutique\\\/product\\\/dialux-ut-15\\\/#primaryimage\",\"url\":\"https:\\\/\\\/www.vetorino.com\\\/boutique\\\/wp-content\\\/uploads\\\/2026\\\/02\\\/vetnova-dialix-ut-chiens.webp\",\"contentUrl\":\"https:\\\/\\\/www.vetorino.com\\\/boutique\\\/wp-content\\\/uploads\\\/2026\\\/02\\\/vetnova-dialix-ut-chiens.webp\",\"width\":794,\"height\":800},{\"@type\":\"BreadcrumbList\",\"@id\":\"https:\\\/\\\/www.vetorino.com\\\/boutique\\\/product\\\/dialux-ut-15\\\/#breadcrumb\",\"itemListElement\":[{\"@type\":\"ListItem\",\"position\":1,\"name\":\"Accueil\",\"item\":\"https:\\\/\\\/www.vetorino.com\\\/boutique\\\/\"},{\"@type\":\"ListItem\",\"position\":2,\"name\":\"Produits\",\"item\":\"https:\\\/\\\/www.vetorino.com\\\/boutique\\\/\"},{\"@type\":\"ListItem\",\"position\":3,\"name\":\"Dialux UT-15\"}]},{\"@type\":\"WebSite\",\"@id\":\"https:\\\/\\\/www.vetorino.com\\\/boutique\\\/#website\",\"url\":\"https:\\\/\\\/www.vetorino.com\\\/boutique\\\/\",\"name\":\"V\u00e9torino\",\"description\":\"\",\"publisher\":{\"@id\":\"https:\\\/\\\/www.vetorino.com\\\/boutique\\\/#organization\"},\"potentialAction\":[{\"@type\":\"SearchAction\",\"target\":{\"@type\":\"EntryPoint\",\"urlTemplate\":\"https:\\\/\\\/www.vetorino.com\\\/boutique\\\/?s={search_term_string}\"},\"query-input\":{\"@type\":\"PropertyValueSpecification\",\"valueRequired\":true,\"valueName\":\"search_term_string\"}}],\"inLanguage\":\"fr-FR\"},{\"@type\":\"Organization\",\"@id\":\"https:\\\/\\\/www.vetorino.com\\\/boutique\\\/#organization\",\"name\":\"V\u00e9torino\",\"url\":\"https:\\\/\\\/www.vetorino.com\\\/boutique\\\/\",\"logo\":{\"@type\":\"ImageObject\",\"inLanguage\":\"fr-FR\",\"@id\":\"https:\\\/\\\/www.vetorino.com\\\/boutique\\\/#\\\/schema\\\/logo\\\/image\\\/\",\"url\":\"https:\\\/\\\/www.vetorino.com\\\/boutique\\\/wp-content\\\/uploads\\\/2024\\\/10\\\/logo.jpg\",\"contentUrl\":\"https:\\\/\\\/www.vetorino.com\\\/boutique\\\/wp-content\\\/uploads\\\/2024\\\/10\\\/logo.jpg\",\"width\":1200,\"height\":610,\"caption\":\"V\u00e9torino\"},\"image\":{\"@id\":\"https:\\\/\\\/www.vetorino.com\\\/boutique\\\/#\\\/schema\\\/logo\\\/image\\\/\"},\"sameAs\":[\"https:\\\/\\\/www.facebook.com\\\/Vetorino\\\/\",\"https:\\\/\\\/www.instagram.com\\\/vetorino_off\\\/\",\"https:\\\/\\\/www.linkedin.com\\\/company\\\/vtorino\\\/\"]}]}<\/script>\n<meta property=\"product:brand\" content=\"Vetnova\" \/>\n<meta property=\"product:price:amount\" content=\"37.81\" \/>\n<meta property=\"product:price:currency\" content=\"EUR\" \/>\n<meta property=\"og:availability\" content=\"out of stock\" \/>\n<meta property=\"product:availability\" content=\"out of stock\" \/>\n<meta property=\"product:retailer_item_id\" content=\"A-1884650\" \/>\n<meta property=\"product:condition\" content=\"new\" \/>\n<!-- \/ Yoast SEO plugin. -->","yoast_head_json":{"title":"Dialux UT-15 Vetnova - V\u00e9torino","description":"Aliment compl\u00e9mentaire pour chiens \u00e0 partir de 15kg, qui aide \u00e0 diminuer le pH urinaire, \u00e0 augmenter le volume d'urine et \u00e0 r\u00e9duire la concentration de substances en suspension.  Formul\u00e9 en bouch\u00e9es tr\u00e8s app\u00e9tentes.  Demander conseil \u00e0 un v\u00e9t\u00e9rinaire avant utilisation.","robots":{"index":"noindex","follow":"nofollow"},"og_locale":"fr_FR","og_type":"article","og_title":"Dialux UT-15 Vetnova - V\u00e9torino","og_description":"Aliment compl\u00e9mentaire pour chiens \u00e0 partir de 15kg, qui aide \u00e0 diminuer le pH urinaire, \u00e0 augmenter le volume d'urine et \u00e0 r\u00e9duire la concentration de substances en suspension.  Formul\u00e9 en bouch\u00e9es tr\u00e8s app\u00e9tentes.  Demander conseil \u00e0 un v\u00e9t\u00e9rinaire avant utilisation.","og_url":"https:\/\/www.vetorino.com\/veterinaire\/muret-31600\/boutique\/product\/dialux-ut-15\/","og_site_name":"V\u00e9torino","article_publisher":"https:\/\/www.facebook.com\/Vetorino\/","article_modified_time":"2026-02-16T16:20:12+00:00","og_image":[{"width":794,"height":800,"url":"https:\/\/www.vetorino.com\/boutique\/wp-content\/uploads\/2026\/02\/vetnova-dialix-ut-chiens.webp","type":"image\/webp"}],"twitter_card":"summary_large_image","twitter_misc":{"Prix":"37,81&euro;","Disponibilit\u00e9":"Rupture de stock"},"schema":{"@context":"https:\/\/schema.org","@graph":[{"@type":"WebPage","@id":"https:\/\/www.vetorino.com\/boutique\/product\/dialux-ut-15\/","url":"https:\/\/www.vetorino.com\/boutique\/product\/dialux-ut-15\/","name":"Dialux UT-15 Vetnova - V\u00e9torino","isPartOf":{"@id":"https:\/\/www.vetorino.com\/boutique\/#website"},"primaryImageOfPage":{"@id":"https:\/\/www.vetorino.com\/boutique\/product\/dialux-ut-15\/#primaryimage"},"image":{"@id":"https:\/\/www.vetorino.com\/boutique\/product\/dialux-ut-15\/#primaryimage"},"thumbnailUrl":"https:\/\/www.vetorino.com\/boutique\/wp-content\/uploads\/2026\/02\/vetnova-dialix-ut-chiens.webp","datePublished":"2026-02-11T13:53:03+00:00","dateModified":"2026-02-16T16:20:12+00:00","description":"Aliment compl\u00e9mentaire pour chiens \u00e0 partir de 15kg, qui aide \u00e0 diminuer le pH urinaire, \u00e0 augmenter le volume d'urine et \u00e0 r\u00e9duire la concentration de substances en suspension. Formul\u00e9 en bouch\u00e9es tr\u00e8s app\u00e9tentes. Demander conseil \u00e0 un v\u00e9t\u00e9rinaire avant utilisation.","breadcrumb":{"@id":"https:\/\/www.vetorino.com\/boutique\/product\/dialux-ut-15\/#breadcrumb"},"inLanguage":"fr-FR","potentialAction":[{"@type":"ReadAction","target":["https:\/\/www.vetorino.com\/boutique\/product\/dialux-ut-15\/"]}]},{"@type":"ImageObject","inLanguage":"fr-FR","@id":"https:\/\/www.vetorino.com\/boutique\/product\/dialux-ut-15\/#primaryimage","url":"https:\/\/www.vetorino.com\/boutique\/wp-content\/uploads\/2026\/02\/vetnova-dialix-ut-chiens.webp","contentUrl":"https:\/\/www.vetorino.com\/boutique\/wp-content\/uploads\/2026\/02\/vetnova-dialix-ut-chiens.webp","width":794,"height":800},{"@type":"BreadcrumbList","@id":"https:\/\/www.vetorino.com\/boutique\/product\/dialux-ut-15\/#breadcrumb","itemListElement":[{"@type":"ListItem","position":1,"name":"Accueil","item":"https:\/\/www.vetorino.com\/boutique\/"},{"@type":"ListItem","position":2,"name":"Produits","item":"https:\/\/www.vetorino.com\/boutique\/"},{"@type":"ListItem","position":3,"name":"Dialux UT-15"}]},{"@type":"WebSite","@id":"https:\/\/www.vetorino.com\/boutique\/#website","url":"https:\/\/www.vetorino.com\/boutique\/","name":"V\u00e9torino","description":"","publisher":{"@id":"https:\/\/www.vetorino.com\/boutique\/#organization"},"potentialAction":[{"@type":"SearchAction","target":{"@type":"EntryPoint","urlTemplate":"https:\/\/www.vetorino.com\/boutique\/?s={search_term_string}"},"query-input":{"@type":"PropertyValueSpecification","valueRequired":true,"valueName":"search_term_string"}}],"inLanguage":"fr-FR"},{"@type":"Organization","@id":"https:\/\/www.vetorino.com\/boutique\/#organization","name":"V\u00e9torino","url":"https:\/\/www.vetorino.com\/boutique\/","logo":{"@type":"ImageObject","inLanguage":"fr-FR","@id":"https:\/\/www.vetorino.com\/boutique\/#\/schema\/logo\/image\/","url":"https:\/\/www.vetorino.com\/boutique\/wp-content\/uploads\/2024\/10\/logo.jpg","contentUrl":"https:\/\/www.vetorino.com\/boutique\/wp-content\/uploads\/2024\/10\/logo.jpg","width":1200,"height":610,"caption":"V\u00e9torino"},"image":{"@id":"https:\/\/www.vetorino.com\/boutique\/#\/schema\/logo\/image\/"},"sameAs":["https:\/\/www.facebook.com\/Vetorino\/","https:\/\/www.instagram.com\/vetorino_off\/","https:\/\/www.linkedin.com\/company\/vtorino\/"]}]},"product_brand":"Vetnova","product_price_amount":"37.81","product_price_currency":"EUR","og_availability":"out of stock","product_availability":"out of stock","product_retailer_item_id":"A-1884650","product_condition":"new"},"_links":{"self":[{"href":"https:\/\/www.vetorino.com\/veterinaire\/muret-31600\/boutique\/wp-json\/wp\/v2\/product\/1698160","targetHints":{"allow":["GET"]}}],"collection":[{"href":"https:\/\/www.vetorino.com\/veterinaire\/muret-31600\/boutique\/wp-json\/wp\/v2\/product"}],"about":[{"href":"https:\/\/www.vetorino.com\/veterinaire\/muret-31600\/boutique\/wp-json\/wp\/v2\/types\/product"}],"wp:featuredmedia":[{"embeddable":true,"href":"https:\/\/www.vetorino.com\/veterinaire\/muret-31600\/boutique\/wp-json\/wp\/v2\/media\/1705650"}],"wp:attachment":[{"href":"https:\/\/www.vetorino.com\/veterinaire\/muret-31600\/boutique\/wp-json\/wp\/v2\/media?parent=1698160"}],"wp:term":[{"taxonomy":"product_cat","embeddable":true,"href":"https:\/\/www.vetorino.com\/veterinaire\/muret-31600\/boutique\/wp-json\/wp\/v2\/product_cat?post=1698160"},{"taxonomy":"product_tag","embeddable":true,"href":"https:\/\/www.vetorino.com\/veterinaire\/muret-31600\/boutique\/wp-json\/wp\/v2\/product_tag?post=1698160"}],"curies":[{"name":"wp","href":"https:\/\/api.w.org\/{rel}","templated":true}]}}