{"id":1777722,"date":"2026-04-05T05:35:03","date_gmt":"2026-04-05T03:35:03","guid":{"rendered":"https:\/\/www.vetorino.com\/boutique\/product\/ppvd-feline-urinary-st-ox-eminces-en-sauce-dinde-sachet\/"},"modified":"2026-05-04T11:03:48","modified_gmt":"2026-05-04T09:03:48","slug":"ppvd-feline-urinary-st-ox-eminces-en-sauce-dinde-sachet","status":"publish","type":"product","link":"https:\/\/www.vetorino.com\/veterinaire\/parigneleveque-72250\/boutique\/product\/ppvd-feline-urinary-st-ox-eminces-en-sauce-dinde-sachet\/","title":{"rendered":"Urinary St\/Ox Eminc\u00e9s en Sauce Dinde &#8211; chat"},"content":{"rendered":"<p>Les troubles des voies urinaires inf\u00e9rieures et la formation de calculs urinaires sont fr\u00e9quents chez les chats.<\/p>\n<p>PURINA PRO PLAN Veterinary Diets Feline UR ST\/OX &#8211; Urinary Dinde est un aliment di\u00e9t\u00e9tique complet pour chats, sp\u00e9cialement\u00a0<strong>formul\u00e9 pour r\u00e9duire le risque de r\u00e9cidive des calculs de struvite, dissoudre les cristaux existants et soutenir la sant\u00e9 des voies urinaires<\/strong>.<\/p>\n<p>Cette nourriture di\u00e9t\u00e9tique pour chat se distingue par un\u00a0<strong>taux r\u00e9duit de magn\u00e9sium et de min\u00e9raux<\/strong>, ce qui contribue \u00e0 priver les calculs urinaires de leur substance. De plus, cet aliment pr\u00e9sente des\u00a0<strong>propri\u00e9t\u00e9s acidifiantes et diluantes de l\u2019urine<\/strong>.<\/p>\n<p>PURINA PRO PLAN Veterinary Diets Feline UR ST\/OX &#8211; Urinary Dinde est pr\u00e9par\u00e9 avec de la\u00a0<strong>savoureuse dinde<\/strong>\u00a0et s\u00e9duit par son<strong>\u00a0<\/strong>go\u00fbt d\u00e9licieux.<\/p>\n<p><strong>Caract\u00e9ristiques\u00a0 :<\/strong><\/p>\n<ul>\n<li>Aliment di\u00e9t\u00e9tique complet pour chats adultes, destin\u00e9 \u00e0 dissoudre les calculs de struvite et \u00e0 r\u00e9duire les r\u00e9cidives de calculs de struvite<\/li>\n<li><strong>Propri\u00e9t\u00e9s acidifiantes de l\u2019urine :\u00a0<\/strong>peut favoriser un pH urinaire d\u00e9favorable aux calculs de struvite et contribuer \u00e0 la dissolution des calculs existants<\/li>\n<li><strong>Formule contre les calculs urinaires :\u00a0<\/strong>faible teneur en magn\u00e9sium, composant des calculs de struvite<\/li>\n<li><strong>Teneur r\u00e9duite en min\u00e9raux :<\/strong>\u00a0\u00e9galement effet diluant sur l\u2019urine, pouvant aider \u00e0 r\u00e9duire la formation de calculs urinaires<\/li>\n<li><strong>Avec de la savoureuse dinde :\u00a0<\/strong>tendres morceaux en sauce, go\u00fbt d\u00e9licieux favorisant une haute app\u00e9tence<\/li>\n<\/ul>\n","protected":false},"excerpt":{"rendered":"<p><strong>Aliment di\u00e9t\u00e9tique complet pour chat adulte. <\/strong><\/p>\n<p>Sp\u00e9cialemen<strong>t formul\u00e9 pour la dissolution des calculs de struvite<\/strong> et la r\u00e9duction de la formation r\u00e9cidivante de calculs de struvite.<\/p>\n<p>Caract\u00e9ris\u00e9 par des <strong>propri\u00e9t\u00e9s d\u2019acidification de l\u2019urine<\/strong>.<\/p>\n<p><strong>Demander conseil \u00e0 un v\u00e9t\u00e9rinaire avant utilisation.<\/strong><\/p>\n","protected":false},"featured_media":1821107,"template":"","meta":[],"product_cat":[12551,12581,2697],"product_tag":[],"class_list":{"0":"post-1777722","1":"product","2":"type-product","3":"status-publish","4":"has-post-thumbnail","6":"product_cat-alimentation-du-chat","7":"product_cat-alimentation-medicalisee-pour-chat","8":"product_cat-chat","9":"pa_marque-purina","11":"first","12":"instock","13":"taxable","14":"shipping-taxable","15":"purchasable","16":"product-type-simple"},"yoast_head":"<!-- This site is optimized with the Yoast SEO plugin v27.5 - https:\/\/yoast.com\/product\/yoast-seo-wordpress\/ -->\n<title>Urinary St\/Ox Eminc\u00e9s en Sauce Dinde - chat Purina Pro Plan - V\u00e9torino<\/title>\n<meta name=\"description\" content=\"Aliment di\u00e9t\u00e9tique complet pour chat adulte.   Sp\u00e9cialement formul\u00e9 pour la dissolution des calculs de struvite et la r\u00e9duction de la formation r\u00e9cidivante de calculs de struvite.  Caract\u00e9ris\u00e9 par des propri\u00e9t\u00e9s d\u2019acidification de l\u2019urine.  Demander conseil \u00e0 un v\u00e9t\u00e9rinaire avant utilisation.\" \/>\n<meta name=\"robots\" content=\"noindex, nofollow\" \/>\n<meta property=\"og:locale\" content=\"fr_FR\" \/>\n<meta property=\"og:type\" content=\"article\" \/>\n<meta property=\"og:title\" content=\"Urinary St\/Ox Eminc\u00e9s en Sauce Dinde - chat Purina Pro Plan - V\u00e9torino\" \/>\n<meta property=\"og:description\" content=\"Aliment di\u00e9t\u00e9tique complet pour chat adulte.   Sp\u00e9cialement formul\u00e9 pour la dissolution des calculs de struvite et la r\u00e9duction de la formation r\u00e9cidivante de calculs de struvite.  Caract\u00e9ris\u00e9 par des propri\u00e9t\u00e9s d\u2019acidification de l\u2019urine.  Demander conseil \u00e0 un v\u00e9t\u00e9rinaire avant utilisation.\" \/>\n<meta property=\"og:url\" content=\"https:\/\/www.vetorino.com\/veterinaire\/parigneleveque-72250\/boutique\/product\/ppvd-feline-urinary-st-ox-eminces-en-sauce-dinde-sachet\/\" \/>\n<meta property=\"og:site_name\" content=\"V\u00e9torino\" \/>\n<meta property=\"article:publisher\" content=\"https:\/\/www.facebook.com\/Vetorino\/\" \/>\n<meta property=\"article:modified_time\" content=\"2026-05-04T09:03:48+00:00\" \/>\n<meta property=\"og:image\" content=\"https:\/\/www.vetorino.com\/boutique\/wp-content\/uploads\/2026\/04\/33046.jpg\" \/>\n\t<meta property=\"og:image:width\" content=\"1200\" \/>\n\t<meta property=\"og:image:height\" content=\"1200\" \/>\n\t<meta property=\"og:image:type\" content=\"image\/jpeg\" \/>\n<meta name=\"twitter:card\" content=\"summary_large_image\" \/>\n<meta name=\"twitter:label1\" content=\"Prix\" \/>\n\t<meta name=\"twitter:data1\" content=\"15,27&euro;\" \/>\n\t<meta name=\"twitter:label2\" content=\"Disponibilit\u00e9\" \/>\n\t<meta name=\"twitter:data2\" content=\"En stock\" \/>\n<script type=\"application\/ld+json\" class=\"yoast-schema-graph\">{\"@context\":\"https:\\\/\\\/schema.org\",\"@graph\":[{\"@type\":\"WebPage\",\"@id\":\"https:\\\/\\\/www.vetorino.com\\\/boutique\\\/product\\\/ppvd-feline-urinary-st-ox-eminces-en-sauce-dinde-sachet\\\/\",\"url\":\"https:\\\/\\\/www.vetorino.com\\\/boutique\\\/product\\\/ppvd-feline-urinary-st-ox-eminces-en-sauce-dinde-sachet\\\/\",\"name\":\"Urinary St\\\/Ox Eminc\u00e9s en Sauce Dinde - chat Purina Pro Plan - V\u00e9torino\",\"isPartOf\":{\"@id\":\"https:\\\/\\\/www.vetorino.com\\\/boutique\\\/#website\"},\"primaryImageOfPage\":{\"@id\":\"https:\\\/\\\/www.vetorino.com\\\/boutique\\\/product\\\/ppvd-feline-urinary-st-ox-eminces-en-sauce-dinde-sachet\\\/#primaryimage\"},\"image\":{\"@id\":\"https:\\\/\\\/www.vetorino.com\\\/boutique\\\/product\\\/ppvd-feline-urinary-st-ox-eminces-en-sauce-dinde-sachet\\\/#primaryimage\"},\"thumbnailUrl\":\"https:\\\/\\\/www.vetorino.com\\\/boutique\\\/wp-content\\\/uploads\\\/2026\\\/04\\\/33046.jpg\",\"datePublished\":\"2026-04-05T03:35:03+00:00\",\"dateModified\":\"2026-05-04T09:03:48+00:00\",\"description\":\"Aliment di\u00e9t\u00e9tique complet pour chat adulte. Sp\u00e9cialement formul\u00e9 pour la dissolution des calculs de struvite et la r\u00e9duction de la formation r\u00e9cidivante de calculs de struvite. Caract\u00e9ris\u00e9 par des propri\u00e9t\u00e9s d\u2019acidification de l\u2019urine. Demander conseil \u00e0 un v\u00e9t\u00e9rinaire avant utilisation.\",\"breadcrumb\":{\"@id\":\"https:\\\/\\\/www.vetorino.com\\\/boutique\\\/product\\\/ppvd-feline-urinary-st-ox-eminces-en-sauce-dinde-sachet\\\/#breadcrumb\"},\"inLanguage\":\"fr-FR\",\"potentialAction\":[{\"@type\":\"ReadAction\",\"target\":[\"https:\\\/\\\/www.vetorino.com\\\/boutique\\\/product\\\/ppvd-feline-urinary-st-ox-eminces-en-sauce-dinde-sachet\\\/\"]}]},{\"@type\":\"ImageObject\",\"inLanguage\":\"fr-FR\",\"@id\":\"https:\\\/\\\/www.vetorino.com\\\/boutique\\\/product\\\/ppvd-feline-urinary-st-ox-eminces-en-sauce-dinde-sachet\\\/#primaryimage\",\"url\":\"https:\\\/\\\/www.vetorino.com\\\/boutique\\\/wp-content\\\/uploads\\\/2026\\\/04\\\/33046.jpg\",\"contentUrl\":\"https:\\\/\\\/www.vetorino.com\\\/boutique\\\/wp-content\\\/uploads\\\/2026\\\/04\\\/33046.jpg\",\"width\":1200,\"height\":1200},{\"@type\":\"BreadcrumbList\",\"@id\":\"https:\\\/\\\/www.vetorino.com\\\/boutique\\\/product\\\/ppvd-feline-urinary-st-ox-eminces-en-sauce-dinde-sachet\\\/#breadcrumb\",\"itemListElement\":[{\"@type\":\"ListItem\",\"position\":1,\"name\":\"Accueil\",\"item\":\"https:\\\/\\\/www.vetorino.com\\\/boutique\\\/\"},{\"@type\":\"ListItem\",\"position\":2,\"name\":\"Produits\",\"item\":\"https:\\\/\\\/www.vetorino.com\\\/boutique\\\/\"},{\"@type\":\"ListItem\",\"position\":3,\"name\":\"Urinary St\\\/Ox Eminc\u00e9s en Sauce Dinde &#8211; chat\"}]},{\"@type\":\"WebSite\",\"@id\":\"https:\\\/\\\/www.vetorino.com\\\/boutique\\\/#website\",\"url\":\"https:\\\/\\\/www.vetorino.com\\\/boutique\\\/\",\"name\":\"V\u00e9torino\",\"description\":\"\",\"publisher\":{\"@id\":\"https:\\\/\\\/www.vetorino.com\\\/boutique\\\/#organization\"},\"potentialAction\":[{\"@type\":\"SearchAction\",\"target\":{\"@type\":\"EntryPoint\",\"urlTemplate\":\"https:\\\/\\\/www.vetorino.com\\\/boutique\\\/?s={search_term_string}\"},\"query-input\":{\"@type\":\"PropertyValueSpecification\",\"valueRequired\":true,\"valueName\":\"search_term_string\"}}],\"inLanguage\":\"fr-FR\"},{\"@type\":\"Organization\",\"@id\":\"https:\\\/\\\/www.vetorino.com\\\/boutique\\\/#organization\",\"name\":\"V\u00e9torino\",\"url\":\"https:\\\/\\\/www.vetorino.com\\\/boutique\\\/\",\"logo\":{\"@type\":\"ImageObject\",\"inLanguage\":\"fr-FR\",\"@id\":\"https:\\\/\\\/www.vetorino.com\\\/boutique\\\/#\\\/schema\\\/logo\\\/image\\\/\",\"url\":\"https:\\\/\\\/www.vetorino.com\\\/boutique\\\/wp-content\\\/uploads\\\/2024\\\/10\\\/logo.jpg\",\"contentUrl\":\"https:\\\/\\\/www.vetorino.com\\\/boutique\\\/wp-content\\\/uploads\\\/2024\\\/10\\\/logo.jpg\",\"width\":1200,\"height\":610,\"caption\":\"V\u00e9torino\"},\"image\":{\"@id\":\"https:\\\/\\\/www.vetorino.com\\\/boutique\\\/#\\\/schema\\\/logo\\\/image\\\/\"},\"sameAs\":[\"https:\\\/\\\/www.facebook.com\\\/Vetorino\\\/\",\"https:\\\/\\\/www.instagram.com\\\/vetorino_off\\\/\",\"https:\\\/\\\/www.linkedin.com\\\/company\\\/vtorino\\\/\"]}]}<\/script>\n<meta property=\"product:brand\" content=\"Purina Pro Plan\" \/>\n<meta property=\"product:price:amount\" content=\"15.27\" \/>\n<meta property=\"product:price:currency\" content=\"EUR\" \/>\n<meta property=\"og:availability\" content=\"instock\" \/>\n<meta property=\"product:availability\" content=\"instock\" \/>\n<meta property=\"product:retailer_item_id\" content=\"A-1901180\" \/>\n<meta property=\"product:condition\" content=\"new\" \/>\n<!-- \/ Yoast SEO plugin. -->","yoast_head_json":{"title":"Urinary St\/Ox Eminc\u00e9s en Sauce Dinde - chat Purina Pro Plan - V\u00e9torino","description":"Aliment di\u00e9t\u00e9tique complet pour chat adulte.   Sp\u00e9cialement formul\u00e9 pour la dissolution des calculs de struvite et la r\u00e9duction de la formation r\u00e9cidivante de calculs de struvite.  Caract\u00e9ris\u00e9 par des propri\u00e9t\u00e9s d\u2019acidification de l\u2019urine.  Demander conseil \u00e0 un v\u00e9t\u00e9rinaire avant utilisation.","robots":{"index":"noindex","follow":"nofollow"},"og_locale":"fr_FR","og_type":"article","og_title":"Urinary St\/Ox Eminc\u00e9s en Sauce Dinde - chat Purina Pro Plan - V\u00e9torino","og_description":"Aliment di\u00e9t\u00e9tique complet pour chat adulte.   Sp\u00e9cialement formul\u00e9 pour la dissolution des calculs de struvite et la r\u00e9duction de la formation r\u00e9cidivante de calculs de struvite.  Caract\u00e9ris\u00e9 par des propri\u00e9t\u00e9s d\u2019acidification de l\u2019urine.  Demander conseil \u00e0 un v\u00e9t\u00e9rinaire avant utilisation.","og_url":"https:\/\/www.vetorino.com\/veterinaire\/parigneleveque-72250\/boutique\/product\/ppvd-feline-urinary-st-ox-eminces-en-sauce-dinde-sachet\/","og_site_name":"V\u00e9torino","article_publisher":"https:\/\/www.facebook.com\/Vetorino\/","article_modified_time":"2026-05-04T09:03:48+00:00","og_image":[{"width":1200,"height":1200,"url":"https:\/\/www.vetorino.com\/boutique\/wp-content\/uploads\/2026\/04\/33046.jpg","type":"image\/jpeg"}],"twitter_card":"summary_large_image","twitter_misc":{"Prix":"15,27&euro;","Disponibilit\u00e9":"En stock"},"schema":{"@context":"https:\/\/schema.org","@graph":[{"@type":"WebPage","@id":"https:\/\/www.vetorino.com\/boutique\/product\/ppvd-feline-urinary-st-ox-eminces-en-sauce-dinde-sachet\/","url":"https:\/\/www.vetorino.com\/boutique\/product\/ppvd-feline-urinary-st-ox-eminces-en-sauce-dinde-sachet\/","name":"Urinary St\/Ox Eminc\u00e9s en Sauce Dinde - chat Purina Pro Plan - V\u00e9torino","isPartOf":{"@id":"https:\/\/www.vetorino.com\/boutique\/#website"},"primaryImageOfPage":{"@id":"https:\/\/www.vetorino.com\/boutique\/product\/ppvd-feline-urinary-st-ox-eminces-en-sauce-dinde-sachet\/#primaryimage"},"image":{"@id":"https:\/\/www.vetorino.com\/boutique\/product\/ppvd-feline-urinary-st-ox-eminces-en-sauce-dinde-sachet\/#primaryimage"},"thumbnailUrl":"https:\/\/www.vetorino.com\/boutique\/wp-content\/uploads\/2026\/04\/33046.jpg","datePublished":"2026-04-05T03:35:03+00:00","dateModified":"2026-05-04T09:03:48+00:00","description":"Aliment di\u00e9t\u00e9tique complet pour chat adulte. Sp\u00e9cialement formul\u00e9 pour la dissolution des calculs de struvite et la r\u00e9duction de la formation r\u00e9cidivante de calculs de struvite. Caract\u00e9ris\u00e9 par des propri\u00e9t\u00e9s d\u2019acidification de l\u2019urine. Demander conseil \u00e0 un v\u00e9t\u00e9rinaire avant utilisation.","breadcrumb":{"@id":"https:\/\/www.vetorino.com\/boutique\/product\/ppvd-feline-urinary-st-ox-eminces-en-sauce-dinde-sachet\/#breadcrumb"},"inLanguage":"fr-FR","potentialAction":[{"@type":"ReadAction","target":["https:\/\/www.vetorino.com\/boutique\/product\/ppvd-feline-urinary-st-ox-eminces-en-sauce-dinde-sachet\/"]}]},{"@type":"ImageObject","inLanguage":"fr-FR","@id":"https:\/\/www.vetorino.com\/boutique\/product\/ppvd-feline-urinary-st-ox-eminces-en-sauce-dinde-sachet\/#primaryimage","url":"https:\/\/www.vetorino.com\/boutique\/wp-content\/uploads\/2026\/04\/33046.jpg","contentUrl":"https:\/\/www.vetorino.com\/boutique\/wp-content\/uploads\/2026\/04\/33046.jpg","width":1200,"height":1200},{"@type":"BreadcrumbList","@id":"https:\/\/www.vetorino.com\/boutique\/product\/ppvd-feline-urinary-st-ox-eminces-en-sauce-dinde-sachet\/#breadcrumb","itemListElement":[{"@type":"ListItem","position":1,"name":"Accueil","item":"https:\/\/www.vetorino.com\/boutique\/"},{"@type":"ListItem","position":2,"name":"Produits","item":"https:\/\/www.vetorino.com\/boutique\/"},{"@type":"ListItem","position":3,"name":"Urinary St\/Ox Eminc\u00e9s en Sauce Dinde &#8211; chat"}]},{"@type":"WebSite","@id":"https:\/\/www.vetorino.com\/boutique\/#website","url":"https:\/\/www.vetorino.com\/boutique\/","name":"V\u00e9torino","description":"","publisher":{"@id":"https:\/\/www.vetorino.com\/boutique\/#organization"},"potentialAction":[{"@type":"SearchAction","target":{"@type":"EntryPoint","urlTemplate":"https:\/\/www.vetorino.com\/boutique\/?s={search_term_string}"},"query-input":{"@type":"PropertyValueSpecification","valueRequired":true,"valueName":"search_term_string"}}],"inLanguage":"fr-FR"},{"@type":"Organization","@id":"https:\/\/www.vetorino.com\/boutique\/#organization","name":"V\u00e9torino","url":"https:\/\/www.vetorino.com\/boutique\/","logo":{"@type":"ImageObject","inLanguage":"fr-FR","@id":"https:\/\/www.vetorino.com\/boutique\/#\/schema\/logo\/image\/","url":"https:\/\/www.vetorino.com\/boutique\/wp-content\/uploads\/2024\/10\/logo.jpg","contentUrl":"https:\/\/www.vetorino.com\/boutique\/wp-content\/uploads\/2024\/10\/logo.jpg","width":1200,"height":610,"caption":"V\u00e9torino"},"image":{"@id":"https:\/\/www.vetorino.com\/boutique\/#\/schema\/logo\/image\/"},"sameAs":["https:\/\/www.facebook.com\/Vetorino\/","https:\/\/www.instagram.com\/vetorino_off\/","https:\/\/www.linkedin.com\/company\/vtorino\/"]}]},"product_brand":"Purina Pro Plan","product_price_amount":"15.27","product_price_currency":"EUR","og_availability":"instock","product_availability":"instock","product_retailer_item_id":"A-1901180","product_condition":"new"},"_links":{"self":[{"href":"https:\/\/www.vetorino.com\/veterinaire\/parigneleveque-72250\/boutique\/wp-json\/wp\/v2\/product\/1777722","targetHints":{"allow":["GET"]}}],"collection":[{"href":"https:\/\/www.vetorino.com\/veterinaire\/parigneleveque-72250\/boutique\/wp-json\/wp\/v2\/product"}],"about":[{"href":"https:\/\/www.vetorino.com\/veterinaire\/parigneleveque-72250\/boutique\/wp-json\/wp\/v2\/types\/product"}],"wp:featuredmedia":[{"embeddable":true,"href":"https:\/\/www.vetorino.com\/veterinaire\/parigneleveque-72250\/boutique\/wp-json\/wp\/v2\/media\/1821107"}],"wp:attachment":[{"href":"https:\/\/www.vetorino.com\/veterinaire\/parigneleveque-72250\/boutique\/wp-json\/wp\/v2\/media?parent=1777722"}],"wp:term":[{"taxonomy":"product_cat","embeddable":true,"href":"https:\/\/www.vetorino.com\/veterinaire\/parigneleveque-72250\/boutique\/wp-json\/wp\/v2\/product_cat?post=1777722"},{"taxonomy":"product_tag","embeddable":true,"href":"https:\/\/www.vetorino.com\/veterinaire\/parigneleveque-72250\/boutique\/wp-json\/wp\/v2\/product_tag?post=1777722"}],"curies":[{"name":"wp","href":"https:\/\/api.w.org\/{rel}","templated":true}]}}