{"id":1022841,"date":"2024-09-18T05:35:07","date_gmt":"2024-09-18T03:35:07","guid":{"rendered":"https:\/\/www.vetorino.com\/boutique\/product\/ziggy-patee-chaton-truite\/"},"modified":"2024-09-27T09:41:50","modified_gmt":"2024-09-27T07:41:50","slug":"ziggy-patee-chaton-truite","status":"publish","type":"product","link":"https:\/\/www.vetorino.com\/veterinaire\/pierrebenite-69310\/boutique\/product\/ziggy-patee-chaton-truite\/","title":{"rendered":"P\u00e2t\u00e9e Chaton Sans C\u00e9r\u00e9ales Truite"},"content":{"rendered":"<div class=\"product-block mt-3\">\n<div class=\"mb-2\">\n<p><span style=\"font-weight: 400\">Une d\u00e9licieuse p\u00e2t\u00e9e \u00e0 la <strong>Truite<\/strong> pour Chaton (<\/span>d\u00e8s le sevrage jusqu&#8217;\u00e0 la fin de sa croissance<span style=\"font-weight: 400\">), <\/span><span style=\"font-weight: 400\">riche en prot\u00e9ines d&#8217;excellente qualit\u00e9 et r\u00e9pondant \u00e0 tous les besoins nutritionnels de votre b\u00e9b\u00e9 chat : de vrais bons ingr\u00e9dients, une composition claire et transparente<\/span><span style=\"font-weight: 400\">.<\/span><\/p>\n<p><span style=\"font-weight: 400\">Formul\u00e9e sans amidon, sans c\u00e9r\u00e9ales, avec tr\u00e8s peu de glucides et de bons acides gras essentiels, elle est id\u00e9ale pour accompagner votre chaton tout au long de sa croissance et prendre soin de sa sant\u00e9. Rien de mieux pour d\u00e9marrer une belle vie de chat !<\/span><\/p>\n<p>Aliment complet pour chaton , 100% de prot\u00e9ines d\u2019origine animale d\u2019excellente qualit\u00e9 Sans Amidon, aliment tr\u00e8s pauvre en glucides<\/p>\n<\/div>\n<\/div>\n<p>COMPOSITION : Boeuf 39% (C\u0153ur, Lobe de Poumon), Porc 24% (C\u0153ur), Eau, Truite 4% (Filet), Carottes, Poulet 3% (Foie), Huile de colza, Min\u00e9raux, Haricot verts, Huile de Poisson, Thym<\/p>\n","protected":false},"excerpt":{"rendered":"<p><span style=\"font-weight: 400\">Une d\u00e9licieuse p\u00e2t\u00e9e \u00e0 la <strong>Truite<\/strong> pour Chaton (<\/span>d\u00e8s le sevrage jusqu&#8217;\u00e0 la fin de sa croissance<span style=\"font-weight: 400\">), <\/span><span style=\"font-weight: 400\">riche en prot\u00e9ines d&#8217;excellente qualit\u00e9 et r\u00e9pondant \u00e0 tous les besoins nutritionnels de votre b\u00e9b\u00e9 chat : de vrais bons ingr\u00e9dients, une composition claire et transparente<\/span><span style=\"font-weight: 400\">.<\/span><\/p>\n","protected":false},"featured_media":1037925,"template":"","meta":[],"product_cat":[12551,2697],"product_tag":[],"class_list":{"0":"post-1022841","1":"product","2":"type-product","3":"status-publish","4":"has-post-thumbnail","6":"product_cat-alimentation-du-chat","7":"product_cat-chat","8":"pa_marque-s-a-s-ziggy","10":"first","11":"instock","12":"taxable","13":"shipping-taxable","14":"purchasable","15":"product-type-simple"},"yoast_head":"<!-- This site is optimized with the Yoast SEO plugin v27.3 - https:\/\/yoast.com\/product\/yoast-seo-wordpress\/ -->\n<title>P\u00e2t\u00e9e Chaton Sans C\u00e9r\u00e9ales Truite Ziggy - V\u00e9torino<\/title>\n<meta name=\"description\" content=\"Une d\u00e9licieuse p\u00e2t\u00e9e \u00e0 la Truite pour Chaton (d\u00e8s le sevrage jusqu&#039;\u00e0 la fin de sa croissance), riche en prot\u00e9ines d&#039;excellente qualit\u00e9 et r\u00e9pondant \u00e0 tous les besoins nutritionnels de votre b\u00e9b\u00e9 chat : de vrais bons ingr\u00e9dients, une composition claire et transparente.\" \/>\n<meta name=\"robots\" content=\"noindex, nofollow\" \/>\n<meta property=\"og:locale\" content=\"fr_FR\" \/>\n<meta property=\"og:type\" content=\"article\" \/>\n<meta property=\"og:title\" content=\"P\u00e2t\u00e9e Chaton Sans C\u00e9r\u00e9ales Truite Ziggy - V\u00e9torino\" \/>\n<meta property=\"og:description\" content=\"Une d\u00e9licieuse p\u00e2t\u00e9e \u00e0 la Truite pour Chaton (d\u00e8s le sevrage jusqu&#039;\u00e0 la fin de sa croissance), riche en prot\u00e9ines d&#039;excellente qualit\u00e9 et r\u00e9pondant \u00e0 tous les besoins nutritionnels de votre b\u00e9b\u00e9 chat : de vrais bons ingr\u00e9dients, une composition claire et transparente.\" \/>\n<meta property=\"og:url\" content=\"https:\/\/www.vetorino.com\/veterinaire\/pierrebenite-69310\/boutique\/product\/ziggy-patee-chaton-truite\/\" \/>\n<meta property=\"og:site_name\" content=\"V\u00e9torino\" \/>\n<meta property=\"article:publisher\" content=\"https:\/\/www.facebook.com\/Vetorino\/\" \/>\n<meta property=\"article:modified_time\" content=\"2024-09-27T07:41:50+00:00\" \/>\n<meta property=\"og:image\" content=\"https:\/\/www.vetorino.com\/boutique\/wp-content\/uploads\/2024\/09\/NEW.PateeChaton-Truitelotx4new1qte-1.webp\" \/>\n\t<meta property=\"og:image:width\" content=\"840\" \/>\n\t<meta property=\"og:image:height\" content=\"840\" \/>\n\t<meta property=\"og:image:type\" content=\"image\/webp\" \/>\n<meta name=\"twitter:card\" content=\"summary_large_image\" \/>\n<meta name=\"twitter:label1\" content=\"Prix\" \/>\n\t<meta name=\"twitter:data1\" content=\"8,00&euro;\" \/>\n\t<meta name=\"twitter:label2\" content=\"Disponibilit\u00e9\" \/>\n\t<meta name=\"twitter:data2\" content=\"En stock\" \/>\n<script type=\"application\/ld+json\" class=\"yoast-schema-graph\">{\"@context\":\"https:\\\/\\\/schema.org\",\"@graph\":[{\"@type\":\"WebPage\",\"@id\":\"https:\\\/\\\/www.vetorino.com\\\/boutique\\\/product\\\/ziggy-patee-chaton-truite\\\/\",\"url\":\"https:\\\/\\\/www.vetorino.com\\\/boutique\\\/product\\\/ziggy-patee-chaton-truite\\\/\",\"name\":\"P\u00e2t\u00e9e Chaton Sans C\u00e9r\u00e9ales Truite Ziggy - V\u00e9torino\",\"isPartOf\":{\"@id\":\"https:\\\/\\\/www.vetorino.com\\\/boutique\\\/#website\"},\"primaryImageOfPage\":{\"@id\":\"https:\\\/\\\/www.vetorino.com\\\/boutique\\\/product\\\/ziggy-patee-chaton-truite\\\/#primaryimage\"},\"image\":{\"@id\":\"https:\\\/\\\/www.vetorino.com\\\/boutique\\\/product\\\/ziggy-patee-chaton-truite\\\/#primaryimage\"},\"thumbnailUrl\":\"https:\\\/\\\/www.vetorino.com\\\/boutique\\\/wp-content\\\/uploads\\\/2024\\\/09\\\/NEW.PateeChaton-Truitelotx4new1qte-1.webp\",\"datePublished\":\"2024-09-18T03:35:07+00:00\",\"dateModified\":\"2024-09-27T07:41:50+00:00\",\"description\":\"Une d\u00e9licieuse p\u00e2t\u00e9e \u00e0 la Truite pour Chaton (d\u00e8s le sevrage jusqu'\u00e0 la fin de sa croissance), riche en prot\u00e9ines d'excellente qualit\u00e9 et r\u00e9pondant \u00e0 tous les besoins nutritionnels de votre b\u00e9b\u00e9 chat : de vrais bons ingr\u00e9dients, une composition claire et transparente.\",\"breadcrumb\":{\"@id\":\"https:\\\/\\\/www.vetorino.com\\\/boutique\\\/product\\\/ziggy-patee-chaton-truite\\\/#breadcrumb\"},\"inLanguage\":\"fr-FR\",\"potentialAction\":[{\"@type\":\"ReadAction\",\"target\":[\"https:\\\/\\\/www.vetorino.com\\\/boutique\\\/product\\\/ziggy-patee-chaton-truite\\\/\"]}]},{\"@type\":\"ImageObject\",\"inLanguage\":\"fr-FR\",\"@id\":\"https:\\\/\\\/www.vetorino.com\\\/boutique\\\/product\\\/ziggy-patee-chaton-truite\\\/#primaryimage\",\"url\":\"https:\\\/\\\/www.vetorino.com\\\/boutique\\\/wp-content\\\/uploads\\\/2024\\\/09\\\/NEW.PateeChaton-Truitelotx4new1qte-1.webp\",\"contentUrl\":\"https:\\\/\\\/www.vetorino.com\\\/boutique\\\/wp-content\\\/uploads\\\/2024\\\/09\\\/NEW.PateeChaton-Truitelotx4new1qte-1.webp\",\"width\":840,\"height\":840},{\"@type\":\"BreadcrumbList\",\"@id\":\"https:\\\/\\\/www.vetorino.com\\\/boutique\\\/product\\\/ziggy-patee-chaton-truite\\\/#breadcrumb\",\"itemListElement\":[{\"@type\":\"ListItem\",\"position\":1,\"name\":\"Accueil\",\"item\":\"https:\\\/\\\/www.vetorino.com\\\/boutique\\\/\"},{\"@type\":\"ListItem\",\"position\":2,\"name\":\"Produits\",\"item\":\"https:\\\/\\\/www.vetorino.com\\\/boutique\\\/\"},{\"@type\":\"ListItem\",\"position\":3,\"name\":\"P\u00e2t\u00e9e Chaton Sans C\u00e9r\u00e9ales Truite\"}]},{\"@type\":\"WebSite\",\"@id\":\"https:\\\/\\\/www.vetorino.com\\\/boutique\\\/#website\",\"url\":\"https:\\\/\\\/www.vetorino.com\\\/boutique\\\/\",\"name\":\"V\u00e9torino\",\"description\":\"\",\"publisher\":{\"@id\":\"https:\\\/\\\/www.vetorino.com\\\/boutique\\\/#organization\"},\"potentialAction\":[{\"@type\":\"SearchAction\",\"target\":{\"@type\":\"EntryPoint\",\"urlTemplate\":\"https:\\\/\\\/www.vetorino.com\\\/boutique\\\/?s={search_term_string}\"},\"query-input\":{\"@type\":\"PropertyValueSpecification\",\"valueRequired\":true,\"valueName\":\"search_term_string\"}}],\"inLanguage\":\"fr-FR\"},{\"@type\":\"Organization\",\"@id\":\"https:\\\/\\\/www.vetorino.com\\\/boutique\\\/#organization\",\"name\":\"V\u00e9torino\",\"url\":\"https:\\\/\\\/www.vetorino.com\\\/boutique\\\/\",\"logo\":{\"@type\":\"ImageObject\",\"inLanguage\":\"fr-FR\",\"@id\":\"https:\\\/\\\/www.vetorino.com\\\/boutique\\\/#\\\/schema\\\/logo\\\/image\\\/\",\"url\":\"https:\\\/\\\/www.vetorino.com\\\/boutique\\\/wp-content\\\/uploads\\\/2024\\\/10\\\/logo.jpg\",\"contentUrl\":\"https:\\\/\\\/www.vetorino.com\\\/boutique\\\/wp-content\\\/uploads\\\/2024\\\/10\\\/logo.jpg\",\"width\":1200,\"height\":610,\"caption\":\"V\u00e9torino\"},\"image\":{\"@id\":\"https:\\\/\\\/www.vetorino.com\\\/boutique\\\/#\\\/schema\\\/logo\\\/image\\\/\"},\"sameAs\":[\"https:\\\/\\\/www.facebook.com\\\/Vetorino\\\/\",\"https:\\\/\\\/www.instagram.com\\\/vetorino_off\\\/\",\"https:\\\/\\\/www.linkedin.com\\\/company\\\/vtorino\\\/\"]}]}<\/script>\n<meta property=\"product:brand\" content=\"Ziggy\" \/>\n<meta property=\"product:price:amount\" content=\"8.00\" \/>\n<meta property=\"product:price:currency\" content=\"EUR\" \/>\n<meta property=\"og:availability\" content=\"instock\" \/>\n<meta property=\"product:availability\" content=\"instock\" \/>\n<meta property=\"product:retailer_item_id\" content=\"A-1887640\" \/>\n<meta property=\"product:condition\" content=\"new\" \/>\n<!-- \/ Yoast SEO plugin. -->","yoast_head_json":{"title":"P\u00e2t\u00e9e Chaton Sans C\u00e9r\u00e9ales Truite Ziggy - V\u00e9torino","description":"Une d\u00e9licieuse p\u00e2t\u00e9e \u00e0 la Truite pour Chaton (d\u00e8s le sevrage jusqu'\u00e0 la fin de sa croissance), riche en prot\u00e9ines d'excellente qualit\u00e9 et r\u00e9pondant \u00e0 tous les besoins nutritionnels de votre b\u00e9b\u00e9 chat : de vrais bons ingr\u00e9dients, une composition claire et transparente.","robots":{"index":"noindex","follow":"nofollow"},"og_locale":"fr_FR","og_type":"article","og_title":"P\u00e2t\u00e9e Chaton Sans C\u00e9r\u00e9ales Truite Ziggy - V\u00e9torino","og_description":"Une d\u00e9licieuse p\u00e2t\u00e9e \u00e0 la Truite pour Chaton (d\u00e8s le sevrage jusqu'\u00e0 la fin de sa croissance), riche en prot\u00e9ines d'excellente qualit\u00e9 et r\u00e9pondant \u00e0 tous les besoins nutritionnels de votre b\u00e9b\u00e9 chat : de vrais bons ingr\u00e9dients, une composition claire et transparente.","og_url":"https:\/\/www.vetorino.com\/veterinaire\/pierrebenite-69310\/boutique\/product\/ziggy-patee-chaton-truite\/","og_site_name":"V\u00e9torino","article_publisher":"https:\/\/www.facebook.com\/Vetorino\/","article_modified_time":"2024-09-27T07:41:50+00:00","og_image":[{"width":840,"height":840,"url":"https:\/\/www.vetorino.com\/boutique\/wp-content\/uploads\/2024\/09\/NEW.PateeChaton-Truitelotx4new1qte-1.webp","type":"image\/webp"}],"twitter_card":"summary_large_image","twitter_misc":{"Prix":"8,00&euro;","Disponibilit\u00e9":"En stock"},"schema":{"@context":"https:\/\/schema.org","@graph":[{"@type":"WebPage","@id":"https:\/\/www.vetorino.com\/boutique\/product\/ziggy-patee-chaton-truite\/","url":"https:\/\/www.vetorino.com\/boutique\/product\/ziggy-patee-chaton-truite\/","name":"P\u00e2t\u00e9e Chaton Sans C\u00e9r\u00e9ales Truite Ziggy - V\u00e9torino","isPartOf":{"@id":"https:\/\/www.vetorino.com\/boutique\/#website"},"primaryImageOfPage":{"@id":"https:\/\/www.vetorino.com\/boutique\/product\/ziggy-patee-chaton-truite\/#primaryimage"},"image":{"@id":"https:\/\/www.vetorino.com\/boutique\/product\/ziggy-patee-chaton-truite\/#primaryimage"},"thumbnailUrl":"https:\/\/www.vetorino.com\/boutique\/wp-content\/uploads\/2024\/09\/NEW.PateeChaton-Truitelotx4new1qte-1.webp","datePublished":"2024-09-18T03:35:07+00:00","dateModified":"2024-09-27T07:41:50+00:00","description":"Une d\u00e9licieuse p\u00e2t\u00e9e \u00e0 la Truite pour Chaton (d\u00e8s le sevrage jusqu'\u00e0 la fin de sa croissance), riche en prot\u00e9ines d'excellente qualit\u00e9 et r\u00e9pondant \u00e0 tous les besoins nutritionnels de votre b\u00e9b\u00e9 chat : de vrais bons ingr\u00e9dients, une composition claire et transparente.","breadcrumb":{"@id":"https:\/\/www.vetorino.com\/boutique\/product\/ziggy-patee-chaton-truite\/#breadcrumb"},"inLanguage":"fr-FR","potentialAction":[{"@type":"ReadAction","target":["https:\/\/www.vetorino.com\/boutique\/product\/ziggy-patee-chaton-truite\/"]}]},{"@type":"ImageObject","inLanguage":"fr-FR","@id":"https:\/\/www.vetorino.com\/boutique\/product\/ziggy-patee-chaton-truite\/#primaryimage","url":"https:\/\/www.vetorino.com\/boutique\/wp-content\/uploads\/2024\/09\/NEW.PateeChaton-Truitelotx4new1qte-1.webp","contentUrl":"https:\/\/www.vetorino.com\/boutique\/wp-content\/uploads\/2024\/09\/NEW.PateeChaton-Truitelotx4new1qte-1.webp","width":840,"height":840},{"@type":"BreadcrumbList","@id":"https:\/\/www.vetorino.com\/boutique\/product\/ziggy-patee-chaton-truite\/#breadcrumb","itemListElement":[{"@type":"ListItem","position":1,"name":"Accueil","item":"https:\/\/www.vetorino.com\/boutique\/"},{"@type":"ListItem","position":2,"name":"Produits","item":"https:\/\/www.vetorino.com\/boutique\/"},{"@type":"ListItem","position":3,"name":"P\u00e2t\u00e9e Chaton Sans C\u00e9r\u00e9ales Truite"}]},{"@type":"WebSite","@id":"https:\/\/www.vetorino.com\/boutique\/#website","url":"https:\/\/www.vetorino.com\/boutique\/","name":"V\u00e9torino","description":"","publisher":{"@id":"https:\/\/www.vetorino.com\/boutique\/#organization"},"potentialAction":[{"@type":"SearchAction","target":{"@type":"EntryPoint","urlTemplate":"https:\/\/www.vetorino.com\/boutique\/?s={search_term_string}"},"query-input":{"@type":"PropertyValueSpecification","valueRequired":true,"valueName":"search_term_string"}}],"inLanguage":"fr-FR"},{"@type":"Organization","@id":"https:\/\/www.vetorino.com\/boutique\/#organization","name":"V\u00e9torino","url":"https:\/\/www.vetorino.com\/boutique\/","logo":{"@type":"ImageObject","inLanguage":"fr-FR","@id":"https:\/\/www.vetorino.com\/boutique\/#\/schema\/logo\/image\/","url":"https:\/\/www.vetorino.com\/boutique\/wp-content\/uploads\/2024\/10\/logo.jpg","contentUrl":"https:\/\/www.vetorino.com\/boutique\/wp-content\/uploads\/2024\/10\/logo.jpg","width":1200,"height":610,"caption":"V\u00e9torino"},"image":{"@id":"https:\/\/www.vetorino.com\/boutique\/#\/schema\/logo\/image\/"},"sameAs":["https:\/\/www.facebook.com\/Vetorino\/","https:\/\/www.instagram.com\/vetorino_off\/","https:\/\/www.linkedin.com\/company\/vtorino\/"]}]},"product_brand":"Ziggy","product_price_amount":"8.00","product_price_currency":"EUR","og_availability":"instock","product_availability":"instock","product_retailer_item_id":"A-1887640","product_condition":"new"},"_links":{"self":[{"href":"https:\/\/www.vetorino.com\/veterinaire\/pierrebenite-69310\/boutique\/wp-json\/wp\/v2\/product\/1022841","targetHints":{"allow":["GET"]}}],"collection":[{"href":"https:\/\/www.vetorino.com\/veterinaire\/pierrebenite-69310\/boutique\/wp-json\/wp\/v2\/product"}],"about":[{"href":"https:\/\/www.vetorino.com\/veterinaire\/pierrebenite-69310\/boutique\/wp-json\/wp\/v2\/types\/product"}],"wp:featuredmedia":[{"embeddable":true,"href":"https:\/\/www.vetorino.com\/veterinaire\/pierrebenite-69310\/boutique\/wp-json\/wp\/v2\/media\/1037925"}],"wp:attachment":[{"href":"https:\/\/www.vetorino.com\/veterinaire\/pierrebenite-69310\/boutique\/wp-json\/wp\/v2\/media?parent=1022841"}],"wp:term":[{"taxonomy":"product_cat","embeddable":true,"href":"https:\/\/www.vetorino.com\/veterinaire\/pierrebenite-69310\/boutique\/wp-json\/wp\/v2\/product_cat?post=1022841"},{"taxonomy":"product_tag","embeddable":true,"href":"https:\/\/www.vetorino.com\/veterinaire\/pierrebenite-69310\/boutique\/wp-json\/wp\/v2\/product_tag?post=1022841"}],"curies":[{"name":"wp","href":"https:\/\/api.w.org\/{rel}","templated":true}]}}