{"id":1359454,"date":"2025-06-05T05:35:10","date_gmt":"2025-06-05T03:35:10","guid":{"rendered":"https:\/\/www.vetorino.com\/boutique\/product\/advance-chien-snack-weight\/"},"modified":"2025-07-01T12:11:16","modified_gmt":"2025-07-01T10:11:16","slug":"advance-chien-snack-weight","status":"publish","type":"product","link":"https:\/\/www.vetorino.com\/veterinaire\/pierrebenite-69310\/boutique\/product\/advance-chien-snack-weight\/","title":{"rendered":"Chien Snack Weight Control"},"content":{"rendered":"<p>Les friandises sp\u00e9ciales Advance Weight Control conviennent parfaitement <strong>dans le cadre d&#8217;un r\u00e9gime hypocalorique<\/strong>. Vous pouvez offrir cet en-cas savoureux \u00e0 votre animal en guise de friandise pour l&#8217;encourager pendant son r\u00e9gime.<\/p>\n<p>Ces biscuits moelleux en forme d&#8217;os poss\u00e8dent une teneur \u00e9lev\u00e9e en fibres, ce qui <strong>contribue \u00e0 une sati\u00e9t\u00e9 optimale.<\/strong> Bien qu&#8217;elles ne contiennent que 2 % de mati\u00e8res grasses, les friandises Advance Appetite Control sont particuli\u00e8rement<strong> savoureuses<\/strong>. Ces snacks peuvent \u00eatre donn\u00e9s \u00e0 votre petit compagnon 1 \u00e0 3 heures avant son repas pour un effet de sati\u00e9t\u00e9 optimal.<\/p>\n<p><b>Caract\u00e9ristiques des friandises Advance Appetite Control Snack pour chien :<\/b><\/p>\n<ul>\n<li>Friandises savoureuses pour chiens de toutes tailles<\/li>\n<li>Id\u00e9ales dans le cadre d&#8217;un r\u00e9gime hypocalorique<\/li>\n<li><b>Teneur \u00e9lev\u00e9e en fibres :<\/b>\u00a0contribuent \u00e0 acc\u00e9ler\u00a0et rallonger\u00a0la sensation de sati\u00e9t\u00e9<\/li>\n<li><b>Teneur r\u00e9duite en mati\u00e8res grasses :<\/b>\u00a0seulement 2 % de graisses<\/li>\n<li><b>Recette savoureuse :<\/b>\u00a0pour une haute app\u00e9tence\u00a0malgr\u00e9 la faible teneur en graisses<\/li>\n<li><b>Parfum\u00e9es et moelleuses :<\/b>\u00a0m\u00e9thode de fabrication sp\u00e9cifique pour une texture moelleuse<\/li>\n<li><b>Digestes<\/b><\/li>\n<li><strong>Sachets fra\u00eecheur<\/strong> : refermables pr\u00e9servent la consistance et la fra\u00eecheur des friandises<\/li>\n<\/ul>\n","protected":false},"excerpt":{"rendered":"<p>Advance Weight Control Snack est un <strong>snack savoureux all\u00e9g\u00e9 en mati\u00e8res grasses<\/strong> et \u00e0 haute teneur en fibres, qui<strong> aide \u00e0 contr\u00f4ler le poids<\/strong> de votre chien.<\/p>\n<p>C&#8217;est le <strong>compl\u00e9ment id\u00e9al des r\u00e9gimes minceur<\/strong>.<\/p>\n","protected":false},"featured_media":1360248,"template":"","meta":[],"product_cat":[2698],"product_tag":[],"class_list":{"0":"post-1359454","1":"product","2":"type-product","3":"status-publish","4":"has-post-thumbnail","6":"product_cat-chien","7":"pa_marque-advance","9":"first","10":"instock","11":"taxable","12":"shipping-taxable","13":"purchasable","14":"product-type-simple"},"yoast_head":"<!-- This site is optimized with the Yoast SEO plugin v27.3 - https:\/\/yoast.com\/product\/yoast-seo-wordpress\/ -->\n<title>Chien Snack Weight Control Advance - V\u00e9torino<\/title>\n<meta name=\"description\" content=\"Advance Weight Control Snack est un snack savoureux all\u00e9g\u00e9 en mati\u00e8res grasses et \u00e0 haute teneur en fibres, qui aide \u00e0 contr\u00f4ler le poids de votre chien.  C&#039;est le compl\u00e9ment id\u00e9al des r\u00e9gimes minceur.\" \/>\n<meta name=\"robots\" content=\"noindex, nofollow\" \/>\n<meta property=\"og:locale\" content=\"fr_FR\" \/>\n<meta property=\"og:type\" content=\"article\" \/>\n<meta property=\"og:title\" content=\"Chien Snack Weight Control Advance - V\u00e9torino\" \/>\n<meta property=\"og:description\" content=\"Advance Weight Control Snack est un snack savoureux all\u00e9g\u00e9 en mati\u00e8res grasses et \u00e0 haute teneur en fibres, qui aide \u00e0 contr\u00f4ler le poids de votre chien.  C&#039;est le compl\u00e9ment id\u00e9al des r\u00e9gimes minceur.\" \/>\n<meta property=\"og:url\" content=\"https:\/\/www.vetorino.com\/veterinaire\/pierrebenite-69310\/boutique\/product\/advance-chien-snack-weight\/\" \/>\n<meta property=\"og:site_name\" content=\"V\u00e9torino\" \/>\n<meta property=\"article:publisher\" content=\"https:\/\/www.facebook.com\/Vetorino\/\" \/>\n<meta property=\"article:modified_time\" content=\"2025-07-01T10:11:16+00:00\" \/>\n<meta property=\"og:image\" content=\"https:\/\/www.vetorino.com\/boutique\/wp-content\/uploads\/2025\/06\/398197_pla_advance_appetite_controlsnack_150g_hs_02_6.jpg\" \/>\n\t<meta property=\"og:image:width\" content=\"800\" \/>\n\t<meta property=\"og:image:height\" content=\"800\" \/>\n\t<meta property=\"og:image:type\" content=\"image\/jpeg\" \/>\n<meta name=\"twitter:card\" content=\"summary_large_image\" \/>\n<meta name=\"twitter:label1\" content=\"Prix\" \/>\n\t<meta name=\"twitter:data1\" content=\"32,16&euro;\" \/>\n\t<meta name=\"twitter:label2\" content=\"Disponibilit\u00e9\" \/>\n\t<meta name=\"twitter:data2\" content=\"En stock\" \/>\n<script type=\"application\/ld+json\" class=\"yoast-schema-graph\">{\"@context\":\"https:\\\/\\\/schema.org\",\"@graph\":[{\"@type\":\"WebPage\",\"@id\":\"https:\\\/\\\/www.vetorino.com\\\/veterinaire\\\/briancon-05100\\\/boutique\\\/product\\\/advance-chien-snack-weight\\\/\",\"url\":\"https:\\\/\\\/www.vetorino.com\\\/veterinaire\\\/briancon-05100\\\/boutique\\\/product\\\/advance-chien-snack-weight\\\/\",\"name\":\"Chien Snack Weight Control Advance - V\u00e9torino\",\"isPartOf\":{\"@id\":\"https:\\\/\\\/www.vetorino.com\\\/boutique\\\/#website\"},\"primaryImageOfPage\":{\"@id\":\"https:\\\/\\\/www.vetorino.com\\\/veterinaire\\\/briancon-05100\\\/boutique\\\/product\\\/advance-chien-snack-weight\\\/#primaryimage\"},\"image\":{\"@id\":\"https:\\\/\\\/www.vetorino.com\\\/veterinaire\\\/briancon-05100\\\/boutique\\\/product\\\/advance-chien-snack-weight\\\/#primaryimage\"},\"thumbnailUrl\":\"https:\\\/\\\/www.vetorino.com\\\/boutique\\\/wp-content\\\/uploads\\\/2025\\\/06\\\/398197_pla_advance_appetite_controlsnack_150g_hs_02_6.jpg\",\"datePublished\":\"2025-06-05T03:35:10+00:00\",\"dateModified\":\"2025-07-01T10:11:16+00:00\",\"description\":\"Advance Weight Control Snack est un snack savoureux all\u00e9g\u00e9 en mati\u00e8res grasses et \u00e0 haute teneur en fibres, qui aide \u00e0 contr\u00f4ler le poids de votre chien. C'est le compl\u00e9ment id\u00e9al des r\u00e9gimes minceur.\",\"breadcrumb\":{\"@id\":\"https:\\\/\\\/www.vetorino.com\\\/veterinaire\\\/briancon-05100\\\/boutique\\\/product\\\/advance-chien-snack-weight\\\/#breadcrumb\"},\"inLanguage\":\"fr-FR\",\"potentialAction\":[{\"@type\":\"ReadAction\",\"target\":[\"https:\\\/\\\/www.vetorino.com\\\/veterinaire\\\/briancon-05100\\\/boutique\\\/product\\\/advance-chien-snack-weight\\\/\"]}]},{\"@type\":\"ImageObject\",\"inLanguage\":\"fr-FR\",\"@id\":\"https:\\\/\\\/www.vetorino.com\\\/veterinaire\\\/briancon-05100\\\/boutique\\\/product\\\/advance-chien-snack-weight\\\/#primaryimage\",\"url\":\"https:\\\/\\\/www.vetorino.com\\\/boutique\\\/wp-content\\\/uploads\\\/2025\\\/06\\\/398197_pla_advance_appetite_controlsnack_150g_hs_02_6.jpg\",\"contentUrl\":\"https:\\\/\\\/www.vetorino.com\\\/boutique\\\/wp-content\\\/uploads\\\/2025\\\/06\\\/398197_pla_advance_appetite_controlsnack_150g_hs_02_6.jpg\",\"width\":800,\"height\":800},{\"@type\":\"BreadcrumbList\",\"@id\":\"https:\\\/\\\/www.vetorino.com\\\/veterinaire\\\/briancon-05100\\\/boutique\\\/product\\\/advance-chien-snack-weight\\\/#breadcrumb\",\"itemListElement\":[{\"@type\":\"ListItem\",\"position\":1,\"name\":\"Accueil\",\"item\":\"https:\\\/\\\/www.vetorino.com\\\/boutique\\\/\"},{\"@type\":\"ListItem\",\"position\":2,\"name\":\"Produits\",\"item\":\"https:\\\/\\\/www.vetorino.com\\\/boutique\\\/\"},{\"@type\":\"ListItem\",\"position\":3,\"name\":\"Chien Snack Weight Control\"}]},{\"@type\":\"WebSite\",\"@id\":\"https:\\\/\\\/www.vetorino.com\\\/boutique\\\/#website\",\"url\":\"https:\\\/\\\/www.vetorino.com\\\/boutique\\\/\",\"name\":\"V\u00e9torino\",\"description\":\"\",\"publisher\":{\"@id\":\"https:\\\/\\\/www.vetorino.com\\\/boutique\\\/#organization\"},\"potentialAction\":[{\"@type\":\"SearchAction\",\"target\":{\"@type\":\"EntryPoint\",\"urlTemplate\":\"https:\\\/\\\/www.vetorino.com\\\/boutique\\\/?s={search_term_string}\"},\"query-input\":{\"@type\":\"PropertyValueSpecification\",\"valueRequired\":true,\"valueName\":\"search_term_string\"}}],\"inLanguage\":\"fr-FR\"},{\"@type\":\"Organization\",\"@id\":\"https:\\\/\\\/www.vetorino.com\\\/boutique\\\/#organization\",\"name\":\"V\u00e9torino\",\"url\":\"https:\\\/\\\/www.vetorino.com\\\/boutique\\\/\",\"logo\":{\"@type\":\"ImageObject\",\"inLanguage\":\"fr-FR\",\"@id\":\"https:\\\/\\\/www.vetorino.com\\\/boutique\\\/#\\\/schema\\\/logo\\\/image\\\/\",\"url\":\"https:\\\/\\\/www.vetorino.com\\\/boutique\\\/wp-content\\\/uploads\\\/2024\\\/10\\\/logo.jpg\",\"contentUrl\":\"https:\\\/\\\/www.vetorino.com\\\/boutique\\\/wp-content\\\/uploads\\\/2024\\\/10\\\/logo.jpg\",\"width\":1200,\"height\":610,\"caption\":\"V\u00e9torino\"},\"image\":{\"@id\":\"https:\\\/\\\/www.vetorino.com\\\/boutique\\\/#\\\/schema\\\/logo\\\/image\\\/\"},\"sameAs\":[\"https:\\\/\\\/www.facebook.com\\\/Vetorino\\\/\",\"https:\\\/\\\/www.instagram.com\\\/vetorino_off\\\/\",\"https:\\\/\\\/www.linkedin.com\\\/company\\\/vtorino\\\/\"]}]}<\/script>\n<meta property=\"product:brand\" content=\"Advance\" \/>\n<meta property=\"product:price:amount\" content=\"32.16\" \/>\n<meta property=\"product:price:currency\" content=\"EUR\" \/>\n<meta property=\"og:availability\" content=\"instock\" \/>\n<meta property=\"product:availability\" content=\"instock\" \/>\n<meta property=\"product:retailer_item_id\" content=\"A-1891750\" \/>\n<meta property=\"product:condition\" content=\"new\" \/>\n<!-- \/ Yoast SEO plugin. -->","yoast_head_json":{"title":"Chien Snack Weight Control Advance - V\u00e9torino","description":"Advance Weight Control Snack est un snack savoureux all\u00e9g\u00e9 en mati\u00e8res grasses et \u00e0 haute teneur en fibres, qui aide \u00e0 contr\u00f4ler le poids de votre chien.  C'est le compl\u00e9ment id\u00e9al des r\u00e9gimes minceur.","robots":{"index":"noindex","follow":"nofollow"},"og_locale":"fr_FR","og_type":"article","og_title":"Chien Snack Weight Control Advance - V\u00e9torino","og_description":"Advance Weight Control Snack est un snack savoureux all\u00e9g\u00e9 en mati\u00e8res grasses et \u00e0 haute teneur en fibres, qui aide \u00e0 contr\u00f4ler le poids de votre chien.  C'est le compl\u00e9ment id\u00e9al des r\u00e9gimes minceur.","og_url":"https:\/\/www.vetorino.com\/veterinaire\/pierrebenite-69310\/boutique\/product\/advance-chien-snack-weight\/","og_site_name":"V\u00e9torino","article_publisher":"https:\/\/www.facebook.com\/Vetorino\/","article_modified_time":"2025-07-01T10:11:16+00:00","og_image":[{"width":800,"height":800,"url":"https:\/\/www.vetorino.com\/boutique\/wp-content\/uploads\/2025\/06\/398197_pla_advance_appetite_controlsnack_150g_hs_02_6.jpg","type":"image\/jpeg"}],"twitter_card":"summary_large_image","twitter_misc":{"Prix":"32,16&euro;","Disponibilit\u00e9":"En stock"},"schema":{"@context":"https:\/\/schema.org","@graph":[{"@type":"WebPage","@id":"https:\/\/www.vetorino.com\/veterinaire\/briancon-05100\/boutique\/product\/advance-chien-snack-weight\/","url":"https:\/\/www.vetorino.com\/veterinaire\/briancon-05100\/boutique\/product\/advance-chien-snack-weight\/","name":"Chien Snack Weight Control Advance - V\u00e9torino","isPartOf":{"@id":"https:\/\/www.vetorino.com\/boutique\/#website"},"primaryImageOfPage":{"@id":"https:\/\/www.vetorino.com\/veterinaire\/briancon-05100\/boutique\/product\/advance-chien-snack-weight\/#primaryimage"},"image":{"@id":"https:\/\/www.vetorino.com\/veterinaire\/briancon-05100\/boutique\/product\/advance-chien-snack-weight\/#primaryimage"},"thumbnailUrl":"https:\/\/www.vetorino.com\/boutique\/wp-content\/uploads\/2025\/06\/398197_pla_advance_appetite_controlsnack_150g_hs_02_6.jpg","datePublished":"2025-06-05T03:35:10+00:00","dateModified":"2025-07-01T10:11:16+00:00","description":"Advance Weight Control Snack est un snack savoureux all\u00e9g\u00e9 en mati\u00e8res grasses et \u00e0 haute teneur en fibres, qui aide \u00e0 contr\u00f4ler le poids de votre chien. C'est le compl\u00e9ment id\u00e9al des r\u00e9gimes minceur.","breadcrumb":{"@id":"https:\/\/www.vetorino.com\/veterinaire\/briancon-05100\/boutique\/product\/advance-chien-snack-weight\/#breadcrumb"},"inLanguage":"fr-FR","potentialAction":[{"@type":"ReadAction","target":["https:\/\/www.vetorino.com\/veterinaire\/briancon-05100\/boutique\/product\/advance-chien-snack-weight\/"]}]},{"@type":"ImageObject","inLanguage":"fr-FR","@id":"https:\/\/www.vetorino.com\/veterinaire\/briancon-05100\/boutique\/product\/advance-chien-snack-weight\/#primaryimage","url":"https:\/\/www.vetorino.com\/boutique\/wp-content\/uploads\/2025\/06\/398197_pla_advance_appetite_controlsnack_150g_hs_02_6.jpg","contentUrl":"https:\/\/www.vetorino.com\/boutique\/wp-content\/uploads\/2025\/06\/398197_pla_advance_appetite_controlsnack_150g_hs_02_6.jpg","width":800,"height":800},{"@type":"BreadcrumbList","@id":"https:\/\/www.vetorino.com\/veterinaire\/briancon-05100\/boutique\/product\/advance-chien-snack-weight\/#breadcrumb","itemListElement":[{"@type":"ListItem","position":1,"name":"Accueil","item":"https:\/\/www.vetorino.com\/boutique\/"},{"@type":"ListItem","position":2,"name":"Produits","item":"https:\/\/www.vetorino.com\/boutique\/"},{"@type":"ListItem","position":3,"name":"Chien Snack Weight Control"}]},{"@type":"WebSite","@id":"https:\/\/www.vetorino.com\/boutique\/#website","url":"https:\/\/www.vetorino.com\/boutique\/","name":"V\u00e9torino","description":"","publisher":{"@id":"https:\/\/www.vetorino.com\/boutique\/#organization"},"potentialAction":[{"@type":"SearchAction","target":{"@type":"EntryPoint","urlTemplate":"https:\/\/www.vetorino.com\/boutique\/?s={search_term_string}"},"query-input":{"@type":"PropertyValueSpecification","valueRequired":true,"valueName":"search_term_string"}}],"inLanguage":"fr-FR"},{"@type":"Organization","@id":"https:\/\/www.vetorino.com\/boutique\/#organization","name":"V\u00e9torino","url":"https:\/\/www.vetorino.com\/boutique\/","logo":{"@type":"ImageObject","inLanguage":"fr-FR","@id":"https:\/\/www.vetorino.com\/boutique\/#\/schema\/logo\/image\/","url":"https:\/\/www.vetorino.com\/boutique\/wp-content\/uploads\/2024\/10\/logo.jpg","contentUrl":"https:\/\/www.vetorino.com\/boutique\/wp-content\/uploads\/2024\/10\/logo.jpg","width":1200,"height":610,"caption":"V\u00e9torino"},"image":{"@id":"https:\/\/www.vetorino.com\/boutique\/#\/schema\/logo\/image\/"},"sameAs":["https:\/\/www.facebook.com\/Vetorino\/","https:\/\/www.instagram.com\/vetorino_off\/","https:\/\/www.linkedin.com\/company\/vtorino\/"]}]},"product_brand":"Advance","product_price_amount":"32.16","product_price_currency":"EUR","og_availability":"instock","product_availability":"instock","product_retailer_item_id":"A-1891750","product_condition":"new"},"_links":{"self":[{"href":"https:\/\/www.vetorino.com\/veterinaire\/pierrebenite-69310\/boutique\/wp-json\/wp\/v2\/product\/1359454","targetHints":{"allow":["GET"]}}],"collection":[{"href":"https:\/\/www.vetorino.com\/veterinaire\/pierrebenite-69310\/boutique\/wp-json\/wp\/v2\/product"}],"about":[{"href":"https:\/\/www.vetorino.com\/veterinaire\/pierrebenite-69310\/boutique\/wp-json\/wp\/v2\/types\/product"}],"wp:featuredmedia":[{"embeddable":true,"href":"https:\/\/www.vetorino.com\/veterinaire\/pierrebenite-69310\/boutique\/wp-json\/wp\/v2\/media\/1360248"}],"wp:attachment":[{"href":"https:\/\/www.vetorino.com\/veterinaire\/pierrebenite-69310\/boutique\/wp-json\/wp\/v2\/media?parent=1359454"}],"wp:term":[{"taxonomy":"product_cat","embeddable":true,"href":"https:\/\/www.vetorino.com\/veterinaire\/pierrebenite-69310\/boutique\/wp-json\/wp\/v2\/product_cat?post=1359454"},{"taxonomy":"product_tag","embeddable":true,"href":"https:\/\/www.vetorino.com\/veterinaire\/pierrebenite-69310\/boutique\/wp-json\/wp\/v2\/product_tag?post=1359454"}],"curies":[{"name":"wp","href":"https:\/\/api.w.org\/{rel}","templated":true}]}}