{"id":1362655,"date":"2025-06-07T05:35:07","date_gmt":"2025-06-07T03:35:07","guid":{"rendered":"https:\/\/www.vetorino.com\/boutique\/product\/advance-chien-adulte-mini-poulet\/"},"modified":"2025-06-12T16:12:50","modified_gmt":"2025-06-12T14:12:50","slug":"advance-chien-adulte-mini-poulet","status":"publish","type":"product","link":"https:\/\/www.vetorino.com\/veterinaire\/pierrebenite-69310\/boutique\/product\/advance-chien-adulte-mini-poulet\/","title":{"rendered":"Chien Adulte Mini Poulet"},"content":{"rendered":"<p><strong>Advance Adult Mini est un aliment de haute qualit\u00e9, facile \u00e0 dig\u00e9rer, formul\u00e9 pour r\u00e9pondre aux besoins des chiens adultes de petite taille. Il est \u00e9labor\u00e9 avec du poulet comme 1er ingr\u00e9dient. Il contribue au maintien de la masse musculaire gr\u00e2ce \u00e0 sa teneur en prot\u00e9ines de haute qualit\u00e9, et \u00e0 une peau saine et \u00e0 un pelage brillant gr\u00e2ce aux acides gras om\u00e9ga-6 et om\u00e9ga-3.<\/strong><\/p>\n<p>La taille des croquettes est adapt\u00e9e aux chiens de petite taille.<\/p>\n<p><strong>Caract\u00e9ristiques :<\/strong><\/p>\n<ul>\n<li>Sp\u00e9cialement con\u00e7ues pour les chiens de petites races.<\/li>\n<li><strong>Haute digestibilit\u00e9 :<\/strong> avec du poulet et du riz en tant qu&#8217;ingr\u00e9dients principaux et faciles \u00e0 dig\u00e9rer, sources de prot\u00e9ines et de glucides.<\/li>\n<li><strong>Teneur en prot\u00e9ines optimale : <\/strong>aident votre petit chien \u00e0 conserver sa masse musculaire.<\/li>\n<li><strong>Soutien de la peau et du pelage :<\/strong> contiennent des acides gras om\u00e9ga-6 et om\u00e9ga-3.<\/li>\n<li><strong>Hygi\u00e8ne bucco-dentaire :<\/strong> croquettes \u00e0 la surface rugueuse qui contribuent \u00e0 l&#8217;abrasion de la plaque dentaire.<\/li>\n<li><strong>Compl\u00e8tes et \u00e9quilibr\u00e9es : <\/strong>fournissent des vitamines et des min\u00e9raux, id\u00e9ales en tant qu&#8217;aliment quotidien.<\/li>\n<li><strong>Avec antioxydants : <\/strong>peuvent soutenir les d\u00e9fenses immunitaires.<\/li>\n<\/ul>\n<p>&nbsp;<\/p>\n","protected":false},"excerpt":{"rendered":"<p><strong>Advance Adult Mini est un aliment de haute qualit\u00e9, facile \u00e0 dig\u00e9rer, formul\u00e9 pour r\u00e9pondre aux besoins des chiens adultes de petite taille.<\/strong><\/p>\n<p>Il est \u00e9labor\u00e9 avec du poulet comme 1er ingr\u00e9dient. Il <strong>contribue au maintien de la masse musculaire<\/strong> gr\u00e2ce \u00e0 sa teneur en prot\u00e9ines de haute qualit\u00e9, et \u00e0 <strong>une peau saine et \u00e0 un pelage brillant<\/strong> gr\u00e2ce aux acides gras om\u00e9ga-6 et om\u00e9ga-3.<\/p>\n","protected":false},"featured_media":1300754,"template":"","meta":[],"product_cat":[12552,12584,2698],"product_tag":[],"class_list":{"0":"post-1362655","1":"product","2":"type-product","3":"status-publish","4":"has-post-thumbnail","6":"product_cat-alimentation-du-chien","7":"product_cat-alimentation-premium-pour-chien","8":"product_cat-chien","9":"pa_marque-advance","11":"first","12":"instock","13":"taxable","14":"shipping-taxable","15":"purchasable","16":"product-type-variable"},"yoast_head":"<!-- This site is optimized with the Yoast SEO plugin v27.3 - https:\/\/yoast.com\/product\/yoast-seo-wordpress\/ -->\n<title>Chien Adulte Mini Poulet Advance - V\u00e9torino<\/title>\n<meta name=\"description\" content=\"Advance Adult Mini est un aliment de haute qualit\u00e9, facile \u00e0 dig\u00e9rer, formul\u00e9 pour r\u00e9pondre aux besoins des chiens adultes de petite taille.  Il est \u00e9labor\u00e9 avec du poulet comme 1er ingr\u00e9dient. Il contribue au maintien de la masse musculaire gr\u00e2ce \u00e0 sa teneur en prot\u00e9ines de haute qualit\u00e9, et \u00e0 une peau saine et \u00e0 un pelage brillant gr\u00e2ce aux acides gras om\u00e9ga-6 et om\u00e9ga-3.\" \/>\n<meta name=\"robots\" content=\"noindex, nofollow\" \/>\n<meta property=\"og:locale\" content=\"fr_FR\" \/>\n<meta property=\"og:type\" content=\"article\" \/>\n<meta property=\"og:title\" content=\"Chien Adulte Mini Poulet Advance - V\u00e9torino\" \/>\n<meta property=\"og:description\" content=\"Advance Adult Mini est un aliment de haute qualit\u00e9, facile \u00e0 dig\u00e9rer, formul\u00e9 pour r\u00e9pondre aux besoins des chiens adultes de petite taille.  Il est \u00e9labor\u00e9 avec du poulet comme 1er ingr\u00e9dient. Il contribue au maintien de la masse musculaire gr\u00e2ce \u00e0 sa teneur en prot\u00e9ines de haute qualit\u00e9, et \u00e0 une peau saine et \u00e0 un pelage brillant gr\u00e2ce aux acides gras om\u00e9ga-6 et om\u00e9ga-3.\" \/>\n<meta property=\"og:url\" content=\"https:\/\/www.vetorino.com\/veterinaire\/pierrebenite-69310\/boutique\/product\/advance-chien-adulte-mini-poulet\/\" \/>\n<meta property=\"og:site_name\" content=\"V\u00e9torino\" \/>\n<meta property=\"article:publisher\" content=\"https:\/\/www.facebook.com\/Vetorino\/\" \/>\n<meta property=\"article:modified_time\" content=\"2025-06-12T14:12:50+00:00\" \/>\n<meta property=\"og:image\" content=\"https:\/\/www.vetorino.com\/boutique\/wp-content\/uploads\/2025\/04\/adulte-mini-poulet-advance.jpg\" \/>\n\t<meta property=\"og:image:width\" content=\"1208\" \/>\n\t<meta property=\"og:image:height\" content=\"1280\" \/>\n\t<meta property=\"og:image:type\" content=\"image\/jpeg\" \/>\n<meta name=\"twitter:card\" content=\"summary_large_image\" \/>\n<meta name=\"twitter:label1\" content=\"Disponibilit\u00e9\" \/>\n\t<meta name=\"twitter:data1\" content=\"En stock\" \/>\n<script type=\"application\/ld+json\" class=\"yoast-schema-graph\">{\"@context\":\"https:\\\/\\\/schema.org\",\"@graph\":[{\"@type\":\"WebPage\",\"@id\":\"https:\\\/\\\/www.vetorino.com\\\/veterinaire\\\/briancon-05100\\\/boutique\\\/product\\\/advance-chien-adulte-mini-poulet\\\/\",\"url\":\"https:\\\/\\\/www.vetorino.com\\\/veterinaire\\\/briancon-05100\\\/boutique\\\/product\\\/advance-chien-adulte-mini-poulet\\\/\",\"name\":\"Chien Adulte Mini Poulet Advance - V\u00e9torino\",\"isPartOf\":{\"@id\":\"https:\\\/\\\/www.vetorino.com\\\/boutique\\\/#website\"},\"primaryImageOfPage\":{\"@id\":\"https:\\\/\\\/www.vetorino.com\\\/veterinaire\\\/briancon-05100\\\/boutique\\\/product\\\/advance-chien-adulte-mini-poulet\\\/#primaryimage\"},\"image\":{\"@id\":\"https:\\\/\\\/www.vetorino.com\\\/veterinaire\\\/briancon-05100\\\/boutique\\\/product\\\/advance-chien-adulte-mini-poulet\\\/#primaryimage\"},\"thumbnailUrl\":\"https:\\\/\\\/www.vetorino.com\\\/boutique\\\/wp-content\\\/uploads\\\/2025\\\/04\\\/adulte-mini-poulet-advance.jpg\",\"datePublished\":\"2025-06-07T03:35:07+00:00\",\"dateModified\":\"2025-06-12T14:12:50+00:00\",\"description\":\"Advance Adult Mini est un aliment de haute qualit\u00e9, facile \u00e0 dig\u00e9rer, formul\u00e9 pour r\u00e9pondre aux besoins des chiens adultes de petite taille. Il est \u00e9labor\u00e9 avec du poulet comme 1er ingr\u00e9dient. Il contribue au maintien de la masse musculaire gr\u00e2ce \u00e0 sa teneur en prot\u00e9ines de haute qualit\u00e9, et \u00e0 une peau saine et \u00e0 un pelage brillant gr\u00e2ce aux acides gras om\u00e9ga-6 et om\u00e9ga-3.\",\"breadcrumb\":{\"@id\":\"https:\\\/\\\/www.vetorino.com\\\/veterinaire\\\/briancon-05100\\\/boutique\\\/product\\\/advance-chien-adulte-mini-poulet\\\/#breadcrumb\"},\"inLanguage\":\"fr-FR\",\"potentialAction\":[{\"@type\":\"ReadAction\",\"target\":[\"https:\\\/\\\/www.vetorino.com\\\/veterinaire\\\/briancon-05100\\\/boutique\\\/product\\\/advance-chien-adulte-mini-poulet\\\/\"]}]},{\"@type\":\"ImageObject\",\"inLanguage\":\"fr-FR\",\"@id\":\"https:\\\/\\\/www.vetorino.com\\\/veterinaire\\\/briancon-05100\\\/boutique\\\/product\\\/advance-chien-adulte-mini-poulet\\\/#primaryimage\",\"url\":\"https:\\\/\\\/www.vetorino.com\\\/boutique\\\/wp-content\\\/uploads\\\/2025\\\/04\\\/adulte-mini-poulet-advance.jpg\",\"contentUrl\":\"https:\\\/\\\/www.vetorino.com\\\/boutique\\\/wp-content\\\/uploads\\\/2025\\\/04\\\/adulte-mini-poulet-advance.jpg\",\"width\":1208,\"height\":1280},{\"@type\":\"BreadcrumbList\",\"@id\":\"https:\\\/\\\/www.vetorino.com\\\/veterinaire\\\/briancon-05100\\\/boutique\\\/product\\\/advance-chien-adulte-mini-poulet\\\/#breadcrumb\",\"itemListElement\":[{\"@type\":\"ListItem\",\"position\":1,\"name\":\"Accueil\",\"item\":\"https:\\\/\\\/www.vetorino.com\\\/boutique\\\/\"},{\"@type\":\"ListItem\",\"position\":2,\"name\":\"Produits\",\"item\":\"https:\\\/\\\/www.vetorino.com\\\/boutique\\\/\"},{\"@type\":\"ListItem\",\"position\":3,\"name\":\"Chien Adulte Mini Poulet\"}]},{\"@type\":\"WebSite\",\"@id\":\"https:\\\/\\\/www.vetorino.com\\\/boutique\\\/#website\",\"url\":\"https:\\\/\\\/www.vetorino.com\\\/boutique\\\/\",\"name\":\"V\u00e9torino\",\"description\":\"\",\"publisher\":{\"@id\":\"https:\\\/\\\/www.vetorino.com\\\/boutique\\\/#organization\"},\"potentialAction\":[{\"@type\":\"SearchAction\",\"target\":{\"@type\":\"EntryPoint\",\"urlTemplate\":\"https:\\\/\\\/www.vetorino.com\\\/boutique\\\/?s={search_term_string}\"},\"query-input\":{\"@type\":\"PropertyValueSpecification\",\"valueRequired\":true,\"valueName\":\"search_term_string\"}}],\"inLanguage\":\"fr-FR\"},{\"@type\":\"Organization\",\"@id\":\"https:\\\/\\\/www.vetorino.com\\\/boutique\\\/#organization\",\"name\":\"V\u00e9torino\",\"url\":\"https:\\\/\\\/www.vetorino.com\\\/boutique\\\/\",\"logo\":{\"@type\":\"ImageObject\",\"inLanguage\":\"fr-FR\",\"@id\":\"https:\\\/\\\/www.vetorino.com\\\/boutique\\\/#\\\/schema\\\/logo\\\/image\\\/\",\"url\":\"https:\\\/\\\/www.vetorino.com\\\/boutique\\\/wp-content\\\/uploads\\\/2024\\\/10\\\/logo.jpg\",\"contentUrl\":\"https:\\\/\\\/www.vetorino.com\\\/boutique\\\/wp-content\\\/uploads\\\/2024\\\/10\\\/logo.jpg\",\"width\":1200,\"height\":610,\"caption\":\"V\u00e9torino\"},\"image\":{\"@id\":\"https:\\\/\\\/www.vetorino.com\\\/boutique\\\/#\\\/schema\\\/logo\\\/image\\\/\"},\"sameAs\":[\"https:\\\/\\\/www.facebook.com\\\/Vetorino\\\/\",\"https:\\\/\\\/www.instagram.com\\\/vetorino_off\\\/\",\"https:\\\/\\\/www.linkedin.com\\\/company\\\/vtorino\\\/\"]}]}<\/script>\n<meta property=\"product:brand\" content=\"Advance\" \/>\n<meta property=\"og:availability\" content=\"instock\" \/>\n<meta property=\"product:availability\" content=\"instock\" \/>\n<meta property=\"product:condition\" content=\"new\" \/>\n<!-- \/ Yoast SEO plugin. -->","yoast_head_json":{"title":"Chien Adulte Mini Poulet Advance - V\u00e9torino","description":"Advance Adult Mini est un aliment de haute qualit\u00e9, facile \u00e0 dig\u00e9rer, formul\u00e9 pour r\u00e9pondre aux besoins des chiens adultes de petite taille.  Il est \u00e9labor\u00e9 avec du poulet comme 1er ingr\u00e9dient. Il contribue au maintien de la masse musculaire gr\u00e2ce \u00e0 sa teneur en prot\u00e9ines de haute qualit\u00e9, et \u00e0 une peau saine et \u00e0 un pelage brillant gr\u00e2ce aux acides gras om\u00e9ga-6 et om\u00e9ga-3.","robots":{"index":"noindex","follow":"nofollow"},"og_locale":"fr_FR","og_type":"article","og_title":"Chien Adulte Mini Poulet Advance - V\u00e9torino","og_description":"Advance Adult Mini est un aliment de haute qualit\u00e9, facile \u00e0 dig\u00e9rer, formul\u00e9 pour r\u00e9pondre aux besoins des chiens adultes de petite taille.  Il est \u00e9labor\u00e9 avec du poulet comme 1er ingr\u00e9dient. Il contribue au maintien de la masse musculaire gr\u00e2ce \u00e0 sa teneur en prot\u00e9ines de haute qualit\u00e9, et \u00e0 une peau saine et \u00e0 un pelage brillant gr\u00e2ce aux acides gras om\u00e9ga-6 et om\u00e9ga-3.","og_url":"https:\/\/www.vetorino.com\/veterinaire\/pierrebenite-69310\/boutique\/product\/advance-chien-adulte-mini-poulet\/","og_site_name":"V\u00e9torino","article_publisher":"https:\/\/www.facebook.com\/Vetorino\/","article_modified_time":"2025-06-12T14:12:50+00:00","og_image":[{"width":1208,"height":1280,"url":"https:\/\/www.vetorino.com\/boutique\/wp-content\/uploads\/2025\/04\/adulte-mini-poulet-advance.jpg","type":"image\/jpeg"}],"twitter_card":"summary_large_image","twitter_misc":{"Disponibilit\u00e9":"En stock"},"schema":{"@context":"https:\/\/schema.org","@graph":[{"@type":"WebPage","@id":"https:\/\/www.vetorino.com\/veterinaire\/briancon-05100\/boutique\/product\/advance-chien-adulte-mini-poulet\/","url":"https:\/\/www.vetorino.com\/veterinaire\/briancon-05100\/boutique\/product\/advance-chien-adulte-mini-poulet\/","name":"Chien Adulte Mini Poulet Advance - V\u00e9torino","isPartOf":{"@id":"https:\/\/www.vetorino.com\/boutique\/#website"},"primaryImageOfPage":{"@id":"https:\/\/www.vetorino.com\/veterinaire\/briancon-05100\/boutique\/product\/advance-chien-adulte-mini-poulet\/#primaryimage"},"image":{"@id":"https:\/\/www.vetorino.com\/veterinaire\/briancon-05100\/boutique\/product\/advance-chien-adulte-mini-poulet\/#primaryimage"},"thumbnailUrl":"https:\/\/www.vetorino.com\/boutique\/wp-content\/uploads\/2025\/04\/adulte-mini-poulet-advance.jpg","datePublished":"2025-06-07T03:35:07+00:00","dateModified":"2025-06-12T14:12:50+00:00","description":"Advance Adult Mini est un aliment de haute qualit\u00e9, facile \u00e0 dig\u00e9rer, formul\u00e9 pour r\u00e9pondre aux besoins des chiens adultes de petite taille. Il est \u00e9labor\u00e9 avec du poulet comme 1er ingr\u00e9dient. Il contribue au maintien de la masse musculaire gr\u00e2ce \u00e0 sa teneur en prot\u00e9ines de haute qualit\u00e9, et \u00e0 une peau saine et \u00e0 un pelage brillant gr\u00e2ce aux acides gras om\u00e9ga-6 et om\u00e9ga-3.","breadcrumb":{"@id":"https:\/\/www.vetorino.com\/veterinaire\/briancon-05100\/boutique\/product\/advance-chien-adulte-mini-poulet\/#breadcrumb"},"inLanguage":"fr-FR","potentialAction":[{"@type":"ReadAction","target":["https:\/\/www.vetorino.com\/veterinaire\/briancon-05100\/boutique\/product\/advance-chien-adulte-mini-poulet\/"]}]},{"@type":"ImageObject","inLanguage":"fr-FR","@id":"https:\/\/www.vetorino.com\/veterinaire\/briancon-05100\/boutique\/product\/advance-chien-adulte-mini-poulet\/#primaryimage","url":"https:\/\/www.vetorino.com\/boutique\/wp-content\/uploads\/2025\/04\/adulte-mini-poulet-advance.jpg","contentUrl":"https:\/\/www.vetorino.com\/boutique\/wp-content\/uploads\/2025\/04\/adulte-mini-poulet-advance.jpg","width":1208,"height":1280},{"@type":"BreadcrumbList","@id":"https:\/\/www.vetorino.com\/veterinaire\/briancon-05100\/boutique\/product\/advance-chien-adulte-mini-poulet\/#breadcrumb","itemListElement":[{"@type":"ListItem","position":1,"name":"Accueil","item":"https:\/\/www.vetorino.com\/boutique\/"},{"@type":"ListItem","position":2,"name":"Produits","item":"https:\/\/www.vetorino.com\/boutique\/"},{"@type":"ListItem","position":3,"name":"Chien Adulte Mini Poulet"}]},{"@type":"WebSite","@id":"https:\/\/www.vetorino.com\/boutique\/#website","url":"https:\/\/www.vetorino.com\/boutique\/","name":"V\u00e9torino","description":"","publisher":{"@id":"https:\/\/www.vetorino.com\/boutique\/#organization"},"potentialAction":[{"@type":"SearchAction","target":{"@type":"EntryPoint","urlTemplate":"https:\/\/www.vetorino.com\/boutique\/?s={search_term_string}"},"query-input":{"@type":"PropertyValueSpecification","valueRequired":true,"valueName":"search_term_string"}}],"inLanguage":"fr-FR"},{"@type":"Organization","@id":"https:\/\/www.vetorino.com\/boutique\/#organization","name":"V\u00e9torino","url":"https:\/\/www.vetorino.com\/boutique\/","logo":{"@type":"ImageObject","inLanguage":"fr-FR","@id":"https:\/\/www.vetorino.com\/boutique\/#\/schema\/logo\/image\/","url":"https:\/\/www.vetorino.com\/boutique\/wp-content\/uploads\/2024\/10\/logo.jpg","contentUrl":"https:\/\/www.vetorino.com\/boutique\/wp-content\/uploads\/2024\/10\/logo.jpg","width":1200,"height":610,"caption":"V\u00e9torino"},"image":{"@id":"https:\/\/www.vetorino.com\/boutique\/#\/schema\/logo\/image\/"},"sameAs":["https:\/\/www.facebook.com\/Vetorino\/","https:\/\/www.instagram.com\/vetorino_off\/","https:\/\/www.linkedin.com\/company\/vtorino\/"]}]},"product_brand":"Advance","og_availability":"instock","product_availability":"instock","product_condition":"new"},"_links":{"self":[{"href":"https:\/\/www.vetorino.com\/veterinaire\/pierrebenite-69310\/boutique\/wp-json\/wp\/v2\/product\/1362655","targetHints":{"allow":["GET"]}}],"collection":[{"href":"https:\/\/www.vetorino.com\/veterinaire\/pierrebenite-69310\/boutique\/wp-json\/wp\/v2\/product"}],"about":[{"href":"https:\/\/www.vetorino.com\/veterinaire\/pierrebenite-69310\/boutique\/wp-json\/wp\/v2\/types\/product"}],"wp:featuredmedia":[{"embeddable":true,"href":"https:\/\/www.vetorino.com\/veterinaire\/pierrebenite-69310\/boutique\/wp-json\/wp\/v2\/media\/1300754"}],"wp:attachment":[{"href":"https:\/\/www.vetorino.com\/veterinaire\/pierrebenite-69310\/boutique\/wp-json\/wp\/v2\/media?parent=1362655"}],"wp:term":[{"taxonomy":"product_cat","embeddable":true,"href":"https:\/\/www.vetorino.com\/veterinaire\/pierrebenite-69310\/boutique\/wp-json\/wp\/v2\/product_cat?post=1362655"},{"taxonomy":"product_tag","embeddable":true,"href":"https:\/\/www.vetorino.com\/veterinaire\/pierrebenite-69310\/boutique\/wp-json\/wp\/v2\/product_tag?post=1362655"}],"curies":[{"name":"wp","href":"https:\/\/api.w.org\/{rel}","templated":true}]}}