{"id":1508031,"date":"2025-09-29T09:42:54","date_gmt":"2025-09-29T07:42:54","guid":{"rendered":"https:\/\/www.vetorino.com\/boutique\/product\/tiquanis-habitat-spray-insectes-rampants\/"},"modified":"2025-09-30T10:07:47","modified_gmt":"2025-09-30T08:07:47","slug":"tiquanis-habitat-spray-insectes-rampants","status":"publish","type":"product","link":"https:\/\/www.vetorino.com\/veterinaire\/pierrebenite-69310\/boutique\/product\/tiquanis-habitat-spray-insectes-rampants\/","title":{"rendered":"Tiquanis Habitat &#8211; Spray Insectes rampants et parasites"},"content":{"rendered":"<p>Tiquanis Habitat est un biocide (TP18) ayant une action imm\u00e9diate et prolong\u00e9e jusqu\u2019\u00e0 4 semaines selon les insectes vis\u00e9s.<\/p>\n<p>Tiquanis est <strong>destin\u00e9 \u00e0 d\u00e9truire les insectes rampants : blattes, fourmis, araign\u00e9es<\/strong>. Il permet \u00e9galement d\u2019\u00e9radiquer les parasites tels que <strong>puces et punaises de lit \u00e0 tous les stades de leur d\u00e9veloppement<\/strong> (\u0153ufs, larves, formes adultes), <strong>acariens de la poussi\u00e8re<\/strong>, <strong>poux, tiques, sarcoptes de la gale<\/strong> pr\u00e9sents dans votre habitat.<\/p>\n<p><strong>Utilisation<\/strong> :<\/p>\n<ul>\n<li>En effet barri\u00e8re sur les lieux de passages des insectes : plinthes, encadrements\/abords des portes et des fen\u00eatres, derri\u00e8re les meubles\u2026<\/li>\n<li>Pour traiter des surfaces textiles telles que les pourtours de lits, tissus, moquettes\u2026<\/li>\n<li>Pour traiter l\u2019environnement de votre animal : pani\u00e8res, niches, tapis, coussins et autres lieux de repos.<\/li>\n<\/ul>\n<p>Ne tache pas. Ne d\u00e9t\u00e9riore pas les tissus, rev\u00eatements, moquettes.<\/p>\n<p><em><strong>MODE D&#8217;EMPLOI :<\/strong><\/em><\/p>\n<p><strong>&#8211;\u00a0Effet barri\u00e8re\u00a0:<\/strong><br \/>\nDose<strong> :<\/strong>\u00a03 secondes par m\u00e8tre lin\u00e9aire. Pulv\u00e9riser \u00e0 une distance de 30 cm. A\u00e9rer la pi\u00e8ce minimum 15 minutes apr\u00e8s utilisation. Ne pas traiter plus de 10 m\u00e8tres lin\u00e9aires par jour.<\/p>\n<p><strong>&#8211;\u00a0Traitement textiles \/ pourtours de lit\u00a0:<\/strong><br \/>\nDose<strong> :<\/strong>\u00a030 secondes par m\u00b2. Pulv\u00e9riser \u00e0 30 cm de la surface \u00e0 traiter. Laisser s\u00e9cher int\u00e9gralement durant minimum 1h. A\u00e9rer la pi\u00e8ce pendant 1h. Aspirer pour \u00e9liminer les allerg\u00e8nes puis recouvrir de housse et taie propres. Traiter au maximum 24 m\u00b2. Laver les surfaces trait\u00e9es ou textiles en contact avec la peau.<\/p>\n<p>&#8211;<strong>\u00a0Environnement de l&#8217;animal\u00a0:<\/strong><br \/>\nDose<strong> :<\/strong>\u00a030 secondes par m\u00b2. Pulv\u00e9riser \u00e0 30 cm de la surface \u00e0 traiter. Laisser s\u00e9cher minimum 1h. A\u00e9rer la pi\u00e8ce pendant 1h. Aspirer pour \u00e9liminer les nuisibles inertes. Traiter au maximum 24 m\u00b2.<br \/>\nLaver les surfaces trait\u00e9es ou textiles en contact avec la peau.<\/p>\n<p><strong>Fr\u00e9quence d&#8217;utilisation<\/strong>\u00a0:<br \/>\n&#8211; 1 application tous les 15 jours dans un maximum de 6 applications par an pour l\u2019effet barri\u00e8re.<br \/>\n&#8211; 1 application par mois pour le traitement des textiles \/ pourtours de lit et l\u2019environnement de l&#8217;animal.<\/p>\n","protected":false},"excerpt":{"rendered":"<div id=\"product-description-short-5996\">\n<p>Tiquanis Habitat est un biocide (TP18) ayant une action imm\u00e9diate et prolong\u00e9e jusqu\u2019\u00e0 4 semaines.<\/p>\n<\/div>\n<div class=\"product-actions\">\n<div class=\"product-variants\">Tiquanis est <strong>destin\u00e9 \u00e0 d\u00e9truire les insectes rampants : blattes, cafards, fourmis, araign\u00e9es<\/strong>.<\/div>\n<div><\/div>\n<div class=\"product-variants\">Il permet \u00e9galement d\u2019\u00e9radiquer les parasites tels que <strong>puces et punaises de lit \u00e0 tous les stades de leur d\u00e9veloppement<\/strong> (\u0153ufs, larves, formes adultes), <strong>acariens de la poussi\u00e8re<\/strong>, <strong>poux, tiques, sarcoptes de la gale<\/strong> pr\u00e9sents dans votre habitat.<\/div>\n<div class=\"mdj_product_master\"><\/div>\n<div class=\"mdc_product_actions_block\">\n<div class=\"mdc_product_infos_display\"><\/div>\n<\/div>\n<\/div>\n","protected":false},"featured_media":1509505,"template":"","meta":[],"product_cat":[12553,12554,12648,12649],"product_tag":[],"class_list":{"0":"post-1508031","1":"product","2":"type-product","3":"status-publish","4":"has-post-thumbnail","6":"product_cat-antiparasitaire-du-chat","7":"product_cat-antiparasitaire-du-chien","8":"product_cat-traitement-de-lhabitat-du-chat","9":"product_cat-traitement-de-lhabitat-du-chien","10":"pa_marque-vetoquinol","12":"first","13":"instock","14":"taxable","15":"shipping-taxable","16":"purchasable","17":"product-type-variable"},"yoast_head":"<!-- This site is optimized with the Yoast SEO plugin v27.3 - https:\/\/yoast.com\/product\/yoast-seo-wordpress\/ -->\n<title>Tiquanis Habitat - Spray Insectes rampants et parasites V\u00e9toquinol - V\u00e9torino<\/title>\n<meta name=\"description\" content=\"Tiquanis Habitat est un biocide (TP18) ayant une action imm\u00e9diate et prolong\u00e9e jusqu\u2019\u00e0 4 semaines.    Tiquanis est destin\u00e9 \u00e0 d\u00e9truire les insectes rampants : blattes, cafards, fourmis, araign\u00e9es.  Il permet \u00e9galement d\u2019\u00e9radiquer les parasites tels que puces et punaises de lit \u00e0 tous les stades de leur d\u00e9veloppement (\u0153ufs, larves, formes adultes), acariens de la poussi\u00e8re, poux, tiques, sarcoptes de la gale pr\u00e9sents dans votre habitat.\" \/>\n<meta name=\"robots\" content=\"noindex, nofollow\" \/>\n<meta property=\"og:locale\" content=\"fr_FR\" \/>\n<meta property=\"og:type\" content=\"article\" \/>\n<meta property=\"og:title\" content=\"Tiquanis Habitat - Spray Insectes rampants et parasites V\u00e9toquinol - V\u00e9torino\" \/>\n<meta property=\"og:description\" content=\"Tiquanis Habitat est un biocide (TP18) ayant une action imm\u00e9diate et prolong\u00e9e jusqu\u2019\u00e0 4 semaines.    Tiquanis est destin\u00e9 \u00e0 d\u00e9truire les insectes rampants : blattes, cafards, fourmis, araign\u00e9es.  Il permet \u00e9galement d\u2019\u00e9radiquer les parasites tels que puces et punaises de lit \u00e0 tous les stades de leur d\u00e9veloppement (\u0153ufs, larves, formes adultes), acariens de la poussi\u00e8re, poux, tiques, sarcoptes de la gale pr\u00e9sents dans votre habitat.\" \/>\n<meta property=\"og:url\" content=\"https:\/\/www.vetorino.com\/veterinaire\/pierrebenite-69310\/boutique\/product\/tiquanis-habitat-spray-insectes-rampants\/\" \/>\n<meta property=\"og:site_name\" content=\"V\u00e9torino\" \/>\n<meta property=\"article:publisher\" content=\"https:\/\/www.facebook.com\/Vetorino\/\" \/>\n<meta property=\"article:modified_time\" content=\"2025-09-30T08:07:47+00:00\" \/>\n<meta property=\"og:image\" content=\"https:\/\/www.vetorino.com\/boutique\/wp-content\/uploads\/2025\/09\/tiquanis-habitat-spray-insectes-rampants-et-parasites.webp\" \/>\n\t<meta property=\"og:image:width\" content=\"800\" \/>\n\t<meta property=\"og:image:height\" content=\"800\" \/>\n\t<meta property=\"og:image:type\" content=\"image\/webp\" \/>\n<meta name=\"twitter:card\" content=\"summary_large_image\" \/>\n<meta name=\"twitter:label1\" content=\"Disponibilit\u00e9\" \/>\n\t<meta name=\"twitter:data1\" content=\"En stock\" \/>\n<script type=\"application\/ld+json\" class=\"yoast-schema-graph\">{\"@context\":\"https:\\\/\\\/schema.org\",\"@graph\":[{\"@type\":\"WebPage\",\"@id\":\"https:\\\/\\\/www.vetorino.com\\\/boutique\\\/product\\\/tiquanis-habitat-spray-insectes-rampants\\\/\",\"url\":\"https:\\\/\\\/www.vetorino.com\\\/boutique\\\/product\\\/tiquanis-habitat-spray-insectes-rampants\\\/\",\"name\":\"Tiquanis Habitat - Spray Insectes rampants et parasites V\u00e9toquinol - V\u00e9torino\",\"isPartOf\":{\"@id\":\"https:\\\/\\\/www.vetorino.com\\\/boutique\\\/#website\"},\"primaryImageOfPage\":{\"@id\":\"https:\\\/\\\/www.vetorino.com\\\/boutique\\\/product\\\/tiquanis-habitat-spray-insectes-rampants\\\/#primaryimage\"},\"image\":{\"@id\":\"https:\\\/\\\/www.vetorino.com\\\/boutique\\\/product\\\/tiquanis-habitat-spray-insectes-rampants\\\/#primaryimage\"},\"thumbnailUrl\":\"https:\\\/\\\/www.vetorino.com\\\/boutique\\\/wp-content\\\/uploads\\\/2025\\\/09\\\/tiquanis-habitat-spray-insectes-rampants-et-parasites.webp\",\"datePublished\":\"2025-09-29T07:42:54+00:00\",\"dateModified\":\"2025-09-30T08:07:47+00:00\",\"description\":\"Tiquanis Habitat est un biocide (TP18) ayant une action imm\u00e9diate et prolong\u00e9e jusqu\u2019\u00e0 4 semaines. Tiquanis est destin\u00e9 \u00e0 d\u00e9truire les insectes rampants : blattes, cafards, fourmis, araign\u00e9es. Il permet \u00e9galement d\u2019\u00e9radiquer les parasites tels que puces et punaises de lit \u00e0 tous les stades de leur d\u00e9veloppement (\u0153ufs, larves, formes adultes), acariens de la poussi\u00e8re, poux, tiques, sarcoptes de la gale pr\u00e9sents dans votre habitat.\",\"breadcrumb\":{\"@id\":\"https:\\\/\\\/www.vetorino.com\\\/boutique\\\/product\\\/tiquanis-habitat-spray-insectes-rampants\\\/#breadcrumb\"},\"inLanguage\":\"fr-FR\",\"potentialAction\":[{\"@type\":\"ReadAction\",\"target\":[\"https:\\\/\\\/www.vetorino.com\\\/boutique\\\/product\\\/tiquanis-habitat-spray-insectes-rampants\\\/\"]}]},{\"@type\":\"ImageObject\",\"inLanguage\":\"fr-FR\",\"@id\":\"https:\\\/\\\/www.vetorino.com\\\/boutique\\\/product\\\/tiquanis-habitat-spray-insectes-rampants\\\/#primaryimage\",\"url\":\"https:\\\/\\\/www.vetorino.com\\\/boutique\\\/wp-content\\\/uploads\\\/2025\\\/09\\\/tiquanis-habitat-spray-insectes-rampants-et-parasites.webp\",\"contentUrl\":\"https:\\\/\\\/www.vetorino.com\\\/boutique\\\/wp-content\\\/uploads\\\/2025\\\/09\\\/tiquanis-habitat-spray-insectes-rampants-et-parasites.webp\",\"width\":800,\"height\":800},{\"@type\":\"BreadcrumbList\",\"@id\":\"https:\\\/\\\/www.vetorino.com\\\/boutique\\\/product\\\/tiquanis-habitat-spray-insectes-rampants\\\/#breadcrumb\",\"itemListElement\":[{\"@type\":\"ListItem\",\"position\":1,\"name\":\"Accueil\",\"item\":\"https:\\\/\\\/www.vetorino.com\\\/boutique\\\/\"},{\"@type\":\"ListItem\",\"position\":2,\"name\":\"Produits\",\"item\":\"https:\\\/\\\/www.vetorino.com\\\/boutique\\\/\"},{\"@type\":\"ListItem\",\"position\":3,\"name\":\"Tiquanis Habitat &#8211; Spray Insectes rampants et parasites\"}]},{\"@type\":\"WebSite\",\"@id\":\"https:\\\/\\\/www.vetorino.com\\\/boutique\\\/#website\",\"url\":\"https:\\\/\\\/www.vetorino.com\\\/boutique\\\/\",\"name\":\"V\u00e9torino\",\"description\":\"\",\"publisher\":{\"@id\":\"https:\\\/\\\/www.vetorino.com\\\/boutique\\\/#organization\"},\"potentialAction\":[{\"@type\":\"SearchAction\",\"target\":{\"@type\":\"EntryPoint\",\"urlTemplate\":\"https:\\\/\\\/www.vetorino.com\\\/boutique\\\/?s={search_term_string}\"},\"query-input\":{\"@type\":\"PropertyValueSpecification\",\"valueRequired\":true,\"valueName\":\"search_term_string\"}}],\"inLanguage\":\"fr-FR\"},{\"@type\":\"Organization\",\"@id\":\"https:\\\/\\\/www.vetorino.com\\\/boutique\\\/#organization\",\"name\":\"V\u00e9torino\",\"url\":\"https:\\\/\\\/www.vetorino.com\\\/boutique\\\/\",\"logo\":{\"@type\":\"ImageObject\",\"inLanguage\":\"fr-FR\",\"@id\":\"https:\\\/\\\/www.vetorino.com\\\/boutique\\\/#\\\/schema\\\/logo\\\/image\\\/\",\"url\":\"https:\\\/\\\/www.vetorino.com\\\/boutique\\\/wp-content\\\/uploads\\\/2024\\\/10\\\/logo.jpg\",\"contentUrl\":\"https:\\\/\\\/www.vetorino.com\\\/boutique\\\/wp-content\\\/uploads\\\/2024\\\/10\\\/logo.jpg\",\"width\":1200,\"height\":610,\"caption\":\"V\u00e9torino\"},\"image\":{\"@id\":\"https:\\\/\\\/www.vetorino.com\\\/boutique\\\/#\\\/schema\\\/logo\\\/image\\\/\"},\"sameAs\":[\"https:\\\/\\\/www.facebook.com\\\/Vetorino\\\/\",\"https:\\\/\\\/www.instagram.com\\\/vetorino_off\\\/\",\"https:\\\/\\\/www.linkedin.com\\\/company\\\/vtorino\\\/\"]}]}<\/script>\n<meta property=\"product:brand\" content=\"V\u00e9toquinol\" \/>\n<meta property=\"og:availability\" content=\"instock\" \/>\n<meta property=\"product:availability\" content=\"instock\" \/>\n<meta property=\"product:condition\" content=\"new\" \/>\n<!-- \/ Yoast SEO plugin. -->","yoast_head_json":{"title":"Tiquanis Habitat - Spray Insectes rampants et parasites V\u00e9toquinol - V\u00e9torino","description":"Tiquanis Habitat est un biocide (TP18) ayant une action imm\u00e9diate et prolong\u00e9e jusqu\u2019\u00e0 4 semaines.    Tiquanis est destin\u00e9 \u00e0 d\u00e9truire les insectes rampants : blattes, cafards, fourmis, araign\u00e9es.  Il permet \u00e9galement d\u2019\u00e9radiquer les parasites tels que puces et punaises de lit \u00e0 tous les stades de leur d\u00e9veloppement (\u0153ufs, larves, formes adultes), acariens de la poussi\u00e8re, poux, tiques, sarcoptes de la gale pr\u00e9sents dans votre habitat.","robots":{"index":"noindex","follow":"nofollow"},"og_locale":"fr_FR","og_type":"article","og_title":"Tiquanis Habitat - Spray Insectes rampants et parasites V\u00e9toquinol - V\u00e9torino","og_description":"Tiquanis Habitat est un biocide (TP18) ayant une action imm\u00e9diate et prolong\u00e9e jusqu\u2019\u00e0 4 semaines.    Tiquanis est destin\u00e9 \u00e0 d\u00e9truire les insectes rampants : blattes, cafards, fourmis, araign\u00e9es.  Il permet \u00e9galement d\u2019\u00e9radiquer les parasites tels que puces et punaises de lit \u00e0 tous les stades de leur d\u00e9veloppement (\u0153ufs, larves, formes adultes), acariens de la poussi\u00e8re, poux, tiques, sarcoptes de la gale pr\u00e9sents dans votre habitat.","og_url":"https:\/\/www.vetorino.com\/veterinaire\/pierrebenite-69310\/boutique\/product\/tiquanis-habitat-spray-insectes-rampants\/","og_site_name":"V\u00e9torino","article_publisher":"https:\/\/www.facebook.com\/Vetorino\/","article_modified_time":"2025-09-30T08:07:47+00:00","og_image":[{"width":800,"height":800,"url":"https:\/\/www.vetorino.com\/boutique\/wp-content\/uploads\/2025\/09\/tiquanis-habitat-spray-insectes-rampants-et-parasites.webp","type":"image\/webp"}],"twitter_card":"summary_large_image","twitter_misc":{"Disponibilit\u00e9":"En stock"},"schema":{"@context":"https:\/\/schema.org","@graph":[{"@type":"WebPage","@id":"https:\/\/www.vetorino.com\/boutique\/product\/tiquanis-habitat-spray-insectes-rampants\/","url":"https:\/\/www.vetorino.com\/boutique\/product\/tiquanis-habitat-spray-insectes-rampants\/","name":"Tiquanis Habitat - Spray Insectes rampants et parasites V\u00e9toquinol - V\u00e9torino","isPartOf":{"@id":"https:\/\/www.vetorino.com\/boutique\/#website"},"primaryImageOfPage":{"@id":"https:\/\/www.vetorino.com\/boutique\/product\/tiquanis-habitat-spray-insectes-rampants\/#primaryimage"},"image":{"@id":"https:\/\/www.vetorino.com\/boutique\/product\/tiquanis-habitat-spray-insectes-rampants\/#primaryimage"},"thumbnailUrl":"https:\/\/www.vetorino.com\/boutique\/wp-content\/uploads\/2025\/09\/tiquanis-habitat-spray-insectes-rampants-et-parasites.webp","datePublished":"2025-09-29T07:42:54+00:00","dateModified":"2025-09-30T08:07:47+00:00","description":"Tiquanis Habitat est un biocide (TP18) ayant une action imm\u00e9diate et prolong\u00e9e jusqu\u2019\u00e0 4 semaines. Tiquanis est destin\u00e9 \u00e0 d\u00e9truire les insectes rampants : blattes, cafards, fourmis, araign\u00e9es. Il permet \u00e9galement d\u2019\u00e9radiquer les parasites tels que puces et punaises de lit \u00e0 tous les stades de leur d\u00e9veloppement (\u0153ufs, larves, formes adultes), acariens de la poussi\u00e8re, poux, tiques, sarcoptes de la gale pr\u00e9sents dans votre habitat.","breadcrumb":{"@id":"https:\/\/www.vetorino.com\/boutique\/product\/tiquanis-habitat-spray-insectes-rampants\/#breadcrumb"},"inLanguage":"fr-FR","potentialAction":[{"@type":"ReadAction","target":["https:\/\/www.vetorino.com\/boutique\/product\/tiquanis-habitat-spray-insectes-rampants\/"]}]},{"@type":"ImageObject","inLanguage":"fr-FR","@id":"https:\/\/www.vetorino.com\/boutique\/product\/tiquanis-habitat-spray-insectes-rampants\/#primaryimage","url":"https:\/\/www.vetorino.com\/boutique\/wp-content\/uploads\/2025\/09\/tiquanis-habitat-spray-insectes-rampants-et-parasites.webp","contentUrl":"https:\/\/www.vetorino.com\/boutique\/wp-content\/uploads\/2025\/09\/tiquanis-habitat-spray-insectes-rampants-et-parasites.webp","width":800,"height":800},{"@type":"BreadcrumbList","@id":"https:\/\/www.vetorino.com\/boutique\/product\/tiquanis-habitat-spray-insectes-rampants\/#breadcrumb","itemListElement":[{"@type":"ListItem","position":1,"name":"Accueil","item":"https:\/\/www.vetorino.com\/boutique\/"},{"@type":"ListItem","position":2,"name":"Produits","item":"https:\/\/www.vetorino.com\/boutique\/"},{"@type":"ListItem","position":3,"name":"Tiquanis Habitat &#8211; Spray Insectes rampants et parasites"}]},{"@type":"WebSite","@id":"https:\/\/www.vetorino.com\/boutique\/#website","url":"https:\/\/www.vetorino.com\/boutique\/","name":"V\u00e9torino","description":"","publisher":{"@id":"https:\/\/www.vetorino.com\/boutique\/#organization"},"potentialAction":[{"@type":"SearchAction","target":{"@type":"EntryPoint","urlTemplate":"https:\/\/www.vetorino.com\/boutique\/?s={search_term_string}"},"query-input":{"@type":"PropertyValueSpecification","valueRequired":true,"valueName":"search_term_string"}}],"inLanguage":"fr-FR"},{"@type":"Organization","@id":"https:\/\/www.vetorino.com\/boutique\/#organization","name":"V\u00e9torino","url":"https:\/\/www.vetorino.com\/boutique\/","logo":{"@type":"ImageObject","inLanguage":"fr-FR","@id":"https:\/\/www.vetorino.com\/boutique\/#\/schema\/logo\/image\/","url":"https:\/\/www.vetorino.com\/boutique\/wp-content\/uploads\/2024\/10\/logo.jpg","contentUrl":"https:\/\/www.vetorino.com\/boutique\/wp-content\/uploads\/2024\/10\/logo.jpg","width":1200,"height":610,"caption":"V\u00e9torino"},"image":{"@id":"https:\/\/www.vetorino.com\/boutique\/#\/schema\/logo\/image\/"},"sameAs":["https:\/\/www.facebook.com\/Vetorino\/","https:\/\/www.instagram.com\/vetorino_off\/","https:\/\/www.linkedin.com\/company\/vtorino\/"]}]},"product_brand":"V\u00e9toquinol","og_availability":"instock","product_availability":"instock","product_condition":"new"},"_links":{"self":[{"href":"https:\/\/www.vetorino.com\/veterinaire\/pierrebenite-69310\/boutique\/wp-json\/wp\/v2\/product\/1508031","targetHints":{"allow":["GET"]}}],"collection":[{"href":"https:\/\/www.vetorino.com\/veterinaire\/pierrebenite-69310\/boutique\/wp-json\/wp\/v2\/product"}],"about":[{"href":"https:\/\/www.vetorino.com\/veterinaire\/pierrebenite-69310\/boutique\/wp-json\/wp\/v2\/types\/product"}],"wp:featuredmedia":[{"embeddable":true,"href":"https:\/\/www.vetorino.com\/veterinaire\/pierrebenite-69310\/boutique\/wp-json\/wp\/v2\/media\/1509505"}],"wp:attachment":[{"href":"https:\/\/www.vetorino.com\/veterinaire\/pierrebenite-69310\/boutique\/wp-json\/wp\/v2\/media?parent=1508031"}],"wp:term":[{"taxonomy":"product_cat","embeddable":true,"href":"https:\/\/www.vetorino.com\/veterinaire\/pierrebenite-69310\/boutique\/wp-json\/wp\/v2\/product_cat?post=1508031"},{"taxonomy":"product_tag","embeddable":true,"href":"https:\/\/www.vetorino.com\/veterinaire\/pierrebenite-69310\/boutique\/wp-json\/wp\/v2\/product_tag?post=1508031"}],"curies":[{"name":"wp","href":"https:\/\/api.w.org\/{rel}","templated":true}]}}