{"id":174495,"date":"2021-04-29T17:25:51","date_gmt":"2021-04-29T15:25:51","guid":{"rendered":"https:\/\/www.vetorino.com\/boutique\/product\/keriox-spray-assainissant-fl-200-ml\/"},"modified":"2024-02-07T11:33:17","modified_gmt":"2024-02-07T10:33:17","slug":"keriox-spray-assainissant-fl-200-ml","status":"publish","type":"product","link":"https:\/\/www.vetorino.com\/veterinaire\/pierrebenite-69310\/boutique\/product\/keriox-spray-assainissant-fl-200-ml\/","title":{"rendered":"Keriox Spray Assainissant"},"content":{"rendered":"<p><strong>Gel fluide en spray \u00e0 s\u00e9chage rapide qui hydrate, purifie et prot\u00e8ge les peaux fragilis\u00e9es et sensibles.<\/strong><\/p>\n<p><strong>Utilisation :<\/strong><\/p>\n<ul>\n<li>S&#8217;utilise sur le chien, le chat, le furet, le lapin et les petits rongeurs<\/li>\n<li>Infections cutan\u00e9es<\/li>\n<\/ul>\n<p><strong>Avantages :<\/strong><\/p>\n<ul>\n<li>Associe le complexe HaAg+ (acide hyaluronique + argent micronis\u00e9) \u00e0 un complexe argino-lipidique et permet de maintenir la peau de l\u2019animal dans un \u00e9tat sain sans d\u00e9truire l\u2019\u00e9cosyst\u00e8me cutan\u00e9e.<\/li>\n<li>Peut\u00a0s\u2019utiliser seul ou en compl\u00e9ment de KERIOX Shampoing Assainissant, en plus de traitements prescrits lors d\u2019infections cutan\u00e9es.<\/li>\n<\/ul>\n<p><strong>Mode d&#8217;emploi :<\/strong><\/p>\n<ul>\n<li>Agiter avant emploi<\/li>\n<li>Appliquer deux \u00e0 trois fois par jour selon les cas<\/li>\n<li>Pulv\u00e9riser \u00e0 20 cm maximum de la peau<\/li>\n<li>Laisser s\u00e9cher naturellement<\/li>\n<\/ul>\n","protected":false},"excerpt":{"rendered":"<p><strong>Gel fluide en spray \u00e0 s\u00e9chage rapide qui hydrate, purifie et prot\u00e8ge les peaux fragilis\u00e9es et sensibles.<\/strong><\/p>\n<p><strong>Utilisation :<\/strong><\/p>\n<ul>\n<li>S&#8217;utilise sur le chien, le chat, le furet, le lapin et les petits rongeurs<\/li>\n<li>Infections cutan\u00e9es<\/li>\n<\/ul>\n","protected":false},"featured_media":830658,"template":"","meta":[],"product_cat":[2727],"product_tag":[],"class_list":{"0":"post-174495","1":"product","2":"type-product","3":"status-publish","4":"has-post-thumbnail","6":"product_cat-nac","7":"pa_marque-osalia","9":"first","10":"instock","11":"taxable","12":"shipping-taxable","13":"purchasable","14":"product-type-simple"},"yoast_head":"<!-- This site is optimized with the Yoast SEO plugin v27.3 - https:\/\/yoast.com\/product\/yoast-seo-wordpress\/ -->\n<title>Keriox Spray Assainissant Osalia - V\u00e9torino<\/title>\n<meta name=\"description\" content=\"Gel fluide en spray \u00e0 s\u00e9chage rapide qui hydrate, purifie et prot\u00e8ge les peaux fragilis\u00e9es et sensibles.  Utilisation :   S&#039;utilise sur le chien, le chat, le furet, le lapin et les petits rongeurs  Infections cutan\u00e9es\" \/>\n<meta name=\"robots\" content=\"noindex, nofollow\" \/>\n<meta property=\"og:locale\" content=\"fr_FR\" \/>\n<meta property=\"og:type\" content=\"article\" \/>\n<meta property=\"og:title\" content=\"Keriox Spray Assainissant Osalia - V\u00e9torino\" \/>\n<meta property=\"og:description\" content=\"Gel fluide en spray \u00e0 s\u00e9chage rapide qui hydrate, purifie et prot\u00e8ge les peaux fragilis\u00e9es et sensibles.  Utilisation :   S&#039;utilise sur le chien, le chat, le furet, le lapin et les petits rongeurs  Infections cutan\u00e9es\" \/>\n<meta property=\"og:url\" content=\"https:\/\/www.vetorino.com\/veterinaire\/pierrebenite-69310\/boutique\/product\/keriox-spray-assainissant-fl-200-ml\/\" \/>\n<meta property=\"og:site_name\" content=\"V\u00e9torino\" \/>\n<meta property=\"article:publisher\" content=\"https:\/\/www.facebook.com\/Vetorino\/\" \/>\n<meta property=\"article:modified_time\" content=\"2024-02-07T10:33:17+00:00\" \/>\n<meta property=\"og:image\" content=\"https:\/\/www.vetorino.com\/boutique\/wp-content\/uploads\/2021\/04\/keriox-spray-assainissant.webp\" \/>\n\t<meta property=\"og:image:width\" content=\"540\" \/>\n\t<meta property=\"og:image:height\" content=\"540\" \/>\n\t<meta property=\"og:image:type\" content=\"image\/webp\" \/>\n<meta name=\"twitter:card\" content=\"summary_large_image\" \/>\n<meta name=\"twitter:label1\" content=\"Prix\" \/>\n\t<meta name=\"twitter:data1\" content=\"14,72&euro;\" \/>\n\t<meta name=\"twitter:label2\" content=\"Disponibilit\u00e9\" \/>\n\t<meta name=\"twitter:data2\" content=\"En stock\" \/>\n<script type=\"application\/ld+json\" class=\"yoast-schema-graph\">{\"@context\":\"https:\\\/\\\/schema.org\",\"@graph\":[{\"@type\":\"WebPage\",\"@id\":\"https:\\\/\\\/www.vetorino.com\\\/boutique\\\/product\\\/keriox-spray-assainissant-fl-200-ml\\\/\",\"url\":\"https:\\\/\\\/www.vetorino.com\\\/boutique\\\/product\\\/keriox-spray-assainissant-fl-200-ml\\\/\",\"name\":\"Keriox Spray Assainissant Osalia - V\u00e9torino\",\"isPartOf\":{\"@id\":\"https:\\\/\\\/www.vetorino.com\\\/boutique\\\/#website\"},\"primaryImageOfPage\":{\"@id\":\"https:\\\/\\\/www.vetorino.com\\\/boutique\\\/product\\\/keriox-spray-assainissant-fl-200-ml\\\/#primaryimage\"},\"image\":{\"@id\":\"https:\\\/\\\/www.vetorino.com\\\/boutique\\\/product\\\/keriox-spray-assainissant-fl-200-ml\\\/#primaryimage\"},\"thumbnailUrl\":\"https:\\\/\\\/www.vetorino.com\\\/boutique\\\/wp-content\\\/uploads\\\/2021\\\/04\\\/keriox-spray-assainissant.webp\",\"datePublished\":\"2021-04-29T15:25:51+00:00\",\"dateModified\":\"2024-02-07T10:33:17+00:00\",\"description\":\"Gel fluide en spray \u00e0 s\u00e9chage rapide qui hydrate, purifie et prot\u00e8ge les peaux fragilis\u00e9es et sensibles. Utilisation : S'utilise sur le chien, le chat, le furet, le lapin et les petits rongeurs Infections cutan\u00e9es\",\"breadcrumb\":{\"@id\":\"https:\\\/\\\/www.vetorino.com\\\/boutique\\\/product\\\/keriox-spray-assainissant-fl-200-ml\\\/#breadcrumb\"},\"inLanguage\":\"fr-FR\",\"potentialAction\":[{\"@type\":\"ReadAction\",\"target\":[\"https:\\\/\\\/www.vetorino.com\\\/boutique\\\/product\\\/keriox-spray-assainissant-fl-200-ml\\\/\"]}]},{\"@type\":\"ImageObject\",\"inLanguage\":\"fr-FR\",\"@id\":\"https:\\\/\\\/www.vetorino.com\\\/boutique\\\/product\\\/keriox-spray-assainissant-fl-200-ml\\\/#primaryimage\",\"url\":\"https:\\\/\\\/www.vetorino.com\\\/boutique\\\/wp-content\\\/uploads\\\/2021\\\/04\\\/keriox-spray-assainissant.webp\",\"contentUrl\":\"https:\\\/\\\/www.vetorino.com\\\/boutique\\\/wp-content\\\/uploads\\\/2021\\\/04\\\/keriox-spray-assainissant.webp\",\"width\":540,\"height\":540},{\"@type\":\"BreadcrumbList\",\"@id\":\"https:\\\/\\\/www.vetorino.com\\\/boutique\\\/product\\\/keriox-spray-assainissant-fl-200-ml\\\/#breadcrumb\",\"itemListElement\":[{\"@type\":\"ListItem\",\"position\":1,\"name\":\"Accueil\",\"item\":\"https:\\\/\\\/www.vetorino.com\\\/boutique\\\/\"},{\"@type\":\"ListItem\",\"position\":2,\"name\":\"Produits\",\"item\":\"https:\\\/\\\/www.vetorino.com\\\/boutique\\\/\"},{\"@type\":\"ListItem\",\"position\":3,\"name\":\"Keriox Spray Assainissant\"}]},{\"@type\":\"WebSite\",\"@id\":\"https:\\\/\\\/www.vetorino.com\\\/boutique\\\/#website\",\"url\":\"https:\\\/\\\/www.vetorino.com\\\/boutique\\\/\",\"name\":\"V\u00e9torino\",\"description\":\"\",\"publisher\":{\"@id\":\"https:\\\/\\\/www.vetorino.com\\\/boutique\\\/#organization\"},\"potentialAction\":[{\"@type\":\"SearchAction\",\"target\":{\"@type\":\"EntryPoint\",\"urlTemplate\":\"https:\\\/\\\/www.vetorino.com\\\/boutique\\\/?s={search_term_string}\"},\"query-input\":{\"@type\":\"PropertyValueSpecification\",\"valueRequired\":true,\"valueName\":\"search_term_string\"}}],\"inLanguage\":\"fr-FR\"},{\"@type\":\"Organization\",\"@id\":\"https:\\\/\\\/www.vetorino.com\\\/boutique\\\/#organization\",\"name\":\"V\u00e9torino\",\"url\":\"https:\\\/\\\/www.vetorino.com\\\/boutique\\\/\",\"logo\":{\"@type\":\"ImageObject\",\"inLanguage\":\"fr-FR\",\"@id\":\"https:\\\/\\\/www.vetorino.com\\\/boutique\\\/#\\\/schema\\\/logo\\\/image\\\/\",\"url\":\"https:\\\/\\\/www.vetorino.com\\\/boutique\\\/wp-content\\\/uploads\\\/2024\\\/10\\\/logo.jpg\",\"contentUrl\":\"https:\\\/\\\/www.vetorino.com\\\/boutique\\\/wp-content\\\/uploads\\\/2024\\\/10\\\/logo.jpg\",\"width\":1200,\"height\":610,\"caption\":\"V\u00e9torino\"},\"image\":{\"@id\":\"https:\\\/\\\/www.vetorino.com\\\/boutique\\\/#\\\/schema\\\/logo\\\/image\\\/\"},\"sameAs\":[\"https:\\\/\\\/www.facebook.com\\\/Vetorino\\\/\",\"https:\\\/\\\/www.instagram.com\\\/vetorino_off\\\/\",\"https:\\\/\\\/www.linkedin.com\\\/company\\\/vtorino\\\/\"]}]}<\/script>\n<meta property=\"product:brand\" content=\"Osalia\" \/>\n<meta property=\"product:price:amount\" content=\"14.72\" \/>\n<meta property=\"product:price:currency\" content=\"EUR\" \/>\n<meta property=\"og:availability\" content=\"instock\" \/>\n<meta property=\"product:availability\" content=\"instock\" \/>\n<meta property=\"product:retailer_item_id\" content=\"A-1838150\" \/>\n<meta property=\"product:condition\" content=\"new\" \/>\n<!-- \/ Yoast SEO plugin. -->","yoast_head_json":{"title":"Keriox Spray Assainissant Osalia - V\u00e9torino","description":"Gel fluide en spray \u00e0 s\u00e9chage rapide qui hydrate, purifie et prot\u00e8ge les peaux fragilis\u00e9es et sensibles.  Utilisation :   S'utilise sur le chien, le chat, le furet, le lapin et les petits rongeurs  Infections cutan\u00e9es","robots":{"index":"noindex","follow":"nofollow"},"og_locale":"fr_FR","og_type":"article","og_title":"Keriox Spray Assainissant Osalia - V\u00e9torino","og_description":"Gel fluide en spray \u00e0 s\u00e9chage rapide qui hydrate, purifie et prot\u00e8ge les peaux fragilis\u00e9es et sensibles.  Utilisation :   S'utilise sur le chien, le chat, le furet, le lapin et les petits rongeurs  Infections cutan\u00e9es","og_url":"https:\/\/www.vetorino.com\/veterinaire\/pierrebenite-69310\/boutique\/product\/keriox-spray-assainissant-fl-200-ml\/","og_site_name":"V\u00e9torino","article_publisher":"https:\/\/www.facebook.com\/Vetorino\/","article_modified_time":"2024-02-07T10:33:17+00:00","og_image":[{"width":540,"height":540,"url":"https:\/\/www.vetorino.com\/boutique\/wp-content\/uploads\/2021\/04\/keriox-spray-assainissant.webp","type":"image\/webp"}],"twitter_card":"summary_large_image","twitter_misc":{"Prix":"14,72&euro;","Disponibilit\u00e9":"En stock"},"schema":{"@context":"https:\/\/schema.org","@graph":[{"@type":"WebPage","@id":"https:\/\/www.vetorino.com\/boutique\/product\/keriox-spray-assainissant-fl-200-ml\/","url":"https:\/\/www.vetorino.com\/boutique\/product\/keriox-spray-assainissant-fl-200-ml\/","name":"Keriox Spray Assainissant Osalia - V\u00e9torino","isPartOf":{"@id":"https:\/\/www.vetorino.com\/boutique\/#website"},"primaryImageOfPage":{"@id":"https:\/\/www.vetorino.com\/boutique\/product\/keriox-spray-assainissant-fl-200-ml\/#primaryimage"},"image":{"@id":"https:\/\/www.vetorino.com\/boutique\/product\/keriox-spray-assainissant-fl-200-ml\/#primaryimage"},"thumbnailUrl":"https:\/\/www.vetorino.com\/boutique\/wp-content\/uploads\/2021\/04\/keriox-spray-assainissant.webp","datePublished":"2021-04-29T15:25:51+00:00","dateModified":"2024-02-07T10:33:17+00:00","description":"Gel fluide en spray \u00e0 s\u00e9chage rapide qui hydrate, purifie et prot\u00e8ge les peaux fragilis\u00e9es et sensibles. Utilisation : S'utilise sur le chien, le chat, le furet, le lapin et les petits rongeurs Infections cutan\u00e9es","breadcrumb":{"@id":"https:\/\/www.vetorino.com\/boutique\/product\/keriox-spray-assainissant-fl-200-ml\/#breadcrumb"},"inLanguage":"fr-FR","potentialAction":[{"@type":"ReadAction","target":["https:\/\/www.vetorino.com\/boutique\/product\/keriox-spray-assainissant-fl-200-ml\/"]}]},{"@type":"ImageObject","inLanguage":"fr-FR","@id":"https:\/\/www.vetorino.com\/boutique\/product\/keriox-spray-assainissant-fl-200-ml\/#primaryimage","url":"https:\/\/www.vetorino.com\/boutique\/wp-content\/uploads\/2021\/04\/keriox-spray-assainissant.webp","contentUrl":"https:\/\/www.vetorino.com\/boutique\/wp-content\/uploads\/2021\/04\/keriox-spray-assainissant.webp","width":540,"height":540},{"@type":"BreadcrumbList","@id":"https:\/\/www.vetorino.com\/boutique\/product\/keriox-spray-assainissant-fl-200-ml\/#breadcrumb","itemListElement":[{"@type":"ListItem","position":1,"name":"Accueil","item":"https:\/\/www.vetorino.com\/boutique\/"},{"@type":"ListItem","position":2,"name":"Produits","item":"https:\/\/www.vetorino.com\/boutique\/"},{"@type":"ListItem","position":3,"name":"Keriox Spray Assainissant"}]},{"@type":"WebSite","@id":"https:\/\/www.vetorino.com\/boutique\/#website","url":"https:\/\/www.vetorino.com\/boutique\/","name":"V\u00e9torino","description":"","publisher":{"@id":"https:\/\/www.vetorino.com\/boutique\/#organization"},"potentialAction":[{"@type":"SearchAction","target":{"@type":"EntryPoint","urlTemplate":"https:\/\/www.vetorino.com\/boutique\/?s={search_term_string}"},"query-input":{"@type":"PropertyValueSpecification","valueRequired":true,"valueName":"search_term_string"}}],"inLanguage":"fr-FR"},{"@type":"Organization","@id":"https:\/\/www.vetorino.com\/boutique\/#organization","name":"V\u00e9torino","url":"https:\/\/www.vetorino.com\/boutique\/","logo":{"@type":"ImageObject","inLanguage":"fr-FR","@id":"https:\/\/www.vetorino.com\/boutique\/#\/schema\/logo\/image\/","url":"https:\/\/www.vetorino.com\/boutique\/wp-content\/uploads\/2024\/10\/logo.jpg","contentUrl":"https:\/\/www.vetorino.com\/boutique\/wp-content\/uploads\/2024\/10\/logo.jpg","width":1200,"height":610,"caption":"V\u00e9torino"},"image":{"@id":"https:\/\/www.vetorino.com\/boutique\/#\/schema\/logo\/image\/"},"sameAs":["https:\/\/www.facebook.com\/Vetorino\/","https:\/\/www.instagram.com\/vetorino_off\/","https:\/\/www.linkedin.com\/company\/vtorino\/"]}]},"product_brand":"Osalia","product_price_amount":"14.72","product_price_currency":"EUR","og_availability":"instock","product_availability":"instock","product_retailer_item_id":"A-1838150","product_condition":"new"},"_links":{"self":[{"href":"https:\/\/www.vetorino.com\/veterinaire\/pierrebenite-69310\/boutique\/wp-json\/wp\/v2\/product\/174495","targetHints":{"allow":["GET"]}}],"collection":[{"href":"https:\/\/www.vetorino.com\/veterinaire\/pierrebenite-69310\/boutique\/wp-json\/wp\/v2\/product"}],"about":[{"href":"https:\/\/www.vetorino.com\/veterinaire\/pierrebenite-69310\/boutique\/wp-json\/wp\/v2\/types\/product"}],"wp:featuredmedia":[{"embeddable":true,"href":"https:\/\/www.vetorino.com\/veterinaire\/pierrebenite-69310\/boutique\/wp-json\/wp\/v2\/media\/830658"}],"wp:attachment":[{"href":"https:\/\/www.vetorino.com\/veterinaire\/pierrebenite-69310\/boutique\/wp-json\/wp\/v2\/media?parent=174495"}],"wp:term":[{"taxonomy":"product_cat","embeddable":true,"href":"https:\/\/www.vetorino.com\/veterinaire\/pierrebenite-69310\/boutique\/wp-json\/wp\/v2\/product_cat?post=174495"},{"taxonomy":"product_tag","embeddable":true,"href":"https:\/\/www.vetorino.com\/veterinaire\/pierrebenite-69310\/boutique\/wp-json\/wp\/v2\/product_tag?post=174495"}],"curies":[{"name":"wp","href":"https:\/\/api.w.org\/{rel}","templated":true}]}}