{"id":187153,"date":"2021-05-31T20:32:40","date_gmt":"2021-05-31T18:32:40","guid":{"rendered":"https:\/\/www.vetorino.com\/boutique\/product\/biove-phos-gel-oral\/"},"modified":"2025-07-24T15:28:54","modified_gmt":"2025-07-24T13:28:54","slug":"biove-phos-gel-oral","status":"publish","type":"product","link":"https:\/\/www.vetorino.com\/veterinaire\/pierrebenite-69310\/boutique\/product\/biove-phos-gel-oral\/","title":{"rendered":"Biove Phos Gel"},"content":{"rendered":"<p><strong>Biove Phos \u2013 Gel Oral en Phosphore et Calcium pour Vaches Laiti\u00e8res<\/strong><\/p>\n<p>Biove Phos est un gel oral sp\u00e9cialement con\u00e7u pour r\u00e9pondre aux besoins nutritionnels des vaches laiti\u00e8res.<\/p>\n<p>Il <strong>favorise une pr\u00e9paration optimale \u00e0 l\u2019\u0153strus et \u00e0 la reproduction<\/strong>, tout en r\u00e9duisant les risques de d\u00e9ficits en phosphore et calcium.<\/p>\n<p>Ce compl\u00e9ment essentiel <strong>soutient la sant\u00e9 et la productivit\u00e9 des vaches laiti\u00e8res lors des p\u00e9riodes critiques<\/strong>, garantissant un bien-\u00eatre et des performances optimales.<\/p>\n<p>&nbsp;<\/p>\n","protected":false},"excerpt":{"rendered":"<p><strong>Biove Phos \u2013 Gel Oral en Phosphore et Calcium pour Vaches Laiti\u00e8res<\/strong><\/p>\n<p>Biove Phos est un gel oral sp\u00e9cialement con\u00e7u pour r\u00e9pondre aux besoins nutritionnels des vaches laiti\u00e8res.<\/p>\n<p>Il <strong>favorise une pr\u00e9paration optimale \u00e0 l\u2019\u0153strus et \u00e0 la reproduction<\/strong>, tout en r\u00e9duisant les risques de d\u00e9ficits en phosphore et calcium.<\/p>\n<p>Ce compl\u00e9ment essentiel <strong>soutient la sant\u00e9 et la productivit\u00e9 des vaches laiti\u00e8res lors des p\u00e9riodes critiques<\/strong>, garantissant un bien-\u00eatre et des performances optimales.<\/p>\n","protected":false},"featured_media":1426448,"template":"","meta":[],"product_cat":[6864,6870],"product_tag":[],"class_list":{"0":"post-187153","1":"product","2":"type-product","3":"status-publish","4":"has-post-thumbnail","6":"product_cat-animaux-delevage","7":"product_cat-bovins","8":"pa_marque-biove","10":"first","11":"instock","12":"taxable","13":"shipping-taxable","14":"purchasable","15":"product-type-simple"},"yoast_head":"<!-- This site is optimized with the Yoast SEO plugin v27.3 - https:\/\/yoast.com\/product\/yoast-seo-wordpress\/ -->\n<title>Biove Phos Gel Biove - V\u00e9torino<\/title>\n<meta name=\"description\" content=\"Biove Phos \u2013 Gel Oral en Phosphore et Calcium pour Vaches Laiti\u00e8res  Biove Phos est un gel oral sp\u00e9cialement con\u00e7u pour r\u00e9pondre aux besoins nutritionnels des vaches laiti\u00e8res.  Il favorise une pr\u00e9paration optimale \u00e0 l\u2019\u0153strus et \u00e0 la reproduction, tout en r\u00e9duisant les risques de d\u00e9ficits en phosphore et calcium.  Ce compl\u00e9ment essentiel soutient la sant\u00e9 et la productivit\u00e9 des vaches laiti\u00e8res lors des p\u00e9riodes critiques, garantissant un bien-\u00eatre et des performances optimales.\" \/>\n<meta name=\"robots\" content=\"noindex, nofollow\" \/>\n<meta property=\"og:locale\" content=\"fr_FR\" \/>\n<meta property=\"og:type\" content=\"article\" \/>\n<meta property=\"og:title\" content=\"Biove Phos Gel Biove - V\u00e9torino\" \/>\n<meta property=\"og:description\" content=\"Biove Phos \u2013 Gel Oral en Phosphore et Calcium pour Vaches Laiti\u00e8res  Biove Phos est un gel oral sp\u00e9cialement con\u00e7u pour r\u00e9pondre aux besoins nutritionnels des vaches laiti\u00e8res.  Il favorise une pr\u00e9paration optimale \u00e0 l\u2019\u0153strus et \u00e0 la reproduction, tout en r\u00e9duisant les risques de d\u00e9ficits en phosphore et calcium.  Ce compl\u00e9ment essentiel soutient la sant\u00e9 et la productivit\u00e9 des vaches laiti\u00e8res lors des p\u00e9riodes critiques, garantissant un bien-\u00eatre et des performances optimales.\" \/>\n<meta property=\"og:url\" content=\"https:\/\/www.vetorino.com\/veterinaire\/pierrebenite-69310\/boutique\/product\/biove-phos-gel-oral\/\" \/>\n<meta property=\"og:site_name\" content=\"V\u00e9torino\" \/>\n<meta property=\"article:publisher\" content=\"https:\/\/www.facebook.com\/Vetorino\/\" \/>\n<meta property=\"article:modified_time\" content=\"2025-07-24T13:28:54+00:00\" \/>\n<meta property=\"og:image\" content=\"https:\/\/www.vetorino.com\/boutique\/wp-content\/uploads\/2021\/05\/Biove-Phos-500ml-\u2013-Complement-nutritionnel-pour-vaches-laitieres.jpg\" \/>\n\t<meta property=\"og:image:width\" content=\"800\" \/>\n\t<meta property=\"og:image:height\" content=\"800\" \/>\n\t<meta property=\"og:image:type\" content=\"image\/jpeg\" \/>\n<meta name=\"twitter:card\" content=\"summary_large_image\" \/>\n<meta name=\"twitter:label1\" content=\"Prix\" \/>\n\t<meta name=\"twitter:data1\" content=\"17,83&euro;\" \/>\n\t<meta name=\"twitter:label2\" content=\"Disponibilit\u00e9\" \/>\n\t<meta name=\"twitter:data2\" content=\"En stock\" \/>\n<script type=\"application\/ld+json\" class=\"yoast-schema-graph\">{\"@context\":\"https:\\\/\\\/schema.org\",\"@graph\":[{\"@type\":\"WebPage\",\"@id\":\"https:\\\/\\\/www.vetorino.com\\\/boutique\\\/product\\\/biove-phos-gel-oral\\\/\",\"url\":\"https:\\\/\\\/www.vetorino.com\\\/boutique\\\/product\\\/biove-phos-gel-oral\\\/\",\"name\":\"Biove Phos Gel Biove - V\u00e9torino\",\"isPartOf\":{\"@id\":\"https:\\\/\\\/www.vetorino.com\\\/boutique\\\/#website\"},\"primaryImageOfPage\":{\"@id\":\"https:\\\/\\\/www.vetorino.com\\\/boutique\\\/product\\\/biove-phos-gel-oral\\\/#primaryimage\"},\"image\":{\"@id\":\"https:\\\/\\\/www.vetorino.com\\\/boutique\\\/product\\\/biove-phos-gel-oral\\\/#primaryimage\"},\"thumbnailUrl\":\"https:\\\/\\\/www.vetorino.com\\\/boutique\\\/wp-content\\\/uploads\\\/2021\\\/05\\\/Biove-Phos-500ml-\u2013-Complement-nutritionnel-pour-vaches-laitieres.jpg\",\"datePublished\":\"2021-05-31T18:32:40+00:00\",\"dateModified\":\"2025-07-24T13:28:54+00:00\",\"description\":\"Biove Phos \u2013 Gel Oral en Phosphore et Calcium pour Vaches Laiti\u00e8res Biove Phos est un gel oral sp\u00e9cialement con\u00e7u pour r\u00e9pondre aux besoins nutritionnels des vaches laiti\u00e8res. Il favorise une pr\u00e9paration optimale \u00e0 l\u2019\u0153strus et \u00e0 la reproduction, tout en r\u00e9duisant les risques de d\u00e9ficits en phosphore et calcium. Ce compl\u00e9ment essentiel soutient la sant\u00e9 et la productivit\u00e9 des vaches laiti\u00e8res lors des p\u00e9riodes critiques, garantissant un bien-\u00eatre et des performances optimales.\",\"breadcrumb\":{\"@id\":\"https:\\\/\\\/www.vetorino.com\\\/boutique\\\/product\\\/biove-phos-gel-oral\\\/#breadcrumb\"},\"inLanguage\":\"fr-FR\",\"potentialAction\":[{\"@type\":\"ReadAction\",\"target\":[\"https:\\\/\\\/www.vetorino.com\\\/boutique\\\/product\\\/biove-phos-gel-oral\\\/\"]}]},{\"@type\":\"ImageObject\",\"inLanguage\":\"fr-FR\",\"@id\":\"https:\\\/\\\/www.vetorino.com\\\/boutique\\\/product\\\/biove-phos-gel-oral\\\/#primaryimage\",\"url\":\"https:\\\/\\\/www.vetorino.com\\\/boutique\\\/wp-content\\\/uploads\\\/2021\\\/05\\\/Biove-Phos-500ml-\u2013-Complement-nutritionnel-pour-vaches-laitieres.jpg\",\"contentUrl\":\"https:\\\/\\\/www.vetorino.com\\\/boutique\\\/wp-content\\\/uploads\\\/2021\\\/05\\\/Biove-Phos-500ml-\u2013-Complement-nutritionnel-pour-vaches-laitieres.jpg\",\"width\":800,\"height\":800},{\"@type\":\"BreadcrumbList\",\"@id\":\"https:\\\/\\\/www.vetorino.com\\\/boutique\\\/product\\\/biove-phos-gel-oral\\\/#breadcrumb\",\"itemListElement\":[{\"@type\":\"ListItem\",\"position\":1,\"name\":\"Accueil\",\"item\":\"https:\\\/\\\/www.vetorino.com\\\/boutique\\\/\"},{\"@type\":\"ListItem\",\"position\":2,\"name\":\"Produits\",\"item\":\"https:\\\/\\\/www.vetorino.com\\\/boutique\\\/\"},{\"@type\":\"ListItem\",\"position\":3,\"name\":\"Biove Phos Gel\"}]},{\"@type\":\"WebSite\",\"@id\":\"https:\\\/\\\/www.vetorino.com\\\/boutique\\\/#website\",\"url\":\"https:\\\/\\\/www.vetorino.com\\\/boutique\\\/\",\"name\":\"V\u00e9torino\",\"description\":\"\",\"publisher\":{\"@id\":\"https:\\\/\\\/www.vetorino.com\\\/boutique\\\/#organization\"},\"potentialAction\":[{\"@type\":\"SearchAction\",\"target\":{\"@type\":\"EntryPoint\",\"urlTemplate\":\"https:\\\/\\\/www.vetorino.com\\\/boutique\\\/?s={search_term_string}\"},\"query-input\":{\"@type\":\"PropertyValueSpecification\",\"valueRequired\":true,\"valueName\":\"search_term_string\"}}],\"inLanguage\":\"fr-FR\"},{\"@type\":\"Organization\",\"@id\":\"https:\\\/\\\/www.vetorino.com\\\/boutique\\\/#organization\",\"name\":\"V\u00e9torino\",\"url\":\"https:\\\/\\\/www.vetorino.com\\\/boutique\\\/\",\"logo\":{\"@type\":\"ImageObject\",\"inLanguage\":\"fr-FR\",\"@id\":\"https:\\\/\\\/www.vetorino.com\\\/boutique\\\/#\\\/schema\\\/logo\\\/image\\\/\",\"url\":\"https:\\\/\\\/www.vetorino.com\\\/boutique\\\/wp-content\\\/uploads\\\/2024\\\/10\\\/logo.jpg\",\"contentUrl\":\"https:\\\/\\\/www.vetorino.com\\\/boutique\\\/wp-content\\\/uploads\\\/2024\\\/10\\\/logo.jpg\",\"width\":1200,\"height\":610,\"caption\":\"V\u00e9torino\"},\"image\":{\"@id\":\"https:\\\/\\\/www.vetorino.com\\\/boutique\\\/#\\\/schema\\\/logo\\\/image\\\/\"},\"sameAs\":[\"https:\\\/\\\/www.facebook.com\\\/Vetorino\\\/\",\"https:\\\/\\\/www.instagram.com\\\/vetorino_off\\\/\",\"https:\\\/\\\/www.linkedin.com\\\/company\\\/vtorino\\\/\"]}]}<\/script>\n<meta property=\"product:brand\" content=\"Biove\" \/>\n<meta property=\"product:price:amount\" content=\"17.83\" \/>\n<meta property=\"product:price:currency\" content=\"EUR\" \/>\n<meta property=\"og:availability\" content=\"instock\" \/>\n<meta property=\"product:availability\" content=\"instock\" \/>\n<meta property=\"product:retailer_item_id\" content=\"A-7629818\" \/>\n<meta property=\"product:condition\" content=\"new\" \/>\n<!-- \/ Yoast SEO plugin. -->","yoast_head_json":{"title":"Biove Phos Gel Biove - V\u00e9torino","description":"Biove Phos \u2013 Gel Oral en Phosphore et Calcium pour Vaches Laiti\u00e8res  Biove Phos est un gel oral sp\u00e9cialement con\u00e7u pour r\u00e9pondre aux besoins nutritionnels des vaches laiti\u00e8res.  Il favorise une pr\u00e9paration optimale \u00e0 l\u2019\u0153strus et \u00e0 la reproduction, tout en r\u00e9duisant les risques de d\u00e9ficits en phosphore et calcium.  Ce compl\u00e9ment essentiel soutient la sant\u00e9 et la productivit\u00e9 des vaches laiti\u00e8res lors des p\u00e9riodes critiques, garantissant un bien-\u00eatre et des performances optimales.","robots":{"index":"noindex","follow":"nofollow"},"og_locale":"fr_FR","og_type":"article","og_title":"Biove Phos Gel Biove - V\u00e9torino","og_description":"Biove Phos \u2013 Gel Oral en Phosphore et Calcium pour Vaches Laiti\u00e8res  Biove Phos est un gel oral sp\u00e9cialement con\u00e7u pour r\u00e9pondre aux besoins nutritionnels des vaches laiti\u00e8res.  Il favorise une pr\u00e9paration optimale \u00e0 l\u2019\u0153strus et \u00e0 la reproduction, tout en r\u00e9duisant les risques de d\u00e9ficits en phosphore et calcium.  Ce compl\u00e9ment essentiel soutient la sant\u00e9 et la productivit\u00e9 des vaches laiti\u00e8res lors des p\u00e9riodes critiques, garantissant un bien-\u00eatre et des performances optimales.","og_url":"https:\/\/www.vetorino.com\/veterinaire\/pierrebenite-69310\/boutique\/product\/biove-phos-gel-oral\/","og_site_name":"V\u00e9torino","article_publisher":"https:\/\/www.facebook.com\/Vetorino\/","article_modified_time":"2025-07-24T13:28:54+00:00","og_image":[{"width":800,"height":800,"url":"https:\/\/www.vetorino.com\/boutique\/wp-content\/uploads\/2021\/05\/Biove-Phos-500ml-\u2013-Complement-nutritionnel-pour-vaches-laitieres.jpg","type":"image\/jpeg"}],"twitter_card":"summary_large_image","twitter_misc":{"Prix":"17,83&euro;","Disponibilit\u00e9":"En stock"},"schema":{"@context":"https:\/\/schema.org","@graph":[{"@type":"WebPage","@id":"https:\/\/www.vetorino.com\/boutique\/product\/biove-phos-gel-oral\/","url":"https:\/\/www.vetorino.com\/boutique\/product\/biove-phos-gel-oral\/","name":"Biove Phos Gel Biove - V\u00e9torino","isPartOf":{"@id":"https:\/\/www.vetorino.com\/boutique\/#website"},"primaryImageOfPage":{"@id":"https:\/\/www.vetorino.com\/boutique\/product\/biove-phos-gel-oral\/#primaryimage"},"image":{"@id":"https:\/\/www.vetorino.com\/boutique\/product\/biove-phos-gel-oral\/#primaryimage"},"thumbnailUrl":"https:\/\/www.vetorino.com\/boutique\/wp-content\/uploads\/2021\/05\/Biove-Phos-500ml-\u2013-Complement-nutritionnel-pour-vaches-laitieres.jpg","datePublished":"2021-05-31T18:32:40+00:00","dateModified":"2025-07-24T13:28:54+00:00","description":"Biove Phos \u2013 Gel Oral en Phosphore et Calcium pour Vaches Laiti\u00e8res Biove Phos est un gel oral sp\u00e9cialement con\u00e7u pour r\u00e9pondre aux besoins nutritionnels des vaches laiti\u00e8res. Il favorise une pr\u00e9paration optimale \u00e0 l\u2019\u0153strus et \u00e0 la reproduction, tout en r\u00e9duisant les risques de d\u00e9ficits en phosphore et calcium. Ce compl\u00e9ment essentiel soutient la sant\u00e9 et la productivit\u00e9 des vaches laiti\u00e8res lors des p\u00e9riodes critiques, garantissant un bien-\u00eatre et des performances optimales.","breadcrumb":{"@id":"https:\/\/www.vetorino.com\/boutique\/product\/biove-phos-gel-oral\/#breadcrumb"},"inLanguage":"fr-FR","potentialAction":[{"@type":"ReadAction","target":["https:\/\/www.vetorino.com\/boutique\/product\/biove-phos-gel-oral\/"]}]},{"@type":"ImageObject","inLanguage":"fr-FR","@id":"https:\/\/www.vetorino.com\/boutique\/product\/biove-phos-gel-oral\/#primaryimage","url":"https:\/\/www.vetorino.com\/boutique\/wp-content\/uploads\/2021\/05\/Biove-Phos-500ml-\u2013-Complement-nutritionnel-pour-vaches-laitieres.jpg","contentUrl":"https:\/\/www.vetorino.com\/boutique\/wp-content\/uploads\/2021\/05\/Biove-Phos-500ml-\u2013-Complement-nutritionnel-pour-vaches-laitieres.jpg","width":800,"height":800},{"@type":"BreadcrumbList","@id":"https:\/\/www.vetorino.com\/boutique\/product\/biove-phos-gel-oral\/#breadcrumb","itemListElement":[{"@type":"ListItem","position":1,"name":"Accueil","item":"https:\/\/www.vetorino.com\/boutique\/"},{"@type":"ListItem","position":2,"name":"Produits","item":"https:\/\/www.vetorino.com\/boutique\/"},{"@type":"ListItem","position":3,"name":"Biove Phos Gel"}]},{"@type":"WebSite","@id":"https:\/\/www.vetorino.com\/boutique\/#website","url":"https:\/\/www.vetorino.com\/boutique\/","name":"V\u00e9torino","description":"","publisher":{"@id":"https:\/\/www.vetorino.com\/boutique\/#organization"},"potentialAction":[{"@type":"SearchAction","target":{"@type":"EntryPoint","urlTemplate":"https:\/\/www.vetorino.com\/boutique\/?s={search_term_string}"},"query-input":{"@type":"PropertyValueSpecification","valueRequired":true,"valueName":"search_term_string"}}],"inLanguage":"fr-FR"},{"@type":"Organization","@id":"https:\/\/www.vetorino.com\/boutique\/#organization","name":"V\u00e9torino","url":"https:\/\/www.vetorino.com\/boutique\/","logo":{"@type":"ImageObject","inLanguage":"fr-FR","@id":"https:\/\/www.vetorino.com\/boutique\/#\/schema\/logo\/image\/","url":"https:\/\/www.vetorino.com\/boutique\/wp-content\/uploads\/2024\/10\/logo.jpg","contentUrl":"https:\/\/www.vetorino.com\/boutique\/wp-content\/uploads\/2024\/10\/logo.jpg","width":1200,"height":610,"caption":"V\u00e9torino"},"image":{"@id":"https:\/\/www.vetorino.com\/boutique\/#\/schema\/logo\/image\/"},"sameAs":["https:\/\/www.facebook.com\/Vetorino\/","https:\/\/www.instagram.com\/vetorino_off\/","https:\/\/www.linkedin.com\/company\/vtorino\/"]}]},"product_brand":"Biove","product_price_amount":"17.83","product_price_currency":"EUR","og_availability":"instock","product_availability":"instock","product_retailer_item_id":"A-7629818","product_condition":"new"},"_links":{"self":[{"href":"https:\/\/www.vetorino.com\/veterinaire\/pierrebenite-69310\/boutique\/wp-json\/wp\/v2\/product\/187153","targetHints":{"allow":["GET"]}}],"collection":[{"href":"https:\/\/www.vetorino.com\/veterinaire\/pierrebenite-69310\/boutique\/wp-json\/wp\/v2\/product"}],"about":[{"href":"https:\/\/www.vetorino.com\/veterinaire\/pierrebenite-69310\/boutique\/wp-json\/wp\/v2\/types\/product"}],"wp:featuredmedia":[{"embeddable":true,"href":"https:\/\/www.vetorino.com\/veterinaire\/pierrebenite-69310\/boutique\/wp-json\/wp\/v2\/media\/1426448"}],"wp:attachment":[{"href":"https:\/\/www.vetorino.com\/veterinaire\/pierrebenite-69310\/boutique\/wp-json\/wp\/v2\/media?parent=187153"}],"wp:term":[{"taxonomy":"product_cat","embeddable":true,"href":"https:\/\/www.vetorino.com\/veterinaire\/pierrebenite-69310\/boutique\/wp-json\/wp\/v2\/product_cat?post=187153"},{"taxonomy":"product_tag","embeddable":true,"href":"https:\/\/www.vetorino.com\/veterinaire\/pierrebenite-69310\/boutique\/wp-json\/wp\/v2\/product_tag?post=187153"}],"curies":[{"name":"wp","href":"https:\/\/api.w.org\/{rel}","templated":true}]}}