{"id":187228,"date":"2021-05-31T20:34:48","date_gmt":"2021-05-31T18:34:48","guid":{"rendered":"https:\/\/www.vetorino.com\/boutique\/product\/drench-vel\/"},"modified":"2025-07-29T12:04:23","modified_gmt":"2025-07-29T10:04:23","slug":"drench-vel","status":"publish","type":"product","link":"https:\/\/www.vetorino.com\/veterinaire\/pierrebenite-69310\/boutique\/product\/drench-vel\/","title":{"rendered":"Drench Part"},"content":{"rendered":"<p>Formulation ad\u00e9quate pour<strong> g\u00e9rer les d\u00e9ficits en macro-\u00e9l\u00e9ments<\/strong> et<strong> assurer un bon d\u00e9marrage en lactation.<\/strong><\/p>\n<p>Drench Part apporte des \u00e9lectrolytes (K+, Na+, Ca2+, Mg2+, PO42-, Cl-) selon les recommandations en vigueur.<\/p>\n<p>Ces \u00e9lectrolytes se pr\u00e9sentent sous forme tr\u00e8s soluble, ce qui les rend particuli\u00e8rement bien <strong>assimilable par l&#8217;animal<\/strong>. Administr\u00e9 par drenchage avec 30 \u00e0 45L d&#8217;eau ti\u00e8de, il <strong>permet de compenser les pertes de fluide et d&#8217;\u00e9lectrolytes li\u00e9es \u00e0 la mise-bas.<\/strong><\/p>\n<p><strong>Demander conseil \u00e0 un v\u00e9t\u00e9rinaire avant utilisation.<\/strong><\/p>\n","protected":false},"excerpt":{"rendered":"<p>Formulation ad\u00e9quate pour<strong> g\u00e9rer les d\u00e9ficits en macro-\u00e9l\u00e9ments<\/strong> et<strong> assurer un bon d\u00e9marrage en lactation.<\/strong><\/p>\n<p>Drench Part apporte des \u00e9lectrolytes (K+, Na+, Ca2+, Mg2+, PO42-, Cl-) selon les recommandations en vigueur.<\/p>\n<p>Ces \u00e9lectrolytes se pr\u00e9sentent sous forme tr\u00e8s soluble, ce qui les rend particuli\u00e8rement bien <strong>assimilable par l&#8217;animal<\/strong>. Administr\u00e9 par drenchage avec 30 \u00e0 45L d&#8217;eau ti\u00e8de, il <strong>permet de compenser les pertes de fluide et d&#8217;\u00e9lectrolytes li\u00e9es \u00e0 la mise-bas.<\/strong><\/p>\n<p><strong>Demander conseil \u00e0 un v\u00e9t\u00e9rinaire avant utilisation.<\/strong><\/p>\n","protected":false},"featured_media":1432270,"template":"","meta":[],"product_cat":[6864,6870],"product_tag":[],"class_list":{"0":"post-187228","1":"product","2":"type-product","3":"status-publish","4":"has-post-thumbnail","6":"product_cat-animaux-delevage","7":"product_cat-bovins","8":"pa_marque-savetis","10":"first","11":"instock","12":"taxable","13":"shipping-taxable","14":"purchasable","15":"product-type-simple"},"yoast_head":"<!-- This site is optimized with the Yoast SEO plugin v27.3 - https:\/\/yoast.com\/product\/yoast-seo-wordpress\/ -->\n<title>Drench Part Savetis - V\u00e9torino<\/title>\n<meta name=\"description\" content=\"Formulation ad\u00e9quate pour g\u00e9rer les d\u00e9ficits en macro-\u00e9l\u00e9ments et assurer un bon d\u00e9marrage en lactation.  Drench Part apporte des \u00e9lectrolytes (K+, Na+, Ca2+, Mg2+, PO42-, Cl-) selon les recommandations en vigueur.  Ces \u00e9lectrolytes se pr\u00e9sentent sous forme tr\u00e8s soluble, ce qui les rend particuli\u00e8rement bien assimilable par l&#039;animal. Administr\u00e9 par drenchage avec 30 \u00e0 45L d&#039;eau ti\u00e8de, il permet de compenser les pertes de fluide et d&#039;\u00e9lectrolytes li\u00e9es \u00e0 la mise-bas.  Demander conseil \u00e0 un v\u00e9t\u00e9rinaire avant utilisation.\" \/>\n<meta name=\"robots\" content=\"noindex, nofollow\" \/>\n<meta property=\"og:locale\" content=\"fr_FR\" \/>\n<meta property=\"og:type\" content=\"article\" \/>\n<meta property=\"og:title\" content=\"Drench Part Savetis - V\u00e9torino\" \/>\n<meta property=\"og:description\" content=\"Formulation ad\u00e9quate pour g\u00e9rer les d\u00e9ficits en macro-\u00e9l\u00e9ments et assurer un bon d\u00e9marrage en lactation.  Drench Part apporte des \u00e9lectrolytes (K+, Na+, Ca2+, Mg2+, PO42-, Cl-) selon les recommandations en vigueur.  Ces \u00e9lectrolytes se pr\u00e9sentent sous forme tr\u00e8s soluble, ce qui les rend particuli\u00e8rement bien assimilable par l&#039;animal. Administr\u00e9 par drenchage avec 30 \u00e0 45L d&#039;eau ti\u00e8de, il permet de compenser les pertes de fluide et d&#039;\u00e9lectrolytes li\u00e9es \u00e0 la mise-bas.  Demander conseil \u00e0 un v\u00e9t\u00e9rinaire avant utilisation.\" \/>\n<meta property=\"og:url\" content=\"https:\/\/www.vetorino.com\/veterinaire\/pierrebenite-69310\/boutique\/product\/drench-vel\/\" \/>\n<meta property=\"og:site_name\" content=\"V\u00e9torino\" \/>\n<meta property=\"article:publisher\" content=\"https:\/\/www.facebook.com\/Vetorino\/\" \/>\n<meta property=\"article:modified_time\" content=\"2025-07-29T10:04:23+00:00\" \/>\n<meta property=\"og:image\" content=\"https:\/\/www.vetorino.com\/boutique\/wp-content\/uploads\/2021\/05\/savetis-drench-part-poudre-500g.3eebbd.jpg\" \/>\n\t<meta property=\"og:image:width\" content=\"900\" \/>\n\t<meta property=\"og:image:height\" content=\"900\" \/>\n\t<meta property=\"og:image:type\" content=\"image\/jpeg\" \/>\n<meta name=\"twitter:card\" content=\"summary_large_image\" \/>\n<meta name=\"twitter:label1\" content=\"Prix\" \/>\n\t<meta name=\"twitter:data1\" content=\"139,56&euro;\" \/>\n\t<meta name=\"twitter:label2\" content=\"Disponibilit\u00e9\" \/>\n\t<meta name=\"twitter:data2\" content=\"En stock\" \/>\n<script type=\"application\/ld+json\" class=\"yoast-schema-graph\">{\"@context\":\"https:\\\/\\\/schema.org\",\"@graph\":[{\"@type\":\"WebPage\",\"@id\":\"https:\\\/\\\/www.vetorino.com\\\/boutique\\\/product\\\/drench-vel\\\/\",\"url\":\"https:\\\/\\\/www.vetorino.com\\\/boutique\\\/product\\\/drench-vel\\\/\",\"name\":\"Drench Part Savetis - V\u00e9torino\",\"isPartOf\":{\"@id\":\"https:\\\/\\\/www.vetorino.com\\\/boutique\\\/#website\"},\"primaryImageOfPage\":{\"@id\":\"https:\\\/\\\/www.vetorino.com\\\/boutique\\\/product\\\/drench-vel\\\/#primaryimage\"},\"image\":{\"@id\":\"https:\\\/\\\/www.vetorino.com\\\/boutique\\\/product\\\/drench-vel\\\/#primaryimage\"},\"thumbnailUrl\":\"https:\\\/\\\/www.vetorino.com\\\/boutique\\\/wp-content\\\/uploads\\\/2021\\\/05\\\/savetis-drench-part-poudre-500g.3eebbd.jpg\",\"datePublished\":\"2021-05-31T18:34:48+00:00\",\"dateModified\":\"2025-07-29T10:04:23+00:00\",\"description\":\"Formulation ad\u00e9quate pour g\u00e9rer les d\u00e9ficits en macro-\u00e9l\u00e9ments et assurer un bon d\u00e9marrage en lactation. Drench Part apporte des \u00e9lectrolytes (K+, Na+, Ca2+, Mg2+, PO42-, Cl-) selon les recommandations en vigueur. Ces \u00e9lectrolytes se pr\u00e9sentent sous forme tr\u00e8s soluble, ce qui les rend particuli\u00e8rement bien assimilable par l'animal. Administr\u00e9 par drenchage avec 30 \u00e0 45L d'eau ti\u00e8de, il permet de compenser les pertes de fluide et d'\u00e9lectrolytes li\u00e9es \u00e0 la mise-bas. Demander conseil \u00e0 un v\u00e9t\u00e9rinaire avant utilisation.\",\"breadcrumb\":{\"@id\":\"https:\\\/\\\/www.vetorino.com\\\/boutique\\\/product\\\/drench-vel\\\/#breadcrumb\"},\"inLanguage\":\"fr-FR\",\"potentialAction\":[{\"@type\":\"ReadAction\",\"target\":[\"https:\\\/\\\/www.vetorino.com\\\/boutique\\\/product\\\/drench-vel\\\/\"]}]},{\"@type\":\"ImageObject\",\"inLanguage\":\"fr-FR\",\"@id\":\"https:\\\/\\\/www.vetorino.com\\\/boutique\\\/product\\\/drench-vel\\\/#primaryimage\",\"url\":\"https:\\\/\\\/www.vetorino.com\\\/boutique\\\/wp-content\\\/uploads\\\/2021\\\/05\\\/savetis-drench-part-poudre-500g.3eebbd.jpg\",\"contentUrl\":\"https:\\\/\\\/www.vetorino.com\\\/boutique\\\/wp-content\\\/uploads\\\/2021\\\/05\\\/savetis-drench-part-poudre-500g.3eebbd.jpg\",\"width\":900,\"height\":900},{\"@type\":\"BreadcrumbList\",\"@id\":\"https:\\\/\\\/www.vetorino.com\\\/boutique\\\/product\\\/drench-vel\\\/#breadcrumb\",\"itemListElement\":[{\"@type\":\"ListItem\",\"position\":1,\"name\":\"Accueil\",\"item\":\"https:\\\/\\\/www.vetorino.com\\\/boutique\\\/\"},{\"@type\":\"ListItem\",\"position\":2,\"name\":\"Produits\",\"item\":\"https:\\\/\\\/www.vetorino.com\\\/boutique\\\/\"},{\"@type\":\"ListItem\",\"position\":3,\"name\":\"Drench Part\"}]},{\"@type\":\"WebSite\",\"@id\":\"https:\\\/\\\/www.vetorino.com\\\/boutique\\\/#website\",\"url\":\"https:\\\/\\\/www.vetorino.com\\\/boutique\\\/\",\"name\":\"V\u00e9torino\",\"description\":\"\",\"publisher\":{\"@id\":\"https:\\\/\\\/www.vetorino.com\\\/boutique\\\/#organization\"},\"potentialAction\":[{\"@type\":\"SearchAction\",\"target\":{\"@type\":\"EntryPoint\",\"urlTemplate\":\"https:\\\/\\\/www.vetorino.com\\\/boutique\\\/?s={search_term_string}\"},\"query-input\":{\"@type\":\"PropertyValueSpecification\",\"valueRequired\":true,\"valueName\":\"search_term_string\"}}],\"inLanguage\":\"fr-FR\"},{\"@type\":\"Organization\",\"@id\":\"https:\\\/\\\/www.vetorino.com\\\/boutique\\\/#organization\",\"name\":\"V\u00e9torino\",\"url\":\"https:\\\/\\\/www.vetorino.com\\\/boutique\\\/\",\"logo\":{\"@type\":\"ImageObject\",\"inLanguage\":\"fr-FR\",\"@id\":\"https:\\\/\\\/www.vetorino.com\\\/boutique\\\/#\\\/schema\\\/logo\\\/image\\\/\",\"url\":\"https:\\\/\\\/www.vetorino.com\\\/boutique\\\/wp-content\\\/uploads\\\/2024\\\/10\\\/logo.jpg\",\"contentUrl\":\"https:\\\/\\\/www.vetorino.com\\\/boutique\\\/wp-content\\\/uploads\\\/2024\\\/10\\\/logo.jpg\",\"width\":1200,\"height\":610,\"caption\":\"V\u00e9torino\"},\"image\":{\"@id\":\"https:\\\/\\\/www.vetorino.com\\\/boutique\\\/#\\\/schema\\\/logo\\\/image\\\/\"},\"sameAs\":[\"https:\\\/\\\/www.facebook.com\\\/Vetorino\\\/\",\"https:\\\/\\\/www.instagram.com\\\/vetorino_off\\\/\",\"https:\\\/\\\/www.linkedin.com\\\/company\\\/vtorino\\\/\"]}]}<\/script>\n<meta property=\"product:brand\" content=\"Savetis\" \/>\n<meta property=\"product:price:amount\" content=\"139.56\" \/>\n<meta property=\"product:price:currency\" content=\"EUR\" \/>\n<meta property=\"og:availability\" content=\"instock\" \/>\n<meta property=\"product:availability\" content=\"instock\" \/>\n<meta property=\"product:retailer_item_id\" content=\"A-4741437\" \/>\n<meta property=\"product:condition\" content=\"new\" \/>\n<!-- \/ Yoast SEO plugin. -->","yoast_head_json":{"title":"Drench Part Savetis - V\u00e9torino","description":"Formulation ad\u00e9quate pour g\u00e9rer les d\u00e9ficits en macro-\u00e9l\u00e9ments et assurer un bon d\u00e9marrage en lactation.  Drench Part apporte des \u00e9lectrolytes (K+, Na+, Ca2+, Mg2+, PO42-, Cl-) selon les recommandations en vigueur.  Ces \u00e9lectrolytes se pr\u00e9sentent sous forme tr\u00e8s soluble, ce qui les rend particuli\u00e8rement bien assimilable par l'animal. Administr\u00e9 par drenchage avec 30 \u00e0 45L d'eau ti\u00e8de, il permet de compenser les pertes de fluide et d'\u00e9lectrolytes li\u00e9es \u00e0 la mise-bas.  Demander conseil \u00e0 un v\u00e9t\u00e9rinaire avant utilisation.","robots":{"index":"noindex","follow":"nofollow"},"og_locale":"fr_FR","og_type":"article","og_title":"Drench Part Savetis - V\u00e9torino","og_description":"Formulation ad\u00e9quate pour g\u00e9rer les d\u00e9ficits en macro-\u00e9l\u00e9ments et assurer un bon d\u00e9marrage en lactation.  Drench Part apporte des \u00e9lectrolytes (K+, Na+, Ca2+, Mg2+, PO42-, Cl-) selon les recommandations en vigueur.  Ces \u00e9lectrolytes se pr\u00e9sentent sous forme tr\u00e8s soluble, ce qui les rend particuli\u00e8rement bien assimilable par l'animal. Administr\u00e9 par drenchage avec 30 \u00e0 45L d'eau ti\u00e8de, il permet de compenser les pertes de fluide et d'\u00e9lectrolytes li\u00e9es \u00e0 la mise-bas.  Demander conseil \u00e0 un v\u00e9t\u00e9rinaire avant utilisation.","og_url":"https:\/\/www.vetorino.com\/veterinaire\/pierrebenite-69310\/boutique\/product\/drench-vel\/","og_site_name":"V\u00e9torino","article_publisher":"https:\/\/www.facebook.com\/Vetorino\/","article_modified_time":"2025-07-29T10:04:23+00:00","og_image":[{"width":900,"height":900,"url":"https:\/\/www.vetorino.com\/boutique\/wp-content\/uploads\/2021\/05\/savetis-drench-part-poudre-500g.3eebbd.jpg","type":"image\/jpeg"}],"twitter_card":"summary_large_image","twitter_misc":{"Prix":"139,56&euro;","Disponibilit\u00e9":"En stock"},"schema":{"@context":"https:\/\/schema.org","@graph":[{"@type":"WebPage","@id":"https:\/\/www.vetorino.com\/boutique\/product\/drench-vel\/","url":"https:\/\/www.vetorino.com\/boutique\/product\/drench-vel\/","name":"Drench Part Savetis - V\u00e9torino","isPartOf":{"@id":"https:\/\/www.vetorino.com\/boutique\/#website"},"primaryImageOfPage":{"@id":"https:\/\/www.vetorino.com\/boutique\/product\/drench-vel\/#primaryimage"},"image":{"@id":"https:\/\/www.vetorino.com\/boutique\/product\/drench-vel\/#primaryimage"},"thumbnailUrl":"https:\/\/www.vetorino.com\/boutique\/wp-content\/uploads\/2021\/05\/savetis-drench-part-poudre-500g.3eebbd.jpg","datePublished":"2021-05-31T18:34:48+00:00","dateModified":"2025-07-29T10:04:23+00:00","description":"Formulation ad\u00e9quate pour g\u00e9rer les d\u00e9ficits en macro-\u00e9l\u00e9ments et assurer un bon d\u00e9marrage en lactation. Drench Part apporte des \u00e9lectrolytes (K+, Na+, Ca2+, Mg2+, PO42-, Cl-) selon les recommandations en vigueur. Ces \u00e9lectrolytes se pr\u00e9sentent sous forme tr\u00e8s soluble, ce qui les rend particuli\u00e8rement bien assimilable par l'animal. Administr\u00e9 par drenchage avec 30 \u00e0 45L d'eau ti\u00e8de, il permet de compenser les pertes de fluide et d'\u00e9lectrolytes li\u00e9es \u00e0 la mise-bas. Demander conseil \u00e0 un v\u00e9t\u00e9rinaire avant utilisation.","breadcrumb":{"@id":"https:\/\/www.vetorino.com\/boutique\/product\/drench-vel\/#breadcrumb"},"inLanguage":"fr-FR","potentialAction":[{"@type":"ReadAction","target":["https:\/\/www.vetorino.com\/boutique\/product\/drench-vel\/"]}]},{"@type":"ImageObject","inLanguage":"fr-FR","@id":"https:\/\/www.vetorino.com\/boutique\/product\/drench-vel\/#primaryimage","url":"https:\/\/www.vetorino.com\/boutique\/wp-content\/uploads\/2021\/05\/savetis-drench-part-poudre-500g.3eebbd.jpg","contentUrl":"https:\/\/www.vetorino.com\/boutique\/wp-content\/uploads\/2021\/05\/savetis-drench-part-poudre-500g.3eebbd.jpg","width":900,"height":900},{"@type":"BreadcrumbList","@id":"https:\/\/www.vetorino.com\/boutique\/product\/drench-vel\/#breadcrumb","itemListElement":[{"@type":"ListItem","position":1,"name":"Accueil","item":"https:\/\/www.vetorino.com\/boutique\/"},{"@type":"ListItem","position":2,"name":"Produits","item":"https:\/\/www.vetorino.com\/boutique\/"},{"@type":"ListItem","position":3,"name":"Drench Part"}]},{"@type":"WebSite","@id":"https:\/\/www.vetorino.com\/boutique\/#website","url":"https:\/\/www.vetorino.com\/boutique\/","name":"V\u00e9torino","description":"","publisher":{"@id":"https:\/\/www.vetorino.com\/boutique\/#organization"},"potentialAction":[{"@type":"SearchAction","target":{"@type":"EntryPoint","urlTemplate":"https:\/\/www.vetorino.com\/boutique\/?s={search_term_string}"},"query-input":{"@type":"PropertyValueSpecification","valueRequired":true,"valueName":"search_term_string"}}],"inLanguage":"fr-FR"},{"@type":"Organization","@id":"https:\/\/www.vetorino.com\/boutique\/#organization","name":"V\u00e9torino","url":"https:\/\/www.vetorino.com\/boutique\/","logo":{"@type":"ImageObject","inLanguage":"fr-FR","@id":"https:\/\/www.vetorino.com\/boutique\/#\/schema\/logo\/image\/","url":"https:\/\/www.vetorino.com\/boutique\/wp-content\/uploads\/2024\/10\/logo.jpg","contentUrl":"https:\/\/www.vetorino.com\/boutique\/wp-content\/uploads\/2024\/10\/logo.jpg","width":1200,"height":610,"caption":"V\u00e9torino"},"image":{"@id":"https:\/\/www.vetorino.com\/boutique\/#\/schema\/logo\/image\/"},"sameAs":["https:\/\/www.facebook.com\/Vetorino\/","https:\/\/www.instagram.com\/vetorino_off\/","https:\/\/www.linkedin.com\/company\/vtorino\/"]}]},"product_brand":"Savetis","product_price_amount":"139.56","product_price_currency":"EUR","og_availability":"instock","product_availability":"instock","product_retailer_item_id":"A-4741437","product_condition":"new"},"_links":{"self":[{"href":"https:\/\/www.vetorino.com\/veterinaire\/pierrebenite-69310\/boutique\/wp-json\/wp\/v2\/product\/187228","targetHints":{"allow":["GET"]}}],"collection":[{"href":"https:\/\/www.vetorino.com\/veterinaire\/pierrebenite-69310\/boutique\/wp-json\/wp\/v2\/product"}],"about":[{"href":"https:\/\/www.vetorino.com\/veterinaire\/pierrebenite-69310\/boutique\/wp-json\/wp\/v2\/types\/product"}],"wp:featuredmedia":[{"embeddable":true,"href":"https:\/\/www.vetorino.com\/veterinaire\/pierrebenite-69310\/boutique\/wp-json\/wp\/v2\/media\/1432270"}],"wp:attachment":[{"href":"https:\/\/www.vetorino.com\/veterinaire\/pierrebenite-69310\/boutique\/wp-json\/wp\/v2\/media?parent=187228"}],"wp:term":[{"taxonomy":"product_cat","embeddable":true,"href":"https:\/\/www.vetorino.com\/veterinaire\/pierrebenite-69310\/boutique\/wp-json\/wp\/v2\/product_cat?post=187228"},{"taxonomy":"product_tag","embeddable":true,"href":"https:\/\/www.vetorino.com\/veterinaire\/pierrebenite-69310\/boutique\/wp-json\/wp\/v2\/product_tag?post=187228"}],"curies":[{"name":"wp","href":"https:\/\/api.w.org\/{rel}","templated":true}]}}