{"id":187264,"date":"2021-05-31T20:35:39","date_gmt":"2021-05-31T18:35:39","guid":{"rendered":"https:\/\/www.vetorino.com\/boutique\/product\/drench-td\/"},"modified":"2025-07-29T12:16:41","modified_gmt":"2025-07-29T10:16:41","slug":"drench-td","status":"publish","type":"product","link":"https:\/\/www.vetorino.com\/veterinaire\/pierrebenite-69310\/boutique\/product\/drench-td\/","title":{"rendered":"Drench Dig"},"content":{"rendered":"<p><strong>Drench Dig<\/strong>\u00a0est un compl\u00e9ment alimentaire con\u00e7u pour lutter contre les troubles digestifs des bovins adultes.<\/p>\n<p>Pr\u00e9sent\u00e9 sous forme poudre orale soluble, il permet d&#8217;\u00eatre administr\u00e9 et assimil\u00e9 facilement.<\/p>\n<p><strong>Caract\u00e9ristiques :<\/strong><\/p>\n<ul>\n<li>Favorise le p\u00e9ristaltisme digestif (cascara, petite centaur\u00e9e).<\/li>\n<li>Pr\u00e9sente une action laxative (sulfates, cascara).<\/li>\n<li>Soutient le m\u00e9tabolisme \u00e9nerg\u00e9tique (propionate et sorbitol) et la flore du rumen (cobalt).<\/li>\n<\/ul>\n<p><strong>Demander conseil \u00e0 un v\u00e9t\u00e9rinaire avant utilisation.<\/strong><\/p>\n","protected":false},"excerpt":{"rendered":"<p><strong>Drench Dig<\/strong>\u00a0est un compl\u00e9ment alimentaire con\u00e7u pour lutter contre les troubles digestifs des bovins adultes.<\/p>\n<p>Pr\u00e9sent\u00e9 sous forme poudre orale soluble, il permet d&#8217;\u00eatre administr\u00e9 et assimil\u00e9 facilement.<\/p>\n<p><strong>Caract\u00e9ristiques :<\/strong><\/p>\n<ul>\n<li>Favorise le p\u00e9ristaltisme digestif (cascara, petite centaur\u00e9e).<\/li>\n<li>Pr\u00e9sente une action laxative (sulfates, cascara).<\/li>\n<li>Soutient le m\u00e9tabolisme \u00e9nerg\u00e9tique (propionate et sorbitol) et la flore du rumen (cobalt).<\/li>\n<\/ul>\n<p><strong>Demander conseil \u00e0 un v\u00e9t\u00e9rinaire avant utilisation.<\/strong><\/p>\n","protected":false},"featured_media":1432303,"template":"","meta":[],"product_cat":[6864,6870],"product_tag":[],"class_list":{"0":"post-187264","1":"product","2":"type-product","3":"status-publish","4":"has-post-thumbnail","6":"product_cat-animaux-delevage","7":"product_cat-bovins","8":"pa_marque-savetis","10":"first","11":"instock","12":"taxable","13":"shipping-taxable","14":"purchasable","15":"product-type-simple"},"yoast_head":"<!-- This site is optimized with the Yoast SEO plugin v27.3 - https:\/\/yoast.com\/product\/yoast-seo-wordpress\/ -->\n<title>Drench Dig Savetis - V\u00e9torino<\/title>\n<meta name=\"description\" content=\"Drench Dig\u00a0est un compl\u00e9ment alimentaire con\u00e7u pour lutter contre les troubles digestifs des bovins adultes.  Pr\u00e9sent\u00e9 sous forme poudre orale soluble, il permet d&#039;\u00eatre administr\u00e9 et assimil\u00e9 facilement.  Caract\u00e9ristiques :   Favorise le p\u00e9ristaltisme digestif (cascara, petite centaur\u00e9e).  Pr\u00e9sente une action laxative (sulfates, cascara).  Soutient le m\u00e9tabolisme \u00e9nerg\u00e9tique (propionate et sorbitol) et la flore du rumen (cobalt).  Demander conseil \u00e0 un v\u00e9t\u00e9rinaire avant utilisation.\" \/>\n<meta name=\"robots\" content=\"noindex, nofollow\" \/>\n<meta property=\"og:locale\" content=\"fr_FR\" \/>\n<meta property=\"og:type\" content=\"article\" \/>\n<meta property=\"og:title\" content=\"Drench Dig Savetis - V\u00e9torino\" \/>\n<meta property=\"og:description\" content=\"Drench Dig\u00a0est un compl\u00e9ment alimentaire con\u00e7u pour lutter contre les troubles digestifs des bovins adultes.  Pr\u00e9sent\u00e9 sous forme poudre orale soluble, il permet d&#039;\u00eatre administr\u00e9 et assimil\u00e9 facilement.  Caract\u00e9ristiques :   Favorise le p\u00e9ristaltisme digestif (cascara, petite centaur\u00e9e).  Pr\u00e9sente une action laxative (sulfates, cascara).  Soutient le m\u00e9tabolisme \u00e9nerg\u00e9tique (propionate et sorbitol) et la flore du rumen (cobalt).  Demander conseil \u00e0 un v\u00e9t\u00e9rinaire avant utilisation.\" \/>\n<meta property=\"og:url\" content=\"https:\/\/www.vetorino.com\/veterinaire\/pierrebenite-69310\/boutique\/product\/drench-td\/\" \/>\n<meta property=\"og:site_name\" content=\"V\u00e9torino\" \/>\n<meta property=\"article:publisher\" content=\"https:\/\/www.facebook.com\/Vetorino\/\" \/>\n<meta property=\"article:modified_time\" content=\"2025-07-29T10:16:41+00:00\" \/>\n<meta property=\"og:image\" content=\"https:\/\/www.vetorino.com\/boutique\/wp-content\/uploads\/2021\/05\/drench-dig-pour-bovins-sachet-de-700-g.jpg\" \/>\n\t<meta property=\"og:image:width\" content=\"800\" \/>\n\t<meta property=\"og:image:height\" content=\"800\" \/>\n\t<meta property=\"og:image:type\" content=\"image\/jpeg\" \/>\n<meta name=\"twitter:card\" content=\"summary_large_image\" \/>\n<meta name=\"twitter:label1\" content=\"Prix\" \/>\n\t<meta name=\"twitter:data1\" content=\"17,33&euro;\" \/>\n\t<meta name=\"twitter:label2\" content=\"Disponibilit\u00e9\" \/>\n\t<meta name=\"twitter:data2\" content=\"En stock\" \/>\n<script type=\"application\/ld+json\" class=\"yoast-schema-graph\">{\"@context\":\"https:\\\/\\\/schema.org\",\"@graph\":[{\"@type\":\"WebPage\",\"@id\":\"https:\\\/\\\/www.vetorino.com\\\/boutique\\\/product\\\/drench-td\\\/\",\"url\":\"https:\\\/\\\/www.vetorino.com\\\/boutique\\\/product\\\/drench-td\\\/\",\"name\":\"Drench Dig Savetis - V\u00e9torino\",\"isPartOf\":{\"@id\":\"https:\\\/\\\/www.vetorino.com\\\/boutique\\\/#website\"},\"primaryImageOfPage\":{\"@id\":\"https:\\\/\\\/www.vetorino.com\\\/boutique\\\/product\\\/drench-td\\\/#primaryimage\"},\"image\":{\"@id\":\"https:\\\/\\\/www.vetorino.com\\\/boutique\\\/product\\\/drench-td\\\/#primaryimage\"},\"thumbnailUrl\":\"https:\\\/\\\/www.vetorino.com\\\/boutique\\\/wp-content\\\/uploads\\\/2021\\\/05\\\/drench-dig-pour-bovins-sachet-de-700-g.jpg\",\"datePublished\":\"2021-05-31T18:35:39+00:00\",\"dateModified\":\"2025-07-29T10:16:41+00:00\",\"description\":\"Drench Dig\u00a0est un compl\u00e9ment alimentaire con\u00e7u pour lutter contre les troubles digestifs des bovins adultes. Pr\u00e9sent\u00e9 sous forme poudre orale soluble, il permet d'\u00eatre administr\u00e9 et assimil\u00e9 facilement. Caract\u00e9ristiques : Favorise le p\u00e9ristaltisme digestif (cascara, petite centaur\u00e9e). Pr\u00e9sente une action laxative (sulfates, cascara). Soutient le m\u00e9tabolisme \u00e9nerg\u00e9tique (propionate et sorbitol) et la flore du rumen (cobalt). Demander conseil \u00e0 un v\u00e9t\u00e9rinaire avant utilisation.\",\"breadcrumb\":{\"@id\":\"https:\\\/\\\/www.vetorino.com\\\/boutique\\\/product\\\/drench-td\\\/#breadcrumb\"},\"inLanguage\":\"fr-FR\",\"potentialAction\":[{\"@type\":\"ReadAction\",\"target\":[\"https:\\\/\\\/www.vetorino.com\\\/boutique\\\/product\\\/drench-td\\\/\"]}]},{\"@type\":\"ImageObject\",\"inLanguage\":\"fr-FR\",\"@id\":\"https:\\\/\\\/www.vetorino.com\\\/boutique\\\/product\\\/drench-td\\\/#primaryimage\",\"url\":\"https:\\\/\\\/www.vetorino.com\\\/boutique\\\/wp-content\\\/uploads\\\/2021\\\/05\\\/drench-dig-pour-bovins-sachet-de-700-g.jpg\",\"contentUrl\":\"https:\\\/\\\/www.vetorino.com\\\/boutique\\\/wp-content\\\/uploads\\\/2021\\\/05\\\/drench-dig-pour-bovins-sachet-de-700-g.jpg\",\"width\":800,\"height\":800},{\"@type\":\"BreadcrumbList\",\"@id\":\"https:\\\/\\\/www.vetorino.com\\\/boutique\\\/product\\\/drench-td\\\/#breadcrumb\",\"itemListElement\":[{\"@type\":\"ListItem\",\"position\":1,\"name\":\"Accueil\",\"item\":\"https:\\\/\\\/www.vetorino.com\\\/boutique\\\/\"},{\"@type\":\"ListItem\",\"position\":2,\"name\":\"Produits\",\"item\":\"https:\\\/\\\/www.vetorino.com\\\/boutique\\\/\"},{\"@type\":\"ListItem\",\"position\":3,\"name\":\"Drench Dig\"}]},{\"@type\":\"WebSite\",\"@id\":\"https:\\\/\\\/www.vetorino.com\\\/boutique\\\/#website\",\"url\":\"https:\\\/\\\/www.vetorino.com\\\/boutique\\\/\",\"name\":\"V\u00e9torino\",\"description\":\"\",\"publisher\":{\"@id\":\"https:\\\/\\\/www.vetorino.com\\\/boutique\\\/#organization\"},\"potentialAction\":[{\"@type\":\"SearchAction\",\"target\":{\"@type\":\"EntryPoint\",\"urlTemplate\":\"https:\\\/\\\/www.vetorino.com\\\/boutique\\\/?s={search_term_string}\"},\"query-input\":{\"@type\":\"PropertyValueSpecification\",\"valueRequired\":true,\"valueName\":\"search_term_string\"}}],\"inLanguage\":\"fr-FR\"},{\"@type\":\"Organization\",\"@id\":\"https:\\\/\\\/www.vetorino.com\\\/boutique\\\/#organization\",\"name\":\"V\u00e9torino\",\"url\":\"https:\\\/\\\/www.vetorino.com\\\/boutique\\\/\",\"logo\":{\"@type\":\"ImageObject\",\"inLanguage\":\"fr-FR\",\"@id\":\"https:\\\/\\\/www.vetorino.com\\\/boutique\\\/#\\\/schema\\\/logo\\\/image\\\/\",\"url\":\"https:\\\/\\\/www.vetorino.com\\\/boutique\\\/wp-content\\\/uploads\\\/2024\\\/10\\\/logo.jpg\",\"contentUrl\":\"https:\\\/\\\/www.vetorino.com\\\/boutique\\\/wp-content\\\/uploads\\\/2024\\\/10\\\/logo.jpg\",\"width\":1200,\"height\":610,\"caption\":\"V\u00e9torino\"},\"image\":{\"@id\":\"https:\\\/\\\/www.vetorino.com\\\/boutique\\\/#\\\/schema\\\/logo\\\/image\\\/\"},\"sameAs\":[\"https:\\\/\\\/www.facebook.com\\\/Vetorino\\\/\",\"https:\\\/\\\/www.instagram.com\\\/vetorino_off\\\/\",\"https:\\\/\\\/www.linkedin.com\\\/company\\\/vtorino\\\/\"]}]}<\/script>\n<meta property=\"product:brand\" content=\"Savetis\" \/>\n<meta property=\"product:price:amount\" content=\"17.33\" \/>\n<meta property=\"product:price:currency\" content=\"EUR\" \/>\n<meta property=\"og:availability\" content=\"instock\" \/>\n<meta property=\"product:availability\" content=\"instock\" \/>\n<meta property=\"product:retailer_item_id\" content=\"A-4241775\" \/>\n<meta property=\"product:condition\" content=\"new\" \/>\n<!-- \/ Yoast SEO plugin. -->","yoast_head_json":{"title":"Drench Dig Savetis - V\u00e9torino","description":"Drench Dig\u00a0est un compl\u00e9ment alimentaire con\u00e7u pour lutter contre les troubles digestifs des bovins adultes.  Pr\u00e9sent\u00e9 sous forme poudre orale soluble, il permet d'\u00eatre administr\u00e9 et assimil\u00e9 facilement.  Caract\u00e9ristiques :   Favorise le p\u00e9ristaltisme digestif (cascara, petite centaur\u00e9e).  Pr\u00e9sente une action laxative (sulfates, cascara).  Soutient le m\u00e9tabolisme \u00e9nerg\u00e9tique (propionate et sorbitol) et la flore du rumen (cobalt).  Demander conseil \u00e0 un v\u00e9t\u00e9rinaire avant utilisation.","robots":{"index":"noindex","follow":"nofollow"},"og_locale":"fr_FR","og_type":"article","og_title":"Drench Dig Savetis - V\u00e9torino","og_description":"Drench Dig\u00a0est un compl\u00e9ment alimentaire con\u00e7u pour lutter contre les troubles digestifs des bovins adultes.  Pr\u00e9sent\u00e9 sous forme poudre orale soluble, il permet d'\u00eatre administr\u00e9 et assimil\u00e9 facilement.  Caract\u00e9ristiques :   Favorise le p\u00e9ristaltisme digestif (cascara, petite centaur\u00e9e).  Pr\u00e9sente une action laxative (sulfates, cascara).  Soutient le m\u00e9tabolisme \u00e9nerg\u00e9tique (propionate et sorbitol) et la flore du rumen (cobalt).  Demander conseil \u00e0 un v\u00e9t\u00e9rinaire avant utilisation.","og_url":"https:\/\/www.vetorino.com\/veterinaire\/pierrebenite-69310\/boutique\/product\/drench-td\/","og_site_name":"V\u00e9torino","article_publisher":"https:\/\/www.facebook.com\/Vetorino\/","article_modified_time":"2025-07-29T10:16:41+00:00","og_image":[{"width":800,"height":800,"url":"https:\/\/www.vetorino.com\/boutique\/wp-content\/uploads\/2021\/05\/drench-dig-pour-bovins-sachet-de-700-g.jpg","type":"image\/jpeg"}],"twitter_card":"summary_large_image","twitter_misc":{"Prix":"17,33&euro;","Disponibilit\u00e9":"En stock"},"schema":{"@context":"https:\/\/schema.org","@graph":[{"@type":"WebPage","@id":"https:\/\/www.vetorino.com\/boutique\/product\/drench-td\/","url":"https:\/\/www.vetorino.com\/boutique\/product\/drench-td\/","name":"Drench Dig Savetis - V\u00e9torino","isPartOf":{"@id":"https:\/\/www.vetorino.com\/boutique\/#website"},"primaryImageOfPage":{"@id":"https:\/\/www.vetorino.com\/boutique\/product\/drench-td\/#primaryimage"},"image":{"@id":"https:\/\/www.vetorino.com\/boutique\/product\/drench-td\/#primaryimage"},"thumbnailUrl":"https:\/\/www.vetorino.com\/boutique\/wp-content\/uploads\/2021\/05\/drench-dig-pour-bovins-sachet-de-700-g.jpg","datePublished":"2021-05-31T18:35:39+00:00","dateModified":"2025-07-29T10:16:41+00:00","description":"Drench Dig\u00a0est un compl\u00e9ment alimentaire con\u00e7u pour lutter contre les troubles digestifs des bovins adultes. Pr\u00e9sent\u00e9 sous forme poudre orale soluble, il permet d'\u00eatre administr\u00e9 et assimil\u00e9 facilement. Caract\u00e9ristiques : Favorise le p\u00e9ristaltisme digestif (cascara, petite centaur\u00e9e). Pr\u00e9sente une action laxative (sulfates, cascara). Soutient le m\u00e9tabolisme \u00e9nerg\u00e9tique (propionate et sorbitol) et la flore du rumen (cobalt). Demander conseil \u00e0 un v\u00e9t\u00e9rinaire avant utilisation.","breadcrumb":{"@id":"https:\/\/www.vetorino.com\/boutique\/product\/drench-td\/#breadcrumb"},"inLanguage":"fr-FR","potentialAction":[{"@type":"ReadAction","target":["https:\/\/www.vetorino.com\/boutique\/product\/drench-td\/"]}]},{"@type":"ImageObject","inLanguage":"fr-FR","@id":"https:\/\/www.vetorino.com\/boutique\/product\/drench-td\/#primaryimage","url":"https:\/\/www.vetorino.com\/boutique\/wp-content\/uploads\/2021\/05\/drench-dig-pour-bovins-sachet-de-700-g.jpg","contentUrl":"https:\/\/www.vetorino.com\/boutique\/wp-content\/uploads\/2021\/05\/drench-dig-pour-bovins-sachet-de-700-g.jpg","width":800,"height":800},{"@type":"BreadcrumbList","@id":"https:\/\/www.vetorino.com\/boutique\/product\/drench-td\/#breadcrumb","itemListElement":[{"@type":"ListItem","position":1,"name":"Accueil","item":"https:\/\/www.vetorino.com\/boutique\/"},{"@type":"ListItem","position":2,"name":"Produits","item":"https:\/\/www.vetorino.com\/boutique\/"},{"@type":"ListItem","position":3,"name":"Drench Dig"}]},{"@type":"WebSite","@id":"https:\/\/www.vetorino.com\/boutique\/#website","url":"https:\/\/www.vetorino.com\/boutique\/","name":"V\u00e9torino","description":"","publisher":{"@id":"https:\/\/www.vetorino.com\/boutique\/#organization"},"potentialAction":[{"@type":"SearchAction","target":{"@type":"EntryPoint","urlTemplate":"https:\/\/www.vetorino.com\/boutique\/?s={search_term_string}"},"query-input":{"@type":"PropertyValueSpecification","valueRequired":true,"valueName":"search_term_string"}}],"inLanguage":"fr-FR"},{"@type":"Organization","@id":"https:\/\/www.vetorino.com\/boutique\/#organization","name":"V\u00e9torino","url":"https:\/\/www.vetorino.com\/boutique\/","logo":{"@type":"ImageObject","inLanguage":"fr-FR","@id":"https:\/\/www.vetorino.com\/boutique\/#\/schema\/logo\/image\/","url":"https:\/\/www.vetorino.com\/boutique\/wp-content\/uploads\/2024\/10\/logo.jpg","contentUrl":"https:\/\/www.vetorino.com\/boutique\/wp-content\/uploads\/2024\/10\/logo.jpg","width":1200,"height":610,"caption":"V\u00e9torino"},"image":{"@id":"https:\/\/www.vetorino.com\/boutique\/#\/schema\/logo\/image\/"},"sameAs":["https:\/\/www.facebook.com\/Vetorino\/","https:\/\/www.instagram.com\/vetorino_off\/","https:\/\/www.linkedin.com\/company\/vtorino\/"]}]},"product_brand":"Savetis","product_price_amount":"17.33","product_price_currency":"EUR","og_availability":"instock","product_availability":"instock","product_retailer_item_id":"A-4241775","product_condition":"new"},"_links":{"self":[{"href":"https:\/\/www.vetorino.com\/veterinaire\/pierrebenite-69310\/boutique\/wp-json\/wp\/v2\/product\/187264","targetHints":{"allow":["GET"]}}],"collection":[{"href":"https:\/\/www.vetorino.com\/veterinaire\/pierrebenite-69310\/boutique\/wp-json\/wp\/v2\/product"}],"about":[{"href":"https:\/\/www.vetorino.com\/veterinaire\/pierrebenite-69310\/boutique\/wp-json\/wp\/v2\/types\/product"}],"wp:featuredmedia":[{"embeddable":true,"href":"https:\/\/www.vetorino.com\/veterinaire\/pierrebenite-69310\/boutique\/wp-json\/wp\/v2\/media\/1432303"}],"wp:attachment":[{"href":"https:\/\/www.vetorino.com\/veterinaire\/pierrebenite-69310\/boutique\/wp-json\/wp\/v2\/media?parent=187264"}],"wp:term":[{"taxonomy":"product_cat","embeddable":true,"href":"https:\/\/www.vetorino.com\/veterinaire\/pierrebenite-69310\/boutique\/wp-json\/wp\/v2\/product_cat?post=187264"},{"taxonomy":"product_tag","embeddable":true,"href":"https:\/\/www.vetorino.com\/veterinaire\/pierrebenite-69310\/boutique\/wp-json\/wp\/v2\/product_tag?post=187264"}],"curies":[{"name":"wp","href":"https:\/\/api.w.org\/{rel}","templated":true}]}}