{"id":187353,"date":"2021-05-31T20:38:33","date_gmt":"2021-05-31T18:38:33","guid":{"rendered":"https:\/\/www.vetorino.com\/boutique\/product\/vetexpert-urocline-stones\/"},"modified":"2026-02-03T14:38:08","modified_gmt":"2026-02-03T13:38:08","slug":"vetexpert-urocline-stones","status":"publish","type":"product","link":"https:\/\/www.vetorino.com\/veterinaire\/pierrebenite-69310\/boutique\/product\/vetexpert-urocline-stones\/","title":{"rendered":"Urocline Stones &#8211; chat"},"content":{"rendered":"<p><strong>La DL-METHIONINE<\/strong> est un acide amin\u00e9 qui acidifie les urines, qui peut aider \u00e0 pr\u00e9venir la formation de cristaux et de calculs dans les voies urinaires.<\/p>\n<p><strong>La VITAMINE C<\/strong> est un antioxydant qui peut aider \u00e0 prot\u00e9ger les cellules dans les voies urinaires contre les dommages. Il peut \u00e9galement aider \u00e0 acidifier l&#8217;urine, ce qui peut aider \u00e0 pr\u00e9venir la foration de cristaux et de calculs.<\/p>\n<p><strong>L\u2019EXTRAIT DE CRANBERRY<\/strong> agit en emp\u00eachant les bact\u00e9ries d&#8217;adh\u00e9rer aux parois des voies urinaires.<\/p>\n<p><strong>L\u2019EXTRAIT DE PERSIL<\/strong> est un diur\u00e9tique qui peut aider \u00e0 augmenter la production d&#8217;urine et \u00e0 pr\u00e9venir la formation de cristaux et de calculs.<\/p>\n<p><strong>L\u2019EXTRAIT DE VALERIANE<\/strong> est un relaxant naturel qui peut aider \u00e0 r\u00e9duire le stress et l&#8217;anxi\u00e9t\u00e9 chez les chats. Cela peut \u00eatre b\u00e9n\u00e9fique pour les chats souffrant de cystite induite par le stress.<\/p>\n<p><strong>L\u2019EXTRAIT DE FEUILLE D\u2019ORTIE<\/strong> est un anti-inflammatoire naturel qui peut aider \u00e0 r\u00e9duire l&#8217;inflammation dans les voies urinaires. Il peut \u00e9galement avoir un effet diur\u00e9tique, qui peut aider \u00e0 \u00e9liminer les voies urinaires.<\/p>\n<p><strong>Utilisation :<\/strong><\/p>\n<p><em>1 capsule matin et soir\u00a0<\/em><\/p>\n<p>Les g\u00e9lules peuvent \u00eatre administr\u00e9es directement dans la bouche ou vid\u00e9e et leur contenu m\u00e9lang\u00e9 avec des aliments.<\/p>\n<p>Toujours laisser de l&#8217;eau fraiche \u00e0 disposition.<\/p>\n<p><strong>Demander conseil \u00e0 un v\u00e9t\u00e9rinaire avant utilisation.<\/strong><\/p>\n","protected":false},"excerpt":{"rendered":"<p><strong>Aliment compl\u00e9mentaire<\/strong> recommand\u00e9 pour les chats afin de<strong> soutenir les fonctions optimales du syst\u00e8me urinaire.\u00a0<\/strong><\/p>\n<p>Contient des<strong> substances acidifiantes urinaires. <\/strong><\/p>\n<p>Ne pas utiliser avec d&#8217;autres produits ou un aliment pour animaux avec des propri\u00e9t\u00e9s fortement acidifiantes urinaires.<\/p>\n<p><strong>Demander conseil \u00e0 un v\u00e9t\u00e9rinaire avant utilisation.<\/strong><\/p>\n","protected":false},"featured_media":1685970,"template":"","meta":[],"product_cat":[2730,2697,12645],"product_tag":[],"class_list":{"0":"post-187353","1":"product","2":"type-product","3":"status-publish","4":"has-post-thumbnail","6":"product_cat-aliments-complementaires-pour-chat","7":"product_cat-chat","8":"product_cat-systeme-urinaire-du-chat","9":"pa_marque-vetexpert","11":"first","12":"instock","13":"taxable","14":"shipping-taxable","15":"purchasable","16":"product-type-simple"},"yoast_head":"<!-- This site is optimized with the Yoast SEO plugin v27.3 - https:\/\/yoast.com\/product\/yoast-seo-wordpress\/ -->\n<title>Urocline Stones - chat Vetexpert - V\u00e9torino<\/title>\n<meta name=\"description\" content=\"Aliment compl\u00e9mentaire recommand\u00e9 pour les chats afin de soutenir les fonctions optimales du syst\u00e8me urinaire.\u00a0  Contient des substances acidifiantes urinaires.   Ne pas utiliser avec d&#039;autres produits ou un aliment pour animaux avec des propri\u00e9t\u00e9s fortement acidifiantes urinaires.  Demander conseil \u00e0 un v\u00e9t\u00e9rinaire avant utilisation.\" \/>\n<meta name=\"robots\" content=\"noindex, nofollow\" \/>\n<meta property=\"og:locale\" content=\"fr_FR\" \/>\n<meta property=\"og:type\" content=\"article\" \/>\n<meta property=\"og:title\" content=\"Urocline Stones - chat Vetexpert - V\u00e9torino\" \/>\n<meta property=\"og:description\" content=\"Aliment compl\u00e9mentaire recommand\u00e9 pour les chats afin de soutenir les fonctions optimales du syst\u00e8me urinaire.\u00a0  Contient des substances acidifiantes urinaires.   Ne pas utiliser avec d&#039;autres produits ou un aliment pour animaux avec des propri\u00e9t\u00e9s fortement acidifiantes urinaires.  Demander conseil \u00e0 un v\u00e9t\u00e9rinaire avant utilisation.\" \/>\n<meta property=\"og:url\" content=\"https:\/\/www.vetorino.com\/veterinaire\/pierrebenite-69310\/boutique\/product\/vetexpert-urocline-stones\/\" \/>\n<meta property=\"og:site_name\" content=\"V\u00e9torino\" \/>\n<meta property=\"article:publisher\" content=\"https:\/\/www.facebook.com\/Vetorino\/\" \/>\n<meta property=\"article:modified_time\" content=\"2026-02-03T13:38:08+00:00\" \/>\n<meta property=\"og:image\" content=\"https:\/\/www.vetorino.com\/boutique\/wp-content\/uploads\/2021\/05\/urocline-stones.webp\" \/>\n\t<meta property=\"og:image:width\" content=\"800\" \/>\n\t<meta property=\"og:image:height\" content=\"800\" \/>\n\t<meta property=\"og:image:type\" content=\"image\/webp\" \/>\n<meta name=\"twitter:card\" content=\"summary_large_image\" \/>\n<meta name=\"twitter:label1\" content=\"Prix\" \/>\n\t<meta name=\"twitter:data1\" content=\"46,66&euro;\" \/>\n\t<meta name=\"twitter:label2\" content=\"Disponibilit\u00e9\" \/>\n\t<meta name=\"twitter:data2\" content=\"En stock\" \/>\n<script type=\"application\/ld+json\" class=\"yoast-schema-graph\">{\"@context\":\"https:\\\/\\\/schema.org\",\"@graph\":[{\"@type\":\"WebPage\",\"@id\":\"https:\\\/\\\/www.vetorino.com\\\/boutique\\\/product\\\/vetexpert-urocline-stones\\\/\",\"url\":\"https:\\\/\\\/www.vetorino.com\\\/boutique\\\/product\\\/vetexpert-urocline-stones\\\/\",\"name\":\"Urocline Stones - chat Vetexpert - V\u00e9torino\",\"isPartOf\":{\"@id\":\"https:\\\/\\\/www.vetorino.com\\\/boutique\\\/#website\"},\"primaryImageOfPage\":{\"@id\":\"https:\\\/\\\/www.vetorino.com\\\/boutique\\\/product\\\/vetexpert-urocline-stones\\\/#primaryimage\"},\"image\":{\"@id\":\"https:\\\/\\\/www.vetorino.com\\\/boutique\\\/product\\\/vetexpert-urocline-stones\\\/#primaryimage\"},\"thumbnailUrl\":\"https:\\\/\\\/www.vetorino.com\\\/boutique\\\/wp-content\\\/uploads\\\/2021\\\/05\\\/urocline-stones.webp\",\"datePublished\":\"2021-05-31T18:38:33+00:00\",\"dateModified\":\"2026-02-03T13:38:08+00:00\",\"description\":\"Aliment compl\u00e9mentaire recommand\u00e9 pour les chats afin de soutenir les fonctions optimales du syst\u00e8me urinaire.\u00a0 Contient des substances acidifiantes urinaires. Ne pas utiliser avec d'autres produits ou un aliment pour animaux avec des propri\u00e9t\u00e9s fortement acidifiantes urinaires. Demander conseil \u00e0 un v\u00e9t\u00e9rinaire avant utilisation.\",\"breadcrumb\":{\"@id\":\"https:\\\/\\\/www.vetorino.com\\\/boutique\\\/product\\\/vetexpert-urocline-stones\\\/#breadcrumb\"},\"inLanguage\":\"fr-FR\",\"potentialAction\":[{\"@type\":\"ReadAction\",\"target\":[\"https:\\\/\\\/www.vetorino.com\\\/boutique\\\/product\\\/vetexpert-urocline-stones\\\/\"]}]},{\"@type\":\"ImageObject\",\"inLanguage\":\"fr-FR\",\"@id\":\"https:\\\/\\\/www.vetorino.com\\\/boutique\\\/product\\\/vetexpert-urocline-stones\\\/#primaryimage\",\"url\":\"https:\\\/\\\/www.vetorino.com\\\/boutique\\\/wp-content\\\/uploads\\\/2021\\\/05\\\/urocline-stones.webp\",\"contentUrl\":\"https:\\\/\\\/www.vetorino.com\\\/boutique\\\/wp-content\\\/uploads\\\/2021\\\/05\\\/urocline-stones.webp\",\"width\":800,\"height\":800},{\"@type\":\"BreadcrumbList\",\"@id\":\"https:\\\/\\\/www.vetorino.com\\\/boutique\\\/product\\\/vetexpert-urocline-stones\\\/#breadcrumb\",\"itemListElement\":[{\"@type\":\"ListItem\",\"position\":1,\"name\":\"Accueil\",\"item\":\"https:\\\/\\\/www.vetorino.com\\\/boutique\\\/\"},{\"@type\":\"ListItem\",\"position\":2,\"name\":\"Produits\",\"item\":\"https:\\\/\\\/www.vetorino.com\\\/boutique\\\/\"},{\"@type\":\"ListItem\",\"position\":3,\"name\":\"Urocline Stones &#8211; chat\"}]},{\"@type\":\"WebSite\",\"@id\":\"https:\\\/\\\/www.vetorino.com\\\/boutique\\\/#website\",\"url\":\"https:\\\/\\\/www.vetorino.com\\\/boutique\\\/\",\"name\":\"V\u00e9torino\",\"description\":\"\",\"publisher\":{\"@id\":\"https:\\\/\\\/www.vetorino.com\\\/boutique\\\/#organization\"},\"potentialAction\":[{\"@type\":\"SearchAction\",\"target\":{\"@type\":\"EntryPoint\",\"urlTemplate\":\"https:\\\/\\\/www.vetorino.com\\\/boutique\\\/?s={search_term_string}\"},\"query-input\":{\"@type\":\"PropertyValueSpecification\",\"valueRequired\":true,\"valueName\":\"search_term_string\"}}],\"inLanguage\":\"fr-FR\"},{\"@type\":\"Organization\",\"@id\":\"https:\\\/\\\/www.vetorino.com\\\/boutique\\\/#organization\",\"name\":\"V\u00e9torino\",\"url\":\"https:\\\/\\\/www.vetorino.com\\\/boutique\\\/\",\"logo\":{\"@type\":\"ImageObject\",\"inLanguage\":\"fr-FR\",\"@id\":\"https:\\\/\\\/www.vetorino.com\\\/boutique\\\/#\\\/schema\\\/logo\\\/image\\\/\",\"url\":\"https:\\\/\\\/www.vetorino.com\\\/boutique\\\/wp-content\\\/uploads\\\/2024\\\/10\\\/logo.jpg\",\"contentUrl\":\"https:\\\/\\\/www.vetorino.com\\\/boutique\\\/wp-content\\\/uploads\\\/2024\\\/10\\\/logo.jpg\",\"width\":1200,\"height\":610,\"caption\":\"V\u00e9torino\"},\"image\":{\"@id\":\"https:\\\/\\\/www.vetorino.com\\\/boutique\\\/#\\\/schema\\\/logo\\\/image\\\/\"},\"sameAs\":[\"https:\\\/\\\/www.facebook.com\\\/Vetorino\\\/\",\"https:\\\/\\\/www.instagram.com\\\/vetorino_off\\\/\",\"https:\\\/\\\/www.linkedin.com\\\/company\\\/vtorino\\\/\"]}]}<\/script>\n<meta property=\"product:brand\" content=\"Vetexpert\" \/>\n<meta property=\"product:price:amount\" content=\"46.66\" \/>\n<meta property=\"product:price:currency\" content=\"EUR\" \/>\n<meta property=\"og:availability\" content=\"instock\" \/>\n<meta property=\"product:availability\" content=\"instock\" \/>\n<meta property=\"product:retailer_item_id\" content=\"A-1833070\" \/>\n<meta property=\"product:condition\" content=\"new\" \/>\n<!-- \/ Yoast SEO plugin. -->","yoast_head_json":{"title":"Urocline Stones - chat Vetexpert - V\u00e9torino","description":"Aliment compl\u00e9mentaire recommand\u00e9 pour les chats afin de soutenir les fonctions optimales du syst\u00e8me urinaire.\u00a0  Contient des substances acidifiantes urinaires.   Ne pas utiliser avec d'autres produits ou un aliment pour animaux avec des propri\u00e9t\u00e9s fortement acidifiantes urinaires.  Demander conseil \u00e0 un v\u00e9t\u00e9rinaire avant utilisation.","robots":{"index":"noindex","follow":"nofollow"},"og_locale":"fr_FR","og_type":"article","og_title":"Urocline Stones - chat Vetexpert - V\u00e9torino","og_description":"Aliment compl\u00e9mentaire recommand\u00e9 pour les chats afin de soutenir les fonctions optimales du syst\u00e8me urinaire.\u00a0  Contient des substances acidifiantes urinaires.   Ne pas utiliser avec d'autres produits ou un aliment pour animaux avec des propri\u00e9t\u00e9s fortement acidifiantes urinaires.  Demander conseil \u00e0 un v\u00e9t\u00e9rinaire avant utilisation.","og_url":"https:\/\/www.vetorino.com\/veterinaire\/pierrebenite-69310\/boutique\/product\/vetexpert-urocline-stones\/","og_site_name":"V\u00e9torino","article_publisher":"https:\/\/www.facebook.com\/Vetorino\/","article_modified_time":"2026-02-03T13:38:08+00:00","og_image":[{"width":800,"height":800,"url":"https:\/\/www.vetorino.com\/boutique\/wp-content\/uploads\/2021\/05\/urocline-stones.webp","type":"image\/webp"}],"twitter_card":"summary_large_image","twitter_misc":{"Prix":"46,66&euro;","Disponibilit\u00e9":"En stock"},"schema":{"@context":"https:\/\/schema.org","@graph":[{"@type":"WebPage","@id":"https:\/\/www.vetorino.com\/boutique\/product\/vetexpert-urocline-stones\/","url":"https:\/\/www.vetorino.com\/boutique\/product\/vetexpert-urocline-stones\/","name":"Urocline Stones - chat Vetexpert - V\u00e9torino","isPartOf":{"@id":"https:\/\/www.vetorino.com\/boutique\/#website"},"primaryImageOfPage":{"@id":"https:\/\/www.vetorino.com\/boutique\/product\/vetexpert-urocline-stones\/#primaryimage"},"image":{"@id":"https:\/\/www.vetorino.com\/boutique\/product\/vetexpert-urocline-stones\/#primaryimage"},"thumbnailUrl":"https:\/\/www.vetorino.com\/boutique\/wp-content\/uploads\/2021\/05\/urocline-stones.webp","datePublished":"2021-05-31T18:38:33+00:00","dateModified":"2026-02-03T13:38:08+00:00","description":"Aliment compl\u00e9mentaire recommand\u00e9 pour les chats afin de soutenir les fonctions optimales du syst\u00e8me urinaire.\u00a0 Contient des substances acidifiantes urinaires. Ne pas utiliser avec d'autres produits ou un aliment pour animaux avec des propri\u00e9t\u00e9s fortement acidifiantes urinaires. Demander conseil \u00e0 un v\u00e9t\u00e9rinaire avant utilisation.","breadcrumb":{"@id":"https:\/\/www.vetorino.com\/boutique\/product\/vetexpert-urocline-stones\/#breadcrumb"},"inLanguage":"fr-FR","potentialAction":[{"@type":"ReadAction","target":["https:\/\/www.vetorino.com\/boutique\/product\/vetexpert-urocline-stones\/"]}]},{"@type":"ImageObject","inLanguage":"fr-FR","@id":"https:\/\/www.vetorino.com\/boutique\/product\/vetexpert-urocline-stones\/#primaryimage","url":"https:\/\/www.vetorino.com\/boutique\/wp-content\/uploads\/2021\/05\/urocline-stones.webp","contentUrl":"https:\/\/www.vetorino.com\/boutique\/wp-content\/uploads\/2021\/05\/urocline-stones.webp","width":800,"height":800},{"@type":"BreadcrumbList","@id":"https:\/\/www.vetorino.com\/boutique\/product\/vetexpert-urocline-stones\/#breadcrumb","itemListElement":[{"@type":"ListItem","position":1,"name":"Accueil","item":"https:\/\/www.vetorino.com\/boutique\/"},{"@type":"ListItem","position":2,"name":"Produits","item":"https:\/\/www.vetorino.com\/boutique\/"},{"@type":"ListItem","position":3,"name":"Urocline Stones &#8211; chat"}]},{"@type":"WebSite","@id":"https:\/\/www.vetorino.com\/boutique\/#website","url":"https:\/\/www.vetorino.com\/boutique\/","name":"V\u00e9torino","description":"","publisher":{"@id":"https:\/\/www.vetorino.com\/boutique\/#organization"},"potentialAction":[{"@type":"SearchAction","target":{"@type":"EntryPoint","urlTemplate":"https:\/\/www.vetorino.com\/boutique\/?s={search_term_string}"},"query-input":{"@type":"PropertyValueSpecification","valueRequired":true,"valueName":"search_term_string"}}],"inLanguage":"fr-FR"},{"@type":"Organization","@id":"https:\/\/www.vetorino.com\/boutique\/#organization","name":"V\u00e9torino","url":"https:\/\/www.vetorino.com\/boutique\/","logo":{"@type":"ImageObject","inLanguage":"fr-FR","@id":"https:\/\/www.vetorino.com\/boutique\/#\/schema\/logo\/image\/","url":"https:\/\/www.vetorino.com\/boutique\/wp-content\/uploads\/2024\/10\/logo.jpg","contentUrl":"https:\/\/www.vetorino.com\/boutique\/wp-content\/uploads\/2024\/10\/logo.jpg","width":1200,"height":610,"caption":"V\u00e9torino"},"image":{"@id":"https:\/\/www.vetorino.com\/boutique\/#\/schema\/logo\/image\/"},"sameAs":["https:\/\/www.facebook.com\/Vetorino\/","https:\/\/www.instagram.com\/vetorino_off\/","https:\/\/www.linkedin.com\/company\/vtorino\/"]}]},"product_brand":"Vetexpert","product_price_amount":"46.66","product_price_currency":"EUR","og_availability":"instock","product_availability":"instock","product_retailer_item_id":"A-1833070","product_condition":"new"},"_links":{"self":[{"href":"https:\/\/www.vetorino.com\/veterinaire\/pierrebenite-69310\/boutique\/wp-json\/wp\/v2\/product\/187353","targetHints":{"allow":["GET"]}}],"collection":[{"href":"https:\/\/www.vetorino.com\/veterinaire\/pierrebenite-69310\/boutique\/wp-json\/wp\/v2\/product"}],"about":[{"href":"https:\/\/www.vetorino.com\/veterinaire\/pierrebenite-69310\/boutique\/wp-json\/wp\/v2\/types\/product"}],"wp:featuredmedia":[{"embeddable":true,"href":"https:\/\/www.vetorino.com\/veterinaire\/pierrebenite-69310\/boutique\/wp-json\/wp\/v2\/media\/1685970"}],"wp:attachment":[{"href":"https:\/\/www.vetorino.com\/veterinaire\/pierrebenite-69310\/boutique\/wp-json\/wp\/v2\/media?parent=187353"}],"wp:term":[{"taxonomy":"product_cat","embeddable":true,"href":"https:\/\/www.vetorino.com\/veterinaire\/pierrebenite-69310\/boutique\/wp-json\/wp\/v2\/product_cat?post=187353"},{"taxonomy":"product_tag","embeddable":true,"href":"https:\/\/www.vetorino.com\/veterinaire\/pierrebenite-69310\/boutique\/wp-json\/wp\/v2\/product_tag?post=187353"}],"curies":[{"name":"wp","href":"https:\/\/api.w.org\/{rel}","templated":true}]}}