{"id":507628,"date":"2022-11-17T20:31:59","date_gmt":"2022-11-17T19:31:59","guid":{"rendered":"https:\/\/www.vetorino.com\/boutique\/product\/poudre-armoricaine-veterinaire\/"},"modified":"2024-04-22T16:21:24","modified_gmt":"2024-04-22T14:21:24","slug":"poudre-armoricaine-veterinaire","status":"publish","type":"product","link":"https:\/\/www.vetorino.com\/veterinaire\/pierrebenite-69310\/boutique\/product\/poudre-armoricaine-veterinaire\/","title":{"rendered":"Poudre armoricaine v\u00e9t\u00e9rinaire"},"content":{"rendered":"<div class=\"product__information row mb-4 ng-star-inserted\">\n<div class=\"col-12\">\n<div class=\"mx-1 py-2 tab-content ng-star-inserted\">\n<div id=\"ngb-nav-18-panel\" class=\"tab-pane fade show active ng-star-inserted\" role=\"tabpanel\" aria-labelledby=\"ngb-nav-18\">\n<p><strong>Soin r\u00e9parateur et protecteur de choix pour le cheval<\/strong>, \u00e0 utiliser \u00e0 volont\u00e9 jusqu\u2019\u00e0 obtention du r\u00e9sultat souhait\u00e9 m\u00eame sur les peaux abim\u00e9es ou fragiles.<\/p>\n<p>Composition : argile, kaolin, sels min\u00e9raux, huile de lin, teintures-m\u00e8re d\u2019Arnica et de Calendula, huiles essentielles de girofle et d&#8217;arbre \u00e0 th\u00e9<\/p>\n<\/div>\n<\/div>\n<\/div>\n<\/div>\n<div class=\"product__advices row mb-4 ng-star-inserted\">\n<div class=\"col-12\">\n<p class=\"title\"><strong>Conseils et Recommandations<\/strong><\/p>\n<p>Application sur une peau propre et exempte de blessures.<\/p>\n<p>Etaler la pr\u00e9paration en couche \u00e9paisse, pour une action rapide, laisser agir 6 \u00e0 12 heures.<\/p>\n<p>Pour une action prolong\u00e9e et un effet de chaleur : couvrir la pr\u00e9paration d\u2019une feuille de papier ou d\u2019un film plastique puis poser les bandes de repos avec ou sans sous-bandes de coton en \u00e9vitant les plis. Laisser agir 12 \u00e0 24 heures. Pour retirer le produit doucher abondamment. Ne pas brosser le cataplasme \u00e0 sec.<\/p>\n<\/div>\n<\/div>\n","protected":false},"excerpt":{"rendered":"<p>Soin r\u00e9parateur et protecteur de choix pour le cheval, \u00e0 utiliser \u00e0 volont\u00e9 jusqu\u2019\u00e0 obtention du r\u00e9sultat souhait\u00e9 m\u00eame sur les peaux abim\u00e9es ou fragiles.<\/p>\n","protected":false},"featured_media":902523,"template":"","meta":[],"product_cat":[12547,12565,12754],"product_tag":[],"class_list":{"0":"post-507628","1":"product","2":"type-product","3":"status-publish","4":"has-post-thumbnail","6":"product_cat-cheval","7":"product_cat-peau-corne-crin-du-cheval","8":"product_cat-soins-au-quotidien-du-cheval","10":"first","11":"outofstock","12":"taxable","13":"shipping-taxable","14":"purchasable","15":"product-type-simple"},"yoast_head":"<!-- This site is optimized with the Yoast SEO plugin v27.3 - https:\/\/yoast.com\/product\/yoast-seo-wordpress\/ -->\n<title>Poudre armoricaine v\u00e9t\u00e9rinaire - V\u00e9torino<\/title>\n<meta name=\"description\" content=\"Soin r\u00e9parateur et protecteur de choix pour le cheval, \u00e0 utiliser \u00e0 volont\u00e9 jusqu\u2019\u00e0 obtention du r\u00e9sultat souhait\u00e9 m\u00eame sur les peaux abim\u00e9es ou fragiles.\" \/>\n<meta name=\"robots\" content=\"noindex, nofollow\" \/>\n<meta property=\"og:locale\" content=\"fr_FR\" \/>\n<meta property=\"og:type\" content=\"article\" \/>\n<meta property=\"og:title\" content=\"Poudre armoricaine v\u00e9t\u00e9rinaire - V\u00e9torino\" \/>\n<meta property=\"og:description\" content=\"Soin r\u00e9parateur et protecteur de choix pour le cheval, \u00e0 utiliser \u00e0 volont\u00e9 jusqu\u2019\u00e0 obtention du r\u00e9sultat souhait\u00e9 m\u00eame sur les peaux abim\u00e9es ou fragiles.\" \/>\n<meta property=\"og:url\" content=\"https:\/\/www.vetorino.com\/veterinaire\/pierrebenite-69310\/boutique\/product\/poudre-armoricaine-veterinaire\/\" \/>\n<meta property=\"og:site_name\" content=\"V\u00e9torino\" \/>\n<meta property=\"article:publisher\" content=\"https:\/\/www.facebook.com\/Vetorino\/\" \/>\n<meta property=\"article:modified_time\" content=\"2024-04-22T14:21:24+00:00\" \/>\n<meta property=\"og:image\" content=\"https:\/\/www.vetorino.com\/boutique\/wp-content\/uploads\/2022\/11\/SEOA-8100178-2.jpg\" \/>\n\t<meta property=\"og:image:width\" content=\"650\" \/>\n\t<meta property=\"og:image:height\" content=\"464\" \/>\n\t<meta property=\"og:image:type\" content=\"image\/jpeg\" \/>\n<meta name=\"twitter:card\" content=\"summary_large_image\" \/>\n<meta name=\"twitter:label1\" content=\"Prix\" \/>\n\t<meta name=\"twitter:data1\" content=\"19,66&euro;\" \/>\n\t<meta name=\"twitter:label2\" content=\"Disponibilit\u00e9\" \/>\n\t<meta name=\"twitter:data2\" content=\"Rupture de stock\" \/>\n<script type=\"application\/ld+json\" class=\"yoast-schema-graph\">{\"@context\":\"https:\\\/\\\/schema.org\",\"@graph\":[{\"@type\":\"WebPage\",\"@id\":\"https:\\\/\\\/www.vetorino.com\\\/boutique\\\/product\\\/poudre-armoricaine-veterinaire\\\/\",\"url\":\"https:\\\/\\\/www.vetorino.com\\\/boutique\\\/product\\\/poudre-armoricaine-veterinaire\\\/\",\"name\":\"Poudre armoricaine v\u00e9t\u00e9rinaire - V\u00e9torino\",\"isPartOf\":{\"@id\":\"https:\\\/\\\/www.vetorino.com\\\/boutique\\\/#website\"},\"primaryImageOfPage\":{\"@id\":\"https:\\\/\\\/www.vetorino.com\\\/boutique\\\/product\\\/poudre-armoricaine-veterinaire\\\/#primaryimage\"},\"image\":{\"@id\":\"https:\\\/\\\/www.vetorino.com\\\/boutique\\\/product\\\/poudre-armoricaine-veterinaire\\\/#primaryimage\"},\"thumbnailUrl\":\"https:\\\/\\\/www.vetorino.com\\\/boutique\\\/wp-content\\\/uploads\\\/2022\\\/11\\\/SEOA-8100178-2.jpg\",\"datePublished\":\"2022-11-17T19:31:59+00:00\",\"dateModified\":\"2024-04-22T14:21:24+00:00\",\"description\":\"Soin r\u00e9parateur et protecteur de choix pour le cheval, \u00e0 utiliser \u00e0 volont\u00e9 jusqu\u2019\u00e0 obtention du r\u00e9sultat souhait\u00e9 m\u00eame sur les peaux abim\u00e9es ou fragiles.\",\"breadcrumb\":{\"@id\":\"https:\\\/\\\/www.vetorino.com\\\/boutique\\\/product\\\/poudre-armoricaine-veterinaire\\\/#breadcrumb\"},\"inLanguage\":\"fr-FR\",\"potentialAction\":[{\"@type\":\"ReadAction\",\"target\":[\"https:\\\/\\\/www.vetorino.com\\\/boutique\\\/product\\\/poudre-armoricaine-veterinaire\\\/\"]}]},{\"@type\":\"ImageObject\",\"inLanguage\":\"fr-FR\",\"@id\":\"https:\\\/\\\/www.vetorino.com\\\/boutique\\\/product\\\/poudre-armoricaine-veterinaire\\\/#primaryimage\",\"url\":\"https:\\\/\\\/www.vetorino.com\\\/boutique\\\/wp-content\\\/uploads\\\/2022\\\/11\\\/SEOA-8100178-2.jpg\",\"contentUrl\":\"https:\\\/\\\/www.vetorino.com\\\/boutique\\\/wp-content\\\/uploads\\\/2022\\\/11\\\/SEOA-8100178-2.jpg\",\"width\":650,\"height\":464},{\"@type\":\"BreadcrumbList\",\"@id\":\"https:\\\/\\\/www.vetorino.com\\\/boutique\\\/product\\\/poudre-armoricaine-veterinaire\\\/#breadcrumb\",\"itemListElement\":[{\"@type\":\"ListItem\",\"position\":1,\"name\":\"Accueil\",\"item\":\"https:\\\/\\\/www.vetorino.com\\\/boutique\\\/\"},{\"@type\":\"ListItem\",\"position\":2,\"name\":\"Produits\",\"item\":\"https:\\\/\\\/www.vetorino.com\\\/boutique\\\/\"},{\"@type\":\"ListItem\",\"position\":3,\"name\":\"Poudre armoricaine v\u00e9t\u00e9rinaire\"}]},{\"@type\":\"WebSite\",\"@id\":\"https:\\\/\\\/www.vetorino.com\\\/boutique\\\/#website\",\"url\":\"https:\\\/\\\/www.vetorino.com\\\/boutique\\\/\",\"name\":\"V\u00e9torino\",\"description\":\"\",\"publisher\":{\"@id\":\"https:\\\/\\\/www.vetorino.com\\\/boutique\\\/#organization\"},\"potentialAction\":[{\"@type\":\"SearchAction\",\"target\":{\"@type\":\"EntryPoint\",\"urlTemplate\":\"https:\\\/\\\/www.vetorino.com\\\/boutique\\\/?s={search_term_string}\"},\"query-input\":{\"@type\":\"PropertyValueSpecification\",\"valueRequired\":true,\"valueName\":\"search_term_string\"}}],\"inLanguage\":\"fr-FR\"},{\"@type\":\"Organization\",\"@id\":\"https:\\\/\\\/www.vetorino.com\\\/boutique\\\/#organization\",\"name\":\"V\u00e9torino\",\"url\":\"https:\\\/\\\/www.vetorino.com\\\/boutique\\\/\",\"logo\":{\"@type\":\"ImageObject\",\"inLanguage\":\"fr-FR\",\"@id\":\"https:\\\/\\\/www.vetorino.com\\\/boutique\\\/#\\\/schema\\\/logo\\\/image\\\/\",\"url\":\"https:\\\/\\\/www.vetorino.com\\\/boutique\\\/wp-content\\\/uploads\\\/2024\\\/10\\\/logo.jpg\",\"contentUrl\":\"https:\\\/\\\/www.vetorino.com\\\/boutique\\\/wp-content\\\/uploads\\\/2024\\\/10\\\/logo.jpg\",\"width\":1200,\"height\":610,\"caption\":\"V\u00e9torino\"},\"image\":{\"@id\":\"https:\\\/\\\/www.vetorino.com\\\/boutique\\\/#\\\/schema\\\/logo\\\/image\\\/\"},\"sameAs\":[\"https:\\\/\\\/www.facebook.com\\\/Vetorino\\\/\",\"https:\\\/\\\/www.instagram.com\\\/vetorino_off\\\/\",\"https:\\\/\\\/www.linkedin.com\\\/company\\\/vtorino\\\/\"]}]}<\/script>\n<meta property=\"product:price:amount\" content=\"19.66\" \/>\n<meta property=\"product:price:currency\" content=\"EUR\" \/>\n<meta property=\"og:availability\" content=\"out of stock\" \/>\n<meta property=\"product:availability\" content=\"out of stock\" \/>\n<meta property=\"product:retailer_item_id\" content=\"A-8100178\" \/>\n<meta property=\"product:condition\" content=\"new\" \/>\n<!-- \/ Yoast SEO plugin. -->","yoast_head_json":{"title":"Poudre armoricaine v\u00e9t\u00e9rinaire - V\u00e9torino","description":"Soin r\u00e9parateur et protecteur de choix pour le cheval, \u00e0 utiliser \u00e0 volont\u00e9 jusqu\u2019\u00e0 obtention du r\u00e9sultat souhait\u00e9 m\u00eame sur les peaux abim\u00e9es ou fragiles.","robots":{"index":"noindex","follow":"nofollow"},"og_locale":"fr_FR","og_type":"article","og_title":"Poudre armoricaine v\u00e9t\u00e9rinaire - V\u00e9torino","og_description":"Soin r\u00e9parateur et protecteur de choix pour le cheval, \u00e0 utiliser \u00e0 volont\u00e9 jusqu\u2019\u00e0 obtention du r\u00e9sultat souhait\u00e9 m\u00eame sur les peaux abim\u00e9es ou fragiles.","og_url":"https:\/\/www.vetorino.com\/veterinaire\/pierrebenite-69310\/boutique\/product\/poudre-armoricaine-veterinaire\/","og_site_name":"V\u00e9torino","article_publisher":"https:\/\/www.facebook.com\/Vetorino\/","article_modified_time":"2024-04-22T14:21:24+00:00","og_image":[{"width":650,"height":464,"url":"https:\/\/www.vetorino.com\/boutique\/wp-content\/uploads\/2022\/11\/SEOA-8100178-2.jpg","type":"image\/jpeg"}],"twitter_card":"summary_large_image","twitter_misc":{"Prix":"19,66&euro;","Disponibilit\u00e9":"Rupture de stock"},"schema":{"@context":"https:\/\/schema.org","@graph":[{"@type":"WebPage","@id":"https:\/\/www.vetorino.com\/boutique\/product\/poudre-armoricaine-veterinaire\/","url":"https:\/\/www.vetorino.com\/boutique\/product\/poudre-armoricaine-veterinaire\/","name":"Poudre armoricaine v\u00e9t\u00e9rinaire - V\u00e9torino","isPartOf":{"@id":"https:\/\/www.vetorino.com\/boutique\/#website"},"primaryImageOfPage":{"@id":"https:\/\/www.vetorino.com\/boutique\/product\/poudre-armoricaine-veterinaire\/#primaryimage"},"image":{"@id":"https:\/\/www.vetorino.com\/boutique\/product\/poudre-armoricaine-veterinaire\/#primaryimage"},"thumbnailUrl":"https:\/\/www.vetorino.com\/boutique\/wp-content\/uploads\/2022\/11\/SEOA-8100178-2.jpg","datePublished":"2022-11-17T19:31:59+00:00","dateModified":"2024-04-22T14:21:24+00:00","description":"Soin r\u00e9parateur et protecteur de choix pour le cheval, \u00e0 utiliser \u00e0 volont\u00e9 jusqu\u2019\u00e0 obtention du r\u00e9sultat souhait\u00e9 m\u00eame sur les peaux abim\u00e9es ou fragiles.","breadcrumb":{"@id":"https:\/\/www.vetorino.com\/boutique\/product\/poudre-armoricaine-veterinaire\/#breadcrumb"},"inLanguage":"fr-FR","potentialAction":[{"@type":"ReadAction","target":["https:\/\/www.vetorino.com\/boutique\/product\/poudre-armoricaine-veterinaire\/"]}]},{"@type":"ImageObject","inLanguage":"fr-FR","@id":"https:\/\/www.vetorino.com\/boutique\/product\/poudre-armoricaine-veterinaire\/#primaryimage","url":"https:\/\/www.vetorino.com\/boutique\/wp-content\/uploads\/2022\/11\/SEOA-8100178-2.jpg","contentUrl":"https:\/\/www.vetorino.com\/boutique\/wp-content\/uploads\/2022\/11\/SEOA-8100178-2.jpg","width":650,"height":464},{"@type":"BreadcrumbList","@id":"https:\/\/www.vetorino.com\/boutique\/product\/poudre-armoricaine-veterinaire\/#breadcrumb","itemListElement":[{"@type":"ListItem","position":1,"name":"Accueil","item":"https:\/\/www.vetorino.com\/boutique\/"},{"@type":"ListItem","position":2,"name":"Produits","item":"https:\/\/www.vetorino.com\/boutique\/"},{"@type":"ListItem","position":3,"name":"Poudre armoricaine v\u00e9t\u00e9rinaire"}]},{"@type":"WebSite","@id":"https:\/\/www.vetorino.com\/boutique\/#website","url":"https:\/\/www.vetorino.com\/boutique\/","name":"V\u00e9torino","description":"","publisher":{"@id":"https:\/\/www.vetorino.com\/boutique\/#organization"},"potentialAction":[{"@type":"SearchAction","target":{"@type":"EntryPoint","urlTemplate":"https:\/\/www.vetorino.com\/boutique\/?s={search_term_string}"},"query-input":{"@type":"PropertyValueSpecification","valueRequired":true,"valueName":"search_term_string"}}],"inLanguage":"fr-FR"},{"@type":"Organization","@id":"https:\/\/www.vetorino.com\/boutique\/#organization","name":"V\u00e9torino","url":"https:\/\/www.vetorino.com\/boutique\/","logo":{"@type":"ImageObject","inLanguage":"fr-FR","@id":"https:\/\/www.vetorino.com\/boutique\/#\/schema\/logo\/image\/","url":"https:\/\/www.vetorino.com\/boutique\/wp-content\/uploads\/2024\/10\/logo.jpg","contentUrl":"https:\/\/www.vetorino.com\/boutique\/wp-content\/uploads\/2024\/10\/logo.jpg","width":1200,"height":610,"caption":"V\u00e9torino"},"image":{"@id":"https:\/\/www.vetorino.com\/boutique\/#\/schema\/logo\/image\/"},"sameAs":["https:\/\/www.facebook.com\/Vetorino\/","https:\/\/www.instagram.com\/vetorino_off\/","https:\/\/www.linkedin.com\/company\/vtorino\/"]}]},"product_price_amount":"19.66","product_price_currency":"EUR","og_availability":"out of stock","product_availability":"out of stock","product_retailer_item_id":"A-8100178","product_condition":"new"},"_links":{"self":[{"href":"https:\/\/www.vetorino.com\/veterinaire\/pierrebenite-69310\/boutique\/wp-json\/wp\/v2\/product\/507628","targetHints":{"allow":["GET"]}}],"collection":[{"href":"https:\/\/www.vetorino.com\/veterinaire\/pierrebenite-69310\/boutique\/wp-json\/wp\/v2\/product"}],"about":[{"href":"https:\/\/www.vetorino.com\/veterinaire\/pierrebenite-69310\/boutique\/wp-json\/wp\/v2\/types\/product"}],"wp:featuredmedia":[{"embeddable":true,"href":"https:\/\/www.vetorino.com\/veterinaire\/pierrebenite-69310\/boutique\/wp-json\/wp\/v2\/media\/902523"}],"wp:attachment":[{"href":"https:\/\/www.vetorino.com\/veterinaire\/pierrebenite-69310\/boutique\/wp-json\/wp\/v2\/media?parent=507628"}],"wp:term":[{"taxonomy":"product_cat","embeddable":true,"href":"https:\/\/www.vetorino.com\/veterinaire\/pierrebenite-69310\/boutique\/wp-json\/wp\/v2\/product_cat?post=507628"},{"taxonomy":"product_tag","embeddable":true,"href":"https:\/\/www.vetorino.com\/veterinaire\/pierrebenite-69310\/boutique\/wp-json\/wp\/v2\/product_tag?post=507628"}],"curies":[{"name":"wp","href":"https:\/\/api.w.org\/{rel}","templated":true}]}}