{"id":508913,"date":"2022-11-18T20:37:30","date_gmt":"2022-11-18T19:37:30","guid":{"rendered":"https:\/\/www.vetorino.com\/boutique\/product\/flex-miloa\/"},"modified":"2024-05-27T15:21:48","modified_gmt":"2024-05-27T13:21:48","slug":"flex-miloa","status":"publish","type":"product","link":"https:\/\/www.vetorino.com\/veterinaire\/pierrebenite-69310\/boutique\/product\/flex-miloa\/","title":{"rendered":"Flex Miloa &#8211; Huile de massage"},"content":{"rendered":"<p><strong>Flex Miloa\u202f est une huile de massage pour la pr\u00e9paration et la r\u00e9cup\u00e9ration sportive avant et apr\u00e8s l\u2019effort. Elle \u202fpr\u00e9vient et soulage les tensions musculaires, am\u00e9liore la souplesse et la flexibilit\u00e9 des mouvements. Elle permet \u00e9galement de d\u00e9tendre et d&#8217;apaiser les muscles et les articulations.<\/strong><\/p>\n<p><strong>Utilisation<\/strong><\/p>\n<p>Appliquer Flex Miloa\u202f en frictions toniques avant l\u2019\u00e9chauffement afin de chauffer les muscles et d\u2019\u00e9viter les risques de claquages. Et en massage plus profonds, pour d\u00e9contracter et d\u00e9toxifier les muscles et limiter les contractures.<\/p>\n<p><strong>Avantages<\/strong><\/p>\n<ul>\n<li>Pour la pr\u00e9paration et la r\u00e9cup\u00e9ration sportive avant et apr\u00e8s l\u2019effort.<\/li>\n<li>Pr\u00e9vient et soulage les tensions musculaires, il am\u00e9liore la souplesse et la flexibilit\u00e9 des mouvements.<\/li>\n<li>D\u00e9tend et apaise les muscles et les articulations.<\/li>\n<\/ul>\n","protected":false},"excerpt":{"rendered":"<p><strong>Huile de massage qui pr\u00e9vient et soulage les tensions musculaires, am\u00e9liore la souplesse et la flexibilit\u00e9 des mouvements. D\u00e9tend et apaise les muscles et les articulations.<\/strong><\/p>\n<p><strong>Utilisation<\/strong><\/p>\n<ul>\n<li>Pour chiens et pour chats.<\/li>\n<li>Pr\u00e9vient et soulage les tensions musculaires, am\u00e9liore la souplesse et la flexibilit\u00e9 des mouvements, d\u00e9tend et apaise les muscles et les articulations.<\/li>\n<li>En massage, usage local.<\/li>\n<\/ul>\n","protected":false},"featured_media":919914,"template":"","meta":[],"product_cat":[2697,2698,12595,12596,12632,12633],"product_tag":[],"class_list":{"0":"post-508913","1":"product","2":"type-product","3":"status-publish","4":"has-post-thumbnail","6":"product_cat-chat","7":"product_cat-chien","8":"product_cat-confort-du-chat","9":"product_cat-confort-du-chien","10":"product_cat-soutien-articulaire-du-chat","11":"product_cat-soutien-articulaire-du-chien","12":"pa_marque-miloa","14":"first","15":"instock","16":"taxable","17":"shipping-taxable","18":"purchasable","19":"product-type-simple"},"yoast_head":"<!-- This site is optimized with the Yoast SEO plugin v27.3 - https:\/\/yoast.com\/product\/yoast-seo-wordpress\/ -->\n<title>Flex Miloa - Huile de massage Miloa - V\u00e9torino<\/title>\n<meta name=\"description\" content=\"Huile de massage qui pr\u00e9vient et soulage les tensions musculaires, am\u00e9liore la souplesse et la flexibilit\u00e9 des mouvements. D\u00e9tend et apaise les muscles et les articulations.  Utilisation   Pour chiens et pour chats.  Pr\u00e9vient et soulage les tensions musculaires, am\u00e9liore la souplesse et la flexibilit\u00e9 des mouvements, d\u00e9tend et apaise les muscles et les articulations.  En massage, usage local.\" \/>\n<meta name=\"robots\" content=\"noindex, nofollow\" \/>\n<meta property=\"og:locale\" content=\"fr_FR\" \/>\n<meta property=\"og:type\" content=\"article\" \/>\n<meta property=\"og:title\" content=\"Flex Miloa - Huile de massage Miloa - V\u00e9torino\" \/>\n<meta property=\"og:description\" content=\"Huile de massage qui pr\u00e9vient et soulage les tensions musculaires, am\u00e9liore la souplesse et la flexibilit\u00e9 des mouvements. D\u00e9tend et apaise les muscles et les articulations.  Utilisation   Pour chiens et pour chats.  Pr\u00e9vient et soulage les tensions musculaires, am\u00e9liore la souplesse et la flexibilit\u00e9 des mouvements, d\u00e9tend et apaise les muscles et les articulations.  En massage, usage local.\" \/>\n<meta property=\"og:url\" content=\"https:\/\/www.vetorino.com\/veterinaire\/pierrebenite-69310\/boutique\/product\/flex-miloa\/\" \/>\n<meta property=\"og:site_name\" content=\"V\u00e9torino\" \/>\n<meta property=\"article:publisher\" content=\"https:\/\/www.facebook.com\/Vetorino\/\" \/>\n<meta property=\"article:modified_time\" content=\"2024-05-27T13:21:48+00:00\" \/>\n<meta property=\"og:image\" content=\"https:\/\/www.vetorino.com\/boutique\/wp-content\/uploads\/2022\/11\/flex-miloa-huile-de-massage.webp\" \/>\n\t<meta property=\"og:image:width\" content=\"800\" \/>\n\t<meta property=\"og:image:height\" content=\"800\" \/>\n\t<meta property=\"og:image:type\" content=\"image\/webp\" \/>\n<meta name=\"twitter:card\" content=\"summary_large_image\" \/>\n<meta name=\"twitter:label1\" content=\"Prix\" \/>\n\t<meta name=\"twitter:data1\" content=\"28,43&euro;\" \/>\n\t<meta name=\"twitter:label2\" content=\"Disponibilit\u00e9\" \/>\n\t<meta name=\"twitter:data2\" content=\"En stock\" \/>\n<script type=\"application\/ld+json\" class=\"yoast-schema-graph\">{\"@context\":\"https:\\\/\\\/schema.org\",\"@graph\":[{\"@type\":\"WebPage\",\"@id\":\"https:\\\/\\\/www.vetorino.com\\\/boutique\\\/product\\\/flex-miloa\\\/\",\"url\":\"https:\\\/\\\/www.vetorino.com\\\/boutique\\\/product\\\/flex-miloa\\\/\",\"name\":\"Flex Miloa - Huile de massage Miloa - V\u00e9torino\",\"isPartOf\":{\"@id\":\"https:\\\/\\\/www.vetorino.com\\\/boutique\\\/#website\"},\"primaryImageOfPage\":{\"@id\":\"https:\\\/\\\/www.vetorino.com\\\/boutique\\\/product\\\/flex-miloa\\\/#primaryimage\"},\"image\":{\"@id\":\"https:\\\/\\\/www.vetorino.com\\\/boutique\\\/product\\\/flex-miloa\\\/#primaryimage\"},\"thumbnailUrl\":\"https:\\\/\\\/www.vetorino.com\\\/boutique\\\/wp-content\\\/uploads\\\/2022\\\/11\\\/flex-miloa-huile-de-massage.webp\",\"datePublished\":\"2022-11-18T19:37:30+00:00\",\"dateModified\":\"2024-05-27T13:21:48+00:00\",\"description\":\"Huile de massage qui pr\u00e9vient et soulage les tensions musculaires, am\u00e9liore la souplesse et la flexibilit\u00e9 des mouvements. D\u00e9tend et apaise les muscles et les articulations. Utilisation Pour chiens et pour chats. Pr\u00e9vient et soulage les tensions musculaires, am\u00e9liore la souplesse et la flexibilit\u00e9 des mouvements, d\u00e9tend et apaise les muscles et les articulations. En massage, usage local.\",\"breadcrumb\":{\"@id\":\"https:\\\/\\\/www.vetorino.com\\\/boutique\\\/product\\\/flex-miloa\\\/#breadcrumb\"},\"inLanguage\":\"fr-FR\",\"potentialAction\":[{\"@type\":\"ReadAction\",\"target\":[\"https:\\\/\\\/www.vetorino.com\\\/boutique\\\/product\\\/flex-miloa\\\/\"]}]},{\"@type\":\"ImageObject\",\"inLanguage\":\"fr-FR\",\"@id\":\"https:\\\/\\\/www.vetorino.com\\\/boutique\\\/product\\\/flex-miloa\\\/#primaryimage\",\"url\":\"https:\\\/\\\/www.vetorino.com\\\/boutique\\\/wp-content\\\/uploads\\\/2022\\\/11\\\/flex-miloa-huile-de-massage.webp\",\"contentUrl\":\"https:\\\/\\\/www.vetorino.com\\\/boutique\\\/wp-content\\\/uploads\\\/2022\\\/11\\\/flex-miloa-huile-de-massage.webp\",\"width\":800,\"height\":800},{\"@type\":\"BreadcrumbList\",\"@id\":\"https:\\\/\\\/www.vetorino.com\\\/boutique\\\/product\\\/flex-miloa\\\/#breadcrumb\",\"itemListElement\":[{\"@type\":\"ListItem\",\"position\":1,\"name\":\"Accueil\",\"item\":\"https:\\\/\\\/www.vetorino.com\\\/boutique\\\/\"},{\"@type\":\"ListItem\",\"position\":2,\"name\":\"Produits\",\"item\":\"https:\\\/\\\/www.vetorino.com\\\/boutique\\\/\"},{\"@type\":\"ListItem\",\"position\":3,\"name\":\"Flex Miloa &#8211; Huile de massage\"}]},{\"@type\":\"WebSite\",\"@id\":\"https:\\\/\\\/www.vetorino.com\\\/boutique\\\/#website\",\"url\":\"https:\\\/\\\/www.vetorino.com\\\/boutique\\\/\",\"name\":\"V\u00e9torino\",\"description\":\"\",\"publisher\":{\"@id\":\"https:\\\/\\\/www.vetorino.com\\\/boutique\\\/#organization\"},\"potentialAction\":[{\"@type\":\"SearchAction\",\"target\":{\"@type\":\"EntryPoint\",\"urlTemplate\":\"https:\\\/\\\/www.vetorino.com\\\/boutique\\\/?s={search_term_string}\"},\"query-input\":{\"@type\":\"PropertyValueSpecification\",\"valueRequired\":true,\"valueName\":\"search_term_string\"}}],\"inLanguage\":\"fr-FR\"},{\"@type\":\"Organization\",\"@id\":\"https:\\\/\\\/www.vetorino.com\\\/boutique\\\/#organization\",\"name\":\"V\u00e9torino\",\"url\":\"https:\\\/\\\/www.vetorino.com\\\/boutique\\\/\",\"logo\":{\"@type\":\"ImageObject\",\"inLanguage\":\"fr-FR\",\"@id\":\"https:\\\/\\\/www.vetorino.com\\\/boutique\\\/#\\\/schema\\\/logo\\\/image\\\/\",\"url\":\"https:\\\/\\\/www.vetorino.com\\\/boutique\\\/wp-content\\\/uploads\\\/2024\\\/10\\\/logo.jpg\",\"contentUrl\":\"https:\\\/\\\/www.vetorino.com\\\/boutique\\\/wp-content\\\/uploads\\\/2024\\\/10\\\/logo.jpg\",\"width\":1200,\"height\":610,\"caption\":\"V\u00e9torino\"},\"image\":{\"@id\":\"https:\\\/\\\/www.vetorino.com\\\/boutique\\\/#\\\/schema\\\/logo\\\/image\\\/\"},\"sameAs\":[\"https:\\\/\\\/www.facebook.com\\\/Vetorino\\\/\",\"https:\\\/\\\/www.instagram.com\\\/vetorino_off\\\/\",\"https:\\\/\\\/www.linkedin.com\\\/company\\\/vtorino\\\/\"]}]}<\/script>\n<meta property=\"product:brand\" content=\"Miloa\" \/>\n<meta property=\"product:price:amount\" content=\"28.43\" \/>\n<meta property=\"product:price:currency\" content=\"EUR\" \/>\n<meta property=\"og:availability\" content=\"instock\" \/>\n<meta property=\"product:availability\" content=\"instock\" \/>\n<meta property=\"product:retailer_item_id\" content=\"A-1866410\" \/>\n<meta property=\"product:condition\" content=\"new\" \/>\n<!-- \/ Yoast SEO plugin. -->","yoast_head_json":{"title":"Flex Miloa - Huile de massage Miloa - V\u00e9torino","description":"Huile de massage qui pr\u00e9vient et soulage les tensions musculaires, am\u00e9liore la souplesse et la flexibilit\u00e9 des mouvements. D\u00e9tend et apaise les muscles et les articulations.  Utilisation   Pour chiens et pour chats.  Pr\u00e9vient et soulage les tensions musculaires, am\u00e9liore la souplesse et la flexibilit\u00e9 des mouvements, d\u00e9tend et apaise les muscles et les articulations.  En massage, usage local.","robots":{"index":"noindex","follow":"nofollow"},"og_locale":"fr_FR","og_type":"article","og_title":"Flex Miloa - Huile de massage Miloa - V\u00e9torino","og_description":"Huile de massage qui pr\u00e9vient et soulage les tensions musculaires, am\u00e9liore la souplesse et la flexibilit\u00e9 des mouvements. D\u00e9tend et apaise les muscles et les articulations.  Utilisation   Pour chiens et pour chats.  Pr\u00e9vient et soulage les tensions musculaires, am\u00e9liore la souplesse et la flexibilit\u00e9 des mouvements, d\u00e9tend et apaise les muscles et les articulations.  En massage, usage local.","og_url":"https:\/\/www.vetorino.com\/veterinaire\/pierrebenite-69310\/boutique\/product\/flex-miloa\/","og_site_name":"V\u00e9torino","article_publisher":"https:\/\/www.facebook.com\/Vetorino\/","article_modified_time":"2024-05-27T13:21:48+00:00","og_image":[{"width":800,"height":800,"url":"https:\/\/www.vetorino.com\/boutique\/wp-content\/uploads\/2022\/11\/flex-miloa-huile-de-massage.webp","type":"image\/webp"}],"twitter_card":"summary_large_image","twitter_misc":{"Prix":"28,43&euro;","Disponibilit\u00e9":"En stock"},"schema":{"@context":"https:\/\/schema.org","@graph":[{"@type":"WebPage","@id":"https:\/\/www.vetorino.com\/boutique\/product\/flex-miloa\/","url":"https:\/\/www.vetorino.com\/boutique\/product\/flex-miloa\/","name":"Flex Miloa - Huile de massage Miloa - V\u00e9torino","isPartOf":{"@id":"https:\/\/www.vetorino.com\/boutique\/#website"},"primaryImageOfPage":{"@id":"https:\/\/www.vetorino.com\/boutique\/product\/flex-miloa\/#primaryimage"},"image":{"@id":"https:\/\/www.vetorino.com\/boutique\/product\/flex-miloa\/#primaryimage"},"thumbnailUrl":"https:\/\/www.vetorino.com\/boutique\/wp-content\/uploads\/2022\/11\/flex-miloa-huile-de-massage.webp","datePublished":"2022-11-18T19:37:30+00:00","dateModified":"2024-05-27T13:21:48+00:00","description":"Huile de massage qui pr\u00e9vient et soulage les tensions musculaires, am\u00e9liore la souplesse et la flexibilit\u00e9 des mouvements. D\u00e9tend et apaise les muscles et les articulations. Utilisation Pour chiens et pour chats. Pr\u00e9vient et soulage les tensions musculaires, am\u00e9liore la souplesse et la flexibilit\u00e9 des mouvements, d\u00e9tend et apaise les muscles et les articulations. En massage, usage local.","breadcrumb":{"@id":"https:\/\/www.vetorino.com\/boutique\/product\/flex-miloa\/#breadcrumb"},"inLanguage":"fr-FR","potentialAction":[{"@type":"ReadAction","target":["https:\/\/www.vetorino.com\/boutique\/product\/flex-miloa\/"]}]},{"@type":"ImageObject","inLanguage":"fr-FR","@id":"https:\/\/www.vetorino.com\/boutique\/product\/flex-miloa\/#primaryimage","url":"https:\/\/www.vetorino.com\/boutique\/wp-content\/uploads\/2022\/11\/flex-miloa-huile-de-massage.webp","contentUrl":"https:\/\/www.vetorino.com\/boutique\/wp-content\/uploads\/2022\/11\/flex-miloa-huile-de-massage.webp","width":800,"height":800},{"@type":"BreadcrumbList","@id":"https:\/\/www.vetorino.com\/boutique\/product\/flex-miloa\/#breadcrumb","itemListElement":[{"@type":"ListItem","position":1,"name":"Accueil","item":"https:\/\/www.vetorino.com\/boutique\/"},{"@type":"ListItem","position":2,"name":"Produits","item":"https:\/\/www.vetorino.com\/boutique\/"},{"@type":"ListItem","position":3,"name":"Flex Miloa &#8211; Huile de massage"}]},{"@type":"WebSite","@id":"https:\/\/www.vetorino.com\/boutique\/#website","url":"https:\/\/www.vetorino.com\/boutique\/","name":"V\u00e9torino","description":"","publisher":{"@id":"https:\/\/www.vetorino.com\/boutique\/#organization"},"potentialAction":[{"@type":"SearchAction","target":{"@type":"EntryPoint","urlTemplate":"https:\/\/www.vetorino.com\/boutique\/?s={search_term_string}"},"query-input":{"@type":"PropertyValueSpecification","valueRequired":true,"valueName":"search_term_string"}}],"inLanguage":"fr-FR"},{"@type":"Organization","@id":"https:\/\/www.vetorino.com\/boutique\/#organization","name":"V\u00e9torino","url":"https:\/\/www.vetorino.com\/boutique\/","logo":{"@type":"ImageObject","inLanguage":"fr-FR","@id":"https:\/\/www.vetorino.com\/boutique\/#\/schema\/logo\/image\/","url":"https:\/\/www.vetorino.com\/boutique\/wp-content\/uploads\/2024\/10\/logo.jpg","contentUrl":"https:\/\/www.vetorino.com\/boutique\/wp-content\/uploads\/2024\/10\/logo.jpg","width":1200,"height":610,"caption":"V\u00e9torino"},"image":{"@id":"https:\/\/www.vetorino.com\/boutique\/#\/schema\/logo\/image\/"},"sameAs":["https:\/\/www.facebook.com\/Vetorino\/","https:\/\/www.instagram.com\/vetorino_off\/","https:\/\/www.linkedin.com\/company\/vtorino\/"]}]},"product_brand":"Miloa","product_price_amount":"28.43","product_price_currency":"EUR","og_availability":"instock","product_availability":"instock","product_retailer_item_id":"A-1866410","product_condition":"new"},"_links":{"self":[{"href":"https:\/\/www.vetorino.com\/veterinaire\/pierrebenite-69310\/boutique\/wp-json\/wp\/v2\/product\/508913","targetHints":{"allow":["GET"]}}],"collection":[{"href":"https:\/\/www.vetorino.com\/veterinaire\/pierrebenite-69310\/boutique\/wp-json\/wp\/v2\/product"}],"about":[{"href":"https:\/\/www.vetorino.com\/veterinaire\/pierrebenite-69310\/boutique\/wp-json\/wp\/v2\/types\/product"}],"wp:featuredmedia":[{"embeddable":true,"href":"https:\/\/www.vetorino.com\/veterinaire\/pierrebenite-69310\/boutique\/wp-json\/wp\/v2\/media\/919914"}],"wp:attachment":[{"href":"https:\/\/www.vetorino.com\/veterinaire\/pierrebenite-69310\/boutique\/wp-json\/wp\/v2\/media?parent=508913"}],"wp:term":[{"taxonomy":"product_cat","embeddable":true,"href":"https:\/\/www.vetorino.com\/veterinaire\/pierrebenite-69310\/boutique\/wp-json\/wp\/v2\/product_cat?post=508913"},{"taxonomy":"product_tag","embeddable":true,"href":"https:\/\/www.vetorino.com\/veterinaire\/pierrebenite-69310\/boutique\/wp-json\/wp\/v2\/product_tag?post=508913"}],"curies":[{"name":"wp","href":"https:\/\/api.w.org\/{rel}","templated":true}]}}