{"id":600456,"date":"2023-04-23T17:22:04","date_gmt":"2023-04-23T15:22:04","guid":{"rendered":"https:\/\/www.vetorino.com\/boutique\/product\/manteau-rafraichissant\/"},"modified":"2023-05-23T14:41:51","modified_gmt":"2023-05-23T12:41:51","slug":"manteau-rafraichissant","status":"publish","type":"product","link":"https:\/\/www.vetorino.com\/veterinaire\/pierrebenite-69310\/boutique\/product\/manteau-rafraichissant\/","title":{"rendered":"Manteau rafraichissant pour chien Swamp Cooler"},"content":{"rendered":"<p>Ce\u00a0<strong>manteau rafra\u00eechissant Swamp Cooler pour chien<\/strong>\u00a0est con\u00e7u pour assurer une efficace protection de votre chien contre le soleil.<\/p>\n<p>Syst\u00e8me d\u2019\u00e9vaporation naturelle pour garder le chien au frais.<\/p>\n<p>En effet, ce manteau rafra\u00eechissant pour chien Swamp Cooler, permet de baisser la temp\u00e9rature du chien lors de grosses chaleurs, promenades\u2026<\/p>\n<p>Utilisation facile : il suffit de le tremper dans l\u2019eau froide, de l\u2019essorer et de le mettre au chien.<\/p>\n<p>Cette\u00a0veste rafra\u00eechissante pour chien est un accessoire id\u00e9al pour permettre \u00e0 votre chien de r\u00e9guler sa temp\u00e9rature lors de balades et\/ou quand la temp\u00e9rature est \u00e9lev\u00e9e. Nous proposons un large choix de\u00a0manteaux de chez Ruffwear\u00a0pour toutes les saisons.<\/p>\n<p>Compos\u00e9 de trois couches, ce gilet rafra\u00eechissant pour chien offre une protection maximale :<\/p>\n<ul>\n<li>Couche externe r\u00e9fl\u00e9chit la chaleur et facilite l&#8217;\u00e9vaporation<\/li>\n<li>Couche interm\u00e9diaire stocke l&#8217;eau (utile pour l&#8217;\u00e9vaporation)<\/li>\n<li>Couche interne qui rafra\u00eechit le chien<\/li>\n<\/ul>\n<p>Voici les atouts du\u00a0manteau rafra\u00eechissant Swamp Cooler pour chien\u00a0:<\/p>\n<ul>\n<li>Utilisation facile<\/li>\n<li>Syst\u00e8me de refroidissement par \u00e9vaporation<\/li>\n<li>Prot\u00e8ge du soleil : protection UV 50+<\/li>\n<li>Utile en cas de grosses chaleurs, lors de promenades\u2026.<\/li>\n<li>Couvre une grande partie pour un maximum de protection et de fra\u00eecheur<\/li>\n<li>Tissu de couleur claire<\/li>\n<li>3 couches<\/li>\n<li>Plusieurs tailles au choix<\/li>\n<li>Bandes r\u00e9fl\u00e9chissantes pour une meilleure visibilit\u00e9 de l\u2019animal dans l\u2019obscurit\u00e9<\/li>\n<\/ul>\n<p>Afin de faire le bon choix au niveau des tailles, nous vous conseillons de vous reporter au guide des tailles ci-dessous.<\/p>\n<p>&nbsp;<\/p>\n<div><img decoding=\"async\" src=\"https:\/\/napoleon-storage.s3.eu-west-3.amazonaws.com\/medias\/tbl-ruffwear-1_1596705742.jpeg\" \/><img decoding=\"async\" src=\"https:\/\/napoleon-storage.s3.eu-west-3.amazonaws.com\/medias\/tbl-ruffwear_1596705750.jpeg\" \/><\/div>\n<p>Il convient de mesurer le tour de poitrail du chien (voir l&#8217;image ci-dessous) et de vous reporter au guide des tailles (en cas de taille interm\u00e9diaire, choisissez la taille suppl\u00e9mentaire) :<\/p>\n<p>De teinte gris, il est disponible en 6 tailles :<\/p>\n<p>&#8211; Manteau rafra\u00eechissant Ruffwear taille XXS : 33 &#8211; 43 cm<\/p>\n<p>&#8211; Manteau rafra\u00eechissant Ruffwear taille XS\u00a0 \u00a0: 43 &#8211; 56 cm<\/p>\n<p>&#8211; Manteau rafra\u00eechissant Ruffwear taille S\u00a0 \u00a0 \u00a0: 56 &#8211; 69 cm<\/p>\n<p>&#8211; Manteau rafra\u00eechissant Ruffwear taille M\u00a0 \u00a0 : 69 &#8211; 81 cm<\/p>\n<p>&#8211; Manteau rafra\u00eechissant Ruffwear taille L\u00a0 \u00a0 \u00a0: 81 &#8211; 91 cm<\/p>\n<p>&#8211; Manteau rafra\u00eechissant Ruffwear taille XL\u00a0 : 91 &#8211; 107 cm.<\/p>\n","protected":false},"excerpt":{"rendered":"<p>Manteau id\u00e9al pour combattre la chaleur.<\/p>\n<ul>\n<li>Syst\u00e8me de refroidissement par \u00e9vaporation<\/li>\n<li>Prot\u00e8ge du soleil : protection UV 50+<\/li>\n<li>Bandes r\u00e9fl\u00e9chissantes pour une meilleure visibilit\u00e9 de l\u2019animal dans l\u2019obscurit\u00e9<\/li>\n<\/ul>\n","protected":false},"featured_media":620103,"template":"","meta":[],"product_cat":[12550,2698,2777],"product_tag":[],"class_list":{"0":"post-600456","1":"product","2":"type-product","3":"status-publish","4":"has-post-thumbnail","6":"product_cat-accessoires-du-chien","7":"product_cat-chien","8":"product_cat-colliers-laisses-et-harnais-pour-chien","9":"pa_marque-ruffwear","11":"first","12":"instock","13":"taxable","14":"shipping-taxable","15":"purchasable","16":"product-type-variable"},"yoast_head":"<!-- This site is optimized with the Yoast SEO plugin v27.3 - https:\/\/yoast.com\/product\/yoast-seo-wordpress\/ -->\n<title>Manteau rafraichissant pour chien Swamp Cooler Ruffwear - V\u00e9torino<\/title>\n<meta name=\"description\" content=\"Manteau id\u00e9al pour combattre la chaleur.   Syst\u00e8me de refroidissement par \u00e9vaporation  Prot\u00e8ge du soleil : protection UV 50+  Bandes r\u00e9fl\u00e9chissantes pour une meilleure visibilit\u00e9 de l\u2019animal dans l\u2019obscurit\u00e9\" \/>\n<meta name=\"robots\" content=\"noindex, nofollow\" \/>\n<meta property=\"og:locale\" content=\"fr_FR\" \/>\n<meta property=\"og:type\" content=\"article\" \/>\n<meta property=\"og:title\" content=\"Manteau rafraichissant pour chien Swamp Cooler Ruffwear - V\u00e9torino\" \/>\n<meta property=\"og:description\" content=\"Manteau id\u00e9al pour combattre la chaleur.   Syst\u00e8me de refroidissement par \u00e9vaporation  Prot\u00e8ge du soleil : protection UV 50+  Bandes r\u00e9fl\u00e9chissantes pour une meilleure visibilit\u00e9 de l\u2019animal dans l\u2019obscurit\u00e9\" \/>\n<meta property=\"og:url\" content=\"https:\/\/www.vetorino.com\/veterinaire\/pierrebenite-69310\/boutique\/product\/manteau-rafraichissant\/\" \/>\n<meta property=\"og:site_name\" content=\"V\u00e9torino\" \/>\n<meta property=\"article:publisher\" content=\"https:\/\/www.facebook.com\/Vetorino\/\" \/>\n<meta property=\"article:modified_time\" content=\"2023-05-23T12:41:51+00:00\" \/>\n<meta property=\"og:image\" content=\"https:\/\/www.vetorino.com\/boutique\/wp-content\/uploads\/2023\/04\/manteau-rafraichissant-pour-chien-swamp-cooler-5ce2be319432d.png\" \/>\n\t<meta property=\"og:image:width\" content=\"650\" \/>\n\t<meta property=\"og:image:height\" content=\"650\" \/>\n\t<meta property=\"og:image:type\" content=\"image\/png\" \/>\n<meta name=\"twitter:card\" content=\"summary_large_image\" \/>\n<meta name=\"twitter:label1\" content=\"Disponibilit\u00e9\" \/>\n\t<meta name=\"twitter:data1\" content=\"En stock\" \/>\n<script type=\"application\/ld+json\" class=\"yoast-schema-graph\">{\"@context\":\"https:\\\/\\\/schema.org\",\"@graph\":[{\"@type\":\"WebPage\",\"@id\":\"https:\\\/\\\/www.vetorino.com\\\/boutique\\\/product\\\/manteau-rafraichissant\\\/\",\"url\":\"https:\\\/\\\/www.vetorino.com\\\/boutique\\\/product\\\/manteau-rafraichissant\\\/\",\"name\":\"Manteau rafraichissant pour chien Swamp Cooler Ruffwear - V\u00e9torino\",\"isPartOf\":{\"@id\":\"https:\\\/\\\/www.vetorino.com\\\/boutique\\\/#website\"},\"primaryImageOfPage\":{\"@id\":\"https:\\\/\\\/www.vetorino.com\\\/boutique\\\/product\\\/manteau-rafraichissant\\\/#primaryimage\"},\"image\":{\"@id\":\"https:\\\/\\\/www.vetorino.com\\\/boutique\\\/product\\\/manteau-rafraichissant\\\/#primaryimage\"},\"thumbnailUrl\":\"https:\\\/\\\/www.vetorino.com\\\/boutique\\\/wp-content\\\/uploads\\\/2023\\\/04\\\/manteau-rafraichissant-pour-chien-swamp-cooler-5ce2be319432d.png\",\"datePublished\":\"2023-04-23T15:22:04+00:00\",\"dateModified\":\"2023-05-23T12:41:51+00:00\",\"description\":\"Manteau id\u00e9al pour combattre la chaleur. Syst\u00e8me de refroidissement par \u00e9vaporation Prot\u00e8ge du soleil : protection UV 50+ Bandes r\u00e9fl\u00e9chissantes pour une meilleure visibilit\u00e9 de l\u2019animal dans l\u2019obscurit\u00e9\",\"breadcrumb\":{\"@id\":\"https:\\\/\\\/www.vetorino.com\\\/boutique\\\/product\\\/manteau-rafraichissant\\\/#breadcrumb\"},\"inLanguage\":\"fr-FR\",\"potentialAction\":[{\"@type\":\"ReadAction\",\"target\":[\"https:\\\/\\\/www.vetorino.com\\\/boutique\\\/product\\\/manteau-rafraichissant\\\/\"]}]},{\"@type\":\"ImageObject\",\"inLanguage\":\"fr-FR\",\"@id\":\"https:\\\/\\\/www.vetorino.com\\\/boutique\\\/product\\\/manteau-rafraichissant\\\/#primaryimage\",\"url\":\"https:\\\/\\\/www.vetorino.com\\\/boutique\\\/wp-content\\\/uploads\\\/2023\\\/04\\\/manteau-rafraichissant-pour-chien-swamp-cooler-5ce2be319432d.png\",\"contentUrl\":\"https:\\\/\\\/www.vetorino.com\\\/boutique\\\/wp-content\\\/uploads\\\/2023\\\/04\\\/manteau-rafraichissant-pour-chien-swamp-cooler-5ce2be319432d.png\",\"width\":650,\"height\":650},{\"@type\":\"BreadcrumbList\",\"@id\":\"https:\\\/\\\/www.vetorino.com\\\/boutique\\\/product\\\/manteau-rafraichissant\\\/#breadcrumb\",\"itemListElement\":[{\"@type\":\"ListItem\",\"position\":1,\"name\":\"Accueil\",\"item\":\"https:\\\/\\\/www.vetorino.com\\\/boutique\\\/\"},{\"@type\":\"ListItem\",\"position\":2,\"name\":\"Produits\",\"item\":\"https:\\\/\\\/www.vetorino.com\\\/boutique\\\/\"},{\"@type\":\"ListItem\",\"position\":3,\"name\":\"Manteau rafraichissant pour chien Swamp Cooler\"}]},{\"@type\":\"WebSite\",\"@id\":\"https:\\\/\\\/www.vetorino.com\\\/boutique\\\/#website\",\"url\":\"https:\\\/\\\/www.vetorino.com\\\/boutique\\\/\",\"name\":\"V\u00e9torino\",\"description\":\"\",\"publisher\":{\"@id\":\"https:\\\/\\\/www.vetorino.com\\\/boutique\\\/#organization\"},\"potentialAction\":[{\"@type\":\"SearchAction\",\"target\":{\"@type\":\"EntryPoint\",\"urlTemplate\":\"https:\\\/\\\/www.vetorino.com\\\/boutique\\\/?s={search_term_string}\"},\"query-input\":{\"@type\":\"PropertyValueSpecification\",\"valueRequired\":true,\"valueName\":\"search_term_string\"}}],\"inLanguage\":\"fr-FR\"},{\"@type\":\"Organization\",\"@id\":\"https:\\\/\\\/www.vetorino.com\\\/boutique\\\/#organization\",\"name\":\"V\u00e9torino\",\"url\":\"https:\\\/\\\/www.vetorino.com\\\/boutique\\\/\",\"logo\":{\"@type\":\"ImageObject\",\"inLanguage\":\"fr-FR\",\"@id\":\"https:\\\/\\\/www.vetorino.com\\\/boutique\\\/#\\\/schema\\\/logo\\\/image\\\/\",\"url\":\"https:\\\/\\\/www.vetorino.com\\\/boutique\\\/wp-content\\\/uploads\\\/2024\\\/10\\\/logo.jpg\",\"contentUrl\":\"https:\\\/\\\/www.vetorino.com\\\/boutique\\\/wp-content\\\/uploads\\\/2024\\\/10\\\/logo.jpg\",\"width\":1200,\"height\":610,\"caption\":\"V\u00e9torino\"},\"image\":{\"@id\":\"https:\\\/\\\/www.vetorino.com\\\/boutique\\\/#\\\/schema\\\/logo\\\/image\\\/\"},\"sameAs\":[\"https:\\\/\\\/www.facebook.com\\\/Vetorino\\\/\",\"https:\\\/\\\/www.instagram.com\\\/vetorino_off\\\/\",\"https:\\\/\\\/www.linkedin.com\\\/company\\\/vtorino\\\/\"]}]}<\/script>\n<meta property=\"product:brand\" content=\"Ruffwear\" \/>\n<meta property=\"og:availability\" content=\"instock\" \/>\n<meta property=\"product:availability\" content=\"instock\" \/>\n<meta property=\"product:condition\" content=\"new\" \/>\n<!-- \/ Yoast SEO plugin. -->","yoast_head_json":{"title":"Manteau rafraichissant pour chien Swamp Cooler Ruffwear - V\u00e9torino","description":"Manteau id\u00e9al pour combattre la chaleur.   Syst\u00e8me de refroidissement par \u00e9vaporation  Prot\u00e8ge du soleil : protection UV 50+  Bandes r\u00e9fl\u00e9chissantes pour une meilleure visibilit\u00e9 de l\u2019animal dans l\u2019obscurit\u00e9","robots":{"index":"noindex","follow":"nofollow"},"og_locale":"fr_FR","og_type":"article","og_title":"Manteau rafraichissant pour chien Swamp Cooler Ruffwear - V\u00e9torino","og_description":"Manteau id\u00e9al pour combattre la chaleur.   Syst\u00e8me de refroidissement par \u00e9vaporation  Prot\u00e8ge du soleil : protection UV 50+  Bandes r\u00e9fl\u00e9chissantes pour une meilleure visibilit\u00e9 de l\u2019animal dans l\u2019obscurit\u00e9","og_url":"https:\/\/www.vetorino.com\/veterinaire\/pierrebenite-69310\/boutique\/product\/manteau-rafraichissant\/","og_site_name":"V\u00e9torino","article_publisher":"https:\/\/www.facebook.com\/Vetorino\/","article_modified_time":"2023-05-23T12:41:51+00:00","og_image":[{"width":650,"height":650,"url":"https:\/\/www.vetorino.com\/boutique\/wp-content\/uploads\/2023\/04\/manteau-rafraichissant-pour-chien-swamp-cooler-5ce2be319432d.png","type":"image\/png"}],"twitter_card":"summary_large_image","twitter_misc":{"Disponibilit\u00e9":"En stock"},"schema":{"@context":"https:\/\/schema.org","@graph":[{"@type":"WebPage","@id":"https:\/\/www.vetorino.com\/boutique\/product\/manteau-rafraichissant\/","url":"https:\/\/www.vetorino.com\/boutique\/product\/manteau-rafraichissant\/","name":"Manteau rafraichissant pour chien Swamp Cooler Ruffwear - V\u00e9torino","isPartOf":{"@id":"https:\/\/www.vetorino.com\/boutique\/#website"},"primaryImageOfPage":{"@id":"https:\/\/www.vetorino.com\/boutique\/product\/manteau-rafraichissant\/#primaryimage"},"image":{"@id":"https:\/\/www.vetorino.com\/boutique\/product\/manteau-rafraichissant\/#primaryimage"},"thumbnailUrl":"https:\/\/www.vetorino.com\/boutique\/wp-content\/uploads\/2023\/04\/manteau-rafraichissant-pour-chien-swamp-cooler-5ce2be319432d.png","datePublished":"2023-04-23T15:22:04+00:00","dateModified":"2023-05-23T12:41:51+00:00","description":"Manteau id\u00e9al pour combattre la chaleur. Syst\u00e8me de refroidissement par \u00e9vaporation Prot\u00e8ge du soleil : protection UV 50+ Bandes r\u00e9fl\u00e9chissantes pour une meilleure visibilit\u00e9 de l\u2019animal dans l\u2019obscurit\u00e9","breadcrumb":{"@id":"https:\/\/www.vetorino.com\/boutique\/product\/manteau-rafraichissant\/#breadcrumb"},"inLanguage":"fr-FR","potentialAction":[{"@type":"ReadAction","target":["https:\/\/www.vetorino.com\/boutique\/product\/manteau-rafraichissant\/"]}]},{"@type":"ImageObject","inLanguage":"fr-FR","@id":"https:\/\/www.vetorino.com\/boutique\/product\/manteau-rafraichissant\/#primaryimage","url":"https:\/\/www.vetorino.com\/boutique\/wp-content\/uploads\/2023\/04\/manteau-rafraichissant-pour-chien-swamp-cooler-5ce2be319432d.png","contentUrl":"https:\/\/www.vetorino.com\/boutique\/wp-content\/uploads\/2023\/04\/manteau-rafraichissant-pour-chien-swamp-cooler-5ce2be319432d.png","width":650,"height":650},{"@type":"BreadcrumbList","@id":"https:\/\/www.vetorino.com\/boutique\/product\/manteau-rafraichissant\/#breadcrumb","itemListElement":[{"@type":"ListItem","position":1,"name":"Accueil","item":"https:\/\/www.vetorino.com\/boutique\/"},{"@type":"ListItem","position":2,"name":"Produits","item":"https:\/\/www.vetorino.com\/boutique\/"},{"@type":"ListItem","position":3,"name":"Manteau rafraichissant pour chien Swamp Cooler"}]},{"@type":"WebSite","@id":"https:\/\/www.vetorino.com\/boutique\/#website","url":"https:\/\/www.vetorino.com\/boutique\/","name":"V\u00e9torino","description":"","publisher":{"@id":"https:\/\/www.vetorino.com\/boutique\/#organization"},"potentialAction":[{"@type":"SearchAction","target":{"@type":"EntryPoint","urlTemplate":"https:\/\/www.vetorino.com\/boutique\/?s={search_term_string}"},"query-input":{"@type":"PropertyValueSpecification","valueRequired":true,"valueName":"search_term_string"}}],"inLanguage":"fr-FR"},{"@type":"Organization","@id":"https:\/\/www.vetorino.com\/boutique\/#organization","name":"V\u00e9torino","url":"https:\/\/www.vetorino.com\/boutique\/","logo":{"@type":"ImageObject","inLanguage":"fr-FR","@id":"https:\/\/www.vetorino.com\/boutique\/#\/schema\/logo\/image\/","url":"https:\/\/www.vetorino.com\/boutique\/wp-content\/uploads\/2024\/10\/logo.jpg","contentUrl":"https:\/\/www.vetorino.com\/boutique\/wp-content\/uploads\/2024\/10\/logo.jpg","width":1200,"height":610,"caption":"V\u00e9torino"},"image":{"@id":"https:\/\/www.vetorino.com\/boutique\/#\/schema\/logo\/image\/"},"sameAs":["https:\/\/www.facebook.com\/Vetorino\/","https:\/\/www.instagram.com\/vetorino_off\/","https:\/\/www.linkedin.com\/company\/vtorino\/"]}]},"product_brand":"Ruffwear","og_availability":"instock","product_availability":"instock","product_condition":"new"},"_links":{"self":[{"href":"https:\/\/www.vetorino.com\/veterinaire\/pierrebenite-69310\/boutique\/wp-json\/wp\/v2\/product\/600456","targetHints":{"allow":["GET"]}}],"collection":[{"href":"https:\/\/www.vetorino.com\/veterinaire\/pierrebenite-69310\/boutique\/wp-json\/wp\/v2\/product"}],"about":[{"href":"https:\/\/www.vetorino.com\/veterinaire\/pierrebenite-69310\/boutique\/wp-json\/wp\/v2\/types\/product"}],"wp:featuredmedia":[{"embeddable":true,"href":"https:\/\/www.vetorino.com\/veterinaire\/pierrebenite-69310\/boutique\/wp-json\/wp\/v2\/media\/620103"}],"wp:attachment":[{"href":"https:\/\/www.vetorino.com\/veterinaire\/pierrebenite-69310\/boutique\/wp-json\/wp\/v2\/media?parent=600456"}],"wp:term":[{"taxonomy":"product_cat","embeddable":true,"href":"https:\/\/www.vetorino.com\/veterinaire\/pierrebenite-69310\/boutique\/wp-json\/wp\/v2\/product_cat?post=600456"},{"taxonomy":"product_tag","embeddable":true,"href":"https:\/\/www.vetorino.com\/veterinaire\/pierrebenite-69310\/boutique\/wp-json\/wp\/v2\/product_tag?post=600456"}],"curies":[{"name":"wp","href":"https:\/\/api.w.org\/{rel}","templated":true}]}}