{"id":603393,"date":"2023-04-27T05:35:18","date_gmt":"2023-04-27T03:35:18","guid":{"rendered":"https:\/\/www.vetorino.com\/boutique\/product\/ziggy-patee-chaton-boeuf\/"},"modified":"2025-11-12T17:59:14","modified_gmt":"2025-11-12T16:59:14","slug":"ziggy-patee-chaton-boeuf","status":"publish","type":"product","link":"https:\/\/www.vetorino.com\/veterinaire\/pierrebenite-69310\/boutique\/product\/ziggy-patee-chaton-boeuf\/","title":{"rendered":"P\u00e2t\u00e9e Chaton Sans C\u00e9r\u00e9ales Boeuf"},"content":{"rendered":"<p>Une recette pens\u00e9e pour chatons, sans amidon, compos\u00e9e de prot\u00e9ines animales d\u2019excellente qualit\u00e9 ainsi que de bons l\u00e9gumes, sources de fibres et ultra gourmands, pour favoriser une digestion saine, des selles peu volumineuses et une liti\u00e8re moins odorante !<\/p>\n<p>Un aliment compos\u00e9 uniquement de bons ingr\u00e9dients et riche en prot\u00e9ines d\u2019excellente qualit\u00e9 pour contribuer au d\u00e9veloppement de la masse musculaire des chatons et leur permettre une bonne croissance pleine d\u2019\u00e9nergie et de ronrons !<\/p>\n<p>Un aliment parfaitement \u00e9quilibr\u00e9, riche en acides gras Om\u00e9ga 3 (EPA &amp; DHA) qui contribuent \u00e0 la beaut\u00e9 de son pelage et de sa peau tout en renfor\u00e7ant ses poils pour r\u00e9duire leur perte.<\/p>\n<p>Ingr\u00e9dients :<\/p>\n<ul>\n<li><strong>Boeuf 43%<\/strong>\u00a0(C\u0153ur, Lobe de Poumon)<\/li>\n<li><strong>Porc 23,5%<\/strong>\u00a0(C\u0153ur)<\/li>\n<li>Eau<\/li>\n<li>Carottes<\/li>\n<li><strong>Poulet 3%<\/strong>\u00a0(Foie)<\/li>\n<li>Huile de colza<\/li>\n<li>Levure de bi\u00e8re<\/li>\n<li>Haricots Verts d\u00e9shydrat\u00e9s<\/li>\n<li>Huile de Poisson (sardines, anchois, maquereaux)<\/li>\n<li>Min\u00e9raux<\/li>\n<li>Thym<\/li>\n<\/ul>\n","protected":false},"excerpt":{"rendered":"<p data-pm-slice=\"1 1 []\">Une d\u00e9licieuse p\u00e2t\u00e9e au\u00a0<strong>Boeuf<\/strong>\u00a0pour Chaton (d\u00e8s le sevrage jusqu&#8217;\u00e0 la fin de sa croissance), riche en prot\u00e9ines de qualit\u00e9 et r\u00e9pondant \u00e0 tous les besoins nutritionnels de votre b\u00e9b\u00e9 chat : de vrais bons ingr\u00e9dients, une composition claire et transparente.<\/p>\n<p>Formul\u00e9e sans amidon, sans c\u00e9r\u00e9ales, avec tr\u00e8s peu de glucides et de bons acides gras essentiels, elle est id\u00e9ale pour accompagner votre chaton tout au long de sa croissance et prendre soin de sa sant\u00e9. Rien de mieux pour d\u00e9marrer une belle vie de chat !<\/p>\n","protected":false},"featured_media":1036926,"template":"","meta":[],"product_cat":[12551,12583,2697],"product_tag":[],"class_list":{"0":"post-603393","1":"product","2":"type-product","3":"status-publish","4":"has-post-thumbnail","6":"product_cat-alimentation-du-chat","7":"product_cat-alimentation-premium-pour-chat","8":"product_cat-chat","9":"pa_marque-s-a-s-ziggy","11":"first","12":"instock","13":"taxable","14":"shipping-taxable","15":"purchasable","16":"product-type-variable"},"yoast_head":"<!-- This site is optimized with the Yoast SEO plugin v27.3 - https:\/\/yoast.com\/product\/yoast-seo-wordpress\/ -->\n<title>P\u00e2t\u00e9e Chaton Sans C\u00e9r\u00e9ales Boeuf Ziggy - V\u00e9torino<\/title>\n<meta name=\"description\" content=\"Une d\u00e9licieuse p\u00e2t\u00e9e au\u00a0Boeuf\u00a0pour Chaton (d\u00e8s le sevrage jusqu&#039;\u00e0 la fin de sa croissance), riche en prot\u00e9ines de qualit\u00e9 et r\u00e9pondant \u00e0 tous les besoins nutritionnels de votre b\u00e9b\u00e9 chat : de vrais bons ingr\u00e9dients, une composition claire et transparente. Formul\u00e9e sans amidon, sans c\u00e9r\u00e9ales, avec tr\u00e8s peu de glucides et de bons acides gras essentiels, elle est id\u00e9ale pour accompagner votre chaton tout au long de sa croissance et prendre soin de sa sant\u00e9. Rien de mieux pour d\u00e9marrer une belle vie de chat !\" \/>\n<meta name=\"robots\" content=\"noindex, nofollow\" \/>\n<meta property=\"og:locale\" content=\"fr_FR\" \/>\n<meta property=\"og:type\" content=\"article\" \/>\n<meta property=\"og:title\" content=\"P\u00e2t\u00e9e Chaton Sans C\u00e9r\u00e9ales Boeuf Ziggy - V\u00e9torino\" \/>\n<meta property=\"og:description\" content=\"Une d\u00e9licieuse p\u00e2t\u00e9e au\u00a0Boeuf\u00a0pour Chaton (d\u00e8s le sevrage jusqu&#039;\u00e0 la fin de sa croissance), riche en prot\u00e9ines de qualit\u00e9 et r\u00e9pondant \u00e0 tous les besoins nutritionnels de votre b\u00e9b\u00e9 chat : de vrais bons ingr\u00e9dients, une composition claire et transparente. Formul\u00e9e sans amidon, sans c\u00e9r\u00e9ales, avec tr\u00e8s peu de glucides et de bons acides gras essentiels, elle est id\u00e9ale pour accompagner votre chaton tout au long de sa croissance et prendre soin de sa sant\u00e9. Rien de mieux pour d\u00e9marrer une belle vie de chat !\" \/>\n<meta property=\"og:url\" content=\"https:\/\/www.vetorino.com\/veterinaire\/pierrebenite-69310\/boutique\/product\/ziggy-patee-chaton-boeuf\/\" \/>\n<meta property=\"og:site_name\" content=\"V\u00e9torino\" \/>\n<meta property=\"article:publisher\" content=\"https:\/\/www.facebook.com\/Vetorino\/\" \/>\n<meta property=\"article:modified_time\" content=\"2025-11-12T16:59:14+00:00\" \/>\n<meta property=\"og:image\" content=\"https:\/\/www.vetorino.com\/boutique\/wp-content\/uploads\/2023\/04\/NEW.PateeChaton-Boeuflotx4new1qte.webp\" \/>\n\t<meta property=\"og:image:width\" content=\"1080\" \/>\n\t<meta property=\"og:image:height\" content=\"1080\" \/>\n\t<meta property=\"og:image:type\" content=\"image\/webp\" \/>\n<meta name=\"twitter:card\" content=\"summary_large_image\" \/>\n<meta name=\"twitter:label1\" content=\"Disponibilit\u00e9\" \/>\n\t<meta name=\"twitter:data1\" content=\"En stock\" \/>\n<script type=\"application\/ld+json\" class=\"yoast-schema-graph\">{\"@context\":\"https:\\\/\\\/schema.org\",\"@graph\":[{\"@type\":\"WebPage\",\"@id\":\"https:\\\/\\\/www.vetorino.com\\\/boutique\\\/product\\\/ziggy-patee-chaton-boeuf\\\/\",\"url\":\"https:\\\/\\\/www.vetorino.com\\\/boutique\\\/product\\\/ziggy-patee-chaton-boeuf\\\/\",\"name\":\"P\u00e2t\u00e9e Chaton Sans C\u00e9r\u00e9ales Boeuf Ziggy - V\u00e9torino\",\"isPartOf\":{\"@id\":\"https:\\\/\\\/www.vetorino.com\\\/boutique\\\/#website\"},\"primaryImageOfPage\":{\"@id\":\"https:\\\/\\\/www.vetorino.com\\\/boutique\\\/product\\\/ziggy-patee-chaton-boeuf\\\/#primaryimage\"},\"image\":{\"@id\":\"https:\\\/\\\/www.vetorino.com\\\/boutique\\\/product\\\/ziggy-patee-chaton-boeuf\\\/#primaryimage\"},\"thumbnailUrl\":\"https:\\\/\\\/www.vetorino.com\\\/boutique\\\/wp-content\\\/uploads\\\/2023\\\/04\\\/NEW.PateeChaton-Boeuflotx4new1qte.webp\",\"datePublished\":\"2023-04-27T03:35:18+00:00\",\"dateModified\":\"2025-11-12T16:59:14+00:00\",\"description\":\"Une d\u00e9licieuse p\u00e2t\u00e9e au\u00a0Boeuf\u00a0pour Chaton (d\u00e8s le sevrage jusqu'\u00e0 la fin de sa croissance), riche en prot\u00e9ines de qualit\u00e9 et r\u00e9pondant \u00e0 tous les besoins nutritionnels de votre b\u00e9b\u00e9 chat : de vrais bons ingr\u00e9dients, une composition claire et transparente. Formul\u00e9e sans amidon, sans c\u00e9r\u00e9ales, avec tr\u00e8s peu de glucides et de bons acides gras essentiels, elle est id\u00e9ale pour accompagner votre chaton tout au long de sa croissance et prendre soin de sa sant\u00e9. Rien de mieux pour d\u00e9marrer une belle vie de chat !\",\"breadcrumb\":{\"@id\":\"https:\\\/\\\/www.vetorino.com\\\/boutique\\\/product\\\/ziggy-patee-chaton-boeuf\\\/#breadcrumb\"},\"inLanguage\":\"fr-FR\",\"potentialAction\":[{\"@type\":\"ReadAction\",\"target\":[\"https:\\\/\\\/www.vetorino.com\\\/boutique\\\/product\\\/ziggy-patee-chaton-boeuf\\\/\"]}]},{\"@type\":\"ImageObject\",\"inLanguage\":\"fr-FR\",\"@id\":\"https:\\\/\\\/www.vetorino.com\\\/boutique\\\/product\\\/ziggy-patee-chaton-boeuf\\\/#primaryimage\",\"url\":\"https:\\\/\\\/www.vetorino.com\\\/boutique\\\/wp-content\\\/uploads\\\/2023\\\/04\\\/NEW.PateeChaton-Boeuflotx4new1qte.webp\",\"contentUrl\":\"https:\\\/\\\/www.vetorino.com\\\/boutique\\\/wp-content\\\/uploads\\\/2023\\\/04\\\/NEW.PateeChaton-Boeuflotx4new1qte.webp\",\"width\":1080,\"height\":1080},{\"@type\":\"BreadcrumbList\",\"@id\":\"https:\\\/\\\/www.vetorino.com\\\/boutique\\\/product\\\/ziggy-patee-chaton-boeuf\\\/#breadcrumb\",\"itemListElement\":[{\"@type\":\"ListItem\",\"position\":1,\"name\":\"Accueil\",\"item\":\"https:\\\/\\\/www.vetorino.com\\\/boutique\\\/\"},{\"@type\":\"ListItem\",\"position\":2,\"name\":\"Produits\",\"item\":\"https:\\\/\\\/www.vetorino.com\\\/boutique\\\/\"},{\"@type\":\"ListItem\",\"position\":3,\"name\":\"P\u00e2t\u00e9e Chaton Sans C\u00e9r\u00e9ales Boeuf\"}]},{\"@type\":\"WebSite\",\"@id\":\"https:\\\/\\\/www.vetorino.com\\\/boutique\\\/#website\",\"url\":\"https:\\\/\\\/www.vetorino.com\\\/boutique\\\/\",\"name\":\"V\u00e9torino\",\"description\":\"\",\"publisher\":{\"@id\":\"https:\\\/\\\/www.vetorino.com\\\/boutique\\\/#organization\"},\"potentialAction\":[{\"@type\":\"SearchAction\",\"target\":{\"@type\":\"EntryPoint\",\"urlTemplate\":\"https:\\\/\\\/www.vetorino.com\\\/boutique\\\/?s={search_term_string}\"},\"query-input\":{\"@type\":\"PropertyValueSpecification\",\"valueRequired\":true,\"valueName\":\"search_term_string\"}}],\"inLanguage\":\"fr-FR\"},{\"@type\":\"Organization\",\"@id\":\"https:\\\/\\\/www.vetorino.com\\\/boutique\\\/#organization\",\"name\":\"V\u00e9torino\",\"url\":\"https:\\\/\\\/www.vetorino.com\\\/boutique\\\/\",\"logo\":{\"@type\":\"ImageObject\",\"inLanguage\":\"fr-FR\",\"@id\":\"https:\\\/\\\/www.vetorino.com\\\/boutique\\\/#\\\/schema\\\/logo\\\/image\\\/\",\"url\":\"https:\\\/\\\/www.vetorino.com\\\/boutique\\\/wp-content\\\/uploads\\\/2024\\\/10\\\/logo.jpg\",\"contentUrl\":\"https:\\\/\\\/www.vetorino.com\\\/boutique\\\/wp-content\\\/uploads\\\/2024\\\/10\\\/logo.jpg\",\"width\":1200,\"height\":610,\"caption\":\"V\u00e9torino\"},\"image\":{\"@id\":\"https:\\\/\\\/www.vetorino.com\\\/boutique\\\/#\\\/schema\\\/logo\\\/image\\\/\"},\"sameAs\":[\"https:\\\/\\\/www.facebook.com\\\/Vetorino\\\/\",\"https:\\\/\\\/www.instagram.com\\\/vetorino_off\\\/\",\"https:\\\/\\\/www.linkedin.com\\\/company\\\/vtorino\\\/\"]}]}<\/script>\n<meta property=\"product:brand\" content=\"Ziggy\" \/>\n<meta property=\"og:availability\" content=\"instock\" \/>\n<meta property=\"product:availability\" content=\"instock\" \/>\n<meta property=\"product:condition\" content=\"new\" \/>\n<!-- \/ Yoast SEO plugin. -->","yoast_head_json":{"title":"P\u00e2t\u00e9e Chaton Sans C\u00e9r\u00e9ales Boeuf Ziggy - V\u00e9torino","description":"Une d\u00e9licieuse p\u00e2t\u00e9e au\u00a0Boeuf\u00a0pour Chaton (d\u00e8s le sevrage jusqu'\u00e0 la fin de sa croissance), riche en prot\u00e9ines de qualit\u00e9 et r\u00e9pondant \u00e0 tous les besoins nutritionnels de votre b\u00e9b\u00e9 chat : de vrais bons ingr\u00e9dients, une composition claire et transparente. Formul\u00e9e sans amidon, sans c\u00e9r\u00e9ales, avec tr\u00e8s peu de glucides et de bons acides gras essentiels, elle est id\u00e9ale pour accompagner votre chaton tout au long de sa croissance et prendre soin de sa sant\u00e9. Rien de mieux pour d\u00e9marrer une belle vie de chat !","robots":{"index":"noindex","follow":"nofollow"},"og_locale":"fr_FR","og_type":"article","og_title":"P\u00e2t\u00e9e Chaton Sans C\u00e9r\u00e9ales Boeuf Ziggy - V\u00e9torino","og_description":"Une d\u00e9licieuse p\u00e2t\u00e9e au\u00a0Boeuf\u00a0pour Chaton (d\u00e8s le sevrage jusqu'\u00e0 la fin de sa croissance), riche en prot\u00e9ines de qualit\u00e9 et r\u00e9pondant \u00e0 tous les besoins nutritionnels de votre b\u00e9b\u00e9 chat : de vrais bons ingr\u00e9dients, une composition claire et transparente. Formul\u00e9e sans amidon, sans c\u00e9r\u00e9ales, avec tr\u00e8s peu de glucides et de bons acides gras essentiels, elle est id\u00e9ale pour accompagner votre chaton tout au long de sa croissance et prendre soin de sa sant\u00e9. Rien de mieux pour d\u00e9marrer une belle vie de chat !","og_url":"https:\/\/www.vetorino.com\/veterinaire\/pierrebenite-69310\/boutique\/product\/ziggy-patee-chaton-boeuf\/","og_site_name":"V\u00e9torino","article_publisher":"https:\/\/www.facebook.com\/Vetorino\/","article_modified_time":"2025-11-12T16:59:14+00:00","og_image":[{"width":1080,"height":1080,"url":"https:\/\/www.vetorino.com\/boutique\/wp-content\/uploads\/2023\/04\/NEW.PateeChaton-Boeuflotx4new1qte.webp","type":"image\/webp"}],"twitter_card":"summary_large_image","twitter_misc":{"Disponibilit\u00e9":"En stock"},"schema":{"@context":"https:\/\/schema.org","@graph":[{"@type":"WebPage","@id":"https:\/\/www.vetorino.com\/boutique\/product\/ziggy-patee-chaton-boeuf\/","url":"https:\/\/www.vetorino.com\/boutique\/product\/ziggy-patee-chaton-boeuf\/","name":"P\u00e2t\u00e9e Chaton Sans C\u00e9r\u00e9ales Boeuf Ziggy - V\u00e9torino","isPartOf":{"@id":"https:\/\/www.vetorino.com\/boutique\/#website"},"primaryImageOfPage":{"@id":"https:\/\/www.vetorino.com\/boutique\/product\/ziggy-patee-chaton-boeuf\/#primaryimage"},"image":{"@id":"https:\/\/www.vetorino.com\/boutique\/product\/ziggy-patee-chaton-boeuf\/#primaryimage"},"thumbnailUrl":"https:\/\/www.vetorino.com\/boutique\/wp-content\/uploads\/2023\/04\/NEW.PateeChaton-Boeuflotx4new1qte.webp","datePublished":"2023-04-27T03:35:18+00:00","dateModified":"2025-11-12T16:59:14+00:00","description":"Une d\u00e9licieuse p\u00e2t\u00e9e au\u00a0Boeuf\u00a0pour Chaton (d\u00e8s le sevrage jusqu'\u00e0 la fin de sa croissance), riche en prot\u00e9ines de qualit\u00e9 et r\u00e9pondant \u00e0 tous les besoins nutritionnels de votre b\u00e9b\u00e9 chat : de vrais bons ingr\u00e9dients, une composition claire et transparente. Formul\u00e9e sans amidon, sans c\u00e9r\u00e9ales, avec tr\u00e8s peu de glucides et de bons acides gras essentiels, elle est id\u00e9ale pour accompagner votre chaton tout au long de sa croissance et prendre soin de sa sant\u00e9. Rien de mieux pour d\u00e9marrer une belle vie de chat !","breadcrumb":{"@id":"https:\/\/www.vetorino.com\/boutique\/product\/ziggy-patee-chaton-boeuf\/#breadcrumb"},"inLanguage":"fr-FR","potentialAction":[{"@type":"ReadAction","target":["https:\/\/www.vetorino.com\/boutique\/product\/ziggy-patee-chaton-boeuf\/"]}]},{"@type":"ImageObject","inLanguage":"fr-FR","@id":"https:\/\/www.vetorino.com\/boutique\/product\/ziggy-patee-chaton-boeuf\/#primaryimage","url":"https:\/\/www.vetorino.com\/boutique\/wp-content\/uploads\/2023\/04\/NEW.PateeChaton-Boeuflotx4new1qte.webp","contentUrl":"https:\/\/www.vetorino.com\/boutique\/wp-content\/uploads\/2023\/04\/NEW.PateeChaton-Boeuflotx4new1qte.webp","width":1080,"height":1080},{"@type":"BreadcrumbList","@id":"https:\/\/www.vetorino.com\/boutique\/product\/ziggy-patee-chaton-boeuf\/#breadcrumb","itemListElement":[{"@type":"ListItem","position":1,"name":"Accueil","item":"https:\/\/www.vetorino.com\/boutique\/"},{"@type":"ListItem","position":2,"name":"Produits","item":"https:\/\/www.vetorino.com\/boutique\/"},{"@type":"ListItem","position":3,"name":"P\u00e2t\u00e9e Chaton Sans C\u00e9r\u00e9ales Boeuf"}]},{"@type":"WebSite","@id":"https:\/\/www.vetorino.com\/boutique\/#website","url":"https:\/\/www.vetorino.com\/boutique\/","name":"V\u00e9torino","description":"","publisher":{"@id":"https:\/\/www.vetorino.com\/boutique\/#organization"},"potentialAction":[{"@type":"SearchAction","target":{"@type":"EntryPoint","urlTemplate":"https:\/\/www.vetorino.com\/boutique\/?s={search_term_string}"},"query-input":{"@type":"PropertyValueSpecification","valueRequired":true,"valueName":"search_term_string"}}],"inLanguage":"fr-FR"},{"@type":"Organization","@id":"https:\/\/www.vetorino.com\/boutique\/#organization","name":"V\u00e9torino","url":"https:\/\/www.vetorino.com\/boutique\/","logo":{"@type":"ImageObject","inLanguage":"fr-FR","@id":"https:\/\/www.vetorino.com\/boutique\/#\/schema\/logo\/image\/","url":"https:\/\/www.vetorino.com\/boutique\/wp-content\/uploads\/2024\/10\/logo.jpg","contentUrl":"https:\/\/www.vetorino.com\/boutique\/wp-content\/uploads\/2024\/10\/logo.jpg","width":1200,"height":610,"caption":"V\u00e9torino"},"image":{"@id":"https:\/\/www.vetorino.com\/boutique\/#\/schema\/logo\/image\/"},"sameAs":["https:\/\/www.facebook.com\/Vetorino\/","https:\/\/www.instagram.com\/vetorino_off\/","https:\/\/www.linkedin.com\/company\/vtorino\/"]}]},"product_brand":"Ziggy","og_availability":"instock","product_availability":"instock","product_condition":"new"},"_links":{"self":[{"href":"https:\/\/www.vetorino.com\/veterinaire\/pierrebenite-69310\/boutique\/wp-json\/wp\/v2\/product\/603393","targetHints":{"allow":["GET"]}}],"collection":[{"href":"https:\/\/www.vetorino.com\/veterinaire\/pierrebenite-69310\/boutique\/wp-json\/wp\/v2\/product"}],"about":[{"href":"https:\/\/www.vetorino.com\/veterinaire\/pierrebenite-69310\/boutique\/wp-json\/wp\/v2\/types\/product"}],"wp:featuredmedia":[{"embeddable":true,"href":"https:\/\/www.vetorino.com\/veterinaire\/pierrebenite-69310\/boutique\/wp-json\/wp\/v2\/media\/1036926"}],"wp:attachment":[{"href":"https:\/\/www.vetorino.com\/veterinaire\/pierrebenite-69310\/boutique\/wp-json\/wp\/v2\/media?parent=603393"}],"wp:term":[{"taxonomy":"product_cat","embeddable":true,"href":"https:\/\/www.vetorino.com\/veterinaire\/pierrebenite-69310\/boutique\/wp-json\/wp\/v2\/product_cat?post=603393"},{"taxonomy":"product_tag","embeddable":true,"href":"https:\/\/www.vetorino.com\/veterinaire\/pierrebenite-69310\/boutique\/wp-json\/wp\/v2\/product_tag?post=603393"}],"curies":[{"name":"wp","href":"https:\/\/api.w.org\/{rel}","templated":true}]}}