{"id":702426,"date":"2023-09-25T11:52:36","date_gmt":"2023-09-25T09:52:36","guid":{"rendered":"https:\/\/www.vetorino.com\/boutique\/product\/zylkene-plus-30-60-kg-450-mg\/"},"modified":"2025-07-22T16:09:05","modified_gmt":"2025-07-22T14:09:05","slug":"zylkene-plus-30-60-kg-450-mg","status":"publish","type":"product","link":"https:\/\/www.vetorino.com\/veterinaire\/pierrebenite-69310\/boutique\/product\/zylkene-plus-30-60-kg-450-mg\/","title":{"rendered":"Zylkene Plus 450 mg &#8211; chien 15-60 kg"},"content":{"rendered":"<p><strong>Le Zyklene Chew Pouch 75 mg est un compl\u00e9ment alimentaire contenant de savoureuses bouch\u00e9es, con\u00e7u sp\u00e9cialement pour r\u00e9duire le stress de votre animal lors de situations ind\u00e9sirables.<\/strong><\/p>\n<p><strong>Les bienfaits du compl\u00e9ment alimentaire Zyklene Chew Pouch 75 mg :<\/strong><\/p>\n<ul>\n<li>Le Zylkene Plus 450 mg est sp\u00e9cialement formul\u00e9 pour garantir un effet apaisant aux chiens pouvant \u00eatre sujets au stress ou \u00e0 de l&#8217;anxi\u00e9t\u00e9.<\/li>\n<li>Il est con\u00e7u \u00e0 partir d&#8217;une mol\u00e9cule d\u00e9riv\u00e9e du lait d&#8217;origine naturelle.<\/li>\n<li>Cette substance imite les effets calmants du lait maternel, ce qui permet de g\u00e9rer le stress et l&#8217;anxi\u00e9t\u00e9 de votre chien.<\/li>\n<li>Ce compl\u00e9ment est sans lactose, ce qui le rend adapt\u00e9 m\u00eame pour les chiens sensibles ou intol\u00e9rants au lactose.<\/li>\n<li>Le Zylkene Plus peut \u00eatre b\u00e9n\u00e9fique pour diff\u00e9rentes situations (changement d&#8217;environnement, d\u00e9m\u00e9nagement, adoption, orages).<\/li>\n<li>Ce compl\u00e9ment est pr\u00e9sent\u00e9 sous forme de g\u00e9lules contenant une poudre soluble, ce qui le rend facile \u00e0 administrer.<\/li>\n<li>De plus, il est formul\u00e9 sans conservateurs afin d&#8217;\u00eatre s\u00fbr pour votre animal de compagnie. Cela r\u00e9duit les risques d&#8217;allergies ou de r\u00e9actions ind\u00e9sirables.<\/li>\n<\/ul>\n","protected":false},"excerpt":{"rendered":"<p><strong>Zylkene\u00ae plus<\/strong>\u00a0est un aliment compl\u00e9mentaire dont la formulation unique \u00e0 base de deux ingr\u00e9dients d\u2019origine naturelle, <strong>aide \u00e0 apaiser les animaux de compagnie<\/strong> confront\u00e9s \u00e0 des situations d\u00e9stabilisantes durables ou r\u00e9currentes (<em>adoption, d\u00e9m\u00e9nagement, absence des propri\u00e9taires, ..<\/em>.).<\/p>\n","protected":false},"featured_media":909758,"template":"","meta":[],"product_cat":[12552,2738,2786,2698],"product_tag":[],"class_list":{"0":"post-702426","1":"product","2":"type-product","3":"status-publish","4":"has-post-thumbnail","6":"product_cat-alimentation-du-chien","7":"product_cat-aliments-complementaires-pour-chien","8":"product_cat-anti-stress-et-anxiete-du-chien","9":"product_cat-chien","10":"pa_marque-vetoquinol","12":"first","13":"outofstock","14":"taxable","15":"shipping-taxable","16":"purchasable","17":"product-type-simple"},"yoast_head":"<!-- This site is optimized with the Yoast SEO plugin v27.3 - https:\/\/yoast.com\/product\/yoast-seo-wordpress\/ -->\n<title>Zylkene Zylkene Plus 450 mg - chien 15-60 kg V\u00e9toquinol - V\u00e9torino<\/title>\n<meta name=\"description\" content=\"Zylkene\u00ae plus\u00a0est un aliment compl\u00e9mentaire dont la formulation unique \u00e0 base de deux ingr\u00e9dients d\u2019origine naturelle, aide \u00e0 apaiser les animaux de compagnie confront\u00e9s \u00e0 des situations d\u00e9stabilisantes durables ou r\u00e9currentes (adoption, d\u00e9m\u00e9nagement, absence des propri\u00e9taires, ...).\" \/>\n<meta name=\"robots\" content=\"noindex, nofollow\" \/>\n<meta property=\"og:locale\" content=\"fr_FR\" \/>\n<meta property=\"og:type\" content=\"article\" \/>\n<meta property=\"og:title\" content=\"Zylkene Zylkene Plus 450 mg - chien 15-60 kg V\u00e9toquinol - V\u00e9torino\" \/>\n<meta property=\"og:description\" content=\"Zylkene\u00ae plus\u00a0est un aliment compl\u00e9mentaire dont la formulation unique \u00e0 base de deux ingr\u00e9dients d\u2019origine naturelle, aide \u00e0 apaiser les animaux de compagnie confront\u00e9s \u00e0 des situations d\u00e9stabilisantes durables ou r\u00e9currentes (adoption, d\u00e9m\u00e9nagement, absence des propri\u00e9taires, ...).\" \/>\n<meta property=\"og:url\" content=\"https:\/\/www.vetorino.com\/veterinaire\/pierrebenite-69310\/boutique\/product\/zylkene-plus-30-60-kg-450-mg\/\" \/>\n<meta property=\"og:site_name\" content=\"V\u00e9torino\" \/>\n<meta property=\"article:publisher\" content=\"https:\/\/www.facebook.com\/Vetorino\/\" \/>\n<meta property=\"article:modified_time\" content=\"2025-07-22T14:09:05+00:00\" \/>\n<meta property=\"og:image\" content=\"https:\/\/www.vetorino.com\/boutique\/wp-content\/uploads\/2023\/09\/zylkene-plus-450-mg-chien-de-30-a-60-kg.webp\" \/>\n\t<meta property=\"og:image:width\" content=\"800\" \/>\n\t<meta property=\"og:image:height\" content=\"800\" \/>\n\t<meta property=\"og:image:type\" content=\"image\/webp\" \/>\n<meta name=\"twitter:card\" content=\"summary_large_image\" \/>\n<meta name=\"twitter:label1\" content=\"Prix\" \/>\n\t<meta name=\"twitter:data1\" content=\"54,77&euro;\" \/>\n\t<meta name=\"twitter:label2\" content=\"Disponibilit\u00e9\" \/>\n\t<meta name=\"twitter:data2\" content=\"Rupture de stock\" \/>\n<script type=\"application\/ld+json\" class=\"yoast-schema-graph\">{\"@context\":\"https:\\\/\\\/schema.org\",\"@graph\":[{\"@type\":\"WebPage\",\"@id\":\"https:\\\/\\\/www.vetorino.com\\\/boutique\\\/product\\\/zylkene-plus-30-60-kg-450-mg\\\/\",\"url\":\"https:\\\/\\\/www.vetorino.com\\\/boutique\\\/product\\\/zylkene-plus-30-60-kg-450-mg\\\/\",\"name\":\"Zylkene Zylkene Plus 450 mg - chien 15-60 kg V\u00e9toquinol - V\u00e9torino\",\"isPartOf\":{\"@id\":\"https:\\\/\\\/www.vetorino.com\\\/boutique\\\/#website\"},\"primaryImageOfPage\":{\"@id\":\"https:\\\/\\\/www.vetorino.com\\\/boutique\\\/product\\\/zylkene-plus-30-60-kg-450-mg\\\/#primaryimage\"},\"image\":{\"@id\":\"https:\\\/\\\/www.vetorino.com\\\/boutique\\\/product\\\/zylkene-plus-30-60-kg-450-mg\\\/#primaryimage\"},\"thumbnailUrl\":\"https:\\\/\\\/www.vetorino.com\\\/boutique\\\/wp-content\\\/uploads\\\/2023\\\/09\\\/zylkene-plus-450-mg-chien-de-30-a-60-kg.webp\",\"datePublished\":\"2023-09-25T09:52:36+00:00\",\"dateModified\":\"2025-07-22T14:09:05+00:00\",\"description\":\"Zylkene\u00ae plus\u00a0est un aliment compl\u00e9mentaire dont la formulation unique \u00e0 base de deux ingr\u00e9dients d\u2019origine naturelle, aide \u00e0 apaiser les animaux de compagnie confront\u00e9s \u00e0 des situations d\u00e9stabilisantes durables ou r\u00e9currentes (adoption, d\u00e9m\u00e9nagement, absence des propri\u00e9taires, ...).\",\"breadcrumb\":{\"@id\":\"https:\\\/\\\/www.vetorino.com\\\/boutique\\\/product\\\/zylkene-plus-30-60-kg-450-mg\\\/#breadcrumb\"},\"inLanguage\":\"fr-FR\",\"potentialAction\":[{\"@type\":\"ReadAction\",\"target\":[\"https:\\\/\\\/www.vetorino.com\\\/boutique\\\/product\\\/zylkene-plus-30-60-kg-450-mg\\\/\"]}]},{\"@type\":\"ImageObject\",\"inLanguage\":\"fr-FR\",\"@id\":\"https:\\\/\\\/www.vetorino.com\\\/boutique\\\/product\\\/zylkene-plus-30-60-kg-450-mg\\\/#primaryimage\",\"url\":\"https:\\\/\\\/www.vetorino.com\\\/boutique\\\/wp-content\\\/uploads\\\/2023\\\/09\\\/zylkene-plus-450-mg-chien-de-30-a-60-kg.webp\",\"contentUrl\":\"https:\\\/\\\/www.vetorino.com\\\/boutique\\\/wp-content\\\/uploads\\\/2023\\\/09\\\/zylkene-plus-450-mg-chien-de-30-a-60-kg.webp\",\"width\":800,\"height\":800},{\"@type\":\"BreadcrumbList\",\"@id\":\"https:\\\/\\\/www.vetorino.com\\\/boutique\\\/product\\\/zylkene-plus-30-60-kg-450-mg\\\/#breadcrumb\",\"itemListElement\":[{\"@type\":\"ListItem\",\"position\":1,\"name\":\"Accueil\",\"item\":\"https:\\\/\\\/www.vetorino.com\\\/boutique\\\/\"},{\"@type\":\"ListItem\",\"position\":2,\"name\":\"Produits\",\"item\":\"https:\\\/\\\/www.vetorino.com\\\/boutique\\\/\"},{\"@type\":\"ListItem\",\"position\":3,\"name\":\"Zylkene Plus 450 mg &#8211; chien 15-60 kg\"}]},{\"@type\":\"WebSite\",\"@id\":\"https:\\\/\\\/www.vetorino.com\\\/boutique\\\/#website\",\"url\":\"https:\\\/\\\/www.vetorino.com\\\/boutique\\\/\",\"name\":\"V\u00e9torino\",\"description\":\"\",\"publisher\":{\"@id\":\"https:\\\/\\\/www.vetorino.com\\\/boutique\\\/#organization\"},\"potentialAction\":[{\"@type\":\"SearchAction\",\"target\":{\"@type\":\"EntryPoint\",\"urlTemplate\":\"https:\\\/\\\/www.vetorino.com\\\/boutique\\\/?s={search_term_string}\"},\"query-input\":{\"@type\":\"PropertyValueSpecification\",\"valueRequired\":true,\"valueName\":\"search_term_string\"}}],\"inLanguage\":\"fr-FR\"},{\"@type\":\"Organization\",\"@id\":\"https:\\\/\\\/www.vetorino.com\\\/boutique\\\/#organization\",\"name\":\"V\u00e9torino\",\"url\":\"https:\\\/\\\/www.vetorino.com\\\/boutique\\\/\",\"logo\":{\"@type\":\"ImageObject\",\"inLanguage\":\"fr-FR\",\"@id\":\"https:\\\/\\\/www.vetorino.com\\\/boutique\\\/#\\\/schema\\\/logo\\\/image\\\/\",\"url\":\"https:\\\/\\\/www.vetorino.com\\\/boutique\\\/wp-content\\\/uploads\\\/2024\\\/10\\\/logo.jpg\",\"contentUrl\":\"https:\\\/\\\/www.vetorino.com\\\/boutique\\\/wp-content\\\/uploads\\\/2024\\\/10\\\/logo.jpg\",\"width\":1200,\"height\":610,\"caption\":\"V\u00e9torino\"},\"image\":{\"@id\":\"https:\\\/\\\/www.vetorino.com\\\/boutique\\\/#\\\/schema\\\/logo\\\/image\\\/\"},\"sameAs\":[\"https:\\\/\\\/www.facebook.com\\\/Vetorino\\\/\",\"https:\\\/\\\/www.instagram.com\\\/vetorino_off\\\/\",\"https:\\\/\\\/www.linkedin.com\\\/company\\\/vtorino\\\/\"]}]}<\/script>\n<meta property=\"product:brand\" content=\"V\u00e9toquinol\" \/>\n<meta property=\"product:price:amount\" content=\"54.77\" \/>\n<meta property=\"product:price:currency\" content=\"EUR\" \/>\n<meta property=\"og:availability\" content=\"out of stock\" \/>\n<meta property=\"product:availability\" content=\"out of stock\" \/>\n<meta property=\"product:retailer_item_id\" content=\"A-1868760\" \/>\n<meta property=\"product:condition\" content=\"new\" \/>\n<!-- \/ Yoast SEO plugin. -->","yoast_head_json":{"title":"Zylkene Zylkene Plus 450 mg - chien 15-60 kg V\u00e9toquinol - V\u00e9torino","description":"Zylkene\u00ae plus\u00a0est un aliment compl\u00e9mentaire dont la formulation unique \u00e0 base de deux ingr\u00e9dients d\u2019origine naturelle, aide \u00e0 apaiser les animaux de compagnie confront\u00e9s \u00e0 des situations d\u00e9stabilisantes durables ou r\u00e9currentes (adoption, d\u00e9m\u00e9nagement, absence des propri\u00e9taires, ...).","robots":{"index":"noindex","follow":"nofollow"},"og_locale":"fr_FR","og_type":"article","og_title":"Zylkene Zylkene Plus 450 mg - chien 15-60 kg V\u00e9toquinol - V\u00e9torino","og_description":"Zylkene\u00ae plus\u00a0est un aliment compl\u00e9mentaire dont la formulation unique \u00e0 base de deux ingr\u00e9dients d\u2019origine naturelle, aide \u00e0 apaiser les animaux de compagnie confront\u00e9s \u00e0 des situations d\u00e9stabilisantes durables ou r\u00e9currentes (adoption, d\u00e9m\u00e9nagement, absence des propri\u00e9taires, ...).","og_url":"https:\/\/www.vetorino.com\/veterinaire\/pierrebenite-69310\/boutique\/product\/zylkene-plus-30-60-kg-450-mg\/","og_site_name":"V\u00e9torino","article_publisher":"https:\/\/www.facebook.com\/Vetorino\/","article_modified_time":"2025-07-22T14:09:05+00:00","og_image":[{"width":800,"height":800,"url":"https:\/\/www.vetorino.com\/boutique\/wp-content\/uploads\/2023\/09\/zylkene-plus-450-mg-chien-de-30-a-60-kg.webp","type":"image\/webp"}],"twitter_card":"summary_large_image","twitter_misc":{"Prix":"54,77&euro;","Disponibilit\u00e9":"Rupture de stock"},"schema":{"@context":"https:\/\/schema.org","@graph":[{"@type":"WebPage","@id":"https:\/\/www.vetorino.com\/boutique\/product\/zylkene-plus-30-60-kg-450-mg\/","url":"https:\/\/www.vetorino.com\/boutique\/product\/zylkene-plus-30-60-kg-450-mg\/","name":"Zylkene Zylkene Plus 450 mg - chien 15-60 kg V\u00e9toquinol - V\u00e9torino","isPartOf":{"@id":"https:\/\/www.vetorino.com\/boutique\/#website"},"primaryImageOfPage":{"@id":"https:\/\/www.vetorino.com\/boutique\/product\/zylkene-plus-30-60-kg-450-mg\/#primaryimage"},"image":{"@id":"https:\/\/www.vetorino.com\/boutique\/product\/zylkene-plus-30-60-kg-450-mg\/#primaryimage"},"thumbnailUrl":"https:\/\/www.vetorino.com\/boutique\/wp-content\/uploads\/2023\/09\/zylkene-plus-450-mg-chien-de-30-a-60-kg.webp","datePublished":"2023-09-25T09:52:36+00:00","dateModified":"2025-07-22T14:09:05+00:00","description":"Zylkene\u00ae plus\u00a0est un aliment compl\u00e9mentaire dont la formulation unique \u00e0 base de deux ingr\u00e9dients d\u2019origine naturelle, aide \u00e0 apaiser les animaux de compagnie confront\u00e9s \u00e0 des situations d\u00e9stabilisantes durables ou r\u00e9currentes (adoption, d\u00e9m\u00e9nagement, absence des propri\u00e9taires, ...).","breadcrumb":{"@id":"https:\/\/www.vetorino.com\/boutique\/product\/zylkene-plus-30-60-kg-450-mg\/#breadcrumb"},"inLanguage":"fr-FR","potentialAction":[{"@type":"ReadAction","target":["https:\/\/www.vetorino.com\/boutique\/product\/zylkene-plus-30-60-kg-450-mg\/"]}]},{"@type":"ImageObject","inLanguage":"fr-FR","@id":"https:\/\/www.vetorino.com\/boutique\/product\/zylkene-plus-30-60-kg-450-mg\/#primaryimage","url":"https:\/\/www.vetorino.com\/boutique\/wp-content\/uploads\/2023\/09\/zylkene-plus-450-mg-chien-de-30-a-60-kg.webp","contentUrl":"https:\/\/www.vetorino.com\/boutique\/wp-content\/uploads\/2023\/09\/zylkene-plus-450-mg-chien-de-30-a-60-kg.webp","width":800,"height":800},{"@type":"BreadcrumbList","@id":"https:\/\/www.vetorino.com\/boutique\/product\/zylkene-plus-30-60-kg-450-mg\/#breadcrumb","itemListElement":[{"@type":"ListItem","position":1,"name":"Accueil","item":"https:\/\/www.vetorino.com\/boutique\/"},{"@type":"ListItem","position":2,"name":"Produits","item":"https:\/\/www.vetorino.com\/boutique\/"},{"@type":"ListItem","position":3,"name":"Zylkene Plus 450 mg &#8211; chien 15-60 kg"}]},{"@type":"WebSite","@id":"https:\/\/www.vetorino.com\/boutique\/#website","url":"https:\/\/www.vetorino.com\/boutique\/","name":"V\u00e9torino","description":"","publisher":{"@id":"https:\/\/www.vetorino.com\/boutique\/#organization"},"potentialAction":[{"@type":"SearchAction","target":{"@type":"EntryPoint","urlTemplate":"https:\/\/www.vetorino.com\/boutique\/?s={search_term_string}"},"query-input":{"@type":"PropertyValueSpecification","valueRequired":true,"valueName":"search_term_string"}}],"inLanguage":"fr-FR"},{"@type":"Organization","@id":"https:\/\/www.vetorino.com\/boutique\/#organization","name":"V\u00e9torino","url":"https:\/\/www.vetorino.com\/boutique\/","logo":{"@type":"ImageObject","inLanguage":"fr-FR","@id":"https:\/\/www.vetorino.com\/boutique\/#\/schema\/logo\/image\/","url":"https:\/\/www.vetorino.com\/boutique\/wp-content\/uploads\/2024\/10\/logo.jpg","contentUrl":"https:\/\/www.vetorino.com\/boutique\/wp-content\/uploads\/2024\/10\/logo.jpg","width":1200,"height":610,"caption":"V\u00e9torino"},"image":{"@id":"https:\/\/www.vetorino.com\/boutique\/#\/schema\/logo\/image\/"},"sameAs":["https:\/\/www.facebook.com\/Vetorino\/","https:\/\/www.instagram.com\/vetorino_off\/","https:\/\/www.linkedin.com\/company\/vtorino\/"]}]},"product_brand":"V\u00e9toquinol","product_price_amount":"54.77","product_price_currency":"EUR","og_availability":"out of stock","product_availability":"out of stock","product_retailer_item_id":"A-1868760","product_condition":"new"},"_links":{"self":[{"href":"https:\/\/www.vetorino.com\/veterinaire\/pierrebenite-69310\/boutique\/wp-json\/wp\/v2\/product\/702426","targetHints":{"allow":["GET"]}}],"collection":[{"href":"https:\/\/www.vetorino.com\/veterinaire\/pierrebenite-69310\/boutique\/wp-json\/wp\/v2\/product"}],"about":[{"href":"https:\/\/www.vetorino.com\/veterinaire\/pierrebenite-69310\/boutique\/wp-json\/wp\/v2\/types\/product"}],"wp:featuredmedia":[{"embeddable":true,"href":"https:\/\/www.vetorino.com\/veterinaire\/pierrebenite-69310\/boutique\/wp-json\/wp\/v2\/media\/909758"}],"wp:attachment":[{"href":"https:\/\/www.vetorino.com\/veterinaire\/pierrebenite-69310\/boutique\/wp-json\/wp\/v2\/media?parent=702426"}],"wp:term":[{"taxonomy":"product_cat","embeddable":true,"href":"https:\/\/www.vetorino.com\/veterinaire\/pierrebenite-69310\/boutique\/wp-json\/wp\/v2\/product_cat?post=702426"},{"taxonomy":"product_tag","embeddable":true,"href":"https:\/\/www.vetorino.com\/veterinaire\/pierrebenite-69310\/boutique\/wp-json\/wp\/v2\/product_tag?post=702426"}],"curies":[{"name":"wp","href":"https:\/\/api.w.org\/{rel}","templated":true}]}}