{"id":749179,"date":"2023-11-22T10:24:29","date_gmt":"2023-11-22T09:24:29","guid":{"rendered":"https:\/\/www.vetorino.com\/boutique\/product\/kadermin-vet\/"},"modified":"2023-12-06T16:49:24","modified_gmt":"2023-12-06T15:49:24","slug":"kadermin-vet","status":"publish","type":"product","link":"https:\/\/www.vetorino.com\/veterinaire\/pierrebenite-69310\/boutique\/product\/kadermin-vet\/","title":{"rendered":"Kadermin Vet"},"content":{"rendered":"<p><strong>Poudre dermatologique<\/strong><\/p>\n<ul>\n<li>Cr\u00e9\u00e9 une barriere protectrice sur les plaies, les abrasions et en particulier les l\u00e9sions cutan\u00e9es en pr\u00e9sence d&#8217;exsudat.<\/li>\n<li>Favorise la r\u00e9paration tissulaire naturelle de toutes les l\u00e9sions des animaux<\/li>\n<li>Forme une barri\u00e8re filmog\u00e8ne protectrice contre les agressions microbienne, favorisant le retablissement des conditions physiologiques normales pour une cicratisation rapide physiologiques normales pour une cicratisation rapide.<\/li>\n<li>Fonction barri\u00e8re par l&#8217;association du Kaolin avec l&#8217;acide hyaluronique.<\/li>\n<li>Le kaolin absorbe l&#8217;exsudat en exc\u00e8s tadis que l&#8217;acide hyaluronique favorise d&#8217;hydratation des tissus.<\/li>\n<li>Gr\u00e2ce aux propri\u00e9t\u00e9s antibacteriennes du complexe brevet\u00e9 SCX-Power, la barri\u00e8re constitu\u00e9e par le kaolin et l&#8217;acide hyaluronique resiste aux agressions microbiennes externes en am\u00e9liorant son efficacit\u00e9 protectrice et r\u00e9paratrice de la l\u00e9sion.<\/li>\n<\/ul>\n","protected":false},"excerpt":{"rendered":"<p>Cr\u00e9\u00e9 une <strong>barri\u00e8re protectrice<\/strong> sur les plaies, les abrasions et en particulier les l\u00e9sions cutan\u00e9es en pr\u00e9sence d&#8217;exsudat.<\/p>\n","protected":false},"featured_media":762815,"template":"","meta":[],"product_cat":[2697,12547,2698,12611,12612,12565],"product_tag":[],"class_list":{"0":"post-749179","1":"product","2":"type-product","3":"status-publish","4":"has-post-thumbnail","6":"product_cat-chat","7":"product_cat-cheval","8":"product_cat-chien","9":"product_cat-hygiene-de-la-peau-et-du-pelage-du-chat","10":"product_cat-hygiene-de-la-peau-et-du-pelage-du-chien","11":"product_cat-peau-corne-crin-du-cheval","12":"pa_marque-melchior-sante-animale","14":"first","15":"instock","16":"taxable","17":"shipping-taxable","18":"purchasable","19":"product-type-simple"},"yoast_head":"<!-- This site is optimized with the Yoast SEO plugin v27.3 - https:\/\/yoast.com\/product\/yoast-seo-wordpress\/ -->\n<title>Kadermin Vet Melchior Sante Animale - V\u00e9torino<\/title>\n<meta name=\"description\" content=\"Cr\u00e9\u00e9 une barri\u00e8re protectrice sur les plaies, les abrasions et en particulier les l\u00e9sions cutan\u00e9es en pr\u00e9sence d&#039;exsudat.\" \/>\n<meta name=\"robots\" content=\"noindex, nofollow\" \/>\n<meta property=\"og:locale\" content=\"fr_FR\" \/>\n<meta property=\"og:type\" content=\"article\" \/>\n<meta property=\"og:title\" content=\"Kadermin Vet Melchior Sante Animale - V\u00e9torino\" \/>\n<meta property=\"og:description\" content=\"Cr\u00e9\u00e9 une barri\u00e8re protectrice sur les plaies, les abrasions et en particulier les l\u00e9sions cutan\u00e9es en pr\u00e9sence d&#039;exsudat.\" \/>\n<meta property=\"og:url\" content=\"https:\/\/www.vetorino.com\/veterinaire\/pierrebenite-69310\/boutique\/product\/kadermin-vet\/\" \/>\n<meta property=\"og:site_name\" content=\"V\u00e9torino\" \/>\n<meta property=\"article:publisher\" content=\"https:\/\/www.facebook.com\/Vetorino\/\" \/>\n<meta property=\"article:modified_time\" content=\"2023-12-06T15:49:24+00:00\" \/>\n<meta property=\"og:image\" content=\"https:\/\/www.vetorino.com\/boutique\/wp-content\/uploads\/2023\/11\/MELCHIOR-1872680-2.png\" \/>\n\t<meta property=\"og:image:width\" content=\"2874\" \/>\n\t<meta property=\"og:image:height\" content=\"1376\" \/>\n\t<meta property=\"og:image:type\" content=\"image\/png\" \/>\n<meta name=\"twitter:card\" content=\"summary_large_image\" \/>\n<meta name=\"twitter:label1\" content=\"Prix\" \/>\n\t<meta name=\"twitter:data1\" content=\"12,67&euro;\" \/>\n\t<meta name=\"twitter:label2\" content=\"Disponibilit\u00e9\" \/>\n\t<meta name=\"twitter:data2\" content=\"En stock\" \/>\n<script type=\"application\/ld+json\" class=\"yoast-schema-graph\">{\"@context\":\"https:\\\/\\\/schema.org\",\"@graph\":[{\"@type\":\"WebPage\",\"@id\":\"https:\\\/\\\/www.vetorino.com\\\/boutique\\\/product\\\/kadermin-vet\\\/\",\"url\":\"https:\\\/\\\/www.vetorino.com\\\/boutique\\\/product\\\/kadermin-vet\\\/\",\"name\":\"Kadermin Vet Melchior Sante Animale - V\u00e9torino\",\"isPartOf\":{\"@id\":\"https:\\\/\\\/www.vetorino.com\\\/boutique\\\/#website\"},\"primaryImageOfPage\":{\"@id\":\"https:\\\/\\\/www.vetorino.com\\\/boutique\\\/product\\\/kadermin-vet\\\/#primaryimage\"},\"image\":{\"@id\":\"https:\\\/\\\/www.vetorino.com\\\/boutique\\\/product\\\/kadermin-vet\\\/#primaryimage\"},\"thumbnailUrl\":\"https:\\\/\\\/www.vetorino.com\\\/boutique\\\/wp-content\\\/uploads\\\/2023\\\/11\\\/MELCHIOR-1872680-2.png\",\"datePublished\":\"2023-11-22T09:24:29+00:00\",\"dateModified\":\"2023-12-06T15:49:24+00:00\",\"description\":\"Cr\u00e9\u00e9 une barri\u00e8re protectrice sur les plaies, les abrasions et en particulier les l\u00e9sions cutan\u00e9es en pr\u00e9sence d'exsudat.\",\"breadcrumb\":{\"@id\":\"https:\\\/\\\/www.vetorino.com\\\/boutique\\\/product\\\/kadermin-vet\\\/#breadcrumb\"},\"inLanguage\":\"fr-FR\",\"potentialAction\":[{\"@type\":\"ReadAction\",\"target\":[\"https:\\\/\\\/www.vetorino.com\\\/boutique\\\/product\\\/kadermin-vet\\\/\"]}]},{\"@type\":\"ImageObject\",\"inLanguage\":\"fr-FR\",\"@id\":\"https:\\\/\\\/www.vetorino.com\\\/boutique\\\/product\\\/kadermin-vet\\\/#primaryimage\",\"url\":\"https:\\\/\\\/www.vetorino.com\\\/boutique\\\/wp-content\\\/uploads\\\/2023\\\/11\\\/MELCHIOR-1872680-2.png\",\"contentUrl\":\"https:\\\/\\\/www.vetorino.com\\\/boutique\\\/wp-content\\\/uploads\\\/2023\\\/11\\\/MELCHIOR-1872680-2.png\",\"width\":2874,\"height\":1376},{\"@type\":\"BreadcrumbList\",\"@id\":\"https:\\\/\\\/www.vetorino.com\\\/boutique\\\/product\\\/kadermin-vet\\\/#breadcrumb\",\"itemListElement\":[{\"@type\":\"ListItem\",\"position\":1,\"name\":\"Accueil\",\"item\":\"https:\\\/\\\/www.vetorino.com\\\/boutique\\\/\"},{\"@type\":\"ListItem\",\"position\":2,\"name\":\"Produits\",\"item\":\"https:\\\/\\\/www.vetorino.com\\\/boutique\\\/\"},{\"@type\":\"ListItem\",\"position\":3,\"name\":\"Kadermin Vet\"}]},{\"@type\":\"WebSite\",\"@id\":\"https:\\\/\\\/www.vetorino.com\\\/boutique\\\/#website\",\"url\":\"https:\\\/\\\/www.vetorino.com\\\/boutique\\\/\",\"name\":\"V\u00e9torino\",\"description\":\"\",\"publisher\":{\"@id\":\"https:\\\/\\\/www.vetorino.com\\\/boutique\\\/#organization\"},\"potentialAction\":[{\"@type\":\"SearchAction\",\"target\":{\"@type\":\"EntryPoint\",\"urlTemplate\":\"https:\\\/\\\/www.vetorino.com\\\/boutique\\\/?s={search_term_string}\"},\"query-input\":{\"@type\":\"PropertyValueSpecification\",\"valueRequired\":true,\"valueName\":\"search_term_string\"}}],\"inLanguage\":\"fr-FR\"},{\"@type\":\"Organization\",\"@id\":\"https:\\\/\\\/www.vetorino.com\\\/boutique\\\/#organization\",\"name\":\"V\u00e9torino\",\"url\":\"https:\\\/\\\/www.vetorino.com\\\/boutique\\\/\",\"logo\":{\"@type\":\"ImageObject\",\"inLanguage\":\"fr-FR\",\"@id\":\"https:\\\/\\\/www.vetorino.com\\\/boutique\\\/#\\\/schema\\\/logo\\\/image\\\/\",\"url\":\"https:\\\/\\\/www.vetorino.com\\\/boutique\\\/wp-content\\\/uploads\\\/2024\\\/10\\\/logo.jpg\",\"contentUrl\":\"https:\\\/\\\/www.vetorino.com\\\/boutique\\\/wp-content\\\/uploads\\\/2024\\\/10\\\/logo.jpg\",\"width\":1200,\"height\":610,\"caption\":\"V\u00e9torino\"},\"image\":{\"@id\":\"https:\\\/\\\/www.vetorino.com\\\/boutique\\\/#\\\/schema\\\/logo\\\/image\\\/\"},\"sameAs\":[\"https:\\\/\\\/www.facebook.com\\\/Vetorino\\\/\",\"https:\\\/\\\/www.instagram.com\\\/vetorino_off\\\/\",\"https:\\\/\\\/www.linkedin.com\\\/company\\\/vtorino\\\/\"]}]}<\/script>\n<meta property=\"product:brand\" content=\"Melchior Sante Animale\" \/>\n<meta property=\"product:price:amount\" content=\"12.67\" \/>\n<meta property=\"product:price:currency\" content=\"EUR\" \/>\n<meta property=\"og:availability\" content=\"instock\" \/>\n<meta property=\"product:availability\" content=\"instock\" \/>\n<meta property=\"product:retailer_item_id\" content=\"A-1872680\" \/>\n<meta property=\"product:condition\" content=\"new\" \/>\n<!-- \/ Yoast SEO plugin. -->","yoast_head_json":{"title":"Kadermin Vet Melchior Sante Animale - V\u00e9torino","description":"Cr\u00e9\u00e9 une barri\u00e8re protectrice sur les plaies, les abrasions et en particulier les l\u00e9sions cutan\u00e9es en pr\u00e9sence d'exsudat.","robots":{"index":"noindex","follow":"nofollow"},"og_locale":"fr_FR","og_type":"article","og_title":"Kadermin Vet Melchior Sante Animale - V\u00e9torino","og_description":"Cr\u00e9\u00e9 une barri\u00e8re protectrice sur les plaies, les abrasions et en particulier les l\u00e9sions cutan\u00e9es en pr\u00e9sence d'exsudat.","og_url":"https:\/\/www.vetorino.com\/veterinaire\/pierrebenite-69310\/boutique\/product\/kadermin-vet\/","og_site_name":"V\u00e9torino","article_publisher":"https:\/\/www.facebook.com\/Vetorino\/","article_modified_time":"2023-12-06T15:49:24+00:00","og_image":[{"width":2874,"height":1376,"url":"https:\/\/www.vetorino.com\/boutique\/wp-content\/uploads\/2023\/11\/MELCHIOR-1872680-2.png","type":"image\/png"}],"twitter_card":"summary_large_image","twitter_misc":{"Prix":"12,67&euro;","Disponibilit\u00e9":"En stock"},"schema":{"@context":"https:\/\/schema.org","@graph":[{"@type":"WebPage","@id":"https:\/\/www.vetorino.com\/boutique\/product\/kadermin-vet\/","url":"https:\/\/www.vetorino.com\/boutique\/product\/kadermin-vet\/","name":"Kadermin Vet Melchior Sante Animale - V\u00e9torino","isPartOf":{"@id":"https:\/\/www.vetorino.com\/boutique\/#website"},"primaryImageOfPage":{"@id":"https:\/\/www.vetorino.com\/boutique\/product\/kadermin-vet\/#primaryimage"},"image":{"@id":"https:\/\/www.vetorino.com\/boutique\/product\/kadermin-vet\/#primaryimage"},"thumbnailUrl":"https:\/\/www.vetorino.com\/boutique\/wp-content\/uploads\/2023\/11\/MELCHIOR-1872680-2.png","datePublished":"2023-11-22T09:24:29+00:00","dateModified":"2023-12-06T15:49:24+00:00","description":"Cr\u00e9\u00e9 une barri\u00e8re protectrice sur les plaies, les abrasions et en particulier les l\u00e9sions cutan\u00e9es en pr\u00e9sence d'exsudat.","breadcrumb":{"@id":"https:\/\/www.vetorino.com\/boutique\/product\/kadermin-vet\/#breadcrumb"},"inLanguage":"fr-FR","potentialAction":[{"@type":"ReadAction","target":["https:\/\/www.vetorino.com\/boutique\/product\/kadermin-vet\/"]}]},{"@type":"ImageObject","inLanguage":"fr-FR","@id":"https:\/\/www.vetorino.com\/boutique\/product\/kadermin-vet\/#primaryimage","url":"https:\/\/www.vetorino.com\/boutique\/wp-content\/uploads\/2023\/11\/MELCHIOR-1872680-2.png","contentUrl":"https:\/\/www.vetorino.com\/boutique\/wp-content\/uploads\/2023\/11\/MELCHIOR-1872680-2.png","width":2874,"height":1376},{"@type":"BreadcrumbList","@id":"https:\/\/www.vetorino.com\/boutique\/product\/kadermin-vet\/#breadcrumb","itemListElement":[{"@type":"ListItem","position":1,"name":"Accueil","item":"https:\/\/www.vetorino.com\/boutique\/"},{"@type":"ListItem","position":2,"name":"Produits","item":"https:\/\/www.vetorino.com\/boutique\/"},{"@type":"ListItem","position":3,"name":"Kadermin Vet"}]},{"@type":"WebSite","@id":"https:\/\/www.vetorino.com\/boutique\/#website","url":"https:\/\/www.vetorino.com\/boutique\/","name":"V\u00e9torino","description":"","publisher":{"@id":"https:\/\/www.vetorino.com\/boutique\/#organization"},"potentialAction":[{"@type":"SearchAction","target":{"@type":"EntryPoint","urlTemplate":"https:\/\/www.vetorino.com\/boutique\/?s={search_term_string}"},"query-input":{"@type":"PropertyValueSpecification","valueRequired":true,"valueName":"search_term_string"}}],"inLanguage":"fr-FR"},{"@type":"Organization","@id":"https:\/\/www.vetorino.com\/boutique\/#organization","name":"V\u00e9torino","url":"https:\/\/www.vetorino.com\/boutique\/","logo":{"@type":"ImageObject","inLanguage":"fr-FR","@id":"https:\/\/www.vetorino.com\/boutique\/#\/schema\/logo\/image\/","url":"https:\/\/www.vetorino.com\/boutique\/wp-content\/uploads\/2024\/10\/logo.jpg","contentUrl":"https:\/\/www.vetorino.com\/boutique\/wp-content\/uploads\/2024\/10\/logo.jpg","width":1200,"height":610,"caption":"V\u00e9torino"},"image":{"@id":"https:\/\/www.vetorino.com\/boutique\/#\/schema\/logo\/image\/"},"sameAs":["https:\/\/www.facebook.com\/Vetorino\/","https:\/\/www.instagram.com\/vetorino_off\/","https:\/\/www.linkedin.com\/company\/vtorino\/"]}]},"product_brand":"Melchior Sante Animale","product_price_amount":"12.67","product_price_currency":"EUR","og_availability":"instock","product_availability":"instock","product_retailer_item_id":"A-1872680","product_condition":"new"},"_links":{"self":[{"href":"https:\/\/www.vetorino.com\/veterinaire\/pierrebenite-69310\/boutique\/wp-json\/wp\/v2\/product\/749179","targetHints":{"allow":["GET"]}}],"collection":[{"href":"https:\/\/www.vetorino.com\/veterinaire\/pierrebenite-69310\/boutique\/wp-json\/wp\/v2\/product"}],"about":[{"href":"https:\/\/www.vetorino.com\/veterinaire\/pierrebenite-69310\/boutique\/wp-json\/wp\/v2\/types\/product"}],"wp:featuredmedia":[{"embeddable":true,"href":"https:\/\/www.vetorino.com\/veterinaire\/pierrebenite-69310\/boutique\/wp-json\/wp\/v2\/media\/762815"}],"wp:attachment":[{"href":"https:\/\/www.vetorino.com\/veterinaire\/pierrebenite-69310\/boutique\/wp-json\/wp\/v2\/media?parent=749179"}],"wp:term":[{"taxonomy":"product_cat","embeddable":true,"href":"https:\/\/www.vetorino.com\/veterinaire\/pierrebenite-69310\/boutique\/wp-json\/wp\/v2\/product_cat?post=749179"},{"taxonomy":"product_tag","embeddable":true,"href":"https:\/\/www.vetorino.com\/veterinaire\/pierrebenite-69310\/boutique\/wp-json\/wp\/v2\/product_tag?post=749179"}],"curies":[{"name":"wp","href":"https:\/\/api.w.org\/{rel}","templated":true}]}}