{"id":835295,"date":"2024-02-12T11:14:33","date_gmt":"2024-02-12T10:14:33","guid":{"rendered":"https:\/\/www.vetorino.com\/boutique\/product\/resolution-3-advanced-2\/"},"modified":"2025-09-04T17:36:58","modified_gmt":"2025-09-04T15:36:58","slug":"resolution-3-advanced-2","status":"publish","type":"product","link":"https:\/\/www.vetorino.com\/veterinaire\/pierrebenite-69310\/boutique\/product\/resolution-3-advanced-2\/","title":{"rendered":"Resolution 3 Advanced"},"content":{"rendered":"<p><strong>Compl\u00e9ment alimentaire \u00e0 base d&#8217;algues riches en acides gras essentiels qui favorisent le d\u00e9veloppement et le maintien des fonctions cognitives et la r\u00e9solution de l\u2019inflammation chez le chien et le chat.<\/strong><\/p>\n<div>Apporte des Om\u00e9ga 3 sans participer \u00e0 la surp\u00eache\u00a0et contient du DHA issu de culture de phytoplancton parfaitement contr\u00f4l\u00e9e.<\/div>\n<div>Resolution 3 Advanced permet de soutenir les fonctions cognitives, participe \u00e0 la r\u00e9solution de l\u2019inflammation et sera utile dans de nombreuses affections (ost\u00e9oarthrite, insuffisance r\u00e9nale, cardiopathie, etc.).<\/div>\n<div><\/div>\n<p><strong>Utilisation :<\/strong><\/p>\n<ul>\n<li>Troubles inflammatoires<\/li>\n<li>Gestation, lactation et croissance des jeunes<\/li>\n<li>Pr\u00e9vention de la d\u00e9g\u00e9n\u00e9rescence c\u00e9r\u00e9brale chez l&#8217;animal \u00e2g\u00e9<\/li>\n<li>R\u00e9cup\u00e9ration apr\u00e8s une chirurgie.<\/li>\n<\/ul>\n<p><strong>Avantages :<\/strong><\/p>\n<ul>\n<li>Aide au contr\u00f4le des troubles inflammatoires, en particulier \u00e0 la r\u00e9solution de l&#8217;inflammation,\u00a0<strong>soutient les fonctions locomotrices et soulage les d\u00e9mangeaisons<\/strong>.<\/li>\n<li>Aide au\u00a0<strong>d\u00e9veloppement du syst\u00e8me nerveux central et de ses annexes<\/strong>\u00a0chez les chiennes et chattes en gestation et en lactation, et les jeunes avant, pendant et apr\u00e8s le sevrage.<\/li>\n<li>Aide au\u00a0<strong>soutien du syst\u00e8me nerveux<\/strong>\u00a0du chien et du chat \u00e2g\u00e9 et \u00e0 la pr\u00e9vention de la d\u00e9g\u00e9n\u00e9rescence c\u00e9r\u00e9brale.<\/li>\n<li>Aide \u00e0 la\u00a0<strong>r\u00e9cup\u00e9ration<\/strong>\u00a0apr\u00e8s chirurgie.<\/li>\n<\/ul>\n","protected":false},"excerpt":{"rendered":"<p><strong>Resolution 3 Advanced permet de soutenir les fonctions cognitives, participe \u00e0 la r\u00e9solution de l\u2019inflammation et sera utile dans de nombreuses affections (ost\u00e9oarthrite, insuffisance r\u00e9nale, cardiopathie, etc.).<\/strong><\/p>\n<ul>\n<li>Troubles inflammatoires<\/li>\n<li>Gestation, lactation et croissance des jeunes<\/li>\n<li>Pr\u00e9vention de la d\u00e9g\u00e9n\u00e9rescence c\u00e9r\u00e9brale chez l&#8217;animal \u00e2g\u00e9<\/li>\n<li>R\u00e9cup\u00e9ration apr\u00e8s une chirurgie.<\/li>\n<\/ul>\n","protected":false},"featured_media":835293,"template":"","meta":[],"product_cat":[2697,2698,12567,12568],"product_tag":[],"class_list":{"0":"post-835295","1":"product","2":"type-product","3":"status-publish","4":"has-post-thumbnail","6":"product_cat-chat","7":"product_cat-chien","8":"product_cat-produit-veterinaire-du-chat","9":"product_cat-produit-veterinaire-du-chien","10":"pa_marque-arcanatura","12":"first","13":"instock","14":"taxable","15":"shipping-taxable","16":"purchasable","17":"product-type-variable"},"yoast_head":"<!-- This site is optimized with the Yoast SEO plugin v27.3 - https:\/\/yoast.com\/product\/yoast-seo-wordpress\/ -->\n<title>Resolution 3 Advanced Arcanatura - V\u00e9torino<\/title>\n<meta name=\"description\" content=\"Resolution 3 Advanced permet de soutenir les fonctions cognitives, participe \u00e0 la r\u00e9solution de l\u2019inflammation et sera utile dans de nombreuses affections (ost\u00e9oarthrite, insuffisance r\u00e9nale, cardiopathie, etc.).   Troubles inflammatoires  Gestation, lactation et croissance des jeunes  Pr\u00e9vention de la d\u00e9g\u00e9n\u00e9rescence c\u00e9r\u00e9brale chez l&#039;animal \u00e2g\u00e9  R\u00e9cup\u00e9ration apr\u00e8s une chirurgie.\" \/>\n<meta name=\"robots\" content=\"noindex, nofollow\" \/>\n<meta property=\"og:locale\" content=\"fr_FR\" \/>\n<meta property=\"og:type\" content=\"article\" \/>\n<meta property=\"og:title\" content=\"Resolution 3 Advanced Arcanatura - V\u00e9torino\" \/>\n<meta property=\"og:description\" content=\"Resolution 3 Advanced permet de soutenir les fonctions cognitives, participe \u00e0 la r\u00e9solution de l\u2019inflammation et sera utile dans de nombreuses affections (ost\u00e9oarthrite, insuffisance r\u00e9nale, cardiopathie, etc.).   Troubles inflammatoires  Gestation, lactation et croissance des jeunes  Pr\u00e9vention de la d\u00e9g\u00e9n\u00e9rescence c\u00e9r\u00e9brale chez l&#039;animal \u00e2g\u00e9  R\u00e9cup\u00e9ration apr\u00e8s une chirurgie.\" \/>\n<meta property=\"og:url\" content=\"https:\/\/www.vetorino.com\/veterinaire\/pierrebenite-69310\/boutique\/product\/resolution-3-advanced-2\/\" \/>\n<meta property=\"og:site_name\" content=\"V\u00e9torino\" \/>\n<meta property=\"article:publisher\" content=\"https:\/\/www.facebook.com\/Vetorino\/\" \/>\n<meta property=\"article:modified_time\" content=\"2025-09-04T15:36:58+00:00\" \/>\n<meta property=\"og:image\" content=\"https:\/\/www.vetorino.com\/boutique\/wp-content\/uploads\/2024\/02\/ARCANA-1856280.jpg\" \/>\n\t<meta property=\"og:image:width\" content=\"691\" \/>\n\t<meta property=\"og:image:height\" content=\"705\" \/>\n\t<meta property=\"og:image:type\" content=\"image\/jpeg\" \/>\n<meta name=\"twitter:card\" content=\"summary_large_image\" \/>\n<meta name=\"twitter:label1\" content=\"Disponibilit\u00e9\" \/>\n\t<meta name=\"twitter:data1\" content=\"En stock\" \/>\n<script type=\"application\/ld+json\" class=\"yoast-schema-graph\">{\"@context\":\"https:\\\/\\\/schema.org\",\"@graph\":[{\"@type\":\"WebPage\",\"@id\":\"https:\\\/\\\/www.vetorino.com\\\/boutique\\\/product\\\/resolution-3-advanced-2\\\/\",\"url\":\"https:\\\/\\\/www.vetorino.com\\\/boutique\\\/product\\\/resolution-3-advanced-2\\\/\",\"name\":\"Resolution 3 Advanced Arcanatura - V\u00e9torino\",\"isPartOf\":{\"@id\":\"https:\\\/\\\/www.vetorino.com\\\/boutique\\\/#website\"},\"primaryImageOfPage\":{\"@id\":\"https:\\\/\\\/www.vetorino.com\\\/boutique\\\/product\\\/resolution-3-advanced-2\\\/#primaryimage\"},\"image\":{\"@id\":\"https:\\\/\\\/www.vetorino.com\\\/boutique\\\/product\\\/resolution-3-advanced-2\\\/#primaryimage\"},\"thumbnailUrl\":\"https:\\\/\\\/www.vetorino.com\\\/boutique\\\/wp-content\\\/uploads\\\/2024\\\/02\\\/ARCANA-1856280.jpg\",\"datePublished\":\"2024-02-12T10:14:33+00:00\",\"dateModified\":\"2025-09-04T15:36:58+00:00\",\"description\":\"Resolution 3 Advanced permet de soutenir les fonctions cognitives, participe \u00e0 la r\u00e9solution de l\u2019inflammation et sera utile dans de nombreuses affections (ost\u00e9oarthrite, insuffisance r\u00e9nale, cardiopathie, etc.). Troubles inflammatoires Gestation, lactation et croissance des jeunes Pr\u00e9vention de la d\u00e9g\u00e9n\u00e9rescence c\u00e9r\u00e9brale chez l'animal \u00e2g\u00e9 R\u00e9cup\u00e9ration apr\u00e8s une chirurgie.\",\"breadcrumb\":{\"@id\":\"https:\\\/\\\/www.vetorino.com\\\/boutique\\\/product\\\/resolution-3-advanced-2\\\/#breadcrumb\"},\"inLanguage\":\"fr-FR\",\"potentialAction\":[{\"@type\":\"ReadAction\",\"target\":[\"https:\\\/\\\/www.vetorino.com\\\/boutique\\\/product\\\/resolution-3-advanced-2\\\/\"]}]},{\"@type\":\"ImageObject\",\"inLanguage\":\"fr-FR\",\"@id\":\"https:\\\/\\\/www.vetorino.com\\\/boutique\\\/product\\\/resolution-3-advanced-2\\\/#primaryimage\",\"url\":\"https:\\\/\\\/www.vetorino.com\\\/boutique\\\/wp-content\\\/uploads\\\/2024\\\/02\\\/ARCANA-1856280.jpg\",\"contentUrl\":\"https:\\\/\\\/www.vetorino.com\\\/boutique\\\/wp-content\\\/uploads\\\/2024\\\/02\\\/ARCANA-1856280.jpg\",\"width\":691,\"height\":705},{\"@type\":\"BreadcrumbList\",\"@id\":\"https:\\\/\\\/www.vetorino.com\\\/boutique\\\/product\\\/resolution-3-advanced-2\\\/#breadcrumb\",\"itemListElement\":[{\"@type\":\"ListItem\",\"position\":1,\"name\":\"Accueil\",\"item\":\"https:\\\/\\\/www.vetorino.com\\\/boutique\\\/\"},{\"@type\":\"ListItem\",\"position\":2,\"name\":\"Produits\",\"item\":\"https:\\\/\\\/www.vetorino.com\\\/boutique\\\/\"},{\"@type\":\"ListItem\",\"position\":3,\"name\":\"Resolution 3 Advanced\"}]},{\"@type\":\"WebSite\",\"@id\":\"https:\\\/\\\/www.vetorino.com\\\/boutique\\\/#website\",\"url\":\"https:\\\/\\\/www.vetorino.com\\\/boutique\\\/\",\"name\":\"V\u00e9torino\",\"description\":\"\",\"publisher\":{\"@id\":\"https:\\\/\\\/www.vetorino.com\\\/boutique\\\/#organization\"},\"potentialAction\":[{\"@type\":\"SearchAction\",\"target\":{\"@type\":\"EntryPoint\",\"urlTemplate\":\"https:\\\/\\\/www.vetorino.com\\\/boutique\\\/?s={search_term_string}\"},\"query-input\":{\"@type\":\"PropertyValueSpecification\",\"valueRequired\":true,\"valueName\":\"search_term_string\"}}],\"inLanguage\":\"fr-FR\"},{\"@type\":\"Organization\",\"@id\":\"https:\\\/\\\/www.vetorino.com\\\/boutique\\\/#organization\",\"name\":\"V\u00e9torino\",\"url\":\"https:\\\/\\\/www.vetorino.com\\\/boutique\\\/\",\"logo\":{\"@type\":\"ImageObject\",\"inLanguage\":\"fr-FR\",\"@id\":\"https:\\\/\\\/www.vetorino.com\\\/boutique\\\/#\\\/schema\\\/logo\\\/image\\\/\",\"url\":\"https:\\\/\\\/www.vetorino.com\\\/boutique\\\/wp-content\\\/uploads\\\/2024\\\/10\\\/logo.jpg\",\"contentUrl\":\"https:\\\/\\\/www.vetorino.com\\\/boutique\\\/wp-content\\\/uploads\\\/2024\\\/10\\\/logo.jpg\",\"width\":1200,\"height\":610,\"caption\":\"V\u00e9torino\"},\"image\":{\"@id\":\"https:\\\/\\\/www.vetorino.com\\\/boutique\\\/#\\\/schema\\\/logo\\\/image\\\/\"},\"sameAs\":[\"https:\\\/\\\/www.facebook.com\\\/Vetorino\\\/\",\"https:\\\/\\\/www.instagram.com\\\/vetorino_off\\\/\",\"https:\\\/\\\/www.linkedin.com\\\/company\\\/vtorino\\\/\"]}]}<\/script>\n<meta property=\"product:brand\" content=\"Arcanatura\" \/>\n<meta property=\"og:availability\" content=\"instock\" \/>\n<meta property=\"product:availability\" content=\"instock\" \/>\n<meta property=\"product:condition\" content=\"new\" \/>\n<!-- \/ Yoast SEO plugin. -->","yoast_head_json":{"title":"Resolution 3 Advanced Arcanatura - V\u00e9torino","description":"Resolution 3 Advanced permet de soutenir les fonctions cognitives, participe \u00e0 la r\u00e9solution de l\u2019inflammation et sera utile dans de nombreuses affections (ost\u00e9oarthrite, insuffisance r\u00e9nale, cardiopathie, etc.).   Troubles inflammatoires  Gestation, lactation et croissance des jeunes  Pr\u00e9vention de la d\u00e9g\u00e9n\u00e9rescence c\u00e9r\u00e9brale chez l'animal \u00e2g\u00e9  R\u00e9cup\u00e9ration apr\u00e8s une chirurgie.","robots":{"index":"noindex","follow":"nofollow"},"og_locale":"fr_FR","og_type":"article","og_title":"Resolution 3 Advanced Arcanatura - V\u00e9torino","og_description":"Resolution 3 Advanced permet de soutenir les fonctions cognitives, participe \u00e0 la r\u00e9solution de l\u2019inflammation et sera utile dans de nombreuses affections (ost\u00e9oarthrite, insuffisance r\u00e9nale, cardiopathie, etc.).   Troubles inflammatoires  Gestation, lactation et croissance des jeunes  Pr\u00e9vention de la d\u00e9g\u00e9n\u00e9rescence c\u00e9r\u00e9brale chez l'animal \u00e2g\u00e9  R\u00e9cup\u00e9ration apr\u00e8s une chirurgie.","og_url":"https:\/\/www.vetorino.com\/veterinaire\/pierrebenite-69310\/boutique\/product\/resolution-3-advanced-2\/","og_site_name":"V\u00e9torino","article_publisher":"https:\/\/www.facebook.com\/Vetorino\/","article_modified_time":"2025-09-04T15:36:58+00:00","og_image":[{"width":691,"height":705,"url":"https:\/\/www.vetorino.com\/boutique\/wp-content\/uploads\/2024\/02\/ARCANA-1856280.jpg","type":"image\/jpeg"}],"twitter_card":"summary_large_image","twitter_misc":{"Disponibilit\u00e9":"En stock"},"schema":{"@context":"https:\/\/schema.org","@graph":[{"@type":"WebPage","@id":"https:\/\/www.vetorino.com\/boutique\/product\/resolution-3-advanced-2\/","url":"https:\/\/www.vetorino.com\/boutique\/product\/resolution-3-advanced-2\/","name":"Resolution 3 Advanced Arcanatura - V\u00e9torino","isPartOf":{"@id":"https:\/\/www.vetorino.com\/boutique\/#website"},"primaryImageOfPage":{"@id":"https:\/\/www.vetorino.com\/boutique\/product\/resolution-3-advanced-2\/#primaryimage"},"image":{"@id":"https:\/\/www.vetorino.com\/boutique\/product\/resolution-3-advanced-2\/#primaryimage"},"thumbnailUrl":"https:\/\/www.vetorino.com\/boutique\/wp-content\/uploads\/2024\/02\/ARCANA-1856280.jpg","datePublished":"2024-02-12T10:14:33+00:00","dateModified":"2025-09-04T15:36:58+00:00","description":"Resolution 3 Advanced permet de soutenir les fonctions cognitives, participe \u00e0 la r\u00e9solution de l\u2019inflammation et sera utile dans de nombreuses affections (ost\u00e9oarthrite, insuffisance r\u00e9nale, cardiopathie, etc.). Troubles inflammatoires Gestation, lactation et croissance des jeunes Pr\u00e9vention de la d\u00e9g\u00e9n\u00e9rescence c\u00e9r\u00e9brale chez l'animal \u00e2g\u00e9 R\u00e9cup\u00e9ration apr\u00e8s une chirurgie.","breadcrumb":{"@id":"https:\/\/www.vetorino.com\/boutique\/product\/resolution-3-advanced-2\/#breadcrumb"},"inLanguage":"fr-FR","potentialAction":[{"@type":"ReadAction","target":["https:\/\/www.vetorino.com\/boutique\/product\/resolution-3-advanced-2\/"]}]},{"@type":"ImageObject","inLanguage":"fr-FR","@id":"https:\/\/www.vetorino.com\/boutique\/product\/resolution-3-advanced-2\/#primaryimage","url":"https:\/\/www.vetorino.com\/boutique\/wp-content\/uploads\/2024\/02\/ARCANA-1856280.jpg","contentUrl":"https:\/\/www.vetorino.com\/boutique\/wp-content\/uploads\/2024\/02\/ARCANA-1856280.jpg","width":691,"height":705},{"@type":"BreadcrumbList","@id":"https:\/\/www.vetorino.com\/boutique\/product\/resolution-3-advanced-2\/#breadcrumb","itemListElement":[{"@type":"ListItem","position":1,"name":"Accueil","item":"https:\/\/www.vetorino.com\/boutique\/"},{"@type":"ListItem","position":2,"name":"Produits","item":"https:\/\/www.vetorino.com\/boutique\/"},{"@type":"ListItem","position":3,"name":"Resolution 3 Advanced"}]},{"@type":"WebSite","@id":"https:\/\/www.vetorino.com\/boutique\/#website","url":"https:\/\/www.vetorino.com\/boutique\/","name":"V\u00e9torino","description":"","publisher":{"@id":"https:\/\/www.vetorino.com\/boutique\/#organization"},"potentialAction":[{"@type":"SearchAction","target":{"@type":"EntryPoint","urlTemplate":"https:\/\/www.vetorino.com\/boutique\/?s={search_term_string}"},"query-input":{"@type":"PropertyValueSpecification","valueRequired":true,"valueName":"search_term_string"}}],"inLanguage":"fr-FR"},{"@type":"Organization","@id":"https:\/\/www.vetorino.com\/boutique\/#organization","name":"V\u00e9torino","url":"https:\/\/www.vetorino.com\/boutique\/","logo":{"@type":"ImageObject","inLanguage":"fr-FR","@id":"https:\/\/www.vetorino.com\/boutique\/#\/schema\/logo\/image\/","url":"https:\/\/www.vetorino.com\/boutique\/wp-content\/uploads\/2024\/10\/logo.jpg","contentUrl":"https:\/\/www.vetorino.com\/boutique\/wp-content\/uploads\/2024\/10\/logo.jpg","width":1200,"height":610,"caption":"V\u00e9torino"},"image":{"@id":"https:\/\/www.vetorino.com\/boutique\/#\/schema\/logo\/image\/"},"sameAs":["https:\/\/www.facebook.com\/Vetorino\/","https:\/\/www.instagram.com\/vetorino_off\/","https:\/\/www.linkedin.com\/company\/vtorino\/"]}]},"product_brand":"Arcanatura","og_availability":"instock","product_availability":"instock","product_condition":"new"},"_links":{"self":[{"href":"https:\/\/www.vetorino.com\/veterinaire\/pierrebenite-69310\/boutique\/wp-json\/wp\/v2\/product\/835295","targetHints":{"allow":["GET"]}}],"collection":[{"href":"https:\/\/www.vetorino.com\/veterinaire\/pierrebenite-69310\/boutique\/wp-json\/wp\/v2\/product"}],"about":[{"href":"https:\/\/www.vetorino.com\/veterinaire\/pierrebenite-69310\/boutique\/wp-json\/wp\/v2\/types\/product"}],"wp:featuredmedia":[{"embeddable":true,"href":"https:\/\/www.vetorino.com\/veterinaire\/pierrebenite-69310\/boutique\/wp-json\/wp\/v2\/media\/835293"}],"wp:attachment":[{"href":"https:\/\/www.vetorino.com\/veterinaire\/pierrebenite-69310\/boutique\/wp-json\/wp\/v2\/media?parent=835295"}],"wp:term":[{"taxonomy":"product_cat","embeddable":true,"href":"https:\/\/www.vetorino.com\/veterinaire\/pierrebenite-69310\/boutique\/wp-json\/wp\/v2\/product_cat?post=835295"},{"taxonomy":"product_tag","embeddable":true,"href":"https:\/\/www.vetorino.com\/veterinaire\/pierrebenite-69310\/boutique\/wp-json\/wp\/v2\/product_tag?post=835295"}],"curies":[{"name":"wp","href":"https:\/\/api.w.org\/{rel}","templated":true}]}}