{"id":1001359,"date":"2024-08-21T14:43:32","date_gmt":"2024-08-21T12:43:32","guid":{"rendered":"https:\/\/www.vetorino.com\/boutique\/product\/cosypad\/"},"modified":"2024-08-21T14:59:44","modified_gmt":"2024-08-21T12:59:44","slug":"cosypad","status":"publish","type":"product","link":"https:\/\/www.vetorino.com\/veterinaire\/plouzevede-29440\/boutique\/product\/cosypad\/","title":{"rendered":"Tapis CosyPad avec oeillet"},"content":{"rendered":"<p><strong>Le tapis Cosypad avec oeillet est un tapis maill\u00e9, de nouvelle g\u00e9n\u00e9ration et anti-escarre avec des mat\u00e9riaux utilis\u00e9s en milieu m\u00e9dical.<\/strong><\/p>\n<p><strong>Les avantages du tapis CosyPad avec oeillet :<\/strong><\/p>\n<ul>\n<li>Bords arrondis pour une meilleure r\u00e9sistance avec coutures renforc\u00e9es.<\/li>\n<li>Une face antid\u00e9rapante.<\/li>\n<li>Oeillet de suspension pour faciliter le rangement.<\/li>\n<li>Pr\u00e9vention des escarres : sa texture a\u00e9r\u00e9e r\u00e9duit la pression exerc\u00e9e sur les muscles et les articulations.<\/li>\n<li>Alternative de choix aux caillebotis, aux al\u00e8ses et autres liti\u00e8res.<\/li>\n<li>Hygi\u00e9nique : les liquides sont \u00e9vacu\u00e9s au travers du tapis laissant l&#8217;animal au sec.<\/li>\n<li>Tr\u00e8s r\u00e9sistant, imprutrescible et isolant.<\/li>\n<li>Lavable\u00a0en machine \u00e0 40\u00b0 avec une pastille de chlore ou au jet avec d\u00e9sinfection par trempage dans une solution appropri\u00e9e.<\/li>\n<li>Utilisation dans les cages d&#8217;hospitalisation, sur les tables de consultation, au bloc op\u00e9ratoire, pendant la phase de r\u00e9veil post-op\u00e9ratoire, dans les chenils&#8230;<\/li>\n<\/ul>\n","protected":false},"excerpt":{"rendered":"<p><strong>Le tapis Cosypad avec oeillet est un tapis maill\u00e9, de nouvelle g\u00e9n\u00e9ration et anti-escarre avec des mat\u00e9riaux utilis\u00e9s en milieu m\u00e9dical. <\/strong>Il offre confort, hygi\u00e8ne et facilit\u00e9 dentretien.<\/p>\n","protected":false},"featured_media":1001377,"template":"","meta":[],"product_cat":[12550,2776,2698,12596],"product_tag":[],"class_list":{"0":"post-1001359","1":"product","2":"type-product","3":"status-publish","4":"has-post-thumbnail","6":"product_cat-accessoires-du-chien","7":"product_cat-cages-et-transport-pour-chien","8":"product_cat-chien","9":"product_cat-confort-du-chien","10":"pa_marque-genia","12":"first","13":"instock","14":"taxable","15":"shipping-taxable","16":"purchasable","17":"product-type-variable"},"yoast_head":"<!-- This site is optimized with the Yoast SEO plugin v27.3 - https:\/\/yoast.com\/product\/yoast-seo-wordpress\/ -->\n<title>Tapis CosyPad avec oeillet Genia - V\u00e9torino<\/title>\n<meta name=\"description\" content=\"Le tapis Cosypad avec oeillet est un tapis maill\u00e9, de nouvelle g\u00e9n\u00e9ration et anti-escarre avec des mat\u00e9riaux utilis\u00e9s en milieu m\u00e9dical. Il offre confort, hygi\u00e8ne et facilit\u00e9 dentretien.\" \/>\n<meta name=\"robots\" content=\"noindex, nofollow\" \/>\n<meta property=\"og:locale\" content=\"fr_FR\" \/>\n<meta property=\"og:type\" content=\"article\" \/>\n<meta property=\"og:title\" content=\"Tapis CosyPad avec oeillet Genia - V\u00e9torino\" \/>\n<meta property=\"og:description\" content=\"Le tapis Cosypad avec oeillet est un tapis maill\u00e9, de nouvelle g\u00e9n\u00e9ration et anti-escarre avec des mat\u00e9riaux utilis\u00e9s en milieu m\u00e9dical. Il offre confort, hygi\u00e8ne et facilit\u00e9 dentretien.\" \/>\n<meta property=\"og:url\" content=\"https:\/\/www.vetorino.com\/veterinaire\/plouzevede-29440\/boutique\/product\/cosypad\/\" \/>\n<meta property=\"og:site_name\" content=\"V\u00e9torino\" \/>\n<meta property=\"article:publisher\" content=\"https:\/\/www.facebook.com\/Vetorino\/\" \/>\n<meta property=\"article:modified_time\" content=\"2024-08-21T12:59:44+00:00\" \/>\n<meta property=\"og:image\" content=\"https:\/\/www.vetorino.com\/boutique\/wp-content\/uploads\/2024\/08\/cosypad.jpg\" \/>\n\t<meta property=\"og:image:width\" content=\"600\" \/>\n\t<meta property=\"og:image:height\" content=\"600\" \/>\n\t<meta property=\"og:image:type\" content=\"image\/jpeg\" \/>\n<meta name=\"twitter:card\" content=\"summary_large_image\" \/>\n<meta name=\"twitter:label1\" content=\"Disponibilit\u00e9\" \/>\n\t<meta name=\"twitter:data1\" content=\"En stock\" \/>\n<script type=\"application\/ld+json\" class=\"yoast-schema-graph\">{\"@context\":\"https:\\\/\\\/schema.org\",\"@graph\":[{\"@type\":\"WebPage\",\"@id\":\"https:\\\/\\\/www.vetorino.com\\\/boutique\\\/product\\\/cosypad\\\/\",\"url\":\"https:\\\/\\\/www.vetorino.com\\\/boutique\\\/product\\\/cosypad\\\/\",\"name\":\"Tapis CosyPad avec oeillet Genia - V\u00e9torino\",\"isPartOf\":{\"@id\":\"https:\\\/\\\/www.vetorino.com\\\/boutique\\\/#website\"},\"primaryImageOfPage\":{\"@id\":\"https:\\\/\\\/www.vetorino.com\\\/boutique\\\/product\\\/cosypad\\\/#primaryimage\"},\"image\":{\"@id\":\"https:\\\/\\\/www.vetorino.com\\\/boutique\\\/product\\\/cosypad\\\/#primaryimage\"},\"thumbnailUrl\":\"https:\\\/\\\/www.vetorino.com\\\/boutique\\\/wp-content\\\/uploads\\\/2024\\\/08\\\/cosypad.jpg\",\"datePublished\":\"2024-08-21T12:43:32+00:00\",\"dateModified\":\"2024-08-21T12:59:44+00:00\",\"description\":\"Le tapis Cosypad avec oeillet est un tapis maill\u00e9, de nouvelle g\u00e9n\u00e9ration et anti-escarre avec des mat\u00e9riaux utilis\u00e9s en milieu m\u00e9dical. Il offre confort, hygi\u00e8ne et facilit\u00e9 dentretien.\",\"breadcrumb\":{\"@id\":\"https:\\\/\\\/www.vetorino.com\\\/boutique\\\/product\\\/cosypad\\\/#breadcrumb\"},\"inLanguage\":\"fr-FR\",\"potentialAction\":[{\"@type\":\"ReadAction\",\"target\":[\"https:\\\/\\\/www.vetorino.com\\\/boutique\\\/product\\\/cosypad\\\/\"]}]},{\"@type\":\"ImageObject\",\"inLanguage\":\"fr-FR\",\"@id\":\"https:\\\/\\\/www.vetorino.com\\\/boutique\\\/product\\\/cosypad\\\/#primaryimage\",\"url\":\"https:\\\/\\\/www.vetorino.com\\\/boutique\\\/wp-content\\\/uploads\\\/2024\\\/08\\\/cosypad.jpg\",\"contentUrl\":\"https:\\\/\\\/www.vetorino.com\\\/boutique\\\/wp-content\\\/uploads\\\/2024\\\/08\\\/cosypad.jpg\",\"width\":600,\"height\":600},{\"@type\":\"BreadcrumbList\",\"@id\":\"https:\\\/\\\/www.vetorino.com\\\/boutique\\\/product\\\/cosypad\\\/#breadcrumb\",\"itemListElement\":[{\"@type\":\"ListItem\",\"position\":1,\"name\":\"Accueil\",\"item\":\"https:\\\/\\\/www.vetorino.com\\\/boutique\\\/\"},{\"@type\":\"ListItem\",\"position\":2,\"name\":\"Produits\",\"item\":\"https:\\\/\\\/www.vetorino.com\\\/boutique\\\/\"},{\"@type\":\"ListItem\",\"position\":3,\"name\":\"Tapis CosyPad avec oeillet\"}]},{\"@type\":\"WebSite\",\"@id\":\"https:\\\/\\\/www.vetorino.com\\\/boutique\\\/#website\",\"url\":\"https:\\\/\\\/www.vetorino.com\\\/boutique\\\/\",\"name\":\"V\u00e9torino\",\"description\":\"\",\"publisher\":{\"@id\":\"https:\\\/\\\/www.vetorino.com\\\/boutique\\\/#organization\"},\"potentialAction\":[{\"@type\":\"SearchAction\",\"target\":{\"@type\":\"EntryPoint\",\"urlTemplate\":\"https:\\\/\\\/www.vetorino.com\\\/boutique\\\/?s={search_term_string}\"},\"query-input\":{\"@type\":\"PropertyValueSpecification\",\"valueRequired\":true,\"valueName\":\"search_term_string\"}}],\"inLanguage\":\"fr-FR\"},{\"@type\":\"Organization\",\"@id\":\"https:\\\/\\\/www.vetorino.com\\\/boutique\\\/#organization\",\"name\":\"V\u00e9torino\",\"url\":\"https:\\\/\\\/www.vetorino.com\\\/boutique\\\/\",\"logo\":{\"@type\":\"ImageObject\",\"inLanguage\":\"fr-FR\",\"@id\":\"https:\\\/\\\/www.vetorino.com\\\/boutique\\\/#\\\/schema\\\/logo\\\/image\\\/\",\"url\":\"https:\\\/\\\/www.vetorino.com\\\/boutique\\\/wp-content\\\/uploads\\\/2024\\\/10\\\/logo.jpg\",\"contentUrl\":\"https:\\\/\\\/www.vetorino.com\\\/boutique\\\/wp-content\\\/uploads\\\/2024\\\/10\\\/logo.jpg\",\"width\":1200,\"height\":610,\"caption\":\"V\u00e9torino\"},\"image\":{\"@id\":\"https:\\\/\\\/www.vetorino.com\\\/boutique\\\/#\\\/schema\\\/logo\\\/image\\\/\"},\"sameAs\":[\"https:\\\/\\\/www.facebook.com\\\/Vetorino\\\/\",\"https:\\\/\\\/www.instagram.com\\\/vetorino_off\\\/\",\"https:\\\/\\\/www.linkedin.com\\\/company\\\/vtorino\\\/\"]}]}<\/script>\n<meta property=\"product:brand\" content=\"Genia\" \/>\n<meta property=\"og:availability\" content=\"instock\" \/>\n<meta property=\"product:availability\" content=\"instock\" \/>\n<meta property=\"product:condition\" content=\"new\" \/>\n<!-- \/ Yoast SEO plugin. -->","yoast_head_json":{"title":"Tapis CosyPad avec oeillet Genia - V\u00e9torino","description":"Le tapis Cosypad avec oeillet est un tapis maill\u00e9, de nouvelle g\u00e9n\u00e9ration et anti-escarre avec des mat\u00e9riaux utilis\u00e9s en milieu m\u00e9dical. Il offre confort, hygi\u00e8ne et facilit\u00e9 dentretien.","robots":{"index":"noindex","follow":"nofollow"},"og_locale":"fr_FR","og_type":"article","og_title":"Tapis CosyPad avec oeillet Genia - V\u00e9torino","og_description":"Le tapis Cosypad avec oeillet est un tapis maill\u00e9, de nouvelle g\u00e9n\u00e9ration et anti-escarre avec des mat\u00e9riaux utilis\u00e9s en milieu m\u00e9dical. Il offre confort, hygi\u00e8ne et facilit\u00e9 dentretien.","og_url":"https:\/\/www.vetorino.com\/veterinaire\/plouzevede-29440\/boutique\/product\/cosypad\/","og_site_name":"V\u00e9torino","article_publisher":"https:\/\/www.facebook.com\/Vetorino\/","article_modified_time":"2024-08-21T12:59:44+00:00","og_image":[{"width":600,"height":600,"url":"https:\/\/www.vetorino.com\/boutique\/wp-content\/uploads\/2024\/08\/cosypad.jpg","type":"image\/jpeg"}],"twitter_card":"summary_large_image","twitter_misc":{"Disponibilit\u00e9":"En stock"},"schema":{"@context":"https:\/\/schema.org","@graph":[{"@type":"WebPage","@id":"https:\/\/www.vetorino.com\/boutique\/product\/cosypad\/","url":"https:\/\/www.vetorino.com\/boutique\/product\/cosypad\/","name":"Tapis CosyPad avec oeillet Genia - V\u00e9torino","isPartOf":{"@id":"https:\/\/www.vetorino.com\/boutique\/#website"},"primaryImageOfPage":{"@id":"https:\/\/www.vetorino.com\/boutique\/product\/cosypad\/#primaryimage"},"image":{"@id":"https:\/\/www.vetorino.com\/boutique\/product\/cosypad\/#primaryimage"},"thumbnailUrl":"https:\/\/www.vetorino.com\/boutique\/wp-content\/uploads\/2024\/08\/cosypad.jpg","datePublished":"2024-08-21T12:43:32+00:00","dateModified":"2024-08-21T12:59:44+00:00","description":"Le tapis Cosypad avec oeillet est un tapis maill\u00e9, de nouvelle g\u00e9n\u00e9ration et anti-escarre avec des mat\u00e9riaux utilis\u00e9s en milieu m\u00e9dical. Il offre confort, hygi\u00e8ne et facilit\u00e9 dentretien.","breadcrumb":{"@id":"https:\/\/www.vetorino.com\/boutique\/product\/cosypad\/#breadcrumb"},"inLanguage":"fr-FR","potentialAction":[{"@type":"ReadAction","target":["https:\/\/www.vetorino.com\/boutique\/product\/cosypad\/"]}]},{"@type":"ImageObject","inLanguage":"fr-FR","@id":"https:\/\/www.vetorino.com\/boutique\/product\/cosypad\/#primaryimage","url":"https:\/\/www.vetorino.com\/boutique\/wp-content\/uploads\/2024\/08\/cosypad.jpg","contentUrl":"https:\/\/www.vetorino.com\/boutique\/wp-content\/uploads\/2024\/08\/cosypad.jpg","width":600,"height":600},{"@type":"BreadcrumbList","@id":"https:\/\/www.vetorino.com\/boutique\/product\/cosypad\/#breadcrumb","itemListElement":[{"@type":"ListItem","position":1,"name":"Accueil","item":"https:\/\/www.vetorino.com\/boutique\/"},{"@type":"ListItem","position":2,"name":"Produits","item":"https:\/\/www.vetorino.com\/boutique\/"},{"@type":"ListItem","position":3,"name":"Tapis CosyPad avec oeillet"}]},{"@type":"WebSite","@id":"https:\/\/www.vetorino.com\/boutique\/#website","url":"https:\/\/www.vetorino.com\/boutique\/","name":"V\u00e9torino","description":"","publisher":{"@id":"https:\/\/www.vetorino.com\/boutique\/#organization"},"potentialAction":[{"@type":"SearchAction","target":{"@type":"EntryPoint","urlTemplate":"https:\/\/www.vetorino.com\/boutique\/?s={search_term_string}"},"query-input":{"@type":"PropertyValueSpecification","valueRequired":true,"valueName":"search_term_string"}}],"inLanguage":"fr-FR"},{"@type":"Organization","@id":"https:\/\/www.vetorino.com\/boutique\/#organization","name":"V\u00e9torino","url":"https:\/\/www.vetorino.com\/boutique\/","logo":{"@type":"ImageObject","inLanguage":"fr-FR","@id":"https:\/\/www.vetorino.com\/boutique\/#\/schema\/logo\/image\/","url":"https:\/\/www.vetorino.com\/boutique\/wp-content\/uploads\/2024\/10\/logo.jpg","contentUrl":"https:\/\/www.vetorino.com\/boutique\/wp-content\/uploads\/2024\/10\/logo.jpg","width":1200,"height":610,"caption":"V\u00e9torino"},"image":{"@id":"https:\/\/www.vetorino.com\/boutique\/#\/schema\/logo\/image\/"},"sameAs":["https:\/\/www.facebook.com\/Vetorino\/","https:\/\/www.instagram.com\/vetorino_off\/","https:\/\/www.linkedin.com\/company\/vtorino\/"]}]},"product_brand":"Genia","og_availability":"instock","product_availability":"instock","product_condition":"new"},"_links":{"self":[{"href":"https:\/\/www.vetorino.com\/veterinaire\/plouzevede-29440\/boutique\/wp-json\/wp\/v2\/product\/1001359","targetHints":{"allow":["GET"]}}],"collection":[{"href":"https:\/\/www.vetorino.com\/veterinaire\/plouzevede-29440\/boutique\/wp-json\/wp\/v2\/product"}],"about":[{"href":"https:\/\/www.vetorino.com\/veterinaire\/plouzevede-29440\/boutique\/wp-json\/wp\/v2\/types\/product"}],"wp:featuredmedia":[{"embeddable":true,"href":"https:\/\/www.vetorino.com\/veterinaire\/plouzevede-29440\/boutique\/wp-json\/wp\/v2\/media\/1001377"}],"wp:attachment":[{"href":"https:\/\/www.vetorino.com\/veterinaire\/plouzevede-29440\/boutique\/wp-json\/wp\/v2\/media?parent=1001359"}],"wp:term":[{"taxonomy":"product_cat","embeddable":true,"href":"https:\/\/www.vetorino.com\/veterinaire\/plouzevede-29440\/boutique\/wp-json\/wp\/v2\/product_cat?post=1001359"},{"taxonomy":"product_tag","embeddable":true,"href":"https:\/\/www.vetorino.com\/veterinaire\/plouzevede-29440\/boutique\/wp-json\/wp\/v2\/product_tag?post=1001359"}],"curies":[{"name":"wp","href":"https:\/\/api.w.org\/{rel}","templated":true}]}}