{"id":1038064,"date":"2024-09-27T12:10:05","date_gmt":"2024-09-27T10:10:05","guid":{"rendered":"https:\/\/www.vetorino.com\/boutique\/product\/vectra-3d-s-o-chien-10-25-kg\/"},"modified":"2024-10-31T09:56:12","modified_gmt":"2024-10-31T08:56:12","slug":"vectra-3d-s-o-chien-10-25-kg","status":"publish","type":"product","link":"https:\/\/www.vetorino.com\/veterinaire\/plouzevede-29440\/boutique\/product\/vectra-3d-s-o-chien-10-25-kg\/","title":{"rendered":"Vectra 3D S\/O Chien 10-25 kg"},"content":{"rendered":"<p>Pipettes anti-parasitaires pour chiens, efficace contre les puces, les tiques , les phl\u00e9botomes, moustiques et mouches d&#8217;\u00e9table.<\/p>\n<p><strong>Utilisation<\/strong> :<\/p>\n<p>Traitement et pr\u00e9vention des infestations par les puces<br \/>\nEfficacit\u00e9 acaricide et r\u00e9pulsive persistante contre les tiques<br \/>\nEmp\u00eache les piq\u00fbres de phl\u00e9botomes, de moustiques et de mouches d&#8217;\u00e9table<\/p>\n<p>Ne pas utiliser sur le chat. Demandez conseil \u00e0 votre v\u00e9t\u00e9rinaire avant utilisation.<\/p>\n<p><strong>Avantages<\/strong> :<\/p>\n<p>Puces : Traitement et pr\u00e9vention des infestations par les puces (Ctenocephalides felis et Ctenocephalides canis). Le traitement pr\u00e9vient les infestations de puces pendant un mois. Il emp\u00eache \u00e9galement la multiplication des puces pendant deux mois suivant l&#8217;application en emp\u00eachant l&#8217;\u00e9closion des oeufs (activit\u00e9 ovicide) et en inhibant le d\u00e9veloppement des adultes issus d&#8217;oeufs pondus par les puces adultes (activit\u00e9 larvicide). Le m\u00e9dicament v\u00e9t\u00e9rinaire peut \u00eatre utilis\u00e9 dans un programme de traitement de la Dermatite par Allergie aux Piq\u00fbres de<br \/>\nTiques : Le m\u00e9dicament v\u00e9t\u00e9rinaire a une efficacit\u00e9 acaricide et r\u00e9pulsive persistante contre les tiques (Rhipicephalus sanguineus et Ixodes ricinus pendant un mois, et Dermacentor reticulatus pendant trois semaines maximum). Si les tiques sont d\u00e9j\u00e0 pr\u00e9sentes lorsque le m\u00e9dicament v\u00e9t\u00e9rinaire est appliqu\u00e9, les tiques peuvent ne pas \u00eatre toutes tu\u00e9es dans les premi\u00e8res 48 heures, mais dans un d\u00e9lai d\u2019une semaine. Afin d\u2019enlever ces tiques, il est recommand\u00e9 d\u2019utiliser un dispositif d&#8217;\u00e9limination appropri\u00e9.<br \/>\nPhl\u00e9botomes, moustiques et mouches d&#8217;\u00e9table : Le traitement a une activit\u00e9 r\u00e9pulsive persistante. Il emp\u00eache les piq\u00fbres de phl\u00e9botomes (Phlebotomus perniciosus), de moustiques (Culex pipiens, Aedes aegypti) et de mouches d&#8217;\u00e9table (Stomoxys calcitrans) pendant un mois et a une activit\u00e9 insecticide persistante pendant un mois contre les moustiques (Aedes aegypti) et mouche d\u2019\u00e9table.<\/p>\n","protected":false},"excerpt":{"rendered":"<p><strong>Pipettes anti-parasitaires<\/strong> pour chiens, efficace contre les puces, les tiques , les phl\u00e9botomes, moustiques et mouches d&#8217;\u00e9table.<\/p>\n<p><strong>Ne pas utiliser sur le chat<\/strong>. Demandez conseil \u00e0 votre v\u00e9t\u00e9rinaire avant utilisation.<\/p>\n","protected":false},"featured_media":1079348,"template":"","meta":[],"product_cat":[12554,2698],"product_tag":[],"class_list":{"0":"post-1038064","1":"product","2":"type-product","3":"status-publish","4":"has-post-thumbnail","6":"product_cat-antiparasitaire-du-chien","7":"product_cat-chien","8":"pa_marque-ceva","10":"first","11":"instock","12":"taxable","13":"shipping-taxable","14":"purchasable","15":"product-type-variable"},"yoast_head":"<!-- This site is optimized with the Yoast SEO plugin v27.3 - https:\/\/yoast.com\/product\/yoast-seo-wordpress\/ -->\n<title>Vectra Vectra 3D S\/O Chien 10-25 kg Ceva - V\u00e9torino<\/title>\n<meta name=\"description\" content=\"Pipettes anti-parasitaires pour chiens, efficace contre les puces, les tiques , les phl\u00e9botomes, moustiques et mouches d&#039;\u00e9table.  Ne pas utiliser sur le chat. Demandez conseil \u00e0 votre v\u00e9t\u00e9rinaire avant utilisation.\" \/>\n<meta name=\"robots\" content=\"noindex, nofollow\" \/>\n<meta property=\"og:locale\" content=\"fr_FR\" \/>\n<meta property=\"og:type\" content=\"article\" \/>\n<meta property=\"og:title\" content=\"Vectra Vectra 3D S\/O Chien 10-25 kg Ceva - V\u00e9torino\" \/>\n<meta property=\"og:description\" content=\"Pipettes anti-parasitaires pour chiens, efficace contre les puces, les tiques , les phl\u00e9botomes, moustiques et mouches d&#039;\u00e9table.  Ne pas utiliser sur le chat. Demandez conseil \u00e0 votre v\u00e9t\u00e9rinaire avant utilisation.\" \/>\n<meta property=\"og:url\" content=\"https:\/\/www.vetorino.com\/veterinaire\/plouzevede-29440\/boutique\/product\/vectra-3d-s-o-chien-10-25-kg\/\" \/>\n<meta property=\"og:site_name\" content=\"V\u00e9torino\" \/>\n<meta property=\"article:publisher\" content=\"https:\/\/www.facebook.com\/Vetorino\/\" \/>\n<meta property=\"article:modified_time\" content=\"2024-10-31T08:56:12+00:00\" \/>\n<meta property=\"og:image\" content=\"https:\/\/www.vetorino.com\/boutique\/wp-content\/uploads\/2024\/09\/vectra-3d-m-chien-de-10-a-25-kg-2.jpg\" \/>\n\t<meta property=\"og:image:width\" content=\"458\" \/>\n\t<meta property=\"og:image:height\" content=\"458\" \/>\n\t<meta property=\"og:image:type\" content=\"image\/jpeg\" \/>\n<meta name=\"twitter:card\" content=\"summary_large_image\" \/>\n<meta name=\"twitter:label1\" content=\"Disponibilit\u00e9\" \/>\n\t<meta name=\"twitter:data1\" content=\"En stock\" \/>\n<script type=\"application\/ld+json\" class=\"yoast-schema-graph\">{\"@context\":\"https:\\\/\\\/schema.org\",\"@graph\":[{\"@type\":\"WebPage\",\"@id\":\"https:\\\/\\\/www.vetorino.com\\\/boutique\\\/product\\\/vectra-3d-s-o-chien-10-25-kg\\\/\",\"url\":\"https:\\\/\\\/www.vetorino.com\\\/boutique\\\/product\\\/vectra-3d-s-o-chien-10-25-kg\\\/\",\"name\":\"Vectra Vectra 3D S\\\/O Chien 10-25 kg Ceva - V\u00e9torino\",\"isPartOf\":{\"@id\":\"https:\\\/\\\/www.vetorino.com\\\/boutique\\\/#website\"},\"primaryImageOfPage\":{\"@id\":\"https:\\\/\\\/www.vetorino.com\\\/boutique\\\/product\\\/vectra-3d-s-o-chien-10-25-kg\\\/#primaryimage\"},\"image\":{\"@id\":\"https:\\\/\\\/www.vetorino.com\\\/boutique\\\/product\\\/vectra-3d-s-o-chien-10-25-kg\\\/#primaryimage\"},\"thumbnailUrl\":\"https:\\\/\\\/www.vetorino.com\\\/boutique\\\/wp-content\\\/uploads\\\/2024\\\/09\\\/vectra-3d-m-chien-de-10-a-25-kg-2.jpg\",\"datePublished\":\"2024-09-27T10:10:05+00:00\",\"dateModified\":\"2024-10-31T08:56:12+00:00\",\"description\":\"Pipettes anti-parasitaires pour chiens, efficace contre les puces, les tiques , les phl\u00e9botomes, moustiques et mouches d'\u00e9table. Ne pas utiliser sur le chat. Demandez conseil \u00e0 votre v\u00e9t\u00e9rinaire avant utilisation.\",\"breadcrumb\":{\"@id\":\"https:\\\/\\\/www.vetorino.com\\\/boutique\\\/product\\\/vectra-3d-s-o-chien-10-25-kg\\\/#breadcrumb\"},\"inLanguage\":\"fr-FR\",\"potentialAction\":[{\"@type\":\"ReadAction\",\"target\":[\"https:\\\/\\\/www.vetorino.com\\\/boutique\\\/product\\\/vectra-3d-s-o-chien-10-25-kg\\\/\"]}]},{\"@type\":\"ImageObject\",\"inLanguage\":\"fr-FR\",\"@id\":\"https:\\\/\\\/www.vetorino.com\\\/boutique\\\/product\\\/vectra-3d-s-o-chien-10-25-kg\\\/#primaryimage\",\"url\":\"https:\\\/\\\/www.vetorino.com\\\/boutique\\\/wp-content\\\/uploads\\\/2024\\\/09\\\/vectra-3d-m-chien-de-10-a-25-kg-2.jpg\",\"contentUrl\":\"https:\\\/\\\/www.vetorino.com\\\/boutique\\\/wp-content\\\/uploads\\\/2024\\\/09\\\/vectra-3d-m-chien-de-10-a-25-kg-2.jpg\",\"width\":458,\"height\":458},{\"@type\":\"BreadcrumbList\",\"@id\":\"https:\\\/\\\/www.vetorino.com\\\/boutique\\\/product\\\/vectra-3d-s-o-chien-10-25-kg\\\/#breadcrumb\",\"itemListElement\":[{\"@type\":\"ListItem\",\"position\":1,\"name\":\"Accueil\",\"item\":\"https:\\\/\\\/www.vetorino.com\\\/boutique\\\/\"},{\"@type\":\"ListItem\",\"position\":2,\"name\":\"Produits\",\"item\":\"https:\\\/\\\/www.vetorino.com\\\/boutique\\\/\"},{\"@type\":\"ListItem\",\"position\":3,\"name\":\"Vectra 3D S\\\/O Chien 10-25 kg\"}]},{\"@type\":\"WebSite\",\"@id\":\"https:\\\/\\\/www.vetorino.com\\\/boutique\\\/#website\",\"url\":\"https:\\\/\\\/www.vetorino.com\\\/boutique\\\/\",\"name\":\"V\u00e9torino\",\"description\":\"\",\"publisher\":{\"@id\":\"https:\\\/\\\/www.vetorino.com\\\/boutique\\\/#organization\"},\"potentialAction\":[{\"@type\":\"SearchAction\",\"target\":{\"@type\":\"EntryPoint\",\"urlTemplate\":\"https:\\\/\\\/www.vetorino.com\\\/boutique\\\/?s={search_term_string}\"},\"query-input\":{\"@type\":\"PropertyValueSpecification\",\"valueRequired\":true,\"valueName\":\"search_term_string\"}}],\"inLanguage\":\"fr-FR\"},{\"@type\":\"Organization\",\"@id\":\"https:\\\/\\\/www.vetorino.com\\\/boutique\\\/#organization\",\"name\":\"V\u00e9torino\",\"url\":\"https:\\\/\\\/www.vetorino.com\\\/boutique\\\/\",\"logo\":{\"@type\":\"ImageObject\",\"inLanguage\":\"fr-FR\",\"@id\":\"https:\\\/\\\/www.vetorino.com\\\/boutique\\\/#\\\/schema\\\/logo\\\/image\\\/\",\"url\":\"https:\\\/\\\/www.vetorino.com\\\/boutique\\\/wp-content\\\/uploads\\\/2024\\\/10\\\/logo.jpg\",\"contentUrl\":\"https:\\\/\\\/www.vetorino.com\\\/boutique\\\/wp-content\\\/uploads\\\/2024\\\/10\\\/logo.jpg\",\"width\":1200,\"height\":610,\"caption\":\"V\u00e9torino\"},\"image\":{\"@id\":\"https:\\\/\\\/www.vetorino.com\\\/boutique\\\/#\\\/schema\\\/logo\\\/image\\\/\"},\"sameAs\":[\"https:\\\/\\\/www.facebook.com\\\/Vetorino\\\/\",\"https:\\\/\\\/www.instagram.com\\\/vetorino_off\\\/\",\"https:\\\/\\\/www.linkedin.com\\\/company\\\/vtorino\\\/\"]}]}<\/script>\n<meta property=\"product:brand\" content=\"Ceva\" \/>\n<meta property=\"og:availability\" content=\"instock\" \/>\n<meta property=\"product:availability\" content=\"instock\" \/>\n<meta property=\"product:condition\" content=\"new\" \/>\n<!-- \/ Yoast SEO plugin. -->","yoast_head_json":{"title":"Vectra Vectra 3D S\/O Chien 10-25 kg Ceva - V\u00e9torino","description":"Pipettes anti-parasitaires pour chiens, efficace contre les puces, les tiques , les phl\u00e9botomes, moustiques et mouches d'\u00e9table.  Ne pas utiliser sur le chat. Demandez conseil \u00e0 votre v\u00e9t\u00e9rinaire avant utilisation.","robots":{"index":"noindex","follow":"nofollow"},"og_locale":"fr_FR","og_type":"article","og_title":"Vectra Vectra 3D S\/O Chien 10-25 kg Ceva - V\u00e9torino","og_description":"Pipettes anti-parasitaires pour chiens, efficace contre les puces, les tiques , les phl\u00e9botomes, moustiques et mouches d'\u00e9table.  Ne pas utiliser sur le chat. Demandez conseil \u00e0 votre v\u00e9t\u00e9rinaire avant utilisation.","og_url":"https:\/\/www.vetorino.com\/veterinaire\/plouzevede-29440\/boutique\/product\/vectra-3d-s-o-chien-10-25-kg\/","og_site_name":"V\u00e9torino","article_publisher":"https:\/\/www.facebook.com\/Vetorino\/","article_modified_time":"2024-10-31T08:56:12+00:00","og_image":[{"width":458,"height":458,"url":"https:\/\/www.vetorino.com\/boutique\/wp-content\/uploads\/2024\/09\/vectra-3d-m-chien-de-10-a-25-kg-2.jpg","type":"image\/jpeg"}],"twitter_card":"summary_large_image","twitter_misc":{"Disponibilit\u00e9":"En stock"},"schema":{"@context":"https:\/\/schema.org","@graph":[{"@type":"WebPage","@id":"https:\/\/www.vetorino.com\/boutique\/product\/vectra-3d-s-o-chien-10-25-kg\/","url":"https:\/\/www.vetorino.com\/boutique\/product\/vectra-3d-s-o-chien-10-25-kg\/","name":"Vectra Vectra 3D S\/O Chien 10-25 kg Ceva - V\u00e9torino","isPartOf":{"@id":"https:\/\/www.vetorino.com\/boutique\/#website"},"primaryImageOfPage":{"@id":"https:\/\/www.vetorino.com\/boutique\/product\/vectra-3d-s-o-chien-10-25-kg\/#primaryimage"},"image":{"@id":"https:\/\/www.vetorino.com\/boutique\/product\/vectra-3d-s-o-chien-10-25-kg\/#primaryimage"},"thumbnailUrl":"https:\/\/www.vetorino.com\/boutique\/wp-content\/uploads\/2024\/09\/vectra-3d-m-chien-de-10-a-25-kg-2.jpg","datePublished":"2024-09-27T10:10:05+00:00","dateModified":"2024-10-31T08:56:12+00:00","description":"Pipettes anti-parasitaires pour chiens, efficace contre les puces, les tiques , les phl\u00e9botomes, moustiques et mouches d'\u00e9table. Ne pas utiliser sur le chat. Demandez conseil \u00e0 votre v\u00e9t\u00e9rinaire avant utilisation.","breadcrumb":{"@id":"https:\/\/www.vetorino.com\/boutique\/product\/vectra-3d-s-o-chien-10-25-kg\/#breadcrumb"},"inLanguage":"fr-FR","potentialAction":[{"@type":"ReadAction","target":["https:\/\/www.vetorino.com\/boutique\/product\/vectra-3d-s-o-chien-10-25-kg\/"]}]},{"@type":"ImageObject","inLanguage":"fr-FR","@id":"https:\/\/www.vetorino.com\/boutique\/product\/vectra-3d-s-o-chien-10-25-kg\/#primaryimage","url":"https:\/\/www.vetorino.com\/boutique\/wp-content\/uploads\/2024\/09\/vectra-3d-m-chien-de-10-a-25-kg-2.jpg","contentUrl":"https:\/\/www.vetorino.com\/boutique\/wp-content\/uploads\/2024\/09\/vectra-3d-m-chien-de-10-a-25-kg-2.jpg","width":458,"height":458},{"@type":"BreadcrumbList","@id":"https:\/\/www.vetorino.com\/boutique\/product\/vectra-3d-s-o-chien-10-25-kg\/#breadcrumb","itemListElement":[{"@type":"ListItem","position":1,"name":"Accueil","item":"https:\/\/www.vetorino.com\/boutique\/"},{"@type":"ListItem","position":2,"name":"Produits","item":"https:\/\/www.vetorino.com\/boutique\/"},{"@type":"ListItem","position":3,"name":"Vectra 3D S\/O Chien 10-25 kg"}]},{"@type":"WebSite","@id":"https:\/\/www.vetorino.com\/boutique\/#website","url":"https:\/\/www.vetorino.com\/boutique\/","name":"V\u00e9torino","description":"","publisher":{"@id":"https:\/\/www.vetorino.com\/boutique\/#organization"},"potentialAction":[{"@type":"SearchAction","target":{"@type":"EntryPoint","urlTemplate":"https:\/\/www.vetorino.com\/boutique\/?s={search_term_string}"},"query-input":{"@type":"PropertyValueSpecification","valueRequired":true,"valueName":"search_term_string"}}],"inLanguage":"fr-FR"},{"@type":"Organization","@id":"https:\/\/www.vetorino.com\/boutique\/#organization","name":"V\u00e9torino","url":"https:\/\/www.vetorino.com\/boutique\/","logo":{"@type":"ImageObject","inLanguage":"fr-FR","@id":"https:\/\/www.vetorino.com\/boutique\/#\/schema\/logo\/image\/","url":"https:\/\/www.vetorino.com\/boutique\/wp-content\/uploads\/2024\/10\/logo.jpg","contentUrl":"https:\/\/www.vetorino.com\/boutique\/wp-content\/uploads\/2024\/10\/logo.jpg","width":1200,"height":610,"caption":"V\u00e9torino"},"image":{"@id":"https:\/\/www.vetorino.com\/boutique\/#\/schema\/logo\/image\/"},"sameAs":["https:\/\/www.facebook.com\/Vetorino\/","https:\/\/www.instagram.com\/vetorino_off\/","https:\/\/www.linkedin.com\/company\/vtorino\/"]}]},"product_brand":"Ceva","og_availability":"instock","product_availability":"instock","product_condition":"new"},"_links":{"self":[{"href":"https:\/\/www.vetorino.com\/veterinaire\/plouzevede-29440\/boutique\/wp-json\/wp\/v2\/product\/1038064","targetHints":{"allow":["GET"]}}],"collection":[{"href":"https:\/\/www.vetorino.com\/veterinaire\/plouzevede-29440\/boutique\/wp-json\/wp\/v2\/product"}],"about":[{"href":"https:\/\/www.vetorino.com\/veterinaire\/plouzevede-29440\/boutique\/wp-json\/wp\/v2\/types\/product"}],"wp:featuredmedia":[{"embeddable":true,"href":"https:\/\/www.vetorino.com\/veterinaire\/plouzevede-29440\/boutique\/wp-json\/wp\/v2\/media\/1079348"}],"wp:attachment":[{"href":"https:\/\/www.vetorino.com\/veterinaire\/plouzevede-29440\/boutique\/wp-json\/wp\/v2\/media?parent=1038064"}],"wp:term":[{"taxonomy":"product_cat","embeddable":true,"href":"https:\/\/www.vetorino.com\/veterinaire\/plouzevede-29440\/boutique\/wp-json\/wp\/v2\/product_cat?post=1038064"},{"taxonomy":"product_tag","embeddable":true,"href":"https:\/\/www.vetorino.com\/veterinaire\/plouzevede-29440\/boutique\/wp-json\/wp\/v2\/product_tag?post=1038064"}],"curies":[{"name":"wp","href":"https:\/\/api.w.org\/{rel}","templated":true}]}}