{"id":1132433,"date":"2024-12-12T05:35:05","date_gmt":"2024-12-12T04:35:05","guid":{"rendered":"https:\/\/www.vetorino.com\/boutique\/product\/specific-chien-ct-is-intestinal-support-sausages\/"},"modified":"2025-09-02T14:10:56","modified_gmt":"2025-09-02T12:10:56","slug":"specific-chien-ct-is-intestinal-support-sausages","status":"publish","type":"product","link":"https:\/\/www.vetorino.com\/veterinaire\/plouzevede-29440\/boutique\/product\/specific-chien-ct-is-intestinal-support-sausages\/","title":{"rendered":"CT-IS Intestinal Support Saucisse &#8211; chien"},"content":{"rendered":"<p><strong>Friandises favorisant une bonne sant\u00e9 digestive, pour chien en bonne sant\u00e9 ou pr\u00e9sentant des affections gastro-intestinales.<\/strong><\/p>\n<p><strong>Utilisation :<\/strong><\/p>\n<ul>\n<li>Friandises pour chien de tous \u00e2ges et de toutes tailles<\/li>\n<\/ul>\n<p><strong>Bienfaits essentiels :<\/strong><\/p>\n<ul>\n<li>Hautement digestibles pour assurer le confort intestinal des chiens.<\/li>\n<li>Compos\u00e9es \u00e0 70% de porc et app\u00e9tentes pour r\u00e9galer chaque chien.<\/li>\n<li>Des fibres b\u00e9n\u00e9fiques et b\u00eata-glucanes pour des d\u00e9fenses immunitaires stimul\u00e9es.<\/li>\n<li>Les friandises SPECIFIC\u00ae Intestinal Support Sausages sont sp\u00e9cialement formul\u00e9es par les v\u00e9t\u00e9rinaires pour favoriser la bonne sant\u00e9 digestive des chiens.<\/li>\n<li>Ces friandises sous forme ludique de saucisses sont destin\u00e9es aux chiens souffrant de probl\u00e8mes digestifs, et \u00e9galement aux chiens en bonne sant\u00e9 pour aider \u00e0 renforcer leur sant\u00e9 digestive.<\/li>\n<li>Ces d\u00e9licieuses saucisses sont compos\u00e9es \u00e0 70 % de porc et peuvent \u00eatre donn\u00e9es enti\u00e8res ou coup\u00e9es en petits morceaux.<\/li>\n<li>Tr\u00e8s digestibles et compos\u00e9es d\u2019une gamme d\u2019ingr\u00e9dients b\u00e9n\u00e9fiques pour l\u2019intestin ces friandises conviennent parfaitement aux chiens souffrant de troubles digestifs.<\/li>\n<li>Elles contiennent notamment des pr\u00e9biotiques issus d\u2019un extrait v\u00e9g\u00e9tal naturel qui contribue \u00e0 renforcer l\u2019int\u00e9grit\u00e9 de la barri\u00e8re intestinale et \u00e0 r\u00e9tablir un microbiome \u00e9quilibr\u00e9<\/li>\n<\/ul>\n","protected":false},"excerpt":{"rendered":"<p><strong>Friandises favorisant une bonne sant\u00e9 digestive, pour chien en bonne sant\u00e9 ou pr\u00e9sentant des affections gastro-intestinales.<\/strong><\/p>\n<p><strong>Utilisation :<\/strong><\/p>\n<ul>\n<li>Friandises pour chien de tous \u00e2ges et de toutes tailles<\/li>\n<\/ul>\n","protected":false},"featured_media":1153368,"template":"","meta":[],"product_cat":[2698,12603],"product_tag":[],"class_list":{"0":"post-1132433","1":"product","2":"type-product","3":"status-publish","4":"has-post-thumbnail","6":"product_cat-chien","7":"product_cat-friandises-pour-chien","8":"pa_marque-specific","10":"first","11":"instock","12":"taxable","13":"shipping-taxable","14":"purchasable","15":"product-type-simple"},"yoast_head":"<!-- This site is optimized with the Yoast SEO plugin v27.3 - https:\/\/yoast.com\/product\/yoast-seo-wordpress\/ -->\n<title>CT-IS Intestinal Support Saucisse - chien Specific - V\u00e9torino<\/title>\n<meta name=\"description\" content=\"Friandises favorisant une bonne sant\u00e9 digestive, pour chien en bonne sant\u00e9 ou pr\u00e9sentant des affections gastro-intestinales.  Utilisation :   Friandises pour chien de tous \u00e2ges et de toutes tailles\" \/>\n<meta name=\"robots\" content=\"noindex, nofollow\" \/>\n<meta property=\"og:locale\" content=\"fr_FR\" \/>\n<meta property=\"og:type\" content=\"article\" \/>\n<meta property=\"og:title\" content=\"CT-IS Intestinal Support Saucisse - chien Specific - V\u00e9torino\" \/>\n<meta property=\"og:description\" content=\"Friandises favorisant une bonne sant\u00e9 digestive, pour chien en bonne sant\u00e9 ou pr\u00e9sentant des affections gastro-intestinales.  Utilisation :   Friandises pour chien de tous \u00e2ges et de toutes tailles\" \/>\n<meta property=\"og:url\" content=\"https:\/\/www.vetorino.com\/veterinaire\/plouzevede-29440\/boutique\/product\/specific-chien-ct-is-intestinal-support-sausages\/\" \/>\n<meta property=\"og:site_name\" content=\"V\u00e9torino\" \/>\n<meta property=\"article:publisher\" content=\"https:\/\/www.facebook.com\/Vetorino\/\" \/>\n<meta property=\"article:modified_time\" content=\"2025-09-02T12:10:56+00:00\" \/>\n<meta property=\"og:image\" content=\"https:\/\/www.vetorino.com\/boutique\/wp-content\/uploads\/2024\/12\/chien-ct-is-intestinal-support-saucisse.webp\" \/>\n\t<meta property=\"og:image:width\" content=\"800\" \/>\n\t<meta property=\"og:image:height\" content=\"800\" \/>\n\t<meta property=\"og:image:type\" content=\"image\/webp\" \/>\n<meta name=\"twitter:card\" content=\"summary_large_image\" \/>\n<meta name=\"twitter:label1\" content=\"Prix\" \/>\n\t<meta name=\"twitter:data1\" content=\"11,17&euro;\" \/>\n\t<meta name=\"twitter:label2\" content=\"Disponibilit\u00e9\" \/>\n\t<meta name=\"twitter:data2\" content=\"En stock\" \/>\n<script type=\"application\/ld+json\" class=\"yoast-schema-graph\">{\"@context\":\"https:\\\/\\\/schema.org\",\"@graph\":[{\"@type\":\"WebPage\",\"@id\":\"https:\\\/\\\/www.vetorino.com\\\/boutique\\\/product\\\/specific-chien-ct-is-intestinal-support-sausages\\\/\",\"url\":\"https:\\\/\\\/www.vetorino.com\\\/boutique\\\/product\\\/specific-chien-ct-is-intestinal-support-sausages\\\/\",\"name\":\"CT-IS Intestinal Support Saucisse - chien Specific - V\u00e9torino\",\"isPartOf\":{\"@id\":\"https:\\\/\\\/www.vetorino.com\\\/boutique\\\/#website\"},\"primaryImageOfPage\":{\"@id\":\"https:\\\/\\\/www.vetorino.com\\\/boutique\\\/product\\\/specific-chien-ct-is-intestinal-support-sausages\\\/#primaryimage\"},\"image\":{\"@id\":\"https:\\\/\\\/www.vetorino.com\\\/boutique\\\/product\\\/specific-chien-ct-is-intestinal-support-sausages\\\/#primaryimage\"},\"thumbnailUrl\":\"https:\\\/\\\/www.vetorino.com\\\/boutique\\\/wp-content\\\/uploads\\\/2024\\\/12\\\/chien-ct-is-intestinal-support-saucisse.webp\",\"datePublished\":\"2024-12-12T04:35:05+00:00\",\"dateModified\":\"2025-09-02T12:10:56+00:00\",\"description\":\"Friandises favorisant une bonne sant\u00e9 digestive, pour chien en bonne sant\u00e9 ou pr\u00e9sentant des affections gastro-intestinales. Utilisation : Friandises pour chien de tous \u00e2ges et de toutes tailles\",\"breadcrumb\":{\"@id\":\"https:\\\/\\\/www.vetorino.com\\\/boutique\\\/product\\\/specific-chien-ct-is-intestinal-support-sausages\\\/#breadcrumb\"},\"inLanguage\":\"fr-FR\",\"potentialAction\":[{\"@type\":\"ReadAction\",\"target\":[\"https:\\\/\\\/www.vetorino.com\\\/boutique\\\/product\\\/specific-chien-ct-is-intestinal-support-sausages\\\/\"]}]},{\"@type\":\"ImageObject\",\"inLanguage\":\"fr-FR\",\"@id\":\"https:\\\/\\\/www.vetorino.com\\\/boutique\\\/product\\\/specific-chien-ct-is-intestinal-support-sausages\\\/#primaryimage\",\"url\":\"https:\\\/\\\/www.vetorino.com\\\/boutique\\\/wp-content\\\/uploads\\\/2024\\\/12\\\/chien-ct-is-intestinal-support-saucisse.webp\",\"contentUrl\":\"https:\\\/\\\/www.vetorino.com\\\/boutique\\\/wp-content\\\/uploads\\\/2024\\\/12\\\/chien-ct-is-intestinal-support-saucisse.webp\",\"width\":800,\"height\":800},{\"@type\":\"BreadcrumbList\",\"@id\":\"https:\\\/\\\/www.vetorino.com\\\/boutique\\\/product\\\/specific-chien-ct-is-intestinal-support-sausages\\\/#breadcrumb\",\"itemListElement\":[{\"@type\":\"ListItem\",\"position\":1,\"name\":\"Accueil\",\"item\":\"https:\\\/\\\/www.vetorino.com\\\/boutique\\\/\"},{\"@type\":\"ListItem\",\"position\":2,\"name\":\"Produits\",\"item\":\"https:\\\/\\\/www.vetorino.com\\\/boutique\\\/\"},{\"@type\":\"ListItem\",\"position\":3,\"name\":\"CT-IS Intestinal Support Saucisse &#8211; chien\"}]},{\"@type\":\"WebSite\",\"@id\":\"https:\\\/\\\/www.vetorino.com\\\/boutique\\\/#website\",\"url\":\"https:\\\/\\\/www.vetorino.com\\\/boutique\\\/\",\"name\":\"V\u00e9torino\",\"description\":\"\",\"publisher\":{\"@id\":\"https:\\\/\\\/www.vetorino.com\\\/boutique\\\/#organization\"},\"potentialAction\":[{\"@type\":\"SearchAction\",\"target\":{\"@type\":\"EntryPoint\",\"urlTemplate\":\"https:\\\/\\\/www.vetorino.com\\\/boutique\\\/?s={search_term_string}\"},\"query-input\":{\"@type\":\"PropertyValueSpecification\",\"valueRequired\":true,\"valueName\":\"search_term_string\"}}],\"inLanguage\":\"fr-FR\"},{\"@type\":\"Organization\",\"@id\":\"https:\\\/\\\/www.vetorino.com\\\/boutique\\\/#organization\",\"name\":\"V\u00e9torino\",\"url\":\"https:\\\/\\\/www.vetorino.com\\\/boutique\\\/\",\"logo\":{\"@type\":\"ImageObject\",\"inLanguage\":\"fr-FR\",\"@id\":\"https:\\\/\\\/www.vetorino.com\\\/boutique\\\/#\\\/schema\\\/logo\\\/image\\\/\",\"url\":\"https:\\\/\\\/www.vetorino.com\\\/boutique\\\/wp-content\\\/uploads\\\/2024\\\/10\\\/logo.jpg\",\"contentUrl\":\"https:\\\/\\\/www.vetorino.com\\\/boutique\\\/wp-content\\\/uploads\\\/2024\\\/10\\\/logo.jpg\",\"width\":1200,\"height\":610,\"caption\":\"V\u00e9torino\"},\"image\":{\"@id\":\"https:\\\/\\\/www.vetorino.com\\\/boutique\\\/#\\\/schema\\\/logo\\\/image\\\/\"},\"sameAs\":[\"https:\\\/\\\/www.facebook.com\\\/Vetorino\\\/\",\"https:\\\/\\\/www.instagram.com\\\/vetorino_off\\\/\",\"https:\\\/\\\/www.linkedin.com\\\/company\\\/vtorino\\\/\"]}]}<\/script>\n<meta property=\"product:brand\" content=\"Specific\" \/>\n<meta property=\"product:price:amount\" content=\"11.17\" \/>\n<meta property=\"product:price:currency\" content=\"EUR\" \/>\n<meta property=\"og:availability\" content=\"instock\" \/>\n<meta property=\"product:availability\" content=\"instock\" \/>\n<meta property=\"product:retailer_item_id\" content=\"A-1888680\" \/>\n<meta property=\"product:condition\" content=\"new\" \/>\n<!-- \/ Yoast SEO plugin. -->","yoast_head_json":{"title":"CT-IS Intestinal Support Saucisse - chien Specific - V\u00e9torino","description":"Friandises favorisant une bonne sant\u00e9 digestive, pour chien en bonne sant\u00e9 ou pr\u00e9sentant des affections gastro-intestinales.  Utilisation :   Friandises pour chien de tous \u00e2ges et de toutes tailles","robots":{"index":"noindex","follow":"nofollow"},"og_locale":"fr_FR","og_type":"article","og_title":"CT-IS Intestinal Support Saucisse - chien Specific - V\u00e9torino","og_description":"Friandises favorisant une bonne sant\u00e9 digestive, pour chien en bonne sant\u00e9 ou pr\u00e9sentant des affections gastro-intestinales.  Utilisation :   Friandises pour chien de tous \u00e2ges et de toutes tailles","og_url":"https:\/\/www.vetorino.com\/veterinaire\/plouzevede-29440\/boutique\/product\/specific-chien-ct-is-intestinal-support-sausages\/","og_site_name":"V\u00e9torino","article_publisher":"https:\/\/www.facebook.com\/Vetorino\/","article_modified_time":"2025-09-02T12:10:56+00:00","og_image":[{"width":800,"height":800,"url":"https:\/\/www.vetorino.com\/boutique\/wp-content\/uploads\/2024\/12\/chien-ct-is-intestinal-support-saucisse.webp","type":"image\/webp"}],"twitter_card":"summary_large_image","twitter_misc":{"Prix":"11,17&euro;","Disponibilit\u00e9":"En stock"},"schema":{"@context":"https:\/\/schema.org","@graph":[{"@type":"WebPage","@id":"https:\/\/www.vetorino.com\/boutique\/product\/specific-chien-ct-is-intestinal-support-sausages\/","url":"https:\/\/www.vetorino.com\/boutique\/product\/specific-chien-ct-is-intestinal-support-sausages\/","name":"CT-IS Intestinal Support Saucisse - chien Specific - V\u00e9torino","isPartOf":{"@id":"https:\/\/www.vetorino.com\/boutique\/#website"},"primaryImageOfPage":{"@id":"https:\/\/www.vetorino.com\/boutique\/product\/specific-chien-ct-is-intestinal-support-sausages\/#primaryimage"},"image":{"@id":"https:\/\/www.vetorino.com\/boutique\/product\/specific-chien-ct-is-intestinal-support-sausages\/#primaryimage"},"thumbnailUrl":"https:\/\/www.vetorino.com\/boutique\/wp-content\/uploads\/2024\/12\/chien-ct-is-intestinal-support-saucisse.webp","datePublished":"2024-12-12T04:35:05+00:00","dateModified":"2025-09-02T12:10:56+00:00","description":"Friandises favorisant une bonne sant\u00e9 digestive, pour chien en bonne sant\u00e9 ou pr\u00e9sentant des affections gastro-intestinales. Utilisation : Friandises pour chien de tous \u00e2ges et de toutes tailles","breadcrumb":{"@id":"https:\/\/www.vetorino.com\/boutique\/product\/specific-chien-ct-is-intestinal-support-sausages\/#breadcrumb"},"inLanguage":"fr-FR","potentialAction":[{"@type":"ReadAction","target":["https:\/\/www.vetorino.com\/boutique\/product\/specific-chien-ct-is-intestinal-support-sausages\/"]}]},{"@type":"ImageObject","inLanguage":"fr-FR","@id":"https:\/\/www.vetorino.com\/boutique\/product\/specific-chien-ct-is-intestinal-support-sausages\/#primaryimage","url":"https:\/\/www.vetorino.com\/boutique\/wp-content\/uploads\/2024\/12\/chien-ct-is-intestinal-support-saucisse.webp","contentUrl":"https:\/\/www.vetorino.com\/boutique\/wp-content\/uploads\/2024\/12\/chien-ct-is-intestinal-support-saucisse.webp","width":800,"height":800},{"@type":"BreadcrumbList","@id":"https:\/\/www.vetorino.com\/boutique\/product\/specific-chien-ct-is-intestinal-support-sausages\/#breadcrumb","itemListElement":[{"@type":"ListItem","position":1,"name":"Accueil","item":"https:\/\/www.vetorino.com\/boutique\/"},{"@type":"ListItem","position":2,"name":"Produits","item":"https:\/\/www.vetorino.com\/boutique\/"},{"@type":"ListItem","position":3,"name":"CT-IS Intestinal Support Saucisse &#8211; chien"}]},{"@type":"WebSite","@id":"https:\/\/www.vetorino.com\/boutique\/#website","url":"https:\/\/www.vetorino.com\/boutique\/","name":"V\u00e9torino","description":"","publisher":{"@id":"https:\/\/www.vetorino.com\/boutique\/#organization"},"potentialAction":[{"@type":"SearchAction","target":{"@type":"EntryPoint","urlTemplate":"https:\/\/www.vetorino.com\/boutique\/?s={search_term_string}"},"query-input":{"@type":"PropertyValueSpecification","valueRequired":true,"valueName":"search_term_string"}}],"inLanguage":"fr-FR"},{"@type":"Organization","@id":"https:\/\/www.vetorino.com\/boutique\/#organization","name":"V\u00e9torino","url":"https:\/\/www.vetorino.com\/boutique\/","logo":{"@type":"ImageObject","inLanguage":"fr-FR","@id":"https:\/\/www.vetorino.com\/boutique\/#\/schema\/logo\/image\/","url":"https:\/\/www.vetorino.com\/boutique\/wp-content\/uploads\/2024\/10\/logo.jpg","contentUrl":"https:\/\/www.vetorino.com\/boutique\/wp-content\/uploads\/2024\/10\/logo.jpg","width":1200,"height":610,"caption":"V\u00e9torino"},"image":{"@id":"https:\/\/www.vetorino.com\/boutique\/#\/schema\/logo\/image\/"},"sameAs":["https:\/\/www.facebook.com\/Vetorino\/","https:\/\/www.instagram.com\/vetorino_off\/","https:\/\/www.linkedin.com\/company\/vtorino\/"]}]},"product_brand":"Specific","product_price_amount":"11.17","product_price_currency":"EUR","og_availability":"instock","product_availability":"instock","product_retailer_item_id":"A-1888680","product_condition":"new"},"_links":{"self":[{"href":"https:\/\/www.vetorino.com\/veterinaire\/plouzevede-29440\/boutique\/wp-json\/wp\/v2\/product\/1132433","targetHints":{"allow":["GET"]}}],"collection":[{"href":"https:\/\/www.vetorino.com\/veterinaire\/plouzevede-29440\/boutique\/wp-json\/wp\/v2\/product"}],"about":[{"href":"https:\/\/www.vetorino.com\/veterinaire\/plouzevede-29440\/boutique\/wp-json\/wp\/v2\/types\/product"}],"wp:featuredmedia":[{"embeddable":true,"href":"https:\/\/www.vetorino.com\/veterinaire\/plouzevede-29440\/boutique\/wp-json\/wp\/v2\/media\/1153368"}],"wp:attachment":[{"href":"https:\/\/www.vetorino.com\/veterinaire\/plouzevede-29440\/boutique\/wp-json\/wp\/v2\/media?parent=1132433"}],"wp:term":[{"taxonomy":"product_cat","embeddable":true,"href":"https:\/\/www.vetorino.com\/veterinaire\/plouzevede-29440\/boutique\/wp-json\/wp\/v2\/product_cat?post=1132433"},{"taxonomy":"product_tag","embeddable":true,"href":"https:\/\/www.vetorino.com\/veterinaire\/plouzevede-29440\/boutique\/wp-json\/wp\/v2\/product_tag?post=1132433"}],"curies":[{"name":"wp","href":"https:\/\/api.w.org\/{rel}","templated":true}]}}