{"id":1278565,"date":"2025-04-06T05:35:05","date_gmt":"2025-04-06T03:35:05","guid":{"rendered":"https:\/\/www.vetorino.com\/boutique\/product\/tonivet-chien-adulte-sterilise-maxi\/"},"modified":"2025-11-17T17:52:12","modified_gmt":"2025-11-17T16:52:12","slug":"tonivet-chien-adulte-sterilise-maxi","status":"publish","type":"product","link":"https:\/\/www.vetorino.com\/veterinaire\/plouzevede-29440\/boutique\/product\/tonivet-chien-adulte-sterilise-maxi\/","title":{"rendered":"Chien Adulte Maxi St\u00e9rilis\u00e9 Poulet"},"content":{"rendered":"<p><strong>TONIVET MAXI ST\u00c9RILIS\u00c9 aide \u00e0 maintenir un poids optimal chez les chiens st\u00e9rilis\u00e9s de grande taille gr\u00e2ce \u00e0 une teneur \u00e9lev\u00e9e en prot\u00e9ines (33%), un apport mod\u00e9r\u00e9 en mati\u00e8res grasses (12%) et un rationnement adapt\u00e9. Le complexe de glucosamine et chondro\u00eftine favorise le soutien articulaire (750 mg\/kg).<\/strong><\/p>\n<p><strong>Taille de la croquette : 24 mm\u00a0<\/strong><\/p>\n<p><strong>1. Maintien du poids de forme :<\/strong><br \/>\nFormule adapt\u00e9e aux besoins du chien st\u00e9rilis\u00e9 gr\u00e2ce \u00e0 une teneur augment\u00e9e en fibres alimentaires (pulpe de betterave, carotte et lignocellulose) 11%, au maintien de la masse musculaire (apport en prot\u00e9ines) et \u00e0 la combustion des graisses (L-Carnitine). Une densit\u00e9 \u00e9nerg\u00e9tique faible et un ratio protido-calorique maitris\u00e9s pr\u00e9viendront la prise de poids.<\/p>\n<p>2. Soutien articulaire et musculaire :<br \/>\nUne teneur optimale en chondroprotecteurs de type glucosamine et chondro\u00eftine pour contribuer au maintien du cartilage articulaire et donc \u00e0 une bonne fonction motrice. Une huile de poisson concentr\u00e9e en Om\u00e9ga 3 aidera \u00e9galement \u00e0 pr\u00e9server la bonne sant\u00e9 des articulations.<br \/>\nGr\u00e2ce \u00e0 la teneur \u00e9lev\u00e9e en prot\u00e9ines animales, les muscles re\u00e7oivent le soutien n\u00e9cessaire pour rester toniques et efficaces.<\/p>\n<p><strong>3. Beaut\u00e9 de la peau et du pelage :<\/strong><br \/>\nFormule nutritionnelle enrichie en huile d\u2019anchois et de sardines sauvages, poissons s\u00e9lectionn\u00e9s pour leur teneur accrue en acides gras essentiels Om\u00e9ga 3 (EPA, DHA). La graisse de canard, quant \u00e0 elle, procure l\u2019apport n\u00e9cessaire en acide gras Om\u00e9ga 6 (LA, GLA) permettant ainsi un ratio Om\u00e9ga 3\/6 optimal.<br \/>\nLa concentration importante en prot\u00e9ines d\u2019origine animale et notamment en acides amin\u00e9s soufr\u00e9s et aromatiques agira directement sur la r\u00e9g\u00e9n\u00e9ration de la k\u00e9ratine et le soutien de la pigmentation du poil.<br \/>\nRiche en vitamines du groupe B, la levure de bi\u00e8re favorisera la brillance du poil.<\/p>\n<p><strong>4. Immunit\u00e9 digestive :<\/strong><br \/>\nIngr\u00e9dients s\u00e9lectionn\u00e9s pour leur haute tol\u00e9rance digestive assurant une absorption optimale des nutriments.<br \/>\nIncorporation de pr\u00e9biotiques de type levure de bi\u00e8re, parois de levures (\u00df-glucanes &amp; MOS) et inuline de chicor\u00e9e (FOS) afin de renforcer le syst\u00e8me immunitaire et l\u2019int\u00e9grit\u00e9 intestinale.<\/p>\n<p><strong>5. Lutte contre le \u00ab stress oxydatif \u00bb :<\/strong><br \/>\nLe s\u00e9l\u00e9nium est un antioxydant secondaire cellulaire dont le but est d\u2019aider \u00e0 prot\u00e9ger les cellules contre les radicaux libres form\u00e9s par plusieurs types d\u2019agents quotidiens (\u00e2ge, respiration, stress, surpoids, fatigue, r\u00e9action immunitaire, pollution, &#8230;). Son r\u00f4le est de r\u00e9duire la part de radicaux libres pr\u00e9sente dans l\u2019organisme et pr\u00e9venir l\u2019apparition de pathologies li\u00e9es au stress oxydatif (vieillissement c\u00e9r\u00e9bral, cancer, diminution des fonctions cognitives, maladies cardiaques, probl\u00e8mes dermatologiques, probl\u00e8mes urinaires, allergies chroniques et maladies de la peau).<\/p>\n","protected":false},"excerpt":{"rendered":"<p><strong>TONIVET MAXI ST\u00c9RILIS\u00c9 aide \u00e0 maintenir un poids optimal chez les chiens st\u00e9rilis\u00e9s de grande taille gr\u00e2ce \u00e0 une teneur \u00e9lev\u00e9e en prot\u00e9ines (33%), un apport mod\u00e9r\u00e9 en mati\u00e8res grasses (12%) et un rationnement adapt\u00e9. Le complexe de glucosamine et chondro\u00eftine favorise le soutien articulaire (750 mg\/kg).<\/strong><\/p>\n<p><strong>Utilisation :<\/strong><\/p>\n<ul>\n<li>Chien de 15 mois \u00e0 7 ans.<\/li>\n<li>Grande race (+25kg)<\/li>\n<li>St\u00e9rilis\u00e9<\/li>\n<\/ul>\n","protected":false},"featured_media":1402136,"template":"","meta":[],"product_cat":[12552,12584,2698],"product_tag":[],"class_list":{"0":"post-1278565","1":"product","2":"type-product","3":"status-publish","4":"has-post-thumbnail","6":"product_cat-alimentation-du-chien","7":"product_cat-alimentation-premium-pour-chien","8":"product_cat-chien","9":"pa_marque-tonivet","11":"first","12":"instock","13":"taxable","14":"shipping-taxable","15":"purchasable","16":"product-type-simple"},"yoast_head":"<!-- This site is optimized with the Yoast SEO plugin v27.3 - https:\/\/yoast.com\/product\/yoast-seo-wordpress\/ -->\n<title>Chien Adulte Maxi St\u00e9rilis\u00e9 Poulet Tonivet - V\u00e9torino<\/title>\n<meta name=\"description\" content=\"TONIVET MAXI ST\u00c9RILIS\u00c9 aide \u00e0 maintenir un poids optimal chez les chiens st\u00e9rilis\u00e9s de grande taille gr\u00e2ce \u00e0 une teneur \u00e9lev\u00e9e en prot\u00e9ines (33%), un apport mod\u00e9r\u00e9 en mati\u00e8res grasses (12%) et un rationnement adapt\u00e9. Le complexe de glucosamine et chondro\u00eftine favorise le soutien articulaire (750 mg\/kg).  Utilisation :   Chien de 15 mois \u00e0 7 ans.  Grande race (+25kg)  St\u00e9rilis\u00e9\" \/>\n<meta name=\"robots\" content=\"noindex, nofollow\" \/>\n<meta property=\"og:locale\" content=\"fr_FR\" \/>\n<meta property=\"og:type\" content=\"article\" \/>\n<meta property=\"og:title\" content=\"Chien Adulte Maxi St\u00e9rilis\u00e9 Poulet Tonivet - V\u00e9torino\" \/>\n<meta property=\"og:description\" content=\"TONIVET MAXI ST\u00c9RILIS\u00c9 aide \u00e0 maintenir un poids optimal chez les chiens st\u00e9rilis\u00e9s de grande taille gr\u00e2ce \u00e0 une teneur \u00e9lev\u00e9e en prot\u00e9ines (33%), un apport mod\u00e9r\u00e9 en mati\u00e8res grasses (12%) et un rationnement adapt\u00e9. Le complexe de glucosamine et chondro\u00eftine favorise le soutien articulaire (750 mg\/kg).  Utilisation :   Chien de 15 mois \u00e0 7 ans.  Grande race (+25kg)  St\u00e9rilis\u00e9\" \/>\n<meta property=\"og:url\" content=\"https:\/\/www.vetorino.com\/veterinaire\/plouzevede-29440\/boutique\/product\/tonivet-chien-adulte-sterilise-maxi\/\" \/>\n<meta property=\"og:site_name\" content=\"V\u00e9torino\" \/>\n<meta property=\"article:publisher\" content=\"https:\/\/www.facebook.com\/Vetorino\/\" \/>\n<meta property=\"article:modified_time\" content=\"2025-11-17T16:52:12+00:00\" \/>\n<meta property=\"og:image\" content=\"https:\/\/www.vetorino.com\/boutique\/wp-content\/uploads\/2025\/04\/tonivet-chien-adulte-maxi-sterilise-poulet.webp\" \/>\n\t<meta property=\"og:image:width\" content=\"800\" \/>\n\t<meta property=\"og:image:height\" content=\"800\" \/>\n\t<meta property=\"og:image:type\" content=\"image\/webp\" \/>\n<meta name=\"twitter:card\" content=\"summary_large_image\" \/>\n<meta name=\"twitter:label1\" content=\"Prix\" \/>\n\t<meta name=\"twitter:data1\" content=\"52,83&euro;\" \/>\n\t<meta name=\"twitter:label2\" content=\"Disponibilit\u00e9\" \/>\n\t<meta name=\"twitter:data2\" content=\"En stock\" \/>\n<script type=\"application\/ld+json\" class=\"yoast-schema-graph\">{\"@context\":\"https:\\\/\\\/schema.org\",\"@graph\":[{\"@type\":\"WebPage\",\"@id\":\"https:\\\/\\\/www.vetorino.com\\\/boutique\\\/product\\\/tonivet-chien-adulte-sterilise-maxi\\\/\",\"url\":\"https:\\\/\\\/www.vetorino.com\\\/boutique\\\/product\\\/tonivet-chien-adulte-sterilise-maxi\\\/\",\"name\":\"Chien Adulte Maxi St\u00e9rilis\u00e9 Poulet Tonivet - V\u00e9torino\",\"isPartOf\":{\"@id\":\"https:\\\/\\\/www.vetorino.com\\\/boutique\\\/#website\"},\"primaryImageOfPage\":{\"@id\":\"https:\\\/\\\/www.vetorino.com\\\/boutique\\\/product\\\/tonivet-chien-adulte-sterilise-maxi\\\/#primaryimage\"},\"image\":{\"@id\":\"https:\\\/\\\/www.vetorino.com\\\/boutique\\\/product\\\/tonivet-chien-adulte-sterilise-maxi\\\/#primaryimage\"},\"thumbnailUrl\":\"https:\\\/\\\/www.vetorino.com\\\/boutique\\\/wp-content\\\/uploads\\\/2025\\\/04\\\/tonivet-chien-adulte-maxi-sterilise-poulet.webp\",\"datePublished\":\"2025-04-06T03:35:05+00:00\",\"dateModified\":\"2025-11-17T16:52:12+00:00\",\"description\":\"TONIVET MAXI ST\u00c9RILIS\u00c9 aide \u00e0 maintenir un poids optimal chez les chiens st\u00e9rilis\u00e9s de grande taille gr\u00e2ce \u00e0 une teneur \u00e9lev\u00e9e en prot\u00e9ines (33%), un apport mod\u00e9r\u00e9 en mati\u00e8res grasses (12%) et un rationnement adapt\u00e9. Le complexe de glucosamine et chondro\u00eftine favorise le soutien articulaire (750 mg\\\/kg). Utilisation : Chien de 15 mois \u00e0 7 ans. Grande race (+25kg) St\u00e9rilis\u00e9\",\"breadcrumb\":{\"@id\":\"https:\\\/\\\/www.vetorino.com\\\/boutique\\\/product\\\/tonivet-chien-adulte-sterilise-maxi\\\/#breadcrumb\"},\"inLanguage\":\"fr-FR\",\"potentialAction\":[{\"@type\":\"ReadAction\",\"target\":[\"https:\\\/\\\/www.vetorino.com\\\/boutique\\\/product\\\/tonivet-chien-adulte-sterilise-maxi\\\/\"]}]},{\"@type\":\"ImageObject\",\"inLanguage\":\"fr-FR\",\"@id\":\"https:\\\/\\\/www.vetorino.com\\\/boutique\\\/product\\\/tonivet-chien-adulte-sterilise-maxi\\\/#primaryimage\",\"url\":\"https:\\\/\\\/www.vetorino.com\\\/boutique\\\/wp-content\\\/uploads\\\/2025\\\/04\\\/tonivet-chien-adulte-maxi-sterilise-poulet.webp\",\"contentUrl\":\"https:\\\/\\\/www.vetorino.com\\\/boutique\\\/wp-content\\\/uploads\\\/2025\\\/04\\\/tonivet-chien-adulte-maxi-sterilise-poulet.webp\",\"width\":800,\"height\":800},{\"@type\":\"BreadcrumbList\",\"@id\":\"https:\\\/\\\/www.vetorino.com\\\/boutique\\\/product\\\/tonivet-chien-adulte-sterilise-maxi\\\/#breadcrumb\",\"itemListElement\":[{\"@type\":\"ListItem\",\"position\":1,\"name\":\"Accueil\",\"item\":\"https:\\\/\\\/www.vetorino.com\\\/boutique\\\/\"},{\"@type\":\"ListItem\",\"position\":2,\"name\":\"Produits\",\"item\":\"https:\\\/\\\/www.vetorino.com\\\/boutique\\\/\"},{\"@type\":\"ListItem\",\"position\":3,\"name\":\"Chien Adulte Maxi St\u00e9rilis\u00e9 Poulet\"}]},{\"@type\":\"WebSite\",\"@id\":\"https:\\\/\\\/www.vetorino.com\\\/boutique\\\/#website\",\"url\":\"https:\\\/\\\/www.vetorino.com\\\/boutique\\\/\",\"name\":\"V\u00e9torino\",\"description\":\"\",\"publisher\":{\"@id\":\"https:\\\/\\\/www.vetorino.com\\\/boutique\\\/#organization\"},\"potentialAction\":[{\"@type\":\"SearchAction\",\"target\":{\"@type\":\"EntryPoint\",\"urlTemplate\":\"https:\\\/\\\/www.vetorino.com\\\/boutique\\\/?s={search_term_string}\"},\"query-input\":{\"@type\":\"PropertyValueSpecification\",\"valueRequired\":true,\"valueName\":\"search_term_string\"}}],\"inLanguage\":\"fr-FR\"},{\"@type\":\"Organization\",\"@id\":\"https:\\\/\\\/www.vetorino.com\\\/boutique\\\/#organization\",\"name\":\"V\u00e9torino\",\"url\":\"https:\\\/\\\/www.vetorino.com\\\/boutique\\\/\",\"logo\":{\"@type\":\"ImageObject\",\"inLanguage\":\"fr-FR\",\"@id\":\"https:\\\/\\\/www.vetorino.com\\\/boutique\\\/#\\\/schema\\\/logo\\\/image\\\/\",\"url\":\"https:\\\/\\\/www.vetorino.com\\\/boutique\\\/wp-content\\\/uploads\\\/2024\\\/10\\\/logo.jpg\",\"contentUrl\":\"https:\\\/\\\/www.vetorino.com\\\/boutique\\\/wp-content\\\/uploads\\\/2024\\\/10\\\/logo.jpg\",\"width\":1200,\"height\":610,\"caption\":\"V\u00e9torino\"},\"image\":{\"@id\":\"https:\\\/\\\/www.vetorino.com\\\/boutique\\\/#\\\/schema\\\/logo\\\/image\\\/\"},\"sameAs\":[\"https:\\\/\\\/www.facebook.com\\\/Vetorino\\\/\",\"https:\\\/\\\/www.instagram.com\\\/vetorino_off\\\/\",\"https:\\\/\\\/www.linkedin.com\\\/company\\\/vtorino\\\/\"]}]}<\/script>\n<meta property=\"product:brand\" content=\"Tonivet\" \/>\n<meta property=\"product:price:amount\" content=\"52.83\" \/>\n<meta property=\"product:price:currency\" content=\"EUR\" \/>\n<meta property=\"og:availability\" content=\"instock\" \/>\n<meta property=\"product:availability\" content=\"instock\" \/>\n<meta property=\"product:retailer_item_id\" content=\"A-1890410\" \/>\n<meta property=\"product:condition\" content=\"new\" \/>\n<!-- \/ Yoast SEO plugin. -->","yoast_head_json":{"title":"Chien Adulte Maxi St\u00e9rilis\u00e9 Poulet Tonivet - V\u00e9torino","description":"TONIVET MAXI ST\u00c9RILIS\u00c9 aide \u00e0 maintenir un poids optimal chez les chiens st\u00e9rilis\u00e9s de grande taille gr\u00e2ce \u00e0 une teneur \u00e9lev\u00e9e en prot\u00e9ines (33%), un apport mod\u00e9r\u00e9 en mati\u00e8res grasses (12%) et un rationnement adapt\u00e9. Le complexe de glucosamine et chondro\u00eftine favorise le soutien articulaire (750 mg\/kg).  Utilisation :   Chien de 15 mois \u00e0 7 ans.  Grande race (+25kg)  St\u00e9rilis\u00e9","robots":{"index":"noindex","follow":"nofollow"},"og_locale":"fr_FR","og_type":"article","og_title":"Chien Adulte Maxi St\u00e9rilis\u00e9 Poulet Tonivet - V\u00e9torino","og_description":"TONIVET MAXI ST\u00c9RILIS\u00c9 aide \u00e0 maintenir un poids optimal chez les chiens st\u00e9rilis\u00e9s de grande taille gr\u00e2ce \u00e0 une teneur \u00e9lev\u00e9e en prot\u00e9ines (33%), un apport mod\u00e9r\u00e9 en mati\u00e8res grasses (12%) et un rationnement adapt\u00e9. Le complexe de glucosamine et chondro\u00eftine favorise le soutien articulaire (750 mg\/kg).  Utilisation :   Chien de 15 mois \u00e0 7 ans.  Grande race (+25kg)  St\u00e9rilis\u00e9","og_url":"https:\/\/www.vetorino.com\/veterinaire\/plouzevede-29440\/boutique\/product\/tonivet-chien-adulte-sterilise-maxi\/","og_site_name":"V\u00e9torino","article_publisher":"https:\/\/www.facebook.com\/Vetorino\/","article_modified_time":"2025-11-17T16:52:12+00:00","og_image":[{"width":800,"height":800,"url":"https:\/\/www.vetorino.com\/boutique\/wp-content\/uploads\/2025\/04\/tonivet-chien-adulte-maxi-sterilise-poulet.webp","type":"image\/webp"}],"twitter_card":"summary_large_image","twitter_misc":{"Prix":"52,83&euro;","Disponibilit\u00e9":"En stock"},"schema":{"@context":"https:\/\/schema.org","@graph":[{"@type":"WebPage","@id":"https:\/\/www.vetorino.com\/boutique\/product\/tonivet-chien-adulte-sterilise-maxi\/","url":"https:\/\/www.vetorino.com\/boutique\/product\/tonivet-chien-adulte-sterilise-maxi\/","name":"Chien Adulte Maxi St\u00e9rilis\u00e9 Poulet Tonivet - V\u00e9torino","isPartOf":{"@id":"https:\/\/www.vetorino.com\/boutique\/#website"},"primaryImageOfPage":{"@id":"https:\/\/www.vetorino.com\/boutique\/product\/tonivet-chien-adulte-sterilise-maxi\/#primaryimage"},"image":{"@id":"https:\/\/www.vetorino.com\/boutique\/product\/tonivet-chien-adulte-sterilise-maxi\/#primaryimage"},"thumbnailUrl":"https:\/\/www.vetorino.com\/boutique\/wp-content\/uploads\/2025\/04\/tonivet-chien-adulte-maxi-sterilise-poulet.webp","datePublished":"2025-04-06T03:35:05+00:00","dateModified":"2025-11-17T16:52:12+00:00","description":"TONIVET MAXI ST\u00c9RILIS\u00c9 aide \u00e0 maintenir un poids optimal chez les chiens st\u00e9rilis\u00e9s de grande taille gr\u00e2ce \u00e0 une teneur \u00e9lev\u00e9e en prot\u00e9ines (33%), un apport mod\u00e9r\u00e9 en mati\u00e8res grasses (12%) et un rationnement adapt\u00e9. Le complexe de glucosamine et chondro\u00eftine favorise le soutien articulaire (750 mg\/kg). Utilisation : Chien de 15 mois \u00e0 7 ans. Grande race (+25kg) St\u00e9rilis\u00e9","breadcrumb":{"@id":"https:\/\/www.vetorino.com\/boutique\/product\/tonivet-chien-adulte-sterilise-maxi\/#breadcrumb"},"inLanguage":"fr-FR","potentialAction":[{"@type":"ReadAction","target":["https:\/\/www.vetorino.com\/boutique\/product\/tonivet-chien-adulte-sterilise-maxi\/"]}]},{"@type":"ImageObject","inLanguage":"fr-FR","@id":"https:\/\/www.vetorino.com\/boutique\/product\/tonivet-chien-adulte-sterilise-maxi\/#primaryimage","url":"https:\/\/www.vetorino.com\/boutique\/wp-content\/uploads\/2025\/04\/tonivet-chien-adulte-maxi-sterilise-poulet.webp","contentUrl":"https:\/\/www.vetorino.com\/boutique\/wp-content\/uploads\/2025\/04\/tonivet-chien-adulte-maxi-sterilise-poulet.webp","width":800,"height":800},{"@type":"BreadcrumbList","@id":"https:\/\/www.vetorino.com\/boutique\/product\/tonivet-chien-adulte-sterilise-maxi\/#breadcrumb","itemListElement":[{"@type":"ListItem","position":1,"name":"Accueil","item":"https:\/\/www.vetorino.com\/boutique\/"},{"@type":"ListItem","position":2,"name":"Produits","item":"https:\/\/www.vetorino.com\/boutique\/"},{"@type":"ListItem","position":3,"name":"Chien Adulte Maxi St\u00e9rilis\u00e9 Poulet"}]},{"@type":"WebSite","@id":"https:\/\/www.vetorino.com\/boutique\/#website","url":"https:\/\/www.vetorino.com\/boutique\/","name":"V\u00e9torino","description":"","publisher":{"@id":"https:\/\/www.vetorino.com\/boutique\/#organization"},"potentialAction":[{"@type":"SearchAction","target":{"@type":"EntryPoint","urlTemplate":"https:\/\/www.vetorino.com\/boutique\/?s={search_term_string}"},"query-input":{"@type":"PropertyValueSpecification","valueRequired":true,"valueName":"search_term_string"}}],"inLanguage":"fr-FR"},{"@type":"Organization","@id":"https:\/\/www.vetorino.com\/boutique\/#organization","name":"V\u00e9torino","url":"https:\/\/www.vetorino.com\/boutique\/","logo":{"@type":"ImageObject","inLanguage":"fr-FR","@id":"https:\/\/www.vetorino.com\/boutique\/#\/schema\/logo\/image\/","url":"https:\/\/www.vetorino.com\/boutique\/wp-content\/uploads\/2024\/10\/logo.jpg","contentUrl":"https:\/\/www.vetorino.com\/boutique\/wp-content\/uploads\/2024\/10\/logo.jpg","width":1200,"height":610,"caption":"V\u00e9torino"},"image":{"@id":"https:\/\/www.vetorino.com\/boutique\/#\/schema\/logo\/image\/"},"sameAs":["https:\/\/www.facebook.com\/Vetorino\/","https:\/\/www.instagram.com\/vetorino_off\/","https:\/\/www.linkedin.com\/company\/vtorino\/"]}]},"product_brand":"Tonivet","product_price_amount":"52.83","product_price_currency":"EUR","og_availability":"instock","product_availability":"instock","product_retailer_item_id":"A-1890410","product_condition":"new"},"_links":{"self":[{"href":"https:\/\/www.vetorino.com\/veterinaire\/plouzevede-29440\/boutique\/wp-json\/wp\/v2\/product\/1278565","targetHints":{"allow":["GET"]}}],"collection":[{"href":"https:\/\/www.vetorino.com\/veterinaire\/plouzevede-29440\/boutique\/wp-json\/wp\/v2\/product"}],"about":[{"href":"https:\/\/www.vetorino.com\/veterinaire\/plouzevede-29440\/boutique\/wp-json\/wp\/v2\/types\/product"}],"wp:featuredmedia":[{"embeddable":true,"href":"https:\/\/www.vetorino.com\/veterinaire\/plouzevede-29440\/boutique\/wp-json\/wp\/v2\/media\/1402136"}],"wp:attachment":[{"href":"https:\/\/www.vetorino.com\/veterinaire\/plouzevede-29440\/boutique\/wp-json\/wp\/v2\/media?parent=1278565"}],"wp:term":[{"taxonomy":"product_cat","embeddable":true,"href":"https:\/\/www.vetorino.com\/veterinaire\/plouzevede-29440\/boutique\/wp-json\/wp\/v2\/product_cat?post=1278565"},{"taxonomy":"product_tag","embeddable":true,"href":"https:\/\/www.vetorino.com\/veterinaire\/plouzevede-29440\/boutique\/wp-json\/wp\/v2\/product_tag?post=1278565"}],"curies":[{"name":"wp","href":"https:\/\/api.w.org\/{rel}","templated":true}]}}