{"id":1278566,"date":"2025-04-06T05:35:07","date_gmt":"2025-04-06T03:35:07","guid":{"rendered":"https:\/\/www.vetorino.com\/boutique\/product\/tonivet-chien-junior-mini-poulet\/"},"modified":"2025-08-27T09:36:40","modified_gmt":"2025-08-27T07:36:40","slug":"tonivet-chien-junior-mini-poulet","status":"publish","type":"product","link":"https:\/\/www.vetorino.com\/veterinaire\/plouzevede-29440\/boutique\/product\/tonivet-chien-junior-mini-poulet\/","title":{"rendered":"Junior Mini Poulet &#8211; chien"},"content":{"rendered":"<p><strong>TONIVET JUNIOR MINI apporte tous les nutriments n\u00e9cessaires \u00e0 la croissance du chiot de petite taille, gr\u00e2ce \u00e0 un apport \u00e9nerg\u00e9tique optimal et une taille de croquette adapt\u00e9e \u00e0 leur morphologie. <\/strong><\/p>\n<p><strong>Il contribue \u00e0 une digestion optimale et aide au bon \u00e9quilibre de la flore intestinale. <\/strong><\/p>\n<p><strong>Cet aliment convient \u00e0 la chienne en gestation ou en lactation.<br \/>\n<\/strong><\/p>\n<p><strong>Utilisation :<\/strong><\/p>\n<ul>\n<li>Chien de 2 \u00e0 10 mois<\/li>\n<li>Petite race (1 &#8211; 10kg)<\/li>\n<\/ul>\n<p><strong>Bienfaits essentiels :<\/strong><\/p>\n<ul>\n<li><strong><em>IMMUNITE DIGESTIVE<\/em>\u00a0<\/strong>: Ingr\u00e9dients s\u00e9lectionn\u00e9s pour leur haute tol\u00e9rance digestive assurant une absorption optimale des nutriments. Incorporation de pr\u00e9biotiques de type levure de bi\u00e8re, parois de levures (\u00df-glucanes &amp; MOS) et inuline de chico-r\u00e9e (FOS) afin de renforcer le syst\u00e8me immunitaire et l\u2019int\u00e9grit\u00e9 intestinale.<\/li>\n<li><strong><em>BEAUTE DE LA PEAU ET DU PELAGE<\/em>\u00a0:<\/strong> Formule nutritionnelle enrichie en huile d\u2019anchois et de sardines sau-vages, poissons s\u00e9lectionn\u00e9s pour leur teneur accrue en acides gras essentiels Om\u00e9ga 3 (EPA, DHA). La graisse de canard procure l\u2019apport n\u00e9cessaire en acide gras Om\u00e9ga 6 (LA, GLA) permettant ainsi un ratio Om\u00e9ga 3\/6 optimal. La concentration importante en prot\u00e9ines d\u2019origine ani-male et notamment en acides amin\u00e9s soufr\u00e9s et aromatiques agira directe-ment sur la r\u00e9g\u00e9n\u00e9ration de la k\u00e9ra-tine et le soutien de la pigmentation du poil. Riche en vitamines du groupe B, la levure de bi\u00e8re favorisera la bril-lance du poil.<\/li>\n<li><strong><em>SOUTIEN ARTICULAIRE ET MUSCULAIRE<\/em>\u00a0:<\/strong> Une teneur optimale d\u00e8s le plus jeune \u00e2ge en chondroprotecteurs de type glucosamine et chondro\u00eftine pour contribuer au maintien du cartilage ar-ticulaire et donc \u00e0 une bonne fonction motrice. Une huile de poisson concen-tr\u00e9e en Om\u00e9ga 3 aidera \u00e9galement \u00e0 pr\u00e9server la bonne sant\u00e9 des articula-tions. Gr\u00e2ce \u00e0 la teneur \u00e9lev\u00e9e en prot\u00e9-ines animales, les muscles re\u00e7oivent le soutien n\u00e9cessaire pour rester toniques et efficaces.<\/li>\n<li><strong><em>CROISSANCE HARMONIEUSE<\/em>\u00a0:<\/strong> Une formule maitris\u00e9e pour ses teneurs en prot\u00e9ines, apport calorique et min\u00e9ral tout en pre-nant compte du statut racial du chien pour une croissance opti-male afin de garantir sa bonne sant\u00e9 \u00e0 l\u2019\u00e2ge adulte.<\/li>\n<li><strong><em>EXTRAITS DE PLANTE<\/em>\u00a0:<\/strong> Le Yucca schidigera, Quillaja saponaria, Chenopodium quinoa (SP), Camellia (SP) sont des plantes riches en saponines dont le r\u00f4le est la r\u00e9duction de la pro-duction de gaz et d\u2019odeurs d\u2019am-moniac.<\/li>\n<\/ul>\n","protected":false},"excerpt":{"rendered":"<p><strong>TONIVET JUNIOR MINI apporte tous les nutriments n\u00e9cessaires \u00e0 la croissance du chiot de petite taille, gr\u00e2ce \u00e0 un apport \u00e9nerg\u00e9tique optimal et une taille de croquette adapt\u00e9e \u00e0 leur morphologie. <\/strong><\/p>\n<p><strong>Il contribue \u00e0 une digestion optimale et aide au bon \u00e9quilibre de la flore intestinale. <\/strong><\/p>\n<p><strong>Cet aliment convient \u00e0 la chienne en gestation ou en lactation.<br \/>\n<\/strong><\/p>\n<p><strong>Utilisation :<\/strong><\/p>\n<ul>\n<li>Chien de 2 \u00e0 10 mois<\/li>\n<li>Petite race (1 &#8211; 10kg)<\/li>\n<\/ul>\n","protected":false},"featured_media":1465532,"template":"","meta":[],"product_cat":[12552,12584,2698],"product_tag":[],"class_list":{"0":"post-1278566","1":"product","2":"type-product","3":"status-publish","4":"has-post-thumbnail","6":"product_cat-alimentation-du-chien","7":"product_cat-alimentation-premium-pour-chien","8":"product_cat-chien","9":"pa_marque-tonivet","11":"first","12":"instock","13":"taxable","14":"shipping-taxable","15":"purchasable","16":"product-type-simple"},"yoast_head":"<!-- This site is optimized with the Yoast SEO plugin v27.3 - https:\/\/yoast.com\/product\/yoast-seo-wordpress\/ -->\n<title>Junior Mini Poulet - chien Tonivet - V\u00e9torino<\/title>\n<meta name=\"description\" content=\"TONIVET JUNIOR MINI apporte tous les nutriments n\u00e9cessaires \u00e0 la croissance du chiot de petite taille, gr\u00e2ce \u00e0 un apport \u00e9nerg\u00e9tique optimal et une taille de croquette adapt\u00e9e \u00e0 leur morphologie.   Il contribue \u00e0 une digestion optimale et aide au bon \u00e9quilibre de la flore intestinale.   Cet aliment convient \u00e0 la chienne en gestation ou en lactation.   Utilisation :   Chien de 2 \u00e0 10 mois  Petite race (1 - 10kg)\" \/>\n<meta name=\"robots\" content=\"noindex, nofollow\" \/>\n<meta property=\"og:locale\" content=\"fr_FR\" \/>\n<meta property=\"og:type\" content=\"article\" \/>\n<meta property=\"og:title\" content=\"Junior Mini Poulet - chien Tonivet - V\u00e9torino\" \/>\n<meta property=\"og:description\" content=\"TONIVET JUNIOR MINI apporte tous les nutriments n\u00e9cessaires \u00e0 la croissance du chiot de petite taille, gr\u00e2ce \u00e0 un apport \u00e9nerg\u00e9tique optimal et une taille de croquette adapt\u00e9e \u00e0 leur morphologie.   Il contribue \u00e0 une digestion optimale et aide au bon \u00e9quilibre de la flore intestinale.   Cet aliment convient \u00e0 la chienne en gestation ou en lactation.   Utilisation :   Chien de 2 \u00e0 10 mois  Petite race (1 - 10kg)\" \/>\n<meta property=\"og:url\" content=\"https:\/\/www.vetorino.com\/veterinaire\/plouzevede-29440\/boutique\/product\/tonivet-chien-junior-mini-poulet\/\" \/>\n<meta property=\"og:site_name\" content=\"V\u00e9torino\" \/>\n<meta property=\"article:publisher\" content=\"https:\/\/www.facebook.com\/Vetorino\/\" \/>\n<meta property=\"article:modified_time\" content=\"2025-08-27T07:36:40+00:00\" \/>\n<meta property=\"og:image\" content=\"https:\/\/www.vetorino.com\/boutique\/wp-content\/uploads\/2025\/04\/tonivet-chien-junior-mini-poulet.webp\" \/>\n\t<meta property=\"og:image:width\" content=\"800\" \/>\n\t<meta property=\"og:image:height\" content=\"800\" \/>\n\t<meta property=\"og:image:type\" content=\"image\/webp\" \/>\n<meta name=\"twitter:card\" content=\"summary_large_image\" \/>\n<meta name=\"twitter:label1\" content=\"Prix\" \/>\n\t<meta name=\"twitter:data1\" content=\"14,05&euro;\" \/>\n\t<meta name=\"twitter:label2\" content=\"Disponibilit\u00e9\" \/>\n\t<meta name=\"twitter:data2\" content=\"En stock\" \/>\n<script type=\"application\/ld+json\" class=\"yoast-schema-graph\">{\"@context\":\"https:\\\/\\\/schema.org\",\"@graph\":[{\"@type\":\"WebPage\",\"@id\":\"https:\\\/\\\/www.vetorino.com\\\/boutique\\\/product\\\/tonivet-chien-junior-mini-poulet\\\/\",\"url\":\"https:\\\/\\\/www.vetorino.com\\\/boutique\\\/product\\\/tonivet-chien-junior-mini-poulet\\\/\",\"name\":\"Junior Mini Poulet - chien Tonivet - V\u00e9torino\",\"isPartOf\":{\"@id\":\"https:\\\/\\\/www.vetorino.com\\\/boutique\\\/#website\"},\"primaryImageOfPage\":{\"@id\":\"https:\\\/\\\/www.vetorino.com\\\/boutique\\\/product\\\/tonivet-chien-junior-mini-poulet\\\/#primaryimage\"},\"image\":{\"@id\":\"https:\\\/\\\/www.vetorino.com\\\/boutique\\\/product\\\/tonivet-chien-junior-mini-poulet\\\/#primaryimage\"},\"thumbnailUrl\":\"https:\\\/\\\/www.vetorino.com\\\/boutique\\\/wp-content\\\/uploads\\\/2025\\\/04\\\/tonivet-chien-junior-mini-poulet.webp\",\"datePublished\":\"2025-04-06T03:35:07+00:00\",\"dateModified\":\"2025-08-27T07:36:40+00:00\",\"description\":\"TONIVET JUNIOR MINI apporte tous les nutriments n\u00e9cessaires \u00e0 la croissance du chiot de petite taille, gr\u00e2ce \u00e0 un apport \u00e9nerg\u00e9tique optimal et une taille de croquette adapt\u00e9e \u00e0 leur morphologie. Il contribue \u00e0 une digestion optimale et aide au bon \u00e9quilibre de la flore intestinale. Cet aliment convient \u00e0 la chienne en gestation ou en lactation. Utilisation : Chien de 2 \u00e0 10 mois Petite race (1 - 10kg)\",\"breadcrumb\":{\"@id\":\"https:\\\/\\\/www.vetorino.com\\\/boutique\\\/product\\\/tonivet-chien-junior-mini-poulet\\\/#breadcrumb\"},\"inLanguage\":\"fr-FR\",\"potentialAction\":[{\"@type\":\"ReadAction\",\"target\":[\"https:\\\/\\\/www.vetorino.com\\\/boutique\\\/product\\\/tonivet-chien-junior-mini-poulet\\\/\"]}]},{\"@type\":\"ImageObject\",\"inLanguage\":\"fr-FR\",\"@id\":\"https:\\\/\\\/www.vetorino.com\\\/boutique\\\/product\\\/tonivet-chien-junior-mini-poulet\\\/#primaryimage\",\"url\":\"https:\\\/\\\/www.vetorino.com\\\/boutique\\\/wp-content\\\/uploads\\\/2025\\\/04\\\/tonivet-chien-junior-mini-poulet.webp\",\"contentUrl\":\"https:\\\/\\\/www.vetorino.com\\\/boutique\\\/wp-content\\\/uploads\\\/2025\\\/04\\\/tonivet-chien-junior-mini-poulet.webp\",\"width\":800,\"height\":800},{\"@type\":\"BreadcrumbList\",\"@id\":\"https:\\\/\\\/www.vetorino.com\\\/boutique\\\/product\\\/tonivet-chien-junior-mini-poulet\\\/#breadcrumb\",\"itemListElement\":[{\"@type\":\"ListItem\",\"position\":1,\"name\":\"Accueil\",\"item\":\"https:\\\/\\\/www.vetorino.com\\\/boutique\\\/\"},{\"@type\":\"ListItem\",\"position\":2,\"name\":\"Produits\",\"item\":\"https:\\\/\\\/www.vetorino.com\\\/boutique\\\/\"},{\"@type\":\"ListItem\",\"position\":3,\"name\":\"Junior Mini Poulet &#8211; chien\"}]},{\"@type\":\"WebSite\",\"@id\":\"https:\\\/\\\/www.vetorino.com\\\/boutique\\\/#website\",\"url\":\"https:\\\/\\\/www.vetorino.com\\\/boutique\\\/\",\"name\":\"V\u00e9torino\",\"description\":\"\",\"publisher\":{\"@id\":\"https:\\\/\\\/www.vetorino.com\\\/boutique\\\/#organization\"},\"potentialAction\":[{\"@type\":\"SearchAction\",\"target\":{\"@type\":\"EntryPoint\",\"urlTemplate\":\"https:\\\/\\\/www.vetorino.com\\\/boutique\\\/?s={search_term_string}\"},\"query-input\":{\"@type\":\"PropertyValueSpecification\",\"valueRequired\":true,\"valueName\":\"search_term_string\"}}],\"inLanguage\":\"fr-FR\"},{\"@type\":\"Organization\",\"@id\":\"https:\\\/\\\/www.vetorino.com\\\/boutique\\\/#organization\",\"name\":\"V\u00e9torino\",\"url\":\"https:\\\/\\\/www.vetorino.com\\\/boutique\\\/\",\"logo\":{\"@type\":\"ImageObject\",\"inLanguage\":\"fr-FR\",\"@id\":\"https:\\\/\\\/www.vetorino.com\\\/boutique\\\/#\\\/schema\\\/logo\\\/image\\\/\",\"url\":\"https:\\\/\\\/www.vetorino.com\\\/boutique\\\/wp-content\\\/uploads\\\/2024\\\/10\\\/logo.jpg\",\"contentUrl\":\"https:\\\/\\\/www.vetorino.com\\\/boutique\\\/wp-content\\\/uploads\\\/2024\\\/10\\\/logo.jpg\",\"width\":1200,\"height\":610,\"caption\":\"V\u00e9torino\"},\"image\":{\"@id\":\"https:\\\/\\\/www.vetorino.com\\\/boutique\\\/#\\\/schema\\\/logo\\\/image\\\/\"},\"sameAs\":[\"https:\\\/\\\/www.facebook.com\\\/Vetorino\\\/\",\"https:\\\/\\\/www.instagram.com\\\/vetorino_off\\\/\",\"https:\\\/\\\/www.linkedin.com\\\/company\\\/vtorino\\\/\"]}]}<\/script>\n<meta property=\"product:brand\" content=\"Tonivet\" \/>\n<meta property=\"product:price:amount\" content=\"14.05\" \/>\n<meta property=\"product:price:currency\" content=\"EUR\" \/>\n<meta property=\"og:availability\" content=\"instock\" \/>\n<meta property=\"product:availability\" content=\"instock\" \/>\n<meta property=\"product:retailer_item_id\" content=\"A-1890110\" \/>\n<meta property=\"product:condition\" content=\"new\" \/>\n<!-- \/ Yoast SEO plugin. -->","yoast_head_json":{"title":"Junior Mini Poulet - chien Tonivet - V\u00e9torino","description":"TONIVET JUNIOR MINI apporte tous les nutriments n\u00e9cessaires \u00e0 la croissance du chiot de petite taille, gr\u00e2ce \u00e0 un apport \u00e9nerg\u00e9tique optimal et une taille de croquette adapt\u00e9e \u00e0 leur morphologie.   Il contribue \u00e0 une digestion optimale et aide au bon \u00e9quilibre de la flore intestinale.   Cet aliment convient \u00e0 la chienne en gestation ou en lactation.   Utilisation :   Chien de 2 \u00e0 10 mois  Petite race (1 - 10kg)","robots":{"index":"noindex","follow":"nofollow"},"og_locale":"fr_FR","og_type":"article","og_title":"Junior Mini Poulet - chien Tonivet - V\u00e9torino","og_description":"TONIVET JUNIOR MINI apporte tous les nutriments n\u00e9cessaires \u00e0 la croissance du chiot de petite taille, gr\u00e2ce \u00e0 un apport \u00e9nerg\u00e9tique optimal et une taille de croquette adapt\u00e9e \u00e0 leur morphologie.   Il contribue \u00e0 une digestion optimale et aide au bon \u00e9quilibre de la flore intestinale.   Cet aliment convient \u00e0 la chienne en gestation ou en lactation.   Utilisation :   Chien de 2 \u00e0 10 mois  Petite race (1 - 10kg)","og_url":"https:\/\/www.vetorino.com\/veterinaire\/plouzevede-29440\/boutique\/product\/tonivet-chien-junior-mini-poulet\/","og_site_name":"V\u00e9torino","article_publisher":"https:\/\/www.facebook.com\/Vetorino\/","article_modified_time":"2025-08-27T07:36:40+00:00","og_image":[{"width":800,"height":800,"url":"https:\/\/www.vetorino.com\/boutique\/wp-content\/uploads\/2025\/04\/tonivet-chien-junior-mini-poulet.webp","type":"image\/webp"}],"twitter_card":"summary_large_image","twitter_misc":{"Prix":"14,05&euro;","Disponibilit\u00e9":"En stock"},"schema":{"@context":"https:\/\/schema.org","@graph":[{"@type":"WebPage","@id":"https:\/\/www.vetorino.com\/boutique\/product\/tonivet-chien-junior-mini-poulet\/","url":"https:\/\/www.vetorino.com\/boutique\/product\/tonivet-chien-junior-mini-poulet\/","name":"Junior Mini Poulet - chien Tonivet - V\u00e9torino","isPartOf":{"@id":"https:\/\/www.vetorino.com\/boutique\/#website"},"primaryImageOfPage":{"@id":"https:\/\/www.vetorino.com\/boutique\/product\/tonivet-chien-junior-mini-poulet\/#primaryimage"},"image":{"@id":"https:\/\/www.vetorino.com\/boutique\/product\/tonivet-chien-junior-mini-poulet\/#primaryimage"},"thumbnailUrl":"https:\/\/www.vetorino.com\/boutique\/wp-content\/uploads\/2025\/04\/tonivet-chien-junior-mini-poulet.webp","datePublished":"2025-04-06T03:35:07+00:00","dateModified":"2025-08-27T07:36:40+00:00","description":"TONIVET JUNIOR MINI apporte tous les nutriments n\u00e9cessaires \u00e0 la croissance du chiot de petite taille, gr\u00e2ce \u00e0 un apport \u00e9nerg\u00e9tique optimal et une taille de croquette adapt\u00e9e \u00e0 leur morphologie. Il contribue \u00e0 une digestion optimale et aide au bon \u00e9quilibre de la flore intestinale. Cet aliment convient \u00e0 la chienne en gestation ou en lactation. Utilisation : Chien de 2 \u00e0 10 mois Petite race (1 - 10kg)","breadcrumb":{"@id":"https:\/\/www.vetorino.com\/boutique\/product\/tonivet-chien-junior-mini-poulet\/#breadcrumb"},"inLanguage":"fr-FR","potentialAction":[{"@type":"ReadAction","target":["https:\/\/www.vetorino.com\/boutique\/product\/tonivet-chien-junior-mini-poulet\/"]}]},{"@type":"ImageObject","inLanguage":"fr-FR","@id":"https:\/\/www.vetorino.com\/boutique\/product\/tonivet-chien-junior-mini-poulet\/#primaryimage","url":"https:\/\/www.vetorino.com\/boutique\/wp-content\/uploads\/2025\/04\/tonivet-chien-junior-mini-poulet.webp","contentUrl":"https:\/\/www.vetorino.com\/boutique\/wp-content\/uploads\/2025\/04\/tonivet-chien-junior-mini-poulet.webp","width":800,"height":800},{"@type":"BreadcrumbList","@id":"https:\/\/www.vetorino.com\/boutique\/product\/tonivet-chien-junior-mini-poulet\/#breadcrumb","itemListElement":[{"@type":"ListItem","position":1,"name":"Accueil","item":"https:\/\/www.vetorino.com\/boutique\/"},{"@type":"ListItem","position":2,"name":"Produits","item":"https:\/\/www.vetorino.com\/boutique\/"},{"@type":"ListItem","position":3,"name":"Junior Mini Poulet &#8211; chien"}]},{"@type":"WebSite","@id":"https:\/\/www.vetorino.com\/boutique\/#website","url":"https:\/\/www.vetorino.com\/boutique\/","name":"V\u00e9torino","description":"","publisher":{"@id":"https:\/\/www.vetorino.com\/boutique\/#organization"},"potentialAction":[{"@type":"SearchAction","target":{"@type":"EntryPoint","urlTemplate":"https:\/\/www.vetorino.com\/boutique\/?s={search_term_string}"},"query-input":{"@type":"PropertyValueSpecification","valueRequired":true,"valueName":"search_term_string"}}],"inLanguage":"fr-FR"},{"@type":"Organization","@id":"https:\/\/www.vetorino.com\/boutique\/#organization","name":"V\u00e9torino","url":"https:\/\/www.vetorino.com\/boutique\/","logo":{"@type":"ImageObject","inLanguage":"fr-FR","@id":"https:\/\/www.vetorino.com\/boutique\/#\/schema\/logo\/image\/","url":"https:\/\/www.vetorino.com\/boutique\/wp-content\/uploads\/2024\/10\/logo.jpg","contentUrl":"https:\/\/www.vetorino.com\/boutique\/wp-content\/uploads\/2024\/10\/logo.jpg","width":1200,"height":610,"caption":"V\u00e9torino"},"image":{"@id":"https:\/\/www.vetorino.com\/boutique\/#\/schema\/logo\/image\/"},"sameAs":["https:\/\/www.facebook.com\/Vetorino\/","https:\/\/www.instagram.com\/vetorino_off\/","https:\/\/www.linkedin.com\/company\/vtorino\/"]}]},"product_brand":"Tonivet","product_price_amount":"14.05","product_price_currency":"EUR","og_availability":"instock","product_availability":"instock","product_retailer_item_id":"A-1890110","product_condition":"new"},"_links":{"self":[{"href":"https:\/\/www.vetorino.com\/veterinaire\/plouzevede-29440\/boutique\/wp-json\/wp\/v2\/product\/1278566","targetHints":{"allow":["GET"]}}],"collection":[{"href":"https:\/\/www.vetorino.com\/veterinaire\/plouzevede-29440\/boutique\/wp-json\/wp\/v2\/product"}],"about":[{"href":"https:\/\/www.vetorino.com\/veterinaire\/plouzevede-29440\/boutique\/wp-json\/wp\/v2\/types\/product"}],"wp:featuredmedia":[{"embeddable":true,"href":"https:\/\/www.vetorino.com\/veterinaire\/plouzevede-29440\/boutique\/wp-json\/wp\/v2\/media\/1465532"}],"wp:attachment":[{"href":"https:\/\/www.vetorino.com\/veterinaire\/plouzevede-29440\/boutique\/wp-json\/wp\/v2\/media?parent=1278566"}],"wp:term":[{"taxonomy":"product_cat","embeddable":true,"href":"https:\/\/www.vetorino.com\/veterinaire\/plouzevede-29440\/boutique\/wp-json\/wp\/v2\/product_cat?post=1278566"},{"taxonomy":"product_tag","embeddable":true,"href":"https:\/\/www.vetorino.com\/veterinaire\/plouzevede-29440\/boutique\/wp-json\/wp\/v2\/product_tag?post=1278566"}],"curies":[{"name":"wp","href":"https:\/\/api.w.org\/{rel}","templated":true}]}}