{"id":1280770,"date":"2025-04-07T21:50:18","date_gmt":"2025-04-07T19:50:18","guid":{"rendered":"https:\/\/www.vetorino.com\/boutique\/product\/douxo-s3-care-nettoyant-auriculaire\/"},"modified":"2025-07-23T11:42:30","modified_gmt":"2025-07-23T09:42:30","slug":"douxo-s3-care-nettoyant-auriculaire","status":"publish","type":"product","link":"https:\/\/www.vetorino.com\/veterinaire\/plouzevede-29440\/boutique\/product\/douxo-s3-care-nettoyant-auriculaire\/","title":{"rendered":"Douxo S3 Lotion Auriculaire &#8211; chien &amp; chat"},"content":{"rendered":"<p><strong>Nettoyant auriculaire doux pour l&#8217;hygi\u00e8ne r\u00e9guli\u00e8re des oreilles, ou en nettoyage et pr\u00e9paration du conduit auditif avant l&#8217;application d&#8217;un traitement local lors d&#8217;une otite externe.<\/strong><\/p>\n<p>Il permet d<strong>\u2019\u00e9liminer en douceur les exc\u00e8s de c\u00e9rumen et les impuret\u00e9s<\/strong> tout en aidant \u00e0 <strong>apaiser et \u00e0 renforcer la barri\u00e8re cutan\u00e9e<\/strong> du conduit auditif.<\/p>\n<p><strong>Caract\u00e9ristiques et Bienfaits :<\/strong><\/p>\n<ul>\n<li>Nettoyage en douceur : \u00c9limine efficacement les exc\u00e8s de c\u00e9rumen et impuret\u00e9s.<\/li>\n<li>Pr\u00e9paration au traitement : Id\u00e9al pour pr\u00e9parer le conduit auditif avant l\u2019application d\u2019un traitement local en cas d\u2019otite externe.<\/li>\n<li>Action apaisante : Formule douce qui apaise et prot\u00e8ge la peau sensible de l\u2019oreille.<\/li>\n<li>R\u00e9\u00e9quilibre la flore auriculaire : Aide \u00e0 renforcer la barri\u00e8re cutan\u00e9e et \u00e0 maintenir un conduit auditif sain.<\/li>\n<\/ul>\n<p><strong>Mode d\u2019utilisation :<\/strong><br \/>\nAppliquer quelques gouttes dans l\u2019oreille de votre animal et masser d\u00e9licatement la base de l\u2019oreille pour favoriser le nettoyage. Essuyer ensuite l\u2019exc\u00e9dent avec un coton propre. Utiliser en entretien r\u00e9gulier ou avant l\u2019application d\u2019un traitement sur avis v\u00e9t\u00e9rinaire.<\/p>\n<p>&nbsp;<\/p>\n","protected":false},"excerpt":{"rendered":"<p><strong>Nettoyant auriculaire doux pour l&#8217;hygi\u00e8ne r\u00e9guli\u00e8re des oreilles, ou en nettoyage et pr\u00e9paration du conduit auditif avant l&#8217;application d&#8217;un traitement local lors d&#8217;une otite externe.<\/strong><\/p>\n<p><strong>Utilisation :<\/strong><\/p>\n<ul>\n<li>Chiens et chats de tous \u00e2ges<\/li>\n<\/ul>\n","protected":false},"featured_media":1425078,"template":"","meta":[],"product_cat":[2697,2698,12613,12614,12560,12561],"product_tag":[],"class_list":{"0":"post-1280770","1":"product","2":"type-product","3":"status-publish","4":"has-post-thumbnail","6":"product_cat-chat","7":"product_cat-chien","8":"product_cat-hygiene-des-oreilles-du-chat","9":"product_cat-hygiene-des-oreilles-du-chien","10":"product_cat-hygiene-du-chat","11":"product_cat-hygiene-du-chien","12":"pa_marque-ceva","14":"first","15":"instock","16":"taxable","17":"shipping-taxable","18":"purchasable","19":"product-type-variable"},"yoast_head":"<!-- This site is optimized with the Yoast SEO plugin v27.3 - https:\/\/yoast.com\/product\/yoast-seo-wordpress\/ -->\n<title>Douxo S3 Lotion Auriculaire - chien &amp; chat Ceva - V\u00e9torino<\/title>\n<meta name=\"description\" content=\"Nettoyant auriculaire doux pour l&#039;hygi\u00e8ne r\u00e9guli\u00e8re des oreilles, ou en nettoyage et pr\u00e9paration du conduit auditif avant l&#039;application d&#039;un traitement local lors d&#039;une otite externe.  Utilisation :   Chiens et chats de tous \u00e2ges\" \/>\n<meta name=\"robots\" content=\"noindex, nofollow\" \/>\n<meta property=\"og:locale\" content=\"fr_FR\" \/>\n<meta property=\"og:type\" content=\"article\" \/>\n<meta property=\"og:title\" content=\"Douxo S3 Lotion Auriculaire - chien &amp; chat Ceva - V\u00e9torino\" \/>\n<meta property=\"og:description\" content=\"Nettoyant auriculaire doux pour l&#039;hygi\u00e8ne r\u00e9guli\u00e8re des oreilles, ou en nettoyage et pr\u00e9paration du conduit auditif avant l&#039;application d&#039;un traitement local lors d&#039;une otite externe.  Utilisation :   Chiens et chats de tous \u00e2ges\" \/>\n<meta property=\"og:url\" content=\"https:\/\/www.vetorino.com\/veterinaire\/plouzevede-29440\/boutique\/product\/douxo-s3-care-nettoyant-auriculaire\/\" \/>\n<meta property=\"og:site_name\" content=\"V\u00e9torino\" \/>\n<meta property=\"article:publisher\" content=\"https:\/\/www.facebook.com\/Vetorino\/\" \/>\n<meta property=\"article:modified_time\" content=\"2025-07-23T09:42:30+00:00\" \/>\n<meta property=\"og:image\" content=\"https:\/\/www.vetorino.com\/boutique\/wp-content\/uploads\/2025\/04\/douxo-s3-lotion-auriculaire-chien-chat.webp\" \/>\n\t<meta property=\"og:image:width\" content=\"800\" \/>\n\t<meta property=\"og:image:height\" content=\"800\" \/>\n\t<meta property=\"og:image:type\" content=\"image\/webp\" \/>\n<meta name=\"twitter:card\" content=\"summary_large_image\" \/>\n<meta name=\"twitter:label1\" content=\"Disponibilit\u00e9\" \/>\n\t<meta name=\"twitter:data1\" content=\"En stock\" \/>\n<script type=\"application\/ld+json\" class=\"yoast-schema-graph\">{\"@context\":\"https:\\\/\\\/schema.org\",\"@graph\":[{\"@type\":\"WebPage\",\"@id\":\"https:\\\/\\\/www.vetorino.com\\\/boutique\\\/product\\\/douxo-s3-care-nettoyant-auriculaire\\\/\",\"url\":\"https:\\\/\\\/www.vetorino.com\\\/boutique\\\/product\\\/douxo-s3-care-nettoyant-auriculaire\\\/\",\"name\":\"Douxo S3 Lotion Auriculaire - chien &amp; chat Ceva - V\u00e9torino\",\"isPartOf\":{\"@id\":\"https:\\\/\\\/www.vetorino.com\\\/boutique\\\/#website\"},\"primaryImageOfPage\":{\"@id\":\"https:\\\/\\\/www.vetorino.com\\\/boutique\\\/product\\\/douxo-s3-care-nettoyant-auriculaire\\\/#primaryimage\"},\"image\":{\"@id\":\"https:\\\/\\\/www.vetorino.com\\\/boutique\\\/product\\\/douxo-s3-care-nettoyant-auriculaire\\\/#primaryimage\"},\"thumbnailUrl\":\"https:\\\/\\\/www.vetorino.com\\\/boutique\\\/wp-content\\\/uploads\\\/2025\\\/04\\\/douxo-s3-lotion-auriculaire-chien-chat.webp\",\"datePublished\":\"2025-04-07T19:50:18+00:00\",\"dateModified\":\"2025-07-23T09:42:30+00:00\",\"description\":\"Nettoyant auriculaire doux pour l'hygi\u00e8ne r\u00e9guli\u00e8re des oreilles, ou en nettoyage et pr\u00e9paration du conduit auditif avant l'application d'un traitement local lors d'une otite externe. Utilisation : Chiens et chats de tous \u00e2ges\",\"breadcrumb\":{\"@id\":\"https:\\\/\\\/www.vetorino.com\\\/boutique\\\/product\\\/douxo-s3-care-nettoyant-auriculaire\\\/#breadcrumb\"},\"inLanguage\":\"fr-FR\",\"potentialAction\":[{\"@type\":\"ReadAction\",\"target\":[\"https:\\\/\\\/www.vetorino.com\\\/boutique\\\/product\\\/douxo-s3-care-nettoyant-auriculaire\\\/\"]}]},{\"@type\":\"ImageObject\",\"inLanguage\":\"fr-FR\",\"@id\":\"https:\\\/\\\/www.vetorino.com\\\/boutique\\\/product\\\/douxo-s3-care-nettoyant-auriculaire\\\/#primaryimage\",\"url\":\"https:\\\/\\\/www.vetorino.com\\\/boutique\\\/wp-content\\\/uploads\\\/2025\\\/04\\\/douxo-s3-lotion-auriculaire-chien-chat.webp\",\"contentUrl\":\"https:\\\/\\\/www.vetorino.com\\\/boutique\\\/wp-content\\\/uploads\\\/2025\\\/04\\\/douxo-s3-lotion-auriculaire-chien-chat.webp\",\"width\":800,\"height\":800},{\"@type\":\"BreadcrumbList\",\"@id\":\"https:\\\/\\\/www.vetorino.com\\\/boutique\\\/product\\\/douxo-s3-care-nettoyant-auriculaire\\\/#breadcrumb\",\"itemListElement\":[{\"@type\":\"ListItem\",\"position\":1,\"name\":\"Accueil\",\"item\":\"https:\\\/\\\/www.vetorino.com\\\/boutique\\\/\"},{\"@type\":\"ListItem\",\"position\":2,\"name\":\"Produits\",\"item\":\"https:\\\/\\\/www.vetorino.com\\\/boutique\\\/\"},{\"@type\":\"ListItem\",\"position\":3,\"name\":\"Douxo S3 Lotion Auriculaire &#8211; chien &amp; chat\"}]},{\"@type\":\"WebSite\",\"@id\":\"https:\\\/\\\/www.vetorino.com\\\/boutique\\\/#website\",\"url\":\"https:\\\/\\\/www.vetorino.com\\\/boutique\\\/\",\"name\":\"V\u00e9torino\",\"description\":\"\",\"publisher\":{\"@id\":\"https:\\\/\\\/www.vetorino.com\\\/boutique\\\/#organization\"},\"potentialAction\":[{\"@type\":\"SearchAction\",\"target\":{\"@type\":\"EntryPoint\",\"urlTemplate\":\"https:\\\/\\\/www.vetorino.com\\\/boutique\\\/?s={search_term_string}\"},\"query-input\":{\"@type\":\"PropertyValueSpecification\",\"valueRequired\":true,\"valueName\":\"search_term_string\"}}],\"inLanguage\":\"fr-FR\"},{\"@type\":\"Organization\",\"@id\":\"https:\\\/\\\/www.vetorino.com\\\/boutique\\\/#organization\",\"name\":\"V\u00e9torino\",\"url\":\"https:\\\/\\\/www.vetorino.com\\\/boutique\\\/\",\"logo\":{\"@type\":\"ImageObject\",\"inLanguage\":\"fr-FR\",\"@id\":\"https:\\\/\\\/www.vetorino.com\\\/boutique\\\/#\\\/schema\\\/logo\\\/image\\\/\",\"url\":\"https:\\\/\\\/www.vetorino.com\\\/boutique\\\/wp-content\\\/uploads\\\/2024\\\/10\\\/logo.jpg\",\"contentUrl\":\"https:\\\/\\\/www.vetorino.com\\\/boutique\\\/wp-content\\\/uploads\\\/2024\\\/10\\\/logo.jpg\",\"width\":1200,\"height\":610,\"caption\":\"V\u00e9torino\"},\"image\":{\"@id\":\"https:\\\/\\\/www.vetorino.com\\\/boutique\\\/#\\\/schema\\\/logo\\\/image\\\/\"},\"sameAs\":[\"https:\\\/\\\/www.facebook.com\\\/Vetorino\\\/\",\"https:\\\/\\\/www.instagram.com\\\/vetorino_off\\\/\",\"https:\\\/\\\/www.linkedin.com\\\/company\\\/vtorino\\\/\"]}]}<\/script>\n<meta property=\"product:brand\" content=\"Ceva\" \/>\n<meta property=\"og:availability\" content=\"instock\" \/>\n<meta property=\"product:availability\" content=\"instock\" \/>\n<meta property=\"product:condition\" content=\"new\" \/>\n<!-- \/ Yoast SEO plugin. -->","yoast_head_json":{"title":"Douxo S3 Lotion Auriculaire - chien &amp; chat Ceva - V\u00e9torino","description":"Nettoyant auriculaire doux pour l'hygi\u00e8ne r\u00e9guli\u00e8re des oreilles, ou en nettoyage et pr\u00e9paration du conduit auditif avant l'application d'un traitement local lors d'une otite externe.  Utilisation :   Chiens et chats de tous \u00e2ges","robots":{"index":"noindex","follow":"nofollow"},"og_locale":"fr_FR","og_type":"article","og_title":"Douxo S3 Lotion Auriculaire - chien &amp; chat Ceva - V\u00e9torino","og_description":"Nettoyant auriculaire doux pour l'hygi\u00e8ne r\u00e9guli\u00e8re des oreilles, ou en nettoyage et pr\u00e9paration du conduit auditif avant l'application d'un traitement local lors d'une otite externe.  Utilisation :   Chiens et chats de tous \u00e2ges","og_url":"https:\/\/www.vetorino.com\/veterinaire\/plouzevede-29440\/boutique\/product\/douxo-s3-care-nettoyant-auriculaire\/","og_site_name":"V\u00e9torino","article_publisher":"https:\/\/www.facebook.com\/Vetorino\/","article_modified_time":"2025-07-23T09:42:30+00:00","og_image":[{"width":800,"height":800,"url":"https:\/\/www.vetorino.com\/boutique\/wp-content\/uploads\/2025\/04\/douxo-s3-lotion-auriculaire-chien-chat.webp","type":"image\/webp"}],"twitter_card":"summary_large_image","twitter_misc":{"Disponibilit\u00e9":"En stock"},"schema":{"@context":"https:\/\/schema.org","@graph":[{"@type":"WebPage","@id":"https:\/\/www.vetorino.com\/boutique\/product\/douxo-s3-care-nettoyant-auriculaire\/","url":"https:\/\/www.vetorino.com\/boutique\/product\/douxo-s3-care-nettoyant-auriculaire\/","name":"Douxo S3 Lotion Auriculaire - chien &amp; chat Ceva - V\u00e9torino","isPartOf":{"@id":"https:\/\/www.vetorino.com\/boutique\/#website"},"primaryImageOfPage":{"@id":"https:\/\/www.vetorino.com\/boutique\/product\/douxo-s3-care-nettoyant-auriculaire\/#primaryimage"},"image":{"@id":"https:\/\/www.vetorino.com\/boutique\/product\/douxo-s3-care-nettoyant-auriculaire\/#primaryimage"},"thumbnailUrl":"https:\/\/www.vetorino.com\/boutique\/wp-content\/uploads\/2025\/04\/douxo-s3-lotion-auriculaire-chien-chat.webp","datePublished":"2025-04-07T19:50:18+00:00","dateModified":"2025-07-23T09:42:30+00:00","description":"Nettoyant auriculaire doux pour l'hygi\u00e8ne r\u00e9guli\u00e8re des oreilles, ou en nettoyage et pr\u00e9paration du conduit auditif avant l'application d'un traitement local lors d'une otite externe. Utilisation : Chiens et chats de tous \u00e2ges","breadcrumb":{"@id":"https:\/\/www.vetorino.com\/boutique\/product\/douxo-s3-care-nettoyant-auriculaire\/#breadcrumb"},"inLanguage":"fr-FR","potentialAction":[{"@type":"ReadAction","target":["https:\/\/www.vetorino.com\/boutique\/product\/douxo-s3-care-nettoyant-auriculaire\/"]}]},{"@type":"ImageObject","inLanguage":"fr-FR","@id":"https:\/\/www.vetorino.com\/boutique\/product\/douxo-s3-care-nettoyant-auriculaire\/#primaryimage","url":"https:\/\/www.vetorino.com\/boutique\/wp-content\/uploads\/2025\/04\/douxo-s3-lotion-auriculaire-chien-chat.webp","contentUrl":"https:\/\/www.vetorino.com\/boutique\/wp-content\/uploads\/2025\/04\/douxo-s3-lotion-auriculaire-chien-chat.webp","width":800,"height":800},{"@type":"BreadcrumbList","@id":"https:\/\/www.vetorino.com\/boutique\/product\/douxo-s3-care-nettoyant-auriculaire\/#breadcrumb","itemListElement":[{"@type":"ListItem","position":1,"name":"Accueil","item":"https:\/\/www.vetorino.com\/boutique\/"},{"@type":"ListItem","position":2,"name":"Produits","item":"https:\/\/www.vetorino.com\/boutique\/"},{"@type":"ListItem","position":3,"name":"Douxo S3 Lotion Auriculaire &#8211; chien &amp; chat"}]},{"@type":"WebSite","@id":"https:\/\/www.vetorino.com\/boutique\/#website","url":"https:\/\/www.vetorino.com\/boutique\/","name":"V\u00e9torino","description":"","publisher":{"@id":"https:\/\/www.vetorino.com\/boutique\/#organization"},"potentialAction":[{"@type":"SearchAction","target":{"@type":"EntryPoint","urlTemplate":"https:\/\/www.vetorino.com\/boutique\/?s={search_term_string}"},"query-input":{"@type":"PropertyValueSpecification","valueRequired":true,"valueName":"search_term_string"}}],"inLanguage":"fr-FR"},{"@type":"Organization","@id":"https:\/\/www.vetorino.com\/boutique\/#organization","name":"V\u00e9torino","url":"https:\/\/www.vetorino.com\/boutique\/","logo":{"@type":"ImageObject","inLanguage":"fr-FR","@id":"https:\/\/www.vetorino.com\/boutique\/#\/schema\/logo\/image\/","url":"https:\/\/www.vetorino.com\/boutique\/wp-content\/uploads\/2024\/10\/logo.jpg","contentUrl":"https:\/\/www.vetorino.com\/boutique\/wp-content\/uploads\/2024\/10\/logo.jpg","width":1200,"height":610,"caption":"V\u00e9torino"},"image":{"@id":"https:\/\/www.vetorino.com\/boutique\/#\/schema\/logo\/image\/"},"sameAs":["https:\/\/www.facebook.com\/Vetorino\/","https:\/\/www.instagram.com\/vetorino_off\/","https:\/\/www.linkedin.com\/company\/vtorino\/"]}]},"product_brand":"Ceva","og_availability":"instock","product_availability":"instock","product_condition":"new"},"_links":{"self":[{"href":"https:\/\/www.vetorino.com\/veterinaire\/plouzevede-29440\/boutique\/wp-json\/wp\/v2\/product\/1280770","targetHints":{"allow":["GET"]}}],"collection":[{"href":"https:\/\/www.vetorino.com\/veterinaire\/plouzevede-29440\/boutique\/wp-json\/wp\/v2\/product"}],"about":[{"href":"https:\/\/www.vetorino.com\/veterinaire\/plouzevede-29440\/boutique\/wp-json\/wp\/v2\/types\/product"}],"wp:featuredmedia":[{"embeddable":true,"href":"https:\/\/www.vetorino.com\/veterinaire\/plouzevede-29440\/boutique\/wp-json\/wp\/v2\/media\/1425078"}],"wp:attachment":[{"href":"https:\/\/www.vetorino.com\/veterinaire\/plouzevede-29440\/boutique\/wp-json\/wp\/v2\/media?parent=1280770"}],"wp:term":[{"taxonomy":"product_cat","embeddable":true,"href":"https:\/\/www.vetorino.com\/veterinaire\/plouzevede-29440\/boutique\/wp-json\/wp\/v2\/product_cat?post=1280770"},{"taxonomy":"product_tag","embeddable":true,"href":"https:\/\/www.vetorino.com\/veterinaire\/plouzevede-29440\/boutique\/wp-json\/wp\/v2\/product_tag?post=1280770"}],"curies":[{"name":"wp","href":"https:\/\/api.w.org\/{rel}","templated":true}]}}