{"id":131219,"date":"2020-11-27T00:31:57","date_gmt":"2020-11-26T23:31:57","guid":{"rendered":"https:\/\/www.vetorino.com\/boutique\/product\/proplan-cat-liveclear-kitten-dinde\/"},"modified":"2025-11-03T16:07:07","modified_gmt":"2025-11-03T15:07:07","slug":"proplan-cat-liveclear-kitten-dinde","status":"publish","type":"product","link":"https:\/\/www.vetorino.com\/veterinaire\/plouzevede-29440\/boutique\/product\/proplan-cat-liveclear-kitten-dinde\/","title":{"rendered":"Liveclear Kitten Dinde &#8211; chaton"},"content":{"rendered":"<p><strong>Aliment qui neutralise une partie des allerg\u00e8nes pr\u00e9sents dans la salive des chats, r\u00e9duisant ainsi les r\u00e9actions allergiques des personnes en contact avec ce dernier.<\/strong><\/p>\n<p><strong>Utilisation :<\/strong><\/p>\n<ul>\n<li>R\u00e9duit en moyenne de 47 % allerg\u00e8nes sur les poils du chat apr\u00e8s trois semaines d&#8217;alimentation.<\/li>\n<li>Adapt\u00e9 aux chatons d\u00e8s 3 \u00e0 4 semaines.<\/li>\n<\/ul>\n<p><strong>Bienfaits essentiels :<\/strong><\/p>\n<ul>\n<li>R\u00e9duit en moyenne de 47 % apr\u00e8s trois semaines d&#8217;alimentation les <strong>allerg\u00e8nes sur les poils du chat<\/strong>.<\/li>\n<li>Soutient le <strong>syst\u00e8me immunitaire<\/strong> gr\u00e2ce \u00e0 une teneur \u00e9lev\u00e9e en proteines et aux vitamines C et E.<\/li>\n<li>Prouv\u00e9 pour aider \u00e0 <strong>am\u00e9liorer la digestion<\/strong> gr\u00e2ce \u00e0 des pr\u00e9biotiques naturels.<\/li>\n<li>Contient du DHA pour aider \u00e0 un <strong>d\u00e9veloppement sain de la vue et du cerveau<\/strong>.<\/li>\n<\/ul>\n<p><strong>Mode d&#8217;emploi :<\/strong><\/p>\n<ul>\n<li>Il est conseill\u00e9 d&#8217;introduire l&#8217;aliment PRO PLAN\u00ae LIVECLEAR\u00ae KITTEN \u00e0 l&#8217;\u00e2ge de 3 \u00e0 4 semaines.<\/li>\n<li>M\u00e9langez le produit avec de l&#8217;eau pour faciliter la mastication. Augmentez la quantit\u00e9 d&#8217;aliment d\u00e8s lors que le chaton commence \u00e0 manger plus et diminuez la quantit\u00e9 d&#8217;eau ajout\u00e9e d\u00e8s que le chaton devient capable de manger seul.<\/li>\n<li>Donnez 2 \u00e0 3 repas par jour ou \u00e0 volont\u00e9.<\/li>\n<li>De l&#8217;eau propre et fra\u00eeche doit toujours \u00eatre disponible.<\/li>\n<li>Consultez votre v\u00e9t\u00e9rinaire\u00a0pour plus d&#8217;informations.<\/li>\n<\/ul>\n","protected":false},"excerpt":{"rendered":"<p><strong>Proplan Cat Liveclear Kitten Dinde<\/strong> est un aliment qui neutralise une partie des allerg\u00e8nes pr\u00e9sents dans la salive des chats, r\u00e9duisant ainsi les r\u00e9actions allergiques des personnes en contact avec ce dernier.<\/p>\n","protected":false},"featured_media":720624,"template":"","meta":[],"product_cat":[12551,12583,2697],"product_tag":[],"class_list":{"0":"post-131219","1":"product","2":"type-product","3":"status-publish","4":"has-post-thumbnail","6":"product_cat-alimentation-du-chat","7":"product_cat-alimentation-premium-pour-chat","8":"product_cat-chat","9":"pa_marque-purina","11":"first","12":"instock","13":"taxable","14":"shipping-taxable","15":"purchasable","16":"product-type-simple"},"yoast_head":"<!-- This site is optimized with the Yoast SEO plugin v27.3 - https:\/\/yoast.com\/product\/yoast-seo-wordpress\/ -->\n<title>Proplan Liveclear Kitten Dinde - chaton Purina Pro Plan - V\u00e9torino<\/title>\n<meta name=\"description\" content=\"Proplan Cat Liveclear Kitten Dinde est un aliment qui neutralise une partie des allerg\u00e8nes pr\u00e9sents dans la salive des chats, r\u00e9duisant ainsi les r\u00e9actions allergiques des personnes en contact avec ce dernier.\" \/>\n<meta name=\"robots\" content=\"noindex, nofollow\" \/>\n<meta property=\"og:locale\" content=\"fr_FR\" \/>\n<meta property=\"og:type\" content=\"article\" \/>\n<meta property=\"og:title\" content=\"Proplan Liveclear Kitten Dinde - chaton Purina Pro Plan - V\u00e9torino\" \/>\n<meta property=\"og:description\" content=\"Proplan Cat Liveclear Kitten Dinde est un aliment qui neutralise une partie des allerg\u00e8nes pr\u00e9sents dans la salive des chats, r\u00e9duisant ainsi les r\u00e9actions allergiques des personnes en contact avec ce dernier.\" \/>\n<meta property=\"og:url\" content=\"https:\/\/www.vetorino.com\/veterinaire\/plouzevede-29440\/boutique\/product\/proplan-cat-liveclear-kitten-dinde\/\" \/>\n<meta property=\"og:site_name\" content=\"V\u00e9torino\" \/>\n<meta property=\"article:publisher\" content=\"https:\/\/www.facebook.com\/Vetorino\/\" \/>\n<meta property=\"article:modified_time\" content=\"2025-11-03T15:07:07+00:00\" \/>\n<meta property=\"og:image\" content=\"https:\/\/www.vetorino.com\/boutique\/wp-content\/uploads\/2020\/11\/PURINA-1849010-1.jpg\" \/>\n\t<meta property=\"og:image:width\" content=\"600\" \/>\n\t<meta property=\"og:image:height\" content=\"600\" \/>\n\t<meta property=\"og:image:type\" content=\"image\/jpeg\" \/>\n<meta name=\"twitter:card\" content=\"summary_large_image\" \/>\n<meta name=\"twitter:label1\" content=\"Prix\" \/>\n\t<meta name=\"twitter:data1\" content=\"25,53&euro;\" \/>\n\t<meta name=\"twitter:label2\" content=\"Disponibilit\u00e9\" \/>\n\t<meta name=\"twitter:data2\" content=\"En stock\" \/>\n<script type=\"application\/ld+json\" class=\"yoast-schema-graph\">{\"@context\":\"https:\\\/\\\/schema.org\",\"@graph\":[{\"@type\":\"WebPage\",\"@id\":\"https:\\\/\\\/www.vetorino.com\\\/veterinaire\\\/briancon-05100\\\/boutique\\\/product\\\/proplan-cat-liveclear-kitten-dinde\\\/\",\"url\":\"https:\\\/\\\/www.vetorino.com\\\/veterinaire\\\/briancon-05100\\\/boutique\\\/product\\\/proplan-cat-liveclear-kitten-dinde\\\/\",\"name\":\"Proplan Liveclear Kitten Dinde - chaton Purina Pro Plan - V\u00e9torino\",\"isPartOf\":{\"@id\":\"https:\\\/\\\/www.vetorino.com\\\/boutique\\\/#website\"},\"primaryImageOfPage\":{\"@id\":\"https:\\\/\\\/www.vetorino.com\\\/veterinaire\\\/briancon-05100\\\/boutique\\\/product\\\/proplan-cat-liveclear-kitten-dinde\\\/#primaryimage\"},\"image\":{\"@id\":\"https:\\\/\\\/www.vetorino.com\\\/veterinaire\\\/briancon-05100\\\/boutique\\\/product\\\/proplan-cat-liveclear-kitten-dinde\\\/#primaryimage\"},\"thumbnailUrl\":\"https:\\\/\\\/www.vetorino.com\\\/boutique\\\/wp-content\\\/uploads\\\/2020\\\/11\\\/PURINA-1849010-1.jpg\",\"datePublished\":\"2020-11-26T23:31:57+00:00\",\"dateModified\":\"2025-11-03T15:07:07+00:00\",\"description\":\"Proplan Cat Liveclear Kitten Dinde est un aliment qui neutralise une partie des allerg\u00e8nes pr\u00e9sents dans la salive des chats, r\u00e9duisant ainsi les r\u00e9actions allergiques des personnes en contact avec ce dernier.\",\"breadcrumb\":{\"@id\":\"https:\\\/\\\/www.vetorino.com\\\/veterinaire\\\/briancon-05100\\\/boutique\\\/product\\\/proplan-cat-liveclear-kitten-dinde\\\/#breadcrumb\"},\"inLanguage\":\"fr-FR\",\"potentialAction\":[{\"@type\":\"ReadAction\",\"target\":[\"https:\\\/\\\/www.vetorino.com\\\/veterinaire\\\/briancon-05100\\\/boutique\\\/product\\\/proplan-cat-liveclear-kitten-dinde\\\/\"]}]},{\"@type\":\"ImageObject\",\"inLanguage\":\"fr-FR\",\"@id\":\"https:\\\/\\\/www.vetorino.com\\\/veterinaire\\\/briancon-05100\\\/boutique\\\/product\\\/proplan-cat-liveclear-kitten-dinde\\\/#primaryimage\",\"url\":\"https:\\\/\\\/www.vetorino.com\\\/boutique\\\/wp-content\\\/uploads\\\/2020\\\/11\\\/PURINA-1849010-1.jpg\",\"contentUrl\":\"https:\\\/\\\/www.vetorino.com\\\/boutique\\\/wp-content\\\/uploads\\\/2020\\\/11\\\/PURINA-1849010-1.jpg\",\"width\":600,\"height\":600},{\"@type\":\"BreadcrumbList\",\"@id\":\"https:\\\/\\\/www.vetorino.com\\\/veterinaire\\\/briancon-05100\\\/boutique\\\/product\\\/proplan-cat-liveclear-kitten-dinde\\\/#breadcrumb\",\"itemListElement\":[{\"@type\":\"ListItem\",\"position\":1,\"name\":\"Accueil\",\"item\":\"https:\\\/\\\/www.vetorino.com\\\/boutique\\\/\"},{\"@type\":\"ListItem\",\"position\":2,\"name\":\"Produits\",\"item\":\"https:\\\/\\\/www.vetorino.com\\\/boutique\\\/\"},{\"@type\":\"ListItem\",\"position\":3,\"name\":\"Liveclear Kitten Dinde &#8211; chaton\"}]},{\"@type\":\"WebSite\",\"@id\":\"https:\\\/\\\/www.vetorino.com\\\/boutique\\\/#website\",\"url\":\"https:\\\/\\\/www.vetorino.com\\\/boutique\\\/\",\"name\":\"V\u00e9torino\",\"description\":\"\",\"publisher\":{\"@id\":\"https:\\\/\\\/www.vetorino.com\\\/boutique\\\/#organization\"},\"potentialAction\":[{\"@type\":\"SearchAction\",\"target\":{\"@type\":\"EntryPoint\",\"urlTemplate\":\"https:\\\/\\\/www.vetorino.com\\\/boutique\\\/?s={search_term_string}\"},\"query-input\":{\"@type\":\"PropertyValueSpecification\",\"valueRequired\":true,\"valueName\":\"search_term_string\"}}],\"inLanguage\":\"fr-FR\"},{\"@type\":\"Organization\",\"@id\":\"https:\\\/\\\/www.vetorino.com\\\/boutique\\\/#organization\",\"name\":\"V\u00e9torino\",\"url\":\"https:\\\/\\\/www.vetorino.com\\\/boutique\\\/\",\"logo\":{\"@type\":\"ImageObject\",\"inLanguage\":\"fr-FR\",\"@id\":\"https:\\\/\\\/www.vetorino.com\\\/boutique\\\/#\\\/schema\\\/logo\\\/image\\\/\",\"url\":\"https:\\\/\\\/www.vetorino.com\\\/boutique\\\/wp-content\\\/uploads\\\/2024\\\/10\\\/logo.jpg\",\"contentUrl\":\"https:\\\/\\\/www.vetorino.com\\\/boutique\\\/wp-content\\\/uploads\\\/2024\\\/10\\\/logo.jpg\",\"width\":1200,\"height\":610,\"caption\":\"V\u00e9torino\"},\"image\":{\"@id\":\"https:\\\/\\\/www.vetorino.com\\\/boutique\\\/#\\\/schema\\\/logo\\\/image\\\/\"},\"sameAs\":[\"https:\\\/\\\/www.facebook.com\\\/Vetorino\\\/\",\"https:\\\/\\\/www.instagram.com\\\/vetorino_off\\\/\",\"https:\\\/\\\/www.linkedin.com\\\/company\\\/vtorino\\\/\"]}]}<\/script>\n<meta property=\"product:brand\" content=\"Purina Pro Plan\" \/>\n<meta property=\"product:price:amount\" content=\"25.53\" \/>\n<meta property=\"product:price:currency\" content=\"EUR\" \/>\n<meta property=\"og:availability\" content=\"instock\" \/>\n<meta property=\"product:availability\" content=\"instock\" \/>\n<meta property=\"product:retailer_item_id\" content=\"A-1849010\" \/>\n<meta property=\"product:condition\" content=\"new\" \/>\n<!-- \/ Yoast SEO plugin. -->","yoast_head_json":{"title":"Proplan Liveclear Kitten Dinde - chaton Purina Pro Plan - V\u00e9torino","description":"Proplan Cat Liveclear Kitten Dinde est un aliment qui neutralise une partie des allerg\u00e8nes pr\u00e9sents dans la salive des chats, r\u00e9duisant ainsi les r\u00e9actions allergiques des personnes en contact avec ce dernier.","robots":{"index":"noindex","follow":"nofollow"},"og_locale":"fr_FR","og_type":"article","og_title":"Proplan Liveclear Kitten Dinde - chaton Purina Pro Plan - V\u00e9torino","og_description":"Proplan Cat Liveclear Kitten Dinde est un aliment qui neutralise une partie des allerg\u00e8nes pr\u00e9sents dans la salive des chats, r\u00e9duisant ainsi les r\u00e9actions allergiques des personnes en contact avec ce dernier.","og_url":"https:\/\/www.vetorino.com\/veterinaire\/plouzevede-29440\/boutique\/product\/proplan-cat-liveclear-kitten-dinde\/","og_site_name":"V\u00e9torino","article_publisher":"https:\/\/www.facebook.com\/Vetorino\/","article_modified_time":"2025-11-03T15:07:07+00:00","og_image":[{"width":600,"height":600,"url":"https:\/\/www.vetorino.com\/boutique\/wp-content\/uploads\/2020\/11\/PURINA-1849010-1.jpg","type":"image\/jpeg"}],"twitter_card":"summary_large_image","twitter_misc":{"Prix":"25,53&euro;","Disponibilit\u00e9":"En stock"},"schema":{"@context":"https:\/\/schema.org","@graph":[{"@type":"WebPage","@id":"https:\/\/www.vetorino.com\/veterinaire\/briancon-05100\/boutique\/product\/proplan-cat-liveclear-kitten-dinde\/","url":"https:\/\/www.vetorino.com\/veterinaire\/briancon-05100\/boutique\/product\/proplan-cat-liveclear-kitten-dinde\/","name":"Proplan Liveclear Kitten Dinde - chaton Purina Pro Plan - V\u00e9torino","isPartOf":{"@id":"https:\/\/www.vetorino.com\/boutique\/#website"},"primaryImageOfPage":{"@id":"https:\/\/www.vetorino.com\/veterinaire\/briancon-05100\/boutique\/product\/proplan-cat-liveclear-kitten-dinde\/#primaryimage"},"image":{"@id":"https:\/\/www.vetorino.com\/veterinaire\/briancon-05100\/boutique\/product\/proplan-cat-liveclear-kitten-dinde\/#primaryimage"},"thumbnailUrl":"https:\/\/www.vetorino.com\/boutique\/wp-content\/uploads\/2020\/11\/PURINA-1849010-1.jpg","datePublished":"2020-11-26T23:31:57+00:00","dateModified":"2025-11-03T15:07:07+00:00","description":"Proplan Cat Liveclear Kitten Dinde est un aliment qui neutralise une partie des allerg\u00e8nes pr\u00e9sents dans la salive des chats, r\u00e9duisant ainsi les r\u00e9actions allergiques des personnes en contact avec ce dernier.","breadcrumb":{"@id":"https:\/\/www.vetorino.com\/veterinaire\/briancon-05100\/boutique\/product\/proplan-cat-liveclear-kitten-dinde\/#breadcrumb"},"inLanguage":"fr-FR","potentialAction":[{"@type":"ReadAction","target":["https:\/\/www.vetorino.com\/veterinaire\/briancon-05100\/boutique\/product\/proplan-cat-liveclear-kitten-dinde\/"]}]},{"@type":"ImageObject","inLanguage":"fr-FR","@id":"https:\/\/www.vetorino.com\/veterinaire\/briancon-05100\/boutique\/product\/proplan-cat-liveclear-kitten-dinde\/#primaryimage","url":"https:\/\/www.vetorino.com\/boutique\/wp-content\/uploads\/2020\/11\/PURINA-1849010-1.jpg","contentUrl":"https:\/\/www.vetorino.com\/boutique\/wp-content\/uploads\/2020\/11\/PURINA-1849010-1.jpg","width":600,"height":600},{"@type":"BreadcrumbList","@id":"https:\/\/www.vetorino.com\/veterinaire\/briancon-05100\/boutique\/product\/proplan-cat-liveclear-kitten-dinde\/#breadcrumb","itemListElement":[{"@type":"ListItem","position":1,"name":"Accueil","item":"https:\/\/www.vetorino.com\/boutique\/"},{"@type":"ListItem","position":2,"name":"Produits","item":"https:\/\/www.vetorino.com\/boutique\/"},{"@type":"ListItem","position":3,"name":"Liveclear Kitten Dinde &#8211; chaton"}]},{"@type":"WebSite","@id":"https:\/\/www.vetorino.com\/boutique\/#website","url":"https:\/\/www.vetorino.com\/boutique\/","name":"V\u00e9torino","description":"","publisher":{"@id":"https:\/\/www.vetorino.com\/boutique\/#organization"},"potentialAction":[{"@type":"SearchAction","target":{"@type":"EntryPoint","urlTemplate":"https:\/\/www.vetorino.com\/boutique\/?s={search_term_string}"},"query-input":{"@type":"PropertyValueSpecification","valueRequired":true,"valueName":"search_term_string"}}],"inLanguage":"fr-FR"},{"@type":"Organization","@id":"https:\/\/www.vetorino.com\/boutique\/#organization","name":"V\u00e9torino","url":"https:\/\/www.vetorino.com\/boutique\/","logo":{"@type":"ImageObject","inLanguage":"fr-FR","@id":"https:\/\/www.vetorino.com\/boutique\/#\/schema\/logo\/image\/","url":"https:\/\/www.vetorino.com\/boutique\/wp-content\/uploads\/2024\/10\/logo.jpg","contentUrl":"https:\/\/www.vetorino.com\/boutique\/wp-content\/uploads\/2024\/10\/logo.jpg","width":1200,"height":610,"caption":"V\u00e9torino"},"image":{"@id":"https:\/\/www.vetorino.com\/boutique\/#\/schema\/logo\/image\/"},"sameAs":["https:\/\/www.facebook.com\/Vetorino\/","https:\/\/www.instagram.com\/vetorino_off\/","https:\/\/www.linkedin.com\/company\/vtorino\/"]}]},"product_brand":"Purina Pro Plan","product_price_amount":"25.53","product_price_currency":"EUR","og_availability":"instock","product_availability":"instock","product_retailer_item_id":"A-1849010","product_condition":"new"},"_links":{"self":[{"href":"https:\/\/www.vetorino.com\/veterinaire\/plouzevede-29440\/boutique\/wp-json\/wp\/v2\/product\/131219","targetHints":{"allow":["GET"]}}],"collection":[{"href":"https:\/\/www.vetorino.com\/veterinaire\/plouzevede-29440\/boutique\/wp-json\/wp\/v2\/product"}],"about":[{"href":"https:\/\/www.vetorino.com\/veterinaire\/plouzevede-29440\/boutique\/wp-json\/wp\/v2\/types\/product"}],"wp:featuredmedia":[{"embeddable":true,"href":"https:\/\/www.vetorino.com\/veterinaire\/plouzevede-29440\/boutique\/wp-json\/wp\/v2\/media\/720624"}],"wp:attachment":[{"href":"https:\/\/www.vetorino.com\/veterinaire\/plouzevede-29440\/boutique\/wp-json\/wp\/v2\/media?parent=131219"}],"wp:term":[{"taxonomy":"product_cat","embeddable":true,"href":"https:\/\/www.vetorino.com\/veterinaire\/plouzevede-29440\/boutique\/wp-json\/wp\/v2\/product_cat?post=131219"},{"taxonomy":"product_tag","embeddable":true,"href":"https:\/\/www.vetorino.com\/veterinaire\/plouzevede-29440\/boutique\/wp-json\/wp\/v2\/product_tag?post=131219"}],"curies":[{"name":"wp","href":"https:\/\/api.w.org\/{rel}","templated":true}]}}