{"id":131222,"date":"2020-11-27T00:31:59","date_gmt":"2020-11-26T23:31:59","guid":{"rendered":"https:\/\/www.vetorino.com\/boutique\/product\/proplan-cat-liveclear-senior-sterilise-dinde\/"},"modified":"2025-11-03T16:03:46","modified_gmt":"2025-11-03T15:03:46","slug":"proplan-cat-liveclear-senior-sterilise-dinde","status":"publish","type":"product","link":"https:\/\/www.vetorino.com\/veterinaire\/plouzevede-29440\/boutique\/product\/proplan-cat-liveclear-senior-sterilise-dinde\/","title":{"rendered":"Liveclear Senior sterilised 7+ Dinde &#8211; chat"},"content":{"rendered":"<p><strong>Aliment qui neutralise une partie des allerg\u00e8nes pr\u00e9sents dans la salive des chats, r\u00e9duisant ainsi les r\u00e9actions allergiques des personnes en contact avec ce dernier.<\/strong><\/p>\n<p><strong>Utilisation :<\/strong><\/p>\n<ul>\n<li>R\u00e9duit en moyenne de 47 % allerg\u00e8nes sur les poils du chat apr\u00e8s trois semaines d&#8217;alimentation.<\/li>\n<li>Chat s\u00e9nior st\u00e9rilis\u00e9<\/li>\n<\/ul>\n<p><strong>Bienfaits essentiels :<\/strong><\/p>\n<ul>\n<li>R\u00e9duit en moyenne de 47 % <strong>apr\u00e8s trois semaines d&#8217;alimentation<\/strong> les allerg\u00e8nes sur les poils du chat.<\/li>\n<li>Aide \u00e0 maintenir la bonne sant\u00e9 des voies urinaires des chats st\u00e9rilis\u00e9s, gr\u00e2ce \u00e0 des <strong>teneurs \u00e9quilibr\u00e9es en min\u00e9raux<\/strong>.<\/li>\n<li><strong>Soutien la bonne sant\u00e9 des reins<\/strong> gr\u00e2ce \u00e0 une combinaison sp\u00e9cifique de nutriments, dont des antioxydants, de l&#8217;arginine et des acides gras Om\u00e9ga.<\/li>\n<li>Aide \u00e0<strong> maintenir un poids id\u00e9al<\/strong> gr\u00e2ce \u00e0 une teneur \u00e9lev\u00e9e en prot\u00e9ines, des fibres et un faible niveau de glucides.<\/li>\n<\/ul>\n","protected":false},"excerpt":{"rendered":"<p><strong>Pro Plan Cat Live clear Senior <\/strong>est un aliment qui neutralise une partie des allerg\u00e8nes pr\u00e9sents dans la salive des chats, r\u00e9duisant ainsi les r\u00e9actions allergiques des personnes en contact avec ce dernier.<\/p>\n<p><strong>Utilisation :<\/strong><\/p>\n<ul>\n<li>R\u00e9duit en moyenne de 47 % allerg\u00e8nes sur les poils du chat apr\u00e8s trois semaines d&#8217;alimentation.<\/li>\n<li>Chat s\u00e9nior st\u00e9rilis\u00e9<\/li>\n<\/ul>\n","protected":false},"featured_media":246390,"template":"","meta":[],"product_cat":[12551,12583,2697],"product_tag":[],"class_list":{"0":"post-131222","1":"product","2":"type-product","3":"status-publish","4":"has-post-thumbnail","6":"product_cat-alimentation-du-chat","7":"product_cat-alimentation-premium-pour-chat","8":"product_cat-chat","9":"pa_marque-purina","11":"first","12":"instock","13":"taxable","14":"shipping-taxable","15":"purchasable","16":"product-type-simple"},"yoast_head":"<!-- This site is optimized with the Yoast SEO plugin v27.3 - https:\/\/yoast.com\/product\/yoast-seo-wordpress\/ -->\n<title>Proplan Liveclear Senior sterilised 7+ Dinde - chat Purina Pro Plan - V\u00e9torino<\/title>\n<meta name=\"description\" content=\"Pro Plan Cat Live clear Senior est un aliment qui neutralise une partie des allerg\u00e8nes pr\u00e9sents dans la salive des chats, r\u00e9duisant ainsi les r\u00e9actions allergiques des personnes en contact avec ce dernier.  Utilisation :   R\u00e9duit en moyenne de 47 % allerg\u00e8nes sur les poils du chat apr\u00e8s trois semaines d&#039;alimentation.  Chat s\u00e9nior st\u00e9rilis\u00e9\" \/>\n<meta name=\"robots\" content=\"noindex, nofollow\" \/>\n<meta property=\"og:locale\" content=\"fr_FR\" \/>\n<meta property=\"og:type\" content=\"article\" \/>\n<meta property=\"og:title\" content=\"Proplan Liveclear Senior sterilised 7+ Dinde - chat Purina Pro Plan - V\u00e9torino\" \/>\n<meta property=\"og:description\" content=\"Pro Plan Cat Live clear Senior est un aliment qui neutralise une partie des allerg\u00e8nes pr\u00e9sents dans la salive des chats, r\u00e9duisant ainsi les r\u00e9actions allergiques des personnes en contact avec ce dernier.  Utilisation :   R\u00e9duit en moyenne de 47 % allerg\u00e8nes sur les poils du chat apr\u00e8s trois semaines d&#039;alimentation.  Chat s\u00e9nior st\u00e9rilis\u00e9\" \/>\n<meta property=\"og:url\" content=\"https:\/\/www.vetorino.com\/veterinaire\/plouzevede-29440\/boutique\/product\/proplan-cat-liveclear-senior-sterilise-dinde\/\" \/>\n<meta property=\"og:site_name\" content=\"V\u00e9torino\" \/>\n<meta property=\"article:publisher\" content=\"https:\/\/www.facebook.com\/Vetorino\/\" \/>\n<meta property=\"article:modified_time\" content=\"2025-11-03T15:03:46+00:00\" \/>\n<meta property=\"og:image\" content=\"https:\/\/www.vetorino.com\/boutique\/wp-content\/uploads\/2020\/11\/cat-liveclear-sterilised-7-dinde.jpg.png\" \/>\n\t<meta property=\"og:image:width\" content=\"458\" \/>\n\t<meta property=\"og:image:height\" content=\"458\" \/>\n\t<meta property=\"og:image:type\" content=\"image\/png\" \/>\n<meta name=\"twitter:card\" content=\"summary_large_image\" \/>\n<meta name=\"twitter:label1\" content=\"Prix\" \/>\n\t<meta name=\"twitter:data1\" content=\"44,50&euro;\" \/>\n\t<meta name=\"twitter:label2\" content=\"Disponibilit\u00e9\" \/>\n\t<meta name=\"twitter:data2\" content=\"En stock\" \/>\n<script type=\"application\/ld+json\" class=\"yoast-schema-graph\">{\"@context\":\"https:\\\/\\\/schema.org\",\"@graph\":[{\"@type\":\"WebPage\",\"@id\":\"https:\\\/\\\/www.vetorino.com\\\/veterinaire\\\/briancon-05100\\\/boutique\\\/product\\\/proplan-cat-liveclear-senior-sterilise-dinde\\\/\",\"url\":\"https:\\\/\\\/www.vetorino.com\\\/veterinaire\\\/briancon-05100\\\/boutique\\\/product\\\/proplan-cat-liveclear-senior-sterilise-dinde\\\/\",\"name\":\"Proplan Liveclear Senior sterilised 7+ Dinde - chat Purina Pro Plan - V\u00e9torino\",\"isPartOf\":{\"@id\":\"https:\\\/\\\/www.vetorino.com\\\/boutique\\\/#website\"},\"primaryImageOfPage\":{\"@id\":\"https:\\\/\\\/www.vetorino.com\\\/veterinaire\\\/briancon-05100\\\/boutique\\\/product\\\/proplan-cat-liveclear-senior-sterilise-dinde\\\/#primaryimage\"},\"image\":{\"@id\":\"https:\\\/\\\/www.vetorino.com\\\/veterinaire\\\/briancon-05100\\\/boutique\\\/product\\\/proplan-cat-liveclear-senior-sterilise-dinde\\\/#primaryimage\"},\"thumbnailUrl\":\"https:\\\/\\\/www.vetorino.com\\\/boutique\\\/wp-content\\\/uploads\\\/2020\\\/11\\\/cat-liveclear-sterilised-7-dinde.jpg.png\",\"datePublished\":\"2020-11-26T23:31:59+00:00\",\"dateModified\":\"2025-11-03T15:03:46+00:00\",\"description\":\"Pro Plan Cat Live clear Senior est un aliment qui neutralise une partie des allerg\u00e8nes pr\u00e9sents dans la salive des chats, r\u00e9duisant ainsi les r\u00e9actions allergiques des personnes en contact avec ce dernier. Utilisation : R\u00e9duit en moyenne de 47 % allerg\u00e8nes sur les poils du chat apr\u00e8s trois semaines d'alimentation. Chat s\u00e9nior st\u00e9rilis\u00e9\",\"breadcrumb\":{\"@id\":\"https:\\\/\\\/www.vetorino.com\\\/veterinaire\\\/briancon-05100\\\/boutique\\\/product\\\/proplan-cat-liveclear-senior-sterilise-dinde\\\/#breadcrumb\"},\"inLanguage\":\"fr-FR\",\"potentialAction\":[{\"@type\":\"ReadAction\",\"target\":[\"https:\\\/\\\/www.vetorino.com\\\/veterinaire\\\/briancon-05100\\\/boutique\\\/product\\\/proplan-cat-liveclear-senior-sterilise-dinde\\\/\"]}]},{\"@type\":\"ImageObject\",\"inLanguage\":\"fr-FR\",\"@id\":\"https:\\\/\\\/www.vetorino.com\\\/veterinaire\\\/briancon-05100\\\/boutique\\\/product\\\/proplan-cat-liveclear-senior-sterilise-dinde\\\/#primaryimage\",\"url\":\"https:\\\/\\\/www.vetorino.com\\\/boutique\\\/wp-content\\\/uploads\\\/2020\\\/11\\\/cat-liveclear-sterilised-7-dinde.jpg.png\",\"contentUrl\":\"https:\\\/\\\/www.vetorino.com\\\/boutique\\\/wp-content\\\/uploads\\\/2020\\\/11\\\/cat-liveclear-sterilised-7-dinde.jpg.png\",\"width\":458,\"height\":458},{\"@type\":\"BreadcrumbList\",\"@id\":\"https:\\\/\\\/www.vetorino.com\\\/veterinaire\\\/briancon-05100\\\/boutique\\\/product\\\/proplan-cat-liveclear-senior-sterilise-dinde\\\/#breadcrumb\",\"itemListElement\":[{\"@type\":\"ListItem\",\"position\":1,\"name\":\"Accueil\",\"item\":\"https:\\\/\\\/www.vetorino.com\\\/boutique\\\/\"},{\"@type\":\"ListItem\",\"position\":2,\"name\":\"Produits\",\"item\":\"https:\\\/\\\/www.vetorino.com\\\/boutique\\\/\"},{\"@type\":\"ListItem\",\"position\":3,\"name\":\"Liveclear Senior sterilised 7+ Dinde &#8211; chat\"}]},{\"@type\":\"WebSite\",\"@id\":\"https:\\\/\\\/www.vetorino.com\\\/boutique\\\/#website\",\"url\":\"https:\\\/\\\/www.vetorino.com\\\/boutique\\\/\",\"name\":\"V\u00e9torino\",\"description\":\"\",\"publisher\":{\"@id\":\"https:\\\/\\\/www.vetorino.com\\\/boutique\\\/#organization\"},\"potentialAction\":[{\"@type\":\"SearchAction\",\"target\":{\"@type\":\"EntryPoint\",\"urlTemplate\":\"https:\\\/\\\/www.vetorino.com\\\/boutique\\\/?s={search_term_string}\"},\"query-input\":{\"@type\":\"PropertyValueSpecification\",\"valueRequired\":true,\"valueName\":\"search_term_string\"}}],\"inLanguage\":\"fr-FR\"},{\"@type\":\"Organization\",\"@id\":\"https:\\\/\\\/www.vetorino.com\\\/boutique\\\/#organization\",\"name\":\"V\u00e9torino\",\"url\":\"https:\\\/\\\/www.vetorino.com\\\/boutique\\\/\",\"logo\":{\"@type\":\"ImageObject\",\"inLanguage\":\"fr-FR\",\"@id\":\"https:\\\/\\\/www.vetorino.com\\\/boutique\\\/#\\\/schema\\\/logo\\\/image\\\/\",\"url\":\"https:\\\/\\\/www.vetorino.com\\\/boutique\\\/wp-content\\\/uploads\\\/2024\\\/10\\\/logo.jpg\",\"contentUrl\":\"https:\\\/\\\/www.vetorino.com\\\/boutique\\\/wp-content\\\/uploads\\\/2024\\\/10\\\/logo.jpg\",\"width\":1200,\"height\":610,\"caption\":\"V\u00e9torino\"},\"image\":{\"@id\":\"https:\\\/\\\/www.vetorino.com\\\/boutique\\\/#\\\/schema\\\/logo\\\/image\\\/\"},\"sameAs\":[\"https:\\\/\\\/www.facebook.com\\\/Vetorino\\\/\",\"https:\\\/\\\/www.instagram.com\\\/vetorino_off\\\/\",\"https:\\\/\\\/www.linkedin.com\\\/company\\\/vtorino\\\/\"]}]}<\/script>\n<meta property=\"product:brand\" content=\"Purina Pro Plan\" \/>\n<meta property=\"product:price:amount\" content=\"44.50\" \/>\n<meta property=\"product:price:currency\" content=\"EUR\" \/>\n<meta property=\"og:availability\" content=\"instock\" \/>\n<meta property=\"product:availability\" content=\"instock\" \/>\n<meta property=\"product:retailer_item_id\" content=\"A-1849060\" \/>\n<meta property=\"product:condition\" content=\"new\" \/>\n<!-- \/ Yoast SEO plugin. -->","yoast_head_json":{"title":"Proplan Liveclear Senior sterilised 7+ Dinde - chat Purina Pro Plan - V\u00e9torino","description":"Pro Plan Cat Live clear Senior est un aliment qui neutralise une partie des allerg\u00e8nes pr\u00e9sents dans la salive des chats, r\u00e9duisant ainsi les r\u00e9actions allergiques des personnes en contact avec ce dernier.  Utilisation :   R\u00e9duit en moyenne de 47 % allerg\u00e8nes sur les poils du chat apr\u00e8s trois semaines d'alimentation.  Chat s\u00e9nior st\u00e9rilis\u00e9","robots":{"index":"noindex","follow":"nofollow"},"og_locale":"fr_FR","og_type":"article","og_title":"Proplan Liveclear Senior sterilised 7+ Dinde - chat Purina Pro Plan - V\u00e9torino","og_description":"Pro Plan Cat Live clear Senior est un aliment qui neutralise une partie des allerg\u00e8nes pr\u00e9sents dans la salive des chats, r\u00e9duisant ainsi les r\u00e9actions allergiques des personnes en contact avec ce dernier.  Utilisation :   R\u00e9duit en moyenne de 47 % allerg\u00e8nes sur les poils du chat apr\u00e8s trois semaines d'alimentation.  Chat s\u00e9nior st\u00e9rilis\u00e9","og_url":"https:\/\/www.vetorino.com\/veterinaire\/plouzevede-29440\/boutique\/product\/proplan-cat-liveclear-senior-sterilise-dinde\/","og_site_name":"V\u00e9torino","article_publisher":"https:\/\/www.facebook.com\/Vetorino\/","article_modified_time":"2025-11-03T15:03:46+00:00","og_image":[{"width":458,"height":458,"url":"https:\/\/www.vetorino.com\/boutique\/wp-content\/uploads\/2020\/11\/cat-liveclear-sterilised-7-dinde.jpg.png","type":"image\/png"}],"twitter_card":"summary_large_image","twitter_misc":{"Prix":"44,50&euro;","Disponibilit\u00e9":"En stock"},"schema":{"@context":"https:\/\/schema.org","@graph":[{"@type":"WebPage","@id":"https:\/\/www.vetorino.com\/veterinaire\/briancon-05100\/boutique\/product\/proplan-cat-liveclear-senior-sterilise-dinde\/","url":"https:\/\/www.vetorino.com\/veterinaire\/briancon-05100\/boutique\/product\/proplan-cat-liveclear-senior-sterilise-dinde\/","name":"Proplan Liveclear Senior sterilised 7+ Dinde - chat Purina Pro Plan - V\u00e9torino","isPartOf":{"@id":"https:\/\/www.vetorino.com\/boutique\/#website"},"primaryImageOfPage":{"@id":"https:\/\/www.vetorino.com\/veterinaire\/briancon-05100\/boutique\/product\/proplan-cat-liveclear-senior-sterilise-dinde\/#primaryimage"},"image":{"@id":"https:\/\/www.vetorino.com\/veterinaire\/briancon-05100\/boutique\/product\/proplan-cat-liveclear-senior-sterilise-dinde\/#primaryimage"},"thumbnailUrl":"https:\/\/www.vetorino.com\/boutique\/wp-content\/uploads\/2020\/11\/cat-liveclear-sterilised-7-dinde.jpg.png","datePublished":"2020-11-26T23:31:59+00:00","dateModified":"2025-11-03T15:03:46+00:00","description":"Pro Plan Cat Live clear Senior est un aliment qui neutralise une partie des allerg\u00e8nes pr\u00e9sents dans la salive des chats, r\u00e9duisant ainsi les r\u00e9actions allergiques des personnes en contact avec ce dernier. Utilisation : R\u00e9duit en moyenne de 47 % allerg\u00e8nes sur les poils du chat apr\u00e8s trois semaines d'alimentation. Chat s\u00e9nior st\u00e9rilis\u00e9","breadcrumb":{"@id":"https:\/\/www.vetorino.com\/veterinaire\/briancon-05100\/boutique\/product\/proplan-cat-liveclear-senior-sterilise-dinde\/#breadcrumb"},"inLanguage":"fr-FR","potentialAction":[{"@type":"ReadAction","target":["https:\/\/www.vetorino.com\/veterinaire\/briancon-05100\/boutique\/product\/proplan-cat-liveclear-senior-sterilise-dinde\/"]}]},{"@type":"ImageObject","inLanguage":"fr-FR","@id":"https:\/\/www.vetorino.com\/veterinaire\/briancon-05100\/boutique\/product\/proplan-cat-liveclear-senior-sterilise-dinde\/#primaryimage","url":"https:\/\/www.vetorino.com\/boutique\/wp-content\/uploads\/2020\/11\/cat-liveclear-sterilised-7-dinde.jpg.png","contentUrl":"https:\/\/www.vetorino.com\/boutique\/wp-content\/uploads\/2020\/11\/cat-liveclear-sterilised-7-dinde.jpg.png","width":458,"height":458},{"@type":"BreadcrumbList","@id":"https:\/\/www.vetorino.com\/veterinaire\/briancon-05100\/boutique\/product\/proplan-cat-liveclear-senior-sterilise-dinde\/#breadcrumb","itemListElement":[{"@type":"ListItem","position":1,"name":"Accueil","item":"https:\/\/www.vetorino.com\/boutique\/"},{"@type":"ListItem","position":2,"name":"Produits","item":"https:\/\/www.vetorino.com\/boutique\/"},{"@type":"ListItem","position":3,"name":"Liveclear Senior sterilised 7+ Dinde &#8211; chat"}]},{"@type":"WebSite","@id":"https:\/\/www.vetorino.com\/boutique\/#website","url":"https:\/\/www.vetorino.com\/boutique\/","name":"V\u00e9torino","description":"","publisher":{"@id":"https:\/\/www.vetorino.com\/boutique\/#organization"},"potentialAction":[{"@type":"SearchAction","target":{"@type":"EntryPoint","urlTemplate":"https:\/\/www.vetorino.com\/boutique\/?s={search_term_string}"},"query-input":{"@type":"PropertyValueSpecification","valueRequired":true,"valueName":"search_term_string"}}],"inLanguage":"fr-FR"},{"@type":"Organization","@id":"https:\/\/www.vetorino.com\/boutique\/#organization","name":"V\u00e9torino","url":"https:\/\/www.vetorino.com\/boutique\/","logo":{"@type":"ImageObject","inLanguage":"fr-FR","@id":"https:\/\/www.vetorino.com\/boutique\/#\/schema\/logo\/image\/","url":"https:\/\/www.vetorino.com\/boutique\/wp-content\/uploads\/2024\/10\/logo.jpg","contentUrl":"https:\/\/www.vetorino.com\/boutique\/wp-content\/uploads\/2024\/10\/logo.jpg","width":1200,"height":610,"caption":"V\u00e9torino"},"image":{"@id":"https:\/\/www.vetorino.com\/boutique\/#\/schema\/logo\/image\/"},"sameAs":["https:\/\/www.facebook.com\/Vetorino\/","https:\/\/www.instagram.com\/vetorino_off\/","https:\/\/www.linkedin.com\/company\/vtorino\/"]}]},"product_brand":"Purina Pro Plan","product_price_amount":"44.50","product_price_currency":"EUR","og_availability":"instock","product_availability":"instock","product_retailer_item_id":"A-1849060","product_condition":"new"},"_links":{"self":[{"href":"https:\/\/www.vetorino.com\/veterinaire\/plouzevede-29440\/boutique\/wp-json\/wp\/v2\/product\/131222","targetHints":{"allow":["GET"]}}],"collection":[{"href":"https:\/\/www.vetorino.com\/veterinaire\/plouzevede-29440\/boutique\/wp-json\/wp\/v2\/product"}],"about":[{"href":"https:\/\/www.vetorino.com\/veterinaire\/plouzevede-29440\/boutique\/wp-json\/wp\/v2\/types\/product"}],"wp:featuredmedia":[{"embeddable":true,"href":"https:\/\/www.vetorino.com\/veterinaire\/plouzevede-29440\/boutique\/wp-json\/wp\/v2\/media\/246390"}],"wp:attachment":[{"href":"https:\/\/www.vetorino.com\/veterinaire\/plouzevede-29440\/boutique\/wp-json\/wp\/v2\/media?parent=131222"}],"wp:term":[{"taxonomy":"product_cat","embeddable":true,"href":"https:\/\/www.vetorino.com\/veterinaire\/plouzevede-29440\/boutique\/wp-json\/wp\/v2\/product_cat?post=131222"},{"taxonomy":"product_tag","embeddable":true,"href":"https:\/\/www.vetorino.com\/veterinaire\/plouzevede-29440\/boutique\/wp-json\/wp\/v2\/product_tag?post=131222"}],"curies":[{"name":"wp","href":"https:\/\/api.w.org\/{rel}","templated":true}]}}