{"id":1359445,"date":"2025-06-05T05:35:04","date_gmt":"2025-06-05T03:35:04","guid":{"rendered":"https:\/\/www.vetorino.com\/boutique\/product\/advance-chien-snack-articular\/"},"modified":"2025-12-02T11:57:14","modified_gmt":"2025-12-02T10:57:14","slug":"advance-chien-snack-articular","status":"publish","type":"product","link":"https:\/\/www.vetorino.com\/veterinaire\/plouzevede-29440\/boutique\/product\/advance-chien-snack-articular\/","title":{"rendered":"Chien Snack Articular Stick"},"content":{"rendered":"<p>Ces savoureux b\u00e2tonnets \u00e0 m\u00e2cher ont \u00e9t\u00e9 con\u00e7us sp\u00e9cialement pour faire office d&#8217;aliment compl\u00e9mentaire et pour <strong>aider les chiens \u00e0 pr\u00e9server une mobilit\u00e9 normale. <\/strong><\/p>\n<p>Gr\u00e2ce \u00e0 sa consistance app\u00e9tissante et \u00e0 son bon go\u00fbt, cette friandise pla\u00eet \u00e0 de nombreux chiens.<\/p>\n<p>Leur formule contient notamment de la\u00a0<strong>glucosamine\u00a0<\/strong>et\u00a0de la\u00a0<strong>chondro\u00eftine<\/strong>, des composants naturels du cartilage.\u00a0Ces friandises\u00a0contiennent\u00a0\u00e9galement de l&#8217;<strong>acide hyaluronique<\/strong>, que l&#8217;on retrouve dans de nombreuses parties du corps, comme\u00a0<strong>le tissu conjonctif ou le liquide synovial<\/strong>. Comme les friandises classiques, l&#8217;aliment compl\u00e9mentaire\u00a0Advance Articular Stick peut tout simplement faire office d&#8217;en-cas entre les repas.<\/p>\n<p><b>Caract\u00e9ristiques des b\u00e2tonnets Advance Articular Stick pour chien :<\/b><\/p>\n<ul>\n<li>Friandise de qualit\u00e9 pour chien<\/li>\n<li>\u00c9labor\u00e9s pour contribuer \u00e0 une mobilit\u00e9 normale<\/li>\n<li><strong>Go\u00fbt savoureux <\/strong>: haute app\u00e9tence chez de nombreux chiens<\/li>\n<li><b>Contiennent de la glucosamine et de la chondro\u00eftine<\/b>\u00a0: composants naturels du cartilage<\/li>\n<li><strong>Avec de l&#8217;acide hyaluronique<\/strong>\u00a0: pr\u00e9sent\u00a0entre autres dans le tissu conjonctif, composant essentiel du tissu articulaire<\/li>\n<li><strong>Source d&#8217;om\u00e9ga-3<\/strong>\u00a0: acides gras essentiels pour soutenir de nombreuses fonctions vitales<\/li>\n<li><strong>B\u00e2tonnets \u00e0 m\u00e2cher :<\/strong>\u00a0go\u00fbt savoureux, texture app\u00e9tissante<\/li>\n<li><strong>Id\u00e9al entre les repas <\/strong>: peuvent \u00eatre utilis\u00e9s en guise de r\u00e9compense ou de friandise<\/li>\n<\/ul>\n","protected":false},"excerpt":{"rendered":"<p>Advance Articular Stick <strong>contribue \u00e0 la mobilit\u00e9 de votre chien<\/strong> avec des r\u00e9sultats visibles en 6 semaines*.<\/p>\n<p>Sa formule \u00e0 l\u2019efficacit\u00e9 scientifiquement prouv\u00e9e est <strong>enrichie en collag\u00e8ne, chondro\u00eftine et glucosamine, acide hyaluronique et om\u00e9ga-3<\/strong>. <em>*Selon les conclusions d&#8217;une \u00e9tude interne.<\/em><\/p>\n","protected":false},"featured_media":1360327,"template":"","meta":[],"product_cat":[12552,2698,12603],"product_tag":[],"class_list":{"0":"post-1359445","1":"product","2":"type-product","3":"status-publish","4":"has-post-thumbnail","6":"product_cat-alimentation-du-chien","7":"product_cat-chien","8":"product_cat-friandises-pour-chien","9":"pa_marque-advance","11":"first","12":"instock","13":"taxable","14":"shipping-taxable","15":"purchasable","16":"product-type-simple"},"yoast_head":"<!-- This site is optimized with the Yoast SEO plugin v27.3 - https:\/\/yoast.com\/product\/yoast-seo-wordpress\/ -->\n<title>Chien Snack Articular Stick Advance - V\u00e9torino<\/title>\n<meta name=\"description\" content=\"Advance Articular Stick contribue \u00e0 la mobilit\u00e9 de votre chien avec des r\u00e9sultats visibles en 6 semaines*.  Sa formule \u00e0 l\u2019efficacit\u00e9 scientifiquement prouv\u00e9e est enrichie en collag\u00e8ne, chondro\u00eftine et glucosamine, acide hyaluronique et om\u00e9ga-3. *Selon les conclusions d&#039;une \u00e9tude interne.\" \/>\n<meta name=\"robots\" content=\"noindex, nofollow\" \/>\n<meta property=\"og:locale\" content=\"fr_FR\" \/>\n<meta property=\"og:type\" content=\"article\" \/>\n<meta property=\"og:title\" content=\"Chien Snack Articular Stick Advance - V\u00e9torino\" \/>\n<meta property=\"og:description\" content=\"Advance Articular Stick contribue \u00e0 la mobilit\u00e9 de votre chien avec des r\u00e9sultats visibles en 6 semaines*.  Sa formule \u00e0 l\u2019efficacit\u00e9 scientifiquement prouv\u00e9e est enrichie en collag\u00e8ne, chondro\u00eftine et glucosamine, acide hyaluronique et om\u00e9ga-3. *Selon les conclusions d&#039;une \u00e9tude interne.\" \/>\n<meta property=\"og:url\" content=\"https:\/\/www.vetorino.com\/veterinaire\/plouzevede-29440\/boutique\/product\/advance-chien-snack-articular\/\" \/>\n<meta property=\"og:site_name\" content=\"V\u00e9torino\" \/>\n<meta property=\"article:publisher\" content=\"https:\/\/www.facebook.com\/Vetorino\/\" \/>\n<meta property=\"article:modified_time\" content=\"2025-12-02T10:57:14+00:00\" \/>\n<meta property=\"og:image\" content=\"https:\/\/www.vetorino.com\/boutique\/wp-content\/uploads\/2025\/06\/72978_pla_affinityadvance_advance_dogsnack_articularcare_hs_01_0.jpg\" \/>\n\t<meta property=\"og:image:width\" content=\"800\" \/>\n\t<meta property=\"og:image:height\" content=\"800\" \/>\n\t<meta property=\"og:image:type\" content=\"image\/jpeg\" \/>\n<meta name=\"twitter:card\" content=\"summary_large_image\" \/>\n<meta name=\"twitter:label1\" content=\"Prix\" \/>\n\t<meta name=\"twitter:data1\" content=\"64,15&euro;\" \/>\n\t<meta name=\"twitter:label2\" content=\"Disponibilit\u00e9\" \/>\n\t<meta name=\"twitter:data2\" content=\"En stock\" \/>\n<script type=\"application\/ld+json\" class=\"yoast-schema-graph\">{\"@context\":\"https:\\\/\\\/schema.org\",\"@graph\":[{\"@type\":\"WebPage\",\"@id\":\"https:\\\/\\\/www.vetorino.com\\\/veterinaire\\\/briancon-05100\\\/boutique\\\/product\\\/advance-chien-snack-articular\\\/\",\"url\":\"https:\\\/\\\/www.vetorino.com\\\/veterinaire\\\/briancon-05100\\\/boutique\\\/product\\\/advance-chien-snack-articular\\\/\",\"name\":\"Chien Snack Articular Stick Advance - V\u00e9torino\",\"isPartOf\":{\"@id\":\"https:\\\/\\\/www.vetorino.com\\\/boutique\\\/#website\"},\"primaryImageOfPage\":{\"@id\":\"https:\\\/\\\/www.vetorino.com\\\/veterinaire\\\/briancon-05100\\\/boutique\\\/product\\\/advance-chien-snack-articular\\\/#primaryimage\"},\"image\":{\"@id\":\"https:\\\/\\\/www.vetorino.com\\\/veterinaire\\\/briancon-05100\\\/boutique\\\/product\\\/advance-chien-snack-articular\\\/#primaryimage\"},\"thumbnailUrl\":\"https:\\\/\\\/www.vetorino.com\\\/boutique\\\/wp-content\\\/uploads\\\/2025\\\/06\\\/72978_pla_affinityadvance_advance_dogsnack_articularcare_hs_01_0.jpg\",\"datePublished\":\"2025-06-05T03:35:04+00:00\",\"dateModified\":\"2025-12-02T10:57:14+00:00\",\"description\":\"Advance Articular Stick contribue \u00e0 la mobilit\u00e9 de votre chien avec des r\u00e9sultats visibles en 6 semaines*. Sa formule \u00e0 l\u2019efficacit\u00e9 scientifiquement prouv\u00e9e est enrichie en collag\u00e8ne, chondro\u00eftine et glucosamine, acide hyaluronique et om\u00e9ga-3. *Selon les conclusions d'une \u00e9tude interne.\",\"breadcrumb\":{\"@id\":\"https:\\\/\\\/www.vetorino.com\\\/veterinaire\\\/briancon-05100\\\/boutique\\\/product\\\/advance-chien-snack-articular\\\/#breadcrumb\"},\"inLanguage\":\"fr-FR\",\"potentialAction\":[{\"@type\":\"ReadAction\",\"target\":[\"https:\\\/\\\/www.vetorino.com\\\/veterinaire\\\/briancon-05100\\\/boutique\\\/product\\\/advance-chien-snack-articular\\\/\"]}]},{\"@type\":\"ImageObject\",\"inLanguage\":\"fr-FR\",\"@id\":\"https:\\\/\\\/www.vetorino.com\\\/veterinaire\\\/briancon-05100\\\/boutique\\\/product\\\/advance-chien-snack-articular\\\/#primaryimage\",\"url\":\"https:\\\/\\\/www.vetorino.com\\\/boutique\\\/wp-content\\\/uploads\\\/2025\\\/06\\\/72978_pla_affinityadvance_advance_dogsnack_articularcare_hs_01_0.jpg\",\"contentUrl\":\"https:\\\/\\\/www.vetorino.com\\\/boutique\\\/wp-content\\\/uploads\\\/2025\\\/06\\\/72978_pla_affinityadvance_advance_dogsnack_articularcare_hs_01_0.jpg\",\"width\":800,\"height\":800},{\"@type\":\"BreadcrumbList\",\"@id\":\"https:\\\/\\\/www.vetorino.com\\\/veterinaire\\\/briancon-05100\\\/boutique\\\/product\\\/advance-chien-snack-articular\\\/#breadcrumb\",\"itemListElement\":[{\"@type\":\"ListItem\",\"position\":1,\"name\":\"Accueil\",\"item\":\"https:\\\/\\\/www.vetorino.com\\\/boutique\\\/\"},{\"@type\":\"ListItem\",\"position\":2,\"name\":\"Produits\",\"item\":\"https:\\\/\\\/www.vetorino.com\\\/boutique\\\/\"},{\"@type\":\"ListItem\",\"position\":3,\"name\":\"Chien Snack Articular Stick\"}]},{\"@type\":\"WebSite\",\"@id\":\"https:\\\/\\\/www.vetorino.com\\\/boutique\\\/#website\",\"url\":\"https:\\\/\\\/www.vetorino.com\\\/boutique\\\/\",\"name\":\"V\u00e9torino\",\"description\":\"\",\"publisher\":{\"@id\":\"https:\\\/\\\/www.vetorino.com\\\/boutique\\\/#organization\"},\"potentialAction\":[{\"@type\":\"SearchAction\",\"target\":{\"@type\":\"EntryPoint\",\"urlTemplate\":\"https:\\\/\\\/www.vetorino.com\\\/boutique\\\/?s={search_term_string}\"},\"query-input\":{\"@type\":\"PropertyValueSpecification\",\"valueRequired\":true,\"valueName\":\"search_term_string\"}}],\"inLanguage\":\"fr-FR\"},{\"@type\":\"Organization\",\"@id\":\"https:\\\/\\\/www.vetorino.com\\\/boutique\\\/#organization\",\"name\":\"V\u00e9torino\",\"url\":\"https:\\\/\\\/www.vetorino.com\\\/boutique\\\/\",\"logo\":{\"@type\":\"ImageObject\",\"inLanguage\":\"fr-FR\",\"@id\":\"https:\\\/\\\/www.vetorino.com\\\/boutique\\\/#\\\/schema\\\/logo\\\/image\\\/\",\"url\":\"https:\\\/\\\/www.vetorino.com\\\/boutique\\\/wp-content\\\/uploads\\\/2024\\\/10\\\/logo.jpg\",\"contentUrl\":\"https:\\\/\\\/www.vetorino.com\\\/boutique\\\/wp-content\\\/uploads\\\/2024\\\/10\\\/logo.jpg\",\"width\":1200,\"height\":610,\"caption\":\"V\u00e9torino\"},\"image\":{\"@id\":\"https:\\\/\\\/www.vetorino.com\\\/boutique\\\/#\\\/schema\\\/logo\\\/image\\\/\"},\"sameAs\":[\"https:\\\/\\\/www.facebook.com\\\/Vetorino\\\/\",\"https:\\\/\\\/www.instagram.com\\\/vetorino_off\\\/\",\"https:\\\/\\\/www.linkedin.com\\\/company\\\/vtorino\\\/\"]}]}<\/script>\n<meta property=\"product:brand\" content=\"Advance\" \/>\n<meta property=\"product:price:amount\" content=\"64.15\" \/>\n<meta property=\"product:price:currency\" content=\"EUR\" \/>\n<meta property=\"og:availability\" content=\"instock\" \/>\n<meta property=\"product:availability\" content=\"instock\" \/>\n<meta property=\"product:retailer_item_id\" content=\"A-1891790\" \/>\n<meta property=\"product:condition\" content=\"new\" \/>\n<!-- \/ Yoast SEO plugin. -->","yoast_head_json":{"title":"Chien Snack Articular Stick Advance - V\u00e9torino","description":"Advance Articular Stick contribue \u00e0 la mobilit\u00e9 de votre chien avec des r\u00e9sultats visibles en 6 semaines*.  Sa formule \u00e0 l\u2019efficacit\u00e9 scientifiquement prouv\u00e9e est enrichie en collag\u00e8ne, chondro\u00eftine et glucosamine, acide hyaluronique et om\u00e9ga-3. *Selon les conclusions d'une \u00e9tude interne.","robots":{"index":"noindex","follow":"nofollow"},"og_locale":"fr_FR","og_type":"article","og_title":"Chien Snack Articular Stick Advance - V\u00e9torino","og_description":"Advance Articular Stick contribue \u00e0 la mobilit\u00e9 de votre chien avec des r\u00e9sultats visibles en 6 semaines*.  Sa formule \u00e0 l\u2019efficacit\u00e9 scientifiquement prouv\u00e9e est enrichie en collag\u00e8ne, chondro\u00eftine et glucosamine, acide hyaluronique et om\u00e9ga-3. *Selon les conclusions d'une \u00e9tude interne.","og_url":"https:\/\/www.vetorino.com\/veterinaire\/plouzevede-29440\/boutique\/product\/advance-chien-snack-articular\/","og_site_name":"V\u00e9torino","article_publisher":"https:\/\/www.facebook.com\/Vetorino\/","article_modified_time":"2025-12-02T10:57:14+00:00","og_image":[{"width":800,"height":800,"url":"https:\/\/www.vetorino.com\/boutique\/wp-content\/uploads\/2025\/06\/72978_pla_affinityadvance_advance_dogsnack_articularcare_hs_01_0.jpg","type":"image\/jpeg"}],"twitter_card":"summary_large_image","twitter_misc":{"Prix":"64,15&euro;","Disponibilit\u00e9":"En stock"},"schema":{"@context":"https:\/\/schema.org","@graph":[{"@type":"WebPage","@id":"https:\/\/www.vetorino.com\/veterinaire\/briancon-05100\/boutique\/product\/advance-chien-snack-articular\/","url":"https:\/\/www.vetorino.com\/veterinaire\/briancon-05100\/boutique\/product\/advance-chien-snack-articular\/","name":"Chien Snack Articular Stick Advance - V\u00e9torino","isPartOf":{"@id":"https:\/\/www.vetorino.com\/boutique\/#website"},"primaryImageOfPage":{"@id":"https:\/\/www.vetorino.com\/veterinaire\/briancon-05100\/boutique\/product\/advance-chien-snack-articular\/#primaryimage"},"image":{"@id":"https:\/\/www.vetorino.com\/veterinaire\/briancon-05100\/boutique\/product\/advance-chien-snack-articular\/#primaryimage"},"thumbnailUrl":"https:\/\/www.vetorino.com\/boutique\/wp-content\/uploads\/2025\/06\/72978_pla_affinityadvance_advance_dogsnack_articularcare_hs_01_0.jpg","datePublished":"2025-06-05T03:35:04+00:00","dateModified":"2025-12-02T10:57:14+00:00","description":"Advance Articular Stick contribue \u00e0 la mobilit\u00e9 de votre chien avec des r\u00e9sultats visibles en 6 semaines*. Sa formule \u00e0 l\u2019efficacit\u00e9 scientifiquement prouv\u00e9e est enrichie en collag\u00e8ne, chondro\u00eftine et glucosamine, acide hyaluronique et om\u00e9ga-3. *Selon les conclusions d'une \u00e9tude interne.","breadcrumb":{"@id":"https:\/\/www.vetorino.com\/veterinaire\/briancon-05100\/boutique\/product\/advance-chien-snack-articular\/#breadcrumb"},"inLanguage":"fr-FR","potentialAction":[{"@type":"ReadAction","target":["https:\/\/www.vetorino.com\/veterinaire\/briancon-05100\/boutique\/product\/advance-chien-snack-articular\/"]}]},{"@type":"ImageObject","inLanguage":"fr-FR","@id":"https:\/\/www.vetorino.com\/veterinaire\/briancon-05100\/boutique\/product\/advance-chien-snack-articular\/#primaryimage","url":"https:\/\/www.vetorino.com\/boutique\/wp-content\/uploads\/2025\/06\/72978_pla_affinityadvance_advance_dogsnack_articularcare_hs_01_0.jpg","contentUrl":"https:\/\/www.vetorino.com\/boutique\/wp-content\/uploads\/2025\/06\/72978_pla_affinityadvance_advance_dogsnack_articularcare_hs_01_0.jpg","width":800,"height":800},{"@type":"BreadcrumbList","@id":"https:\/\/www.vetorino.com\/veterinaire\/briancon-05100\/boutique\/product\/advance-chien-snack-articular\/#breadcrumb","itemListElement":[{"@type":"ListItem","position":1,"name":"Accueil","item":"https:\/\/www.vetorino.com\/boutique\/"},{"@type":"ListItem","position":2,"name":"Produits","item":"https:\/\/www.vetorino.com\/boutique\/"},{"@type":"ListItem","position":3,"name":"Chien Snack Articular Stick"}]},{"@type":"WebSite","@id":"https:\/\/www.vetorino.com\/boutique\/#website","url":"https:\/\/www.vetorino.com\/boutique\/","name":"V\u00e9torino","description":"","publisher":{"@id":"https:\/\/www.vetorino.com\/boutique\/#organization"},"potentialAction":[{"@type":"SearchAction","target":{"@type":"EntryPoint","urlTemplate":"https:\/\/www.vetorino.com\/boutique\/?s={search_term_string}"},"query-input":{"@type":"PropertyValueSpecification","valueRequired":true,"valueName":"search_term_string"}}],"inLanguage":"fr-FR"},{"@type":"Organization","@id":"https:\/\/www.vetorino.com\/boutique\/#organization","name":"V\u00e9torino","url":"https:\/\/www.vetorino.com\/boutique\/","logo":{"@type":"ImageObject","inLanguage":"fr-FR","@id":"https:\/\/www.vetorino.com\/boutique\/#\/schema\/logo\/image\/","url":"https:\/\/www.vetorino.com\/boutique\/wp-content\/uploads\/2024\/10\/logo.jpg","contentUrl":"https:\/\/www.vetorino.com\/boutique\/wp-content\/uploads\/2024\/10\/logo.jpg","width":1200,"height":610,"caption":"V\u00e9torino"},"image":{"@id":"https:\/\/www.vetorino.com\/boutique\/#\/schema\/logo\/image\/"},"sameAs":["https:\/\/www.facebook.com\/Vetorino\/","https:\/\/www.instagram.com\/vetorino_off\/","https:\/\/www.linkedin.com\/company\/vtorino\/"]}]},"product_brand":"Advance","product_price_amount":"64.15","product_price_currency":"EUR","og_availability":"instock","product_availability":"instock","product_retailer_item_id":"A-1891790","product_condition":"new"},"_links":{"self":[{"href":"https:\/\/www.vetorino.com\/veterinaire\/plouzevede-29440\/boutique\/wp-json\/wp\/v2\/product\/1359445","targetHints":{"allow":["GET"]}}],"collection":[{"href":"https:\/\/www.vetorino.com\/veterinaire\/plouzevede-29440\/boutique\/wp-json\/wp\/v2\/product"}],"about":[{"href":"https:\/\/www.vetorino.com\/veterinaire\/plouzevede-29440\/boutique\/wp-json\/wp\/v2\/types\/product"}],"wp:featuredmedia":[{"embeddable":true,"href":"https:\/\/www.vetorino.com\/veterinaire\/plouzevede-29440\/boutique\/wp-json\/wp\/v2\/media\/1360327"}],"wp:attachment":[{"href":"https:\/\/www.vetorino.com\/veterinaire\/plouzevede-29440\/boutique\/wp-json\/wp\/v2\/media?parent=1359445"}],"wp:term":[{"taxonomy":"product_cat","embeddable":true,"href":"https:\/\/www.vetorino.com\/veterinaire\/plouzevede-29440\/boutique\/wp-json\/wp\/v2\/product_cat?post=1359445"},{"taxonomy":"product_tag","embeddable":true,"href":"https:\/\/www.vetorino.com\/veterinaire\/plouzevede-29440\/boutique\/wp-json\/wp\/v2\/product_tag?post=1359445"}],"curies":[{"name":"wp","href":"https:\/\/api.w.org\/{rel}","templated":true}]}}