{"id":1359450,"date":"2025-06-05T05:35:07","date_gmt":"2025-06-05T03:35:07","guid":{"rendered":"https:\/\/www.vetorino.com\/boutique\/product\/advance-chien-snack-dental-care-mini\/"},"modified":"2025-12-02T11:54:26","modified_gmt":"2025-12-02T10:54:26","slug":"advance-chien-snack-dental-care-mini","status":"publish","type":"product","link":"https:\/\/www.vetorino.com\/veterinaire\/plouzevede-29440\/boutique\/product\/advance-chien-snack-dental-care-mini\/","title":{"rendered":"Chien Snack Dental Care Mini"},"content":{"rendered":"<p>Prendre soin de ses dents n&#8217;aura jamais \u00e9t\u00e9 aussi plaisant ! Les b\u00e2tonnets Advance Dental Mini Sticks constituent une\u00a0<strong>d\u00e9licieuse friandise \u00e0 m\u00e2cher<\/strong>\u00a0pour chien.<\/p>\n<p>Offrez-les \u00e0 votre chien entre les repas ou pour le r\u00e9compenser apr\u00e8s un exercice r\u00e9ussi pour lui faire plaisir tout en prenant soin de ses dents.<\/p>\n<p>La forme et la taille des b\u00e2tonnets Advance Dental Mini Sticks conviennent parfaitement <strong>pour les chiens de petites races.<\/strong><\/p>\n<p>Leurs rainures et leur recette sp\u00e9cifique aident \u00e0<strong> nettoyer les dents<\/strong> et contribuent \u00e0 la <strong>sant\u00e9 bucco-dentaire<\/strong> de votre petit compagnon.<\/p>\n<p>Ces friandises peuvent aider \u00e0<strong> r\u00e9duire la formation de tartre <\/strong>et \u00e0<strong> rafra\u00eechir l&#8217;haleine.<\/strong><\/p>\n<p><b>Caract\u00e9ristiques des b\u00e2tonnets Advance\u00a0Dental Mini Sticks pour chien :<\/b><\/p>\n<ul>\n<li>B\u00e2tonnets dentaires pour les chiens de petites races (3-10 kg).<\/li>\n<li><strong>Friandises \u00e0 m\u00e2cher<\/strong> : forme rainur\u00e9e et consistance \u00e9paisse pour faire durer le temps de mastication.<\/li>\n<li><strong>Contribuent \u00e0 l&#8217;hygi\u00e8ne bucco-dentaire <\/strong>: l&#8217;abrasion m\u00e9canique peut contribuer \u00e0 r\u00e9duire la formation de plaque, \u00e0 nettoyer les dents et \u00e0 rafra\u00eechir l&#8217;haleine.<\/li>\n<li><strong>Pour les petits chiens<\/strong> : recette et forme adapt\u00e9e aux petits chiens.<\/li>\n<li><strong>Haute app\u00e9tence<\/strong> : d\u00e9licieuse recette.<\/li>\n<\/ul>\n","protected":false},"excerpt":{"rendered":"<p>Advance Dental Care Stick aide \u00e0 <strong>am\u00e9liorer la sant\u00e9 dentaire de votre chien<\/strong> avec des r\u00e9sultats visibles en 1 mois*<\/p>\n<p>Gr\u00e2ce \u00e0 sa formule \u00e0 l&#8217;efficacit\u00e9 scientifiquement prouv\u00e9e, votre chien aura une <strong>diminution du tartre<\/strong> et <strong>de la plaque dentaire<\/strong>, ainsi qu&#8217;une <strong>haleine plus fra\u00eeche<\/strong>.<\/p>\n<p>Il se pr\u00e9sente sous la forme d&#8217;un b\u00e2tonnet sp\u00e9cialement con\u00e7u pour permettre l&#8217;\u00e9limination des r\u00e9sidus alimentaires sur les dents.<\/p>\n<p><em>*Selon les conclusions d&#8217;une \u00e9tude scientifique.<\/em><\/p>\n","protected":false},"featured_media":1360357,"template":"","meta":[],"product_cat":[12552,12584,2698,12603,12610],"product_tag":[],"class_list":{"0":"post-1359450","1":"product","2":"type-product","3":"status-publish","4":"has-post-thumbnail","6":"product_cat-alimentation-du-chien","7":"product_cat-alimentation-premium-pour-chien","8":"product_cat-chien","9":"product_cat-friandises-pour-chien","10":"product_cat-hygiene-bucco-dentaire-du-chien","11":"pa_marque-advance","13":"first","14":"instock","15":"taxable","16":"shipping-taxable","17":"purchasable","18":"product-type-variable"},"yoast_head":"<!-- This site is optimized with the Yoast SEO plugin v27.3 - https:\/\/yoast.com\/product\/yoast-seo-wordpress\/ -->\n<title>Chien Snack Dental Care Mini Advance - V\u00e9torino<\/title>\n<meta name=\"description\" content=\"Advance Dental Care Stick aide \u00e0 am\u00e9liorer la sant\u00e9 dentaire de votre chien avec des r\u00e9sultats visibles en 1 mois*  Gr\u00e2ce \u00e0 sa formule \u00e0 l&#039;efficacit\u00e9 scientifiquement prouv\u00e9e, votre chien aura une diminution du tartre et de la plaque dentaire, ainsi qu&#039;une haleine plus fra\u00eeche.  Il se pr\u00e9sente sous la forme d&#039;un b\u00e2tonnet sp\u00e9cialement con\u00e7u pour permettre l&#039;\u00e9limination des r\u00e9sidus alimentaires sur les dents.  *Selon les conclusions d&#039;une \u00e9tude scientifique.\" \/>\n<meta name=\"robots\" content=\"noindex, nofollow\" \/>\n<meta property=\"og:locale\" content=\"fr_FR\" \/>\n<meta property=\"og:type\" content=\"article\" \/>\n<meta property=\"og:title\" content=\"Chien Snack Dental Care Mini Advance - V\u00e9torino\" \/>\n<meta property=\"og:description\" content=\"Advance Dental Care Stick aide \u00e0 am\u00e9liorer la sant\u00e9 dentaire de votre chien avec des r\u00e9sultats visibles en 1 mois*  Gr\u00e2ce \u00e0 sa formule \u00e0 l&#039;efficacit\u00e9 scientifiquement prouv\u00e9e, votre chien aura une diminution du tartre et de la plaque dentaire, ainsi qu&#039;une haleine plus fra\u00eeche.  Il se pr\u00e9sente sous la forme d&#039;un b\u00e2tonnet sp\u00e9cialement con\u00e7u pour permettre l&#039;\u00e9limination des r\u00e9sidus alimentaires sur les dents.  *Selon les conclusions d&#039;une \u00e9tude scientifique.\" \/>\n<meta property=\"og:url\" content=\"https:\/\/www.vetorino.com\/veterinaire\/plouzevede-29440\/boutique\/product\/advance-chien-snack-dental-care-mini\/\" \/>\n<meta property=\"og:site_name\" content=\"V\u00e9torino\" \/>\n<meta property=\"article:publisher\" content=\"https:\/\/www.facebook.com\/Vetorino\/\" \/>\n<meta property=\"article:modified_time\" content=\"2025-12-02T10:54:26+00:00\" \/>\n<meta property=\"og:image\" content=\"https:\/\/www.vetorino.com\/boutique\/wp-content\/uploads\/2025\/06\/72979_pla_advance_dog_dentalmini_sticks_360gr_hs_01_4.jpg\" \/>\n\t<meta property=\"og:image:width\" content=\"800\" \/>\n\t<meta property=\"og:image:height\" content=\"800\" \/>\n\t<meta property=\"og:image:type\" content=\"image\/jpeg\" \/>\n<meta name=\"twitter:card\" content=\"summary_large_image\" \/>\n<meta name=\"twitter:label1\" content=\"Disponibilit\u00e9\" \/>\n\t<meta name=\"twitter:data1\" content=\"En stock\" \/>\n<script type=\"application\/ld+json\" class=\"yoast-schema-graph\">{\"@context\":\"https:\\\/\\\/schema.org\",\"@graph\":[{\"@type\":\"WebPage\",\"@id\":\"https:\\\/\\\/www.vetorino.com\\\/veterinaire\\\/briancon-05100\\\/boutique\\\/product\\\/advance-chien-snack-dental-care-mini\\\/\",\"url\":\"https:\\\/\\\/www.vetorino.com\\\/veterinaire\\\/briancon-05100\\\/boutique\\\/product\\\/advance-chien-snack-dental-care-mini\\\/\",\"name\":\"Chien Snack Dental Care Mini Advance - V\u00e9torino\",\"isPartOf\":{\"@id\":\"https:\\\/\\\/www.vetorino.com\\\/boutique\\\/#website\"},\"primaryImageOfPage\":{\"@id\":\"https:\\\/\\\/www.vetorino.com\\\/veterinaire\\\/briancon-05100\\\/boutique\\\/product\\\/advance-chien-snack-dental-care-mini\\\/#primaryimage\"},\"image\":{\"@id\":\"https:\\\/\\\/www.vetorino.com\\\/veterinaire\\\/briancon-05100\\\/boutique\\\/product\\\/advance-chien-snack-dental-care-mini\\\/#primaryimage\"},\"thumbnailUrl\":\"https:\\\/\\\/www.vetorino.com\\\/boutique\\\/wp-content\\\/uploads\\\/2025\\\/06\\\/72979_pla_advance_dog_dentalmini_sticks_360gr_hs_01_4.jpg\",\"datePublished\":\"2025-06-05T03:35:07+00:00\",\"dateModified\":\"2025-12-02T10:54:26+00:00\",\"description\":\"Advance Dental Care Stick aide \u00e0 am\u00e9liorer la sant\u00e9 dentaire de votre chien avec des r\u00e9sultats visibles en 1 mois* Gr\u00e2ce \u00e0 sa formule \u00e0 l'efficacit\u00e9 scientifiquement prouv\u00e9e, votre chien aura une diminution du tartre et de la plaque dentaire, ainsi qu'une haleine plus fra\u00eeche. Il se pr\u00e9sente sous la forme d'un b\u00e2tonnet sp\u00e9cialement con\u00e7u pour permettre l'\u00e9limination des r\u00e9sidus alimentaires sur les dents. *Selon les conclusions d'une \u00e9tude scientifique.\",\"breadcrumb\":{\"@id\":\"https:\\\/\\\/www.vetorino.com\\\/veterinaire\\\/briancon-05100\\\/boutique\\\/product\\\/advance-chien-snack-dental-care-mini\\\/#breadcrumb\"},\"inLanguage\":\"fr-FR\",\"potentialAction\":[{\"@type\":\"ReadAction\",\"target\":[\"https:\\\/\\\/www.vetorino.com\\\/veterinaire\\\/briancon-05100\\\/boutique\\\/product\\\/advance-chien-snack-dental-care-mini\\\/\"]}]},{\"@type\":\"ImageObject\",\"inLanguage\":\"fr-FR\",\"@id\":\"https:\\\/\\\/www.vetorino.com\\\/veterinaire\\\/briancon-05100\\\/boutique\\\/product\\\/advance-chien-snack-dental-care-mini\\\/#primaryimage\",\"url\":\"https:\\\/\\\/www.vetorino.com\\\/boutique\\\/wp-content\\\/uploads\\\/2025\\\/06\\\/72979_pla_advance_dog_dentalmini_sticks_360gr_hs_01_4.jpg\",\"contentUrl\":\"https:\\\/\\\/www.vetorino.com\\\/boutique\\\/wp-content\\\/uploads\\\/2025\\\/06\\\/72979_pla_advance_dog_dentalmini_sticks_360gr_hs_01_4.jpg\",\"width\":800,\"height\":800},{\"@type\":\"BreadcrumbList\",\"@id\":\"https:\\\/\\\/www.vetorino.com\\\/veterinaire\\\/briancon-05100\\\/boutique\\\/product\\\/advance-chien-snack-dental-care-mini\\\/#breadcrumb\",\"itemListElement\":[{\"@type\":\"ListItem\",\"position\":1,\"name\":\"Accueil\",\"item\":\"https:\\\/\\\/www.vetorino.com\\\/boutique\\\/\"},{\"@type\":\"ListItem\",\"position\":2,\"name\":\"Produits\",\"item\":\"https:\\\/\\\/www.vetorino.com\\\/boutique\\\/\"},{\"@type\":\"ListItem\",\"position\":3,\"name\":\"Chien Snack Dental Care Mini\"}]},{\"@type\":\"WebSite\",\"@id\":\"https:\\\/\\\/www.vetorino.com\\\/boutique\\\/#website\",\"url\":\"https:\\\/\\\/www.vetorino.com\\\/boutique\\\/\",\"name\":\"V\u00e9torino\",\"description\":\"\",\"publisher\":{\"@id\":\"https:\\\/\\\/www.vetorino.com\\\/boutique\\\/#organization\"},\"potentialAction\":[{\"@type\":\"SearchAction\",\"target\":{\"@type\":\"EntryPoint\",\"urlTemplate\":\"https:\\\/\\\/www.vetorino.com\\\/boutique\\\/?s={search_term_string}\"},\"query-input\":{\"@type\":\"PropertyValueSpecification\",\"valueRequired\":true,\"valueName\":\"search_term_string\"}}],\"inLanguage\":\"fr-FR\"},{\"@type\":\"Organization\",\"@id\":\"https:\\\/\\\/www.vetorino.com\\\/boutique\\\/#organization\",\"name\":\"V\u00e9torino\",\"url\":\"https:\\\/\\\/www.vetorino.com\\\/boutique\\\/\",\"logo\":{\"@type\":\"ImageObject\",\"inLanguage\":\"fr-FR\",\"@id\":\"https:\\\/\\\/www.vetorino.com\\\/boutique\\\/#\\\/schema\\\/logo\\\/image\\\/\",\"url\":\"https:\\\/\\\/www.vetorino.com\\\/boutique\\\/wp-content\\\/uploads\\\/2024\\\/10\\\/logo.jpg\",\"contentUrl\":\"https:\\\/\\\/www.vetorino.com\\\/boutique\\\/wp-content\\\/uploads\\\/2024\\\/10\\\/logo.jpg\",\"width\":1200,\"height\":610,\"caption\":\"V\u00e9torino\"},\"image\":{\"@id\":\"https:\\\/\\\/www.vetorino.com\\\/boutique\\\/#\\\/schema\\\/logo\\\/image\\\/\"},\"sameAs\":[\"https:\\\/\\\/www.facebook.com\\\/Vetorino\\\/\",\"https:\\\/\\\/www.instagram.com\\\/vetorino_off\\\/\",\"https:\\\/\\\/www.linkedin.com\\\/company\\\/vtorino\\\/\"]}]}<\/script>\n<meta property=\"product:brand\" content=\"Advance\" \/>\n<meta property=\"og:availability\" content=\"instock\" \/>\n<meta property=\"product:availability\" content=\"instock\" \/>\n<meta property=\"product:condition\" content=\"new\" \/>\n<!-- \/ Yoast SEO plugin. -->","yoast_head_json":{"title":"Chien Snack Dental Care Mini Advance - V\u00e9torino","description":"Advance Dental Care Stick aide \u00e0 am\u00e9liorer la sant\u00e9 dentaire de votre chien avec des r\u00e9sultats visibles en 1 mois*  Gr\u00e2ce \u00e0 sa formule \u00e0 l'efficacit\u00e9 scientifiquement prouv\u00e9e, votre chien aura une diminution du tartre et de la plaque dentaire, ainsi qu'une haleine plus fra\u00eeche.  Il se pr\u00e9sente sous la forme d'un b\u00e2tonnet sp\u00e9cialement con\u00e7u pour permettre l'\u00e9limination des r\u00e9sidus alimentaires sur les dents.  *Selon les conclusions d'une \u00e9tude scientifique.","robots":{"index":"noindex","follow":"nofollow"},"og_locale":"fr_FR","og_type":"article","og_title":"Chien Snack Dental Care Mini Advance - V\u00e9torino","og_description":"Advance Dental Care Stick aide \u00e0 am\u00e9liorer la sant\u00e9 dentaire de votre chien avec des r\u00e9sultats visibles en 1 mois*  Gr\u00e2ce \u00e0 sa formule \u00e0 l'efficacit\u00e9 scientifiquement prouv\u00e9e, votre chien aura une diminution du tartre et de la plaque dentaire, ainsi qu'une haleine plus fra\u00eeche.  Il se pr\u00e9sente sous la forme d'un b\u00e2tonnet sp\u00e9cialement con\u00e7u pour permettre l'\u00e9limination des r\u00e9sidus alimentaires sur les dents.  *Selon les conclusions d'une \u00e9tude scientifique.","og_url":"https:\/\/www.vetorino.com\/veterinaire\/plouzevede-29440\/boutique\/product\/advance-chien-snack-dental-care-mini\/","og_site_name":"V\u00e9torino","article_publisher":"https:\/\/www.facebook.com\/Vetorino\/","article_modified_time":"2025-12-02T10:54:26+00:00","og_image":[{"width":800,"height":800,"url":"https:\/\/www.vetorino.com\/boutique\/wp-content\/uploads\/2025\/06\/72979_pla_advance_dog_dentalmini_sticks_360gr_hs_01_4.jpg","type":"image\/jpeg"}],"twitter_card":"summary_large_image","twitter_misc":{"Disponibilit\u00e9":"En stock"},"schema":{"@context":"https:\/\/schema.org","@graph":[{"@type":"WebPage","@id":"https:\/\/www.vetorino.com\/veterinaire\/briancon-05100\/boutique\/product\/advance-chien-snack-dental-care-mini\/","url":"https:\/\/www.vetorino.com\/veterinaire\/briancon-05100\/boutique\/product\/advance-chien-snack-dental-care-mini\/","name":"Chien Snack Dental Care Mini Advance - V\u00e9torino","isPartOf":{"@id":"https:\/\/www.vetorino.com\/boutique\/#website"},"primaryImageOfPage":{"@id":"https:\/\/www.vetorino.com\/veterinaire\/briancon-05100\/boutique\/product\/advance-chien-snack-dental-care-mini\/#primaryimage"},"image":{"@id":"https:\/\/www.vetorino.com\/veterinaire\/briancon-05100\/boutique\/product\/advance-chien-snack-dental-care-mini\/#primaryimage"},"thumbnailUrl":"https:\/\/www.vetorino.com\/boutique\/wp-content\/uploads\/2025\/06\/72979_pla_advance_dog_dentalmini_sticks_360gr_hs_01_4.jpg","datePublished":"2025-06-05T03:35:07+00:00","dateModified":"2025-12-02T10:54:26+00:00","description":"Advance Dental Care Stick aide \u00e0 am\u00e9liorer la sant\u00e9 dentaire de votre chien avec des r\u00e9sultats visibles en 1 mois* Gr\u00e2ce \u00e0 sa formule \u00e0 l'efficacit\u00e9 scientifiquement prouv\u00e9e, votre chien aura une diminution du tartre et de la plaque dentaire, ainsi qu'une haleine plus fra\u00eeche. Il se pr\u00e9sente sous la forme d'un b\u00e2tonnet sp\u00e9cialement con\u00e7u pour permettre l'\u00e9limination des r\u00e9sidus alimentaires sur les dents. *Selon les conclusions d'une \u00e9tude scientifique.","breadcrumb":{"@id":"https:\/\/www.vetorino.com\/veterinaire\/briancon-05100\/boutique\/product\/advance-chien-snack-dental-care-mini\/#breadcrumb"},"inLanguage":"fr-FR","potentialAction":[{"@type":"ReadAction","target":["https:\/\/www.vetorino.com\/veterinaire\/briancon-05100\/boutique\/product\/advance-chien-snack-dental-care-mini\/"]}]},{"@type":"ImageObject","inLanguage":"fr-FR","@id":"https:\/\/www.vetorino.com\/veterinaire\/briancon-05100\/boutique\/product\/advance-chien-snack-dental-care-mini\/#primaryimage","url":"https:\/\/www.vetorino.com\/boutique\/wp-content\/uploads\/2025\/06\/72979_pla_advance_dog_dentalmini_sticks_360gr_hs_01_4.jpg","contentUrl":"https:\/\/www.vetorino.com\/boutique\/wp-content\/uploads\/2025\/06\/72979_pla_advance_dog_dentalmini_sticks_360gr_hs_01_4.jpg","width":800,"height":800},{"@type":"BreadcrumbList","@id":"https:\/\/www.vetorino.com\/veterinaire\/briancon-05100\/boutique\/product\/advance-chien-snack-dental-care-mini\/#breadcrumb","itemListElement":[{"@type":"ListItem","position":1,"name":"Accueil","item":"https:\/\/www.vetorino.com\/boutique\/"},{"@type":"ListItem","position":2,"name":"Produits","item":"https:\/\/www.vetorino.com\/boutique\/"},{"@type":"ListItem","position":3,"name":"Chien Snack Dental Care Mini"}]},{"@type":"WebSite","@id":"https:\/\/www.vetorino.com\/boutique\/#website","url":"https:\/\/www.vetorino.com\/boutique\/","name":"V\u00e9torino","description":"","publisher":{"@id":"https:\/\/www.vetorino.com\/boutique\/#organization"},"potentialAction":[{"@type":"SearchAction","target":{"@type":"EntryPoint","urlTemplate":"https:\/\/www.vetorino.com\/boutique\/?s={search_term_string}"},"query-input":{"@type":"PropertyValueSpecification","valueRequired":true,"valueName":"search_term_string"}}],"inLanguage":"fr-FR"},{"@type":"Organization","@id":"https:\/\/www.vetorino.com\/boutique\/#organization","name":"V\u00e9torino","url":"https:\/\/www.vetorino.com\/boutique\/","logo":{"@type":"ImageObject","inLanguage":"fr-FR","@id":"https:\/\/www.vetorino.com\/boutique\/#\/schema\/logo\/image\/","url":"https:\/\/www.vetorino.com\/boutique\/wp-content\/uploads\/2024\/10\/logo.jpg","contentUrl":"https:\/\/www.vetorino.com\/boutique\/wp-content\/uploads\/2024\/10\/logo.jpg","width":1200,"height":610,"caption":"V\u00e9torino"},"image":{"@id":"https:\/\/www.vetorino.com\/boutique\/#\/schema\/logo\/image\/"},"sameAs":["https:\/\/www.facebook.com\/Vetorino\/","https:\/\/www.instagram.com\/vetorino_off\/","https:\/\/www.linkedin.com\/company\/vtorino\/"]}]},"product_brand":"Advance","og_availability":"instock","product_availability":"instock","product_condition":"new"},"_links":{"self":[{"href":"https:\/\/www.vetorino.com\/veterinaire\/plouzevede-29440\/boutique\/wp-json\/wp\/v2\/product\/1359450","targetHints":{"allow":["GET"]}}],"collection":[{"href":"https:\/\/www.vetorino.com\/veterinaire\/plouzevede-29440\/boutique\/wp-json\/wp\/v2\/product"}],"about":[{"href":"https:\/\/www.vetorino.com\/veterinaire\/plouzevede-29440\/boutique\/wp-json\/wp\/v2\/types\/product"}],"wp:featuredmedia":[{"embeddable":true,"href":"https:\/\/www.vetorino.com\/veterinaire\/plouzevede-29440\/boutique\/wp-json\/wp\/v2\/media\/1360357"}],"wp:attachment":[{"href":"https:\/\/www.vetorino.com\/veterinaire\/plouzevede-29440\/boutique\/wp-json\/wp\/v2\/media?parent=1359450"}],"wp:term":[{"taxonomy":"product_cat","embeddable":true,"href":"https:\/\/www.vetorino.com\/veterinaire\/plouzevede-29440\/boutique\/wp-json\/wp\/v2\/product_cat?post=1359450"},{"taxonomy":"product_tag","embeddable":true,"href":"https:\/\/www.vetorino.com\/veterinaire\/plouzevede-29440\/boutique\/wp-json\/wp\/v2\/product_tag?post=1359450"}],"curies":[{"name":"wp","href":"https:\/\/api.w.org\/{rel}","templated":true}]}}