{"id":1359987,"date":"2025-06-05T11:50:19","date_gmt":"2025-06-05T09:50:19","guid":{"rendered":"https:\/\/www.vetorino.com\/boutique\/product\/cats-best-smart-pellets\/"},"modified":"2025-06-05T14:39:39","modified_gmt":"2025-06-05T12:39:39","slug":"cats-best-smart-pellets","status":"publish","type":"product","link":"https:\/\/www.vetorino.com\/veterinaire\/plouzevede-29440\/boutique\/product\/cats-best-smart-pellets\/","title":{"rendered":"Cat&#8217;s Best &#8211; Smart Pellets"},"content":{"rendered":"<p>La liti\u00e8re Cat&#8217;s Best Smart Pellets est une<strong> liti\u00e8re agglom\u00e9rante<\/strong> et se compose \u00e0 100 % de fibres naturelles de plantes, pour cette raison, la liti\u00e8re souill\u00e9e <strong>peut \u00eatre jet\u00e9e dans les ordures m\u00e9nag\u00e8res ou dans les toilettes de la maison<\/strong>* <em>(*soumis \u00e0 la r\u00e9glementation locale).<\/em><\/p>\n<p>Gr\u00e2ce \u00e0 la technique de fibres de bois active unique en son genre, les granul\u00e9s <strong>emprisonnent l\u2019humidit\u00e9 et les odeurs de mani\u00e8re durable<\/strong>.<\/p>\n<p>Les agglom\u00e9rats mous se retirent facilement et le reste de la liti\u00e8re peut rester plus longtemps dans le bac \u00e0 liti\u00e8re. Ainsi, cette liti\u00e8re pour chat a un rendement plus \u00e9lev\u00e9, <strong>le remplissage de base peut ainsi durer jusqu&#8217;\u00e0 trois semaines.<\/strong><\/p>\n<p><b>Caract\u00e9ristiques de Cat&#8217;s Best Smart Pellets :<\/b><\/p>\n<ul>\n<li><strong>Ne colle pas<\/strong> aux poils &#8211; id\u00e9ale pour les chats \u00e0 poils longs<\/li>\n<li>\u00c9conomique et efficace<\/li>\n<li>Fort pouvoir d&#8217;absorption<\/li>\n<li>100 % fibres v\u00e9g\u00e9tales<\/li>\n<li>Compostable et 100 % biod\u00e9gradable<\/li>\n<li><strong>Pratique<\/strong>\u00a0: la liti\u00e8re souill\u00e9e peut \u00eatre jet\u00e9e dans les ordures m\u00e9nag\u00e8res ou dans les toilettes de la maison* (*soumis \u00e0 la r\u00e9glementation locale).<\/li>\n<li>Agglom\u00e9rante<\/li>\n<li>Peu de granul\u00e9s sur le sol lorsque le chat sort des toilettes<\/li>\n<li>Contribue efficacement \u00e0 la baisse des d\u00e9chets m\u00e9nagers<\/li>\n<li><strong>Parfum naturel<\/strong> frais &#8211; sans ajout d&#8217;additifs chimiques ni d&#8217;ar\u00f4mes<\/li>\n<li>Facile \u00e0 transporter<\/li>\n<\/ul>\n<p><b>Conseil<\/b>\u00a0: veuillez jeter les d\u00e9chets s\u00e9par\u00e9ment dans les toilettes, attendre un peu et bien rincer.<\/p>\n","protected":false},"excerpt":{"rendered":"<p>La liti\u00e8re Cat&#8217;s Best Smart Pellets est une<strong> liti\u00e8re agglom\u00e9rante<\/strong> et se compose \u00e0 100 % de fibres naturelles de plantes, pour cette raison, la liti\u00e8re souill\u00e9e <strong>peut \u00eatre jet\u00e9e dans les ordures m\u00e9nag\u00e8res ou dans les toilettes de la maison<\/strong>* <em>(*soumis \u00e0 la r\u00e9glementation locale).<\/em><\/p>\n<p>Gr\u00e2ce \u00e0 la technique de fibres de bois active unique en son genre, les granul\u00e9s <strong>emprisonnent l\u2019humidit\u00e9 et les odeurs de mani\u00e8re durable<\/strong>.<\/p>\n<p>Les agglom\u00e9rats mous se retirent facilement et le reste de la liti\u00e8re peut rester plus longtemps dans le bac \u00e0 liti\u00e8re. Ainsi, cette liti\u00e8re pour chat a un rendement plus \u00e9lev\u00e9, <strong>le remplissage de base peut ainsi durer jusqu&#8217;\u00e0 trois semaines.<\/strong><\/p>\n","protected":false},"featured_media":1360026,"template":"","meta":[],"product_cat":[2697,12628],"product_tag":[],"class_list":{"0":"post-1359987","1":"product","2":"type-product","3":"status-publish","4":"has-post-thumbnail","6":"product_cat-chat","7":"product_cat-litieres-du-chat","8":"pa_marque-materiel","10":"first","11":"instock","12":"taxable","13":"shipping-taxable","14":"purchasable","15":"product-type-simple"},"yoast_head":"<!-- This site is optimized with the Yoast SEO plugin v27.3 - https:\/\/yoast.com\/product\/yoast-seo-wordpress\/ -->\n<title>Cat&#039;s Best - Smart Pellets Mat\u00e9riel - V\u00e9torino<\/title>\n<meta name=\"description\" content=\"La liti\u00e8re Cat&#039;s Best Smart Pellets est une liti\u00e8re agglom\u00e9rante et se compose \u00e0 100 % de fibres naturelles de plantes, pour cette raison, la liti\u00e8re souill\u00e9e peut \u00eatre jet\u00e9e dans les ordures m\u00e9nag\u00e8res ou dans les toilettes de la maison* (*soumis \u00e0 la r\u00e9glementation locale).  Gr\u00e2ce \u00e0 la technique de fibres de bois active unique en son genre, les granul\u00e9s emprisonnent l\u2019humidit\u00e9 et les odeurs de mani\u00e8re durable.  Les agglom\u00e9rats mous se retirent facilement et le reste de la liti\u00e8re peut rester plus longtemps dans le bac \u00e0 liti\u00e8re. Ainsi, cette liti\u00e8re pour chat a un rendement plus \u00e9lev\u00e9, le remplissage de base peut ainsi durer jusqu&#039;\u00e0 trois semaines.\" \/>\n<meta name=\"robots\" content=\"noindex, nofollow\" \/>\n<meta property=\"og:locale\" content=\"fr_FR\" \/>\n<meta property=\"og:type\" content=\"article\" \/>\n<meta property=\"og:title\" content=\"Cat&#039;s Best - Smart Pellets Mat\u00e9riel - V\u00e9torino\" \/>\n<meta property=\"og:description\" content=\"La liti\u00e8re Cat&#039;s Best Smart Pellets est une liti\u00e8re agglom\u00e9rante et se compose \u00e0 100 % de fibres naturelles de plantes, pour cette raison, la liti\u00e8re souill\u00e9e peut \u00eatre jet\u00e9e dans les ordures m\u00e9nag\u00e8res ou dans les toilettes de la maison* (*soumis \u00e0 la r\u00e9glementation locale).  Gr\u00e2ce \u00e0 la technique de fibres de bois active unique en son genre, les granul\u00e9s emprisonnent l\u2019humidit\u00e9 et les odeurs de mani\u00e8re durable.  Les agglom\u00e9rats mous se retirent facilement et le reste de la liti\u00e8re peut rester plus longtemps dans le bac \u00e0 liti\u00e8re. Ainsi, cette liti\u00e8re pour chat a un rendement plus \u00e9lev\u00e9, le remplissage de base peut ainsi durer jusqu&#039;\u00e0 trois semaines.\" \/>\n<meta property=\"og:url\" content=\"https:\/\/www.vetorino.com\/veterinaire\/plouzevede-29440\/boutique\/product\/cats-best-smart-pellets\/\" \/>\n<meta property=\"og:site_name\" content=\"V\u00e9torino\" \/>\n<meta property=\"article:publisher\" content=\"https:\/\/www.facebook.com\/Vetorino\/\" \/>\n<meta property=\"article:modified_time\" content=\"2025-06-05T12:39:39+00:00\" \/>\n<meta property=\"og:image\" content=\"https:\/\/www.vetorino.com\/boutique\/wp-content\/uploads\/2025\/06\/373496_pla_cats_bestsmart_pellets_katzenstreu_hs_01_4.jpg\" \/>\n\t<meta property=\"og:image:width\" content=\"800\" \/>\n\t<meta property=\"og:image:height\" content=\"800\" \/>\n\t<meta property=\"og:image:type\" content=\"image\/jpeg\" \/>\n<meta name=\"twitter:card\" content=\"summary_large_image\" \/>\n<meta name=\"twitter:label1\" content=\"Prix\" \/>\n\t<meta name=\"twitter:data1\" content=\"11,28&euro;\" \/>\n\t<meta name=\"twitter:label2\" content=\"Disponibilit\u00e9\" \/>\n\t<meta name=\"twitter:data2\" content=\"En stock\" \/>\n<script type=\"application\/ld+json\" class=\"yoast-schema-graph\">{\"@context\":\"https:\\\/\\\/schema.org\",\"@graph\":[{\"@type\":\"WebPage\",\"@id\":\"https:\\\/\\\/www.vetorino.com\\\/boutique\\\/product\\\/cats-best-smart-pellets\\\/\",\"url\":\"https:\\\/\\\/www.vetorino.com\\\/boutique\\\/product\\\/cats-best-smart-pellets\\\/\",\"name\":\"Cat's Best - Smart Pellets Mat\u00e9riel - V\u00e9torino\",\"isPartOf\":{\"@id\":\"https:\\\/\\\/www.vetorino.com\\\/boutique\\\/#website\"},\"primaryImageOfPage\":{\"@id\":\"https:\\\/\\\/www.vetorino.com\\\/boutique\\\/product\\\/cats-best-smart-pellets\\\/#primaryimage\"},\"image\":{\"@id\":\"https:\\\/\\\/www.vetorino.com\\\/boutique\\\/product\\\/cats-best-smart-pellets\\\/#primaryimage\"},\"thumbnailUrl\":\"https:\\\/\\\/www.vetorino.com\\\/boutique\\\/wp-content\\\/uploads\\\/2025\\\/06\\\/373496_pla_cats_bestsmart_pellets_katzenstreu_hs_01_4.jpg\",\"datePublished\":\"2025-06-05T09:50:19+00:00\",\"dateModified\":\"2025-06-05T12:39:39+00:00\",\"description\":\"La liti\u00e8re Cat's Best Smart Pellets est une liti\u00e8re agglom\u00e9rante et se compose \u00e0 100 % de fibres naturelles de plantes, pour cette raison, la liti\u00e8re souill\u00e9e peut \u00eatre jet\u00e9e dans les ordures m\u00e9nag\u00e8res ou dans les toilettes de la maison* (*soumis \u00e0 la r\u00e9glementation locale). Gr\u00e2ce \u00e0 la technique de fibres de bois active unique en son genre, les granul\u00e9s emprisonnent l\u2019humidit\u00e9 et les odeurs de mani\u00e8re durable. Les agglom\u00e9rats mous se retirent facilement et le reste de la liti\u00e8re peut rester plus longtemps dans le bac \u00e0 liti\u00e8re. Ainsi, cette liti\u00e8re pour chat a un rendement plus \u00e9lev\u00e9, le remplissage de base peut ainsi durer jusqu'\u00e0 trois semaines.\",\"breadcrumb\":{\"@id\":\"https:\\\/\\\/www.vetorino.com\\\/boutique\\\/product\\\/cats-best-smart-pellets\\\/#breadcrumb\"},\"inLanguage\":\"fr-FR\",\"potentialAction\":[{\"@type\":\"ReadAction\",\"target\":[\"https:\\\/\\\/www.vetorino.com\\\/boutique\\\/product\\\/cats-best-smart-pellets\\\/\"]}]},{\"@type\":\"ImageObject\",\"inLanguage\":\"fr-FR\",\"@id\":\"https:\\\/\\\/www.vetorino.com\\\/boutique\\\/product\\\/cats-best-smart-pellets\\\/#primaryimage\",\"url\":\"https:\\\/\\\/www.vetorino.com\\\/boutique\\\/wp-content\\\/uploads\\\/2025\\\/06\\\/373496_pla_cats_bestsmart_pellets_katzenstreu_hs_01_4.jpg\",\"contentUrl\":\"https:\\\/\\\/www.vetorino.com\\\/boutique\\\/wp-content\\\/uploads\\\/2025\\\/06\\\/373496_pla_cats_bestsmart_pellets_katzenstreu_hs_01_4.jpg\",\"width\":800,\"height\":800},{\"@type\":\"BreadcrumbList\",\"@id\":\"https:\\\/\\\/www.vetorino.com\\\/boutique\\\/product\\\/cats-best-smart-pellets\\\/#breadcrumb\",\"itemListElement\":[{\"@type\":\"ListItem\",\"position\":1,\"name\":\"Accueil\",\"item\":\"https:\\\/\\\/www.vetorino.com\\\/boutique\\\/\"},{\"@type\":\"ListItem\",\"position\":2,\"name\":\"Produits\",\"item\":\"https:\\\/\\\/www.vetorino.com\\\/boutique\\\/\"},{\"@type\":\"ListItem\",\"position\":3,\"name\":\"Cat&#8217;s Best &#8211; Smart Pellets\"}]},{\"@type\":\"WebSite\",\"@id\":\"https:\\\/\\\/www.vetorino.com\\\/boutique\\\/#website\",\"url\":\"https:\\\/\\\/www.vetorino.com\\\/boutique\\\/\",\"name\":\"V\u00e9torino\",\"description\":\"\",\"publisher\":{\"@id\":\"https:\\\/\\\/www.vetorino.com\\\/boutique\\\/#organization\"},\"potentialAction\":[{\"@type\":\"SearchAction\",\"target\":{\"@type\":\"EntryPoint\",\"urlTemplate\":\"https:\\\/\\\/www.vetorino.com\\\/boutique\\\/?s={search_term_string}\"},\"query-input\":{\"@type\":\"PropertyValueSpecification\",\"valueRequired\":true,\"valueName\":\"search_term_string\"}}],\"inLanguage\":\"fr-FR\"},{\"@type\":\"Organization\",\"@id\":\"https:\\\/\\\/www.vetorino.com\\\/boutique\\\/#organization\",\"name\":\"V\u00e9torino\",\"url\":\"https:\\\/\\\/www.vetorino.com\\\/boutique\\\/\",\"logo\":{\"@type\":\"ImageObject\",\"inLanguage\":\"fr-FR\",\"@id\":\"https:\\\/\\\/www.vetorino.com\\\/boutique\\\/#\\\/schema\\\/logo\\\/image\\\/\",\"url\":\"https:\\\/\\\/www.vetorino.com\\\/boutique\\\/wp-content\\\/uploads\\\/2024\\\/10\\\/logo.jpg\",\"contentUrl\":\"https:\\\/\\\/www.vetorino.com\\\/boutique\\\/wp-content\\\/uploads\\\/2024\\\/10\\\/logo.jpg\",\"width\":1200,\"height\":610,\"caption\":\"V\u00e9torino\"},\"image\":{\"@id\":\"https:\\\/\\\/www.vetorino.com\\\/boutique\\\/#\\\/schema\\\/logo\\\/image\\\/\"},\"sameAs\":[\"https:\\\/\\\/www.facebook.com\\\/Vetorino\\\/\",\"https:\\\/\\\/www.instagram.com\\\/vetorino_off\\\/\",\"https:\\\/\\\/www.linkedin.com\\\/company\\\/vtorino\\\/\"]}]}<\/script>\n<meta property=\"product:brand\" content=\"Mat\u00e9riel\" \/>\n<meta property=\"product:price:amount\" content=\"11.28\" \/>\n<meta property=\"product:price:currency\" content=\"EUR\" \/>\n<meta property=\"og:availability\" content=\"instock\" \/>\n<meta property=\"product:availability\" content=\"instock\" \/>\n<meta property=\"product:retailer_item_id\" content=\"A-1160100\" \/>\n<meta property=\"product:condition\" content=\"new\" \/>\n<!-- \/ Yoast SEO plugin. -->","yoast_head_json":{"title":"Cat's Best - Smart Pellets Mat\u00e9riel - V\u00e9torino","description":"La liti\u00e8re Cat's Best Smart Pellets est une liti\u00e8re agglom\u00e9rante et se compose \u00e0 100 % de fibres naturelles de plantes, pour cette raison, la liti\u00e8re souill\u00e9e peut \u00eatre jet\u00e9e dans les ordures m\u00e9nag\u00e8res ou dans les toilettes de la maison* (*soumis \u00e0 la r\u00e9glementation locale).  Gr\u00e2ce \u00e0 la technique de fibres de bois active unique en son genre, les granul\u00e9s emprisonnent l\u2019humidit\u00e9 et les odeurs de mani\u00e8re durable.  Les agglom\u00e9rats mous se retirent facilement et le reste de la liti\u00e8re peut rester plus longtemps dans le bac \u00e0 liti\u00e8re. Ainsi, cette liti\u00e8re pour chat a un rendement plus \u00e9lev\u00e9, le remplissage de base peut ainsi durer jusqu'\u00e0 trois semaines.","robots":{"index":"noindex","follow":"nofollow"},"og_locale":"fr_FR","og_type":"article","og_title":"Cat's Best - Smart Pellets Mat\u00e9riel - V\u00e9torino","og_description":"La liti\u00e8re Cat's Best Smart Pellets est une liti\u00e8re agglom\u00e9rante et se compose \u00e0 100 % de fibres naturelles de plantes, pour cette raison, la liti\u00e8re souill\u00e9e peut \u00eatre jet\u00e9e dans les ordures m\u00e9nag\u00e8res ou dans les toilettes de la maison* (*soumis \u00e0 la r\u00e9glementation locale).  Gr\u00e2ce \u00e0 la technique de fibres de bois active unique en son genre, les granul\u00e9s emprisonnent l\u2019humidit\u00e9 et les odeurs de mani\u00e8re durable.  Les agglom\u00e9rats mous se retirent facilement et le reste de la liti\u00e8re peut rester plus longtemps dans le bac \u00e0 liti\u00e8re. Ainsi, cette liti\u00e8re pour chat a un rendement plus \u00e9lev\u00e9, le remplissage de base peut ainsi durer jusqu'\u00e0 trois semaines.","og_url":"https:\/\/www.vetorino.com\/veterinaire\/plouzevede-29440\/boutique\/product\/cats-best-smart-pellets\/","og_site_name":"V\u00e9torino","article_publisher":"https:\/\/www.facebook.com\/Vetorino\/","article_modified_time":"2025-06-05T12:39:39+00:00","og_image":[{"width":800,"height":800,"url":"https:\/\/www.vetorino.com\/boutique\/wp-content\/uploads\/2025\/06\/373496_pla_cats_bestsmart_pellets_katzenstreu_hs_01_4.jpg","type":"image\/jpeg"}],"twitter_card":"summary_large_image","twitter_misc":{"Prix":"11,28&euro;","Disponibilit\u00e9":"En stock"},"schema":{"@context":"https:\/\/schema.org","@graph":[{"@type":"WebPage","@id":"https:\/\/www.vetorino.com\/boutique\/product\/cats-best-smart-pellets\/","url":"https:\/\/www.vetorino.com\/boutique\/product\/cats-best-smart-pellets\/","name":"Cat's Best - Smart Pellets Mat\u00e9riel - V\u00e9torino","isPartOf":{"@id":"https:\/\/www.vetorino.com\/boutique\/#website"},"primaryImageOfPage":{"@id":"https:\/\/www.vetorino.com\/boutique\/product\/cats-best-smart-pellets\/#primaryimage"},"image":{"@id":"https:\/\/www.vetorino.com\/boutique\/product\/cats-best-smart-pellets\/#primaryimage"},"thumbnailUrl":"https:\/\/www.vetorino.com\/boutique\/wp-content\/uploads\/2025\/06\/373496_pla_cats_bestsmart_pellets_katzenstreu_hs_01_4.jpg","datePublished":"2025-06-05T09:50:19+00:00","dateModified":"2025-06-05T12:39:39+00:00","description":"La liti\u00e8re Cat's Best Smart Pellets est une liti\u00e8re agglom\u00e9rante et se compose \u00e0 100 % de fibres naturelles de plantes, pour cette raison, la liti\u00e8re souill\u00e9e peut \u00eatre jet\u00e9e dans les ordures m\u00e9nag\u00e8res ou dans les toilettes de la maison* (*soumis \u00e0 la r\u00e9glementation locale). Gr\u00e2ce \u00e0 la technique de fibres de bois active unique en son genre, les granul\u00e9s emprisonnent l\u2019humidit\u00e9 et les odeurs de mani\u00e8re durable. Les agglom\u00e9rats mous se retirent facilement et le reste de la liti\u00e8re peut rester plus longtemps dans le bac \u00e0 liti\u00e8re. Ainsi, cette liti\u00e8re pour chat a un rendement plus \u00e9lev\u00e9, le remplissage de base peut ainsi durer jusqu'\u00e0 trois semaines.","breadcrumb":{"@id":"https:\/\/www.vetorino.com\/boutique\/product\/cats-best-smart-pellets\/#breadcrumb"},"inLanguage":"fr-FR","potentialAction":[{"@type":"ReadAction","target":["https:\/\/www.vetorino.com\/boutique\/product\/cats-best-smart-pellets\/"]}]},{"@type":"ImageObject","inLanguage":"fr-FR","@id":"https:\/\/www.vetorino.com\/boutique\/product\/cats-best-smart-pellets\/#primaryimage","url":"https:\/\/www.vetorino.com\/boutique\/wp-content\/uploads\/2025\/06\/373496_pla_cats_bestsmart_pellets_katzenstreu_hs_01_4.jpg","contentUrl":"https:\/\/www.vetorino.com\/boutique\/wp-content\/uploads\/2025\/06\/373496_pla_cats_bestsmart_pellets_katzenstreu_hs_01_4.jpg","width":800,"height":800},{"@type":"BreadcrumbList","@id":"https:\/\/www.vetorino.com\/boutique\/product\/cats-best-smart-pellets\/#breadcrumb","itemListElement":[{"@type":"ListItem","position":1,"name":"Accueil","item":"https:\/\/www.vetorino.com\/boutique\/"},{"@type":"ListItem","position":2,"name":"Produits","item":"https:\/\/www.vetorino.com\/boutique\/"},{"@type":"ListItem","position":3,"name":"Cat&#8217;s Best &#8211; Smart Pellets"}]},{"@type":"WebSite","@id":"https:\/\/www.vetorino.com\/boutique\/#website","url":"https:\/\/www.vetorino.com\/boutique\/","name":"V\u00e9torino","description":"","publisher":{"@id":"https:\/\/www.vetorino.com\/boutique\/#organization"},"potentialAction":[{"@type":"SearchAction","target":{"@type":"EntryPoint","urlTemplate":"https:\/\/www.vetorino.com\/boutique\/?s={search_term_string}"},"query-input":{"@type":"PropertyValueSpecification","valueRequired":true,"valueName":"search_term_string"}}],"inLanguage":"fr-FR"},{"@type":"Organization","@id":"https:\/\/www.vetorino.com\/boutique\/#organization","name":"V\u00e9torino","url":"https:\/\/www.vetorino.com\/boutique\/","logo":{"@type":"ImageObject","inLanguage":"fr-FR","@id":"https:\/\/www.vetorino.com\/boutique\/#\/schema\/logo\/image\/","url":"https:\/\/www.vetorino.com\/boutique\/wp-content\/uploads\/2024\/10\/logo.jpg","contentUrl":"https:\/\/www.vetorino.com\/boutique\/wp-content\/uploads\/2024\/10\/logo.jpg","width":1200,"height":610,"caption":"V\u00e9torino"},"image":{"@id":"https:\/\/www.vetorino.com\/boutique\/#\/schema\/logo\/image\/"},"sameAs":["https:\/\/www.facebook.com\/Vetorino\/","https:\/\/www.instagram.com\/vetorino_off\/","https:\/\/www.linkedin.com\/company\/vtorino\/"]}]},"product_brand":"Mat\u00e9riel","product_price_amount":"11.28","product_price_currency":"EUR","og_availability":"instock","product_availability":"instock","product_retailer_item_id":"A-1160100","product_condition":"new"},"_links":{"self":[{"href":"https:\/\/www.vetorino.com\/veterinaire\/plouzevede-29440\/boutique\/wp-json\/wp\/v2\/product\/1359987","targetHints":{"allow":["GET"]}}],"collection":[{"href":"https:\/\/www.vetorino.com\/veterinaire\/plouzevede-29440\/boutique\/wp-json\/wp\/v2\/product"}],"about":[{"href":"https:\/\/www.vetorino.com\/veterinaire\/plouzevede-29440\/boutique\/wp-json\/wp\/v2\/types\/product"}],"wp:featuredmedia":[{"embeddable":true,"href":"https:\/\/www.vetorino.com\/veterinaire\/plouzevede-29440\/boutique\/wp-json\/wp\/v2\/media\/1360026"}],"wp:attachment":[{"href":"https:\/\/www.vetorino.com\/veterinaire\/plouzevede-29440\/boutique\/wp-json\/wp\/v2\/media?parent=1359987"}],"wp:term":[{"taxonomy":"product_cat","embeddable":true,"href":"https:\/\/www.vetorino.com\/veterinaire\/plouzevede-29440\/boutique\/wp-json\/wp\/v2\/product_cat?post=1359987"},{"taxonomy":"product_tag","embeddable":true,"href":"https:\/\/www.vetorino.com\/veterinaire\/plouzevede-29440\/boutique\/wp-json\/wp\/v2\/product_tag?post=1359987"}],"curies":[{"name":"wp","href":"https:\/\/api.w.org\/{rel}","templated":true}]}}