{"id":1361275,"date":"2025-06-06T05:35:06","date_gmt":"2025-06-06T03:35:06","guid":{"rendered":"https:\/\/www.vetorino.com\/boutique\/product\/advance-chat-junior-sterilise-poulet\/"},"modified":"2025-11-05T14:58:25","modified_gmt":"2025-11-05T13:58:25","slug":"advance-chat-junior-sterilise-poulet","status":"publish","type":"product","link":"https:\/\/www.vetorino.com\/veterinaire\/plouzevede-29440\/boutique\/product\/advance-chat-junior-sterilise-poulet\/","title":{"rendered":"Advance Chat Junior St\u00e9rilis\u00e9 Poulet"},"content":{"rendered":"<p><strong>Advance Sterilized Junior est sp\u00e9cialement formul\u00e9 pour r\u00e9pondre aux besoins nutritionnels des jeunes chats st\u00e9rilis\u00e9s. <\/strong><\/p>\n<p>Cet aliment facile \u00e0 dig\u00e9rer <strong>aide \u00e0 maintenir un poids id\u00e9al<\/strong> gr\u00e2ce \u00e0 sa teneur en prot\u00e9ines et en calories. Il est \u00e9galement indiqu\u00e9 pour le <strong>contr\u00f4le du pH urinaire<\/strong>, en raison de son taux \u00e9quilibr\u00e9 en substances min\u00e9rales. La petite taille des croquettes est adapt\u00e9e aux jeunes chats.<\/p>\n<p><strong>Caract\u00e9ristiques <\/strong><strong>:<\/strong><\/p>\n<ul>\n<li>Croquettes compl\u00e8tes pour les jeunes chats st\u00e9rilis\u00e9s jusqu&#8217;\u00e0 24 mois.<\/li>\n<li><strong>Recette adapt\u00e9e :<\/strong> composition adapt\u00e9e aux besoins des chatons.<\/li>\n<li><strong>Contr\u00f4le du poids :<\/strong> teneur \u00e9nerg\u00e9tique adapt\u00e9e pour pr\u00e9venir le surpoids chez les chats st\u00e9rilis\u00e9s, avec des fibres et de la L-carnitine.<\/li>\n<li><strong>Avec du riz et du poulet :<\/strong> ingr\u00e9dients digestes.<\/li>\n<li><strong>Croissance saine :<\/strong>\u00a0recette riche en substances vitales et nutritives, avec des prot\u00e9ines, vitamines, min\u00e9raux et acides gras om\u00e9ga 3 &amp; 6.<\/li>\n<li><strong>Teneur en prot\u00e9ines optimale :<\/strong> pour favoriser le bon d\u00e9veloppement des muscles.<\/li>\n<li><strong>Sant\u00e9 des voies urinaires : <\/strong>ces croquettes contribuent au maintien d&#8217;une teneur en pH optimale.<\/li>\n<li><strong>Sant\u00e9 digestive : <\/strong>avec de l&#8217;immunoglobuline (anticorps) qui favorise la digestion.<\/li>\n<li><strong>Sans <\/strong>conservateurs ni colorants artificiels.<\/li>\n<\/ul>\n","protected":false},"excerpt":{"rendered":"<p><strong>Advance Sterilized Junior est sp\u00e9cialement formul\u00e9 pour r\u00e9pondre aux besoins nutritionnels des jeunes chats st\u00e9rilis\u00e9s.<\/strong><\/p>\n<p>Cet aliment facile \u00e0 dig\u00e9rer <strong>aide \u00e0 maintenir un poids id\u00e9al<\/strong> gr\u00e2ce \u00e0 sa teneur en prot\u00e9ines et en calories. Il est \u00e9galement indiqu\u00e9 pour le <strong>contr\u00f4le du pH urinaire<\/strong>, en raison de son taux \u00e9quilibr\u00e9 en substances min\u00e9rales. La petite taille des croquettes est adapt\u00e9e aux jeunes chats.<\/p>\n","protected":false},"featured_media":1300819,"template":"","meta":[],"product_cat":[12551,12583,2697],"product_tag":[],"class_list":{"0":"post-1361275","1":"product","2":"type-product","3":"status-publish","4":"has-post-thumbnail","6":"product_cat-alimentation-du-chat","7":"product_cat-alimentation-premium-pour-chat","8":"product_cat-chat","9":"pa_marque-advance","11":"first","12":"instock","13":"taxable","14":"shipping-taxable","15":"purchasable","16":"product-type-simple"},"yoast_head":"<!-- This site is optimized with the Yoast SEO plugin v27.3 - https:\/\/yoast.com\/product\/yoast-seo-wordpress\/ -->\n<title>Advance Chat Junior St\u00e9rilis\u00e9 Poulet Advance - V\u00e9torino<\/title>\n<meta name=\"description\" content=\"Advance Sterilized Junior est sp\u00e9cialement formul\u00e9 pour r\u00e9pondre aux besoins nutritionnels des jeunes chats st\u00e9rilis\u00e9s.  Cet aliment facile \u00e0 dig\u00e9rer aide \u00e0 maintenir un poids id\u00e9al gr\u00e2ce \u00e0 sa teneur en prot\u00e9ines et en calories. Il est \u00e9galement indiqu\u00e9 pour le contr\u00f4le du pH urinaire, en raison de son taux \u00e9quilibr\u00e9 en substances min\u00e9rales. La petite taille des croquettes est adapt\u00e9e aux jeunes chats.\" \/>\n<meta name=\"robots\" content=\"noindex, nofollow\" \/>\n<meta property=\"og:locale\" content=\"fr_FR\" \/>\n<meta property=\"og:type\" content=\"article\" \/>\n<meta property=\"og:title\" content=\"Advance Chat Junior St\u00e9rilis\u00e9 Poulet Advance - V\u00e9torino\" \/>\n<meta property=\"og:description\" content=\"Advance Sterilized Junior est sp\u00e9cialement formul\u00e9 pour r\u00e9pondre aux besoins nutritionnels des jeunes chats st\u00e9rilis\u00e9s.  Cet aliment facile \u00e0 dig\u00e9rer aide \u00e0 maintenir un poids id\u00e9al gr\u00e2ce \u00e0 sa teneur en prot\u00e9ines et en calories. Il est \u00e9galement indiqu\u00e9 pour le contr\u00f4le du pH urinaire, en raison de son taux \u00e9quilibr\u00e9 en substances min\u00e9rales. La petite taille des croquettes est adapt\u00e9e aux jeunes chats.\" \/>\n<meta property=\"og:url\" content=\"https:\/\/www.vetorino.com\/veterinaire\/plouzevede-29440\/boutique\/product\/advance-chat-junior-sterilise-poulet\/\" \/>\n<meta property=\"og:site_name\" content=\"V\u00e9torino\" \/>\n<meta property=\"article:publisher\" content=\"https:\/\/www.facebook.com\/Vetorino\/\" \/>\n<meta property=\"article:modified_time\" content=\"2025-11-05T13:58:25+00:00\" \/>\n<meta property=\"og:image\" content=\"https:\/\/www.vetorino.com\/boutique\/wp-content\/uploads\/2025\/04\/chat-junior-sterilise.webp\" \/>\n\t<meta property=\"og:image:width\" content=\"800\" \/>\n\t<meta property=\"og:image:height\" content=\"800\" \/>\n\t<meta property=\"og:image:type\" content=\"image\/webp\" \/>\n<meta name=\"twitter:card\" content=\"summary_large_image\" \/>\n<meta name=\"twitter:label1\" content=\"Prix\" \/>\n\t<meta name=\"twitter:data1\" content=\"18,93&euro;\" \/>\n\t<meta name=\"twitter:label2\" content=\"Disponibilit\u00e9\" \/>\n\t<meta name=\"twitter:data2\" content=\"En stock\" \/>\n<script type=\"application\/ld+json\" class=\"yoast-schema-graph\">{\"@context\":\"https:\\\/\\\/schema.org\",\"@graph\":[{\"@type\":\"WebPage\",\"@id\":\"https:\\\/\\\/www.vetorino.com\\\/veterinaire\\\/briancon-05100\\\/boutique\\\/product\\\/advance-chat-junior-sterilise-poulet\\\/\",\"url\":\"https:\\\/\\\/www.vetorino.com\\\/veterinaire\\\/briancon-05100\\\/boutique\\\/product\\\/advance-chat-junior-sterilise-poulet\\\/\",\"name\":\"Advance Chat Junior St\u00e9rilis\u00e9 Poulet Advance - V\u00e9torino\",\"isPartOf\":{\"@id\":\"https:\\\/\\\/www.vetorino.com\\\/boutique\\\/#website\"},\"primaryImageOfPage\":{\"@id\":\"https:\\\/\\\/www.vetorino.com\\\/veterinaire\\\/briancon-05100\\\/boutique\\\/product\\\/advance-chat-junior-sterilise-poulet\\\/#primaryimage\"},\"image\":{\"@id\":\"https:\\\/\\\/www.vetorino.com\\\/veterinaire\\\/briancon-05100\\\/boutique\\\/product\\\/advance-chat-junior-sterilise-poulet\\\/#primaryimage\"},\"thumbnailUrl\":\"https:\\\/\\\/www.vetorino.com\\\/boutique\\\/wp-content\\\/uploads\\\/2025\\\/04\\\/chat-junior-sterilise.webp\",\"datePublished\":\"2025-06-06T03:35:06+00:00\",\"dateModified\":\"2025-11-05T13:58:25+00:00\",\"description\":\"Advance Sterilized Junior est sp\u00e9cialement formul\u00e9 pour r\u00e9pondre aux besoins nutritionnels des jeunes chats st\u00e9rilis\u00e9s. Cet aliment facile \u00e0 dig\u00e9rer aide \u00e0 maintenir un poids id\u00e9al gr\u00e2ce \u00e0 sa teneur en prot\u00e9ines et en calories. Il est \u00e9galement indiqu\u00e9 pour le contr\u00f4le du pH urinaire, en raison de son taux \u00e9quilibr\u00e9 en substances min\u00e9rales. La petite taille des croquettes est adapt\u00e9e aux jeunes chats.\",\"breadcrumb\":{\"@id\":\"https:\\\/\\\/www.vetorino.com\\\/veterinaire\\\/briancon-05100\\\/boutique\\\/product\\\/advance-chat-junior-sterilise-poulet\\\/#breadcrumb\"},\"inLanguage\":\"fr-FR\",\"potentialAction\":[{\"@type\":\"ReadAction\",\"target\":[\"https:\\\/\\\/www.vetorino.com\\\/veterinaire\\\/briancon-05100\\\/boutique\\\/product\\\/advance-chat-junior-sterilise-poulet\\\/\"]}]},{\"@type\":\"ImageObject\",\"inLanguage\":\"fr-FR\",\"@id\":\"https:\\\/\\\/www.vetorino.com\\\/veterinaire\\\/briancon-05100\\\/boutique\\\/product\\\/advance-chat-junior-sterilise-poulet\\\/#primaryimage\",\"url\":\"https:\\\/\\\/www.vetorino.com\\\/boutique\\\/wp-content\\\/uploads\\\/2025\\\/04\\\/chat-junior-sterilise.webp\",\"contentUrl\":\"https:\\\/\\\/www.vetorino.com\\\/boutique\\\/wp-content\\\/uploads\\\/2025\\\/04\\\/chat-junior-sterilise.webp\",\"width\":800,\"height\":800},{\"@type\":\"BreadcrumbList\",\"@id\":\"https:\\\/\\\/www.vetorino.com\\\/veterinaire\\\/briancon-05100\\\/boutique\\\/product\\\/advance-chat-junior-sterilise-poulet\\\/#breadcrumb\",\"itemListElement\":[{\"@type\":\"ListItem\",\"position\":1,\"name\":\"Accueil\",\"item\":\"https:\\\/\\\/www.vetorino.com\\\/boutique\\\/\"},{\"@type\":\"ListItem\",\"position\":2,\"name\":\"Produits\",\"item\":\"https:\\\/\\\/www.vetorino.com\\\/boutique\\\/\"},{\"@type\":\"ListItem\",\"position\":3,\"name\":\"Advance Chat Junior St\u00e9rilis\u00e9 Poulet\"}]},{\"@type\":\"WebSite\",\"@id\":\"https:\\\/\\\/www.vetorino.com\\\/boutique\\\/#website\",\"url\":\"https:\\\/\\\/www.vetorino.com\\\/boutique\\\/\",\"name\":\"V\u00e9torino\",\"description\":\"\",\"publisher\":{\"@id\":\"https:\\\/\\\/www.vetorino.com\\\/boutique\\\/#organization\"},\"potentialAction\":[{\"@type\":\"SearchAction\",\"target\":{\"@type\":\"EntryPoint\",\"urlTemplate\":\"https:\\\/\\\/www.vetorino.com\\\/boutique\\\/?s={search_term_string}\"},\"query-input\":{\"@type\":\"PropertyValueSpecification\",\"valueRequired\":true,\"valueName\":\"search_term_string\"}}],\"inLanguage\":\"fr-FR\"},{\"@type\":\"Organization\",\"@id\":\"https:\\\/\\\/www.vetorino.com\\\/boutique\\\/#organization\",\"name\":\"V\u00e9torino\",\"url\":\"https:\\\/\\\/www.vetorino.com\\\/boutique\\\/\",\"logo\":{\"@type\":\"ImageObject\",\"inLanguage\":\"fr-FR\",\"@id\":\"https:\\\/\\\/www.vetorino.com\\\/boutique\\\/#\\\/schema\\\/logo\\\/image\\\/\",\"url\":\"https:\\\/\\\/www.vetorino.com\\\/boutique\\\/wp-content\\\/uploads\\\/2024\\\/10\\\/logo.jpg\",\"contentUrl\":\"https:\\\/\\\/www.vetorino.com\\\/boutique\\\/wp-content\\\/uploads\\\/2024\\\/10\\\/logo.jpg\",\"width\":1200,\"height\":610,\"caption\":\"V\u00e9torino\"},\"image\":{\"@id\":\"https:\\\/\\\/www.vetorino.com\\\/boutique\\\/#\\\/schema\\\/logo\\\/image\\\/\"},\"sameAs\":[\"https:\\\/\\\/www.facebook.com\\\/Vetorino\\\/\",\"https:\\\/\\\/www.instagram.com\\\/vetorino_off\\\/\",\"https:\\\/\\\/www.linkedin.com\\\/company\\\/vtorino\\\/\"]}]}<\/script>\n<meta property=\"product:brand\" content=\"Advance\" \/>\n<meta property=\"product:price:amount\" content=\"18.93\" \/>\n<meta property=\"product:price:currency\" content=\"EUR\" \/>\n<meta property=\"og:availability\" content=\"instock\" \/>\n<meta property=\"product:availability\" content=\"instock\" \/>\n<meta property=\"product:retailer_item_id\" content=\"A-1892030\" \/>\n<meta property=\"product:condition\" content=\"new\" \/>\n<!-- \/ Yoast SEO plugin. -->","yoast_head_json":{"title":"Advance Chat Junior St\u00e9rilis\u00e9 Poulet Advance - V\u00e9torino","description":"Advance Sterilized Junior est sp\u00e9cialement formul\u00e9 pour r\u00e9pondre aux besoins nutritionnels des jeunes chats st\u00e9rilis\u00e9s.  Cet aliment facile \u00e0 dig\u00e9rer aide \u00e0 maintenir un poids id\u00e9al gr\u00e2ce \u00e0 sa teneur en prot\u00e9ines et en calories. Il est \u00e9galement indiqu\u00e9 pour le contr\u00f4le du pH urinaire, en raison de son taux \u00e9quilibr\u00e9 en substances min\u00e9rales. La petite taille des croquettes est adapt\u00e9e aux jeunes chats.","robots":{"index":"noindex","follow":"nofollow"},"og_locale":"fr_FR","og_type":"article","og_title":"Advance Chat Junior St\u00e9rilis\u00e9 Poulet Advance - V\u00e9torino","og_description":"Advance Sterilized Junior est sp\u00e9cialement formul\u00e9 pour r\u00e9pondre aux besoins nutritionnels des jeunes chats st\u00e9rilis\u00e9s.  Cet aliment facile \u00e0 dig\u00e9rer aide \u00e0 maintenir un poids id\u00e9al gr\u00e2ce \u00e0 sa teneur en prot\u00e9ines et en calories. Il est \u00e9galement indiqu\u00e9 pour le contr\u00f4le du pH urinaire, en raison de son taux \u00e9quilibr\u00e9 en substances min\u00e9rales. La petite taille des croquettes est adapt\u00e9e aux jeunes chats.","og_url":"https:\/\/www.vetorino.com\/veterinaire\/plouzevede-29440\/boutique\/product\/advance-chat-junior-sterilise-poulet\/","og_site_name":"V\u00e9torino","article_publisher":"https:\/\/www.facebook.com\/Vetorino\/","article_modified_time":"2025-11-05T13:58:25+00:00","og_image":[{"width":800,"height":800,"url":"https:\/\/www.vetorino.com\/boutique\/wp-content\/uploads\/2025\/04\/chat-junior-sterilise.webp","type":"image\/webp"}],"twitter_card":"summary_large_image","twitter_misc":{"Prix":"18,93&euro;","Disponibilit\u00e9":"En stock"},"schema":{"@context":"https:\/\/schema.org","@graph":[{"@type":"WebPage","@id":"https:\/\/www.vetorino.com\/veterinaire\/briancon-05100\/boutique\/product\/advance-chat-junior-sterilise-poulet\/","url":"https:\/\/www.vetorino.com\/veterinaire\/briancon-05100\/boutique\/product\/advance-chat-junior-sterilise-poulet\/","name":"Advance Chat Junior St\u00e9rilis\u00e9 Poulet Advance - V\u00e9torino","isPartOf":{"@id":"https:\/\/www.vetorino.com\/boutique\/#website"},"primaryImageOfPage":{"@id":"https:\/\/www.vetorino.com\/veterinaire\/briancon-05100\/boutique\/product\/advance-chat-junior-sterilise-poulet\/#primaryimage"},"image":{"@id":"https:\/\/www.vetorino.com\/veterinaire\/briancon-05100\/boutique\/product\/advance-chat-junior-sterilise-poulet\/#primaryimage"},"thumbnailUrl":"https:\/\/www.vetorino.com\/boutique\/wp-content\/uploads\/2025\/04\/chat-junior-sterilise.webp","datePublished":"2025-06-06T03:35:06+00:00","dateModified":"2025-11-05T13:58:25+00:00","description":"Advance Sterilized Junior est sp\u00e9cialement formul\u00e9 pour r\u00e9pondre aux besoins nutritionnels des jeunes chats st\u00e9rilis\u00e9s. Cet aliment facile \u00e0 dig\u00e9rer aide \u00e0 maintenir un poids id\u00e9al gr\u00e2ce \u00e0 sa teneur en prot\u00e9ines et en calories. Il est \u00e9galement indiqu\u00e9 pour le contr\u00f4le du pH urinaire, en raison de son taux \u00e9quilibr\u00e9 en substances min\u00e9rales. La petite taille des croquettes est adapt\u00e9e aux jeunes chats.","breadcrumb":{"@id":"https:\/\/www.vetorino.com\/veterinaire\/briancon-05100\/boutique\/product\/advance-chat-junior-sterilise-poulet\/#breadcrumb"},"inLanguage":"fr-FR","potentialAction":[{"@type":"ReadAction","target":["https:\/\/www.vetorino.com\/veterinaire\/briancon-05100\/boutique\/product\/advance-chat-junior-sterilise-poulet\/"]}]},{"@type":"ImageObject","inLanguage":"fr-FR","@id":"https:\/\/www.vetorino.com\/veterinaire\/briancon-05100\/boutique\/product\/advance-chat-junior-sterilise-poulet\/#primaryimage","url":"https:\/\/www.vetorino.com\/boutique\/wp-content\/uploads\/2025\/04\/chat-junior-sterilise.webp","contentUrl":"https:\/\/www.vetorino.com\/boutique\/wp-content\/uploads\/2025\/04\/chat-junior-sterilise.webp","width":800,"height":800},{"@type":"BreadcrumbList","@id":"https:\/\/www.vetorino.com\/veterinaire\/briancon-05100\/boutique\/product\/advance-chat-junior-sterilise-poulet\/#breadcrumb","itemListElement":[{"@type":"ListItem","position":1,"name":"Accueil","item":"https:\/\/www.vetorino.com\/boutique\/"},{"@type":"ListItem","position":2,"name":"Produits","item":"https:\/\/www.vetorino.com\/boutique\/"},{"@type":"ListItem","position":3,"name":"Advance Chat Junior St\u00e9rilis\u00e9 Poulet"}]},{"@type":"WebSite","@id":"https:\/\/www.vetorino.com\/boutique\/#website","url":"https:\/\/www.vetorino.com\/boutique\/","name":"V\u00e9torino","description":"","publisher":{"@id":"https:\/\/www.vetorino.com\/boutique\/#organization"},"potentialAction":[{"@type":"SearchAction","target":{"@type":"EntryPoint","urlTemplate":"https:\/\/www.vetorino.com\/boutique\/?s={search_term_string}"},"query-input":{"@type":"PropertyValueSpecification","valueRequired":true,"valueName":"search_term_string"}}],"inLanguage":"fr-FR"},{"@type":"Organization","@id":"https:\/\/www.vetorino.com\/boutique\/#organization","name":"V\u00e9torino","url":"https:\/\/www.vetorino.com\/boutique\/","logo":{"@type":"ImageObject","inLanguage":"fr-FR","@id":"https:\/\/www.vetorino.com\/boutique\/#\/schema\/logo\/image\/","url":"https:\/\/www.vetorino.com\/boutique\/wp-content\/uploads\/2024\/10\/logo.jpg","contentUrl":"https:\/\/www.vetorino.com\/boutique\/wp-content\/uploads\/2024\/10\/logo.jpg","width":1200,"height":610,"caption":"V\u00e9torino"},"image":{"@id":"https:\/\/www.vetorino.com\/boutique\/#\/schema\/logo\/image\/"},"sameAs":["https:\/\/www.facebook.com\/Vetorino\/","https:\/\/www.instagram.com\/vetorino_off\/","https:\/\/www.linkedin.com\/company\/vtorino\/"]}]},"product_brand":"Advance","product_price_amount":"18.93","product_price_currency":"EUR","og_availability":"instock","product_availability":"instock","product_retailer_item_id":"A-1892030","product_condition":"new"},"_links":{"self":[{"href":"https:\/\/www.vetorino.com\/veterinaire\/plouzevede-29440\/boutique\/wp-json\/wp\/v2\/product\/1361275","targetHints":{"allow":["GET"]}}],"collection":[{"href":"https:\/\/www.vetorino.com\/veterinaire\/plouzevede-29440\/boutique\/wp-json\/wp\/v2\/product"}],"about":[{"href":"https:\/\/www.vetorino.com\/veterinaire\/plouzevede-29440\/boutique\/wp-json\/wp\/v2\/types\/product"}],"wp:featuredmedia":[{"embeddable":true,"href":"https:\/\/www.vetorino.com\/veterinaire\/plouzevede-29440\/boutique\/wp-json\/wp\/v2\/media\/1300819"}],"wp:attachment":[{"href":"https:\/\/www.vetorino.com\/veterinaire\/plouzevede-29440\/boutique\/wp-json\/wp\/v2\/media?parent=1361275"}],"wp:term":[{"taxonomy":"product_cat","embeddable":true,"href":"https:\/\/www.vetorino.com\/veterinaire\/plouzevede-29440\/boutique\/wp-json\/wp\/v2\/product_cat?post=1361275"},{"taxonomy":"product_tag","embeddable":true,"href":"https:\/\/www.vetorino.com\/veterinaire\/plouzevede-29440\/boutique\/wp-json\/wp\/v2\/product_tag?post=1361275"}],"curies":[{"name":"wp","href":"https:\/\/api.w.org\/{rel}","templated":true}]}}