{"id":1362652,"date":"2025-06-07T05:35:05","date_gmt":"2025-06-07T03:35:05","guid":{"rendered":"https:\/\/www.vetorino.com\/boutique\/product\/advance-chien-adulte-medium-poulet\/"},"modified":"2025-06-11T15:59:25","modified_gmt":"2025-06-11T13:59:25","slug":"advance-chien-adulte-medium-poulet","status":"publish","type":"product","link":"https:\/\/www.vetorino.com\/veterinaire\/plouzevede-29440\/boutique\/product\/advance-chien-adulte-medium-poulet\/","title":{"rendered":"Chien Adulte Medium Poulet"},"content":{"rendered":"<p><strong>Advance Adult Medium est un aliment de haute qualit\u00e9, facile \u00e0 dig\u00e9rer, formul\u00e9 pour r\u00e9pondre aux besoins des chiens adultes de taille moyenne.<\/strong><\/p>\n<p>Il est \u00e9labor\u00e9 avec du poulet comme premier ingr\u00e9dient. Il <strong>contribue au maintien de la masse musculaire<\/strong> gr\u00e2ce \u00e0 sa teneur en prot\u00e9ines de haute qualit\u00e9, et <strong>\u00e0 une peau saine et \u00e0 un pelage brillant<\/strong> gr\u00e2ce aux acides gras om\u00e9ga-6 et om\u00e9ga-3.<\/p>\n<p><strong>Caract\u00e9ristiques :<\/strong><\/p>\n<ul>\n<li>Aliment complet pour chiens de races moyennes entre 1 et 7 ans.<\/li>\n<li><strong>Teneurs \u00e9quilibr\u00e9es en prot\u00e9ines et mati\u00e8res grasses<\/strong> : pour contribuer \u00e0 la bonne sant\u00e9 des chiens adultes de races moyennes.<\/li>\n<li><strong>Poulet et riz<\/strong> : prot\u00e9ines et carbohydrates\u00a0faciles \u00e0 dig\u00e9rer.<\/li>\n<li><strong>Prot\u00e9ines naturelles<\/strong> qui contribuent au bon fonctionnement du syst\u00e8me digestif.<\/li>\n<li><strong>Acides gras essentiels<\/strong> : renforcent la fonction barri\u00e8re de la peau en cas de dermatose ou de perte excessive de poils.<\/li>\n<li><strong>Min\u00e9raux sp\u00e9cifiques<\/strong> qui pr\u00e9viennent la formation de tartre et contribuent \u00e0 une bonne haleine.<\/li>\n<li><strong>Croquettes de taille moyenne\u00a0<\/strong>: parfaitement adapt\u00e9es \u00e0 la m\u00e2choire et aux dents des chiens de races moyennes.<\/li>\n<li><strong>Avec Active Defense<\/strong> : peut\u00a0aider\u00a0\u00e0 renforcer le syst\u00e8me immunitaire du chien.<\/li>\n<\/ul>\n","protected":false},"excerpt":{"rendered":"<p><strong>Advance Adult Medium est un aliment de haute qualit\u00e9, facile \u00e0 dig\u00e9rer, formul\u00e9 pour r\u00e9pondre aux besoins des chiens adultes de taille moyenne.<\/strong><\/p>\n<p>Il est \u00e9labor\u00e9 avec du poulet comme premier ingr\u00e9dient. Il <strong>contribue au maintien de la masse musculaire<\/strong> gr\u00e2ce \u00e0 sa teneur en prot\u00e9ines de haute qualit\u00e9, et <strong>\u00e0 une peau saine et \u00e0 un pelage brillant<\/strong> gr\u00e2ce aux acides gras om\u00e9ga-6 et om\u00e9ga-3.<\/p>\n","protected":false},"featured_media":1300779,"template":"","meta":[],"product_cat":[12552,12584,2698],"product_tag":[],"class_list":{"0":"post-1362652","1":"product","2":"type-product","3":"status-publish","4":"has-post-thumbnail","6":"product_cat-alimentation-du-chien","7":"product_cat-alimentation-premium-pour-chien","8":"product_cat-chien","9":"pa_marque-advance","11":"first","12":"instock","13":"taxable","14":"shipping-taxable","15":"purchasable","16":"product-type-variable"},"yoast_head":"<!-- This site is optimized with the Yoast SEO plugin v27.3 - https:\/\/yoast.com\/product\/yoast-seo-wordpress\/ -->\n<title>Chien Adulte Medium Poulet Advance - V\u00e9torino<\/title>\n<meta name=\"description\" content=\"Advance Adult Medium est un aliment de haute qualit\u00e9, facile \u00e0 dig\u00e9rer, formul\u00e9 pour r\u00e9pondre aux besoins des chiens adultes de taille moyenne.  Il est \u00e9labor\u00e9 avec du poulet comme premier ingr\u00e9dient. Il contribue au maintien de la masse musculaire gr\u00e2ce \u00e0 sa teneur en prot\u00e9ines de haute qualit\u00e9, et \u00e0 une peau saine et \u00e0 un pelage brillant gr\u00e2ce aux acides gras om\u00e9ga-6 et om\u00e9ga-3.\" \/>\n<meta name=\"robots\" content=\"noindex, nofollow\" \/>\n<meta property=\"og:locale\" content=\"fr_FR\" \/>\n<meta property=\"og:type\" content=\"article\" \/>\n<meta property=\"og:title\" content=\"Chien Adulte Medium Poulet Advance - V\u00e9torino\" \/>\n<meta property=\"og:description\" content=\"Advance Adult Medium est un aliment de haute qualit\u00e9, facile \u00e0 dig\u00e9rer, formul\u00e9 pour r\u00e9pondre aux besoins des chiens adultes de taille moyenne.  Il est \u00e9labor\u00e9 avec du poulet comme premier ingr\u00e9dient. Il contribue au maintien de la masse musculaire gr\u00e2ce \u00e0 sa teneur en prot\u00e9ines de haute qualit\u00e9, et \u00e0 une peau saine et \u00e0 un pelage brillant gr\u00e2ce aux acides gras om\u00e9ga-6 et om\u00e9ga-3.\" \/>\n<meta property=\"og:url\" content=\"https:\/\/www.vetorino.com\/veterinaire\/plouzevede-29440\/boutique\/product\/advance-chien-adulte-medium-poulet\/\" \/>\n<meta property=\"og:site_name\" content=\"V\u00e9torino\" \/>\n<meta property=\"article:publisher\" content=\"https:\/\/www.facebook.com\/Vetorino\/\" \/>\n<meta property=\"article:modified_time\" content=\"2025-06-11T13:59:25+00:00\" \/>\n<meta property=\"og:image\" content=\"https:\/\/www.vetorino.com\/boutique\/wp-content\/uploads\/2025\/04\/croquette-advance-medium-poulet-scaled.jpg\" \/>\n\t<meta property=\"og:image:width\" content=\"2417\" \/>\n\t<meta property=\"og:image:height\" content=\"2560\" \/>\n\t<meta property=\"og:image:type\" content=\"image\/jpeg\" \/>\n<meta name=\"twitter:card\" content=\"summary_large_image\" \/>\n<meta name=\"twitter:label1\" content=\"Disponibilit\u00e9\" \/>\n\t<meta name=\"twitter:data1\" content=\"En stock\" \/>\n<script type=\"application\/ld+json\" class=\"yoast-schema-graph\">{\"@context\":\"https:\\\/\\\/schema.org\",\"@graph\":[{\"@type\":\"WebPage\",\"@id\":\"https:\\\/\\\/www.vetorino.com\\\/veterinaire\\\/briancon-05100\\\/boutique\\\/product\\\/advance-chien-adulte-medium-poulet\\\/\",\"url\":\"https:\\\/\\\/www.vetorino.com\\\/veterinaire\\\/briancon-05100\\\/boutique\\\/product\\\/advance-chien-adulte-medium-poulet\\\/\",\"name\":\"Chien Adulte Medium Poulet Advance - V\u00e9torino\",\"isPartOf\":{\"@id\":\"https:\\\/\\\/www.vetorino.com\\\/boutique\\\/#website\"},\"primaryImageOfPage\":{\"@id\":\"https:\\\/\\\/www.vetorino.com\\\/veterinaire\\\/briancon-05100\\\/boutique\\\/product\\\/advance-chien-adulte-medium-poulet\\\/#primaryimage\"},\"image\":{\"@id\":\"https:\\\/\\\/www.vetorino.com\\\/veterinaire\\\/briancon-05100\\\/boutique\\\/product\\\/advance-chien-adulte-medium-poulet\\\/#primaryimage\"},\"thumbnailUrl\":\"https:\\\/\\\/www.vetorino.com\\\/boutique\\\/wp-content\\\/uploads\\\/2025\\\/04\\\/croquette-advance-medium-poulet-scaled.jpg\",\"datePublished\":\"2025-06-07T03:35:05+00:00\",\"dateModified\":\"2025-06-11T13:59:25+00:00\",\"description\":\"Advance Adult Medium est un aliment de haute qualit\u00e9, facile \u00e0 dig\u00e9rer, formul\u00e9 pour r\u00e9pondre aux besoins des chiens adultes de taille moyenne. Il est \u00e9labor\u00e9 avec du poulet comme premier ingr\u00e9dient. Il contribue au maintien de la masse musculaire gr\u00e2ce \u00e0 sa teneur en prot\u00e9ines de haute qualit\u00e9, et \u00e0 une peau saine et \u00e0 un pelage brillant gr\u00e2ce aux acides gras om\u00e9ga-6 et om\u00e9ga-3.\",\"breadcrumb\":{\"@id\":\"https:\\\/\\\/www.vetorino.com\\\/veterinaire\\\/briancon-05100\\\/boutique\\\/product\\\/advance-chien-adulte-medium-poulet\\\/#breadcrumb\"},\"inLanguage\":\"fr-FR\",\"potentialAction\":[{\"@type\":\"ReadAction\",\"target\":[\"https:\\\/\\\/www.vetorino.com\\\/veterinaire\\\/briancon-05100\\\/boutique\\\/product\\\/advance-chien-adulte-medium-poulet\\\/\"]}]},{\"@type\":\"ImageObject\",\"inLanguage\":\"fr-FR\",\"@id\":\"https:\\\/\\\/www.vetorino.com\\\/veterinaire\\\/briancon-05100\\\/boutique\\\/product\\\/advance-chien-adulte-medium-poulet\\\/#primaryimage\",\"url\":\"https:\\\/\\\/www.vetorino.com\\\/boutique\\\/wp-content\\\/uploads\\\/2025\\\/04\\\/croquette-advance-medium-poulet-scaled.jpg\",\"contentUrl\":\"https:\\\/\\\/www.vetorino.com\\\/boutique\\\/wp-content\\\/uploads\\\/2025\\\/04\\\/croquette-advance-medium-poulet-scaled.jpg\",\"width\":2417,\"height\":2560},{\"@type\":\"BreadcrumbList\",\"@id\":\"https:\\\/\\\/www.vetorino.com\\\/veterinaire\\\/briancon-05100\\\/boutique\\\/product\\\/advance-chien-adulte-medium-poulet\\\/#breadcrumb\",\"itemListElement\":[{\"@type\":\"ListItem\",\"position\":1,\"name\":\"Accueil\",\"item\":\"https:\\\/\\\/www.vetorino.com\\\/boutique\\\/\"},{\"@type\":\"ListItem\",\"position\":2,\"name\":\"Produits\",\"item\":\"https:\\\/\\\/www.vetorino.com\\\/boutique\\\/\"},{\"@type\":\"ListItem\",\"position\":3,\"name\":\"Chien Adulte Medium Poulet\"}]},{\"@type\":\"WebSite\",\"@id\":\"https:\\\/\\\/www.vetorino.com\\\/boutique\\\/#website\",\"url\":\"https:\\\/\\\/www.vetorino.com\\\/boutique\\\/\",\"name\":\"V\u00e9torino\",\"description\":\"\",\"publisher\":{\"@id\":\"https:\\\/\\\/www.vetorino.com\\\/boutique\\\/#organization\"},\"potentialAction\":[{\"@type\":\"SearchAction\",\"target\":{\"@type\":\"EntryPoint\",\"urlTemplate\":\"https:\\\/\\\/www.vetorino.com\\\/boutique\\\/?s={search_term_string}\"},\"query-input\":{\"@type\":\"PropertyValueSpecification\",\"valueRequired\":true,\"valueName\":\"search_term_string\"}}],\"inLanguage\":\"fr-FR\"},{\"@type\":\"Organization\",\"@id\":\"https:\\\/\\\/www.vetorino.com\\\/boutique\\\/#organization\",\"name\":\"V\u00e9torino\",\"url\":\"https:\\\/\\\/www.vetorino.com\\\/boutique\\\/\",\"logo\":{\"@type\":\"ImageObject\",\"inLanguage\":\"fr-FR\",\"@id\":\"https:\\\/\\\/www.vetorino.com\\\/boutique\\\/#\\\/schema\\\/logo\\\/image\\\/\",\"url\":\"https:\\\/\\\/www.vetorino.com\\\/boutique\\\/wp-content\\\/uploads\\\/2024\\\/10\\\/logo.jpg\",\"contentUrl\":\"https:\\\/\\\/www.vetorino.com\\\/boutique\\\/wp-content\\\/uploads\\\/2024\\\/10\\\/logo.jpg\",\"width\":1200,\"height\":610,\"caption\":\"V\u00e9torino\"},\"image\":{\"@id\":\"https:\\\/\\\/www.vetorino.com\\\/boutique\\\/#\\\/schema\\\/logo\\\/image\\\/\"},\"sameAs\":[\"https:\\\/\\\/www.facebook.com\\\/Vetorino\\\/\",\"https:\\\/\\\/www.instagram.com\\\/vetorino_off\\\/\",\"https:\\\/\\\/www.linkedin.com\\\/company\\\/vtorino\\\/\"]}]}<\/script>\n<meta property=\"product:brand\" content=\"Advance\" \/>\n<meta property=\"og:availability\" content=\"instock\" \/>\n<meta property=\"product:availability\" content=\"instock\" \/>\n<meta property=\"product:condition\" content=\"new\" \/>\n<!-- \/ Yoast SEO plugin. -->","yoast_head_json":{"title":"Chien Adulte Medium Poulet Advance - V\u00e9torino","description":"Advance Adult Medium est un aliment de haute qualit\u00e9, facile \u00e0 dig\u00e9rer, formul\u00e9 pour r\u00e9pondre aux besoins des chiens adultes de taille moyenne.  Il est \u00e9labor\u00e9 avec du poulet comme premier ingr\u00e9dient. Il contribue au maintien de la masse musculaire gr\u00e2ce \u00e0 sa teneur en prot\u00e9ines de haute qualit\u00e9, et \u00e0 une peau saine et \u00e0 un pelage brillant gr\u00e2ce aux acides gras om\u00e9ga-6 et om\u00e9ga-3.","robots":{"index":"noindex","follow":"nofollow"},"og_locale":"fr_FR","og_type":"article","og_title":"Chien Adulte Medium Poulet Advance - V\u00e9torino","og_description":"Advance Adult Medium est un aliment de haute qualit\u00e9, facile \u00e0 dig\u00e9rer, formul\u00e9 pour r\u00e9pondre aux besoins des chiens adultes de taille moyenne.  Il est \u00e9labor\u00e9 avec du poulet comme premier ingr\u00e9dient. Il contribue au maintien de la masse musculaire gr\u00e2ce \u00e0 sa teneur en prot\u00e9ines de haute qualit\u00e9, et \u00e0 une peau saine et \u00e0 un pelage brillant gr\u00e2ce aux acides gras om\u00e9ga-6 et om\u00e9ga-3.","og_url":"https:\/\/www.vetorino.com\/veterinaire\/plouzevede-29440\/boutique\/product\/advance-chien-adulte-medium-poulet\/","og_site_name":"V\u00e9torino","article_publisher":"https:\/\/www.facebook.com\/Vetorino\/","article_modified_time":"2025-06-11T13:59:25+00:00","og_image":[{"width":2417,"height":2560,"url":"https:\/\/www.vetorino.com\/boutique\/wp-content\/uploads\/2025\/04\/croquette-advance-medium-poulet-scaled.jpg","type":"image\/jpeg"}],"twitter_card":"summary_large_image","twitter_misc":{"Disponibilit\u00e9":"En stock"},"schema":{"@context":"https:\/\/schema.org","@graph":[{"@type":"WebPage","@id":"https:\/\/www.vetorino.com\/veterinaire\/briancon-05100\/boutique\/product\/advance-chien-adulte-medium-poulet\/","url":"https:\/\/www.vetorino.com\/veterinaire\/briancon-05100\/boutique\/product\/advance-chien-adulte-medium-poulet\/","name":"Chien Adulte Medium Poulet Advance - V\u00e9torino","isPartOf":{"@id":"https:\/\/www.vetorino.com\/boutique\/#website"},"primaryImageOfPage":{"@id":"https:\/\/www.vetorino.com\/veterinaire\/briancon-05100\/boutique\/product\/advance-chien-adulte-medium-poulet\/#primaryimage"},"image":{"@id":"https:\/\/www.vetorino.com\/veterinaire\/briancon-05100\/boutique\/product\/advance-chien-adulte-medium-poulet\/#primaryimage"},"thumbnailUrl":"https:\/\/www.vetorino.com\/boutique\/wp-content\/uploads\/2025\/04\/croquette-advance-medium-poulet-scaled.jpg","datePublished":"2025-06-07T03:35:05+00:00","dateModified":"2025-06-11T13:59:25+00:00","description":"Advance Adult Medium est un aliment de haute qualit\u00e9, facile \u00e0 dig\u00e9rer, formul\u00e9 pour r\u00e9pondre aux besoins des chiens adultes de taille moyenne. Il est \u00e9labor\u00e9 avec du poulet comme premier ingr\u00e9dient. Il contribue au maintien de la masse musculaire gr\u00e2ce \u00e0 sa teneur en prot\u00e9ines de haute qualit\u00e9, et \u00e0 une peau saine et \u00e0 un pelage brillant gr\u00e2ce aux acides gras om\u00e9ga-6 et om\u00e9ga-3.","breadcrumb":{"@id":"https:\/\/www.vetorino.com\/veterinaire\/briancon-05100\/boutique\/product\/advance-chien-adulte-medium-poulet\/#breadcrumb"},"inLanguage":"fr-FR","potentialAction":[{"@type":"ReadAction","target":["https:\/\/www.vetorino.com\/veterinaire\/briancon-05100\/boutique\/product\/advance-chien-adulte-medium-poulet\/"]}]},{"@type":"ImageObject","inLanguage":"fr-FR","@id":"https:\/\/www.vetorino.com\/veterinaire\/briancon-05100\/boutique\/product\/advance-chien-adulte-medium-poulet\/#primaryimage","url":"https:\/\/www.vetorino.com\/boutique\/wp-content\/uploads\/2025\/04\/croquette-advance-medium-poulet-scaled.jpg","contentUrl":"https:\/\/www.vetorino.com\/boutique\/wp-content\/uploads\/2025\/04\/croquette-advance-medium-poulet-scaled.jpg","width":2417,"height":2560},{"@type":"BreadcrumbList","@id":"https:\/\/www.vetorino.com\/veterinaire\/briancon-05100\/boutique\/product\/advance-chien-adulte-medium-poulet\/#breadcrumb","itemListElement":[{"@type":"ListItem","position":1,"name":"Accueil","item":"https:\/\/www.vetorino.com\/boutique\/"},{"@type":"ListItem","position":2,"name":"Produits","item":"https:\/\/www.vetorino.com\/boutique\/"},{"@type":"ListItem","position":3,"name":"Chien Adulte Medium Poulet"}]},{"@type":"WebSite","@id":"https:\/\/www.vetorino.com\/boutique\/#website","url":"https:\/\/www.vetorino.com\/boutique\/","name":"V\u00e9torino","description":"","publisher":{"@id":"https:\/\/www.vetorino.com\/boutique\/#organization"},"potentialAction":[{"@type":"SearchAction","target":{"@type":"EntryPoint","urlTemplate":"https:\/\/www.vetorino.com\/boutique\/?s={search_term_string}"},"query-input":{"@type":"PropertyValueSpecification","valueRequired":true,"valueName":"search_term_string"}}],"inLanguage":"fr-FR"},{"@type":"Organization","@id":"https:\/\/www.vetorino.com\/boutique\/#organization","name":"V\u00e9torino","url":"https:\/\/www.vetorino.com\/boutique\/","logo":{"@type":"ImageObject","inLanguage":"fr-FR","@id":"https:\/\/www.vetorino.com\/boutique\/#\/schema\/logo\/image\/","url":"https:\/\/www.vetorino.com\/boutique\/wp-content\/uploads\/2024\/10\/logo.jpg","contentUrl":"https:\/\/www.vetorino.com\/boutique\/wp-content\/uploads\/2024\/10\/logo.jpg","width":1200,"height":610,"caption":"V\u00e9torino"},"image":{"@id":"https:\/\/www.vetorino.com\/boutique\/#\/schema\/logo\/image\/"},"sameAs":["https:\/\/www.facebook.com\/Vetorino\/","https:\/\/www.instagram.com\/vetorino_off\/","https:\/\/www.linkedin.com\/company\/vtorino\/"]}]},"product_brand":"Advance","og_availability":"instock","product_availability":"instock","product_condition":"new"},"_links":{"self":[{"href":"https:\/\/www.vetorino.com\/veterinaire\/plouzevede-29440\/boutique\/wp-json\/wp\/v2\/product\/1362652","targetHints":{"allow":["GET"]}}],"collection":[{"href":"https:\/\/www.vetorino.com\/veterinaire\/plouzevede-29440\/boutique\/wp-json\/wp\/v2\/product"}],"about":[{"href":"https:\/\/www.vetorino.com\/veterinaire\/plouzevede-29440\/boutique\/wp-json\/wp\/v2\/types\/product"}],"wp:featuredmedia":[{"embeddable":true,"href":"https:\/\/www.vetorino.com\/veterinaire\/plouzevede-29440\/boutique\/wp-json\/wp\/v2\/media\/1300779"}],"wp:attachment":[{"href":"https:\/\/www.vetorino.com\/veterinaire\/plouzevede-29440\/boutique\/wp-json\/wp\/v2\/media?parent=1362652"}],"wp:term":[{"taxonomy":"product_cat","embeddable":true,"href":"https:\/\/www.vetorino.com\/veterinaire\/plouzevede-29440\/boutique\/wp-json\/wp\/v2\/product_cat?post=1362652"},{"taxonomy":"product_tag","embeddable":true,"href":"https:\/\/www.vetorino.com\/veterinaire\/plouzevede-29440\/boutique\/wp-json\/wp\/v2\/product_tag?post=1362652"}],"curies":[{"name":"wp","href":"https:\/\/api.w.org\/{rel}","templated":true}]}}