{"id":1362673,"date":"2025-06-07T05:35:20","date_gmt":"2025-06-07T03:35:20","guid":{"rendered":"https:\/\/www.vetorino.com\/boutique\/product\/advance-chat-adulte-sterilise-dinde\/"},"modified":"2025-06-11T15:57:14","modified_gmt":"2025-06-11T13:57:14","slug":"advance-chat-adulte-sterilise-dinde","status":"publish","type":"product","link":"https:\/\/www.vetorino.com\/veterinaire\/plouzevede-29440\/boutique\/product\/advance-chat-adulte-sterilise-dinde\/","title":{"rendered":"Chat St\u00e9rilis\u00e9 Dinde"},"content":{"rendered":"<p><strong>Advance Sterilized Adult est une recette savoureuse et de haute qualit\u00e9 adapt\u00e9e aux besoins des chats adultes st\u00e9rilis\u00e9s.<\/strong><\/p>\n<p>\u00c9labor\u00e9e \u00e0 base de dinde en tant que premier ingr\u00e9dient, elle est <strong>facile \u00e0 dig\u00e9rer et aide \u00e0 maintenir un poids id\u00e9al<\/strong> gr\u00e2ce \u00e0 sa teneur en prot\u00e9ines et en calories.<\/p>\n<p>Elle <strong>aide \u00e9galement \u00e0 contr\u00f4ler le pH urinaire et \u00e0 prendre soin de la peau et du pelage<\/strong> gr\u00e2ce aux acides gras om\u00e9ga-3 et om\u00e9ga-6 et au zinc. La taille des croquettes est adapt\u00e9e aux chats adultes.<\/p>\n<p><strong>Caract\u00e9ristiques :\u00a0<\/strong><\/p>\n<ul>\n<li>Croquettes pour chats st\u00e9rilis\u00e9s ou castr\u00e9s \u00e2g\u00e9s de 1 \u00e0 10 ans.<\/li>\n<li><strong>Gestion du poids <\/strong>: pauvre en mati\u00e8res grasses, riche en prot\u00e9ines, fibres rassasiantes issues de l&#8217;orge.<\/li>\n<li><strong>Prot\u00e9ines de qualit\u00e9 <\/strong>: avec de la dinde comme source digeste de prot\u00e9ines, contribue \u00e0 une masse musculaire svelte.<\/li>\n<li><b>\u00c9quilibre digestif <\/b>: avec des ingr\u00e9dients digestes et des immunoglobulines.<\/li>\n<li><strong>Teneur adapt\u00e9e en min\u00e9raux <\/strong>: contribue \u00e0 un pH urinaire optimal et au fonctionnement normal des voies urinaires.<\/li>\n<li><strong>Peau et pelage <\/strong>: avec des om\u00e9ga-3 et om\u00e9ga-6, du zinc, de la biotine et des vitamines, qui peuvent avoir un effet b\u00e9n\u00e9fique pour le pelage et la barri\u00e8re cutan\u00e9e naturelle.<\/li>\n<li><strong>Formule Active Defense<\/strong> : contribue \u00e0 booster les d\u00e9fenses immunitaires naturelles.<\/li>\n<li><b>Contiennent de la taurine <\/b>: nutriment essentiel pour les chats, peut contribuer au fonctionnement normal du c\u0153ur et des yeux.<\/li>\n<li><strong>Sans <\/strong>colorants ni conservateurs artificiels.<\/li>\n<\/ul>\n","protected":false},"excerpt":{"rendered":"<p><strong>Advance Sterilized Adult est une recette savoureuse et de haute qualit\u00e9 adapt\u00e9e aux besoins des chats adultes st\u00e9rilis\u00e9s.<\/strong><\/p>\n<p>\u00c9labor\u00e9e \u00e0 base de dinde en tant que premier ingr\u00e9dient, elle est <strong>facile \u00e0 dig\u00e9rer et aide \u00e0 maintenir un poids id\u00e9al<\/strong> gr\u00e2ce \u00e0 sa teneur en prot\u00e9ines et en calories.<\/p>\n<p>Elle <strong>aide \u00e9galement \u00e0 contr\u00f4ler le pH urinaire et \u00e0 prendre soin de la peau et du pelage<\/strong> gr\u00e2ce aux acides gras om\u00e9ga-3 et om\u00e9ga-6 et au zinc. La taille des croquettes est adapt\u00e9e aux chats adultes.<\/p>\n","protected":false},"featured_media":1300832,"template":"","meta":[],"product_cat":[12551,12583,2697],"product_tag":[],"class_list":{"0":"post-1362673","1":"product","2":"type-product","3":"status-publish","4":"has-post-thumbnail","6":"product_cat-alimentation-du-chat","7":"product_cat-alimentation-premium-pour-chat","8":"product_cat-chat","9":"pa_marque-advance","11":"first","12":"instock","13":"taxable","14":"shipping-taxable","15":"purchasable","16":"product-type-variable"},"yoast_head":"<!-- This site is optimized with the Yoast SEO plugin v27.3 - https:\/\/yoast.com\/product\/yoast-seo-wordpress\/ -->\n<title>Chat St\u00e9rilis\u00e9 Dinde Advance - V\u00e9torino<\/title>\n<meta name=\"description\" content=\"Advance Sterilized Adult est une recette savoureuse et de haute qualit\u00e9 adapt\u00e9e aux besoins des chats adultes st\u00e9rilis\u00e9s.  \u00c9labor\u00e9e \u00e0 base de dinde en tant que premier ingr\u00e9dient, elle est facile \u00e0 dig\u00e9rer et aide \u00e0 maintenir un poids id\u00e9al gr\u00e2ce \u00e0 sa teneur en prot\u00e9ines et en calories.  Elle aide \u00e9galement \u00e0 contr\u00f4ler le pH urinaire et \u00e0 prendre soin de la peau et du pelage gr\u00e2ce aux acides gras om\u00e9ga-3 et om\u00e9ga-6 et au zinc. La taille des croquettes est adapt\u00e9e aux chats adultes.\" \/>\n<meta name=\"robots\" content=\"noindex, nofollow\" \/>\n<meta property=\"og:locale\" content=\"fr_FR\" \/>\n<meta property=\"og:type\" content=\"article\" \/>\n<meta property=\"og:title\" content=\"Chat St\u00e9rilis\u00e9 Dinde Advance - V\u00e9torino\" \/>\n<meta property=\"og:description\" content=\"Advance Sterilized Adult est une recette savoureuse et de haute qualit\u00e9 adapt\u00e9e aux besoins des chats adultes st\u00e9rilis\u00e9s.  \u00c9labor\u00e9e \u00e0 base de dinde en tant que premier ingr\u00e9dient, elle est facile \u00e0 dig\u00e9rer et aide \u00e0 maintenir un poids id\u00e9al gr\u00e2ce \u00e0 sa teneur en prot\u00e9ines et en calories.  Elle aide \u00e9galement \u00e0 contr\u00f4ler le pH urinaire et \u00e0 prendre soin de la peau et du pelage gr\u00e2ce aux acides gras om\u00e9ga-3 et om\u00e9ga-6 et au zinc. La taille des croquettes est adapt\u00e9e aux chats adultes.\" \/>\n<meta property=\"og:url\" content=\"https:\/\/www.vetorino.com\/veterinaire\/plouzevede-29440\/boutique\/product\/advance-chat-adulte-sterilise-dinde\/\" \/>\n<meta property=\"og:site_name\" content=\"V\u00e9torino\" \/>\n<meta property=\"article:publisher\" content=\"https:\/\/www.facebook.com\/Vetorino\/\" \/>\n<meta property=\"article:modified_time\" content=\"2025-06-11T13:57:14+00:00\" \/>\n<meta property=\"og:image\" content=\"https:\/\/www.vetorino.com\/boutique\/wp-content\/uploads\/2025\/04\/chat-sterilise-dinde-1.webp\" \/>\n\t<meta property=\"og:image:width\" content=\"800\" \/>\n\t<meta property=\"og:image:height\" content=\"800\" \/>\n\t<meta property=\"og:image:type\" content=\"image\/webp\" \/>\n<meta name=\"twitter:card\" content=\"summary_large_image\" \/>\n<meta name=\"twitter:label1\" content=\"Disponibilit\u00e9\" \/>\n\t<meta name=\"twitter:data1\" content=\"En stock\" \/>\n<script type=\"application\/ld+json\" class=\"yoast-schema-graph\">{\"@context\":\"https:\\\/\\\/schema.org\",\"@graph\":[{\"@type\":\"WebPage\",\"@id\":\"https:\\\/\\\/www.vetorino.com\\\/veterinaire\\\/briancon-05100\\\/boutique\\\/product\\\/advance-chat-adulte-sterilise-dinde\\\/\",\"url\":\"https:\\\/\\\/www.vetorino.com\\\/veterinaire\\\/briancon-05100\\\/boutique\\\/product\\\/advance-chat-adulte-sterilise-dinde\\\/\",\"name\":\"Chat St\u00e9rilis\u00e9 Dinde Advance - V\u00e9torino\",\"isPartOf\":{\"@id\":\"https:\\\/\\\/www.vetorino.com\\\/boutique\\\/#website\"},\"primaryImageOfPage\":{\"@id\":\"https:\\\/\\\/www.vetorino.com\\\/veterinaire\\\/briancon-05100\\\/boutique\\\/product\\\/advance-chat-adulte-sterilise-dinde\\\/#primaryimage\"},\"image\":{\"@id\":\"https:\\\/\\\/www.vetorino.com\\\/veterinaire\\\/briancon-05100\\\/boutique\\\/product\\\/advance-chat-adulte-sterilise-dinde\\\/#primaryimage\"},\"thumbnailUrl\":\"https:\\\/\\\/www.vetorino.com\\\/boutique\\\/wp-content\\\/uploads\\\/2025\\\/04\\\/chat-sterilise-dinde-1.webp\",\"datePublished\":\"2025-06-07T03:35:20+00:00\",\"dateModified\":\"2025-06-11T13:57:14+00:00\",\"description\":\"Advance Sterilized Adult est une recette savoureuse et de haute qualit\u00e9 adapt\u00e9e aux besoins des chats adultes st\u00e9rilis\u00e9s. \u00c9labor\u00e9e \u00e0 base de dinde en tant que premier ingr\u00e9dient, elle est facile \u00e0 dig\u00e9rer et aide \u00e0 maintenir un poids id\u00e9al gr\u00e2ce \u00e0 sa teneur en prot\u00e9ines et en calories. Elle aide \u00e9galement \u00e0 contr\u00f4ler le pH urinaire et \u00e0 prendre soin de la peau et du pelage gr\u00e2ce aux acides gras om\u00e9ga-3 et om\u00e9ga-6 et au zinc. La taille des croquettes est adapt\u00e9e aux chats adultes.\",\"breadcrumb\":{\"@id\":\"https:\\\/\\\/www.vetorino.com\\\/veterinaire\\\/briancon-05100\\\/boutique\\\/product\\\/advance-chat-adulte-sterilise-dinde\\\/#breadcrumb\"},\"inLanguage\":\"fr-FR\",\"potentialAction\":[{\"@type\":\"ReadAction\",\"target\":[\"https:\\\/\\\/www.vetorino.com\\\/veterinaire\\\/briancon-05100\\\/boutique\\\/product\\\/advance-chat-adulte-sterilise-dinde\\\/\"]}]},{\"@type\":\"ImageObject\",\"inLanguage\":\"fr-FR\",\"@id\":\"https:\\\/\\\/www.vetorino.com\\\/veterinaire\\\/briancon-05100\\\/boutique\\\/product\\\/advance-chat-adulte-sterilise-dinde\\\/#primaryimage\",\"url\":\"https:\\\/\\\/www.vetorino.com\\\/boutique\\\/wp-content\\\/uploads\\\/2025\\\/04\\\/chat-sterilise-dinde-1.webp\",\"contentUrl\":\"https:\\\/\\\/www.vetorino.com\\\/boutique\\\/wp-content\\\/uploads\\\/2025\\\/04\\\/chat-sterilise-dinde-1.webp\",\"width\":800,\"height\":800},{\"@type\":\"BreadcrumbList\",\"@id\":\"https:\\\/\\\/www.vetorino.com\\\/veterinaire\\\/briancon-05100\\\/boutique\\\/product\\\/advance-chat-adulte-sterilise-dinde\\\/#breadcrumb\",\"itemListElement\":[{\"@type\":\"ListItem\",\"position\":1,\"name\":\"Accueil\",\"item\":\"https:\\\/\\\/www.vetorino.com\\\/boutique\\\/\"},{\"@type\":\"ListItem\",\"position\":2,\"name\":\"Produits\",\"item\":\"https:\\\/\\\/www.vetorino.com\\\/boutique\\\/\"},{\"@type\":\"ListItem\",\"position\":3,\"name\":\"Chat St\u00e9rilis\u00e9 Dinde\"}]},{\"@type\":\"WebSite\",\"@id\":\"https:\\\/\\\/www.vetorino.com\\\/boutique\\\/#website\",\"url\":\"https:\\\/\\\/www.vetorino.com\\\/boutique\\\/\",\"name\":\"V\u00e9torino\",\"description\":\"\",\"publisher\":{\"@id\":\"https:\\\/\\\/www.vetorino.com\\\/boutique\\\/#organization\"},\"potentialAction\":[{\"@type\":\"SearchAction\",\"target\":{\"@type\":\"EntryPoint\",\"urlTemplate\":\"https:\\\/\\\/www.vetorino.com\\\/boutique\\\/?s={search_term_string}\"},\"query-input\":{\"@type\":\"PropertyValueSpecification\",\"valueRequired\":true,\"valueName\":\"search_term_string\"}}],\"inLanguage\":\"fr-FR\"},{\"@type\":\"Organization\",\"@id\":\"https:\\\/\\\/www.vetorino.com\\\/boutique\\\/#organization\",\"name\":\"V\u00e9torino\",\"url\":\"https:\\\/\\\/www.vetorino.com\\\/boutique\\\/\",\"logo\":{\"@type\":\"ImageObject\",\"inLanguage\":\"fr-FR\",\"@id\":\"https:\\\/\\\/www.vetorino.com\\\/boutique\\\/#\\\/schema\\\/logo\\\/image\\\/\",\"url\":\"https:\\\/\\\/www.vetorino.com\\\/boutique\\\/wp-content\\\/uploads\\\/2024\\\/10\\\/logo.jpg\",\"contentUrl\":\"https:\\\/\\\/www.vetorino.com\\\/boutique\\\/wp-content\\\/uploads\\\/2024\\\/10\\\/logo.jpg\",\"width\":1200,\"height\":610,\"caption\":\"V\u00e9torino\"},\"image\":{\"@id\":\"https:\\\/\\\/www.vetorino.com\\\/boutique\\\/#\\\/schema\\\/logo\\\/image\\\/\"},\"sameAs\":[\"https:\\\/\\\/www.facebook.com\\\/Vetorino\\\/\",\"https:\\\/\\\/www.instagram.com\\\/vetorino_off\\\/\",\"https:\\\/\\\/www.linkedin.com\\\/company\\\/vtorino\\\/\"]}]}<\/script>\n<meta property=\"product:brand\" content=\"Advance\" \/>\n<meta property=\"og:availability\" content=\"instock\" \/>\n<meta property=\"product:availability\" content=\"instock\" \/>\n<meta property=\"product:condition\" content=\"new\" \/>\n<!-- \/ Yoast SEO plugin. -->","yoast_head_json":{"title":"Chat St\u00e9rilis\u00e9 Dinde Advance - V\u00e9torino","description":"Advance Sterilized Adult est une recette savoureuse et de haute qualit\u00e9 adapt\u00e9e aux besoins des chats adultes st\u00e9rilis\u00e9s.  \u00c9labor\u00e9e \u00e0 base de dinde en tant que premier ingr\u00e9dient, elle est facile \u00e0 dig\u00e9rer et aide \u00e0 maintenir un poids id\u00e9al gr\u00e2ce \u00e0 sa teneur en prot\u00e9ines et en calories.  Elle aide \u00e9galement \u00e0 contr\u00f4ler le pH urinaire et \u00e0 prendre soin de la peau et du pelage gr\u00e2ce aux acides gras om\u00e9ga-3 et om\u00e9ga-6 et au zinc. La taille des croquettes est adapt\u00e9e aux chats adultes.","robots":{"index":"noindex","follow":"nofollow"},"og_locale":"fr_FR","og_type":"article","og_title":"Chat St\u00e9rilis\u00e9 Dinde Advance - V\u00e9torino","og_description":"Advance Sterilized Adult est une recette savoureuse et de haute qualit\u00e9 adapt\u00e9e aux besoins des chats adultes st\u00e9rilis\u00e9s.  \u00c9labor\u00e9e \u00e0 base de dinde en tant que premier ingr\u00e9dient, elle est facile \u00e0 dig\u00e9rer et aide \u00e0 maintenir un poids id\u00e9al gr\u00e2ce \u00e0 sa teneur en prot\u00e9ines et en calories.  Elle aide \u00e9galement \u00e0 contr\u00f4ler le pH urinaire et \u00e0 prendre soin de la peau et du pelage gr\u00e2ce aux acides gras om\u00e9ga-3 et om\u00e9ga-6 et au zinc. La taille des croquettes est adapt\u00e9e aux chats adultes.","og_url":"https:\/\/www.vetorino.com\/veterinaire\/plouzevede-29440\/boutique\/product\/advance-chat-adulte-sterilise-dinde\/","og_site_name":"V\u00e9torino","article_publisher":"https:\/\/www.facebook.com\/Vetorino\/","article_modified_time":"2025-06-11T13:57:14+00:00","og_image":[{"width":800,"height":800,"url":"https:\/\/www.vetorino.com\/boutique\/wp-content\/uploads\/2025\/04\/chat-sterilise-dinde-1.webp","type":"image\/webp"}],"twitter_card":"summary_large_image","twitter_misc":{"Disponibilit\u00e9":"En stock"},"schema":{"@context":"https:\/\/schema.org","@graph":[{"@type":"WebPage","@id":"https:\/\/www.vetorino.com\/veterinaire\/briancon-05100\/boutique\/product\/advance-chat-adulte-sterilise-dinde\/","url":"https:\/\/www.vetorino.com\/veterinaire\/briancon-05100\/boutique\/product\/advance-chat-adulte-sterilise-dinde\/","name":"Chat St\u00e9rilis\u00e9 Dinde Advance - V\u00e9torino","isPartOf":{"@id":"https:\/\/www.vetorino.com\/boutique\/#website"},"primaryImageOfPage":{"@id":"https:\/\/www.vetorino.com\/veterinaire\/briancon-05100\/boutique\/product\/advance-chat-adulte-sterilise-dinde\/#primaryimage"},"image":{"@id":"https:\/\/www.vetorino.com\/veterinaire\/briancon-05100\/boutique\/product\/advance-chat-adulte-sterilise-dinde\/#primaryimage"},"thumbnailUrl":"https:\/\/www.vetorino.com\/boutique\/wp-content\/uploads\/2025\/04\/chat-sterilise-dinde-1.webp","datePublished":"2025-06-07T03:35:20+00:00","dateModified":"2025-06-11T13:57:14+00:00","description":"Advance Sterilized Adult est une recette savoureuse et de haute qualit\u00e9 adapt\u00e9e aux besoins des chats adultes st\u00e9rilis\u00e9s. \u00c9labor\u00e9e \u00e0 base de dinde en tant que premier ingr\u00e9dient, elle est facile \u00e0 dig\u00e9rer et aide \u00e0 maintenir un poids id\u00e9al gr\u00e2ce \u00e0 sa teneur en prot\u00e9ines et en calories. Elle aide \u00e9galement \u00e0 contr\u00f4ler le pH urinaire et \u00e0 prendre soin de la peau et du pelage gr\u00e2ce aux acides gras om\u00e9ga-3 et om\u00e9ga-6 et au zinc. La taille des croquettes est adapt\u00e9e aux chats adultes.","breadcrumb":{"@id":"https:\/\/www.vetorino.com\/veterinaire\/briancon-05100\/boutique\/product\/advance-chat-adulte-sterilise-dinde\/#breadcrumb"},"inLanguage":"fr-FR","potentialAction":[{"@type":"ReadAction","target":["https:\/\/www.vetorino.com\/veterinaire\/briancon-05100\/boutique\/product\/advance-chat-adulte-sterilise-dinde\/"]}]},{"@type":"ImageObject","inLanguage":"fr-FR","@id":"https:\/\/www.vetorino.com\/veterinaire\/briancon-05100\/boutique\/product\/advance-chat-adulte-sterilise-dinde\/#primaryimage","url":"https:\/\/www.vetorino.com\/boutique\/wp-content\/uploads\/2025\/04\/chat-sterilise-dinde-1.webp","contentUrl":"https:\/\/www.vetorino.com\/boutique\/wp-content\/uploads\/2025\/04\/chat-sterilise-dinde-1.webp","width":800,"height":800},{"@type":"BreadcrumbList","@id":"https:\/\/www.vetorino.com\/veterinaire\/briancon-05100\/boutique\/product\/advance-chat-adulte-sterilise-dinde\/#breadcrumb","itemListElement":[{"@type":"ListItem","position":1,"name":"Accueil","item":"https:\/\/www.vetorino.com\/boutique\/"},{"@type":"ListItem","position":2,"name":"Produits","item":"https:\/\/www.vetorino.com\/boutique\/"},{"@type":"ListItem","position":3,"name":"Chat St\u00e9rilis\u00e9 Dinde"}]},{"@type":"WebSite","@id":"https:\/\/www.vetorino.com\/boutique\/#website","url":"https:\/\/www.vetorino.com\/boutique\/","name":"V\u00e9torino","description":"","publisher":{"@id":"https:\/\/www.vetorino.com\/boutique\/#organization"},"potentialAction":[{"@type":"SearchAction","target":{"@type":"EntryPoint","urlTemplate":"https:\/\/www.vetorino.com\/boutique\/?s={search_term_string}"},"query-input":{"@type":"PropertyValueSpecification","valueRequired":true,"valueName":"search_term_string"}}],"inLanguage":"fr-FR"},{"@type":"Organization","@id":"https:\/\/www.vetorino.com\/boutique\/#organization","name":"V\u00e9torino","url":"https:\/\/www.vetorino.com\/boutique\/","logo":{"@type":"ImageObject","inLanguage":"fr-FR","@id":"https:\/\/www.vetorino.com\/boutique\/#\/schema\/logo\/image\/","url":"https:\/\/www.vetorino.com\/boutique\/wp-content\/uploads\/2024\/10\/logo.jpg","contentUrl":"https:\/\/www.vetorino.com\/boutique\/wp-content\/uploads\/2024\/10\/logo.jpg","width":1200,"height":610,"caption":"V\u00e9torino"},"image":{"@id":"https:\/\/www.vetorino.com\/boutique\/#\/schema\/logo\/image\/"},"sameAs":["https:\/\/www.facebook.com\/Vetorino\/","https:\/\/www.instagram.com\/vetorino_off\/","https:\/\/www.linkedin.com\/company\/vtorino\/"]}]},"product_brand":"Advance","og_availability":"instock","product_availability":"instock","product_condition":"new"},"_links":{"self":[{"href":"https:\/\/www.vetorino.com\/veterinaire\/plouzevede-29440\/boutique\/wp-json\/wp\/v2\/product\/1362673","targetHints":{"allow":["GET"]}}],"collection":[{"href":"https:\/\/www.vetorino.com\/veterinaire\/plouzevede-29440\/boutique\/wp-json\/wp\/v2\/product"}],"about":[{"href":"https:\/\/www.vetorino.com\/veterinaire\/plouzevede-29440\/boutique\/wp-json\/wp\/v2\/types\/product"}],"wp:featuredmedia":[{"embeddable":true,"href":"https:\/\/www.vetorino.com\/veterinaire\/plouzevede-29440\/boutique\/wp-json\/wp\/v2\/media\/1300832"}],"wp:attachment":[{"href":"https:\/\/www.vetorino.com\/veterinaire\/plouzevede-29440\/boutique\/wp-json\/wp\/v2\/media?parent=1362673"}],"wp:term":[{"taxonomy":"product_cat","embeddable":true,"href":"https:\/\/www.vetorino.com\/veterinaire\/plouzevede-29440\/boutique\/wp-json\/wp\/v2\/product_cat?post=1362673"},{"taxonomy":"product_tag","embeddable":true,"href":"https:\/\/www.vetorino.com\/veterinaire\/plouzevede-29440\/boutique\/wp-json\/wp\/v2\/product_tag?post=1362673"}],"curies":[{"name":"wp","href":"https:\/\/api.w.org\/{rel}","templated":true}]}}