{"id":1363936,"date":"2025-06-08T05:35:23","date_gmt":"2025-06-08T03:35:23","guid":{"rendered":"https:\/\/www.vetorino.com\/boutique\/product\/vet-hpm-cat-adult-neutered-saumon-bouchees-en-sauce\/"},"modified":"2025-07-29T17:35:32","modified_gmt":"2025-07-29T15:35:32","slug":"vet-hpm-cat-adult-neutered-saumon-bouchees-en-sauce","status":"publish","type":"product","link":"https:\/\/www.vetorino.com\/veterinaire\/plouzevede-29440\/boutique\/product\/vet-hpm-cat-adult-neutered-saumon-bouchees-en-sauce\/","title":{"rendered":"Adult Saumon Neutered Sachet &#8211; chat"},"content":{"rendered":"<p>VETERINARY HPM<sup>\u00ae<\/sup>\u00a0est une gamme d&#8217;aliments pour chat cr\u00e9\u00e9e pour \u00eatre au plus proche de leurs besoins nutritionnels.<\/p>\n<ul>\n<li><strong>Riche en prot\u00e9ines, dont 90% de prot\u00e9ines animales (1er ingr\u00e9dient) et pauvre en glucides<\/strong><\/li>\n<li><strong>Haute app\u00e9tence<\/strong><\/li>\n<li><strong>Ingr\u00e9dients sant\u00e9 de haute qualit\u00e9 s\u00e9lectionn\u00e9s par nos v\u00e9t\u00e9rinaires nutritionnistes<\/strong><\/li>\n<li><strong>Bas\u00e9e sur des \u00e9tudes scientifiques, avec pr\u00e8s de 40 publications\u00a0<\/strong><\/li>\n<\/ul>\n<p dir=\"ltr\">La recette de nos bouch\u00e9es en sauce a \u00e9t\u00e9 formul\u00e9e pour le maintien en bonne sant\u00e9 :<\/p>\n<ul>\n<li dir=\"ltr\">\n<p dir=\"ltr\" role=\"presentation\"><b>Hydratation renforc\u00e9e<\/b><\/p>\n<\/li>\n<\/ul>\n<p dir=\"ltr\">L\u2019apport d\u2019eau est cl\u00e9 pour la sant\u00e9 urinaire des chats. Nos aliments humides permettent \u00e0 votre chat d\u2019ing\u00e9rer plus d\u2019eau. La formulation riche en prot\u00e9ines conduit aussi les chats \u00e0 boire davantage, ce qui est bon pour eux.<\/p>\n<ul>\n<li dir=\"ltr\">\n<p dir=\"ltr\" role=\"presentation\"><b>Sant\u00e9 urinaire favoris\u00e9e<\/b><\/p>\n<\/li>\n<\/ul>\n<p dir=\"ltr\">En augmentant l\u2019apport en eau, donner ces bouch\u00e9es en sauce permettra de r\u00e9duire\u00a0la concentration de l&#8217;urine de votre chat\u00a0en min\u00e9raux. Cela va soutenir la sant\u00e9 urinaire et la sant\u00e9 r\u00e9nale gr\u00e2ce \u00e0 un pH optimis\u00e9, une augmentation du volume des urines et un taux en min\u00e9raux ajust\u00e9.<\/p>\n<ul>\n<li dir=\"ltr\">\n<p dir=\"ltr\" role=\"presentation\"><b>Effets de sati\u00e9t\u00e9 favoris\u00e9e<\/b><\/p>\n<\/li>\n<\/ul>\n<p dir=\"ltr\">Gr\u00e2ce \u00e0 leur teneur \u00e9lev\u00e9e en eau et \u00e0 la pr\u00e9sence de fibres, nos aliments favorisent la sati\u00e9t\u00e9 de votre chat. Cela \u00e9vitera qu\u2019il ait faim et qu\u2019il qu\u00e9mande. L\u2019effet de sati\u00e9t\u00e9 contribuera \u00e0 pr\u00e9venir sa surconsommation et \u00e0 conserver son poids optimal.<\/p>\n<p dir=\"ltr\">Associer nos aliments humides \u00e0 nos aliments secs permettra \u00e0 votre chat de couvrir \u00e0 la fois ses besoins nutritionnels et ses besoins en eau efficacement. Vous pouvez par exemple donner\u00a0<strong>un sachet par jour d\u2019Adult cat humide \u00e0 votre chat et compl\u00e9ter avec la ration ad\u00e9quate de nos croquettes Adult cat<\/strong>.<\/p>\n","protected":false},"excerpt":{"rendered":"<p>Bouch\u00e9es en sauce riches en prot\u00e9ines de haute qualit\u00e9.<\/p>\n<p><strong>B\u00e9n\u00e9fices sant\u00e9 principaux : contr\u00f4le du poids, sant\u00e9 urinaire, support de l&#8217;hydratation, haute tol\u00e9rance digestive, soutien de la peau et du pelage<\/strong><\/p>\n<p>Le maintien du poids de forme et du bon fonctionnement de l&#8217;appareil urinaire sont deux enjeux majeurs pour les chats adultes st\u00e9rilis\u00e9s. Notre aliment est sp\u00e9cifiquement formul\u00e9 pour couvrir leurs besoins nutritionnels sp\u00e9cifiques et les maintenir en bonne sant\u00e9.<\/p>\n<ul class=\"check-list\">\n<li>Chats adultes st\u00e9rilis\u00e9s \u00e0 partir d&#8217;un an<\/li>\n<\/ul>\n","protected":false},"featured_media":1367202,"template":"","meta":[],"product_cat":[12551,12583,2697],"product_tag":[],"class_list":{"0":"post-1363936","1":"product","2":"type-product","3":"status-publish","4":"has-post-thumbnail","6":"product_cat-alimentation-du-chat","7":"product_cat-alimentation-premium-pour-chat","8":"product_cat-chat","9":"pa_marque-virbac","11":"first","12":"instock","13":"taxable","14":"shipping-taxable","15":"purchasable","16":"product-type-variable"},"yoast_head":"<!-- This site is optimized with the Yoast SEO plugin v27.3 - https:\/\/yoast.com\/product\/yoast-seo-wordpress\/ -->\n<title>Veterinary HPM (Virbac) Adult Saumon Neutered Sachet - chat Virbac - V\u00e9torino<\/title>\n<meta name=\"description\" content=\"Bouch\u00e9es en sauce riches en prot\u00e9ines de haute qualit\u00e9.  B\u00e9n\u00e9fices sant\u00e9 principaux : contr\u00f4le du poids, sant\u00e9 urinaire, support de l&#039;hydratation, haute tol\u00e9rance digestive, soutien de la peau et du pelage  Le maintien du poids de forme et du bon fonctionnement de l&#039;appareil urinaire sont deux enjeux majeurs pour les chats adultes st\u00e9rilis\u00e9s. Notre aliment est sp\u00e9cifiquement formul\u00e9 pour couvrir leurs besoins nutritionnels sp\u00e9cifiques et les maintenir en bonne sant\u00e9.   Chats adultes st\u00e9rilis\u00e9s \u00e0 partir d&#039;un an\" \/>\n<meta name=\"robots\" content=\"noindex, nofollow\" \/>\n<meta property=\"og:locale\" content=\"fr_FR\" \/>\n<meta property=\"og:type\" content=\"article\" \/>\n<meta property=\"og:title\" content=\"Veterinary HPM (Virbac) Adult Saumon Neutered Sachet - chat Virbac - V\u00e9torino\" \/>\n<meta property=\"og:description\" content=\"Bouch\u00e9es en sauce riches en prot\u00e9ines de haute qualit\u00e9.  B\u00e9n\u00e9fices sant\u00e9 principaux : contr\u00f4le du poids, sant\u00e9 urinaire, support de l&#039;hydratation, haute tol\u00e9rance digestive, soutien de la peau et du pelage  Le maintien du poids de forme et du bon fonctionnement de l&#039;appareil urinaire sont deux enjeux majeurs pour les chats adultes st\u00e9rilis\u00e9s. Notre aliment est sp\u00e9cifiquement formul\u00e9 pour couvrir leurs besoins nutritionnels sp\u00e9cifiques et les maintenir en bonne sant\u00e9.   Chats adultes st\u00e9rilis\u00e9s \u00e0 partir d&#039;un an\" \/>\n<meta property=\"og:url\" content=\"https:\/\/www.vetorino.com\/veterinaire\/plouzevede-29440\/boutique\/product\/vet-hpm-cat-adult-neutered-saumon-bouchees-en-sauce\/\" \/>\n<meta property=\"og:site_name\" content=\"V\u00e9torino\" \/>\n<meta property=\"article:publisher\" content=\"https:\/\/www.facebook.com\/Vetorino\/\" \/>\n<meta property=\"article:modified_time\" content=\"2025-07-29T15:35:32+00:00\" \/>\n<meta property=\"og:image\" content=\"https:\/\/www.vetorino.com\/boutique\/wp-content\/uploads\/2025\/06\/B-A-cat-wet-adult-with-salmon.png\" \/>\n\t<meta property=\"og:image:width\" content=\"600\" \/>\n\t<meta property=\"og:image:height\" content=\"600\" \/>\n\t<meta property=\"og:image:type\" content=\"image\/png\" \/>\n<meta name=\"twitter:card\" content=\"summary_large_image\" \/>\n<meta name=\"twitter:label1\" content=\"Disponibilit\u00e9\" \/>\n\t<meta name=\"twitter:data1\" content=\"En stock\" \/>\n<script type=\"application\/ld+json\" class=\"yoast-schema-graph\">{\"@context\":\"https:\\\/\\\/schema.org\",\"@graph\":[{\"@type\":\"WebPage\",\"@id\":\"https:\\\/\\\/www.vetorino.com\\\/boutique\\\/product\\\/vet-hpm-cat-adult-neutered-saumon-bouchees-en-sauce\\\/\",\"url\":\"https:\\\/\\\/www.vetorino.com\\\/boutique\\\/product\\\/vet-hpm-cat-adult-neutered-saumon-bouchees-en-sauce\\\/\",\"name\":\"Veterinary HPM (Virbac) Adult Saumon Neutered Sachet - chat Virbac - V\u00e9torino\",\"isPartOf\":{\"@id\":\"https:\\\/\\\/www.vetorino.com\\\/boutique\\\/#website\"},\"primaryImageOfPage\":{\"@id\":\"https:\\\/\\\/www.vetorino.com\\\/boutique\\\/product\\\/vet-hpm-cat-adult-neutered-saumon-bouchees-en-sauce\\\/#primaryimage\"},\"image\":{\"@id\":\"https:\\\/\\\/www.vetorino.com\\\/boutique\\\/product\\\/vet-hpm-cat-adult-neutered-saumon-bouchees-en-sauce\\\/#primaryimage\"},\"thumbnailUrl\":\"https:\\\/\\\/www.vetorino.com\\\/boutique\\\/wp-content\\\/uploads\\\/2025\\\/06\\\/B-A-cat-wet-adult-with-salmon.png\",\"datePublished\":\"2025-06-08T03:35:23+00:00\",\"dateModified\":\"2025-07-29T15:35:32+00:00\",\"description\":\"Bouch\u00e9es en sauce riches en prot\u00e9ines de haute qualit\u00e9. B\u00e9n\u00e9fices sant\u00e9 principaux : contr\u00f4le du poids, sant\u00e9 urinaire, support de l'hydratation, haute tol\u00e9rance digestive, soutien de la peau et du pelage Le maintien du poids de forme et du bon fonctionnement de l'appareil urinaire sont deux enjeux majeurs pour les chats adultes st\u00e9rilis\u00e9s. Notre aliment est sp\u00e9cifiquement formul\u00e9 pour couvrir leurs besoins nutritionnels sp\u00e9cifiques et les maintenir en bonne sant\u00e9. Chats adultes st\u00e9rilis\u00e9s \u00e0 partir d'un an\",\"breadcrumb\":{\"@id\":\"https:\\\/\\\/www.vetorino.com\\\/boutique\\\/product\\\/vet-hpm-cat-adult-neutered-saumon-bouchees-en-sauce\\\/#breadcrumb\"},\"inLanguage\":\"fr-FR\",\"potentialAction\":[{\"@type\":\"ReadAction\",\"target\":[\"https:\\\/\\\/www.vetorino.com\\\/boutique\\\/product\\\/vet-hpm-cat-adult-neutered-saumon-bouchees-en-sauce\\\/\"]}]},{\"@type\":\"ImageObject\",\"inLanguage\":\"fr-FR\",\"@id\":\"https:\\\/\\\/www.vetorino.com\\\/boutique\\\/product\\\/vet-hpm-cat-adult-neutered-saumon-bouchees-en-sauce\\\/#primaryimage\",\"url\":\"https:\\\/\\\/www.vetorino.com\\\/boutique\\\/wp-content\\\/uploads\\\/2025\\\/06\\\/B-A-cat-wet-adult-with-salmon.png\",\"contentUrl\":\"https:\\\/\\\/www.vetorino.com\\\/boutique\\\/wp-content\\\/uploads\\\/2025\\\/06\\\/B-A-cat-wet-adult-with-salmon.png\",\"width\":600,\"height\":600},{\"@type\":\"BreadcrumbList\",\"@id\":\"https:\\\/\\\/www.vetorino.com\\\/boutique\\\/product\\\/vet-hpm-cat-adult-neutered-saumon-bouchees-en-sauce\\\/#breadcrumb\",\"itemListElement\":[{\"@type\":\"ListItem\",\"position\":1,\"name\":\"Accueil\",\"item\":\"https:\\\/\\\/www.vetorino.com\\\/boutique\\\/\"},{\"@type\":\"ListItem\",\"position\":2,\"name\":\"Produits\",\"item\":\"https:\\\/\\\/www.vetorino.com\\\/boutique\\\/\"},{\"@type\":\"ListItem\",\"position\":3,\"name\":\"Adult Saumon Neutered Sachet &#8211; chat\"}]},{\"@type\":\"WebSite\",\"@id\":\"https:\\\/\\\/www.vetorino.com\\\/boutique\\\/#website\",\"url\":\"https:\\\/\\\/www.vetorino.com\\\/boutique\\\/\",\"name\":\"V\u00e9torino\",\"description\":\"\",\"publisher\":{\"@id\":\"https:\\\/\\\/www.vetorino.com\\\/boutique\\\/#organization\"},\"potentialAction\":[{\"@type\":\"SearchAction\",\"target\":{\"@type\":\"EntryPoint\",\"urlTemplate\":\"https:\\\/\\\/www.vetorino.com\\\/boutique\\\/?s={search_term_string}\"},\"query-input\":{\"@type\":\"PropertyValueSpecification\",\"valueRequired\":true,\"valueName\":\"search_term_string\"}}],\"inLanguage\":\"fr-FR\"},{\"@type\":\"Organization\",\"@id\":\"https:\\\/\\\/www.vetorino.com\\\/boutique\\\/#organization\",\"name\":\"V\u00e9torino\",\"url\":\"https:\\\/\\\/www.vetorino.com\\\/boutique\\\/\",\"logo\":{\"@type\":\"ImageObject\",\"inLanguage\":\"fr-FR\",\"@id\":\"https:\\\/\\\/www.vetorino.com\\\/boutique\\\/#\\\/schema\\\/logo\\\/image\\\/\",\"url\":\"https:\\\/\\\/www.vetorino.com\\\/boutique\\\/wp-content\\\/uploads\\\/2024\\\/10\\\/logo.jpg\",\"contentUrl\":\"https:\\\/\\\/www.vetorino.com\\\/boutique\\\/wp-content\\\/uploads\\\/2024\\\/10\\\/logo.jpg\",\"width\":1200,\"height\":610,\"caption\":\"V\u00e9torino\"},\"image\":{\"@id\":\"https:\\\/\\\/www.vetorino.com\\\/boutique\\\/#\\\/schema\\\/logo\\\/image\\\/\"},\"sameAs\":[\"https:\\\/\\\/www.facebook.com\\\/Vetorino\\\/\",\"https:\\\/\\\/www.instagram.com\\\/vetorino_off\\\/\",\"https:\\\/\\\/www.linkedin.com\\\/company\\\/vtorino\\\/\"]}]}<\/script>\n<meta property=\"product:brand\" content=\"Virbac\" \/>\n<meta property=\"og:availability\" content=\"instock\" \/>\n<meta property=\"product:availability\" content=\"instock\" \/>\n<meta property=\"product:condition\" content=\"new\" \/>\n<!-- \/ Yoast SEO plugin. -->","yoast_head_json":{"title":"Veterinary HPM (Virbac) Adult Saumon Neutered Sachet - chat Virbac - V\u00e9torino","description":"Bouch\u00e9es en sauce riches en prot\u00e9ines de haute qualit\u00e9.  B\u00e9n\u00e9fices sant\u00e9 principaux : contr\u00f4le du poids, sant\u00e9 urinaire, support de l'hydratation, haute tol\u00e9rance digestive, soutien de la peau et du pelage  Le maintien du poids de forme et du bon fonctionnement de l'appareil urinaire sont deux enjeux majeurs pour les chats adultes st\u00e9rilis\u00e9s. Notre aliment est sp\u00e9cifiquement formul\u00e9 pour couvrir leurs besoins nutritionnels sp\u00e9cifiques et les maintenir en bonne sant\u00e9.   Chats adultes st\u00e9rilis\u00e9s \u00e0 partir d'un an","robots":{"index":"noindex","follow":"nofollow"},"og_locale":"fr_FR","og_type":"article","og_title":"Veterinary HPM (Virbac) Adult Saumon Neutered Sachet - chat Virbac - V\u00e9torino","og_description":"Bouch\u00e9es en sauce riches en prot\u00e9ines de haute qualit\u00e9.  B\u00e9n\u00e9fices sant\u00e9 principaux : contr\u00f4le du poids, sant\u00e9 urinaire, support de l'hydratation, haute tol\u00e9rance digestive, soutien de la peau et du pelage  Le maintien du poids de forme et du bon fonctionnement de l'appareil urinaire sont deux enjeux majeurs pour les chats adultes st\u00e9rilis\u00e9s. Notre aliment est sp\u00e9cifiquement formul\u00e9 pour couvrir leurs besoins nutritionnels sp\u00e9cifiques et les maintenir en bonne sant\u00e9.   Chats adultes st\u00e9rilis\u00e9s \u00e0 partir d'un an","og_url":"https:\/\/www.vetorino.com\/veterinaire\/plouzevede-29440\/boutique\/product\/vet-hpm-cat-adult-neutered-saumon-bouchees-en-sauce\/","og_site_name":"V\u00e9torino","article_publisher":"https:\/\/www.facebook.com\/Vetorino\/","article_modified_time":"2025-07-29T15:35:32+00:00","og_image":[{"width":600,"height":600,"url":"https:\/\/www.vetorino.com\/boutique\/wp-content\/uploads\/2025\/06\/B-A-cat-wet-adult-with-salmon.png","type":"image\/png"}],"twitter_card":"summary_large_image","twitter_misc":{"Disponibilit\u00e9":"En stock"},"schema":{"@context":"https:\/\/schema.org","@graph":[{"@type":"WebPage","@id":"https:\/\/www.vetorino.com\/boutique\/product\/vet-hpm-cat-adult-neutered-saumon-bouchees-en-sauce\/","url":"https:\/\/www.vetorino.com\/boutique\/product\/vet-hpm-cat-adult-neutered-saumon-bouchees-en-sauce\/","name":"Veterinary HPM (Virbac) Adult Saumon Neutered Sachet - chat Virbac - V\u00e9torino","isPartOf":{"@id":"https:\/\/www.vetorino.com\/boutique\/#website"},"primaryImageOfPage":{"@id":"https:\/\/www.vetorino.com\/boutique\/product\/vet-hpm-cat-adult-neutered-saumon-bouchees-en-sauce\/#primaryimage"},"image":{"@id":"https:\/\/www.vetorino.com\/boutique\/product\/vet-hpm-cat-adult-neutered-saumon-bouchees-en-sauce\/#primaryimage"},"thumbnailUrl":"https:\/\/www.vetorino.com\/boutique\/wp-content\/uploads\/2025\/06\/B-A-cat-wet-adult-with-salmon.png","datePublished":"2025-06-08T03:35:23+00:00","dateModified":"2025-07-29T15:35:32+00:00","description":"Bouch\u00e9es en sauce riches en prot\u00e9ines de haute qualit\u00e9. B\u00e9n\u00e9fices sant\u00e9 principaux : contr\u00f4le du poids, sant\u00e9 urinaire, support de l'hydratation, haute tol\u00e9rance digestive, soutien de la peau et du pelage Le maintien du poids de forme et du bon fonctionnement de l'appareil urinaire sont deux enjeux majeurs pour les chats adultes st\u00e9rilis\u00e9s. Notre aliment est sp\u00e9cifiquement formul\u00e9 pour couvrir leurs besoins nutritionnels sp\u00e9cifiques et les maintenir en bonne sant\u00e9. Chats adultes st\u00e9rilis\u00e9s \u00e0 partir d'un an","breadcrumb":{"@id":"https:\/\/www.vetorino.com\/boutique\/product\/vet-hpm-cat-adult-neutered-saumon-bouchees-en-sauce\/#breadcrumb"},"inLanguage":"fr-FR","potentialAction":[{"@type":"ReadAction","target":["https:\/\/www.vetorino.com\/boutique\/product\/vet-hpm-cat-adult-neutered-saumon-bouchees-en-sauce\/"]}]},{"@type":"ImageObject","inLanguage":"fr-FR","@id":"https:\/\/www.vetorino.com\/boutique\/product\/vet-hpm-cat-adult-neutered-saumon-bouchees-en-sauce\/#primaryimage","url":"https:\/\/www.vetorino.com\/boutique\/wp-content\/uploads\/2025\/06\/B-A-cat-wet-adult-with-salmon.png","contentUrl":"https:\/\/www.vetorino.com\/boutique\/wp-content\/uploads\/2025\/06\/B-A-cat-wet-adult-with-salmon.png","width":600,"height":600},{"@type":"BreadcrumbList","@id":"https:\/\/www.vetorino.com\/boutique\/product\/vet-hpm-cat-adult-neutered-saumon-bouchees-en-sauce\/#breadcrumb","itemListElement":[{"@type":"ListItem","position":1,"name":"Accueil","item":"https:\/\/www.vetorino.com\/boutique\/"},{"@type":"ListItem","position":2,"name":"Produits","item":"https:\/\/www.vetorino.com\/boutique\/"},{"@type":"ListItem","position":3,"name":"Adult Saumon Neutered Sachet &#8211; chat"}]},{"@type":"WebSite","@id":"https:\/\/www.vetorino.com\/boutique\/#website","url":"https:\/\/www.vetorino.com\/boutique\/","name":"V\u00e9torino","description":"","publisher":{"@id":"https:\/\/www.vetorino.com\/boutique\/#organization"},"potentialAction":[{"@type":"SearchAction","target":{"@type":"EntryPoint","urlTemplate":"https:\/\/www.vetorino.com\/boutique\/?s={search_term_string}"},"query-input":{"@type":"PropertyValueSpecification","valueRequired":true,"valueName":"search_term_string"}}],"inLanguage":"fr-FR"},{"@type":"Organization","@id":"https:\/\/www.vetorino.com\/boutique\/#organization","name":"V\u00e9torino","url":"https:\/\/www.vetorino.com\/boutique\/","logo":{"@type":"ImageObject","inLanguage":"fr-FR","@id":"https:\/\/www.vetorino.com\/boutique\/#\/schema\/logo\/image\/","url":"https:\/\/www.vetorino.com\/boutique\/wp-content\/uploads\/2024\/10\/logo.jpg","contentUrl":"https:\/\/www.vetorino.com\/boutique\/wp-content\/uploads\/2024\/10\/logo.jpg","width":1200,"height":610,"caption":"V\u00e9torino"},"image":{"@id":"https:\/\/www.vetorino.com\/boutique\/#\/schema\/logo\/image\/"},"sameAs":["https:\/\/www.facebook.com\/Vetorino\/","https:\/\/www.instagram.com\/vetorino_off\/","https:\/\/www.linkedin.com\/company\/vtorino\/"]}]},"product_brand":"Virbac","og_availability":"instock","product_availability":"instock","product_condition":"new"},"_links":{"self":[{"href":"https:\/\/www.vetorino.com\/veterinaire\/plouzevede-29440\/boutique\/wp-json\/wp\/v2\/product\/1363936","targetHints":{"allow":["GET"]}}],"collection":[{"href":"https:\/\/www.vetorino.com\/veterinaire\/plouzevede-29440\/boutique\/wp-json\/wp\/v2\/product"}],"about":[{"href":"https:\/\/www.vetorino.com\/veterinaire\/plouzevede-29440\/boutique\/wp-json\/wp\/v2\/types\/product"}],"wp:featuredmedia":[{"embeddable":true,"href":"https:\/\/www.vetorino.com\/veterinaire\/plouzevede-29440\/boutique\/wp-json\/wp\/v2\/media\/1367202"}],"wp:attachment":[{"href":"https:\/\/www.vetorino.com\/veterinaire\/plouzevede-29440\/boutique\/wp-json\/wp\/v2\/media?parent=1363936"}],"wp:term":[{"taxonomy":"product_cat","embeddable":true,"href":"https:\/\/www.vetorino.com\/veterinaire\/plouzevede-29440\/boutique\/wp-json\/wp\/v2\/product_cat?post=1363936"},{"taxonomy":"product_tag","embeddable":true,"href":"https:\/\/www.vetorino.com\/veterinaire\/plouzevede-29440\/boutique\/wp-json\/wp\/v2\/product_tag?post=1363936"}],"curies":[{"name":"wp","href":"https:\/\/api.w.org\/{rel}","templated":true}]}}