{"id":1369773,"date":"2025-06-12T05:35:28","date_gmt":"2025-06-12T03:35:28","guid":{"rendered":"https:\/\/www.vetorino.com\/boutique\/product\/advance-veterinary-diets-chien-gastroenteric\/"},"modified":"2025-07-01T11:41:01","modified_gmt":"2025-07-01T09:41:01","slug":"advance-veterinary-diets-chien-gastroenteric","status":"publish","type":"product","link":"https:\/\/www.vetorino.com\/veterinaire\/plouzevede-29440\/boutique\/product\/advance-veterinary-diets-chien-gastroenteric\/","title":{"rendered":"Chien Gastroenteric Poulet"},"content":{"rendered":"<p><strong>ADVANCE VETERINARY DIETS Gastroenteric est un aliment di\u00e9t\u00e9tique complet pour chiots et chiens adultes, \u00e0 base d&#8217;ingr\u00e9dients hautement digestibles, \u00e0 faible teneur en mati\u00e8res grasses et avec une concentration plus \u00e9lev\u00e9e en sodium et en potassium, pour aider \u00e0 r\u00e9duire certaines affections gastro-intestinales et en cas d&#8217;insuffisance pancr\u00e9atique exocrine.<\/strong><\/p>\n<p>Sa teneur en probiotiques et en pr\u00e9biotiques aide \u00e0 am\u00e9liorer le microbiote intestinal et \u00e0 renforcer la barri\u00e8re intestinale. Sa formule hautement digestible facilite l&#8217;absorption des nutriments essentiels.<\/p>\n<p>Les r\u00e9sultats de la gamme ADVANCE VETERINARY DIETS Gastroenteric sont cliniquement prouv\u00e9s : am\u00e9lioration des selles molles en 24 heures et diminution de leur fr\u00e9quence en 48 heures. Avec ADVANCE VETERINARY DIETS Gastroenteric, le risque de dysbiose est divis\u00e9 par 2.*<\/p>\n<p>ADVANCE VETERINARY DIETS Gastroenteric contient des probiotiques, des pr\u00e9biotiques et des immunoglobulines actives qui favorisent le d\u00e9veloppement d&#8217;un microbiote intestinal sain, facteur cl\u00e9 de bonnes d\u00e9fenses.<\/p>\n<p><strong>Utilisation :\u00a0<\/strong><\/p>\n<p>\u2022 Ent\u00e9rite, gastrite<br \/>\n\u2022 Diarrh\u00e9e<br \/>\n\u2022 Pancr\u00e9atite<br \/>\n\u2022 Insuffisance pancr\u00e9atique exocrine<br \/>\n\u2022 Maladie inflammatoire de l\u2019intestin<br \/>\n\u2022 Mauvaise digestion \/ Malabsorption<br \/>\n\u2022 Lymphangiectasie intestinale<br \/>\n\u2022 Pathologie h\u00e9patique non li\u00e9e \u00e0 une enc\u00e9phalopathie<br \/>\n\u2022 Pour tous les \u00e2ges et pour les chiots d\u00e8s 14 semaines<\/p>\n<p><strong>Il est recommand\u00e9 de consulter un v\u00e9t\u00e9rinaire avant l&#8217;introduction d&#8217;un r\u00e9gime alimentaire v\u00e9t\u00e9rinaire.<\/strong><\/p>\n<p><em>(*\u00c9tude clinique en double aveugle, contr\u00f4l\u00e9e par placebo, chez des chiens souffrant de troubles gastro-intestinaux aigus.)<\/em><\/p>\n","protected":false},"excerpt":{"rendered":"<p>ADVANCE VETERINARY DIETS Gastroenteric est un<strong> aliment di\u00e9t\u00e9tique complet pour chiots et chiens adultes.<\/strong><\/p>\n<p>Ingr\u00e9dients hautement digestibles, \u00e0 faible teneur en mati\u00e8res grasses et avec une concentration plus \u00e9lev\u00e9e en sodium et en potassium,<strong> pour aider \u00e0<\/strong> <strong>r\u00e9duire certaines affections gastro-intestinales et en cas d&#8217;insuffisance pancr\u00e9atique exocrine.<\/strong><\/p>\n","protected":false},"featured_media":1300698,"template":"","meta":[],"product_cat":[12552,12582,2698],"product_tag":[],"class_list":{"0":"post-1369773","1":"product","2":"type-product","3":"status-publish","4":"has-post-thumbnail","6":"product_cat-alimentation-du-chien","7":"product_cat-alimentation-medicalisee-pour-chien","8":"product_cat-chien","9":"pa_marque-advance","11":"first","12":"instock","13":"taxable","14":"shipping-taxable","15":"purchasable","16":"product-type-variable"},"yoast_head":"<!-- This site is optimized with the Yoast SEO plugin v27.3 - https:\/\/yoast.com\/product\/yoast-seo-wordpress\/ -->\n<title>Veterinary Diets (Advance) Chien Gastroenteric Poulet Advance - V\u00e9torino<\/title>\n<meta name=\"description\" content=\"ADVANCE VETERINARY DIETS Gastroenteric est un aliment di\u00e9t\u00e9tique complet pour chiots et chiens adultes.  Ingr\u00e9dients hautement digestibles, \u00e0 faible teneur en mati\u00e8res grasses et avec une concentration plus \u00e9lev\u00e9e en sodium et en potassium, pour aider \u00e0 r\u00e9duire certaines affections gastro-intestinales et en cas d&#039;insuffisance pancr\u00e9atique exocrine.\" \/>\n<meta name=\"robots\" content=\"noindex, nofollow\" \/>\n<meta property=\"og:locale\" content=\"fr_FR\" \/>\n<meta property=\"og:type\" content=\"article\" \/>\n<meta property=\"og:title\" content=\"Veterinary Diets (Advance) Chien Gastroenteric Poulet Advance - V\u00e9torino\" \/>\n<meta property=\"og:description\" content=\"ADVANCE VETERINARY DIETS Gastroenteric est un aliment di\u00e9t\u00e9tique complet pour chiots et chiens adultes.  Ingr\u00e9dients hautement digestibles, \u00e0 faible teneur en mati\u00e8res grasses et avec une concentration plus \u00e9lev\u00e9e en sodium et en potassium, pour aider \u00e0 r\u00e9duire certaines affections gastro-intestinales et en cas d&#039;insuffisance pancr\u00e9atique exocrine.\" \/>\n<meta property=\"og:url\" content=\"https:\/\/www.vetorino.com\/veterinaire\/plouzevede-29440\/boutique\/product\/advance-veterinary-diets-chien-gastroenteric\/\" \/>\n<meta property=\"og:site_name\" content=\"V\u00e9torino\" \/>\n<meta property=\"article:publisher\" content=\"https:\/\/www.facebook.com\/Vetorino\/\" \/>\n<meta property=\"article:modified_time\" content=\"2025-07-01T09:41:01+00:00\" \/>\n<meta property=\"og:image\" content=\"https:\/\/www.vetorino.com\/boutique\/wp-content\/uploads\/2025\/04\/gastroenteric-poulet.jpg\" \/>\n\t<meta property=\"og:image:width\" content=\"967\" \/>\n\t<meta property=\"og:image:height\" content=\"1024\" \/>\n\t<meta property=\"og:image:type\" content=\"image\/jpeg\" \/>\n<meta name=\"twitter:card\" content=\"summary_large_image\" \/>\n<meta name=\"twitter:label1\" content=\"Disponibilit\u00e9\" \/>\n\t<meta name=\"twitter:data1\" content=\"En stock\" \/>\n<script type=\"application\/ld+json\" class=\"yoast-schema-graph\">{\"@context\":\"https:\\\/\\\/schema.org\",\"@graph\":[{\"@type\":\"WebPage\",\"@id\":\"https:\\\/\\\/www.vetorino.com\\\/veterinaire\\\/briancon-05100\\\/boutique\\\/product\\\/advance-veterinary-diets-chien-gastroenteric\\\/\",\"url\":\"https:\\\/\\\/www.vetorino.com\\\/veterinaire\\\/briancon-05100\\\/boutique\\\/product\\\/advance-veterinary-diets-chien-gastroenteric\\\/\",\"name\":\"Veterinary Diets (Advance) Chien Gastroenteric Poulet Advance - V\u00e9torino\",\"isPartOf\":{\"@id\":\"https:\\\/\\\/www.vetorino.com\\\/boutique\\\/#website\"},\"primaryImageOfPage\":{\"@id\":\"https:\\\/\\\/www.vetorino.com\\\/veterinaire\\\/briancon-05100\\\/boutique\\\/product\\\/advance-veterinary-diets-chien-gastroenteric\\\/#primaryimage\"},\"image\":{\"@id\":\"https:\\\/\\\/www.vetorino.com\\\/veterinaire\\\/briancon-05100\\\/boutique\\\/product\\\/advance-veterinary-diets-chien-gastroenteric\\\/#primaryimage\"},\"thumbnailUrl\":\"https:\\\/\\\/www.vetorino.com\\\/boutique\\\/wp-content\\\/uploads\\\/2025\\\/04\\\/gastroenteric-poulet.jpg\",\"datePublished\":\"2025-06-12T03:35:28+00:00\",\"dateModified\":\"2025-07-01T09:41:01+00:00\",\"description\":\"ADVANCE VETERINARY DIETS Gastroenteric est un aliment di\u00e9t\u00e9tique complet pour chiots et chiens adultes. Ingr\u00e9dients hautement digestibles, \u00e0 faible teneur en mati\u00e8res grasses et avec une concentration plus \u00e9lev\u00e9e en sodium et en potassium, pour aider \u00e0 r\u00e9duire certaines affections gastro-intestinales et en cas d'insuffisance pancr\u00e9atique exocrine.\",\"breadcrumb\":{\"@id\":\"https:\\\/\\\/www.vetorino.com\\\/veterinaire\\\/briancon-05100\\\/boutique\\\/product\\\/advance-veterinary-diets-chien-gastroenteric\\\/#breadcrumb\"},\"inLanguage\":\"fr-FR\",\"potentialAction\":[{\"@type\":\"ReadAction\",\"target\":[\"https:\\\/\\\/www.vetorino.com\\\/veterinaire\\\/briancon-05100\\\/boutique\\\/product\\\/advance-veterinary-diets-chien-gastroenteric\\\/\"]}]},{\"@type\":\"ImageObject\",\"inLanguage\":\"fr-FR\",\"@id\":\"https:\\\/\\\/www.vetorino.com\\\/veterinaire\\\/briancon-05100\\\/boutique\\\/product\\\/advance-veterinary-diets-chien-gastroenteric\\\/#primaryimage\",\"url\":\"https:\\\/\\\/www.vetorino.com\\\/boutique\\\/wp-content\\\/uploads\\\/2025\\\/04\\\/gastroenteric-poulet.jpg\",\"contentUrl\":\"https:\\\/\\\/www.vetorino.com\\\/boutique\\\/wp-content\\\/uploads\\\/2025\\\/04\\\/gastroenteric-poulet.jpg\",\"width\":967,\"height\":1024},{\"@type\":\"BreadcrumbList\",\"@id\":\"https:\\\/\\\/www.vetorino.com\\\/veterinaire\\\/briancon-05100\\\/boutique\\\/product\\\/advance-veterinary-diets-chien-gastroenteric\\\/#breadcrumb\",\"itemListElement\":[{\"@type\":\"ListItem\",\"position\":1,\"name\":\"Accueil\",\"item\":\"https:\\\/\\\/www.vetorino.com\\\/boutique\\\/\"},{\"@type\":\"ListItem\",\"position\":2,\"name\":\"Produits\",\"item\":\"https:\\\/\\\/www.vetorino.com\\\/boutique\\\/\"},{\"@type\":\"ListItem\",\"position\":3,\"name\":\"Chien Gastroenteric Poulet\"}]},{\"@type\":\"WebSite\",\"@id\":\"https:\\\/\\\/www.vetorino.com\\\/boutique\\\/#website\",\"url\":\"https:\\\/\\\/www.vetorino.com\\\/boutique\\\/\",\"name\":\"V\u00e9torino\",\"description\":\"\",\"publisher\":{\"@id\":\"https:\\\/\\\/www.vetorino.com\\\/boutique\\\/#organization\"},\"potentialAction\":[{\"@type\":\"SearchAction\",\"target\":{\"@type\":\"EntryPoint\",\"urlTemplate\":\"https:\\\/\\\/www.vetorino.com\\\/boutique\\\/?s={search_term_string}\"},\"query-input\":{\"@type\":\"PropertyValueSpecification\",\"valueRequired\":true,\"valueName\":\"search_term_string\"}}],\"inLanguage\":\"fr-FR\"},{\"@type\":\"Organization\",\"@id\":\"https:\\\/\\\/www.vetorino.com\\\/boutique\\\/#organization\",\"name\":\"V\u00e9torino\",\"url\":\"https:\\\/\\\/www.vetorino.com\\\/boutique\\\/\",\"logo\":{\"@type\":\"ImageObject\",\"inLanguage\":\"fr-FR\",\"@id\":\"https:\\\/\\\/www.vetorino.com\\\/boutique\\\/#\\\/schema\\\/logo\\\/image\\\/\",\"url\":\"https:\\\/\\\/www.vetorino.com\\\/boutique\\\/wp-content\\\/uploads\\\/2024\\\/10\\\/logo.jpg\",\"contentUrl\":\"https:\\\/\\\/www.vetorino.com\\\/boutique\\\/wp-content\\\/uploads\\\/2024\\\/10\\\/logo.jpg\",\"width\":1200,\"height\":610,\"caption\":\"V\u00e9torino\"},\"image\":{\"@id\":\"https:\\\/\\\/www.vetorino.com\\\/boutique\\\/#\\\/schema\\\/logo\\\/image\\\/\"},\"sameAs\":[\"https:\\\/\\\/www.facebook.com\\\/Vetorino\\\/\",\"https:\\\/\\\/www.instagram.com\\\/vetorino_off\\\/\",\"https:\\\/\\\/www.linkedin.com\\\/company\\\/vtorino\\\/\"]}]}<\/script>\n<meta property=\"product:brand\" content=\"Advance\" \/>\n<meta property=\"og:availability\" content=\"instock\" \/>\n<meta property=\"product:availability\" content=\"instock\" \/>\n<meta property=\"product:condition\" content=\"new\" \/>\n<!-- \/ Yoast SEO plugin. -->","yoast_head_json":{"title":"Veterinary Diets (Advance) Chien Gastroenteric Poulet Advance - V\u00e9torino","description":"ADVANCE VETERINARY DIETS Gastroenteric est un aliment di\u00e9t\u00e9tique complet pour chiots et chiens adultes.  Ingr\u00e9dients hautement digestibles, \u00e0 faible teneur en mati\u00e8res grasses et avec une concentration plus \u00e9lev\u00e9e en sodium et en potassium, pour aider \u00e0 r\u00e9duire certaines affections gastro-intestinales et en cas d'insuffisance pancr\u00e9atique exocrine.","robots":{"index":"noindex","follow":"nofollow"},"og_locale":"fr_FR","og_type":"article","og_title":"Veterinary Diets (Advance) Chien Gastroenteric Poulet Advance - V\u00e9torino","og_description":"ADVANCE VETERINARY DIETS Gastroenteric est un aliment di\u00e9t\u00e9tique complet pour chiots et chiens adultes.  Ingr\u00e9dients hautement digestibles, \u00e0 faible teneur en mati\u00e8res grasses et avec une concentration plus \u00e9lev\u00e9e en sodium et en potassium, pour aider \u00e0 r\u00e9duire certaines affections gastro-intestinales et en cas d'insuffisance pancr\u00e9atique exocrine.","og_url":"https:\/\/www.vetorino.com\/veterinaire\/plouzevede-29440\/boutique\/product\/advance-veterinary-diets-chien-gastroenteric\/","og_site_name":"V\u00e9torino","article_publisher":"https:\/\/www.facebook.com\/Vetorino\/","article_modified_time":"2025-07-01T09:41:01+00:00","og_image":[{"width":967,"height":1024,"url":"https:\/\/www.vetorino.com\/boutique\/wp-content\/uploads\/2025\/04\/gastroenteric-poulet.jpg","type":"image\/jpeg"}],"twitter_card":"summary_large_image","twitter_misc":{"Disponibilit\u00e9":"En stock"},"schema":{"@context":"https:\/\/schema.org","@graph":[{"@type":"WebPage","@id":"https:\/\/www.vetorino.com\/veterinaire\/briancon-05100\/boutique\/product\/advance-veterinary-diets-chien-gastroenteric\/","url":"https:\/\/www.vetorino.com\/veterinaire\/briancon-05100\/boutique\/product\/advance-veterinary-diets-chien-gastroenteric\/","name":"Veterinary Diets (Advance) Chien Gastroenteric Poulet Advance - V\u00e9torino","isPartOf":{"@id":"https:\/\/www.vetorino.com\/boutique\/#website"},"primaryImageOfPage":{"@id":"https:\/\/www.vetorino.com\/veterinaire\/briancon-05100\/boutique\/product\/advance-veterinary-diets-chien-gastroenteric\/#primaryimage"},"image":{"@id":"https:\/\/www.vetorino.com\/veterinaire\/briancon-05100\/boutique\/product\/advance-veterinary-diets-chien-gastroenteric\/#primaryimage"},"thumbnailUrl":"https:\/\/www.vetorino.com\/boutique\/wp-content\/uploads\/2025\/04\/gastroenteric-poulet.jpg","datePublished":"2025-06-12T03:35:28+00:00","dateModified":"2025-07-01T09:41:01+00:00","description":"ADVANCE VETERINARY DIETS Gastroenteric est un aliment di\u00e9t\u00e9tique complet pour chiots et chiens adultes. Ingr\u00e9dients hautement digestibles, \u00e0 faible teneur en mati\u00e8res grasses et avec une concentration plus \u00e9lev\u00e9e en sodium et en potassium, pour aider \u00e0 r\u00e9duire certaines affections gastro-intestinales et en cas d'insuffisance pancr\u00e9atique exocrine.","breadcrumb":{"@id":"https:\/\/www.vetorino.com\/veterinaire\/briancon-05100\/boutique\/product\/advance-veterinary-diets-chien-gastroenteric\/#breadcrumb"},"inLanguage":"fr-FR","potentialAction":[{"@type":"ReadAction","target":["https:\/\/www.vetorino.com\/veterinaire\/briancon-05100\/boutique\/product\/advance-veterinary-diets-chien-gastroenteric\/"]}]},{"@type":"ImageObject","inLanguage":"fr-FR","@id":"https:\/\/www.vetorino.com\/veterinaire\/briancon-05100\/boutique\/product\/advance-veterinary-diets-chien-gastroenteric\/#primaryimage","url":"https:\/\/www.vetorino.com\/boutique\/wp-content\/uploads\/2025\/04\/gastroenteric-poulet.jpg","contentUrl":"https:\/\/www.vetorino.com\/boutique\/wp-content\/uploads\/2025\/04\/gastroenteric-poulet.jpg","width":967,"height":1024},{"@type":"BreadcrumbList","@id":"https:\/\/www.vetorino.com\/veterinaire\/briancon-05100\/boutique\/product\/advance-veterinary-diets-chien-gastroenteric\/#breadcrumb","itemListElement":[{"@type":"ListItem","position":1,"name":"Accueil","item":"https:\/\/www.vetorino.com\/boutique\/"},{"@type":"ListItem","position":2,"name":"Produits","item":"https:\/\/www.vetorino.com\/boutique\/"},{"@type":"ListItem","position":3,"name":"Chien Gastroenteric Poulet"}]},{"@type":"WebSite","@id":"https:\/\/www.vetorino.com\/boutique\/#website","url":"https:\/\/www.vetorino.com\/boutique\/","name":"V\u00e9torino","description":"","publisher":{"@id":"https:\/\/www.vetorino.com\/boutique\/#organization"},"potentialAction":[{"@type":"SearchAction","target":{"@type":"EntryPoint","urlTemplate":"https:\/\/www.vetorino.com\/boutique\/?s={search_term_string}"},"query-input":{"@type":"PropertyValueSpecification","valueRequired":true,"valueName":"search_term_string"}}],"inLanguage":"fr-FR"},{"@type":"Organization","@id":"https:\/\/www.vetorino.com\/boutique\/#organization","name":"V\u00e9torino","url":"https:\/\/www.vetorino.com\/boutique\/","logo":{"@type":"ImageObject","inLanguage":"fr-FR","@id":"https:\/\/www.vetorino.com\/boutique\/#\/schema\/logo\/image\/","url":"https:\/\/www.vetorino.com\/boutique\/wp-content\/uploads\/2024\/10\/logo.jpg","contentUrl":"https:\/\/www.vetorino.com\/boutique\/wp-content\/uploads\/2024\/10\/logo.jpg","width":1200,"height":610,"caption":"V\u00e9torino"},"image":{"@id":"https:\/\/www.vetorino.com\/boutique\/#\/schema\/logo\/image\/"},"sameAs":["https:\/\/www.facebook.com\/Vetorino\/","https:\/\/www.instagram.com\/vetorino_off\/","https:\/\/www.linkedin.com\/company\/vtorino\/"]}]},"product_brand":"Advance","og_availability":"instock","product_availability":"instock","product_condition":"new"},"_links":{"self":[{"href":"https:\/\/www.vetorino.com\/veterinaire\/plouzevede-29440\/boutique\/wp-json\/wp\/v2\/product\/1369773","targetHints":{"allow":["GET"]}}],"collection":[{"href":"https:\/\/www.vetorino.com\/veterinaire\/plouzevede-29440\/boutique\/wp-json\/wp\/v2\/product"}],"about":[{"href":"https:\/\/www.vetorino.com\/veterinaire\/plouzevede-29440\/boutique\/wp-json\/wp\/v2\/types\/product"}],"wp:featuredmedia":[{"embeddable":true,"href":"https:\/\/www.vetorino.com\/veterinaire\/plouzevede-29440\/boutique\/wp-json\/wp\/v2\/media\/1300698"}],"wp:attachment":[{"href":"https:\/\/www.vetorino.com\/veterinaire\/plouzevede-29440\/boutique\/wp-json\/wp\/v2\/media?parent=1369773"}],"wp:term":[{"taxonomy":"product_cat","embeddable":true,"href":"https:\/\/www.vetorino.com\/veterinaire\/plouzevede-29440\/boutique\/wp-json\/wp\/v2\/product_cat?post=1369773"},{"taxonomy":"product_tag","embeddable":true,"href":"https:\/\/www.vetorino.com\/veterinaire\/plouzevede-29440\/boutique\/wp-json\/wp\/v2\/product_tag?post=1369773"}],"curies":[{"name":"wp","href":"https:\/\/api.w.org\/{rel}","templated":true}]}}