{"id":1371346,"date":"2025-06-13T05:35:04","date_gmt":"2025-06-13T03:35:04","guid":{"rendered":"https:\/\/www.vetorino.com\/boutique\/product\/advance-chat-adulte-sterilise-poisson-sachets\/"},"modified":"2026-01-06T10:03:40","modified_gmt":"2026-01-06T09:03:40","slug":"advance-chat-adulte-sterilise-poisson-sachets","status":"publish","type":"product","link":"https:\/\/www.vetorino.com\/veterinaire\/plouzevede-29440\/boutique\/product\/advance-chat-adulte-sterilise-poisson-sachets\/","title":{"rendered":"Chat Adulte St\u00e9rilis\u00e9 Poisson"},"content":{"rendered":"<p>Une fois votre <strong>chat st\u00e9rilis\u00e9<\/strong>, il est essentiel de prendre soin de son alimentation en utilisant une <strong>nourriture sp\u00e9cifique adapt\u00e9e aux besoins de votre animal<\/strong> afin de maintenir une condition physique optimale.<\/p>\n<p>ADVANCE Wet Sterilized est une<strong> recette humide compl\u00e8te et \u00e9quilibr\u00e9e<\/strong>, sp\u00e9cialemen<strong>t formul\u00e9e pour couvrir les besoins des chats adultes st\u00e9rilis\u00e9s. <\/strong><\/p>\n<p>Sa formule a \u00e9t\u00e9 \u00e9labor\u00e9e par des<strong> experts en nutrition<\/strong> et vise \u00e0 <strong>r\u00e9guler le poids<\/strong> de votre chat et \u00e0 <strong>maintenir sa masse musculaire.<\/strong><\/p>\n<p>La gamme ADVANCE Wet est compos\u00e9e d&#8217;ingr\u00e9dients de haute qualit\u00e9 cuits \u00e0 la vapeur, et est pr\u00e9sent\u00e9e sous forme de d\u00e9licieuses bouch\u00e9es en sauce qui <strong>contribuent \u00e0 une meilleure hydratation<\/strong> de votre chat.<\/p>\n<p>Vous pouvez les servir soit en compl\u00e9ment des croquettes de votre chat ou soit comme nourriture humide exclusive.<\/p>\n<p>La gamme ADVANCE Wet Sterilized est sp\u00e9cifiquement recommand\u00e9e <strong>pour les chats st\u00e9rilis\u00e9s \u00e0 partir de l&#8217;\u00e2ge d\u2019un an.<\/strong><\/p>\n","protected":false},"excerpt":{"rendered":"<p>Une fois votre <strong>chat st\u00e9rilis\u00e9<\/strong>, il est essentiel de prendre soin de son alimentation en utilisant une <strong>nourriture sp\u00e9cifique adapt\u00e9e aux besoins de votre animal<\/strong> afin de maintenir une condition physique optimale.<\/p>\n<p>ADVANCE Wet Sterilized est une<strong> recette humide compl\u00e8te et \u00e9quilibr\u00e9e<\/strong>, sp\u00e9cialemen<strong>t formul\u00e9e pour couvrir les besoins des chats adultes st\u00e9rilis\u00e9s.<\/strong><\/p>\n","protected":false},"featured_media":1371865,"template":"","meta":[],"product_cat":[12551,12583,2697],"product_tag":[],"class_list":{"0":"post-1371346","1":"product","2":"type-product","3":"status-publish","4":"has-post-thumbnail","6":"product_cat-alimentation-du-chat","7":"product_cat-alimentation-premium-pour-chat","8":"product_cat-chat","9":"pa_marque-advance","11":"first","12":"instock","13":"taxable","14":"shipping-taxable","15":"purchasable","16":"product-type-variable"},"yoast_head":"<!-- This site is optimized with the Yoast SEO plugin v27.3 - https:\/\/yoast.com\/product\/yoast-seo-wordpress\/ -->\n<title>Chat Adulte St\u00e9rilis\u00e9 Poisson Advance - V\u00e9torino<\/title>\n<meta name=\"description\" content=\"Une fois votre chat st\u00e9rilis\u00e9, il est essentiel de prendre soin de son alimentation en utilisant une nourriture sp\u00e9cifique adapt\u00e9e aux besoins de votre animal afin de maintenir une condition physique optimale.  ADVANCE Wet Sterilized est une recette humide compl\u00e8te et \u00e9quilibr\u00e9e, sp\u00e9cialement formul\u00e9e pour couvrir les besoins des chats adultes st\u00e9rilis\u00e9s.\" \/>\n<meta name=\"robots\" content=\"noindex, nofollow\" \/>\n<meta property=\"og:locale\" content=\"fr_FR\" \/>\n<meta property=\"og:type\" content=\"article\" \/>\n<meta property=\"og:title\" content=\"Chat Adulte St\u00e9rilis\u00e9 Poisson Advance - V\u00e9torino\" \/>\n<meta property=\"og:description\" content=\"Une fois votre chat st\u00e9rilis\u00e9, il est essentiel de prendre soin de son alimentation en utilisant une nourriture sp\u00e9cifique adapt\u00e9e aux besoins de votre animal afin de maintenir une condition physique optimale.  ADVANCE Wet Sterilized est une recette humide compl\u00e8te et \u00e9quilibr\u00e9e, sp\u00e9cialement formul\u00e9e pour couvrir les besoins des chats adultes st\u00e9rilis\u00e9s.\" \/>\n<meta property=\"og:url\" content=\"https:\/\/www.vetorino.com\/veterinaire\/plouzevede-29440\/boutique\/product\/advance-chat-adulte-sterilise-poisson-sachets\/\" \/>\n<meta property=\"og:site_name\" content=\"V\u00e9torino\" \/>\n<meta property=\"article:publisher\" content=\"https:\/\/www.facebook.com\/Vetorino\/\" \/>\n<meta property=\"article:modified_time\" content=\"2026-01-06T09:03:40+00:00\" \/>\n<meta property=\"og:image\" content=\"https:\/\/www.vetorino.com\/boutique\/wp-content\/uploads\/2025\/06\/advance-chat-adulte-sterilise-poisson.jpg\" \/>\n\t<meta property=\"og:image:width\" content=\"1024\" \/>\n\t<meta property=\"og:image:height\" content=\"1024\" \/>\n\t<meta property=\"og:image:type\" content=\"image\/jpeg\" \/>\n<meta name=\"twitter:card\" content=\"summary_large_image\" \/>\n<meta name=\"twitter:label1\" content=\"Disponibilit\u00e9\" \/>\n\t<meta name=\"twitter:data1\" content=\"En stock\" \/>\n<script type=\"application\/ld+json\" class=\"yoast-schema-graph\">{\"@context\":\"https:\\\/\\\/schema.org\",\"@graph\":[{\"@type\":\"WebPage\",\"@id\":\"https:\\\/\\\/www.vetorino.com\\\/veterinaire\\\/briancon-05100\\\/boutique\\\/product\\\/advance-chat-adulte-sterilise-poisson-sachets\\\/\",\"url\":\"https:\\\/\\\/www.vetorino.com\\\/veterinaire\\\/briancon-05100\\\/boutique\\\/product\\\/advance-chat-adulte-sterilise-poisson-sachets\\\/\",\"name\":\"Chat Adulte St\u00e9rilis\u00e9 Poisson Advance - V\u00e9torino\",\"isPartOf\":{\"@id\":\"https:\\\/\\\/www.vetorino.com\\\/boutique\\\/#website\"},\"primaryImageOfPage\":{\"@id\":\"https:\\\/\\\/www.vetorino.com\\\/veterinaire\\\/briancon-05100\\\/boutique\\\/product\\\/advance-chat-adulte-sterilise-poisson-sachets\\\/#primaryimage\"},\"image\":{\"@id\":\"https:\\\/\\\/www.vetorino.com\\\/veterinaire\\\/briancon-05100\\\/boutique\\\/product\\\/advance-chat-adulte-sterilise-poisson-sachets\\\/#primaryimage\"},\"thumbnailUrl\":\"https:\\\/\\\/www.vetorino.com\\\/boutique\\\/wp-content\\\/uploads\\\/2025\\\/06\\\/advance-chat-adulte-sterilise-poisson.jpg\",\"datePublished\":\"2025-06-13T03:35:04+00:00\",\"dateModified\":\"2026-01-06T09:03:40+00:00\",\"description\":\"Une fois votre chat st\u00e9rilis\u00e9, il est essentiel de prendre soin de son alimentation en utilisant une nourriture sp\u00e9cifique adapt\u00e9e aux besoins de votre animal afin de maintenir une condition physique optimale. ADVANCE Wet Sterilized est une recette humide compl\u00e8te et \u00e9quilibr\u00e9e, sp\u00e9cialement formul\u00e9e pour couvrir les besoins des chats adultes st\u00e9rilis\u00e9s.\",\"breadcrumb\":{\"@id\":\"https:\\\/\\\/www.vetorino.com\\\/veterinaire\\\/briancon-05100\\\/boutique\\\/product\\\/advance-chat-adulte-sterilise-poisson-sachets\\\/#breadcrumb\"},\"inLanguage\":\"fr-FR\",\"potentialAction\":[{\"@type\":\"ReadAction\",\"target\":[\"https:\\\/\\\/www.vetorino.com\\\/veterinaire\\\/briancon-05100\\\/boutique\\\/product\\\/advance-chat-adulte-sterilise-poisson-sachets\\\/\"]}]},{\"@type\":\"ImageObject\",\"inLanguage\":\"fr-FR\",\"@id\":\"https:\\\/\\\/www.vetorino.com\\\/veterinaire\\\/briancon-05100\\\/boutique\\\/product\\\/advance-chat-adulte-sterilise-poisson-sachets\\\/#primaryimage\",\"url\":\"https:\\\/\\\/www.vetorino.com\\\/boutique\\\/wp-content\\\/uploads\\\/2025\\\/06\\\/advance-chat-adulte-sterilise-poisson.jpg\",\"contentUrl\":\"https:\\\/\\\/www.vetorino.com\\\/boutique\\\/wp-content\\\/uploads\\\/2025\\\/06\\\/advance-chat-adulte-sterilise-poisson.jpg\",\"width\":1024,\"height\":1024},{\"@type\":\"BreadcrumbList\",\"@id\":\"https:\\\/\\\/www.vetorino.com\\\/veterinaire\\\/briancon-05100\\\/boutique\\\/product\\\/advance-chat-adulte-sterilise-poisson-sachets\\\/#breadcrumb\",\"itemListElement\":[{\"@type\":\"ListItem\",\"position\":1,\"name\":\"Accueil\",\"item\":\"https:\\\/\\\/www.vetorino.com\\\/boutique\\\/\"},{\"@type\":\"ListItem\",\"position\":2,\"name\":\"Produits\",\"item\":\"https:\\\/\\\/www.vetorino.com\\\/boutique\\\/\"},{\"@type\":\"ListItem\",\"position\":3,\"name\":\"Chat Adulte St\u00e9rilis\u00e9 Poisson\"}]},{\"@type\":\"WebSite\",\"@id\":\"https:\\\/\\\/www.vetorino.com\\\/boutique\\\/#website\",\"url\":\"https:\\\/\\\/www.vetorino.com\\\/boutique\\\/\",\"name\":\"V\u00e9torino\",\"description\":\"\",\"publisher\":{\"@id\":\"https:\\\/\\\/www.vetorino.com\\\/boutique\\\/#organization\"},\"potentialAction\":[{\"@type\":\"SearchAction\",\"target\":{\"@type\":\"EntryPoint\",\"urlTemplate\":\"https:\\\/\\\/www.vetorino.com\\\/boutique\\\/?s={search_term_string}\"},\"query-input\":{\"@type\":\"PropertyValueSpecification\",\"valueRequired\":true,\"valueName\":\"search_term_string\"}}],\"inLanguage\":\"fr-FR\"},{\"@type\":\"Organization\",\"@id\":\"https:\\\/\\\/www.vetorino.com\\\/boutique\\\/#organization\",\"name\":\"V\u00e9torino\",\"url\":\"https:\\\/\\\/www.vetorino.com\\\/boutique\\\/\",\"logo\":{\"@type\":\"ImageObject\",\"inLanguage\":\"fr-FR\",\"@id\":\"https:\\\/\\\/www.vetorino.com\\\/boutique\\\/#\\\/schema\\\/logo\\\/image\\\/\",\"url\":\"https:\\\/\\\/www.vetorino.com\\\/boutique\\\/wp-content\\\/uploads\\\/2024\\\/10\\\/logo.jpg\",\"contentUrl\":\"https:\\\/\\\/www.vetorino.com\\\/boutique\\\/wp-content\\\/uploads\\\/2024\\\/10\\\/logo.jpg\",\"width\":1200,\"height\":610,\"caption\":\"V\u00e9torino\"},\"image\":{\"@id\":\"https:\\\/\\\/www.vetorino.com\\\/boutique\\\/#\\\/schema\\\/logo\\\/image\\\/\"},\"sameAs\":[\"https:\\\/\\\/www.facebook.com\\\/Vetorino\\\/\",\"https:\\\/\\\/www.instagram.com\\\/vetorino_off\\\/\",\"https:\\\/\\\/www.linkedin.com\\\/company\\\/vtorino\\\/\"]}]}<\/script>\n<meta property=\"product:brand\" content=\"Advance\" \/>\n<meta property=\"og:availability\" content=\"instock\" \/>\n<meta property=\"product:availability\" content=\"instock\" \/>\n<meta property=\"product:condition\" content=\"new\" \/>\n<!-- \/ Yoast SEO plugin. -->","yoast_head_json":{"title":"Chat Adulte St\u00e9rilis\u00e9 Poisson Advance - V\u00e9torino","description":"Une fois votre chat st\u00e9rilis\u00e9, il est essentiel de prendre soin de son alimentation en utilisant une nourriture sp\u00e9cifique adapt\u00e9e aux besoins de votre animal afin de maintenir une condition physique optimale.  ADVANCE Wet Sterilized est une recette humide compl\u00e8te et \u00e9quilibr\u00e9e, sp\u00e9cialement formul\u00e9e pour couvrir les besoins des chats adultes st\u00e9rilis\u00e9s.","robots":{"index":"noindex","follow":"nofollow"},"og_locale":"fr_FR","og_type":"article","og_title":"Chat Adulte St\u00e9rilis\u00e9 Poisson Advance - V\u00e9torino","og_description":"Une fois votre chat st\u00e9rilis\u00e9, il est essentiel de prendre soin de son alimentation en utilisant une nourriture sp\u00e9cifique adapt\u00e9e aux besoins de votre animal afin de maintenir une condition physique optimale.  ADVANCE Wet Sterilized est une recette humide compl\u00e8te et \u00e9quilibr\u00e9e, sp\u00e9cialement formul\u00e9e pour couvrir les besoins des chats adultes st\u00e9rilis\u00e9s.","og_url":"https:\/\/www.vetorino.com\/veterinaire\/plouzevede-29440\/boutique\/product\/advance-chat-adulte-sterilise-poisson-sachets\/","og_site_name":"V\u00e9torino","article_publisher":"https:\/\/www.facebook.com\/Vetorino\/","article_modified_time":"2026-01-06T09:03:40+00:00","og_image":[{"width":1024,"height":1024,"url":"https:\/\/www.vetorino.com\/boutique\/wp-content\/uploads\/2025\/06\/advance-chat-adulte-sterilise-poisson.jpg","type":"image\/jpeg"}],"twitter_card":"summary_large_image","twitter_misc":{"Disponibilit\u00e9":"En stock"},"schema":{"@context":"https:\/\/schema.org","@graph":[{"@type":"WebPage","@id":"https:\/\/www.vetorino.com\/veterinaire\/briancon-05100\/boutique\/product\/advance-chat-adulte-sterilise-poisson-sachets\/","url":"https:\/\/www.vetorino.com\/veterinaire\/briancon-05100\/boutique\/product\/advance-chat-adulte-sterilise-poisson-sachets\/","name":"Chat Adulte St\u00e9rilis\u00e9 Poisson Advance - V\u00e9torino","isPartOf":{"@id":"https:\/\/www.vetorino.com\/boutique\/#website"},"primaryImageOfPage":{"@id":"https:\/\/www.vetorino.com\/veterinaire\/briancon-05100\/boutique\/product\/advance-chat-adulte-sterilise-poisson-sachets\/#primaryimage"},"image":{"@id":"https:\/\/www.vetorino.com\/veterinaire\/briancon-05100\/boutique\/product\/advance-chat-adulte-sterilise-poisson-sachets\/#primaryimage"},"thumbnailUrl":"https:\/\/www.vetorino.com\/boutique\/wp-content\/uploads\/2025\/06\/advance-chat-adulte-sterilise-poisson.jpg","datePublished":"2025-06-13T03:35:04+00:00","dateModified":"2026-01-06T09:03:40+00:00","description":"Une fois votre chat st\u00e9rilis\u00e9, il est essentiel de prendre soin de son alimentation en utilisant une nourriture sp\u00e9cifique adapt\u00e9e aux besoins de votre animal afin de maintenir une condition physique optimale. ADVANCE Wet Sterilized est une recette humide compl\u00e8te et \u00e9quilibr\u00e9e, sp\u00e9cialement formul\u00e9e pour couvrir les besoins des chats adultes st\u00e9rilis\u00e9s.","breadcrumb":{"@id":"https:\/\/www.vetorino.com\/veterinaire\/briancon-05100\/boutique\/product\/advance-chat-adulte-sterilise-poisson-sachets\/#breadcrumb"},"inLanguage":"fr-FR","potentialAction":[{"@type":"ReadAction","target":["https:\/\/www.vetorino.com\/veterinaire\/briancon-05100\/boutique\/product\/advance-chat-adulte-sterilise-poisson-sachets\/"]}]},{"@type":"ImageObject","inLanguage":"fr-FR","@id":"https:\/\/www.vetorino.com\/veterinaire\/briancon-05100\/boutique\/product\/advance-chat-adulte-sterilise-poisson-sachets\/#primaryimage","url":"https:\/\/www.vetorino.com\/boutique\/wp-content\/uploads\/2025\/06\/advance-chat-adulte-sterilise-poisson.jpg","contentUrl":"https:\/\/www.vetorino.com\/boutique\/wp-content\/uploads\/2025\/06\/advance-chat-adulte-sterilise-poisson.jpg","width":1024,"height":1024},{"@type":"BreadcrumbList","@id":"https:\/\/www.vetorino.com\/veterinaire\/briancon-05100\/boutique\/product\/advance-chat-adulte-sterilise-poisson-sachets\/#breadcrumb","itemListElement":[{"@type":"ListItem","position":1,"name":"Accueil","item":"https:\/\/www.vetorino.com\/boutique\/"},{"@type":"ListItem","position":2,"name":"Produits","item":"https:\/\/www.vetorino.com\/boutique\/"},{"@type":"ListItem","position":3,"name":"Chat Adulte St\u00e9rilis\u00e9 Poisson"}]},{"@type":"WebSite","@id":"https:\/\/www.vetorino.com\/boutique\/#website","url":"https:\/\/www.vetorino.com\/boutique\/","name":"V\u00e9torino","description":"","publisher":{"@id":"https:\/\/www.vetorino.com\/boutique\/#organization"},"potentialAction":[{"@type":"SearchAction","target":{"@type":"EntryPoint","urlTemplate":"https:\/\/www.vetorino.com\/boutique\/?s={search_term_string}"},"query-input":{"@type":"PropertyValueSpecification","valueRequired":true,"valueName":"search_term_string"}}],"inLanguage":"fr-FR"},{"@type":"Organization","@id":"https:\/\/www.vetorino.com\/boutique\/#organization","name":"V\u00e9torino","url":"https:\/\/www.vetorino.com\/boutique\/","logo":{"@type":"ImageObject","inLanguage":"fr-FR","@id":"https:\/\/www.vetorino.com\/boutique\/#\/schema\/logo\/image\/","url":"https:\/\/www.vetorino.com\/boutique\/wp-content\/uploads\/2024\/10\/logo.jpg","contentUrl":"https:\/\/www.vetorino.com\/boutique\/wp-content\/uploads\/2024\/10\/logo.jpg","width":1200,"height":610,"caption":"V\u00e9torino"},"image":{"@id":"https:\/\/www.vetorino.com\/boutique\/#\/schema\/logo\/image\/"},"sameAs":["https:\/\/www.facebook.com\/Vetorino\/","https:\/\/www.instagram.com\/vetorino_off\/","https:\/\/www.linkedin.com\/company\/vtorino\/"]}]},"product_brand":"Advance","og_availability":"instock","product_availability":"instock","product_condition":"new"},"_links":{"self":[{"href":"https:\/\/www.vetorino.com\/veterinaire\/plouzevede-29440\/boutique\/wp-json\/wp\/v2\/product\/1371346","targetHints":{"allow":["GET"]}}],"collection":[{"href":"https:\/\/www.vetorino.com\/veterinaire\/plouzevede-29440\/boutique\/wp-json\/wp\/v2\/product"}],"about":[{"href":"https:\/\/www.vetorino.com\/veterinaire\/plouzevede-29440\/boutique\/wp-json\/wp\/v2\/types\/product"}],"wp:featuredmedia":[{"embeddable":true,"href":"https:\/\/www.vetorino.com\/veterinaire\/plouzevede-29440\/boutique\/wp-json\/wp\/v2\/media\/1371865"}],"wp:attachment":[{"href":"https:\/\/www.vetorino.com\/veterinaire\/plouzevede-29440\/boutique\/wp-json\/wp\/v2\/media?parent=1371346"}],"wp:term":[{"taxonomy":"product_cat","embeddable":true,"href":"https:\/\/www.vetorino.com\/veterinaire\/plouzevede-29440\/boutique\/wp-json\/wp\/v2\/product_cat?post=1371346"},{"taxonomy":"product_tag","embeddable":true,"href":"https:\/\/www.vetorino.com\/veterinaire\/plouzevede-29440\/boutique\/wp-json\/wp\/v2\/product_tag?post=1371346"}],"curies":[{"name":"wp","href":"https:\/\/api.w.org\/{rel}","templated":true}]}}