{"id":1395821,"date":"2025-06-30T16:30:07","date_gmt":"2025-06-30T14:30:07","guid":{"rendered":"https:\/\/www.vetorino.com\/boutique\/product\/indorex-defense\/"},"modified":"2025-07-17T10:15:44","modified_gmt":"2025-07-17T08:15:44","slug":"indorex-defense","status":"publish","type":"product","link":"https:\/\/www.vetorino.com\/veterinaire\/plouzevede-29440\/boutique\/product\/indorex-defense\/","title":{"rendered":"Indorex Defense Spray"},"content":{"rendered":"<p>Indorex\u00ae Defence Spray offre une<strong> solution imm\u00e9diate et longue dur\u00e9e contre les puces dans l&#8217;habitat.<\/strong><\/p>\n<p class=\"p1\"><strong>Action imm\u00e9diate<\/strong> : Agit rapidement contre les puces pr\u00e9sentes.<\/p>\n<p class=\"p1\"><strong>Haute Efficacit\u00e9<\/strong> : \u00c9limine les puces et bloque leur cycle de d\u00e9veloppement de mani\u00e8re fiable.<\/p>\n<p class=\"p1\"><strong>Action Longue Dur\u00e9e<\/strong> : Offre jusqu&#8217;\u00e0 6 mois (24 semaines) de tranquillit\u00e9 en emp\u00eachant le d\u00e9veloppement des \u0153ufs et des larves.<\/p>\n<p class=\"p1\"><strong>Caract\u00e9ristiques :<\/strong><\/p>\n<ul>\n<li class=\"p1\">Assure une pulv\u00e9risation constante et homog\u00e8ne sans n\u00e9cessiter de pompage manuel.<\/li>\n<li class=\"p1\">Permet une application facile, m\u00eame t\u00eate en bas pour atteindre les zones difficiles d&#8217;acc\u00e8s.<\/li>\n<li class=\"p1\">\u00c9conomique : La r\u00e9partition optimale du brouillard de pulv\u00e9risation permet de traiter une grande surface (environ 128m\u00b2).<\/li>\n<\/ul>\n","protected":false},"excerpt":{"rendered":"<p><span style=\"color: #99ccff\"><strong>Virbac renouvelle sa gamme de sprays antiparasitaires !<\/strong><\/span><\/p>\n<p class=\"p1\">Indorex\u00ae Defence Spray offre une <strong>solution imm\u00e9diate et longue dur\u00e9e<\/strong> contre les puces dans l&#8217;habitat.<\/p>\n<p class=\"p1\">Il<strong> \u00e9limine les puces<\/strong> et <strong>bloque leur cycle de d\u00e9veloppement<\/strong> pour une protection allant jusqu&#8217;\u00e0 24 semaines.<\/p>\n<p class=\"p1\">Sa pulv\u00e9risation est <strong>pratique<\/strong> et <strong>homog\u00e8ne<\/strong>, m\u00eame t\u00eate en bas. <strong>\u00c9conomique<\/strong>, il permet de couvrir environ <strong>128 m\u00b2.<\/strong><\/p>\n","protected":false},"featured_media":1395838,"template":"","meta":[],"product_cat":[12553,12554,2697,2698,12648,12649],"product_tag":[],"class_list":{"0":"post-1395821","1":"product","2":"type-product","3":"status-publish","4":"has-post-thumbnail","6":"product_cat-antiparasitaire-du-chat","7":"product_cat-antiparasitaire-du-chien","8":"product_cat-chat","9":"product_cat-chien","10":"product_cat-traitement-de-lhabitat-du-chat","11":"product_cat-traitement-de-lhabitat-du-chien","12":"pa_marque-virbac","14":"first","15":"instock","16":"taxable","17":"shipping-taxable","18":"purchasable","19":"product-type-simple"},"yoast_head":"<!-- This site is optimized with the Yoast SEO plugin v27.3 - https:\/\/yoast.com\/product\/yoast-seo-wordpress\/ -->\n<title>Indorex Defense Spray Virbac - V\u00e9torino<\/title>\n<meta name=\"description\" content=\"Virbac renouvelle sa gamme de sprays antiparasitaires ! Indorex\u00ae Defence Spray offre une solution imm\u00e9diate et longue dur\u00e9e contre les puces dans l&#039;habitat. Il \u00e9limine les puces et bloque leur cycle de d\u00e9veloppement pour une protection allant jusqu&#039;\u00e0 24 semaines. Sa pulv\u00e9risation est pratique et homog\u00e8ne, m\u00eame t\u00eate en bas. \u00c9conomique, il permet de couvrir environ 128 m\u00b2.\" \/>\n<meta name=\"robots\" content=\"noindex, nofollow\" \/>\n<meta property=\"og:locale\" content=\"fr_FR\" \/>\n<meta property=\"og:type\" content=\"article\" \/>\n<meta property=\"og:title\" content=\"Indorex Defense Spray Virbac - V\u00e9torino\" \/>\n<meta property=\"og:description\" content=\"Virbac renouvelle sa gamme de sprays antiparasitaires ! Indorex\u00ae Defence Spray offre une solution imm\u00e9diate et longue dur\u00e9e contre les puces dans l&#039;habitat. Il \u00e9limine les puces et bloque leur cycle de d\u00e9veloppement pour une protection allant jusqu&#039;\u00e0 24 semaines. Sa pulv\u00e9risation est pratique et homog\u00e8ne, m\u00eame t\u00eate en bas. \u00c9conomique, il permet de couvrir environ 128 m\u00b2.\" \/>\n<meta property=\"og:url\" content=\"https:\/\/www.vetorino.com\/veterinaire\/plouzevede-29440\/boutique\/product\/indorex-defense\/\" \/>\n<meta property=\"og:site_name\" content=\"V\u00e9torino\" \/>\n<meta property=\"article:publisher\" content=\"https:\/\/www.facebook.com\/Vetorino\/\" \/>\n<meta property=\"article:modified_time\" content=\"2025-07-17T08:15:44+00:00\" \/>\n<meta property=\"og:image\" content=\"https:\/\/www.vetorino.com\/boutique\/wp-content\/uploads\/2025\/06\/indorex_defence_virbac_antiparasitaire4.jpg\" \/>\n\t<meta property=\"og:image:width\" content=\"884\" \/>\n\t<meta property=\"og:image:height\" content=\"801\" \/>\n\t<meta property=\"og:image:type\" content=\"image\/jpeg\" \/>\n<meta name=\"twitter:card\" content=\"summary_large_image\" \/>\n<meta name=\"twitter:label1\" content=\"Prix\" \/>\n\t<meta name=\"twitter:data1\" content=\"34,41&euro;\" \/>\n\t<meta name=\"twitter:label2\" content=\"Disponibilit\u00e9\" \/>\n\t<meta name=\"twitter:data2\" content=\"En stock\" \/>\n<script type=\"application\/ld+json\" class=\"yoast-schema-graph\">{\"@context\":\"https:\\\/\\\/schema.org\",\"@graph\":[{\"@type\":\"WebPage\",\"@id\":\"https:\\\/\\\/www.vetorino.com\\\/boutique\\\/product\\\/indorex-defense\\\/\",\"url\":\"https:\\\/\\\/www.vetorino.com\\\/boutique\\\/product\\\/indorex-defense\\\/\",\"name\":\"Indorex Defense Spray Virbac - V\u00e9torino\",\"isPartOf\":{\"@id\":\"https:\\\/\\\/www.vetorino.com\\\/boutique\\\/#website\"},\"primaryImageOfPage\":{\"@id\":\"https:\\\/\\\/www.vetorino.com\\\/boutique\\\/product\\\/indorex-defense\\\/#primaryimage\"},\"image\":{\"@id\":\"https:\\\/\\\/www.vetorino.com\\\/boutique\\\/product\\\/indorex-defense\\\/#primaryimage\"},\"thumbnailUrl\":\"https:\\\/\\\/www.vetorino.com\\\/boutique\\\/wp-content\\\/uploads\\\/2025\\\/06\\\/indorex_defence_virbac_antiparasitaire4.jpg\",\"datePublished\":\"2025-06-30T14:30:07+00:00\",\"dateModified\":\"2025-07-17T08:15:44+00:00\",\"description\":\"Virbac renouvelle sa gamme de sprays antiparasitaires ! Indorex\u00ae Defence Spray offre une solution imm\u00e9diate et longue dur\u00e9e contre les puces dans l'habitat. Il \u00e9limine les puces et bloque leur cycle de d\u00e9veloppement pour une protection allant jusqu'\u00e0 24 semaines. Sa pulv\u00e9risation est pratique et homog\u00e8ne, m\u00eame t\u00eate en bas. \u00c9conomique, il permet de couvrir environ 128 m\u00b2.\",\"breadcrumb\":{\"@id\":\"https:\\\/\\\/www.vetorino.com\\\/boutique\\\/product\\\/indorex-defense\\\/#breadcrumb\"},\"inLanguage\":\"fr-FR\",\"potentialAction\":[{\"@type\":\"ReadAction\",\"target\":[\"https:\\\/\\\/www.vetorino.com\\\/boutique\\\/product\\\/indorex-defense\\\/\"]}]},{\"@type\":\"ImageObject\",\"inLanguage\":\"fr-FR\",\"@id\":\"https:\\\/\\\/www.vetorino.com\\\/boutique\\\/product\\\/indorex-defense\\\/#primaryimage\",\"url\":\"https:\\\/\\\/www.vetorino.com\\\/boutique\\\/wp-content\\\/uploads\\\/2025\\\/06\\\/indorex_defence_virbac_antiparasitaire4.jpg\",\"contentUrl\":\"https:\\\/\\\/www.vetorino.com\\\/boutique\\\/wp-content\\\/uploads\\\/2025\\\/06\\\/indorex_defence_virbac_antiparasitaire4.jpg\",\"width\":884,\"height\":801},{\"@type\":\"BreadcrumbList\",\"@id\":\"https:\\\/\\\/www.vetorino.com\\\/boutique\\\/product\\\/indorex-defense\\\/#breadcrumb\",\"itemListElement\":[{\"@type\":\"ListItem\",\"position\":1,\"name\":\"Accueil\",\"item\":\"https:\\\/\\\/www.vetorino.com\\\/boutique\\\/\"},{\"@type\":\"ListItem\",\"position\":2,\"name\":\"Produits\",\"item\":\"https:\\\/\\\/www.vetorino.com\\\/boutique\\\/\"},{\"@type\":\"ListItem\",\"position\":3,\"name\":\"Indorex Defense Spray\"}]},{\"@type\":\"WebSite\",\"@id\":\"https:\\\/\\\/www.vetorino.com\\\/boutique\\\/#website\",\"url\":\"https:\\\/\\\/www.vetorino.com\\\/boutique\\\/\",\"name\":\"V\u00e9torino\",\"description\":\"\",\"publisher\":{\"@id\":\"https:\\\/\\\/www.vetorino.com\\\/boutique\\\/#organization\"},\"potentialAction\":[{\"@type\":\"SearchAction\",\"target\":{\"@type\":\"EntryPoint\",\"urlTemplate\":\"https:\\\/\\\/www.vetorino.com\\\/boutique\\\/?s={search_term_string}\"},\"query-input\":{\"@type\":\"PropertyValueSpecification\",\"valueRequired\":true,\"valueName\":\"search_term_string\"}}],\"inLanguage\":\"fr-FR\"},{\"@type\":\"Organization\",\"@id\":\"https:\\\/\\\/www.vetorino.com\\\/boutique\\\/#organization\",\"name\":\"V\u00e9torino\",\"url\":\"https:\\\/\\\/www.vetorino.com\\\/boutique\\\/\",\"logo\":{\"@type\":\"ImageObject\",\"inLanguage\":\"fr-FR\",\"@id\":\"https:\\\/\\\/www.vetorino.com\\\/boutique\\\/#\\\/schema\\\/logo\\\/image\\\/\",\"url\":\"https:\\\/\\\/www.vetorino.com\\\/boutique\\\/wp-content\\\/uploads\\\/2024\\\/10\\\/logo.jpg\",\"contentUrl\":\"https:\\\/\\\/www.vetorino.com\\\/boutique\\\/wp-content\\\/uploads\\\/2024\\\/10\\\/logo.jpg\",\"width\":1200,\"height\":610,\"caption\":\"V\u00e9torino\"},\"image\":{\"@id\":\"https:\\\/\\\/www.vetorino.com\\\/boutique\\\/#\\\/schema\\\/logo\\\/image\\\/\"},\"sameAs\":[\"https:\\\/\\\/www.facebook.com\\\/Vetorino\\\/\",\"https:\\\/\\\/www.instagram.com\\\/vetorino_off\\\/\",\"https:\\\/\\\/www.linkedin.com\\\/company\\\/vtorino\\\/\"]}]}<\/script>\n<meta property=\"product:brand\" content=\"Virbac\" \/>\n<meta property=\"product:price:amount\" content=\"34.41\" \/>\n<meta property=\"product:price:currency\" content=\"EUR\" \/>\n<meta property=\"og:availability\" content=\"instock\" \/>\n<meta property=\"product:availability\" content=\"instock\" \/>\n<meta property=\"product:retailer_item_id\" content=\"A-1893960\" \/>\n<meta property=\"product:condition\" content=\"new\" \/>\n<!-- \/ Yoast SEO plugin. -->","yoast_head_json":{"title":"Indorex Defense Spray Virbac - V\u00e9torino","description":"Virbac renouvelle sa gamme de sprays antiparasitaires ! Indorex\u00ae Defence Spray offre une solution imm\u00e9diate et longue dur\u00e9e contre les puces dans l'habitat. Il \u00e9limine les puces et bloque leur cycle de d\u00e9veloppement pour une protection allant jusqu'\u00e0 24 semaines. Sa pulv\u00e9risation est pratique et homog\u00e8ne, m\u00eame t\u00eate en bas. \u00c9conomique, il permet de couvrir environ 128 m\u00b2.","robots":{"index":"noindex","follow":"nofollow"},"og_locale":"fr_FR","og_type":"article","og_title":"Indorex Defense Spray Virbac - V\u00e9torino","og_description":"Virbac renouvelle sa gamme de sprays antiparasitaires ! Indorex\u00ae Defence Spray offre une solution imm\u00e9diate et longue dur\u00e9e contre les puces dans l'habitat. Il \u00e9limine les puces et bloque leur cycle de d\u00e9veloppement pour une protection allant jusqu'\u00e0 24 semaines. Sa pulv\u00e9risation est pratique et homog\u00e8ne, m\u00eame t\u00eate en bas. \u00c9conomique, il permet de couvrir environ 128 m\u00b2.","og_url":"https:\/\/www.vetorino.com\/veterinaire\/plouzevede-29440\/boutique\/product\/indorex-defense\/","og_site_name":"V\u00e9torino","article_publisher":"https:\/\/www.facebook.com\/Vetorino\/","article_modified_time":"2025-07-17T08:15:44+00:00","og_image":[{"width":884,"height":801,"url":"https:\/\/www.vetorino.com\/boutique\/wp-content\/uploads\/2025\/06\/indorex_defence_virbac_antiparasitaire4.jpg","type":"image\/jpeg"}],"twitter_card":"summary_large_image","twitter_misc":{"Prix":"34,41&euro;","Disponibilit\u00e9":"En stock"},"schema":{"@context":"https:\/\/schema.org","@graph":[{"@type":"WebPage","@id":"https:\/\/www.vetorino.com\/boutique\/product\/indorex-defense\/","url":"https:\/\/www.vetorino.com\/boutique\/product\/indorex-defense\/","name":"Indorex Defense Spray Virbac - V\u00e9torino","isPartOf":{"@id":"https:\/\/www.vetorino.com\/boutique\/#website"},"primaryImageOfPage":{"@id":"https:\/\/www.vetorino.com\/boutique\/product\/indorex-defense\/#primaryimage"},"image":{"@id":"https:\/\/www.vetorino.com\/boutique\/product\/indorex-defense\/#primaryimage"},"thumbnailUrl":"https:\/\/www.vetorino.com\/boutique\/wp-content\/uploads\/2025\/06\/indorex_defence_virbac_antiparasitaire4.jpg","datePublished":"2025-06-30T14:30:07+00:00","dateModified":"2025-07-17T08:15:44+00:00","description":"Virbac renouvelle sa gamme de sprays antiparasitaires ! Indorex\u00ae Defence Spray offre une solution imm\u00e9diate et longue dur\u00e9e contre les puces dans l'habitat. Il \u00e9limine les puces et bloque leur cycle de d\u00e9veloppement pour une protection allant jusqu'\u00e0 24 semaines. Sa pulv\u00e9risation est pratique et homog\u00e8ne, m\u00eame t\u00eate en bas. \u00c9conomique, il permet de couvrir environ 128 m\u00b2.","breadcrumb":{"@id":"https:\/\/www.vetorino.com\/boutique\/product\/indorex-defense\/#breadcrumb"},"inLanguage":"fr-FR","potentialAction":[{"@type":"ReadAction","target":["https:\/\/www.vetorino.com\/boutique\/product\/indorex-defense\/"]}]},{"@type":"ImageObject","inLanguage":"fr-FR","@id":"https:\/\/www.vetorino.com\/boutique\/product\/indorex-defense\/#primaryimage","url":"https:\/\/www.vetorino.com\/boutique\/wp-content\/uploads\/2025\/06\/indorex_defence_virbac_antiparasitaire4.jpg","contentUrl":"https:\/\/www.vetorino.com\/boutique\/wp-content\/uploads\/2025\/06\/indorex_defence_virbac_antiparasitaire4.jpg","width":884,"height":801},{"@type":"BreadcrumbList","@id":"https:\/\/www.vetorino.com\/boutique\/product\/indorex-defense\/#breadcrumb","itemListElement":[{"@type":"ListItem","position":1,"name":"Accueil","item":"https:\/\/www.vetorino.com\/boutique\/"},{"@type":"ListItem","position":2,"name":"Produits","item":"https:\/\/www.vetorino.com\/boutique\/"},{"@type":"ListItem","position":3,"name":"Indorex Defense Spray"}]},{"@type":"WebSite","@id":"https:\/\/www.vetorino.com\/boutique\/#website","url":"https:\/\/www.vetorino.com\/boutique\/","name":"V\u00e9torino","description":"","publisher":{"@id":"https:\/\/www.vetorino.com\/boutique\/#organization"},"potentialAction":[{"@type":"SearchAction","target":{"@type":"EntryPoint","urlTemplate":"https:\/\/www.vetorino.com\/boutique\/?s={search_term_string}"},"query-input":{"@type":"PropertyValueSpecification","valueRequired":true,"valueName":"search_term_string"}}],"inLanguage":"fr-FR"},{"@type":"Organization","@id":"https:\/\/www.vetorino.com\/boutique\/#organization","name":"V\u00e9torino","url":"https:\/\/www.vetorino.com\/boutique\/","logo":{"@type":"ImageObject","inLanguage":"fr-FR","@id":"https:\/\/www.vetorino.com\/boutique\/#\/schema\/logo\/image\/","url":"https:\/\/www.vetorino.com\/boutique\/wp-content\/uploads\/2024\/10\/logo.jpg","contentUrl":"https:\/\/www.vetorino.com\/boutique\/wp-content\/uploads\/2024\/10\/logo.jpg","width":1200,"height":610,"caption":"V\u00e9torino"},"image":{"@id":"https:\/\/www.vetorino.com\/boutique\/#\/schema\/logo\/image\/"},"sameAs":["https:\/\/www.facebook.com\/Vetorino\/","https:\/\/www.instagram.com\/vetorino_off\/","https:\/\/www.linkedin.com\/company\/vtorino\/"]}]},"product_brand":"Virbac","product_price_amount":"34.41","product_price_currency":"EUR","og_availability":"instock","product_availability":"instock","product_retailer_item_id":"A-1893960","product_condition":"new"},"_links":{"self":[{"href":"https:\/\/www.vetorino.com\/veterinaire\/plouzevede-29440\/boutique\/wp-json\/wp\/v2\/product\/1395821","targetHints":{"allow":["GET"]}}],"collection":[{"href":"https:\/\/www.vetorino.com\/veterinaire\/plouzevede-29440\/boutique\/wp-json\/wp\/v2\/product"}],"about":[{"href":"https:\/\/www.vetorino.com\/veterinaire\/plouzevede-29440\/boutique\/wp-json\/wp\/v2\/types\/product"}],"wp:featuredmedia":[{"embeddable":true,"href":"https:\/\/www.vetorino.com\/veterinaire\/plouzevede-29440\/boutique\/wp-json\/wp\/v2\/media\/1395838"}],"wp:attachment":[{"href":"https:\/\/www.vetorino.com\/veterinaire\/plouzevede-29440\/boutique\/wp-json\/wp\/v2\/media?parent=1395821"}],"wp:term":[{"taxonomy":"product_cat","embeddable":true,"href":"https:\/\/www.vetorino.com\/veterinaire\/plouzevede-29440\/boutique\/wp-json\/wp\/v2\/product_cat?post=1395821"},{"taxonomy":"product_tag","embeddable":true,"href":"https:\/\/www.vetorino.com\/veterinaire\/plouzevede-29440\/boutique\/wp-json\/wp\/v2\/product_tag?post=1395821"}],"curies":[{"name":"wp","href":"https:\/\/api.w.org\/{rel}","templated":true}]}}