{"id":1416453,"date":"2025-07-16T11:53:46","date_gmt":"2025-07-16T09:53:46","guid":{"rendered":"https:\/\/www.vetorino.com\/boutique\/product\/foal-master\/"},"modified":"2025-07-17T10:12:48","modified_gmt":"2025-07-17T08:12:48","slug":"foal-master","status":"publish","type":"product","link":"https:\/\/www.vetorino.com\/veterinaire\/plouzevede-29440\/boutique\/product\/foal-master\/","title":{"rendered":"Foal Master &#8211; poulain"},"content":{"rendered":"<p><strong>Sirop multi-vitamin\u00e9<\/strong> pour poulains.<\/p>\n<p>Foal Master est un sirop app\u00e9tent <strong>riche en vitamines et pr\u00e9 biotiques<\/strong> pour poulains non-sevr\u00e9s ou convalescents.<\/p>\n<p>Son complexe d&#8217;ingr\u00e9dients essentiels permet de soutenir l&#8217;organisme du poulain<strong> lors de sa naissance<\/strong> et de le prot\u00e9ger <strong>en cas de maladie ou de stress.<\/strong><\/p>\n<p>Foal Master<strong> favorise une croissance optimale<\/strong> de poulain et agit comme un<strong> protecteur digestif<\/strong> notamment lors des chaleurs de lait de la m\u00e8re.<\/p>\n","protected":false},"excerpt":{"rendered":"<p><strong>Sirop multi-vitamin\u00e9<\/strong> pour poulains.<\/p>\n<p>Foal Master est un sirop app\u00e9tent <strong>riche en vitamines et pr\u00e9 biotiques<\/strong> pour poulains non-sevr\u00e9s ou convalescents.<\/p>\n<p>Son complexe d&#8217;ingr\u00e9dients essentiels permet de soutenir l&#8217;organisme du poulain<strong> lors de sa naissance<\/strong> et de le prot\u00e9ger <strong>en cas de maladie ou de stress.<\/strong><\/p>\n<p>Foal Master<strong> favorise une croissance optimale<\/strong> de poulain et agit comme un<strong> protecteur digestif<\/strong> notamment lors des chaleurs de lait de la m\u00e8re.<\/p>\n","protected":false},"featured_media":1416457,"template":"","meta":[],"product_cat":[12547,14072],"product_tag":[],"class_list":{"0":"post-1416453","1":"product","2":"type-product","3":"status-publish","4":"has-post-thumbnail","6":"product_cat-cheval","7":"product_cat-dietetique-et-complements-alimentaires-du-cheval","8":"pa_marque-horse-master","10":"first","11":"outofstock","12":"taxable","13":"shipping-taxable","14":"purchasable","15":"product-type-simple"},"yoast_head":"<!-- This site is optimized with the Yoast SEO plugin v27.3 - https:\/\/yoast.com\/product\/yoast-seo-wordpress\/ -->\n<title>Foal Master - poulain HORSE MASTER - V\u00e9torino<\/title>\n<meta name=\"description\" content=\"Sirop multi-vitamin\u00e9 pour poulains.  Foal Master est un sirop app\u00e9tent riche en vitamines et pr\u00e9 biotiques pour poulains non-sevr\u00e9s ou convalescents.  Son complexe d&#039;ingr\u00e9dients essentiels permet de soutenir l&#039;organisme du poulain lors de sa naissance et de le prot\u00e9ger en cas de maladie ou de stress.  Foal Master favorise une croissance optimale de poulain et agit comme un protecteur digestif notamment lors des chaleurs de lait de la m\u00e8re.\" \/>\n<meta name=\"robots\" content=\"noindex, nofollow\" \/>\n<meta property=\"og:locale\" content=\"fr_FR\" \/>\n<meta property=\"og:type\" content=\"article\" \/>\n<meta property=\"og:title\" content=\"Foal Master - poulain HORSE MASTER - V\u00e9torino\" \/>\n<meta property=\"og:description\" content=\"Sirop multi-vitamin\u00e9 pour poulains.  Foal Master est un sirop app\u00e9tent riche en vitamines et pr\u00e9 biotiques pour poulains non-sevr\u00e9s ou convalescents.  Son complexe d&#039;ingr\u00e9dients essentiels permet de soutenir l&#039;organisme du poulain lors de sa naissance et de le prot\u00e9ger en cas de maladie ou de stress.  Foal Master favorise une croissance optimale de poulain et agit comme un protecteur digestif notamment lors des chaleurs de lait de la m\u00e8re.\" \/>\n<meta property=\"og:url\" content=\"https:\/\/www.vetorino.com\/veterinaire\/plouzevede-29440\/boutique\/product\/foal-master\/\" \/>\n<meta property=\"og:site_name\" content=\"V\u00e9torino\" \/>\n<meta property=\"article:publisher\" content=\"https:\/\/www.facebook.com\/Vetorino\/\" \/>\n<meta property=\"article:modified_time\" content=\"2025-07-17T08:12:48+00:00\" \/>\n<meta property=\"og:image\" content=\"https:\/\/www.vetorino.com\/boutique\/wp-content\/uploads\/2025\/07\/2024-02-20-a022b8810c0e654bf8796b01e9e9662ed152a19d.jpg\" \/>\n\t<meta property=\"og:image:width\" content=\"550\" \/>\n\t<meta property=\"og:image:height\" content=\"550\" \/>\n\t<meta property=\"og:image:type\" content=\"image\/jpeg\" \/>\n<meta name=\"twitter:card\" content=\"summary_large_image\" \/>\n<meta name=\"twitter:label1\" content=\"Prix\" \/>\n\t<meta name=\"twitter:data1\" content=\"32,86&euro;\" \/>\n\t<meta name=\"twitter:label2\" content=\"Disponibilit\u00e9\" \/>\n\t<meta name=\"twitter:data2\" content=\"Rupture de stock\" \/>\n<script type=\"application\/ld+json\" class=\"yoast-schema-graph\">{\"@context\":\"https:\\\/\\\/schema.org\",\"@graph\":[{\"@type\":\"WebPage\",\"@id\":\"https:\\\/\\\/www.vetorino.com\\\/boutique\\\/product\\\/foal-master\\\/\",\"url\":\"https:\\\/\\\/www.vetorino.com\\\/boutique\\\/product\\\/foal-master\\\/\",\"name\":\"Foal Master - poulain HORSE MASTER - V\u00e9torino\",\"isPartOf\":{\"@id\":\"https:\\\/\\\/www.vetorino.com\\\/boutique\\\/#website\"},\"primaryImageOfPage\":{\"@id\":\"https:\\\/\\\/www.vetorino.com\\\/boutique\\\/product\\\/foal-master\\\/#primaryimage\"},\"image\":{\"@id\":\"https:\\\/\\\/www.vetorino.com\\\/boutique\\\/product\\\/foal-master\\\/#primaryimage\"},\"thumbnailUrl\":\"https:\\\/\\\/www.vetorino.com\\\/boutique\\\/wp-content\\\/uploads\\\/2025\\\/07\\\/2024-02-20-a022b8810c0e654bf8796b01e9e9662ed152a19d.jpg\",\"datePublished\":\"2025-07-16T09:53:46+00:00\",\"dateModified\":\"2025-07-17T08:12:48+00:00\",\"description\":\"Sirop multi-vitamin\u00e9 pour poulains. Foal Master est un sirop app\u00e9tent riche en vitamines et pr\u00e9 biotiques pour poulains non-sevr\u00e9s ou convalescents. Son complexe d'ingr\u00e9dients essentiels permet de soutenir l'organisme du poulain lors de sa naissance et de le prot\u00e9ger en cas de maladie ou de stress. Foal Master favorise une croissance optimale de poulain et agit comme un protecteur digestif notamment lors des chaleurs de lait de la m\u00e8re.\",\"breadcrumb\":{\"@id\":\"https:\\\/\\\/www.vetorino.com\\\/boutique\\\/product\\\/foal-master\\\/#breadcrumb\"},\"inLanguage\":\"fr-FR\",\"potentialAction\":[{\"@type\":\"ReadAction\",\"target\":[\"https:\\\/\\\/www.vetorino.com\\\/boutique\\\/product\\\/foal-master\\\/\"]}]},{\"@type\":\"ImageObject\",\"inLanguage\":\"fr-FR\",\"@id\":\"https:\\\/\\\/www.vetorino.com\\\/boutique\\\/product\\\/foal-master\\\/#primaryimage\",\"url\":\"https:\\\/\\\/www.vetorino.com\\\/boutique\\\/wp-content\\\/uploads\\\/2025\\\/07\\\/2024-02-20-a022b8810c0e654bf8796b01e9e9662ed152a19d.jpg\",\"contentUrl\":\"https:\\\/\\\/www.vetorino.com\\\/boutique\\\/wp-content\\\/uploads\\\/2025\\\/07\\\/2024-02-20-a022b8810c0e654bf8796b01e9e9662ed152a19d.jpg\",\"width\":550,\"height\":550},{\"@type\":\"BreadcrumbList\",\"@id\":\"https:\\\/\\\/www.vetorino.com\\\/boutique\\\/product\\\/foal-master\\\/#breadcrumb\",\"itemListElement\":[{\"@type\":\"ListItem\",\"position\":1,\"name\":\"Accueil\",\"item\":\"https:\\\/\\\/www.vetorino.com\\\/boutique\\\/\"},{\"@type\":\"ListItem\",\"position\":2,\"name\":\"Produits\",\"item\":\"https:\\\/\\\/www.vetorino.com\\\/boutique\\\/\"},{\"@type\":\"ListItem\",\"position\":3,\"name\":\"Foal Master &#8211; poulain\"}]},{\"@type\":\"WebSite\",\"@id\":\"https:\\\/\\\/www.vetorino.com\\\/boutique\\\/#website\",\"url\":\"https:\\\/\\\/www.vetorino.com\\\/boutique\\\/\",\"name\":\"V\u00e9torino\",\"description\":\"\",\"publisher\":{\"@id\":\"https:\\\/\\\/www.vetorino.com\\\/boutique\\\/#organization\"},\"potentialAction\":[{\"@type\":\"SearchAction\",\"target\":{\"@type\":\"EntryPoint\",\"urlTemplate\":\"https:\\\/\\\/www.vetorino.com\\\/boutique\\\/?s={search_term_string}\"},\"query-input\":{\"@type\":\"PropertyValueSpecification\",\"valueRequired\":true,\"valueName\":\"search_term_string\"}}],\"inLanguage\":\"fr-FR\"},{\"@type\":\"Organization\",\"@id\":\"https:\\\/\\\/www.vetorino.com\\\/boutique\\\/#organization\",\"name\":\"V\u00e9torino\",\"url\":\"https:\\\/\\\/www.vetorino.com\\\/boutique\\\/\",\"logo\":{\"@type\":\"ImageObject\",\"inLanguage\":\"fr-FR\",\"@id\":\"https:\\\/\\\/www.vetorino.com\\\/boutique\\\/#\\\/schema\\\/logo\\\/image\\\/\",\"url\":\"https:\\\/\\\/www.vetorino.com\\\/boutique\\\/wp-content\\\/uploads\\\/2024\\\/10\\\/logo.jpg\",\"contentUrl\":\"https:\\\/\\\/www.vetorino.com\\\/boutique\\\/wp-content\\\/uploads\\\/2024\\\/10\\\/logo.jpg\",\"width\":1200,\"height\":610,\"caption\":\"V\u00e9torino\"},\"image\":{\"@id\":\"https:\\\/\\\/www.vetorino.com\\\/boutique\\\/#\\\/schema\\\/logo\\\/image\\\/\"},\"sameAs\":[\"https:\\\/\\\/www.facebook.com\\\/Vetorino\\\/\",\"https:\\\/\\\/www.instagram.com\\\/vetorino_off\\\/\",\"https:\\\/\\\/www.linkedin.com\\\/company\\\/vtorino\\\/\"]}]}<\/script>\n<meta property=\"product:brand\" content=\"HORSE MASTER\" \/>\n<meta property=\"product:price:amount\" content=\"32.86\" \/>\n<meta property=\"product:price:currency\" content=\"EUR\" \/>\n<meta property=\"og:availability\" content=\"out of stock\" \/>\n<meta property=\"product:availability\" content=\"out of stock\" \/>\n<meta property=\"product:retailer_item_id\" content=\"A-1883180\" \/>\n<meta property=\"product:condition\" content=\"new\" \/>\n<!-- \/ Yoast SEO plugin. -->","yoast_head_json":{"title":"Foal Master - poulain HORSE MASTER - V\u00e9torino","description":"Sirop multi-vitamin\u00e9 pour poulains.  Foal Master est un sirop app\u00e9tent riche en vitamines et pr\u00e9 biotiques pour poulains non-sevr\u00e9s ou convalescents.  Son complexe d'ingr\u00e9dients essentiels permet de soutenir l'organisme du poulain lors de sa naissance et de le prot\u00e9ger en cas de maladie ou de stress.  Foal Master favorise une croissance optimale de poulain et agit comme un protecteur digestif notamment lors des chaleurs de lait de la m\u00e8re.","robots":{"index":"noindex","follow":"nofollow"},"og_locale":"fr_FR","og_type":"article","og_title":"Foal Master - poulain HORSE MASTER - V\u00e9torino","og_description":"Sirop multi-vitamin\u00e9 pour poulains.  Foal Master est un sirop app\u00e9tent riche en vitamines et pr\u00e9 biotiques pour poulains non-sevr\u00e9s ou convalescents.  Son complexe d'ingr\u00e9dients essentiels permet de soutenir l'organisme du poulain lors de sa naissance et de le prot\u00e9ger en cas de maladie ou de stress.  Foal Master favorise une croissance optimale de poulain et agit comme un protecteur digestif notamment lors des chaleurs de lait de la m\u00e8re.","og_url":"https:\/\/www.vetorino.com\/veterinaire\/plouzevede-29440\/boutique\/product\/foal-master\/","og_site_name":"V\u00e9torino","article_publisher":"https:\/\/www.facebook.com\/Vetorino\/","article_modified_time":"2025-07-17T08:12:48+00:00","og_image":[{"width":550,"height":550,"url":"https:\/\/www.vetorino.com\/boutique\/wp-content\/uploads\/2025\/07\/2024-02-20-a022b8810c0e654bf8796b01e9e9662ed152a19d.jpg","type":"image\/jpeg"}],"twitter_card":"summary_large_image","twitter_misc":{"Prix":"32,86&euro;","Disponibilit\u00e9":"Rupture de stock"},"schema":{"@context":"https:\/\/schema.org","@graph":[{"@type":"WebPage","@id":"https:\/\/www.vetorino.com\/boutique\/product\/foal-master\/","url":"https:\/\/www.vetorino.com\/boutique\/product\/foal-master\/","name":"Foal Master - poulain HORSE MASTER - V\u00e9torino","isPartOf":{"@id":"https:\/\/www.vetorino.com\/boutique\/#website"},"primaryImageOfPage":{"@id":"https:\/\/www.vetorino.com\/boutique\/product\/foal-master\/#primaryimage"},"image":{"@id":"https:\/\/www.vetorino.com\/boutique\/product\/foal-master\/#primaryimage"},"thumbnailUrl":"https:\/\/www.vetorino.com\/boutique\/wp-content\/uploads\/2025\/07\/2024-02-20-a022b8810c0e654bf8796b01e9e9662ed152a19d.jpg","datePublished":"2025-07-16T09:53:46+00:00","dateModified":"2025-07-17T08:12:48+00:00","description":"Sirop multi-vitamin\u00e9 pour poulains. Foal Master est un sirop app\u00e9tent riche en vitamines et pr\u00e9 biotiques pour poulains non-sevr\u00e9s ou convalescents. Son complexe d'ingr\u00e9dients essentiels permet de soutenir l'organisme du poulain lors de sa naissance et de le prot\u00e9ger en cas de maladie ou de stress. Foal Master favorise une croissance optimale de poulain et agit comme un protecteur digestif notamment lors des chaleurs de lait de la m\u00e8re.","breadcrumb":{"@id":"https:\/\/www.vetorino.com\/boutique\/product\/foal-master\/#breadcrumb"},"inLanguage":"fr-FR","potentialAction":[{"@type":"ReadAction","target":["https:\/\/www.vetorino.com\/boutique\/product\/foal-master\/"]}]},{"@type":"ImageObject","inLanguage":"fr-FR","@id":"https:\/\/www.vetorino.com\/boutique\/product\/foal-master\/#primaryimage","url":"https:\/\/www.vetorino.com\/boutique\/wp-content\/uploads\/2025\/07\/2024-02-20-a022b8810c0e654bf8796b01e9e9662ed152a19d.jpg","contentUrl":"https:\/\/www.vetorino.com\/boutique\/wp-content\/uploads\/2025\/07\/2024-02-20-a022b8810c0e654bf8796b01e9e9662ed152a19d.jpg","width":550,"height":550},{"@type":"BreadcrumbList","@id":"https:\/\/www.vetorino.com\/boutique\/product\/foal-master\/#breadcrumb","itemListElement":[{"@type":"ListItem","position":1,"name":"Accueil","item":"https:\/\/www.vetorino.com\/boutique\/"},{"@type":"ListItem","position":2,"name":"Produits","item":"https:\/\/www.vetorino.com\/boutique\/"},{"@type":"ListItem","position":3,"name":"Foal Master &#8211; poulain"}]},{"@type":"WebSite","@id":"https:\/\/www.vetorino.com\/boutique\/#website","url":"https:\/\/www.vetorino.com\/boutique\/","name":"V\u00e9torino","description":"","publisher":{"@id":"https:\/\/www.vetorino.com\/boutique\/#organization"},"potentialAction":[{"@type":"SearchAction","target":{"@type":"EntryPoint","urlTemplate":"https:\/\/www.vetorino.com\/boutique\/?s={search_term_string}"},"query-input":{"@type":"PropertyValueSpecification","valueRequired":true,"valueName":"search_term_string"}}],"inLanguage":"fr-FR"},{"@type":"Organization","@id":"https:\/\/www.vetorino.com\/boutique\/#organization","name":"V\u00e9torino","url":"https:\/\/www.vetorino.com\/boutique\/","logo":{"@type":"ImageObject","inLanguage":"fr-FR","@id":"https:\/\/www.vetorino.com\/boutique\/#\/schema\/logo\/image\/","url":"https:\/\/www.vetorino.com\/boutique\/wp-content\/uploads\/2024\/10\/logo.jpg","contentUrl":"https:\/\/www.vetorino.com\/boutique\/wp-content\/uploads\/2024\/10\/logo.jpg","width":1200,"height":610,"caption":"V\u00e9torino"},"image":{"@id":"https:\/\/www.vetorino.com\/boutique\/#\/schema\/logo\/image\/"},"sameAs":["https:\/\/www.facebook.com\/Vetorino\/","https:\/\/www.instagram.com\/vetorino_off\/","https:\/\/www.linkedin.com\/company\/vtorino\/"]}]},"product_brand":"HORSE MASTER","product_price_amount":"32.86","product_price_currency":"EUR","og_availability":"out of stock","product_availability":"out of stock","product_retailer_item_id":"A-1883180","product_condition":"new"},"_links":{"self":[{"href":"https:\/\/www.vetorino.com\/veterinaire\/plouzevede-29440\/boutique\/wp-json\/wp\/v2\/product\/1416453","targetHints":{"allow":["GET"]}}],"collection":[{"href":"https:\/\/www.vetorino.com\/veterinaire\/plouzevede-29440\/boutique\/wp-json\/wp\/v2\/product"}],"about":[{"href":"https:\/\/www.vetorino.com\/veterinaire\/plouzevede-29440\/boutique\/wp-json\/wp\/v2\/types\/product"}],"wp:featuredmedia":[{"embeddable":true,"href":"https:\/\/www.vetorino.com\/veterinaire\/plouzevede-29440\/boutique\/wp-json\/wp\/v2\/media\/1416457"}],"wp:attachment":[{"href":"https:\/\/www.vetorino.com\/veterinaire\/plouzevede-29440\/boutique\/wp-json\/wp\/v2\/media?parent=1416453"}],"wp:term":[{"taxonomy":"product_cat","embeddable":true,"href":"https:\/\/www.vetorino.com\/veterinaire\/plouzevede-29440\/boutique\/wp-json\/wp\/v2\/product_cat?post=1416453"},{"taxonomy":"product_tag","embeddable":true,"href":"https:\/\/www.vetorino.com\/veterinaire\/plouzevede-29440\/boutique\/wp-json\/wp\/v2\/product_tag?post=1416453"}],"curies":[{"name":"wp","href":"https:\/\/api.w.org\/{rel}","templated":true}]}}