{"id":1442393,"date":"2025-08-06T11:28:17","date_gmt":"2025-08-06T09:28:17","guid":{"rendered":"https:\/\/www.vetorino.com\/boutique\/product\/hydra-veau-effervescent\/"},"modified":"2025-08-07T10:36:33","modified_gmt":"2025-08-07T08:36:33","slug":"hydra-veau-effervescent","status":"publish","type":"product","link":"https:\/\/www.vetorino.com\/veterinaire\/plouzevede-29440\/boutique\/product\/hydra-veau-effervescent\/","title":{"rendered":"Hydra Veau Effervescent"},"content":{"rendered":"<p>Hydra Veau est un aliment compl\u00e9mentaire permettant de<strong> faciliter la digestion physiologique chez les veaux<\/strong>, mais \u00e9galement <strong>les agneaux, chevreaux et poulains.<\/strong><\/p>\n<p>Sa composition riche en hydrate de carbone<strong> contribue au bien-\u00eatre de l\u2019animal<\/strong> en lui apportant de l\u2019\u00e9nergie pour une r\u00e9cup\u00e9ration rapide.<\/p>\n<p>L\u2019association du chlorure de sodium et de potassium permet de maintenir l&#8217;\u00e9quilibre hydrique et \u00e9lectrolytique n\u00e9cessaire au<strong> bon fonctionnement digestif de l\u2019animal.<\/strong><\/p>\n<p><em>Les galets sont \u00e0 administrer lors de pr\u00e9sence de troubles digestifs, par voie orale en les faisant dissoudre dans l\u2019eau.<\/em><\/p>\n<p><strong>Caract\u00e9ristiques\u00a0 :<\/strong><\/p>\n<ul>\n<li>Aide \u00e0 soulager les troubles digestifs<\/li>\n<li>Facilit\u00e9 d\u2019utilisation<\/li>\n<li>Convient \u00e0 plusieurs esp\u00e8ces<\/li>\n<\/ul>\n","protected":false},"excerpt":{"rendered":"<p>Hydra Veau est un aliment compl\u00e9mentaire permettant de<strong> faciliter la digestion physiologique chez les veaux<\/strong>, mais \u00e9galement <strong>les agneaux, chevreaux et poulains.<\/strong><\/p>\n<p>Sa composition riche en hydrate de carbone<strong> contribue au bien-\u00eatre de l\u2019animal<\/strong> en lui apportant de l\u2019\u00e9nergie pour une r\u00e9cup\u00e9ration rapide.<\/p>\n<p>L\u2019association du chlorure de sodium et de potassium permet de maintenir l&#8217;\u00e9quilibre hydrique et \u00e9lectrolytique n\u00e9cessaire au<strong> bon fonctionnement digestif de l\u2019animal.<\/strong><\/p>\n<p><strong>Caract\u00e9ristiques\u00a0 :<\/strong><\/p>\n<ul>\n<li>Aide \u00e0 soulager les troubles digestifs<\/li>\n<li>Facilit\u00e9 d\u2019utilisation<\/li>\n<li>Convient \u00e0 plusieurs esp\u00e8ces<\/li>\n<\/ul>\n","protected":false},"featured_media":1443527,"template":"","meta":[],"product_cat":[6864,6870,6871,12547,14072,6873],"product_tag":[],"class_list":{"0":"post-1442393","1":"product","2":"type-product","3":"status-publish","4":"has-post-thumbnail","6":"product_cat-animaux-delevage","7":"product_cat-bovins","8":"product_cat-caprins","9":"product_cat-cheval","10":"product_cat-dietetique-et-complements-alimentaires-du-cheval","11":"product_cat-ovins","12":"pa_marque-vetalis","14":"first","15":"instock","16":"taxable","17":"shipping-taxable","18":"purchasable","19":"product-type-variable"},"yoast_head":"<!-- This site is optimized with the Yoast SEO plugin v27.3 - https:\/\/yoast.com\/product\/yoast-seo-wordpress\/ -->\n<title>Hydra Veau Effervescent Vetalis - V\u00e9torino<\/title>\n<meta name=\"description\" content=\"Hydra Veau est un aliment compl\u00e9mentaire permettant de faciliter la digestion physiologique chez les veaux, mais \u00e9galement les agneaux, chevreaux et poulains.  Sa composition riche en hydrate de carbone contribue au bien-\u00eatre de l\u2019animal en lui apportant de l\u2019\u00e9nergie pour une r\u00e9cup\u00e9ration rapide.  L\u2019association du chlorure de sodium et de potassium permet de maintenir l&#039;\u00e9quilibre hydrique et \u00e9lectrolytique n\u00e9cessaire au bon fonctionnement digestif de l\u2019animal.  Caract\u00e9ristiques\u00a0 :   Aide \u00e0 soulager les troubles digestifs  Facilit\u00e9 d\u2019utilisation  Convient \u00e0 plusieurs esp\u00e8ces\" \/>\n<meta name=\"robots\" content=\"noindex, nofollow\" \/>\n<meta property=\"og:locale\" content=\"fr_FR\" \/>\n<meta property=\"og:type\" content=\"article\" \/>\n<meta property=\"og:title\" content=\"Hydra Veau Effervescent Vetalis - V\u00e9torino\" \/>\n<meta property=\"og:description\" content=\"Hydra Veau est un aliment compl\u00e9mentaire permettant de faciliter la digestion physiologique chez les veaux, mais \u00e9galement les agneaux, chevreaux et poulains.  Sa composition riche en hydrate de carbone contribue au bien-\u00eatre de l\u2019animal en lui apportant de l\u2019\u00e9nergie pour une r\u00e9cup\u00e9ration rapide.  L\u2019association du chlorure de sodium et de potassium permet de maintenir l&#039;\u00e9quilibre hydrique et \u00e9lectrolytique n\u00e9cessaire au bon fonctionnement digestif de l\u2019animal.  Caract\u00e9ristiques\u00a0 :   Aide \u00e0 soulager les troubles digestifs  Facilit\u00e9 d\u2019utilisation  Convient \u00e0 plusieurs esp\u00e8ces\" \/>\n<meta property=\"og:url\" content=\"https:\/\/www.vetorino.com\/veterinaire\/plouzevede-29440\/boutique\/product\/hydra-veau-effervescent\/\" \/>\n<meta property=\"og:site_name\" content=\"V\u00e9torino\" \/>\n<meta property=\"article:publisher\" content=\"https:\/\/www.facebook.com\/Vetorino\/\" \/>\n<meta property=\"article:modified_time\" content=\"2025-08-07T08:36:33+00:00\" \/>\n<meta property=\"og:image\" content=\"https:\/\/www.vetorino.com\/boutique\/wp-content\/uploads\/2025\/08\/hydra_veau_1-1.webp\" \/>\n\t<meta property=\"og:image:width\" content=\"900\" \/>\n\t<meta property=\"og:image:height\" content=\"900\" \/>\n\t<meta property=\"og:image:type\" content=\"image\/webp\" \/>\n<meta name=\"twitter:card\" content=\"summary_large_image\" \/>\n<meta name=\"twitter:label1\" content=\"Disponibilit\u00e9\" \/>\n\t<meta name=\"twitter:data1\" content=\"En stock\" \/>\n<script type=\"application\/ld+json\" class=\"yoast-schema-graph\">{\"@context\":\"https:\\\/\\\/schema.org\",\"@graph\":[{\"@type\":\"WebPage\",\"@id\":\"https:\\\/\\\/www.vetorino.com\\\/boutique\\\/product\\\/hydra-veau-effervescent\\\/\",\"url\":\"https:\\\/\\\/www.vetorino.com\\\/boutique\\\/product\\\/hydra-veau-effervescent\\\/\",\"name\":\"Hydra Veau Effervescent Vetalis - V\u00e9torino\",\"isPartOf\":{\"@id\":\"https:\\\/\\\/www.vetorino.com\\\/boutique\\\/#website\"},\"primaryImageOfPage\":{\"@id\":\"https:\\\/\\\/www.vetorino.com\\\/boutique\\\/product\\\/hydra-veau-effervescent\\\/#primaryimage\"},\"image\":{\"@id\":\"https:\\\/\\\/www.vetorino.com\\\/boutique\\\/product\\\/hydra-veau-effervescent\\\/#primaryimage\"},\"thumbnailUrl\":\"https:\\\/\\\/www.vetorino.com\\\/boutique\\\/wp-content\\\/uploads\\\/2025\\\/08\\\/hydra_veau_1-1.webp\",\"datePublished\":\"2025-08-06T09:28:17+00:00\",\"dateModified\":\"2025-08-07T08:36:33+00:00\",\"description\":\"Hydra Veau est un aliment compl\u00e9mentaire permettant de faciliter la digestion physiologique chez les veaux, mais \u00e9galement les agneaux, chevreaux et poulains. Sa composition riche en hydrate de carbone contribue au bien-\u00eatre de l\u2019animal en lui apportant de l\u2019\u00e9nergie pour une r\u00e9cup\u00e9ration rapide. L\u2019association du chlorure de sodium et de potassium permet de maintenir l'\u00e9quilibre hydrique et \u00e9lectrolytique n\u00e9cessaire au bon fonctionnement digestif de l\u2019animal. Caract\u00e9ristiques\u00a0 : Aide \u00e0 soulager les troubles digestifs Facilit\u00e9 d\u2019utilisation Convient \u00e0 plusieurs esp\u00e8ces\",\"breadcrumb\":{\"@id\":\"https:\\\/\\\/www.vetorino.com\\\/boutique\\\/product\\\/hydra-veau-effervescent\\\/#breadcrumb\"},\"inLanguage\":\"fr-FR\",\"potentialAction\":[{\"@type\":\"ReadAction\",\"target\":[\"https:\\\/\\\/www.vetorino.com\\\/boutique\\\/product\\\/hydra-veau-effervescent\\\/\"]}]},{\"@type\":\"ImageObject\",\"inLanguage\":\"fr-FR\",\"@id\":\"https:\\\/\\\/www.vetorino.com\\\/boutique\\\/product\\\/hydra-veau-effervescent\\\/#primaryimage\",\"url\":\"https:\\\/\\\/www.vetorino.com\\\/boutique\\\/wp-content\\\/uploads\\\/2025\\\/08\\\/hydra_veau_1-1.webp\",\"contentUrl\":\"https:\\\/\\\/www.vetorino.com\\\/boutique\\\/wp-content\\\/uploads\\\/2025\\\/08\\\/hydra_veau_1-1.webp\",\"width\":900,\"height\":900},{\"@type\":\"BreadcrumbList\",\"@id\":\"https:\\\/\\\/www.vetorino.com\\\/boutique\\\/product\\\/hydra-veau-effervescent\\\/#breadcrumb\",\"itemListElement\":[{\"@type\":\"ListItem\",\"position\":1,\"name\":\"Accueil\",\"item\":\"https:\\\/\\\/www.vetorino.com\\\/boutique\\\/\"},{\"@type\":\"ListItem\",\"position\":2,\"name\":\"Produits\",\"item\":\"https:\\\/\\\/www.vetorino.com\\\/boutique\\\/\"},{\"@type\":\"ListItem\",\"position\":3,\"name\":\"Hydra Veau Effervescent\"}]},{\"@type\":\"WebSite\",\"@id\":\"https:\\\/\\\/www.vetorino.com\\\/boutique\\\/#website\",\"url\":\"https:\\\/\\\/www.vetorino.com\\\/boutique\\\/\",\"name\":\"V\u00e9torino\",\"description\":\"\",\"publisher\":{\"@id\":\"https:\\\/\\\/www.vetorino.com\\\/boutique\\\/#organization\"},\"potentialAction\":[{\"@type\":\"SearchAction\",\"target\":{\"@type\":\"EntryPoint\",\"urlTemplate\":\"https:\\\/\\\/www.vetorino.com\\\/boutique\\\/?s={search_term_string}\"},\"query-input\":{\"@type\":\"PropertyValueSpecification\",\"valueRequired\":true,\"valueName\":\"search_term_string\"}}],\"inLanguage\":\"fr-FR\"},{\"@type\":\"Organization\",\"@id\":\"https:\\\/\\\/www.vetorino.com\\\/boutique\\\/#organization\",\"name\":\"V\u00e9torino\",\"url\":\"https:\\\/\\\/www.vetorino.com\\\/boutique\\\/\",\"logo\":{\"@type\":\"ImageObject\",\"inLanguage\":\"fr-FR\",\"@id\":\"https:\\\/\\\/www.vetorino.com\\\/boutique\\\/#\\\/schema\\\/logo\\\/image\\\/\",\"url\":\"https:\\\/\\\/www.vetorino.com\\\/boutique\\\/wp-content\\\/uploads\\\/2024\\\/10\\\/logo.jpg\",\"contentUrl\":\"https:\\\/\\\/www.vetorino.com\\\/boutique\\\/wp-content\\\/uploads\\\/2024\\\/10\\\/logo.jpg\",\"width\":1200,\"height\":610,\"caption\":\"V\u00e9torino\"},\"image\":{\"@id\":\"https:\\\/\\\/www.vetorino.com\\\/boutique\\\/#\\\/schema\\\/logo\\\/image\\\/\"},\"sameAs\":[\"https:\\\/\\\/www.facebook.com\\\/Vetorino\\\/\",\"https:\\\/\\\/www.instagram.com\\\/vetorino_off\\\/\",\"https:\\\/\\\/www.linkedin.com\\\/company\\\/vtorino\\\/\"]}]}<\/script>\n<meta property=\"product:brand\" content=\"Vetalis\" \/>\n<meta property=\"og:availability\" content=\"instock\" \/>\n<meta property=\"product:availability\" content=\"instock\" \/>\n<meta property=\"product:condition\" content=\"new\" \/>\n<!-- \/ Yoast SEO plugin. -->","yoast_head_json":{"title":"Hydra Veau Effervescent Vetalis - V\u00e9torino","description":"Hydra Veau est un aliment compl\u00e9mentaire permettant de faciliter la digestion physiologique chez les veaux, mais \u00e9galement les agneaux, chevreaux et poulains.  Sa composition riche en hydrate de carbone contribue au bien-\u00eatre de l\u2019animal en lui apportant de l\u2019\u00e9nergie pour une r\u00e9cup\u00e9ration rapide.  L\u2019association du chlorure de sodium et de potassium permet de maintenir l'\u00e9quilibre hydrique et \u00e9lectrolytique n\u00e9cessaire au bon fonctionnement digestif de l\u2019animal.  Caract\u00e9ristiques\u00a0 :   Aide \u00e0 soulager les troubles digestifs  Facilit\u00e9 d\u2019utilisation  Convient \u00e0 plusieurs esp\u00e8ces","robots":{"index":"noindex","follow":"nofollow"},"og_locale":"fr_FR","og_type":"article","og_title":"Hydra Veau Effervescent Vetalis - V\u00e9torino","og_description":"Hydra Veau est un aliment compl\u00e9mentaire permettant de faciliter la digestion physiologique chez les veaux, mais \u00e9galement les agneaux, chevreaux et poulains.  Sa composition riche en hydrate de carbone contribue au bien-\u00eatre de l\u2019animal en lui apportant de l\u2019\u00e9nergie pour une r\u00e9cup\u00e9ration rapide.  L\u2019association du chlorure de sodium et de potassium permet de maintenir l'\u00e9quilibre hydrique et \u00e9lectrolytique n\u00e9cessaire au bon fonctionnement digestif de l\u2019animal.  Caract\u00e9ristiques\u00a0 :   Aide \u00e0 soulager les troubles digestifs  Facilit\u00e9 d\u2019utilisation  Convient \u00e0 plusieurs esp\u00e8ces","og_url":"https:\/\/www.vetorino.com\/veterinaire\/plouzevede-29440\/boutique\/product\/hydra-veau-effervescent\/","og_site_name":"V\u00e9torino","article_publisher":"https:\/\/www.facebook.com\/Vetorino\/","article_modified_time":"2025-08-07T08:36:33+00:00","og_image":[{"width":900,"height":900,"url":"https:\/\/www.vetorino.com\/boutique\/wp-content\/uploads\/2025\/08\/hydra_veau_1-1.webp","type":"image\/webp"}],"twitter_card":"summary_large_image","twitter_misc":{"Disponibilit\u00e9":"En stock"},"schema":{"@context":"https:\/\/schema.org","@graph":[{"@type":"WebPage","@id":"https:\/\/www.vetorino.com\/boutique\/product\/hydra-veau-effervescent\/","url":"https:\/\/www.vetorino.com\/boutique\/product\/hydra-veau-effervescent\/","name":"Hydra Veau Effervescent Vetalis - V\u00e9torino","isPartOf":{"@id":"https:\/\/www.vetorino.com\/boutique\/#website"},"primaryImageOfPage":{"@id":"https:\/\/www.vetorino.com\/boutique\/product\/hydra-veau-effervescent\/#primaryimage"},"image":{"@id":"https:\/\/www.vetorino.com\/boutique\/product\/hydra-veau-effervescent\/#primaryimage"},"thumbnailUrl":"https:\/\/www.vetorino.com\/boutique\/wp-content\/uploads\/2025\/08\/hydra_veau_1-1.webp","datePublished":"2025-08-06T09:28:17+00:00","dateModified":"2025-08-07T08:36:33+00:00","description":"Hydra Veau est un aliment compl\u00e9mentaire permettant de faciliter la digestion physiologique chez les veaux, mais \u00e9galement les agneaux, chevreaux et poulains. Sa composition riche en hydrate de carbone contribue au bien-\u00eatre de l\u2019animal en lui apportant de l\u2019\u00e9nergie pour une r\u00e9cup\u00e9ration rapide. L\u2019association du chlorure de sodium et de potassium permet de maintenir l'\u00e9quilibre hydrique et \u00e9lectrolytique n\u00e9cessaire au bon fonctionnement digestif de l\u2019animal. Caract\u00e9ristiques\u00a0 : Aide \u00e0 soulager les troubles digestifs Facilit\u00e9 d\u2019utilisation Convient \u00e0 plusieurs esp\u00e8ces","breadcrumb":{"@id":"https:\/\/www.vetorino.com\/boutique\/product\/hydra-veau-effervescent\/#breadcrumb"},"inLanguage":"fr-FR","potentialAction":[{"@type":"ReadAction","target":["https:\/\/www.vetorino.com\/boutique\/product\/hydra-veau-effervescent\/"]}]},{"@type":"ImageObject","inLanguage":"fr-FR","@id":"https:\/\/www.vetorino.com\/boutique\/product\/hydra-veau-effervescent\/#primaryimage","url":"https:\/\/www.vetorino.com\/boutique\/wp-content\/uploads\/2025\/08\/hydra_veau_1-1.webp","contentUrl":"https:\/\/www.vetorino.com\/boutique\/wp-content\/uploads\/2025\/08\/hydra_veau_1-1.webp","width":900,"height":900},{"@type":"BreadcrumbList","@id":"https:\/\/www.vetorino.com\/boutique\/product\/hydra-veau-effervescent\/#breadcrumb","itemListElement":[{"@type":"ListItem","position":1,"name":"Accueil","item":"https:\/\/www.vetorino.com\/boutique\/"},{"@type":"ListItem","position":2,"name":"Produits","item":"https:\/\/www.vetorino.com\/boutique\/"},{"@type":"ListItem","position":3,"name":"Hydra Veau Effervescent"}]},{"@type":"WebSite","@id":"https:\/\/www.vetorino.com\/boutique\/#website","url":"https:\/\/www.vetorino.com\/boutique\/","name":"V\u00e9torino","description":"","publisher":{"@id":"https:\/\/www.vetorino.com\/boutique\/#organization"},"potentialAction":[{"@type":"SearchAction","target":{"@type":"EntryPoint","urlTemplate":"https:\/\/www.vetorino.com\/boutique\/?s={search_term_string}"},"query-input":{"@type":"PropertyValueSpecification","valueRequired":true,"valueName":"search_term_string"}}],"inLanguage":"fr-FR"},{"@type":"Organization","@id":"https:\/\/www.vetorino.com\/boutique\/#organization","name":"V\u00e9torino","url":"https:\/\/www.vetorino.com\/boutique\/","logo":{"@type":"ImageObject","inLanguage":"fr-FR","@id":"https:\/\/www.vetorino.com\/boutique\/#\/schema\/logo\/image\/","url":"https:\/\/www.vetorino.com\/boutique\/wp-content\/uploads\/2024\/10\/logo.jpg","contentUrl":"https:\/\/www.vetorino.com\/boutique\/wp-content\/uploads\/2024\/10\/logo.jpg","width":1200,"height":610,"caption":"V\u00e9torino"},"image":{"@id":"https:\/\/www.vetorino.com\/boutique\/#\/schema\/logo\/image\/"},"sameAs":["https:\/\/www.facebook.com\/Vetorino\/","https:\/\/www.instagram.com\/vetorino_off\/","https:\/\/www.linkedin.com\/company\/vtorino\/"]}]},"product_brand":"Vetalis","og_availability":"instock","product_availability":"instock","product_condition":"new"},"_links":{"self":[{"href":"https:\/\/www.vetorino.com\/veterinaire\/plouzevede-29440\/boutique\/wp-json\/wp\/v2\/product\/1442393","targetHints":{"allow":["GET"]}}],"collection":[{"href":"https:\/\/www.vetorino.com\/veterinaire\/plouzevede-29440\/boutique\/wp-json\/wp\/v2\/product"}],"about":[{"href":"https:\/\/www.vetorino.com\/veterinaire\/plouzevede-29440\/boutique\/wp-json\/wp\/v2\/types\/product"}],"wp:featuredmedia":[{"embeddable":true,"href":"https:\/\/www.vetorino.com\/veterinaire\/plouzevede-29440\/boutique\/wp-json\/wp\/v2\/media\/1443527"}],"wp:attachment":[{"href":"https:\/\/www.vetorino.com\/veterinaire\/plouzevede-29440\/boutique\/wp-json\/wp\/v2\/media?parent=1442393"}],"wp:term":[{"taxonomy":"product_cat","embeddable":true,"href":"https:\/\/www.vetorino.com\/veterinaire\/plouzevede-29440\/boutique\/wp-json\/wp\/v2\/product_cat?post=1442393"},{"taxonomy":"product_tag","embeddable":true,"href":"https:\/\/www.vetorino.com\/veterinaire\/plouzevede-29440\/boutique\/wp-json\/wp\/v2\/product_tag?post=1442393"}],"curies":[{"name":"wp","href":"https:\/\/api.w.org\/{rel}","templated":true}]}}