{"id":1443796,"date":"2025-08-07T17:10:18","date_gmt":"2025-08-07T15:10:18","guid":{"rendered":"https:\/\/www.vetorino.com\/boutique\/product\/shampooing-solide-the-vert\/"},"modified":"2025-08-07T17:25:05","modified_gmt":"2025-08-07T15:25:05","slug":"shampooing-solide-the-vert","status":"publish","type":"product","link":"https:\/\/www.vetorino.com\/veterinaire\/plouzevede-29440\/boutique\/product\/shampooing-solide-the-vert\/","title":{"rendered":"Shampooing Solide \u2013 chien &amp; chat"},"content":{"rendered":"<div id=\"description-short-section\" class=\"lg:mb-8\">\n<div class=\"product-section-content hidden lg:block\">\n<p><strong>Shampooing physiologique pour chien et chat.<\/strong><\/p>\n<p><strong>Caract\u00e9ristiques :<\/strong><\/p>\n<ul>\n<li>\u00c0 base d&#8217;ingr\u00e9dients naturels.<\/li>\n<li>La formule est sp\u00e9cialement con\u00e7ue pour hydrater, adoucir et sans risques d&#8217;irritations pour la peau de votre animal.<\/li>\n<li>Le fort pouvoir hydratant des huiles d\u2019olive et de coco permet de r\u00e9duire les d\u00e9mangeaisons et la s\u00e9cheresse de la peau.<\/li>\n<li>Rend le poil brillant gr\u00e2ce \u00e0 l&#8217;huile de colza.<\/li>\n<li>Pour peau normale, sensible \u00e0 s\u00e8che : PH physiologique de la peau de l&#8217;animal.<\/li>\n<li>Parfum l\u00e9ger, doux et rafraichissant : \u00e0 l&#8217;extrait naturel de th\u00e9 vert.<\/li>\n<li>Rin\u00e7age obligatoire.<\/li>\n<\/ul>\n<p>&nbsp;<\/p>\n<\/div>\n<\/div>\n<div id=\"description-section\" class=\"lg:mb-8\"><\/div>\n","protected":false},"excerpt":{"rendered":"<div id=\"description-short-section\" class=\"lg:mb-8\">\n<div class=\"product-section-content hidden lg:block\">\n<p><strong>Shampooing physiologique pour chien et chat.<\/strong><\/p>\n<p><strong>Caract\u00e9ristiques :<\/strong><\/p>\n<ul>\n<li>\u00c0 base d&#8217;ingr\u00e9dients naturels.<\/li>\n<li>La formule est sp\u00e9cialement con\u00e7ue pour hydrater, adoucir et sans risques d&#8217;irritations pour la peau de votre animal.<\/li>\n<li>Le fort pouvoir hydratant des huiles d\u2019olive et de coco permet de r\u00e9duire les d\u00e9mangeaisons et la s\u00e9cheresse de la peau.<\/li>\n<li>Rend le poil brillant gr\u00e2ce \u00e0 l&#8217;huile de colza.<\/li>\n<li>Pour peau normale, sensible \u00e0 s\u00e8che : PH physiologique de la peau de l&#8217;animal.<\/li>\n<li>Parfum l\u00e9ger, doux et rafraichissant : \u00e0 l&#8217;extrait naturel de th\u00e9 vert.<\/li>\n<li>Rin\u00e7age obligatoire.<\/li>\n<\/ul>\n<p>&nbsp;<\/p>\n<\/div>\n<\/div>\n<div id=\"description-section\" class=\"lg:mb-8\"><\/div>\n","protected":false},"featured_media":1443798,"template":"","meta":[],"product_cat":[2697,2698,12611,12612,12560,12561],"product_tag":[],"class_list":{"0":"post-1443796","1":"product","2":"type-product","3":"status-publish","4":"has-post-thumbnail","6":"product_cat-chat","7":"product_cat-chien","8":"product_cat-hygiene-de-la-peau-et-du-pelage-du-chat","9":"product_cat-hygiene-de-la-peau-et-du-pelage-du-chien","10":"product_cat-hygiene-du-chat","11":"product_cat-hygiene-du-chien","12":"pa_marque-vetopop","14":"first","15":"outofstock","16":"taxable","17":"shipping-taxable","18":"purchasable","19":"product-type-simple"},"yoast_head":"<!-- This site is optimized with the Yoast SEO plugin v27.3 - https:\/\/yoast.com\/product\/yoast-seo-wordpress\/ -->\n<title>Shampooing Solide \u2013 chien &amp; chat V\u00e9topop - V\u00e9torino<\/title>\n<meta name=\"description\" content=\"Shampooing physiologique pour chien et chat.  Caract\u00e9ristiques :   \u00c0 base d&#039;ingr\u00e9dients naturels.  La formule est sp\u00e9cialement con\u00e7ue pour hydrater, adoucir et sans risques d&#039;irritations pour la peau de votre animal.  Le fort pouvoir hydratant des huiles d\u2019olive et de coco permet de r\u00e9duire les d\u00e9mangeaisons et la s\u00e9cheresse de la peau.  Rend le poil brillant gr\u00e2ce \u00e0 l&#039;huile de colza.  Pour peau normale, sensible \u00e0 s\u00e8che : PH physiologique de la peau de l&#039;animal.  Parfum l\u00e9ger, doux et rafraichissant : \u00e0 l&#039;extrait naturel de th\u00e9 vert.  Rin\u00e7age obligatoire.  &nbsp;\" \/>\n<meta name=\"robots\" content=\"noindex, nofollow\" \/>\n<meta property=\"og:locale\" content=\"fr_FR\" \/>\n<meta property=\"og:type\" content=\"article\" \/>\n<meta property=\"og:title\" content=\"Shampooing Solide \u2013 chien &amp; chat V\u00e9topop - V\u00e9torino\" \/>\n<meta property=\"og:description\" content=\"Shampooing physiologique pour chien et chat.  Caract\u00e9ristiques :   \u00c0 base d&#039;ingr\u00e9dients naturels.  La formule est sp\u00e9cialement con\u00e7ue pour hydrater, adoucir et sans risques d&#039;irritations pour la peau de votre animal.  Le fort pouvoir hydratant des huiles d\u2019olive et de coco permet de r\u00e9duire les d\u00e9mangeaisons et la s\u00e9cheresse de la peau.  Rend le poil brillant gr\u00e2ce \u00e0 l&#039;huile de colza.  Pour peau normale, sensible \u00e0 s\u00e8che : PH physiologique de la peau de l&#039;animal.  Parfum l\u00e9ger, doux et rafraichissant : \u00e0 l&#039;extrait naturel de th\u00e9 vert.  Rin\u00e7age obligatoire.  &nbsp;\" \/>\n<meta property=\"og:url\" content=\"https:\/\/www.vetorino.com\/veterinaire\/plouzevede-29440\/boutique\/product\/shampooing-solide-the-vert\/\" \/>\n<meta property=\"og:site_name\" content=\"V\u00e9torino\" \/>\n<meta property=\"article:publisher\" content=\"https:\/\/www.facebook.com\/Vetorino\/\" \/>\n<meta property=\"article:modified_time\" content=\"2025-08-07T15:25:05+00:00\" \/>\n<meta property=\"og:image\" content=\"https:\/\/www.vetorino.com\/boutique\/wp-content\/uploads\/2025\/08\/shampooing-solide.webp\" \/>\n\t<meta property=\"og:image:width\" content=\"800\" \/>\n\t<meta property=\"og:image:height\" content=\"800\" \/>\n\t<meta property=\"og:image:type\" content=\"image\/webp\" \/>\n<meta name=\"twitter:card\" content=\"summary_large_image\" \/>\n<meta name=\"twitter:label1\" content=\"Prix\" \/>\n\t<meta name=\"twitter:data1\" content=\"54,96&euro;\" \/>\n\t<meta name=\"twitter:label2\" content=\"Disponibilit\u00e9\" \/>\n\t<meta name=\"twitter:data2\" content=\"Rupture de stock\" \/>\n<script type=\"application\/ld+json\" class=\"yoast-schema-graph\">{\"@context\":\"https:\\\/\\\/schema.org\",\"@graph\":[{\"@type\":\"WebPage\",\"@id\":\"https:\\\/\\\/www.vetorino.com\\\/veterinaire\\\/pontarlier-25300\\\/boutique\\\/product\\\/shampooing-solide-the-vert\\\/\",\"url\":\"https:\\\/\\\/www.vetorino.com\\\/veterinaire\\\/pontarlier-25300\\\/boutique\\\/product\\\/shampooing-solide-the-vert\\\/\",\"name\":\"Shampooing Solide \u2013 chien &amp; chat V\u00e9topop - V\u00e9torino\",\"isPartOf\":{\"@id\":\"https:\\\/\\\/www.vetorino.com\\\/boutique\\\/#website\"},\"primaryImageOfPage\":{\"@id\":\"https:\\\/\\\/www.vetorino.com\\\/veterinaire\\\/pontarlier-25300\\\/boutique\\\/product\\\/shampooing-solide-the-vert\\\/#primaryimage\"},\"image\":{\"@id\":\"https:\\\/\\\/www.vetorino.com\\\/veterinaire\\\/pontarlier-25300\\\/boutique\\\/product\\\/shampooing-solide-the-vert\\\/#primaryimage\"},\"thumbnailUrl\":\"https:\\\/\\\/www.vetorino.com\\\/boutique\\\/wp-content\\\/uploads\\\/2025\\\/08\\\/shampooing-solide.webp\",\"datePublished\":\"2025-08-07T15:10:18+00:00\",\"dateModified\":\"2025-08-07T15:25:05+00:00\",\"description\":\"Shampooing physiologique pour chien et chat. Caract\u00e9ristiques : \u00c0 base d'ingr\u00e9dients naturels. La formule est sp\u00e9cialement con\u00e7ue pour hydrater, adoucir et sans risques d'irritations pour la peau de votre animal. Le fort pouvoir hydratant des huiles d\u2019olive et de coco permet de r\u00e9duire les d\u00e9mangeaisons et la s\u00e9cheresse de la peau. Rend le poil brillant gr\u00e2ce \u00e0 l'huile de colza. Pour peau normale, sensible \u00e0 s\u00e8che : PH physiologique de la peau de l'animal. Parfum l\u00e9ger, doux et rafraichissant : \u00e0 l'extrait naturel de th\u00e9 vert. Rin\u00e7age obligatoire. &nbsp;\",\"breadcrumb\":{\"@id\":\"https:\\\/\\\/www.vetorino.com\\\/veterinaire\\\/pontarlier-25300\\\/boutique\\\/product\\\/shampooing-solide-the-vert\\\/#breadcrumb\"},\"inLanguage\":\"fr-FR\",\"potentialAction\":[{\"@type\":\"ReadAction\",\"target\":[\"https:\\\/\\\/www.vetorino.com\\\/veterinaire\\\/pontarlier-25300\\\/boutique\\\/product\\\/shampooing-solide-the-vert\\\/\"]}]},{\"@type\":\"ImageObject\",\"inLanguage\":\"fr-FR\",\"@id\":\"https:\\\/\\\/www.vetorino.com\\\/veterinaire\\\/pontarlier-25300\\\/boutique\\\/product\\\/shampooing-solide-the-vert\\\/#primaryimage\",\"url\":\"https:\\\/\\\/www.vetorino.com\\\/boutique\\\/wp-content\\\/uploads\\\/2025\\\/08\\\/shampooing-solide.webp\",\"contentUrl\":\"https:\\\/\\\/www.vetorino.com\\\/boutique\\\/wp-content\\\/uploads\\\/2025\\\/08\\\/shampooing-solide.webp\",\"width\":800,\"height\":800},{\"@type\":\"BreadcrumbList\",\"@id\":\"https:\\\/\\\/www.vetorino.com\\\/veterinaire\\\/pontarlier-25300\\\/boutique\\\/product\\\/shampooing-solide-the-vert\\\/#breadcrumb\",\"itemListElement\":[{\"@type\":\"ListItem\",\"position\":1,\"name\":\"Accueil\",\"item\":\"https:\\\/\\\/www.vetorino.com\\\/boutique\\\/\"},{\"@type\":\"ListItem\",\"position\":2,\"name\":\"Produits\",\"item\":\"https:\\\/\\\/www.vetorino.com\\\/boutique\\\/\"},{\"@type\":\"ListItem\",\"position\":3,\"name\":\"Shampooing Solide \u2013 chien &amp; chat\"}]},{\"@type\":\"WebSite\",\"@id\":\"https:\\\/\\\/www.vetorino.com\\\/boutique\\\/#website\",\"url\":\"https:\\\/\\\/www.vetorino.com\\\/boutique\\\/\",\"name\":\"V\u00e9torino\",\"description\":\"\",\"publisher\":{\"@id\":\"https:\\\/\\\/www.vetorino.com\\\/boutique\\\/#organization\"},\"potentialAction\":[{\"@type\":\"SearchAction\",\"target\":{\"@type\":\"EntryPoint\",\"urlTemplate\":\"https:\\\/\\\/www.vetorino.com\\\/boutique\\\/?s={search_term_string}\"},\"query-input\":{\"@type\":\"PropertyValueSpecification\",\"valueRequired\":true,\"valueName\":\"search_term_string\"}}],\"inLanguage\":\"fr-FR\"},{\"@type\":\"Organization\",\"@id\":\"https:\\\/\\\/www.vetorino.com\\\/boutique\\\/#organization\",\"name\":\"V\u00e9torino\",\"url\":\"https:\\\/\\\/www.vetorino.com\\\/boutique\\\/\",\"logo\":{\"@type\":\"ImageObject\",\"inLanguage\":\"fr-FR\",\"@id\":\"https:\\\/\\\/www.vetorino.com\\\/boutique\\\/#\\\/schema\\\/logo\\\/image\\\/\",\"url\":\"https:\\\/\\\/www.vetorino.com\\\/boutique\\\/wp-content\\\/uploads\\\/2024\\\/10\\\/logo.jpg\",\"contentUrl\":\"https:\\\/\\\/www.vetorino.com\\\/boutique\\\/wp-content\\\/uploads\\\/2024\\\/10\\\/logo.jpg\",\"width\":1200,\"height\":610,\"caption\":\"V\u00e9torino\"},\"image\":{\"@id\":\"https:\\\/\\\/www.vetorino.com\\\/boutique\\\/#\\\/schema\\\/logo\\\/image\\\/\"},\"sameAs\":[\"https:\\\/\\\/www.facebook.com\\\/Vetorino\\\/\",\"https:\\\/\\\/www.instagram.com\\\/vetorino_off\\\/\",\"https:\\\/\\\/www.linkedin.com\\\/company\\\/vtorino\\\/\"]}]}<\/script>\n<meta property=\"product:brand\" content=\"V\u00e9topop\" \/>\n<meta property=\"product:price:amount\" content=\"54.96\" \/>\n<meta property=\"product:price:currency\" content=\"EUR\" \/>\n<meta property=\"og:availability\" content=\"out of stock\" \/>\n<meta property=\"product:availability\" content=\"out of stock\" \/>\n<meta property=\"product:retailer_item_id\" content=\"A-1157770\" \/>\n<meta property=\"product:condition\" content=\"new\" \/>\n<!-- \/ Yoast SEO plugin. -->","yoast_head_json":{"title":"Shampooing Solide \u2013 chien &amp; chat V\u00e9topop - V\u00e9torino","description":"Shampooing physiologique pour chien et chat.  Caract\u00e9ristiques :   \u00c0 base d'ingr\u00e9dients naturels.  La formule est sp\u00e9cialement con\u00e7ue pour hydrater, adoucir et sans risques d'irritations pour la peau de votre animal.  Le fort pouvoir hydratant des huiles d\u2019olive et de coco permet de r\u00e9duire les d\u00e9mangeaisons et la s\u00e9cheresse de la peau.  Rend le poil brillant gr\u00e2ce \u00e0 l'huile de colza.  Pour peau normale, sensible \u00e0 s\u00e8che : PH physiologique de la peau de l'animal.  Parfum l\u00e9ger, doux et rafraichissant : \u00e0 l'extrait naturel de th\u00e9 vert.  Rin\u00e7age obligatoire.  &nbsp;","robots":{"index":"noindex","follow":"nofollow"},"og_locale":"fr_FR","og_type":"article","og_title":"Shampooing Solide \u2013 chien &amp; chat V\u00e9topop - V\u00e9torino","og_description":"Shampooing physiologique pour chien et chat.  Caract\u00e9ristiques :   \u00c0 base d'ingr\u00e9dients naturels.  La formule est sp\u00e9cialement con\u00e7ue pour hydrater, adoucir et sans risques d'irritations pour la peau de votre animal.  Le fort pouvoir hydratant des huiles d\u2019olive et de coco permet de r\u00e9duire les d\u00e9mangeaisons et la s\u00e9cheresse de la peau.  Rend le poil brillant gr\u00e2ce \u00e0 l'huile de colza.  Pour peau normale, sensible \u00e0 s\u00e8che : PH physiologique de la peau de l'animal.  Parfum l\u00e9ger, doux et rafraichissant : \u00e0 l'extrait naturel de th\u00e9 vert.  Rin\u00e7age obligatoire.  &nbsp;","og_url":"https:\/\/www.vetorino.com\/veterinaire\/plouzevede-29440\/boutique\/product\/shampooing-solide-the-vert\/","og_site_name":"V\u00e9torino","article_publisher":"https:\/\/www.facebook.com\/Vetorino\/","article_modified_time":"2025-08-07T15:25:05+00:00","og_image":[{"width":800,"height":800,"url":"https:\/\/www.vetorino.com\/boutique\/wp-content\/uploads\/2025\/08\/shampooing-solide.webp","type":"image\/webp"}],"twitter_card":"summary_large_image","twitter_misc":{"Prix":"54,96&euro;","Disponibilit\u00e9":"Rupture de stock"},"schema":{"@context":"https:\/\/schema.org","@graph":[{"@type":"WebPage","@id":"https:\/\/www.vetorino.com\/veterinaire\/pontarlier-25300\/boutique\/product\/shampooing-solide-the-vert\/","url":"https:\/\/www.vetorino.com\/veterinaire\/pontarlier-25300\/boutique\/product\/shampooing-solide-the-vert\/","name":"Shampooing Solide \u2013 chien &amp; chat V\u00e9topop - V\u00e9torino","isPartOf":{"@id":"https:\/\/www.vetorino.com\/boutique\/#website"},"primaryImageOfPage":{"@id":"https:\/\/www.vetorino.com\/veterinaire\/pontarlier-25300\/boutique\/product\/shampooing-solide-the-vert\/#primaryimage"},"image":{"@id":"https:\/\/www.vetorino.com\/veterinaire\/pontarlier-25300\/boutique\/product\/shampooing-solide-the-vert\/#primaryimage"},"thumbnailUrl":"https:\/\/www.vetorino.com\/boutique\/wp-content\/uploads\/2025\/08\/shampooing-solide.webp","datePublished":"2025-08-07T15:10:18+00:00","dateModified":"2025-08-07T15:25:05+00:00","description":"Shampooing physiologique pour chien et chat. Caract\u00e9ristiques : \u00c0 base d'ingr\u00e9dients naturels. La formule est sp\u00e9cialement con\u00e7ue pour hydrater, adoucir et sans risques d'irritations pour la peau de votre animal. Le fort pouvoir hydratant des huiles d\u2019olive et de coco permet de r\u00e9duire les d\u00e9mangeaisons et la s\u00e9cheresse de la peau. Rend le poil brillant gr\u00e2ce \u00e0 l'huile de colza. Pour peau normale, sensible \u00e0 s\u00e8che : PH physiologique de la peau de l'animal. Parfum l\u00e9ger, doux et rafraichissant : \u00e0 l'extrait naturel de th\u00e9 vert. Rin\u00e7age obligatoire. &nbsp;","breadcrumb":{"@id":"https:\/\/www.vetorino.com\/veterinaire\/pontarlier-25300\/boutique\/product\/shampooing-solide-the-vert\/#breadcrumb"},"inLanguage":"fr-FR","potentialAction":[{"@type":"ReadAction","target":["https:\/\/www.vetorino.com\/veterinaire\/pontarlier-25300\/boutique\/product\/shampooing-solide-the-vert\/"]}]},{"@type":"ImageObject","inLanguage":"fr-FR","@id":"https:\/\/www.vetorino.com\/veterinaire\/pontarlier-25300\/boutique\/product\/shampooing-solide-the-vert\/#primaryimage","url":"https:\/\/www.vetorino.com\/boutique\/wp-content\/uploads\/2025\/08\/shampooing-solide.webp","contentUrl":"https:\/\/www.vetorino.com\/boutique\/wp-content\/uploads\/2025\/08\/shampooing-solide.webp","width":800,"height":800},{"@type":"BreadcrumbList","@id":"https:\/\/www.vetorino.com\/veterinaire\/pontarlier-25300\/boutique\/product\/shampooing-solide-the-vert\/#breadcrumb","itemListElement":[{"@type":"ListItem","position":1,"name":"Accueil","item":"https:\/\/www.vetorino.com\/boutique\/"},{"@type":"ListItem","position":2,"name":"Produits","item":"https:\/\/www.vetorino.com\/boutique\/"},{"@type":"ListItem","position":3,"name":"Shampooing Solide \u2013 chien &amp; chat"}]},{"@type":"WebSite","@id":"https:\/\/www.vetorino.com\/boutique\/#website","url":"https:\/\/www.vetorino.com\/boutique\/","name":"V\u00e9torino","description":"","publisher":{"@id":"https:\/\/www.vetorino.com\/boutique\/#organization"},"potentialAction":[{"@type":"SearchAction","target":{"@type":"EntryPoint","urlTemplate":"https:\/\/www.vetorino.com\/boutique\/?s={search_term_string}"},"query-input":{"@type":"PropertyValueSpecification","valueRequired":true,"valueName":"search_term_string"}}],"inLanguage":"fr-FR"},{"@type":"Organization","@id":"https:\/\/www.vetorino.com\/boutique\/#organization","name":"V\u00e9torino","url":"https:\/\/www.vetorino.com\/boutique\/","logo":{"@type":"ImageObject","inLanguage":"fr-FR","@id":"https:\/\/www.vetorino.com\/boutique\/#\/schema\/logo\/image\/","url":"https:\/\/www.vetorino.com\/boutique\/wp-content\/uploads\/2024\/10\/logo.jpg","contentUrl":"https:\/\/www.vetorino.com\/boutique\/wp-content\/uploads\/2024\/10\/logo.jpg","width":1200,"height":610,"caption":"V\u00e9torino"},"image":{"@id":"https:\/\/www.vetorino.com\/boutique\/#\/schema\/logo\/image\/"},"sameAs":["https:\/\/www.facebook.com\/Vetorino\/","https:\/\/www.instagram.com\/vetorino_off\/","https:\/\/www.linkedin.com\/company\/vtorino\/"]}]},"product_brand":"V\u00e9topop","product_price_amount":"54.96","product_price_currency":"EUR","og_availability":"out of stock","product_availability":"out of stock","product_retailer_item_id":"A-1157770","product_condition":"new"},"_links":{"self":[{"href":"https:\/\/www.vetorino.com\/veterinaire\/plouzevede-29440\/boutique\/wp-json\/wp\/v2\/product\/1443796","targetHints":{"allow":["GET"]}}],"collection":[{"href":"https:\/\/www.vetorino.com\/veterinaire\/plouzevede-29440\/boutique\/wp-json\/wp\/v2\/product"}],"about":[{"href":"https:\/\/www.vetorino.com\/veterinaire\/plouzevede-29440\/boutique\/wp-json\/wp\/v2\/types\/product"}],"wp:featuredmedia":[{"embeddable":true,"href":"https:\/\/www.vetorino.com\/veterinaire\/plouzevede-29440\/boutique\/wp-json\/wp\/v2\/media\/1443798"}],"wp:attachment":[{"href":"https:\/\/www.vetorino.com\/veterinaire\/plouzevede-29440\/boutique\/wp-json\/wp\/v2\/media?parent=1443796"}],"wp:term":[{"taxonomy":"product_cat","embeddable":true,"href":"https:\/\/www.vetorino.com\/veterinaire\/plouzevede-29440\/boutique\/wp-json\/wp\/v2\/product_cat?post=1443796"},{"taxonomy":"product_tag","embeddable":true,"href":"https:\/\/www.vetorino.com\/veterinaire\/plouzevede-29440\/boutique\/wp-json\/wp\/v2\/product_tag?post=1443796"}],"curies":[{"name":"wp","href":"https:\/\/api.w.org\/{rel}","templated":true}]}}