{"id":1487021,"date":"2025-09-12T05:35:04","date_gmt":"2025-09-12T03:35:04","guid":{"rendered":"https:\/\/www.vetorino.com\/boutique\/product\/canine-mature-small-mini-mousse-boeuf\/"},"modified":"2025-09-30T11:31:06","modified_gmt":"2025-09-30T09:31:06","slug":"canine-mature-small-mini-mousse-boeuf","status":"publish","type":"product","link":"https:\/\/www.vetorino.com\/veterinaire\/plouzevede-29440\/boutique\/product\/canine-mature-small-mini-mousse-boeuf\/","title":{"rendered":"Chien Mature Adult 7+ Small &amp; Mini Boeuf"},"content":{"rendered":"<p>Hill\u2019s Science Plan Small &amp; Mini &#8211; Mousse pour Chien Mature &#8211; Petites et Tr\u00e8s Petites Races au B\u0153uf est un <strong>aliment complet pour les chiens adultes matures de petite taille \u00e2g\u00e9s de 7 ans et plus. <\/strong><\/p>\n<p>Il s\u2019agit d\u2019une <strong>alimentation<\/strong> <strong>adapt\u00e9e aux besoins uniques de votre petit chien<\/strong> afin de l\u2019accompagner en douceur au fil des ans.<\/p>\n<p>Mousse fondante qui leur apporte l\u2019\u00e9nergie dont ils ont besoin gr\u00e2ce \u00e0 la bonne combinaison de prot\u00e9ines, de mati\u00e8res grasses et de glucides.<\/p>\n<p><strong>Renforce le syst\u00e8me immunitaire<\/strong> gr\u00e2ce \u00e0 un puissant m\u00e9lange d\u2019antioxydants.<\/p>\n<p><strong>Favorise une digestion saine<\/strong> gr\u00e2ce \u00e0 des ingr\u00e9dients faciles \u00e0 dig\u00e9rer.<\/p>\n","protected":false},"excerpt":{"rendered":"<p><strong>Mousse fondante<\/strong> et savoureuse au b\u0153uf <strong>pour les chiens adultes matures de petite taille. <\/strong><\/p>\n<p><strong>Renforce le syst\u00e8me immunitaire<\/strong> et<strong> favorise la digestion. <\/strong><\/p>\n<p>Formul\u00e9e avec la bonne combinaison de prot\u00e9ines, de mati\u00e8res grasses et de glucides pour leur donner l\u2019<strong>\u00e9nergie dont ils ont besoin.<\/strong><\/p>\n","protected":false},"featured_media":1338686,"template":"","meta":[],"product_cat":[12552,12584,2698],"product_tag":[],"class_list":{"0":"post-1487021","1":"product","2":"type-product","3":"status-publish","4":"has-post-thumbnail","6":"product_cat-alimentation-du-chien","7":"product_cat-alimentation-premium-pour-chien","8":"product_cat-chien","9":"pa_marque-hills-pet-nutrition","11":"first","12":"instock","13":"taxable","14":"shipping-taxable","15":"purchasable","16":"product-type-simple"},"yoast_head":"<!-- This site is optimized with the Yoast SEO plugin v27.3 - https:\/\/yoast.com\/product\/yoast-seo-wordpress\/ -->\n<title>Science Plan (Hill&#039;s) Chien Mature Adult 7+ Small &amp; Mini Boeuf Hill&#039;s - V\u00e9torino<\/title>\n<meta name=\"description\" content=\"Mousse fondante et savoureuse au b\u0153uf pour les chiens adultes matures de petite taille.   Renforce le syst\u00e8me immunitaire et favorise la digestion.   Formul\u00e9e avec la bonne combinaison de prot\u00e9ines, de mati\u00e8res grasses et de glucides pour leur donner l\u2019\u00e9nergie dont ils ont besoin.\" \/>\n<meta name=\"robots\" content=\"noindex, nofollow\" \/>\n<meta property=\"og:locale\" content=\"fr_FR\" \/>\n<meta property=\"og:type\" content=\"article\" \/>\n<meta property=\"og:title\" content=\"Science Plan (Hill&#039;s) Chien Mature Adult 7+ Small &amp; Mini Boeuf Hill&#039;s - V\u00e9torino\" \/>\n<meta property=\"og:description\" content=\"Mousse fondante et savoureuse au b\u0153uf pour les chiens adultes matures de petite taille.   Renforce le syst\u00e8me immunitaire et favorise la digestion.   Formul\u00e9e avec la bonne combinaison de prot\u00e9ines, de mati\u00e8res grasses et de glucides pour leur donner l\u2019\u00e9nergie dont ils ont besoin.\" \/>\n<meta property=\"og:url\" content=\"https:\/\/www.vetorino.com\/veterinaire\/plouzevede-29440\/boutique\/product\/canine-mature-small-mini-mousse-boeuf\/\" \/>\n<meta property=\"og:site_name\" content=\"V\u00e9torino\" \/>\n<meta property=\"article:publisher\" content=\"https:\/\/www.facebook.com\/Vetorino\/\" \/>\n<meta property=\"article:modified_time\" content=\"2025-09-30T09:31:06+00:00\" \/>\n<meta property=\"og:image\" content=\"https:\/\/www.vetorino.com\/boutique\/wp-content\/uploads\/2025\/05\/Chien-Mature-Adult-Small-Mini-Boeuf-Mousse.jpg\" \/>\n\t<meta property=\"og:image:width\" content=\"1000\" \/>\n\t<meta property=\"og:image:height\" content=\"1000\" \/>\n\t<meta property=\"og:image:type\" content=\"image\/jpeg\" \/>\n<meta name=\"twitter:card\" content=\"summary_large_image\" \/>\n<meta name=\"twitter:label1\" content=\"Prix\" \/>\n\t<meta name=\"twitter:data1\" content=\"28,12&euro;\" \/>\n\t<meta name=\"twitter:label2\" content=\"Disponibilit\u00e9\" \/>\n\t<meta name=\"twitter:data2\" content=\"En stock\" \/>\n<script type=\"application\/ld+json\" class=\"yoast-schema-graph\">{\"@context\":\"https:\\\/\\\/schema.org\",\"@graph\":[{\"@type\":\"WebPage\",\"@id\":\"https:\\\/\\\/www.vetorino.com\\\/veterinaire\\\/briancon-05100\\\/boutique\\\/product\\\/canine-mature-small-mini-mousse-boeuf\\\/\",\"url\":\"https:\\\/\\\/www.vetorino.com\\\/veterinaire\\\/briancon-05100\\\/boutique\\\/product\\\/canine-mature-small-mini-mousse-boeuf\\\/\",\"name\":\"Science Plan (Hill's) Chien Mature Adult 7+ Small &amp; Mini Boeuf Hill's - V\u00e9torino\",\"isPartOf\":{\"@id\":\"https:\\\/\\\/www.vetorino.com\\\/boutique\\\/#website\"},\"primaryImageOfPage\":{\"@id\":\"https:\\\/\\\/www.vetorino.com\\\/veterinaire\\\/briancon-05100\\\/boutique\\\/product\\\/canine-mature-small-mini-mousse-boeuf\\\/#primaryimage\"},\"image\":{\"@id\":\"https:\\\/\\\/www.vetorino.com\\\/veterinaire\\\/briancon-05100\\\/boutique\\\/product\\\/canine-mature-small-mini-mousse-boeuf\\\/#primaryimage\"},\"thumbnailUrl\":\"https:\\\/\\\/www.vetorino.com\\\/boutique\\\/wp-content\\\/uploads\\\/2025\\\/05\\\/Chien-Mature-Adult-Small-Mini-Boeuf-Mousse.jpg\",\"datePublished\":\"2025-09-12T03:35:04+00:00\",\"dateModified\":\"2025-09-30T09:31:06+00:00\",\"description\":\"Mousse fondante et savoureuse au b\u0153uf pour les chiens adultes matures de petite taille. Renforce le syst\u00e8me immunitaire et favorise la digestion. Formul\u00e9e avec la bonne combinaison de prot\u00e9ines, de mati\u00e8res grasses et de glucides pour leur donner l\u2019\u00e9nergie dont ils ont besoin.\",\"breadcrumb\":{\"@id\":\"https:\\\/\\\/www.vetorino.com\\\/veterinaire\\\/briancon-05100\\\/boutique\\\/product\\\/canine-mature-small-mini-mousse-boeuf\\\/#breadcrumb\"},\"inLanguage\":\"fr-FR\",\"potentialAction\":[{\"@type\":\"ReadAction\",\"target\":[\"https:\\\/\\\/www.vetorino.com\\\/veterinaire\\\/briancon-05100\\\/boutique\\\/product\\\/canine-mature-small-mini-mousse-boeuf\\\/\"]}]},{\"@type\":\"ImageObject\",\"inLanguage\":\"fr-FR\",\"@id\":\"https:\\\/\\\/www.vetorino.com\\\/veterinaire\\\/briancon-05100\\\/boutique\\\/product\\\/canine-mature-small-mini-mousse-boeuf\\\/#primaryimage\",\"url\":\"https:\\\/\\\/www.vetorino.com\\\/boutique\\\/wp-content\\\/uploads\\\/2025\\\/05\\\/Chien-Mature-Adult-Small-Mini-Boeuf-Mousse.jpg\",\"contentUrl\":\"https:\\\/\\\/www.vetorino.com\\\/boutique\\\/wp-content\\\/uploads\\\/2025\\\/05\\\/Chien-Mature-Adult-Small-Mini-Boeuf-Mousse.jpg\",\"width\":1000,\"height\":1000},{\"@type\":\"BreadcrumbList\",\"@id\":\"https:\\\/\\\/www.vetorino.com\\\/veterinaire\\\/briancon-05100\\\/boutique\\\/product\\\/canine-mature-small-mini-mousse-boeuf\\\/#breadcrumb\",\"itemListElement\":[{\"@type\":\"ListItem\",\"position\":1,\"name\":\"Accueil\",\"item\":\"https:\\\/\\\/www.vetorino.com\\\/boutique\\\/\"},{\"@type\":\"ListItem\",\"position\":2,\"name\":\"Produits\",\"item\":\"https:\\\/\\\/www.vetorino.com\\\/boutique\\\/\"},{\"@type\":\"ListItem\",\"position\":3,\"name\":\"Chien Mature Adult 7+ Small &amp; Mini Boeuf\"}]},{\"@type\":\"WebSite\",\"@id\":\"https:\\\/\\\/www.vetorino.com\\\/boutique\\\/#website\",\"url\":\"https:\\\/\\\/www.vetorino.com\\\/boutique\\\/\",\"name\":\"V\u00e9torino\",\"description\":\"\",\"publisher\":{\"@id\":\"https:\\\/\\\/www.vetorino.com\\\/boutique\\\/#organization\"},\"potentialAction\":[{\"@type\":\"SearchAction\",\"target\":{\"@type\":\"EntryPoint\",\"urlTemplate\":\"https:\\\/\\\/www.vetorino.com\\\/boutique\\\/?s={search_term_string}\"},\"query-input\":{\"@type\":\"PropertyValueSpecification\",\"valueRequired\":true,\"valueName\":\"search_term_string\"}}],\"inLanguage\":\"fr-FR\"},{\"@type\":\"Organization\",\"@id\":\"https:\\\/\\\/www.vetorino.com\\\/boutique\\\/#organization\",\"name\":\"V\u00e9torino\",\"url\":\"https:\\\/\\\/www.vetorino.com\\\/boutique\\\/\",\"logo\":{\"@type\":\"ImageObject\",\"inLanguage\":\"fr-FR\",\"@id\":\"https:\\\/\\\/www.vetorino.com\\\/boutique\\\/#\\\/schema\\\/logo\\\/image\\\/\",\"url\":\"https:\\\/\\\/www.vetorino.com\\\/boutique\\\/wp-content\\\/uploads\\\/2024\\\/10\\\/logo.jpg\",\"contentUrl\":\"https:\\\/\\\/www.vetorino.com\\\/boutique\\\/wp-content\\\/uploads\\\/2024\\\/10\\\/logo.jpg\",\"width\":1200,\"height\":610,\"caption\":\"V\u00e9torino\"},\"image\":{\"@id\":\"https:\\\/\\\/www.vetorino.com\\\/boutique\\\/#\\\/schema\\\/logo\\\/image\\\/\"},\"sameAs\":[\"https:\\\/\\\/www.facebook.com\\\/Vetorino\\\/\",\"https:\\\/\\\/www.instagram.com\\\/vetorino_off\\\/\",\"https:\\\/\\\/www.linkedin.com\\\/company\\\/vtorino\\\/\"]}]}<\/script>\n<meta property=\"product:brand\" content=\"Hill&#039;s\" \/>\n<meta property=\"product:price:amount\" content=\"28.12\" \/>\n<meta property=\"product:price:currency\" content=\"EUR\" \/>\n<meta property=\"og:availability\" content=\"instock\" \/>\n<meta property=\"product:availability\" content=\"instock\" \/>\n<meta property=\"product:retailer_item_id\" content=\"A-1879580\" \/>\n<meta property=\"product:condition\" content=\"new\" \/>\n<!-- \/ Yoast SEO plugin. -->","yoast_head_json":{"title":"Science Plan (Hill's) Chien Mature Adult 7+ Small &amp; Mini Boeuf Hill's - V\u00e9torino","description":"Mousse fondante et savoureuse au b\u0153uf pour les chiens adultes matures de petite taille.   Renforce le syst\u00e8me immunitaire et favorise la digestion.   Formul\u00e9e avec la bonne combinaison de prot\u00e9ines, de mati\u00e8res grasses et de glucides pour leur donner l\u2019\u00e9nergie dont ils ont besoin.","robots":{"index":"noindex","follow":"nofollow"},"og_locale":"fr_FR","og_type":"article","og_title":"Science Plan (Hill's) Chien Mature Adult 7+ Small &amp; Mini Boeuf Hill's - V\u00e9torino","og_description":"Mousse fondante et savoureuse au b\u0153uf pour les chiens adultes matures de petite taille.   Renforce le syst\u00e8me immunitaire et favorise la digestion.   Formul\u00e9e avec la bonne combinaison de prot\u00e9ines, de mati\u00e8res grasses et de glucides pour leur donner l\u2019\u00e9nergie dont ils ont besoin.","og_url":"https:\/\/www.vetorino.com\/veterinaire\/plouzevede-29440\/boutique\/product\/canine-mature-small-mini-mousse-boeuf\/","og_site_name":"V\u00e9torino","article_publisher":"https:\/\/www.facebook.com\/Vetorino\/","article_modified_time":"2025-09-30T09:31:06+00:00","og_image":[{"width":1000,"height":1000,"url":"https:\/\/www.vetorino.com\/boutique\/wp-content\/uploads\/2025\/05\/Chien-Mature-Adult-Small-Mini-Boeuf-Mousse.jpg","type":"image\/jpeg"}],"twitter_card":"summary_large_image","twitter_misc":{"Prix":"28,12&euro;","Disponibilit\u00e9":"En stock"},"schema":{"@context":"https:\/\/schema.org","@graph":[{"@type":"WebPage","@id":"https:\/\/www.vetorino.com\/veterinaire\/briancon-05100\/boutique\/product\/canine-mature-small-mini-mousse-boeuf\/","url":"https:\/\/www.vetorino.com\/veterinaire\/briancon-05100\/boutique\/product\/canine-mature-small-mini-mousse-boeuf\/","name":"Science Plan (Hill's) Chien Mature Adult 7+ Small &amp; Mini Boeuf Hill's - V\u00e9torino","isPartOf":{"@id":"https:\/\/www.vetorino.com\/boutique\/#website"},"primaryImageOfPage":{"@id":"https:\/\/www.vetorino.com\/veterinaire\/briancon-05100\/boutique\/product\/canine-mature-small-mini-mousse-boeuf\/#primaryimage"},"image":{"@id":"https:\/\/www.vetorino.com\/veterinaire\/briancon-05100\/boutique\/product\/canine-mature-small-mini-mousse-boeuf\/#primaryimage"},"thumbnailUrl":"https:\/\/www.vetorino.com\/boutique\/wp-content\/uploads\/2025\/05\/Chien-Mature-Adult-Small-Mini-Boeuf-Mousse.jpg","datePublished":"2025-09-12T03:35:04+00:00","dateModified":"2025-09-30T09:31:06+00:00","description":"Mousse fondante et savoureuse au b\u0153uf pour les chiens adultes matures de petite taille. Renforce le syst\u00e8me immunitaire et favorise la digestion. Formul\u00e9e avec la bonne combinaison de prot\u00e9ines, de mati\u00e8res grasses et de glucides pour leur donner l\u2019\u00e9nergie dont ils ont besoin.","breadcrumb":{"@id":"https:\/\/www.vetorino.com\/veterinaire\/briancon-05100\/boutique\/product\/canine-mature-small-mini-mousse-boeuf\/#breadcrumb"},"inLanguage":"fr-FR","potentialAction":[{"@type":"ReadAction","target":["https:\/\/www.vetorino.com\/veterinaire\/briancon-05100\/boutique\/product\/canine-mature-small-mini-mousse-boeuf\/"]}]},{"@type":"ImageObject","inLanguage":"fr-FR","@id":"https:\/\/www.vetorino.com\/veterinaire\/briancon-05100\/boutique\/product\/canine-mature-small-mini-mousse-boeuf\/#primaryimage","url":"https:\/\/www.vetorino.com\/boutique\/wp-content\/uploads\/2025\/05\/Chien-Mature-Adult-Small-Mini-Boeuf-Mousse.jpg","contentUrl":"https:\/\/www.vetorino.com\/boutique\/wp-content\/uploads\/2025\/05\/Chien-Mature-Adult-Small-Mini-Boeuf-Mousse.jpg","width":1000,"height":1000},{"@type":"BreadcrumbList","@id":"https:\/\/www.vetorino.com\/veterinaire\/briancon-05100\/boutique\/product\/canine-mature-small-mini-mousse-boeuf\/#breadcrumb","itemListElement":[{"@type":"ListItem","position":1,"name":"Accueil","item":"https:\/\/www.vetorino.com\/boutique\/"},{"@type":"ListItem","position":2,"name":"Produits","item":"https:\/\/www.vetorino.com\/boutique\/"},{"@type":"ListItem","position":3,"name":"Chien Mature Adult 7+ Small &amp; Mini Boeuf"}]},{"@type":"WebSite","@id":"https:\/\/www.vetorino.com\/boutique\/#website","url":"https:\/\/www.vetorino.com\/boutique\/","name":"V\u00e9torino","description":"","publisher":{"@id":"https:\/\/www.vetorino.com\/boutique\/#organization"},"potentialAction":[{"@type":"SearchAction","target":{"@type":"EntryPoint","urlTemplate":"https:\/\/www.vetorino.com\/boutique\/?s={search_term_string}"},"query-input":{"@type":"PropertyValueSpecification","valueRequired":true,"valueName":"search_term_string"}}],"inLanguage":"fr-FR"},{"@type":"Organization","@id":"https:\/\/www.vetorino.com\/boutique\/#organization","name":"V\u00e9torino","url":"https:\/\/www.vetorino.com\/boutique\/","logo":{"@type":"ImageObject","inLanguage":"fr-FR","@id":"https:\/\/www.vetorino.com\/boutique\/#\/schema\/logo\/image\/","url":"https:\/\/www.vetorino.com\/boutique\/wp-content\/uploads\/2024\/10\/logo.jpg","contentUrl":"https:\/\/www.vetorino.com\/boutique\/wp-content\/uploads\/2024\/10\/logo.jpg","width":1200,"height":610,"caption":"V\u00e9torino"},"image":{"@id":"https:\/\/www.vetorino.com\/boutique\/#\/schema\/logo\/image\/"},"sameAs":["https:\/\/www.facebook.com\/Vetorino\/","https:\/\/www.instagram.com\/vetorino_off\/","https:\/\/www.linkedin.com\/company\/vtorino\/"]}]},"product_brand":"Hill's","product_price_amount":"28.12","product_price_currency":"EUR","og_availability":"instock","product_availability":"instock","product_retailer_item_id":"A-1879580","product_condition":"new"},"_links":{"self":[{"href":"https:\/\/www.vetorino.com\/veterinaire\/plouzevede-29440\/boutique\/wp-json\/wp\/v2\/product\/1487021","targetHints":{"allow":["GET"]}}],"collection":[{"href":"https:\/\/www.vetorino.com\/veterinaire\/plouzevede-29440\/boutique\/wp-json\/wp\/v2\/product"}],"about":[{"href":"https:\/\/www.vetorino.com\/veterinaire\/plouzevede-29440\/boutique\/wp-json\/wp\/v2\/types\/product"}],"wp:featuredmedia":[{"embeddable":true,"href":"https:\/\/www.vetorino.com\/veterinaire\/plouzevede-29440\/boutique\/wp-json\/wp\/v2\/media\/1338686"}],"wp:attachment":[{"href":"https:\/\/www.vetorino.com\/veterinaire\/plouzevede-29440\/boutique\/wp-json\/wp\/v2\/media?parent=1487021"}],"wp:term":[{"taxonomy":"product_cat","embeddable":true,"href":"https:\/\/www.vetorino.com\/veterinaire\/plouzevede-29440\/boutique\/wp-json\/wp\/v2\/product_cat?post=1487021"},{"taxonomy":"product_tag","embeddable":true,"href":"https:\/\/www.vetorino.com\/veterinaire\/plouzevede-29440\/boutique\/wp-json\/wp\/v2\/product_tag?post=1487021"}],"curies":[{"name":"wp","href":"https:\/\/api.w.org\/{rel}","templated":true}]}}